{"id":29023,"date":"2017-09-05T14:11:43","date_gmt":"2017-09-05T14:11:43","guid":{"rendered":"https:\/\/www.urlaubcornwall.de\/blog\/?page_id=29023"},"modified":"2024-04-12T10:25:27","modified_gmt":"2024-04-12T10:25:27","slug":"bei-uns-finden-sie-hotels-dover-mit-hund-zum-verlieben-einfach-ist-das","status":"publish","type":"page","link":"https:\/\/www.urlaubcornwall.de\/blog\/bei-uns-finden-sie-hotels-dover-mit-hund-zum-verlieben-einfach-ist-das\/","title":{"rendered":"Besten Hotels in Dover mit Hund zum Verlieben!"},"content":{"rendered":"<p><img loading=\"lazy\" class=\"aligncenter size-full wp-image-47867\" src=\"https:\/\/www.urlaubcornwall.de\/blog\/wp-content\/uploads\/2024\/03\/dover.jpg\" alt=\"dover\" width=\"750\" height=\"500\" srcset=\"https:\/\/www.urlaubcornwall.de\/blog\/wp-content\/uploads\/2024\/03\/dover.jpg 750w, https:\/\/www.urlaubcornwall.de\/blog\/wp-content\/uploads\/2024\/03\/dover-300x200.jpg 300w\" sizes=\"(max-width: 750px) 100vw, 750px\" \/><\/p>\n<h1 style=\"text-align: left;\"><strong>Die Besten Hundefreundliche Hotels in Dover.<br \/>\n<\/strong><\/h1>\n<p style=\"text-align: left;\">Mit dem Hund in den Urlaub zu fahren ist immer ein sch\u00f6nes Erlebnis, aber in S\u00fcdengland mit seinen herrlichen Landschaften und K\u00fcste ist ein Urlaub mit dem vierbeinigen Freund einfach traumhaft.<\/p>\n<p>Dover ist seit mehr als 2000 Jahren Englands Haupthafen zur \u00dcberquerung des Kanals und das beliebteste Reiseziel f\u00fcr F\u00e4hren aus Europa. Die Burg Dover, eine der ikonischsten Burgen Englands wurde erbaut, um \u201cdas Tor Englands\u201d im Mittelalter zu bewachen&#8230;..<a href=\"https:\/\/www.urlaubcornwall.de\/blog\/dover-kent-unterkunft-sehenswuerdigkeiten-und-geschichte\/\">[Mehr]<\/a><\/p>\n<p style=\"text-align: center;\"><a class=\"tidycta\" href=\"https:\/\/www.booking.com\/searchresults.html?city=-2594561&amp;aid=1320750&amp;no_rooms=1&amp;group_adults=2&amp;room1=A%2CA\" rel=\"nofollow\">Suche Hotels Dover &gt;<\/a><\/p>\n<p style=\"text-align: center;\"><strong><span id=\"result_box\" class=\"short_text\" lang=\"de\"><span class=\"\">St\u00e4dte in der N\u00e4he<\/span><\/span><\/strong><\/p>\n<p style=\"text-align: center;\"><a href=\"https:\/\/www.urlaubcornwall.de\/blog\/bei-uns-finden-sie-hotels-canterbury-zum-verlieben-einfach-ist-das\/\">Canterbury<\/a> , <a href=\"https:\/\/www.urlaubcornwall.de\/blog\/bei-uns-finden-sie-hotels-folkestone-zum-verlieben-einfach-ist-das\/\">Folkestone<\/a> , <a href=\"https:\/\/www.urlaubcornwall.de\/blog\/bei-uns-finden-sie-hotels-maidstone-zum-verlieben-einfach-ist-das\/\">Maidstone<\/a> , <a href=\"https:\/\/www.urlaubcornwall.de\/blog\/bei-uns-finden-sie-hotels-margate-zum-verlieben-einfach-ist-das\/\">Margate<\/a> , <a href=\"https:\/\/www.urlaubcornwall.de\/blog\/bei-uns-finden-sie-hotels-sandwich-zum-verlieben-einfach-ist-das\/\">Sandwich<\/a> ,&nbsp;<a href=\"https:\/\/www.urlaubcornwall.de\/blog\/bei-uns-finden-sie-hotels-sevenoaks-zum-verlieben-einfach-ist-das\/\">Sevenoaks<\/a> , <a href=\"https:\/\/www.urlaubcornwall.de\/blog\/bei-uns-finden-sie-hotels-tonbridge-zum-verlieben-einfach-ist-das\/\">Tonbridge<\/a> , <a href=\"https:\/\/www.urlaubcornwall.de\/blog\/bei-uns-finden-sie-hotels-tunbridge-wells-zum-verlieben-einfach-ist-das\/\">Tunbridge Wells<\/a><\/p>\n<p style=\"text-align: center;\"><a class=\"tidycta\" href=\"https:\/\/www.urlaubcornwall.de\/blog\/bei-uns-finden-sie-hotels-kent-zum-verlieben-einfach-ist-das\/\">Suche Hotels in Kent&gt;&gt;<\/a><\/p>\n","protected":false},"excerpt":{"rendered":"<p>Die Besten Hundefreundliche Hotels in Dover. Mit dem Hund in den Urlaub zu fahren ist immer ein sch\u00f6nes Erlebnis, aber in S\u00fcdengland mit seinen herrlichen Landschaften und K\u00fcste ist ein Urlaub mit dem vierbeinigen Freund einfach traumhaft. Dover ist seit mehr als 2000 Jahren Englands Haupthafen zur \u00dcberquerung des Kanals und das beliebteste Reiseziel f\u00fcr [&hellip;]<\/p>\n","protected":false},"author":1,"featured_media":0,"parent":0,"menu_order":0,"comment_status":"closed","ping_status":"closed","template":"single-four.php","meta":[],"acf":[],"yoast_head":"<!-- This site is optimized with the Yoast SEO plugin v19.4 - https:\/\/yoast.com\/wordpress\/plugins\/seo\/ -->\n<title>Besten Hotels in Dover mit Hund zum Verlieben! - Urlaub &amp; Reisen<\/title>\n<meta name=\"robots\" content=\"index, follow, max-snippet:-1, max-image-preview:large, max-video-preview:-1\" \/>\n<link rel=\"canonical\" href=\"https:\/\/www.urlaubcornwall.de\/blog\/bei-uns-finden-sie-hotels-dover-mit-hund-zum-verlieben-einfach-ist-das\/\" \/>\n<meta property=\"og:locale\" content=\"en_US\" \/>\n<meta property=\"og:type\" content=\"article\" \/>\n<meta property=\"og:title\" content=\"Besten Hotels in Dover mit Hund zum Verlieben! - Urlaub &amp; Reisen\" \/>\n<meta property=\"og:description\" content=\"Die Besten Hundefreundliche Hotels in Dover. Mit dem Hund in den Urlaub zu fahren ist immer ein sch\u00f6nes Erlebnis, aber in S\u00fcdengland mit seinen herrlichen Landschaften und K\u00fcste ist ein Urlaub mit dem vierbeinigen Freund einfach traumhaft. Dover ist seit mehr als 2000 Jahren Englands Haupthafen zur \u00dcberquerung des Kanals und das beliebteste Reiseziel f\u00fcr [&hellip;]\" \/>\n<meta property=\"og:url\" content=\"https:\/\/www.urlaubcornwall.de\/blog\/bei-uns-finden-sie-hotels-dover-mit-hund-zum-verlieben-einfach-ist-das\/\" \/>\n<meta property=\"og:site_name\" content=\"Urlaub &amp; Reisen\" \/>\n<meta property=\"article:modified_time\" content=\"2024-04-12T10:25:27+00:00\" \/>\n<meta property=\"og:image\" content=\"https:\/\/www.urlaubcornwall.de\/blog\/wp-content\/uploads\/2024\/03\/dover.jpg\" \/>\n<meta name=\"twitter:card\" content=\"summary\" \/>\n<meta name=\"twitter:label1\" content=\"Est. reading time\" \/>\n\t<meta name=\"twitter:data1\" content=\"1 minute\" \/>\n<script type=\"application\/ld+json\" class=\"yoast-schema-graph\">{\"@context\":\"https:\/\/schema.org\",\"@graph\":[{\"@type\":\"WebSite\",\"@id\":\"https:\/\/www.urlaubcornwall.de\/blog\/#website\",\"url\":\"https:\/\/www.urlaubcornwall.de\/blog\/\",\"name\":\"Urlaub &amp; Reisen\",\"description\":\"Urlaub, Reisen, Cornwall und S\u00fcdengland: eine perfekte Kombination\",\"potentialAction\":[{\"@type\":\"SearchAction\",\"target\":{\"@type\":\"EntryPoint\",\"urlTemplate\":\"https:\/\/www.urlaubcornwall.de\/blog\/?s={search_term_string}\"},\"query-input\":\"required name=search_term_string\"}],\"inLanguage\":\"en-US\"},{\"@type\":\"WebPage\",\"@id\":\"https:\/\/www.urlaubcornwall.de\/blog\/bei-uns-finden-sie-hotels-dover-mit-hund-zum-verlieben-einfach-ist-das\/\",\"url\":\"https:\/\/www.urlaubcornwall.de\/blog\/bei-uns-finden-sie-hotels-dover-mit-hund-zum-verlieben-einfach-ist-das\/\",\"name\":\"Besten Hotels in Dover mit Hund zum Verlieben! - Urlaub &amp; Reisen\",\"isPartOf\":{\"@id\":\"https:\/\/www.urlaubcornwall.de\/blog\/#website\"},\"datePublished\":\"2017-09-05T14:11:43+00:00\",\"dateModified\":\"2024-04-12T10:25:27+00:00\",\"breadcrumb\":{\"@id\":\"https:\/\/www.urlaubcornwall.de\/blog\/bei-uns-finden-sie-hotels-dover-mit-hund-zum-verlieben-einfach-ist-das\/#breadcrumb\"},\"inLanguage\":\"en-US\",\"potentialAction\":[{\"@type\":\"ReadAction\",\"target\":[\"https:\/\/www.urlaubcornwall.de\/blog\/bei-uns-finden-sie-hotels-dover-mit-hund-zum-verlieben-einfach-ist-das\/\"]}]},{\"@type\":\"BreadcrumbList\",\"@id\":\"https:\/\/www.urlaubcornwall.de\/blog\/bei-uns-finden-sie-hotels-dover-mit-hund-zum-verlieben-einfach-ist-das\/#breadcrumb\",\"itemListElement\":[{\"@type\":\"ListItem\",\"position\":1,\"name\":\"Home\",\"item\":\"https:\/\/www.urlaubcornwall.de\/blog\/\"},{\"@type\":\"ListItem\",\"position\":2,\"name\":\"Besten Hotels in Dover mit Hund zum Verlieben!\"}]}]}<\/script>\n<!-- \/ Yoast SEO plugin. -->","yoast_head_json":{"title":"Besten Hotels in Dover mit Hund zum Verlieben! - Urlaub &amp; Reisen","robots":{"index":"index","follow":"follow","max-snippet":"max-snippet:-1","max-image-preview":"max-image-preview:large","max-video-preview":"max-video-preview:-1"},"canonical":"https:\/\/www.urlaubcornwall.de\/blog\/bei-uns-finden-sie-hotels-dover-mit-hund-zum-verlieben-einfach-ist-das\/","og_locale":"en_US","og_type":"article","og_title":"Besten Hotels in Dover mit Hund zum Verlieben! - Urlaub &amp; Reisen","og_description":"Die Besten Hundefreundliche Hotels in Dover. Mit dem Hund in den Urlaub zu fahren ist immer ein sch\u00f6nes Erlebnis, aber in S\u00fcdengland mit seinen herrlichen Landschaften und K\u00fcste ist ein Urlaub mit dem vierbeinigen Freund einfach traumhaft. Dover ist seit mehr als 2000 Jahren Englands Haupthafen zur \u00dcberquerung des Kanals und das beliebteste Reiseziel f\u00fcr [&hellip;]","og_url":"https:\/\/www.urlaubcornwall.de\/blog\/bei-uns-finden-sie-hotels-dover-mit-hund-zum-verlieben-einfach-ist-das\/","og_site_name":"Urlaub &amp; Reisen","article_modified_time":"2024-04-12T10:25:27+00:00","og_image":[{"url":"https:\/\/www.urlaubcornwall.de\/blog\/wp-content\/uploads\/2024\/03\/dover.jpg"}],"twitter_card":"summary","twitter_misc":{"Est. reading time":"1 minute"},"schema":{"@context":"https:\/\/schema.org","@graph":[{"@type":"WebSite","@id":"https:\/\/www.urlaubcornwall.de\/blog\/#website","url":"https:\/\/www.urlaubcornwall.de\/blog\/","name":"Urlaub &amp; Reisen","description":"Urlaub, Reisen, Cornwall und S\u00fcdengland: eine perfekte Kombination","potentialAction":[{"@type":"SearchAction","target":{"@type":"EntryPoint","urlTemplate":"https:\/\/www.urlaubcornwall.de\/blog\/?s={search_term_string}"},"query-input":"required name=search_term_string"}],"inLanguage":"en-US"},{"@type":"WebPage","@id":"https:\/\/www.urlaubcornwall.de\/blog\/bei-uns-finden-sie-hotels-dover-mit-hund-zum-verlieben-einfach-ist-das\/","url":"https:\/\/www.urlaubcornwall.de\/blog\/bei-uns-finden-sie-hotels-dover-mit-hund-zum-verlieben-einfach-ist-das\/","name":"Besten Hotels in Dover mit Hund zum Verlieben! - Urlaub &amp; Reisen","isPartOf":{"@id":"https:\/\/www.urlaubcornwall.de\/blog\/#website"},"datePublished":"2017-09-05T14:11:43+00:00","dateModified":"2024-04-12T10:25:27+00:00","breadcrumb":{"@id":"https:\/\/www.urlaubcornwall.de\/blog\/bei-uns-finden-sie-hotels-dover-mit-hund-zum-verlieben-einfach-ist-das\/#breadcrumb"},"inLanguage":"en-US","potentialAction":[{"@type":"ReadAction","target":["https:\/\/www.urlaubcornwall.de\/blog\/bei-uns-finden-sie-hotels-dover-mit-hund-zum-verlieben-einfach-ist-das\/"]}]},{"@type":"BreadcrumbList","@id":"https:\/\/www.urlaubcornwall.de\/blog\/bei-uns-finden-sie-hotels-dover-mit-hund-zum-verlieben-einfach-ist-das\/#breadcrumb","itemListElement":[{"@type":"ListItem","position":1,"name":"Home","item":"https:\/\/www.urlaubcornwall.de\/blog\/"},{"@type":"ListItem","position":2,"name":"Besten Hotels in Dover mit Hund zum Verlieben!"}]}]}},"_links":{"self":[{"href":"https:\/\/www.urlaubcornwall.de\/blog\/wp-json\/wp\/v2\/pages\/29023"}],"collection":[{"href":"https:\/\/www.urlaubcornwall.de\/blog\/wp-json\/wp\/v2\/pages"}],"about":[{"href":"https:\/\/www.urlaubcornwall.de\/blog\/wp-json\/wp\/v2\/types\/page"}],"author":[{"embeddable":true,"href":"https:\/\/www.urlaubcornwall.de\/blog\/wp-json\/wp\/v2\/users\/1"}],"replies":[{"embeddable":true,"href":"https:\/\/www.urlaubcornwall.de\/blog\/wp-json\/wp\/v2\/comments?post=29023"}],"version-history":[{"count":8,"href":"https:\/\/www.urlaubcornwall.de\/blog\/wp-json\/wp\/v2\/pages\/29023\/revisions"}],"predecessor-version":[{"id":49239,"href":"https:\/\/www.urlaubcornwall.de\/blog\/wp-json\/wp\/v2\/pages\/29023\/revisions\/49239"}],"wp:attachment":[{"href":"https:\/\/www.urlaubcornwall.de\/blog\/wp-json\/wp\/v2\/media?parent=29023"}],"curies":[{"name":"wp","href":"https:\/\/api.w.org\/{rel}","templated":true}]}}