{"id":29016,"date":"2017-09-05T14:01:34","date_gmt":"2017-09-05T14:01:34","guid":{"rendered":"https:\/\/www.urlaubcornwall.de\/blog\/?page_id=29016"},"modified":"2024-05-30T09:19:40","modified_gmt":"2024-05-30T09:19:40","slug":"hotels-portsmouth-mit-hund-zum-verlieben-einfach-ist-das","status":"publish","type":"page","link":"https:\/\/www.urlaubcornwall.de\/blog\/hotels-portsmouth-mit-hund-zum-verlieben-einfach-ist-das\/","title":{"rendered":"Besten Hotels in Portsmouth mit Hund zum Verlieben \u2013 so einfach ist das!"},"content":{"rendered":"<p><a href=\"https:\/\/www.urlaubcornwall.de\/blog\/wp-content\/uploads\/2024\/05\/Portsmouth-hafen.jpg\"><img loading=\"lazy\" src=\"https:\/\/www.urlaubcornwall.de\/blog\/wp-content\/uploads\/2024\/05\/Portsmouth-hafen.jpg\" alt=\"Portsmouth hafen\" width=\"750\" height=\"499\" class=\"alignnone size-full wp-image-50674\" srcset=\"https:\/\/www.urlaubcornwall.de\/blog\/wp-content\/uploads\/2024\/05\/Portsmouth-hafen.jpg 750w, https:\/\/www.urlaubcornwall.de\/blog\/wp-content\/uploads\/2024\/05\/Portsmouth-hafen-300x200.jpg 300w\" sizes=\"(max-width: 750px) 100vw, 750px\" \/><\/a><\/p>\n<p style=\"text-align: left;\"><strong>Die sch\u00f6nsten Hundefreundliche Hotels in Portsmouth f\u00fcr Ihren Urlaub in S\u00fcdengland<\/strong><\/p>\n<p style=\"text-align: left;\">Mit dem Hund in den Urlaub zu fahren ist immer ein sch\u00f6nes Erlebnis, aber in S\u00fcdengland mit seinen herrlichen Landschaften und K\u00fcste ist ein Urlaub mit dem vierbeinigen Freund einfach traumhaft.<\/p>\n<p style=\"text-align: left;\">Portsmouth an der <a href=\"http:\/\/www.urlaubcornwall.de\/reiseziel\/suedkueste-england.php\">S\u00fcdk\u00fcste von Hampshire<\/a> ist die einzige gro\u00dfe Stadt des UK, die auf einer Insel errichtet wurde. Portsea Island ist verbunden mit dem Festland \u00fcber Stra\u00dfenbr\u00fccken, eine Eisenbahnbr\u00fccke und Fu\u00dfg\u00e4ngerbr\u00fccken. Portsmouth ist wohl bekannt f\u00fcr sein Seefahrtserbe und seine historische Werft. Von Portsmouth aus fahren F\u00e4hren zur Isle of Wight, nach Frankreich, Spanien und die Channel Islands&#8230;&#8230; [ <a href=\"https:\/\/www.urlaubcornwall.de\/blog\/urlaub-portsmouth-unterkunft-sehenswuerdigkeiten-und-geschichte\/\">Mehr<\/a> ]<\/p>\n<h2><a href=\"https:\/\/www.booking.com\/hotel\/gb\/portsmouth-marriott.html?aid=1320750&amp;no_rooms=1&amp;group_adults=2&amp;room1=A%2CA\" rel=\"nofollow\"><span style=\"text-decoration: underline;\"><strong> Portsmouth Marriott Hotel &amp; Spa \u2013 4 Sterne<\/strong><\/span><\/a><\/h2>\n<p>Das Portsmouth Marriott Hotel empf\u00e4ngt Sie mit einem Freizeitzentrum, einem stilvollen Restaurant, einem Starbucks-Caf\u00e9 und ausreichend Parkm\u00f6glichkeiten. Sie wohnen hier direkt an der Autobahn M27, 6,4 km von Portsmouth entfernt&#8230;&#8230;..<a href=\"https:\/\/www.booking.com\/hotel\/gb\/portsmouth-marriott.html?aid=1320750&amp;no_rooms=1&amp;group_adults=2&amp;room1=A%2CA\" rel=\"nofollow\">[Mehr]<\/a><\/p>\n<h2><a href=\"https:\/\/www.booking.com\/hotel\/gb\/ibis-budget-portsmouth.html?aid=1320750&amp;no_rooms=1&amp;group_adults=2&amp;room1=A%2CA\" rel=\"nofollow\"><span style=\"text-decoration: underline;\"><strong>Ibis Hotel <\/strong><\/span><\/a><\/h2>\n<p>Das ibis budget Portsmouth begr\u00fc\u00dft Sie in der N\u00e4he von Fratton. In rund 5 Autominuten erreichen Sie das Stadtzentrum von Portsmouth und in nur 6 Fahrminuten den Strand Southsea. Der Fratton Park, die Heimat des Fu\u00dfballclubs Portsmouth, befindet sich ebenfalls 3 Gehminuten entfernt. Freuen Sie sich auf kostenfreies WLAN&#8230;&#8230;..<a href=\"https:\/\/www.booking.com\/hotel\/gb\/ibis-budget-portsmouth.html?aid=1320750&amp;no_rooms=1&amp;group_adults=2&amp;room1=A%2CAA\" rel=\"nofollow\">[Mehr]<\/a><\/p>\n<p style=\"text-align: center;\"><a class=\"tidycta\" href=\"https:\/\/www.booking.com\/searchresults.html?city=-2605646&amp;aid=1320750&amp;no_rooms=1&amp;group_adults=2&amp;room1=A%2CA\" rel=\"nofollow\">Suche Hotels in Portsmouth &gt;<\/a><\/p>\n<h1 style=\"text-align: center;\"><strong>Bei uns finden Sie Ferienh\u00e4user zum Verlieben \u2013 so einfach ist das!<\/strong><\/h1>\n<p style=\"text-align: center;\">UrlaubCornwall verf\u00fcgt Ferienh\u00e4user und Ferienwohnungen f\u00fcr Ihren <a href=\"https:\/\/www.urlaubcornwall.de\/reiseziel\/suedengland.php\">Urlaub in Sudengland<\/a>. Unterk\u00fcnfte der Spitzenklasse f\u00fcr 2 Personen, Familien und Gruppen mit 4, 6, 8, 10 oder 12 G\u00e4sten.<\/p>\n<p style=\"text-align: center;\"><strong>&nbsp;<\/strong><a class=\"tidycta\" href=\"https:\/\/www.urlaubcornwall.de\/reiseziel\/suedengland.php\">Suche Ferienh\u00e4user Sudengland<\/a><br \/>\n<img loading=\"lazy\" class=\"aligncenter size-full wp-image-24598\" src=\"https:\/\/www.urlaubcornwall.de\/blog\/wp-content\/uploads\/2016\/06\/urlaub-und-sudengland_logo-final.jpg\" width=\"746\" height=\"361\"\/><\/p>\n<p style=\"text-align: center;\"><a href=\"http:\/\/www.urlaubcornwall.de\/\">UrlaubCornwall.de<\/a> ist ein in Cornwall ans\u00e4ssiges Unternehmen k\u00f6nnen wir uns mit 20 Jahren Erfahrung in der Organisation von Rundreisen durch S\u00fcdwest und S\u00fcdengland r\u00fchmen. Um Hampshire in Ihre Rundreise durch S\u00fcdengland mit einzugliedern, stellen Sie Ihre <a href=\"http:\/\/www.urlaubcornwall.de\/anfrage.php\">Anfrage<\/a> hier oder w\u00e4hlen Sie ein Ferienhaus aus unserer besten Auswahl handverlesener und inspizierter H\u00e4user aus.<\/p>\n","protected":false},"excerpt":{"rendered":"<p>Die sch\u00f6nsten Hundefreundliche Hotels in Portsmouth f\u00fcr Ihren Urlaub in S\u00fcdengland Mit dem Hund in den Urlaub zu fahren ist immer ein sch\u00f6nes Erlebnis, aber in S\u00fcdengland mit seinen herrlichen Landschaften und K\u00fcste ist ein Urlaub mit dem vierbeinigen Freund einfach traumhaft. Portsmouth an der S\u00fcdk\u00fcste von Hampshire ist die einzige gro\u00dfe Stadt des UK, [&hellip;]<\/p>\n","protected":false},"author":1,"featured_media":0,"parent":0,"menu_order":0,"comment_status":"closed","ping_status":"closed","template":"single-four.php","meta":[],"acf":[],"yoast_head":"<!-- This site is optimized with the Yoast SEO plugin v19.4 - https:\/\/yoast.com\/wordpress\/plugins\/seo\/ -->\n<title>Besten Hotels in Portsmouth mit Hund zum Verlieben \u2013 so einfach ist das! - Urlaub &amp; Reisen<\/title>\n<meta name=\"robots\" content=\"index, follow, max-snippet:-1, max-image-preview:large, max-video-preview:-1\" \/>\n<link rel=\"canonical\" href=\"https:\/\/www.urlaubcornwall.de\/blog\/hotels-portsmouth-mit-hund-zum-verlieben-einfach-ist-das\/\" \/>\n<meta property=\"og:locale\" content=\"en_US\" \/>\n<meta property=\"og:type\" content=\"article\" \/>\n<meta property=\"og:title\" content=\"Besten Hotels in Portsmouth mit Hund zum Verlieben \u2013 so einfach ist das! - Urlaub &amp; Reisen\" \/>\n<meta property=\"og:description\" content=\"Die sch\u00f6nsten Hundefreundliche Hotels in Portsmouth f\u00fcr Ihren Urlaub in S\u00fcdengland Mit dem Hund in den Urlaub zu fahren ist immer ein sch\u00f6nes Erlebnis, aber in S\u00fcdengland mit seinen herrlichen Landschaften und K\u00fcste ist ein Urlaub mit dem vierbeinigen Freund einfach traumhaft. Portsmouth an der S\u00fcdk\u00fcste von Hampshire ist die einzige gro\u00dfe Stadt des UK, [&hellip;]\" \/>\n<meta property=\"og:url\" content=\"https:\/\/www.urlaubcornwall.de\/blog\/hotels-portsmouth-mit-hund-zum-verlieben-einfach-ist-das\/\" \/>\n<meta property=\"og:site_name\" content=\"Urlaub &amp; Reisen\" \/>\n<meta property=\"article:modified_time\" content=\"2024-05-30T09:19:40+00:00\" \/>\n<meta property=\"og:image\" content=\"https:\/\/www.urlaubcornwall.de\/blog\/wp-content\/uploads\/2024\/05\/Portsmouth-hafen.jpg\" \/>\n<meta name=\"twitter:card\" content=\"summary\" \/>\n<meta name=\"twitter:label1\" content=\"Est. reading time\" \/>\n\t<meta name=\"twitter:data1\" content=\"2 minutes\" \/>\n<script type=\"application\/ld+json\" class=\"yoast-schema-graph\">{\"@context\":\"https:\/\/schema.org\",\"@graph\":[{\"@type\":\"WebSite\",\"@id\":\"https:\/\/www.urlaubcornwall.de\/blog\/#website\",\"url\":\"https:\/\/www.urlaubcornwall.de\/blog\/\",\"name\":\"Urlaub &amp; Reisen\",\"description\":\"Urlaub, Reisen, Cornwall und S\u00fcdengland: eine perfekte Kombination\",\"potentialAction\":[{\"@type\":\"SearchAction\",\"target\":{\"@type\":\"EntryPoint\",\"urlTemplate\":\"https:\/\/www.urlaubcornwall.de\/blog\/?s={search_term_string}\"},\"query-input\":\"required name=search_term_string\"}],\"inLanguage\":\"en-US\"},{\"@type\":\"WebPage\",\"@id\":\"https:\/\/www.urlaubcornwall.de\/blog\/hotels-portsmouth-mit-hund-zum-verlieben-einfach-ist-das\/\",\"url\":\"https:\/\/www.urlaubcornwall.de\/blog\/hotels-portsmouth-mit-hund-zum-verlieben-einfach-ist-das\/\",\"name\":\"Besten Hotels in Portsmouth mit Hund zum Verlieben \u2013 so einfach ist das! - Urlaub &amp; Reisen\",\"isPartOf\":{\"@id\":\"https:\/\/www.urlaubcornwall.de\/blog\/#website\"},\"datePublished\":\"2017-09-05T14:01:34+00:00\",\"dateModified\":\"2024-05-30T09:19:40+00:00\",\"breadcrumb\":{\"@id\":\"https:\/\/www.urlaubcornwall.de\/blog\/hotels-portsmouth-mit-hund-zum-verlieben-einfach-ist-das\/#breadcrumb\"},\"inLanguage\":\"en-US\",\"potentialAction\":[{\"@type\":\"ReadAction\",\"target\":[\"https:\/\/www.urlaubcornwall.de\/blog\/hotels-portsmouth-mit-hund-zum-verlieben-einfach-ist-das\/\"]}]},{\"@type\":\"BreadcrumbList\",\"@id\":\"https:\/\/www.urlaubcornwall.de\/blog\/hotels-portsmouth-mit-hund-zum-verlieben-einfach-ist-das\/#breadcrumb\",\"itemListElement\":[{\"@type\":\"ListItem\",\"position\":1,\"name\":\"Home\",\"item\":\"https:\/\/www.urlaubcornwall.de\/blog\/\"},{\"@type\":\"ListItem\",\"position\":2,\"name\":\"Besten Hotels in Portsmouth mit Hund zum Verlieben \u2013 so einfach ist das!\"}]}]}<\/script>\n<!-- \/ Yoast SEO plugin. -->","yoast_head_json":{"title":"Besten Hotels in Portsmouth mit Hund zum Verlieben \u2013 so einfach ist das! - Urlaub &amp; Reisen","robots":{"index":"index","follow":"follow","max-snippet":"max-snippet:-1","max-image-preview":"max-image-preview:large","max-video-preview":"max-video-preview:-1"},"canonical":"https:\/\/www.urlaubcornwall.de\/blog\/hotels-portsmouth-mit-hund-zum-verlieben-einfach-ist-das\/","og_locale":"en_US","og_type":"article","og_title":"Besten Hotels in Portsmouth mit Hund zum Verlieben \u2013 so einfach ist das! - Urlaub &amp; Reisen","og_description":"Die sch\u00f6nsten Hundefreundliche Hotels in Portsmouth f\u00fcr Ihren Urlaub in S\u00fcdengland Mit dem Hund in den Urlaub zu fahren ist immer ein sch\u00f6nes Erlebnis, aber in S\u00fcdengland mit seinen herrlichen Landschaften und K\u00fcste ist ein Urlaub mit dem vierbeinigen Freund einfach traumhaft. Portsmouth an der S\u00fcdk\u00fcste von Hampshire ist die einzige gro\u00dfe Stadt des UK, [&hellip;]","og_url":"https:\/\/www.urlaubcornwall.de\/blog\/hotels-portsmouth-mit-hund-zum-verlieben-einfach-ist-das\/","og_site_name":"Urlaub &amp; Reisen","article_modified_time":"2024-05-30T09:19:40+00:00","og_image":[{"url":"https:\/\/www.urlaubcornwall.de\/blog\/wp-content\/uploads\/2024\/05\/Portsmouth-hafen.jpg"}],"twitter_card":"summary","twitter_misc":{"Est. reading time":"2 minutes"},"schema":{"@context":"https:\/\/schema.org","@graph":[{"@type":"WebSite","@id":"https:\/\/www.urlaubcornwall.de\/blog\/#website","url":"https:\/\/www.urlaubcornwall.de\/blog\/","name":"Urlaub &amp; Reisen","description":"Urlaub, Reisen, Cornwall und S\u00fcdengland: eine perfekte Kombination","potentialAction":[{"@type":"SearchAction","target":{"@type":"EntryPoint","urlTemplate":"https:\/\/www.urlaubcornwall.de\/blog\/?s={search_term_string}"},"query-input":"required name=search_term_string"}],"inLanguage":"en-US"},{"@type":"WebPage","@id":"https:\/\/www.urlaubcornwall.de\/blog\/hotels-portsmouth-mit-hund-zum-verlieben-einfach-ist-das\/","url":"https:\/\/www.urlaubcornwall.de\/blog\/hotels-portsmouth-mit-hund-zum-verlieben-einfach-ist-das\/","name":"Besten Hotels in Portsmouth mit Hund zum Verlieben \u2013 so einfach ist das! - Urlaub &amp; Reisen","isPartOf":{"@id":"https:\/\/www.urlaubcornwall.de\/blog\/#website"},"datePublished":"2017-09-05T14:01:34+00:00","dateModified":"2024-05-30T09:19:40+00:00","breadcrumb":{"@id":"https:\/\/www.urlaubcornwall.de\/blog\/hotels-portsmouth-mit-hund-zum-verlieben-einfach-ist-das\/#breadcrumb"},"inLanguage":"en-US","potentialAction":[{"@type":"ReadAction","target":["https:\/\/www.urlaubcornwall.de\/blog\/hotels-portsmouth-mit-hund-zum-verlieben-einfach-ist-das\/"]}]},{"@type":"BreadcrumbList","@id":"https:\/\/www.urlaubcornwall.de\/blog\/hotels-portsmouth-mit-hund-zum-verlieben-einfach-ist-das\/#breadcrumb","itemListElement":[{"@type":"ListItem","position":1,"name":"Home","item":"https:\/\/www.urlaubcornwall.de\/blog\/"},{"@type":"ListItem","position":2,"name":"Besten Hotels in Portsmouth mit Hund zum Verlieben \u2013 so einfach ist das!"}]}]}},"_links":{"self":[{"href":"https:\/\/www.urlaubcornwall.de\/blog\/wp-json\/wp\/v2\/pages\/29016"}],"collection":[{"href":"https:\/\/www.urlaubcornwall.de\/blog\/wp-json\/wp\/v2\/pages"}],"about":[{"href":"https:\/\/www.urlaubcornwall.de\/blog\/wp-json\/wp\/v2\/types\/page"}],"author":[{"embeddable":true,"href":"https:\/\/www.urlaubcornwall.de\/blog\/wp-json\/wp\/v2\/users\/1"}],"replies":[{"embeddable":true,"href":"https:\/\/www.urlaubcornwall.de\/blog\/wp-json\/wp\/v2\/comments?post=29016"}],"version-history":[{"count":6,"href":"https:\/\/www.urlaubcornwall.de\/blog\/wp-json\/wp\/v2\/pages\/29016\/revisions"}],"predecessor-version":[{"id":50863,"href":"https:\/\/www.urlaubcornwall.de\/blog\/wp-json\/wp\/v2\/pages\/29016\/revisions\/50863"}],"wp:attachment":[{"href":"https:\/\/www.urlaubcornwall.de\/blog\/wp-json\/wp\/v2\/media?parent=29016"}],"curies":[{"name":"wp","href":"https:\/\/api.w.org\/{rel}","templated":true}]}}