{"id":28991,"date":"2017-09-05T08:26:05","date_gmt":"2017-09-05T08:26:05","guid":{"rendered":"https:\/\/www.urlaubcornwall.de\/blog\/?page_id=28991"},"modified":"2024-04-12T10:47:04","modified_gmt":"2024-04-12T10:47:04","slug":"hotels-torquay-mit-hund-zum-verlieben-einfach-ist-das","status":"publish","type":"page","link":"https:\/\/www.urlaubcornwall.de\/blog\/hotels-torquay-mit-hund-zum-verlieben-einfach-ist-das\/","title":{"rendered":"Hotels in Torquay mit Hund zum Verlieben \u2013 so einfach ist das!"},"content":{"rendered":"<p style=\"text-align: left;\"><img loading=\"lazy\" class=\"aligncenter size-full wp-image-47875\" src=\"https:\/\/www.urlaubcornwall.de\/blog\/wp-content\/uploads\/2024\/03\/torquay.jpg\" alt=\"torquay\" width=\"750\" height=\"500\" srcset=\"https:\/\/www.urlaubcornwall.de\/blog\/wp-content\/uploads\/2024\/03\/torquay.jpg 750w, https:\/\/www.urlaubcornwall.de\/blog\/wp-content\/uploads\/2024\/03\/torquay-300x200.jpg 300w\" sizes=\"(max-width: 750px) 100vw, 750px\" \/><br \/>\nDie sch\u00f6nsten Hundefreundliche Hotels in Torquay &#8211; Mit dem Hund in den Urlaub zu fahren ist immer ein sch\u00f6nes Erlebnis, aber in Devon mit seinen herrlichen Landschaften ist ein Urlaub mit dem vierbeinigen Freund einfach traumhaft.<\/p>\n<p style=\"text-align: left;\">Elegante viktorianische Architektur, eine Reihe breiter, halbmondf\u00f6rmiger Str\u00e4nde und als Hintergrund sieben H\u00fcgel, die die Stadt umgeben \u2013 so \u00fcberrascht es kaum, dass Torquay seit Generationen ein derart beliebter Urlaubsort ist. Dies ist die englische Riviera wie sie klassischer nicht sein kann, und am besten l\u00e4sst es sich genie\u00dfen bei einem Spaziergang entlang der Palmen begrenzten Promenade, ein Eis in der Hand und dem Meer dabei zuschauend, wie es auf Land trifft.<\/p>\n<p><ins class=\"bookingaff\" data-aid=\"1705873\" data-target_aid=\"1705873\" data-prod=\"map\" data-width=\"100%\" data-height=\"590\" data-lang=\"ualng\" data-dest_id=\"0\" data-dest_type=\"landmark\" data-latitude=\"50.4619209\" data-longitude=\"-3.525315\" data-landmark_name=\"Die Besten Hotels und B&amp;amp;BS in Torquay\" data-mwhsb=\"1\"><br \/>\n    <!-- Anything inside will go away once widget is loaded. --><br \/>\n        <a href=\"\/\/www.booking.com?aid=1705873\"rel=\"nofollow\">Booking.com<\/a><br \/>\n<\/ins><br \/>\n<script type=\"text\/javascript\">\n    (function(d, sc, u) {\n      var s = d.createElement(sc), p = d.getElementsByTagName(sc)[0];\n      s.type = 'text\/javascript';\n      s.async = true;\n      s.src = u + '?v=' + (+new Date());\n      p.parentNode.insertBefore(s,p);\n      })(document, 'script', '\/\/aff.bstatic.com\/static\/affiliate_base\/js\/flexiproduct.js');\n<\/script><\/p>\n<h1><a href=\"https:\/\/www.booking.com\/hotel\/gb\/the-grand-hotel-torquay.html?aid=1320750&amp;no_rooms=1&amp;group_adults=2&amp;room1=A%2CA\" rel=\"nofollow\"><span style=\"text-decoration: underline;\"><strong>Das Grand Luxus-Hotel am Meer \u2013 4 Sterne<\/strong><\/span><\/a><\/h1>\n<p>Diese Unterkunft ist 2 Gehminuten vom Strand entfernt. An der englischen Riviera begr\u00fc\u00dft Sie das mit 4 Sternen ausgezeichnete Grand Hotel, das Sie mit seiner herrlichen Aussicht \u00fcber die Bucht begeistern wird. Freuen Sie sich hier auf ein Restaurant, das mit einer AA-Rosette ausgezeichnet wurde, und einen Fitnessraum. Erholsame Momente versprechen auch die Innen- und Au\u00dfenpools sowie ein Wellnesscenter mit einem Sch\u00f6nheitssalon&#8230;&#8230;.<a href=\"https:\/\/www.booking.com\/hotel\/gb\/the-grand-hotel-torquay.html?aid=1320750&amp;no_rooms=1&amp;group_adults=2&amp;room1=A%2CA\" rel=\"nofollow\">[Mehr]<\/a><\/p>\n<h1><a href=\"https:\/\/www.booking.com\/hotel\/gb\/imperial-devon.html?aid=1320750&amp;no_rooms=1&amp;group_adults=2&amp;room1=A%2CA\" rel=\"nofollow\"><span style=\"text-decoration: underline;\"><strong>Das Imperial Hotel &amp; Spa \u2013 4 Sterne Luxushotel mit Meerblick<\/strong><\/span><\/a><\/h1>\n<p>Diese Unterkunft ist 2 Gehminuten vom Strand entfernt. Dieses Hotel im mediterranen Stil aus dem Jahre 1866 mit spektakul\u00e4rer Aussicht \u00fcber die Bucht liegt nur 10 Gehminuten vom Stadtzentrum von Torquay entfernt. Es bietet gro\u00dfe, helle Zimmer, Pools und ein Fitnesscenter&#8230;&#8230;<a href=\"https:\/\/www.booking.com\/hotel\/gb\/imperial-devon.html?aid=1320750&amp;no_rooms=1&amp;group_adults=2&amp;room1=A%2CA\" rel=\"nofollow\">[Mehr]<\/a><\/p>\n<h1><a href=\"https:\/\/www.booking.com\/hotel\/gb\/grosvenor-torquay.html?aid=1320750&amp;no_rooms=1&amp;group_adults=2&amp;room1=A%2\" rel=\"nofollow\"><span style=\"text-decoration: underline;\"><strong>The Grosvenor \u2013 3 Sterne Hotel am Strand<\/strong><\/span><\/a><\/h1>\n<p>Diese Unterkunft ist 3 Gehminuten vom Strand entfernt. Nur 3 Gehminuten vom Sandstrand Torbay entfernt erwartet Sie das 3-Sterne-Haus Grosvenor Hotel mit 2 Swimmingpools, einer Whirlpool-Badewanne, einem Kinderspielzimmer, kostenfreiem WLAN in den \u00f6ffentlichen Bereichen und wundersch\u00f6n angelegten G\u00e4rten. Das Stadtzentrum von Torquay und den Yachthafen erreichen Sie nach nur 2 Fahrminuten vom Hotel&#8230;&#8230;.<a href=\"https:\/\/www.booking.com\/hotel\/gb\/grosvenor-torquay.html?aid=1320750&amp;no_rooms=1&amp;group_adults=2&amp;room1=A%2C\" rel=\"nofollow\">[Mehr]<\/a><\/p>\n<h1><a href=\"https:\/\/www.booking.com\/hotel\/gb\/the-livermead-cliff.html?aid=1320750&amp;no_rooms=1&amp;group_adults=2&amp;room1=A%2CA\" rel=\"nofollow\"><span style=\"text-decoration: underline;\"><strong> 3 * Livermead Cliff Hotel mit Meerblick<\/strong><\/span><\/a><\/h1>\n<p>Diese Unterkunft ist 1 Gehminute vom Strand entfernt. Das familiengef\u00fchrte Best Western Hotel zeichnet sich durch die Klippenlage und den privaten Zugang zum abgeschiedenen Sandstrand Livermead aus. Von der stimmungsvoll beleuchteten Terrasse mit Sitzbereich k\u00f6nnen Sie weit \u00fcbers Meer schauen. WLAN und private Parkpl\u00e4tze stehen kostenfrei zur Verf\u00fcgung&#8230;&#8230;.<a href=\"https:\/\/www.booking.com\/hotel\/gb\/the-livermead-cliff.html?aid=1320750&amp;no_rooms=1&amp;group_adults=2&amp;room1=A%2CA\" rel=\"nofollow\">[Mehr]<\/a><\/p>\n<p style=\"text-align: center;\"><a class=\"tidycta\" href=\"https:\/\/www.booking.com\/searchresults.html?city=-2610007&amp;aid=1320750&amp;no_rooms=1&amp;group_adults=2&amp;room1=A%2CA\" rel=\"nofollow\">Suche Hotels in Torquay &gt;<\/a><\/p>\n","protected":false},"excerpt":{"rendered":"<p>Die sch\u00f6nsten Hundefreundliche Hotels in Torquay &#8211; Mit dem Hund in den Urlaub zu fahren ist immer ein sch\u00f6nes Erlebnis, aber in Devon mit seinen herrlichen Landschaften ist ein Urlaub mit dem vierbeinigen Freund einfach traumhaft. Elegante viktorianische Architektur, eine Reihe breiter, halbmondf\u00f6rmiger Str\u00e4nde und als Hintergrund sieben H\u00fcgel, die die Stadt umgeben \u2013 so [&hellip;]<\/p>\n","protected":false},"author":1,"featured_media":0,"parent":0,"menu_order":0,"comment_status":"closed","ping_status":"closed","template":"single-four.php","meta":[],"acf":[],"yoast_head":"<!-- This site is optimized with the Yoast SEO plugin v19.4 - https:\/\/yoast.com\/wordpress\/plugins\/seo\/ -->\n<title>Hotels in Torquay mit Hund zum Verlieben \u2013 so einfach ist das! - Urlaub &amp; Reisen<\/title>\n<meta name=\"robots\" content=\"index, follow, max-snippet:-1, max-image-preview:large, max-video-preview:-1\" \/>\n<link rel=\"canonical\" href=\"https:\/\/www.urlaubcornwall.de\/blog\/hotels-torquay-mit-hund-zum-verlieben-einfach-ist-das\/\" \/>\n<meta property=\"og:locale\" content=\"en_US\" \/>\n<meta property=\"og:type\" content=\"article\" \/>\n<meta property=\"og:title\" content=\"Hotels in Torquay mit Hund zum Verlieben \u2013 so einfach ist das! - Urlaub &amp; Reisen\" \/>\n<meta property=\"og:description\" content=\"Die sch\u00f6nsten Hundefreundliche Hotels in Torquay &#8211; Mit dem Hund in den Urlaub zu fahren ist immer ein sch\u00f6nes Erlebnis, aber in Devon mit seinen herrlichen Landschaften ist ein Urlaub mit dem vierbeinigen Freund einfach traumhaft. Elegante viktorianische Architektur, eine Reihe breiter, halbmondf\u00f6rmiger Str\u00e4nde und als Hintergrund sieben H\u00fcgel, die die Stadt umgeben \u2013 so [&hellip;]\" \/>\n<meta property=\"og:url\" content=\"https:\/\/www.urlaubcornwall.de\/blog\/hotels-torquay-mit-hund-zum-verlieben-einfach-ist-das\/\" \/>\n<meta property=\"og:site_name\" content=\"Urlaub &amp; Reisen\" \/>\n<meta property=\"article:modified_time\" content=\"2024-04-12T10:47:04+00:00\" \/>\n<meta property=\"og:image\" content=\"https:\/\/www.urlaubcornwall.de\/blog\/wp-content\/uploads\/2024\/03\/torquay.jpg\" \/>\n<meta name=\"twitter:card\" content=\"summary\" \/>\n<meta name=\"twitter:label1\" content=\"Est. reading time\" \/>\n\t<meta name=\"twitter:data1\" content=\"2 minutes\" \/>\n<script type=\"application\/ld+json\" class=\"yoast-schema-graph\">{\"@context\":\"https:\/\/schema.org\",\"@graph\":[{\"@type\":\"WebSite\",\"@id\":\"https:\/\/www.urlaubcornwall.de\/blog\/#website\",\"url\":\"https:\/\/www.urlaubcornwall.de\/blog\/\",\"name\":\"Urlaub &amp; Reisen\",\"description\":\"Urlaub, Reisen, Cornwall und S\u00fcdengland: eine perfekte Kombination\",\"potentialAction\":[{\"@type\":\"SearchAction\",\"target\":{\"@type\":\"EntryPoint\",\"urlTemplate\":\"https:\/\/www.urlaubcornwall.de\/blog\/?s={search_term_string}\"},\"query-input\":\"required name=search_term_string\"}],\"inLanguage\":\"en-US\"},{\"@type\":\"WebPage\",\"@id\":\"https:\/\/www.urlaubcornwall.de\/blog\/hotels-torquay-mit-hund-zum-verlieben-einfach-ist-das\/\",\"url\":\"https:\/\/www.urlaubcornwall.de\/blog\/hotels-torquay-mit-hund-zum-verlieben-einfach-ist-das\/\",\"name\":\"Hotels in Torquay mit Hund zum Verlieben \u2013 so einfach ist das! - Urlaub &amp; Reisen\",\"isPartOf\":{\"@id\":\"https:\/\/www.urlaubcornwall.de\/blog\/#website\"},\"datePublished\":\"2017-09-05T08:26:05+00:00\",\"dateModified\":\"2024-04-12T10:47:04+00:00\",\"breadcrumb\":{\"@id\":\"https:\/\/www.urlaubcornwall.de\/blog\/hotels-torquay-mit-hund-zum-verlieben-einfach-ist-das\/#breadcrumb\"},\"inLanguage\":\"en-US\",\"potentialAction\":[{\"@type\":\"ReadAction\",\"target\":[\"https:\/\/www.urlaubcornwall.de\/blog\/hotels-torquay-mit-hund-zum-verlieben-einfach-ist-das\/\"]}]},{\"@type\":\"BreadcrumbList\",\"@id\":\"https:\/\/www.urlaubcornwall.de\/blog\/hotels-torquay-mit-hund-zum-verlieben-einfach-ist-das\/#breadcrumb\",\"itemListElement\":[{\"@type\":\"ListItem\",\"position\":1,\"name\":\"Home\",\"item\":\"https:\/\/www.urlaubcornwall.de\/blog\/\"},{\"@type\":\"ListItem\",\"position\":2,\"name\":\"Hotels in Torquay mit Hund zum Verlieben \u2013 so einfach ist das!\"}]}]}<\/script>\n<!-- \/ Yoast SEO plugin. -->","yoast_head_json":{"title":"Hotels in Torquay mit Hund zum Verlieben \u2013 so einfach ist das! - Urlaub &amp; Reisen","robots":{"index":"index","follow":"follow","max-snippet":"max-snippet:-1","max-image-preview":"max-image-preview:large","max-video-preview":"max-video-preview:-1"},"canonical":"https:\/\/www.urlaubcornwall.de\/blog\/hotels-torquay-mit-hund-zum-verlieben-einfach-ist-das\/","og_locale":"en_US","og_type":"article","og_title":"Hotels in Torquay mit Hund zum Verlieben \u2013 so einfach ist das! - Urlaub &amp; Reisen","og_description":"Die sch\u00f6nsten Hundefreundliche Hotels in Torquay &#8211; Mit dem Hund in den Urlaub zu fahren ist immer ein sch\u00f6nes Erlebnis, aber in Devon mit seinen herrlichen Landschaften ist ein Urlaub mit dem vierbeinigen Freund einfach traumhaft. Elegante viktorianische Architektur, eine Reihe breiter, halbmondf\u00f6rmiger Str\u00e4nde und als Hintergrund sieben H\u00fcgel, die die Stadt umgeben \u2013 so [&hellip;]","og_url":"https:\/\/www.urlaubcornwall.de\/blog\/hotels-torquay-mit-hund-zum-verlieben-einfach-ist-das\/","og_site_name":"Urlaub &amp; Reisen","article_modified_time":"2024-04-12T10:47:04+00:00","og_image":[{"url":"https:\/\/www.urlaubcornwall.de\/blog\/wp-content\/uploads\/2024\/03\/torquay.jpg"}],"twitter_card":"summary","twitter_misc":{"Est. reading time":"2 minutes"},"schema":{"@context":"https:\/\/schema.org","@graph":[{"@type":"WebSite","@id":"https:\/\/www.urlaubcornwall.de\/blog\/#website","url":"https:\/\/www.urlaubcornwall.de\/blog\/","name":"Urlaub &amp; Reisen","description":"Urlaub, Reisen, Cornwall und S\u00fcdengland: eine perfekte Kombination","potentialAction":[{"@type":"SearchAction","target":{"@type":"EntryPoint","urlTemplate":"https:\/\/www.urlaubcornwall.de\/blog\/?s={search_term_string}"},"query-input":"required name=search_term_string"}],"inLanguage":"en-US"},{"@type":"WebPage","@id":"https:\/\/www.urlaubcornwall.de\/blog\/hotels-torquay-mit-hund-zum-verlieben-einfach-ist-das\/","url":"https:\/\/www.urlaubcornwall.de\/blog\/hotels-torquay-mit-hund-zum-verlieben-einfach-ist-das\/","name":"Hotels in Torquay mit Hund zum Verlieben \u2013 so einfach ist das! - Urlaub &amp; Reisen","isPartOf":{"@id":"https:\/\/www.urlaubcornwall.de\/blog\/#website"},"datePublished":"2017-09-05T08:26:05+00:00","dateModified":"2024-04-12T10:47:04+00:00","breadcrumb":{"@id":"https:\/\/www.urlaubcornwall.de\/blog\/hotels-torquay-mit-hund-zum-verlieben-einfach-ist-das\/#breadcrumb"},"inLanguage":"en-US","potentialAction":[{"@type":"ReadAction","target":["https:\/\/www.urlaubcornwall.de\/blog\/hotels-torquay-mit-hund-zum-verlieben-einfach-ist-das\/"]}]},{"@type":"BreadcrumbList","@id":"https:\/\/www.urlaubcornwall.de\/blog\/hotels-torquay-mit-hund-zum-verlieben-einfach-ist-das\/#breadcrumb","itemListElement":[{"@type":"ListItem","position":1,"name":"Home","item":"https:\/\/www.urlaubcornwall.de\/blog\/"},{"@type":"ListItem","position":2,"name":"Hotels in Torquay mit Hund zum Verlieben \u2013 so einfach ist das!"}]}]}},"_links":{"self":[{"href":"https:\/\/www.urlaubcornwall.de\/blog\/wp-json\/wp\/v2\/pages\/28991"}],"collection":[{"href":"https:\/\/www.urlaubcornwall.de\/blog\/wp-json\/wp\/v2\/pages"}],"about":[{"href":"https:\/\/www.urlaubcornwall.de\/blog\/wp-json\/wp\/v2\/types\/page"}],"author":[{"embeddable":true,"href":"https:\/\/www.urlaubcornwall.de\/blog\/wp-json\/wp\/v2\/users\/1"}],"replies":[{"embeddable":true,"href":"https:\/\/www.urlaubcornwall.de\/blog\/wp-json\/wp\/v2\/comments?post=28991"}],"version-history":[{"count":10,"href":"https:\/\/www.urlaubcornwall.de\/blog\/wp-json\/wp\/v2\/pages\/28991\/revisions"}],"predecessor-version":[{"id":49276,"href":"https:\/\/www.urlaubcornwall.de\/blog\/wp-json\/wp\/v2\/pages\/28991\/revisions\/49276"}],"wp:attachment":[{"href":"https:\/\/www.urlaubcornwall.de\/blog\/wp-json\/wp\/v2\/media?parent=28991"}],"curies":[{"name":"wp","href":"https:\/\/api.w.org\/{rel}","templated":true}]}}