{"id":28987,"date":"2017-09-04T14:41:52","date_gmt":"2017-09-04T14:41:52","guid":{"rendered":"https:\/\/www.urlaubcornwall.de\/blog\/?page_id=28987"},"modified":"2018-03-27T11:24:58","modified_gmt":"2018-03-27T11:24:58","slug":"bei-uns-finden-sie-luxushotels-auf-der-isle-skye-zum-verlieben-einfach-ist-das","status":"publish","type":"page","link":"https:\/\/www.urlaubcornwall.de\/blog\/bei-uns-finden-sie-luxushotels-auf-der-isle-skye-zum-verlieben-einfach-ist-das\/","title":{"rendered":"Bei uns finden Sie Luxushotels auf der Isle of Skye zum Verlieben \u2013 so einfach ist das!"},"content":{"rendered":"<p><img loading=\"lazy\" class=\"aligncenter size-full wp-image-27951\" src=\"https:\/\/www.urlaubcornwall.de\/blog\/wp-content\/uploads\/2017\/06\/urlaub-skye.jpg\" alt=\"luxushotels urlaub skye 5 sterne\" width=\"745\" height=\"332\" srcset=\"https:\/\/www.urlaubcornwall.de\/blog\/wp-content\/uploads\/2017\/06\/urlaub-skye.jpg 745w, https:\/\/www.urlaubcornwall.de\/blog\/wp-content\/uploads\/2017\/06\/urlaub-skye-300x134.jpg 300w\" sizes=\"(max-width: 745px) 100vw, 745px\" \/><\/p>\n<p style=\"text-align: center;\"><strong>Die sch\u00f6nsten 4 &amp; 5 Sterne Luxushotels auf der Insel Skye f\u00fcr Ihren Uraub in Schottland.<\/strong><\/p>\n<p style=\"text-align: center;\">UrlaubCornwall.de hat die besten Luxushotels in Skye und Westk\u00fcste Schottlands ausgew\u00e4hlt, mit den gem\u00fctlichsten Zimmern und den besten Restaurants. Familienhotels, B&amp;B, Last Minute Angebote und M\u00f6glichkeiten f\u00fcr Kinder bieten bis hin zu 4 &amp; 5 Sterne Luxus-Spa-Hotels, eleganten Herrenh\u00e4usern oder f\u00fcnf-Sterne Schloss- und Boutique-Hotels<\/p>\n<p style=\"text-align: center;\"><a class=\"tidycta\" href=\"https:\/\/www.booking.com\/searchresults.html?region=2717&#038;aid=1320750&#038;no_rooms=1&#038;group_adults=2&#038;room1=A%2CA\" rel=\"nofollow\">Suche Hotels<\/a><\/p>\n<p><img loading=\"lazy\" class=\"aligncenter size-full wp-image-28670\" src=\"https:\/\/www.urlaubcornwall.de\/blog\/wp-content\/uploads\/2017\/08\/urlaub-und-gro\u00dfbritannien_logo-1.jpg\" alt=\"urlaub-und-gro\u00dfbritannien_logo\" width=\"764\" height=\"464\" srcset=\"https:\/\/www.urlaubcornwall.de\/blog\/wp-content\/uploads\/2017\/08\/urlaub-und-gro\u00dfbritannien_logo-1.jpg 764w, https:\/\/www.urlaubcornwall.de\/blog\/wp-content\/uploads\/2017\/08\/urlaub-und-gro\u00dfbritannien_logo-1-300x182.jpg 300w\" sizes=\"(max-width: 764px) 100vw, 764px\" \/><\/p>\n","protected":false},"excerpt":{"rendered":"<p>Die sch\u00f6nsten 4 &amp; 5 Sterne Luxushotels auf der Insel Skye f\u00fcr Ihren Uraub in Schottland. UrlaubCornwall.de hat die besten Luxushotels in Skye und Westk\u00fcste Schottlands ausgew\u00e4hlt, mit den gem\u00fctlichsten Zimmern und den besten Restaurants. Familienhotels, B&amp;B, Last Minute Angebote und M\u00f6glichkeiten f\u00fcr Kinder bieten bis hin zu 4 &amp; 5 Sterne Luxus-Spa-Hotels, eleganten Herrenh\u00e4usern [&hellip;]<\/p>\n","protected":false},"author":1,"featured_media":0,"parent":0,"menu_order":0,"comment_status":"closed","ping_status":"closed","template":"single-four.php","meta":[],"acf":[],"yoast_head":"<!-- This site is optimized with the Yoast SEO plugin v19.4 - https:\/\/yoast.com\/wordpress\/plugins\/seo\/ -->\n<title>Bei uns finden Sie Luxushotels auf der Isle of Skye zum Verlieben \u2013 so einfach ist das! - Urlaub &amp; Reisen<\/title>\n<meta name=\"robots\" content=\"index, follow, max-snippet:-1, max-image-preview:large, max-video-preview:-1\" \/>\n<link rel=\"canonical\" href=\"https:\/\/www.urlaubcornwall.de\/blog\/bei-uns-finden-sie-luxushotels-auf-der-isle-skye-zum-verlieben-einfach-ist-das\/\" \/>\n<meta property=\"og:locale\" content=\"en_US\" \/>\n<meta property=\"og:type\" content=\"article\" \/>\n<meta property=\"og:title\" content=\"Bei uns finden Sie Luxushotels auf der Isle of Skye zum Verlieben \u2013 so einfach ist das! - Urlaub &amp; Reisen\" \/>\n<meta property=\"og:description\" content=\"Die sch\u00f6nsten 4 &amp; 5 Sterne Luxushotels auf der Insel Skye f\u00fcr Ihren Uraub in Schottland. UrlaubCornwall.de hat die besten Luxushotels in Skye und Westk\u00fcste Schottlands ausgew\u00e4hlt, mit den gem\u00fctlichsten Zimmern und den besten Restaurants. Familienhotels, B&amp;B, Last Minute Angebote und M\u00f6glichkeiten f\u00fcr Kinder bieten bis hin zu 4 &amp; 5 Sterne Luxus-Spa-Hotels, eleganten Herrenh\u00e4usern [&hellip;]\" \/>\n<meta property=\"og:url\" content=\"https:\/\/www.urlaubcornwall.de\/blog\/bei-uns-finden-sie-luxushotels-auf-der-isle-skye-zum-verlieben-einfach-ist-das\/\" \/>\n<meta property=\"og:site_name\" content=\"Urlaub &amp; Reisen\" \/>\n<meta property=\"article:modified_time\" content=\"2018-03-27T11:24:58+00:00\" \/>\n<meta property=\"og:image\" content=\"https:\/\/www.urlaubcornwall.de\/blog\/wp-content\/uploads\/2017\/06\/urlaub-skye.jpg\" \/>\n<meta name=\"twitter:card\" content=\"summary\" \/>\n<script type=\"application\/ld+json\" class=\"yoast-schema-graph\">{\"@context\":\"https:\/\/schema.org\",\"@graph\":[{\"@type\":\"WebSite\",\"@id\":\"https:\/\/www.urlaubcornwall.de\/blog\/#website\",\"url\":\"https:\/\/www.urlaubcornwall.de\/blog\/\",\"name\":\"Urlaub &amp; Reisen\",\"description\":\"Urlaub, Reisen, Cornwall und S\u00fcdengland: eine perfekte Kombination\",\"potentialAction\":[{\"@type\":\"SearchAction\",\"target\":{\"@type\":\"EntryPoint\",\"urlTemplate\":\"https:\/\/www.urlaubcornwall.de\/blog\/?s={search_term_string}\"},\"query-input\":\"required name=search_term_string\"}],\"inLanguage\":\"en-US\"},{\"@type\":\"WebPage\",\"@id\":\"https:\/\/www.urlaubcornwall.de\/blog\/bei-uns-finden-sie-luxushotels-auf-der-isle-skye-zum-verlieben-einfach-ist-das\/\",\"url\":\"https:\/\/www.urlaubcornwall.de\/blog\/bei-uns-finden-sie-luxushotels-auf-der-isle-skye-zum-verlieben-einfach-ist-das\/\",\"name\":\"Bei uns finden Sie Luxushotels auf der Isle of Skye zum Verlieben \u2013 so einfach ist das! - Urlaub &amp; Reisen\",\"isPartOf\":{\"@id\":\"https:\/\/www.urlaubcornwall.de\/blog\/#website\"},\"datePublished\":\"2017-09-04T14:41:52+00:00\",\"dateModified\":\"2018-03-27T11:24:58+00:00\",\"breadcrumb\":{\"@id\":\"https:\/\/www.urlaubcornwall.de\/blog\/bei-uns-finden-sie-luxushotels-auf-der-isle-skye-zum-verlieben-einfach-ist-das\/#breadcrumb\"},\"inLanguage\":\"en-US\",\"potentialAction\":[{\"@type\":\"ReadAction\",\"target\":[\"https:\/\/www.urlaubcornwall.de\/blog\/bei-uns-finden-sie-luxushotels-auf-der-isle-skye-zum-verlieben-einfach-ist-das\/\"]}]},{\"@type\":\"BreadcrumbList\",\"@id\":\"https:\/\/www.urlaubcornwall.de\/blog\/bei-uns-finden-sie-luxushotels-auf-der-isle-skye-zum-verlieben-einfach-ist-das\/#breadcrumb\",\"itemListElement\":[{\"@type\":\"ListItem\",\"position\":1,\"name\":\"Home\",\"item\":\"https:\/\/www.urlaubcornwall.de\/blog\/\"},{\"@type\":\"ListItem\",\"position\":2,\"name\":\"Bei uns finden Sie Luxushotels auf der Isle of Skye zum Verlieben \u2013 so einfach ist das!\"}]}]}<\/script>\n<!-- \/ Yoast SEO plugin. -->","yoast_head_json":{"title":"Bei uns finden Sie Luxushotels auf der Isle of Skye zum Verlieben \u2013 so einfach ist das! - Urlaub &amp; Reisen","robots":{"index":"index","follow":"follow","max-snippet":"max-snippet:-1","max-image-preview":"max-image-preview:large","max-video-preview":"max-video-preview:-1"},"canonical":"https:\/\/www.urlaubcornwall.de\/blog\/bei-uns-finden-sie-luxushotels-auf-der-isle-skye-zum-verlieben-einfach-ist-das\/","og_locale":"en_US","og_type":"article","og_title":"Bei uns finden Sie Luxushotels auf der Isle of Skye zum Verlieben \u2013 so einfach ist das! - Urlaub &amp; Reisen","og_description":"Die sch\u00f6nsten 4 &amp; 5 Sterne Luxushotels auf der Insel Skye f\u00fcr Ihren Uraub in Schottland. UrlaubCornwall.de hat die besten Luxushotels in Skye und Westk\u00fcste Schottlands ausgew\u00e4hlt, mit den gem\u00fctlichsten Zimmern und den besten Restaurants. Familienhotels, B&amp;B, Last Minute Angebote und M\u00f6glichkeiten f\u00fcr Kinder bieten bis hin zu 4 &amp; 5 Sterne Luxus-Spa-Hotels, eleganten Herrenh\u00e4usern [&hellip;]","og_url":"https:\/\/www.urlaubcornwall.de\/blog\/bei-uns-finden-sie-luxushotels-auf-der-isle-skye-zum-verlieben-einfach-ist-das\/","og_site_name":"Urlaub &amp; Reisen","article_modified_time":"2018-03-27T11:24:58+00:00","og_image":[{"url":"https:\/\/www.urlaubcornwall.de\/blog\/wp-content\/uploads\/2017\/06\/urlaub-skye.jpg"}],"twitter_card":"summary","schema":{"@context":"https:\/\/schema.org","@graph":[{"@type":"WebSite","@id":"https:\/\/www.urlaubcornwall.de\/blog\/#website","url":"https:\/\/www.urlaubcornwall.de\/blog\/","name":"Urlaub &amp; Reisen","description":"Urlaub, Reisen, Cornwall und S\u00fcdengland: eine perfekte Kombination","potentialAction":[{"@type":"SearchAction","target":{"@type":"EntryPoint","urlTemplate":"https:\/\/www.urlaubcornwall.de\/blog\/?s={search_term_string}"},"query-input":"required name=search_term_string"}],"inLanguage":"en-US"},{"@type":"WebPage","@id":"https:\/\/www.urlaubcornwall.de\/blog\/bei-uns-finden-sie-luxushotels-auf-der-isle-skye-zum-verlieben-einfach-ist-das\/","url":"https:\/\/www.urlaubcornwall.de\/blog\/bei-uns-finden-sie-luxushotels-auf-der-isle-skye-zum-verlieben-einfach-ist-das\/","name":"Bei uns finden Sie Luxushotels auf der Isle of Skye zum Verlieben \u2013 so einfach ist das! - Urlaub &amp; Reisen","isPartOf":{"@id":"https:\/\/www.urlaubcornwall.de\/blog\/#website"},"datePublished":"2017-09-04T14:41:52+00:00","dateModified":"2018-03-27T11:24:58+00:00","breadcrumb":{"@id":"https:\/\/www.urlaubcornwall.de\/blog\/bei-uns-finden-sie-luxushotels-auf-der-isle-skye-zum-verlieben-einfach-ist-das\/#breadcrumb"},"inLanguage":"en-US","potentialAction":[{"@type":"ReadAction","target":["https:\/\/www.urlaubcornwall.de\/blog\/bei-uns-finden-sie-luxushotels-auf-der-isle-skye-zum-verlieben-einfach-ist-das\/"]}]},{"@type":"BreadcrumbList","@id":"https:\/\/www.urlaubcornwall.de\/blog\/bei-uns-finden-sie-luxushotels-auf-der-isle-skye-zum-verlieben-einfach-ist-das\/#breadcrumb","itemListElement":[{"@type":"ListItem","position":1,"name":"Home","item":"https:\/\/www.urlaubcornwall.de\/blog\/"},{"@type":"ListItem","position":2,"name":"Bei uns finden Sie Luxushotels auf der Isle of Skye zum Verlieben \u2013 so einfach ist das!"}]}]}},"_links":{"self":[{"href":"https:\/\/www.urlaubcornwall.de\/blog\/wp-json\/wp\/v2\/pages\/28987"}],"collection":[{"href":"https:\/\/www.urlaubcornwall.de\/blog\/wp-json\/wp\/v2\/pages"}],"about":[{"href":"https:\/\/www.urlaubcornwall.de\/blog\/wp-json\/wp\/v2\/types\/page"}],"author":[{"embeddable":true,"href":"https:\/\/www.urlaubcornwall.de\/blog\/wp-json\/wp\/v2\/users\/1"}],"replies":[{"embeddable":true,"href":"https:\/\/www.urlaubcornwall.de\/blog\/wp-json\/wp\/v2\/comments?post=28987"}],"version-history":[{"count":3,"href":"https:\/\/www.urlaubcornwall.de\/blog\/wp-json\/wp\/v2\/pages\/28987\/revisions"}],"predecessor-version":[{"id":33362,"href":"https:\/\/www.urlaubcornwall.de\/blog\/wp-json\/wp\/v2\/pages\/28987\/revisions\/33362"}],"wp:attachment":[{"href":"https:\/\/www.urlaubcornwall.de\/blog\/wp-json\/wp\/v2\/media?parent=28987"}],"curies":[{"name":"wp","href":"https:\/\/api.w.org\/{rel}","templated":true}]}}