{"id":28966,"date":"2017-09-04T12:27:57","date_gmt":"2017-09-04T12:27:57","guid":{"rendered":"https:\/\/www.urlaubcornwall.de\/blog\/?page_id=28966"},"modified":"2024-04-15T15:48:23","modified_gmt":"2024-04-15T15:48:23","slug":"bei-uns-finden-sie-luxushotels-bristol-zum-verlieben-einfach-ist-das","status":"publish","type":"page","link":"https:\/\/www.urlaubcornwall.de\/blog\/bei-uns-finden-sie-luxushotels-bristol-zum-verlieben-einfach-ist-das\/","title":{"rendered":"Exquisite Luxushotels in Bristol zum Verlieben!"},"content":{"rendered":"<p><img loading=\"lazy\" class=\"aligncenter size-full wp-image-48008\" src=\"https:\/\/www.urlaubcornwall.de\/blog\/wp-content\/uploads\/2024\/03\/Clifton-Suspension-Bridge-Bristol.jpg\" alt=\"Clifton Suspension Bridge, Bristol\" width=\"750\" height=\"500\" srcset=\"https:\/\/www.urlaubcornwall.de\/blog\/wp-content\/uploads\/2024\/03\/Clifton-Suspension-Bridge-Bristol.jpg 750w, https:\/\/www.urlaubcornwall.de\/blog\/wp-content\/uploads\/2024\/03\/Clifton-Suspension-Bridge-Bristol-300x200.jpg 300w\" sizes=\"(max-width: 750px) 100vw, 750px\" \/><\/p>\n<p style=\"text-align: left;\"><strong>Die sch\u00f6nsten 4 &amp; 5 Sterne Luxushotels in Bristol &#8211; <\/strong>Bristol und das in naher Nachbarschaft gelegene <a href=\"https:\/\/www.urlaubcornwall.de\/ferienhaeuser-fewos\/eng\/somerset\/bath.html\">Bath<\/a> m\u00fcssen unbedingt auf einer Rundreise durch S\u00fcdwestengland besucht werden. Weitere H\u00f6hepunkte eines Kurzurlaubs in <a href=\"https:\/\/www.urlaubcornwall.de\/ferienhaeuser-fewos\/eng\/somerset\/bristol.html\">Bristol<\/a> oder Teil einer Rundreise durch S\u00fcdwestengland beinhalten die pr\u00e4chtigste Kirche, St Mary Redcliff, die sich nur einen kurzen Spaziergang entfernt von den Docks befindet und von K\u00f6nigin Elizabeth I als die \u201eansehnlichste Gemeindekirche Englands\u201c beschrieben wurde.<\/p>\n<p style=\"text-align: left;\">Finden Sie Ihre perfekte Unterkunft in Ihrer Zielregion und erleben Sie Exklusive Urlaube und Rundreisen in Bristol.<\/p>\n<h2><a href=\"https:\/\/www.booking.com\/hotel\/gb\/radisson-blu-bristol.html?aid=1320750&amp;no_rooms=1&amp;group_adults=2&amp;room1=A%2CA\" rel=\"nofollow\"><span style=\"text-decoration: underline;\"><strong> Radisson Blu Hotel&nbsp; &#8211; 4 Sterne <span id=\"result_box\" class=\"short_text\" lang=\"de\"><span class=\"\">mit Blick auf den Fluss<\/span><\/span><\/strong><\/span><\/a><\/h2>\n<p>Das Radisson Blu Bristol hei\u00dft Sie im Herzen des pulsierenden Stadtzentrums von Bristol willkommen. Freuen Sie sich auf eine beeindruckende Aussicht und ein stilvolles Restaurant. Das Hotel bietet moderne Zimmer mit Blick auf die K\u00fcstenlinie und kostenfreiem WLAN&#8230;&#8230;..<a href=\"https:\/\/www.booking.com\/hotel\/gb\/radisson-blu-bristol.html?aid=1320750&amp;no_rooms=1&amp;group_adults=2&amp;room1=A%2CA \" rel=\"nofollow\">[Mehr]<\/a><\/p>\n<h2><a href=\"https:\/\/www.booking.com\/hotel\/gb\/holland-house-bristol.html?aid=1320750&amp;no_rooms=1&amp;group_adults=2&amp;room1=A%2CA\" rel=\"nofollow\"><span style=\"text-decoration: underline;\"><strong> Holland House Hotel &amp; Spa &#8211; 4 Sterne<\/strong><\/span><\/a><\/h2>\n<p>Nur 10 Gehminuten vom Stadtzentrum Bristols entfernt erwartet Sie das Mercure Bristol Holland House Hotel and Spa. Es verf\u00fcgt \u00fcber einen Innenpool, einen Fitnessraum und die Urban Bar &amp; Kitchen Restaurant in der Unterkunft&#8230;&#8230;&#8230;&#8230;<a href=\"https:\/\/www.booking.com\/hotel\/gb\/holland-house-bristol.html?aid=1320750&amp;no_rooms=1&amp;group_adults=2&amp;room1=A%2CA\" rel=\"nofollow\">[Mehr]<\/a><\/p>\n<h2><a href=\"https:\/\/www.booking.com\/hotel\/gb\/du-vin-bristol.html?aid=1320750&amp;no_rooms=1&amp;group_adults=2&amp;room1=A%2CA\" rel=\"nofollow\"><span style=\"text-decoration: underline;\"><strong> Hotel du Vin \u2013 4 Sterne Luxus Boutique-Hotel<\/strong><\/span><\/a><\/h2>\n<p>Dieses historische Hotel bietet einen abgeschlossenen Innenhof, ein preisgekr\u00f6ntes Bistro und luxuri\u00f6se Zimmer mit kostenfreiem WLAN. Das Hotel du Vin Bristol erwartet Sie einen 10-min\u00fctigen Spaziergang vom lebhaften Bereich Waterside entfernt&#8230;&#8230;&#8230;..<a href=\"https:\/\/www.booking.com\/hotel\/gb\/du-vin-bristol.html?aid=1320750&amp;no_rooms=1&amp;group_adults=2&amp;room1=A%2CA\" rel=\"nofollow\">[Mehr]<\/a><\/p>\n<h2><a href=\" https:\/\/www.booking.com\/hotel\/gb\/novotelbristol.html?aid=1320750&amp;no_rooms=1&amp;group_adults=2&amp;room1=A%2CA \"><span style=\"text-decoration: underline;\"><strong> Novotel Bristol Zentrum \u2013 4 Sterne<\/strong><\/span><\/a><\/h2>\n<p>Dieses Hotel liegt im Stadtzentrum von Bristol und verf\u00fcgt \u00fcber kostenfreies WLAN, einen modernen Fitnesscenter, eine Sportbar und Parkpl\u00e4tze an der Unterkunft. Das Novotel Bristol Centre liegt 5 Gehminuten vom Bahnhof Temple Meads entfernt&#8230;&#8230;&#8230;..<a href=\" https:\/\/www.booking.com\/hotel\/gb\/novotelbristol.html?aid=1320750&amp;no_rooms=1&amp;group_adults=2&amp;room1=A%2CA\" rel=\"nofollow\">[Mehr]<\/a><\/p>\n<p><ins class=\"bookingaff\" data-aid=\"1702221\" data-target_aid=\"1702221\" data-prod=\"map\" data-width=\"100%\" data-height=\"590\" data-lang=\"ualng\" data-dest_id=\"0\" data-dest_type=\"landmark\" data-latitude=\"51.454513\" data-longitude=\"-2.58791\" data-mwhsb=\"0\" data-address=\"Bristol, UK\"><br \/>\n    <!-- Anything inside will go away once widget is loaded. --><br \/>\n        <a href=\"\/\/www.booking.com?aid=1702221\" rel=\"nofollow\">Booking.com<\/a><br \/>\n<\/ins><br \/>\n<script type=\"text\/javascript\">\n    (function(d, sc, u) {\n      var s = d.createElement(sc), p = d.getElementsByTagName(sc)[0];\n      s.type = 'text\/javascript';\n      s.async = true;\n      s.src = u + '?v=' + (+new Date());\n      p.parentNode.insertBefore(s,p);\n      })(document, 'script', '\/\/aff.bstatic.com\/static\/affiliate_base\/js\/flexiproduct.js');\n<\/script><\/p>\n<div class=\"snippet\"> <a class=\"featured-item\" href=\"https:\/\/www.urlaubcornwall.de\/ferienhaeuser.php\"> <span class=\"image-holder\" style=\"background-image: url(' https:\/\/www.urlaubcornwall.de\/blog\/wp-content\/uploads\/2018\/12\/ferienhaus-cornwall-mit-hund.jpg ');\"><\/span> <span class=\"featured-content\"> \n<h2 class=\"featured-title\">Ferienh\u00e4user in England, Schottland &#038; Wales<\/h2>\n<p class=\"featured-body\">Bei uns finden Sie Ferienh\u00e4user in Gro\u00dfbritannien zum Verlieben; so einfach ist das! UrlaubCornwall.de hat eine einzigartige Sammlung pers\u00f6nlich inspizierter Ferienh\u00e4user und Ferienwohnungen&#8230;.<\/p><\/span> <span class=\"featured-link-holder\"> <span class=\"featured-extra-info\"> \n<p>F\u00fcr Paare, Familien &#038; Gruppen<\/p>\n<\/span> \n<p class=\"featured-link\">DETAILS<\/p>\n<\/span> <\/a><\/div>\n<div class=\"snippet\"> <a class=\"featured-item\" href=\" https:\/\/www.urlaubcornwall.de\/rundreisen\/grossbritannien.php\"> <span class=\"image-holder\" style=\"background-image: url(' https:\/\/www.urlaubcornwall.de\/blog\/wp-content\/uploads\/2018\/11\/rundreise-cornwall.jpg ');\"><\/span> <span class=\"featured-content\"> \n<h2 class=\"featured-title\">Individuelle Rundreise in Gro\u00dfbritannien<\/h2>\n<p class=\"featured-body\">Mit Sitz im Vereinten K\u00f6nigreich und einer Reiseleidenschaft haben wir uns darin spezialisiert, individuelle Rundreisen f\u00fcr Paare, Familien oder Gruppen zusammenzustellen&#8230;.<\/p>\n<\/span> <span class=\"featured-link-holder\"> <span class=\"featured-extra-info\"> \n<p>Urlaub im eigenen Schritttempo<\/p>\n<\/span> \n<p class=\"featured-link\">DETAILS<\/p>\n<\/span> <\/a><\/div>\n","protected":false},"excerpt":{"rendered":"<p>Die sch\u00f6nsten 4 &amp; 5 Sterne Luxushotels in Bristol &#8211; Bristol und das in naher Nachbarschaft gelegene Bath m\u00fcssen unbedingt auf einer Rundreise durch S\u00fcdwestengland besucht werden. Weitere H\u00f6hepunkte eines Kurzurlaubs in Bristol oder Teil einer Rundreise durch S\u00fcdwestengland beinhalten die pr\u00e4chtigste Kirche, St Mary Redcliff, die sich nur einen kurzen Spaziergang entfernt von den [&hellip;]<\/p>\n","protected":false},"author":1,"featured_media":0,"parent":0,"menu_order":0,"comment_status":"closed","ping_status":"closed","template":"single-four.php","meta":[],"acf":[],"yoast_head":"<!-- This site is optimized with the Yoast SEO plugin v19.4 - https:\/\/yoast.com\/wordpress\/plugins\/seo\/ -->\n<title>Exquisite Luxushotels in Bristol zum Verlieben! - Urlaub &amp; Reisen<\/title>\n<meta name=\"robots\" content=\"index, follow, max-snippet:-1, max-image-preview:large, max-video-preview:-1\" \/>\n<link rel=\"canonical\" href=\"https:\/\/www.urlaubcornwall.de\/blog\/bei-uns-finden-sie-luxushotels-bristol-zum-verlieben-einfach-ist-das\/\" \/>\n<meta property=\"og:locale\" content=\"en_US\" \/>\n<meta property=\"og:type\" content=\"article\" \/>\n<meta property=\"og:title\" content=\"Exquisite Luxushotels in Bristol zum Verlieben! - Urlaub &amp; Reisen\" \/>\n<meta property=\"og:description\" content=\"Die sch\u00f6nsten 4 &amp; 5 Sterne Luxushotels in Bristol &#8211; Bristol und das in naher Nachbarschaft gelegene Bath m\u00fcssen unbedingt auf einer Rundreise durch S\u00fcdwestengland besucht werden. Weitere H\u00f6hepunkte eines Kurzurlaubs in Bristol oder Teil einer Rundreise durch S\u00fcdwestengland beinhalten die pr\u00e4chtigste Kirche, St Mary Redcliff, die sich nur einen kurzen Spaziergang entfernt von den [&hellip;]\" \/>\n<meta property=\"og:url\" content=\"https:\/\/www.urlaubcornwall.de\/blog\/bei-uns-finden-sie-luxushotels-bristol-zum-verlieben-einfach-ist-das\/\" \/>\n<meta property=\"og:site_name\" content=\"Urlaub &amp; Reisen\" \/>\n<meta property=\"article:modified_time\" content=\"2024-04-15T15:48:23+00:00\" \/>\n<meta property=\"og:image\" content=\"https:\/\/www.urlaubcornwall.de\/blog\/wp-content\/uploads\/2024\/03\/Clifton-Suspension-Bridge-Bristol.jpg\" \/>\n<meta name=\"twitter:card\" content=\"summary\" \/>\n<meta name=\"twitter:label1\" content=\"Est. reading time\" \/>\n\t<meta name=\"twitter:data1\" content=\"2 minutes\" \/>\n<script type=\"application\/ld+json\" class=\"yoast-schema-graph\">{\"@context\":\"https:\/\/schema.org\",\"@graph\":[{\"@type\":\"WebSite\",\"@id\":\"https:\/\/www.urlaubcornwall.de\/blog\/#website\",\"url\":\"https:\/\/www.urlaubcornwall.de\/blog\/\",\"name\":\"Urlaub &amp; Reisen\",\"description\":\"Urlaub, Reisen, Cornwall und S\u00fcdengland: eine perfekte Kombination\",\"potentialAction\":[{\"@type\":\"SearchAction\",\"target\":{\"@type\":\"EntryPoint\",\"urlTemplate\":\"https:\/\/www.urlaubcornwall.de\/blog\/?s={search_term_string}\"},\"query-input\":\"required name=search_term_string\"}],\"inLanguage\":\"en-US\"},{\"@type\":\"WebPage\",\"@id\":\"https:\/\/www.urlaubcornwall.de\/blog\/bei-uns-finden-sie-luxushotels-bristol-zum-verlieben-einfach-ist-das\/\",\"url\":\"https:\/\/www.urlaubcornwall.de\/blog\/bei-uns-finden-sie-luxushotels-bristol-zum-verlieben-einfach-ist-das\/\",\"name\":\"Exquisite Luxushotels in Bristol zum Verlieben! - Urlaub &amp; Reisen\",\"isPartOf\":{\"@id\":\"https:\/\/www.urlaubcornwall.de\/blog\/#website\"},\"datePublished\":\"2017-09-04T12:27:57+00:00\",\"dateModified\":\"2024-04-15T15:48:23+00:00\",\"breadcrumb\":{\"@id\":\"https:\/\/www.urlaubcornwall.de\/blog\/bei-uns-finden-sie-luxushotels-bristol-zum-verlieben-einfach-ist-das\/#breadcrumb\"},\"inLanguage\":\"en-US\",\"potentialAction\":[{\"@type\":\"ReadAction\",\"target\":[\"https:\/\/www.urlaubcornwall.de\/blog\/bei-uns-finden-sie-luxushotels-bristol-zum-verlieben-einfach-ist-das\/\"]}]},{\"@type\":\"BreadcrumbList\",\"@id\":\"https:\/\/www.urlaubcornwall.de\/blog\/bei-uns-finden-sie-luxushotels-bristol-zum-verlieben-einfach-ist-das\/#breadcrumb\",\"itemListElement\":[{\"@type\":\"ListItem\",\"position\":1,\"name\":\"Home\",\"item\":\"https:\/\/www.urlaubcornwall.de\/blog\/\"},{\"@type\":\"ListItem\",\"position\":2,\"name\":\"Exquisite Luxushotels in Bristol zum Verlieben!\"}]}]}<\/script>\n<!-- \/ Yoast SEO plugin. -->","yoast_head_json":{"title":"Exquisite Luxushotels in Bristol zum Verlieben! - Urlaub &amp; Reisen","robots":{"index":"index","follow":"follow","max-snippet":"max-snippet:-1","max-image-preview":"max-image-preview:large","max-video-preview":"max-video-preview:-1"},"canonical":"https:\/\/www.urlaubcornwall.de\/blog\/bei-uns-finden-sie-luxushotels-bristol-zum-verlieben-einfach-ist-das\/","og_locale":"en_US","og_type":"article","og_title":"Exquisite Luxushotels in Bristol zum Verlieben! - Urlaub &amp; Reisen","og_description":"Die sch\u00f6nsten 4 &amp; 5 Sterne Luxushotels in Bristol &#8211; Bristol und das in naher Nachbarschaft gelegene Bath m\u00fcssen unbedingt auf einer Rundreise durch S\u00fcdwestengland besucht werden. Weitere H\u00f6hepunkte eines Kurzurlaubs in Bristol oder Teil einer Rundreise durch S\u00fcdwestengland beinhalten die pr\u00e4chtigste Kirche, St Mary Redcliff, die sich nur einen kurzen Spaziergang entfernt von den [&hellip;]","og_url":"https:\/\/www.urlaubcornwall.de\/blog\/bei-uns-finden-sie-luxushotels-bristol-zum-verlieben-einfach-ist-das\/","og_site_name":"Urlaub &amp; Reisen","article_modified_time":"2024-04-15T15:48:23+00:00","og_image":[{"url":"https:\/\/www.urlaubcornwall.de\/blog\/wp-content\/uploads\/2024\/03\/Clifton-Suspension-Bridge-Bristol.jpg"}],"twitter_card":"summary","twitter_misc":{"Est. reading time":"2 minutes"},"schema":{"@context":"https:\/\/schema.org","@graph":[{"@type":"WebSite","@id":"https:\/\/www.urlaubcornwall.de\/blog\/#website","url":"https:\/\/www.urlaubcornwall.de\/blog\/","name":"Urlaub &amp; Reisen","description":"Urlaub, Reisen, Cornwall und S\u00fcdengland: eine perfekte Kombination","potentialAction":[{"@type":"SearchAction","target":{"@type":"EntryPoint","urlTemplate":"https:\/\/www.urlaubcornwall.de\/blog\/?s={search_term_string}"},"query-input":"required name=search_term_string"}],"inLanguage":"en-US"},{"@type":"WebPage","@id":"https:\/\/www.urlaubcornwall.de\/blog\/bei-uns-finden-sie-luxushotels-bristol-zum-verlieben-einfach-ist-das\/","url":"https:\/\/www.urlaubcornwall.de\/blog\/bei-uns-finden-sie-luxushotels-bristol-zum-verlieben-einfach-ist-das\/","name":"Exquisite Luxushotels in Bristol zum Verlieben! - Urlaub &amp; Reisen","isPartOf":{"@id":"https:\/\/www.urlaubcornwall.de\/blog\/#website"},"datePublished":"2017-09-04T12:27:57+00:00","dateModified":"2024-04-15T15:48:23+00:00","breadcrumb":{"@id":"https:\/\/www.urlaubcornwall.de\/blog\/bei-uns-finden-sie-luxushotels-bristol-zum-verlieben-einfach-ist-das\/#breadcrumb"},"inLanguage":"en-US","potentialAction":[{"@type":"ReadAction","target":["https:\/\/www.urlaubcornwall.de\/blog\/bei-uns-finden-sie-luxushotels-bristol-zum-verlieben-einfach-ist-das\/"]}]},{"@type":"BreadcrumbList","@id":"https:\/\/www.urlaubcornwall.de\/blog\/bei-uns-finden-sie-luxushotels-bristol-zum-verlieben-einfach-ist-das\/#breadcrumb","itemListElement":[{"@type":"ListItem","position":1,"name":"Home","item":"https:\/\/www.urlaubcornwall.de\/blog\/"},{"@type":"ListItem","position":2,"name":"Exquisite Luxushotels in Bristol zum Verlieben!"}]}]}},"_links":{"self":[{"href":"https:\/\/www.urlaubcornwall.de\/blog\/wp-json\/wp\/v2\/pages\/28966"}],"collection":[{"href":"https:\/\/www.urlaubcornwall.de\/blog\/wp-json\/wp\/v2\/pages"}],"about":[{"href":"https:\/\/www.urlaubcornwall.de\/blog\/wp-json\/wp\/v2\/types\/page"}],"author":[{"embeddable":true,"href":"https:\/\/www.urlaubcornwall.de\/blog\/wp-json\/wp\/v2\/users\/1"}],"replies":[{"embeddable":true,"href":"https:\/\/www.urlaubcornwall.de\/blog\/wp-json\/wp\/v2\/comments?post=28966"}],"version-history":[{"count":10,"href":"https:\/\/www.urlaubcornwall.de\/blog\/wp-json\/wp\/v2\/pages\/28966\/revisions"}],"predecessor-version":[{"id":49743,"href":"https:\/\/www.urlaubcornwall.de\/blog\/wp-json\/wp\/v2\/pages\/28966\/revisions\/49743"}],"wp:attachment":[{"href":"https:\/\/www.urlaubcornwall.de\/blog\/wp-json\/wp\/v2\/media?parent=28966"}],"curies":[{"name":"wp","href":"https:\/\/api.w.org\/{rel}","templated":true}]}}