{"id":28960,"date":"2017-09-04T11:22:06","date_gmt":"2017-09-04T11:22:06","guid":{"rendered":"https:\/\/www.urlaubcornwall.de\/blog\/?page_id=28960"},"modified":"2024-04-15T15:16:10","modified_gmt":"2024-04-15T15:16:10","slug":"bei-uns-finden-sie-hotels-bristol-mit-hund-zum-verlieben","status":"publish","type":"page","link":"https:\/\/www.urlaubcornwall.de\/blog\/bei-uns-finden-sie-hotels-bristol-mit-hund-zum-verlieben\/","title":{"rendered":"Besten Hotels in Bristol mit Hund"},"content":{"rendered":"<p><img loading=\"lazy\" class=\"aligncenter size-full wp-image-48008\" src=\"https:\/\/www.urlaubcornwall.de\/blog\/wp-content\/uploads\/2024\/03\/Clifton-Suspension-Bridge-Bristol.jpg\" alt=\"Clifton Suspension Bridge, Bristol\" width=\"750\" height=\"500\" srcset=\"https:\/\/www.urlaubcornwall.de\/blog\/wp-content\/uploads\/2024\/03\/Clifton-Suspension-Bridge-Bristol.jpg 750w, https:\/\/www.urlaubcornwall.de\/blog\/wp-content\/uploads\/2024\/03\/Clifton-Suspension-Bridge-Bristol-300x200.jpg 300w\" sizes=\"(max-width: 750px) 100vw, 750px\" \/><br \/>\nDie sch\u00f6nsten Hundefreundliche Hotels in der N\u00e4he Bristol &#8211; Wenngleich kein gro\u00dfer Umschlagshafen mehr, h\u00e4ngt doch Bristols Seefahrtsgeschichte noch in der Luft. Daher bietet sich an, Ihre Erkundungen an den \u201eCity Docks\u201c zu starten. Das \u201eMaritime Heritage Centre\u201c liefert einen \u00dcberblick \u00fcber die Rolle des Schiffbaus in der Stadt, und nebenan befindet sich das ber\u00fchmte SS Great Britain, das erste mit eisernem Schraubenpropeller versehene Schiff, das 1843 in den Ozean hinaus fuhr&#8230;.<a href=\"https:\/\/www.urlaubcornwall.de\/blog\/urlaub-in-bristol-rundreisen-in-suedwest-england\/\">[ Mehr ]<strong><\/strong><\/a><\/p>\n<p><strong>Hotels in Bristol &#8211; Haustiere erlaubt.<\/strong><br \/>\n<ins class=\"bookingaff\" data-aid=\"1702221\" data-target_aid=\"1702221\" data-prod=\"map\" data-width=\"100%\" data-height=\"590\" data-lang=\"ualng\" data-dest_id=\"0\" data-dest_type=\"landmark\" data-latitude=\"51.454513\" data-longitude=\"-2.58791\" data-mwhsb=\"1\"><br \/>\n    <!-- Anything inside will go away once widget is loaded. --><br \/>\n        <a href=\"\/\/www.booking.com?aid=1702221\" rel=\"nofollow\">Booking.com<\/a><br \/>\n<\/ins><br \/>\n<script type=\"text\/javascript\">\n    (function(d, sc, u) {\n      var s = d.createElement(sc), p = d.getElementsByTagName(sc)[0];\n      s.type = 'text\/javascript';\n      s.async = true;\n      s.src = u + '?v=' + (+new Date());\n      p.parentNode.insertBefore(s,p);\n      })(document, 'script', '\/\/aff.bstatic.com\/static\/affiliate_base\/js\/flexiproduct.js');\n<\/script><\/p>\n<h2><a href=\"https:\/\/www.booking.com\/hotel\/gb\/du-vin-bristol.html?aid=1320750&amp;no_rooms=1&amp;group_adults=2&amp;room1=A%2CA\" rel=\"nofollow\"><span style=\"text-decoration: underline;\"><strong>Hotel du Vin \u2013 Luxus Boutique-Hotel<\/strong><\/span><\/a><\/h2>\n<p>Dieses historische Hotel bietet einen abgeschlossenen Innenhof, ein preisgekr\u00f6ntes Bistro und luxuri\u00f6se Zimmer mit kostenfreiem WLAN. Das Hotel du Vin Bristol erwartet Sie einen 10-min\u00fctigen Spaziergang vom lebhaften Bereich Waterside entfernt&#8230;&#8230;&#8230;..<a href=\"https:\/\/www.booking.com\/hotel\/gb\/du-vin-bristol.html?aid=1320750&amp;no_rooms=1&amp;group_adults=2&amp;room1=A%2CA\" rel=\"nofollow\">[Mehr]<\/a><\/p>\n<h2><a href=\" https:\/\/www.booking.com\/hotel\/gb\/novotelbristol.html?aid=1320750&amp;no_rooms=1&amp;group_adults=2&amp;room1=A%2CA \"><span style=\"text-decoration: underline;\"><strong> Novotel Bristol Zentrum \u2013 4 Sterne<\/strong><\/span><\/a><\/h2>\n<p>Dieses Hotel liegt im Stadtzentrum von Bristol und verf\u00fcgt \u00fcber kostenfreies WLAN, einen modernen Fitnesscenter, eine Sportbar und Parkpl\u00e4tze an der Unterkunft. Das Novotel Bristol Centre liegt 5 Gehminuten vom Bahnhof Temple Meads entfernt&#8230;&#8230;&#8230;..<a href=\" https:\/\/www.booking.com\/hotel\/gb\/novotelbristol.html?aid=1320750&amp;no_rooms=1&amp;group_adults=2&amp;room1=A%2CA\" rel=\"nofollow\">[Mehr]<\/a><\/p>\n<h2><a href=\"https:\/\/www.booking.com\/hotel\/gb\/rodneyhotel.html?aid=1320750&amp;no_rooms=1&amp;group_adults=2&amp;room1=A%2CA\" rel=\"nofollow\"><span style=\"text-decoration: underline;\"><strong> The Rodney Hotel Bristol \u2013 3 Sterne<\/strong><\/span><\/a><\/h2>\n<p>Dieses kleine Hotel erwartet Sie im historischen Dorf Clifton, nur einen kurzen Spaziergang von der ber\u00fchmten H\u00e4ngebr\u00fccke von Brunel entfernt mit einem mit der AA Rosette ausgezeichnetem Restaurant, Zimmern mit losem Tee, Flachbild-TV und Stereoanlage von Sony sowie einem eigenen, ummauerten Garten&#8230;&#8230;&#8230;.<a href=\"https:\/\/www.booking.com\/hotel\/gb\/rodneyhotel.html?aid=1320750&amp;no_rooms=1&amp;group_adults=2&amp;room1=A%2CA\" rel=\"nofollow\">[Mehr]<\/a><\/p>\n<h2><a href=\"https:\/\/www.booking.com\/hotel\/gb\/ebhibristolcitycentre.html?aid=1320750&amp;no_rooms=1&amp;group_adults=2&amp;room1=A%2CA \" rel=\"nofollow\"><span style=\"text-decoration: underline;\"><strong> Holiday Inn Express &#8211; Bristol <span id=\"result_box\" class=\"short_text\" lang=\"de\"><span class=\"\">Stadtzentrum<\/span><\/span><\/strong><\/span><\/a><\/h2>\n<p>Direkt gegen\u00fcber dem Bahnhof Bristol Temple Meads begr\u00fc\u00dft Sie das Holiday Inn Express Bristol City Centre. Zum internationalen Flughafen Bristol gelangen Sie nach einer 30-min\u00fctigen Fahrt. Das Hotel genie\u00dft eine verkehrsg\u00fcnstige Lage in unmittelbarer N\u00e4he der Autobahnen M 4, M 5 und M 32 und ist ein idealer Ausgangspunkt f\u00fcr die Erkundung der lebhaften Stadt Bristol, dem Tor zum S\u00fcdwesten&#8230;&#8230;&#8230;<a href=\"https:\/\/www.booking.com\/hotel\/gb\/ebhibristolcitycentre.html?aid=1320750&amp;no_rooms=1&amp;group_adults=2&amp;room1=A%2CA\" rel=\"nofollow\">[Mehr]<\/a><\/p>\n<h2><a href=\"https:\/\/www.booking.com\/hotel\/gb\/ibis-bristol-centre.html?aid=1320750&amp;no_rooms=1&amp;group_adults=2&amp;room1=A%2CA\" rel=\"nofollow\"><span style=\"text-decoration: underline;\"><strong> Ibis Bristol Centre \u2013 G\u00fcnstig Hotel<\/strong><\/span><\/a><\/h2>\n<p>Das Ibis Bristol Centre mit Blick auf den Millennium Square liegt im lebhaften Viertel Harbourside von Bristol. Das moderne Hotel verf\u00fcgt \u00fcber eine 24-Stunden-Rezeption, eine stilvolle Bar und ein Caf\u00e9-Restaurant&#8230;&#8230;&#8230;<a href=\"https:\/\/www.booking.com\/hotel\/gb\/ibis-bristol-centre.html?aid=1320750&amp;no_rooms=1&amp;group_adults=2&amp;room1=A%2CA\" rel=\"nofollow\">[Mehr]<\/a><\/p>\n<h2><a href=\"https:\/\/www.booking.com\/hotel\/gb\/cliftonhotels.html?aid=1320750&amp;no_rooms=1&amp;group_adults=2&amp;room1=A%2CA\" rel=\"nofollow\"><span style=\"text-decoration: underline;\"><strong> The Clifton Hotel \u2013 G\u00fcnstig Hotel<\/strong><\/span><\/a><\/h2>\n<p>Das The Clifton Hotel bietet Zimmer mit einem eigenen Bad, frischem Obst und selbstgebackenen Keksen. Freuen Sie sich auch auf eine stilvolle Kellerbar und ein Caf\u00e9 mit Terrasse. Clifton Village liegt 10 Gehminuten entfernt und das lebhafte Stadtzentrum von Bristol erreichen Sie in 20 Gehminuten&#8230;&#8230;.<a href=\"https:\/\/www.booking.com\/hotel\/gb\/cliftonhotels.html?aid=1320750&amp;no_rooms=1&amp;group_adults=2&amp;room1=A%2CA\" rel=\"nofollow\">[Mehr]<\/a><\/p>\n<div class=\"snippet\"> <a class=\"featured-item\" href=\"https:\/\/www.urlaubcornwall.de\/ferienhaeuser.php\"> <span class=\"image-holder\" style=\"background-image: url(' https:\/\/www.urlaubcornwall.de\/blog\/wp-content\/uploads\/2018\/12\/ferienhaus-cornwall-mit-hund.jpg ');\"><\/span> <span class=\"featured-content\"> \n<h2 class=\"featured-title\">Ferienh\u00e4user in England, Schottland &#038; Wales<\/h2>\n<p class=\"featured-body\">Bei uns finden Sie Ferienh\u00e4user in Gro\u00dfbritannien zum Verlieben; so einfach ist das! UrlaubCornwall.de hat eine einzigartige Sammlung pers\u00f6nlich inspizierter Ferienh\u00e4user und Ferienwohnungen&#8230;.<\/p><\/span> <span class=\"featured-link-holder\"> <span class=\"featured-extra-info\"> \n<p>F\u00fcr Paare, Familien &#038; Gruppen<\/p>\n<\/span> \n<p class=\"featured-link\">DETAILS<\/p>\n<\/span> <\/a><\/div>\n<div class=\"snippet\"> <a class=\"featured-item\" href=\" https:\/\/www.urlaubcornwall.de\/rundreisen\/grossbritannien.php\"> <span class=\"image-holder\" style=\"background-image: url(' https:\/\/www.urlaubcornwall.de\/blog\/wp-content\/uploads\/2018\/11\/rundreise-cornwall.jpg ');\"><\/span> <span class=\"featured-content\"> \n<h2 class=\"featured-title\">Individuelle Rundreise in Gro\u00dfbritannien<\/h2>\n<p class=\"featured-body\">Mit Sitz im Vereinten K\u00f6nigreich und einer Reiseleidenschaft haben wir uns darin spezialisiert, individuelle Rundreisen f\u00fcr Paare, Familien oder Gruppen zusammenzustellen&#8230;.<\/p>\n<\/span> <span class=\"featured-link-holder\"> <span class=\"featured-extra-info\"> \n<p>Urlaub im eigenen Schritttempo<\/p>\n<\/span> \n<p class=\"featured-link\">DETAILS<\/p>\n<\/span> <\/a><\/div>\n","protected":false},"excerpt":{"rendered":"<p>Die sch\u00f6nsten Hundefreundliche Hotels in der N\u00e4he Bristol &#8211; Wenngleich kein gro\u00dfer Umschlagshafen mehr, h\u00e4ngt doch Bristols Seefahrtsgeschichte noch in der Luft. Daher bietet sich an, Ihre Erkundungen an den \u201eCity Docks\u201c zu starten. Das \u201eMaritime Heritage Centre\u201c liefert einen \u00dcberblick \u00fcber die Rolle des Schiffbaus in der Stadt, und nebenan befindet sich das ber\u00fchmte [&hellip;]<\/p>\n","protected":false},"author":1,"featured_media":0,"parent":0,"menu_order":0,"comment_status":"closed","ping_status":"closed","template":"single-four.php","meta":[],"acf":[],"yoast_head":"<!-- This site is optimized with the Yoast SEO plugin v19.4 - https:\/\/yoast.com\/wordpress\/plugins\/seo\/ -->\n<title>Besten Hotels in Bristol mit Hund - Urlaub &amp; Reisen<\/title>\n<meta name=\"robots\" content=\"index, follow, max-snippet:-1, max-image-preview:large, max-video-preview:-1\" \/>\n<link rel=\"canonical\" href=\"https:\/\/www.urlaubcornwall.de\/blog\/bei-uns-finden-sie-hotels-bristol-mit-hund-zum-verlieben\/\" \/>\n<meta property=\"og:locale\" content=\"en_US\" \/>\n<meta property=\"og:type\" content=\"article\" \/>\n<meta property=\"og:title\" content=\"Besten Hotels in Bristol mit Hund - Urlaub &amp; Reisen\" \/>\n<meta property=\"og:description\" content=\"Die sch\u00f6nsten Hundefreundliche Hotels in der N\u00e4he Bristol &#8211; Wenngleich kein gro\u00dfer Umschlagshafen mehr, h\u00e4ngt doch Bristols Seefahrtsgeschichte noch in der Luft. Daher bietet sich an, Ihre Erkundungen an den \u201eCity Docks\u201c zu starten. Das \u201eMaritime Heritage Centre\u201c liefert einen \u00dcberblick \u00fcber die Rolle des Schiffbaus in der Stadt, und nebenan befindet sich das ber\u00fchmte [&hellip;]\" \/>\n<meta property=\"og:url\" content=\"https:\/\/www.urlaubcornwall.de\/blog\/bei-uns-finden-sie-hotels-bristol-mit-hund-zum-verlieben\/\" \/>\n<meta property=\"og:site_name\" content=\"Urlaub &amp; Reisen\" \/>\n<meta property=\"article:modified_time\" content=\"2024-04-15T15:16:10+00:00\" \/>\n<meta property=\"og:image\" content=\"https:\/\/www.urlaubcornwall.de\/blog\/wp-content\/uploads\/2024\/03\/Clifton-Suspension-Bridge-Bristol.jpg\" \/>\n<meta name=\"twitter:card\" content=\"summary\" \/>\n<meta name=\"twitter:label1\" content=\"Est. reading time\" \/>\n\t<meta name=\"twitter:data1\" content=\"3 minutes\" \/>\n<script type=\"application\/ld+json\" class=\"yoast-schema-graph\">{\"@context\":\"https:\/\/schema.org\",\"@graph\":[{\"@type\":\"WebSite\",\"@id\":\"https:\/\/www.urlaubcornwall.de\/blog\/#website\",\"url\":\"https:\/\/www.urlaubcornwall.de\/blog\/\",\"name\":\"Urlaub &amp; Reisen\",\"description\":\"Urlaub, Reisen, Cornwall und S\u00fcdengland: eine perfekte Kombination\",\"potentialAction\":[{\"@type\":\"SearchAction\",\"target\":{\"@type\":\"EntryPoint\",\"urlTemplate\":\"https:\/\/www.urlaubcornwall.de\/blog\/?s={search_term_string}\"},\"query-input\":\"required name=search_term_string\"}],\"inLanguage\":\"en-US\"},{\"@type\":\"WebPage\",\"@id\":\"https:\/\/www.urlaubcornwall.de\/blog\/bei-uns-finden-sie-hotels-bristol-mit-hund-zum-verlieben\/\",\"url\":\"https:\/\/www.urlaubcornwall.de\/blog\/bei-uns-finden-sie-hotels-bristol-mit-hund-zum-verlieben\/\",\"name\":\"Besten Hotels in Bristol mit Hund - Urlaub &amp; Reisen\",\"isPartOf\":{\"@id\":\"https:\/\/www.urlaubcornwall.de\/blog\/#website\"},\"datePublished\":\"2017-09-04T11:22:06+00:00\",\"dateModified\":\"2024-04-15T15:16:10+00:00\",\"breadcrumb\":{\"@id\":\"https:\/\/www.urlaubcornwall.de\/blog\/bei-uns-finden-sie-hotels-bristol-mit-hund-zum-verlieben\/#breadcrumb\"},\"inLanguage\":\"en-US\",\"potentialAction\":[{\"@type\":\"ReadAction\",\"target\":[\"https:\/\/www.urlaubcornwall.de\/blog\/bei-uns-finden-sie-hotels-bristol-mit-hund-zum-verlieben\/\"]}]},{\"@type\":\"BreadcrumbList\",\"@id\":\"https:\/\/www.urlaubcornwall.de\/blog\/bei-uns-finden-sie-hotels-bristol-mit-hund-zum-verlieben\/#breadcrumb\",\"itemListElement\":[{\"@type\":\"ListItem\",\"position\":1,\"name\":\"Home\",\"item\":\"https:\/\/www.urlaubcornwall.de\/blog\/\"},{\"@type\":\"ListItem\",\"position\":2,\"name\":\"Besten Hotels in Bristol mit Hund\"}]}]}<\/script>\n<!-- \/ Yoast SEO plugin. -->","yoast_head_json":{"title":"Besten Hotels in Bristol mit Hund - Urlaub &amp; Reisen","robots":{"index":"index","follow":"follow","max-snippet":"max-snippet:-1","max-image-preview":"max-image-preview:large","max-video-preview":"max-video-preview:-1"},"canonical":"https:\/\/www.urlaubcornwall.de\/blog\/bei-uns-finden-sie-hotels-bristol-mit-hund-zum-verlieben\/","og_locale":"en_US","og_type":"article","og_title":"Besten Hotels in Bristol mit Hund - Urlaub &amp; Reisen","og_description":"Die sch\u00f6nsten Hundefreundliche Hotels in der N\u00e4he Bristol &#8211; Wenngleich kein gro\u00dfer Umschlagshafen mehr, h\u00e4ngt doch Bristols Seefahrtsgeschichte noch in der Luft. Daher bietet sich an, Ihre Erkundungen an den \u201eCity Docks\u201c zu starten. Das \u201eMaritime Heritage Centre\u201c liefert einen \u00dcberblick \u00fcber die Rolle des Schiffbaus in der Stadt, und nebenan befindet sich das ber\u00fchmte [&hellip;]","og_url":"https:\/\/www.urlaubcornwall.de\/blog\/bei-uns-finden-sie-hotels-bristol-mit-hund-zum-verlieben\/","og_site_name":"Urlaub &amp; Reisen","article_modified_time":"2024-04-15T15:16:10+00:00","og_image":[{"url":"https:\/\/www.urlaubcornwall.de\/blog\/wp-content\/uploads\/2024\/03\/Clifton-Suspension-Bridge-Bristol.jpg"}],"twitter_card":"summary","twitter_misc":{"Est. reading time":"3 minutes"},"schema":{"@context":"https:\/\/schema.org","@graph":[{"@type":"WebSite","@id":"https:\/\/www.urlaubcornwall.de\/blog\/#website","url":"https:\/\/www.urlaubcornwall.de\/blog\/","name":"Urlaub &amp; Reisen","description":"Urlaub, Reisen, Cornwall und S\u00fcdengland: eine perfekte Kombination","potentialAction":[{"@type":"SearchAction","target":{"@type":"EntryPoint","urlTemplate":"https:\/\/www.urlaubcornwall.de\/blog\/?s={search_term_string}"},"query-input":"required name=search_term_string"}],"inLanguage":"en-US"},{"@type":"WebPage","@id":"https:\/\/www.urlaubcornwall.de\/blog\/bei-uns-finden-sie-hotels-bristol-mit-hund-zum-verlieben\/","url":"https:\/\/www.urlaubcornwall.de\/blog\/bei-uns-finden-sie-hotels-bristol-mit-hund-zum-verlieben\/","name":"Besten Hotels in Bristol mit Hund - Urlaub &amp; Reisen","isPartOf":{"@id":"https:\/\/www.urlaubcornwall.de\/blog\/#website"},"datePublished":"2017-09-04T11:22:06+00:00","dateModified":"2024-04-15T15:16:10+00:00","breadcrumb":{"@id":"https:\/\/www.urlaubcornwall.de\/blog\/bei-uns-finden-sie-hotels-bristol-mit-hund-zum-verlieben\/#breadcrumb"},"inLanguage":"en-US","potentialAction":[{"@type":"ReadAction","target":["https:\/\/www.urlaubcornwall.de\/blog\/bei-uns-finden-sie-hotels-bristol-mit-hund-zum-verlieben\/"]}]},{"@type":"BreadcrumbList","@id":"https:\/\/www.urlaubcornwall.de\/blog\/bei-uns-finden-sie-hotels-bristol-mit-hund-zum-verlieben\/#breadcrumb","itemListElement":[{"@type":"ListItem","position":1,"name":"Home","item":"https:\/\/www.urlaubcornwall.de\/blog\/"},{"@type":"ListItem","position":2,"name":"Besten Hotels in Bristol mit Hund"}]}]}},"_links":{"self":[{"href":"https:\/\/www.urlaubcornwall.de\/blog\/wp-json\/wp\/v2\/pages\/28960"}],"collection":[{"href":"https:\/\/www.urlaubcornwall.de\/blog\/wp-json\/wp\/v2\/pages"}],"about":[{"href":"https:\/\/www.urlaubcornwall.de\/blog\/wp-json\/wp\/v2\/types\/page"}],"author":[{"embeddable":true,"href":"https:\/\/www.urlaubcornwall.de\/blog\/wp-json\/wp\/v2\/users\/1"}],"replies":[{"embeddable":true,"href":"https:\/\/www.urlaubcornwall.de\/blog\/wp-json\/wp\/v2\/comments?post=28960"}],"version-history":[{"count":10,"href":"https:\/\/www.urlaubcornwall.de\/blog\/wp-json\/wp\/v2\/pages\/28960\/revisions"}],"predecessor-version":[{"id":49666,"href":"https:\/\/www.urlaubcornwall.de\/blog\/wp-json\/wp\/v2\/pages\/28960\/revisions\/49666"}],"wp:attachment":[{"href":"https:\/\/www.urlaubcornwall.de\/blog\/wp-json\/wp\/v2\/media?parent=28960"}],"curies":[{"name":"wp","href":"https:\/\/api.w.org\/{rel}","templated":true}]}}