{"id":28928,"date":"2017-09-03T12:00:24","date_gmt":"2017-09-03T12:00:24","guid":{"rendered":"https:\/\/www.urlaubcornwall.de\/blog\/?page_id=28928"},"modified":"2024-05-28T11:52:52","modified_gmt":"2024-05-28T11:52:52","slug":"ferienhaeuser-der-naehe-von-golfplaetzen-schottland","status":"publish","type":"page","link":"https:\/\/www.urlaubcornwall.de\/blog\/ferienhaeuser-der-naehe-von-golfplaetzen-schottland\/","title":{"rendered":"Ferienh\u00e4user in der N\u00e4he von Golfpl\u00e4tzen in Schottland."},"content":{"rendered":"<p><img loading=\"lazy\" class=\"aligncenter size-full wp-image-47803\" src=\"https:\/\/www.urlaubcornwall.de\/blog\/wp-content\/uploads\/2024\/03\/schottland-seen.jpg\" alt=\"schottland loch\" width=\"750\" height=\"500\" srcset=\"https:\/\/www.urlaubcornwall.de\/blog\/wp-content\/uploads\/2024\/03\/schottland-seen.jpg 750w, https:\/\/www.urlaubcornwall.de\/blog\/wp-content\/uploads\/2024\/03\/schottland-seen-300x200.jpg 300w\" sizes=\"(max-width: 750px) 100vw, 750px\" \/><br \/>\nBei uns finden Sie Ferienh\u00e4user f\u00fcr Ihren <a href=\"https:\/\/www.urlaubcornwall.de\/blog\/golfreisen-golfurlaub-schottland\/\">Golfurlaub<\/a> zum Verlieben; so einfach ist das! Untenstehend finden Sie eine Auswahl an Ferienh\u00e4usern in Schottland.<\/p>\n<p>Hier finden Sie pers\u00f6nlich inspizierte Feriencottages entlang der schottischen K\u00fcste, in den schottischen Highlands und auf den Inseln. Wir haben auch eine gro\u00dfe <a href=\"https:\/\/www.urlaubcornwall.de\/ferienhaeuser\/schottland.php\">Auswahl an Selbstversorger-Cottages<\/a>, die Sie in Zentralschottland, S\u00fcdschottland, dem Grenzgebiet und in vielen weiteren schottischen St\u00e4dten und D\u00f6rfern mieten k\u00f6nnen.<\/p>\n<h1><strong>Golfurlaub in Schottland<\/strong><\/h1>\n<p><strong>Ayrshire &amp; Westk\u00fcste <\/strong>&#8211; Troon, Tunberry, Prestwick, Western Gailes, Dundonald<strong><br \/>\n<\/strong><\/p>\n<table>\n<tbody>\n<tr>\n<td><img loading=\"lazy\" class=\"aligncenter size-full wp-image-7093\" style=\"border: 0pt none; padding: 0px;\" src=\"https:\/\/www.urlaubcornwall.de\/blog\/wp-content\/uploads\/2017\/09\/golfen-schottland-links-am-meer-2.jpg\" alt=\"golf schottland links feriencottage \" width=\"148\" height=\"118\"\/><\/td>\n<td>Hier finden Sie pers\u00f6nlich inspizierte Ferienh\u00e4user entlang der schottischen K\u00fcste, in den schottischen Highlands und auf den Inseln f\u00fcr Ihren Golfurlaub.\n<h3>&nbsp;<\/h3>\n<p><strong><\/strong><strong><span style=\"text-decoration: underline;\"><br \/>\n<\/span><\/strong><a href=\"https:\/\/www.urlaubcornwall.de\/ferienhaeuser-fewos\/sco\/zentralschottland\/zentralschottland.html\"><strong><\/strong><strong><span style=\"text-decoration: underline;\"><strong>Erfahren Sie mehr<\/strong><\/span><\/strong><strong><\/strong><strong><\/strong><strong>&gt;&gt;<\/strong><\/a><\/p><\/td>\n<\/tr>\n<\/tbody>\n<\/table>\n<h3>&nbsp;<\/h3>\n<p><strong>Argyll &amp; Bute &#8211; <\/strong>Glencruitten, Machrihanish<\/p>\n<table>\n<tbody>\n<tr>\n<td><img loading=\"lazy\" class=\"aligncenter size-full wp-image-7093\" style=\"border: 0pt none; padding: 0px;\" src=\"https:\/\/www.urlaubcornwall.de\/blog\/wp-content\/uploads\/2013\/01\/hotel24.jpg\" alt=\"Ferienhaus golf schottland \" width=\"148\" height=\"118\"\/><\/td>\n<td>Hier finden Sie pers\u00f6nlich inspizierte Ferienh\u00e4user entlang der schottischen Westk\u00fcste.\n<p><a title=\"Familienurlaub Cornwall\" href=\"https:\/\/www.urlaubcornwall.de\/ferienhaeuser\/schottland.php\"><strong><\/strong><strong><span style=\"text-decoration: underline;\"><br \/>\n<\/span><\/strong><\/a><a href=\"https:\/\/www.urlaubcornwall.de\/ferienhaeuser-fewos\/sco\/zentralschottland\/zentralschottland.html\"><strong><\/strong><strong><span style=\"text-decoration: underline;\"><strong>Erfahren Sie mehr<\/strong><\/span><\/strong><strong><\/strong><strong><\/strong><strong>&gt;&gt;<\/strong><\/a><\/p><\/td>\n<\/tr>\n<\/tbody>\n<\/table>\n<h3>&nbsp;<\/h3>\n<p><strong>Ostk\u00fcste Schottland &amp; Fife <\/strong>&#8211; St Andrews Old &amp; New, Kingsbarns<strong><br \/>\n<\/strong><\/p>\n<table>\n<tbody>\n<tr>\n<td><img loading=\"lazy\" class=\"aligncenter size-full wp-image-7093\" style=\"border: 0pt none; padding: 0px;\" src=\"https:\/\/www.urlaubcornwall.de\/blog\/wp-content\/uploads\/2017\/09\/golfen-in-Schottland.jpg\" alt=\"golfen in schottland \" width=\"148\" height=\"118\"\/><\/td>\n<td>265 km wundersch\u00f6ner Str\u00e4nde, dramatische Klippen, charmante Buchten und St\u00e4dte.\n<h3>&nbsp;<\/h3>\n<p><strong><\/strong><strong><span style=\"text-decoration: underline;\"><br \/>\n<\/span><\/strong><a href=\"https:\/\/www.urlaubcornwall.de\/ferienhaeuser-fewos\/sco\/zentralschottland\/zentralschottland.html\"><strong><\/strong><strong><span style=\"text-decoration: underline;\"><strong>Erfahren Sie mehr<\/strong><\/span><\/strong><strong><\/strong><strong><\/strong><strong>&gt;&gt;<\/strong><\/a><\/p><\/td>\n<\/tr>\n<\/tbody>\n<\/table>\n<h3>&nbsp;<\/h3>\n<p><strong>Nord Schottland &amp; Highlands <\/strong>&#8211; Dornoch, Castle Stuart, Nairn, Skibo Castle<strong><br \/>\n<\/strong><\/p>\n<table>\n<tbody>\n<tr>\n<td><img loading=\"lazy\" class=\"aligncenter size-full wp-image-7093\" style=\"border: 0pt none; padding: 0px;\" src=\"https:\/\/www.urlaubcornwall.de\/blog\/wp-content\/uploads\/2017\/09\/IMGA0002.jpg\" alt=\"golfen in nord schottland \" width=\"148\" height=\"118\"\/><\/td>\n<td>Versteckt gelegen in einer Region unbeschreiblicher Sch\u00f6nheit wilder schottischer Landschaft.\n<h3>&nbsp;<\/h3>\n<p><strong><\/strong><strong><span style=\"text-decoration: underline;\"><br \/>\n<\/span><\/strong><a href=\"https:\/\/www.urlaubcornwall.de\/ferienhaeuser-fewos\/sco\/nordhighlands-und-inseln\/nordhighlands-und-inseln.html\"><strong><\/strong><strong><span style=\"text-decoration: underline;\"><strong>Erfahren Sie mehr<\/strong><\/span><\/strong><strong><\/strong><strong><\/strong><strong>&gt;&gt;<\/strong><\/a><\/p><\/td>\n<\/tr>\n<\/tbody>\n<\/table>\n<p><a href=\"https:\/\/urlaubcornwall.de\/\">UrlaubCornwall.de<\/a> hat seinen Firmensitz in Cornwall in S\u00fcdwestengland und bietet Kunden im Deutsch sprechenden Europa Hilfe im Erstellen der perfekten Urlaubserfahrung hier.<\/p>\n<p>Wir bieten eine fantastische Auswahl an Ferienh\u00e4user mit den beliebtesten Attraktionen und St\u00e4dten in <a href=\"http:\/\/www.urlaubcornwall.de\/reiseziel\/cornwall.php\">Cornwall<\/a>, <a href=\"https:\/\/www.urlaubcornwall.de\/blog\/rundreisen-england-wales\/\">England<\/a>, <a href=\"https:\/\/www.urlaubcornwall.de\/blog\/rundreisen-schottland\/\">Schottland,<\/a> <a href=\"https:\/\/www.urlaubcornwall.de\/blog\/rundreisen-england-wales\/\">Wales<\/a> und <a href=\"https:\/\/www.urlaubcornwall.de\/blog\/rundreisen-irland\/\">Irland.<\/a><\/p>\n","protected":false},"excerpt":{"rendered":"<p>Bei uns finden Sie Ferienh\u00e4user f\u00fcr Ihren Golfurlaub zum Verlieben; so einfach ist das! Untenstehend finden Sie eine Auswahl an Ferienh\u00e4usern in Schottland. Hier finden Sie pers\u00f6nlich inspizierte Feriencottages entlang der schottischen K\u00fcste, in den schottischen Highlands und auf den Inseln. Wir haben auch eine gro\u00dfe Auswahl an Selbstversorger-Cottages, die Sie in Zentralschottland, S\u00fcdschottland, dem [&hellip;]<\/p>\n","protected":false},"author":1,"featured_media":0,"parent":0,"menu_order":0,"comment_status":"closed","ping_status":"closed","template":"single-four.php","meta":[],"acf":[],"yoast_head":"<!-- This site is optimized with the Yoast SEO plugin v19.4 - https:\/\/yoast.com\/wordpress\/plugins\/seo\/ -->\n<title>Ferienh\u00e4user in der N\u00e4he von Golfpl\u00e4tzen in Schottland. - Urlaub &amp; Reisen<\/title>\n<meta name=\"robots\" content=\"index, follow, max-snippet:-1, max-image-preview:large, max-video-preview:-1\" \/>\n<link rel=\"canonical\" href=\"https:\/\/www.urlaubcornwall.de\/blog\/ferienhaeuser-der-naehe-von-golfplaetzen-schottland\/\" \/>\n<meta property=\"og:locale\" content=\"en_US\" \/>\n<meta property=\"og:type\" content=\"article\" \/>\n<meta property=\"og:title\" content=\"Ferienh\u00e4user in der N\u00e4he von Golfpl\u00e4tzen in Schottland. - Urlaub &amp; Reisen\" \/>\n<meta property=\"og:description\" content=\"Bei uns finden Sie Ferienh\u00e4user f\u00fcr Ihren Golfurlaub zum Verlieben; so einfach ist das! Untenstehend finden Sie eine Auswahl an Ferienh\u00e4usern in Schottland. Hier finden Sie pers\u00f6nlich inspizierte Feriencottages entlang der schottischen K\u00fcste, in den schottischen Highlands und auf den Inseln. Wir haben auch eine gro\u00dfe Auswahl an Selbstversorger-Cottages, die Sie in Zentralschottland, S\u00fcdschottland, dem [&hellip;]\" \/>\n<meta property=\"og:url\" content=\"https:\/\/www.urlaubcornwall.de\/blog\/ferienhaeuser-der-naehe-von-golfplaetzen-schottland\/\" \/>\n<meta property=\"og:site_name\" content=\"Urlaub &amp; Reisen\" \/>\n<meta property=\"article:modified_time\" content=\"2024-05-28T11:52:52+00:00\" \/>\n<meta property=\"og:image\" content=\"https:\/\/www.urlaubcornwall.de\/blog\/wp-content\/uploads\/2024\/03\/schottland-seen.jpg\" \/>\n<meta name=\"twitter:card\" content=\"summary\" \/>\n<meta name=\"twitter:label1\" content=\"Est. reading time\" \/>\n\t<meta name=\"twitter:data1\" content=\"2 minutes\" \/>\n<script type=\"application\/ld+json\" class=\"yoast-schema-graph\">{\"@context\":\"https:\/\/schema.org\",\"@graph\":[{\"@type\":\"WebSite\",\"@id\":\"https:\/\/www.urlaubcornwall.de\/blog\/#website\",\"url\":\"https:\/\/www.urlaubcornwall.de\/blog\/\",\"name\":\"Urlaub &amp; Reisen\",\"description\":\"Urlaub, Reisen, Cornwall und S\u00fcdengland: eine perfekte Kombination\",\"potentialAction\":[{\"@type\":\"SearchAction\",\"target\":{\"@type\":\"EntryPoint\",\"urlTemplate\":\"https:\/\/www.urlaubcornwall.de\/blog\/?s={search_term_string}\"},\"query-input\":\"required name=search_term_string\"}],\"inLanguage\":\"en-US\"},{\"@type\":\"WebPage\",\"@id\":\"https:\/\/www.urlaubcornwall.de\/blog\/ferienhaeuser-der-naehe-von-golfplaetzen-schottland\/\",\"url\":\"https:\/\/www.urlaubcornwall.de\/blog\/ferienhaeuser-der-naehe-von-golfplaetzen-schottland\/\",\"name\":\"Ferienh\u00e4user in der N\u00e4he von Golfpl\u00e4tzen in Schottland. - Urlaub &amp; Reisen\",\"isPartOf\":{\"@id\":\"https:\/\/www.urlaubcornwall.de\/blog\/#website\"},\"datePublished\":\"2017-09-03T12:00:24+00:00\",\"dateModified\":\"2024-05-28T11:52:52+00:00\",\"breadcrumb\":{\"@id\":\"https:\/\/www.urlaubcornwall.de\/blog\/ferienhaeuser-der-naehe-von-golfplaetzen-schottland\/#breadcrumb\"},\"inLanguage\":\"en-US\",\"potentialAction\":[{\"@type\":\"ReadAction\",\"target\":[\"https:\/\/www.urlaubcornwall.de\/blog\/ferienhaeuser-der-naehe-von-golfplaetzen-schottland\/\"]}]},{\"@type\":\"BreadcrumbList\",\"@id\":\"https:\/\/www.urlaubcornwall.de\/blog\/ferienhaeuser-der-naehe-von-golfplaetzen-schottland\/#breadcrumb\",\"itemListElement\":[{\"@type\":\"ListItem\",\"position\":1,\"name\":\"Home\",\"item\":\"https:\/\/www.urlaubcornwall.de\/blog\/\"},{\"@type\":\"ListItem\",\"position\":2,\"name\":\"Ferienh\u00e4user in der N\u00e4he von Golfpl\u00e4tzen in Schottland.\"}]}]}<\/script>\n<!-- \/ Yoast SEO plugin. -->","yoast_head_json":{"title":"Ferienh\u00e4user in der N\u00e4he von Golfpl\u00e4tzen in Schottland. - Urlaub &amp; Reisen","robots":{"index":"index","follow":"follow","max-snippet":"max-snippet:-1","max-image-preview":"max-image-preview:large","max-video-preview":"max-video-preview:-1"},"canonical":"https:\/\/www.urlaubcornwall.de\/blog\/ferienhaeuser-der-naehe-von-golfplaetzen-schottland\/","og_locale":"en_US","og_type":"article","og_title":"Ferienh\u00e4user in der N\u00e4he von Golfpl\u00e4tzen in Schottland. - Urlaub &amp; Reisen","og_description":"Bei uns finden Sie Ferienh\u00e4user f\u00fcr Ihren Golfurlaub zum Verlieben; so einfach ist das! Untenstehend finden Sie eine Auswahl an Ferienh\u00e4usern in Schottland. Hier finden Sie pers\u00f6nlich inspizierte Feriencottages entlang der schottischen K\u00fcste, in den schottischen Highlands und auf den Inseln. Wir haben auch eine gro\u00dfe Auswahl an Selbstversorger-Cottages, die Sie in Zentralschottland, S\u00fcdschottland, dem [&hellip;]","og_url":"https:\/\/www.urlaubcornwall.de\/blog\/ferienhaeuser-der-naehe-von-golfplaetzen-schottland\/","og_site_name":"Urlaub &amp; Reisen","article_modified_time":"2024-05-28T11:52:52+00:00","og_image":[{"url":"https:\/\/www.urlaubcornwall.de\/blog\/wp-content\/uploads\/2024\/03\/schottland-seen.jpg"}],"twitter_card":"summary","twitter_misc":{"Est. reading time":"2 minutes"},"schema":{"@context":"https:\/\/schema.org","@graph":[{"@type":"WebSite","@id":"https:\/\/www.urlaubcornwall.de\/blog\/#website","url":"https:\/\/www.urlaubcornwall.de\/blog\/","name":"Urlaub &amp; Reisen","description":"Urlaub, Reisen, Cornwall und S\u00fcdengland: eine perfekte Kombination","potentialAction":[{"@type":"SearchAction","target":{"@type":"EntryPoint","urlTemplate":"https:\/\/www.urlaubcornwall.de\/blog\/?s={search_term_string}"},"query-input":"required name=search_term_string"}],"inLanguage":"en-US"},{"@type":"WebPage","@id":"https:\/\/www.urlaubcornwall.de\/blog\/ferienhaeuser-der-naehe-von-golfplaetzen-schottland\/","url":"https:\/\/www.urlaubcornwall.de\/blog\/ferienhaeuser-der-naehe-von-golfplaetzen-schottland\/","name":"Ferienh\u00e4user in der N\u00e4he von Golfpl\u00e4tzen in Schottland. - Urlaub &amp; Reisen","isPartOf":{"@id":"https:\/\/www.urlaubcornwall.de\/blog\/#website"},"datePublished":"2017-09-03T12:00:24+00:00","dateModified":"2024-05-28T11:52:52+00:00","breadcrumb":{"@id":"https:\/\/www.urlaubcornwall.de\/blog\/ferienhaeuser-der-naehe-von-golfplaetzen-schottland\/#breadcrumb"},"inLanguage":"en-US","potentialAction":[{"@type":"ReadAction","target":["https:\/\/www.urlaubcornwall.de\/blog\/ferienhaeuser-der-naehe-von-golfplaetzen-schottland\/"]}]},{"@type":"BreadcrumbList","@id":"https:\/\/www.urlaubcornwall.de\/blog\/ferienhaeuser-der-naehe-von-golfplaetzen-schottland\/#breadcrumb","itemListElement":[{"@type":"ListItem","position":1,"name":"Home","item":"https:\/\/www.urlaubcornwall.de\/blog\/"},{"@type":"ListItem","position":2,"name":"Ferienh\u00e4user in der N\u00e4he von Golfpl\u00e4tzen in Schottland."}]}]}},"_links":{"self":[{"href":"https:\/\/www.urlaubcornwall.de\/blog\/wp-json\/wp\/v2\/pages\/28928"}],"collection":[{"href":"https:\/\/www.urlaubcornwall.de\/blog\/wp-json\/wp\/v2\/pages"}],"about":[{"href":"https:\/\/www.urlaubcornwall.de\/blog\/wp-json\/wp\/v2\/types\/page"}],"author":[{"embeddable":true,"href":"https:\/\/www.urlaubcornwall.de\/blog\/wp-json\/wp\/v2\/users\/1"}],"replies":[{"embeddable":true,"href":"https:\/\/www.urlaubcornwall.de\/blog\/wp-json\/wp\/v2\/comments?post=28928"}],"version-history":[{"count":6,"href":"https:\/\/www.urlaubcornwall.de\/blog\/wp-json\/wp\/v2\/pages\/28928\/revisions"}],"predecessor-version":[{"id":50368,"href":"https:\/\/www.urlaubcornwall.de\/blog\/wp-json\/wp\/v2\/pages\/28928\/revisions\/50368"}],"wp:attachment":[{"href":"https:\/\/www.urlaubcornwall.de\/blog\/wp-json\/wp\/v2\/media?parent=28928"}],"curies":[{"name":"wp","href":"https:\/\/api.w.org\/{rel}","templated":true}]}}