{"id":28923,"date":"2017-09-03T11:02:11","date_gmt":"2017-09-03T11:02:11","guid":{"rendered":"https:\/\/www.urlaubcornwall.de\/blog\/?page_id=28923"},"modified":"2024-05-30T11:55:22","modified_gmt":"2024-05-30T11:55:22","slug":"golfreisen-golfurlaub-schottland","status":"publish","type":"page","link":"https:\/\/www.urlaubcornwall.de\/blog\/golfreisen-golfurlaub-schottland\/","title":{"rendered":"Golfreisen &#038; Golfurlaub in Schottland"},"content":{"rendered":"<p><img loading=\"lazy\" class=\"aligncenter size-full wp-image-28924\" src=\"https:\/\/www.urlaubcornwall.de\/blog\/wp-content\/uploads\/2017\/09\/golfurlaub-golfreise-schottland.jpg\" alt=\"golfurlaub golfreise schottland am meer hotels feriencottages\" width=\"746\" height=\"398\" srcset=\"https:\/\/www.urlaubcornwall.de\/blog\/wp-content\/uploads\/2017\/09\/golfurlaub-golfreise-schottland.jpg 746w, https:\/\/www.urlaubcornwall.de\/blog\/wp-content\/uploads\/2017\/09\/golfurlaub-golfreise-schottland-300x160.jpg 300w\" sizes=\"(max-width: 746px) 100vw, 746px\" \/><\/p>\n<p><strong>Hotels &amp; Ferienh\u00e4user in der N\u00e4he von Golfpl\u00e4tzen in Schottland zum Verlieben &#8211; so einfach ist das!<\/strong><\/p>\n<p>Lass en Sie uns Ihnen dabei behilflich sein, den perfekten Golfurlaub in Schottland f\u00fcr Sie zusammenzustellen.<\/p>\n<p>Golfer jedoch kennen Schottland wegen seiner Weltklasse-Golfpl\u00e4tze, Troon, Turnberry, Muirfield und St Andrew. Dort haben viele bemerkenswerte Golfmeisterschaften stattgefunden, einschlie\u00dflich des British Open Championship, und sie bilden eine Herausforderung f\u00fcr Golfspielende jeder Stufe. Bleiben Sie in einem unserer Hotels und Feriencottages und genie\u00dfen Sie Golfferien im Westk\u00fcste &amp; Ostk\u00fcste Schottlands; spielen Sie auf einem der gro\u00dfartigsten Golfpl\u00e4tze.<\/p>\n<p><strong>Ferienh\u00e4user &amp; Ferienwohnungen in der N\u00e4he Besten Golfpl\u00e4tze<br \/>\n<\/strong><\/p>\n<table>\n<tbody>\n<tr>\n<td><img loading=\"lazy\" class=\"aligncenter size-full wp-image-7093\" style=\"border: 0pt none; padding: 0px;\" src=\"https:\/\/www.urlaubcornwall.de\/blog\/wp-content\/uploads\/2017\/09\/Ferienh\u00e4user-Ferienwohnungen-in-der-N\u00e4he-Golfpl\u00e4tze-Schottlands.jpg\" alt=\"Ferienhaus golf schottland \" width=\"148\" height=\"118\"\/><\/td>\n<td>Hier finden Sie pers\u00f6nlich inspizierte Ferienh\u00e4user entlang der schottischen K\u00fcste, in den schottischen Highlands und auf den Inseln f\u00fcr Ihren Golfurlaub.\n<h3>&nbsp;<\/h3>\n<p><strong><\/strong><strong><span style=\"text-decoration: underline;\"><br \/>\n<\/span><\/strong><a href=\"https:\/\/www.urlaubcornwall.de\/blog\/ferienhaeuser-der-naehe-von-golfplaetzen-schottland\/\"><strong><\/strong><strong><span style=\"text-decoration: underline;\"><strong>Erfahren Sie mehr<\/strong><\/span><\/strong><strong><\/strong><strong><\/strong><strong>&gt;&gt;<\/strong><\/a><\/p><\/td>\n<\/tr>\n<\/tbody>\n<\/table>\n<h3>&nbsp;<\/h3>\n<p><strong>Golfhotels &amp; Golfresorts zum Verlieben &#8211; so einfach ist das!<br \/>\n<\/strong><\/p>\n<table>\n<tbody>\n<tr>\n<td><img loading=\"lazy\" class=\"aligncenter size-full wp-image-7093\" style=\"border: 0pt none; padding: 0px;\" src=\"https:\/\/www.urlaubcornwall.de\/blog\/wp-content\/uploads\/2017\/08\/urlaub-und-gro\u00dfbritannien_logo-1.jpg\" alt=\"golfen in schottland \" width=\"148\" height=\"118\"\/><\/td>\n<td>Bleiben Sie in einem unserer handverlesenen Hotels; spielen Sie auf fantastischen Pl\u00e4tzen, die f\u00fcr jedes Handicap geeignet sind.\n<h3>&nbsp;<\/h3>\n<p><strong><\/strong><strong><span style=\"text-decoration: underline;\"><br \/>\n<\/span><\/strong><a href=\"https:\/\/www.booking.com\/searchresults.html?aid=1320750&#038;sid=0bc897f59301089b93d4d64329aa6da0&#038;class_interval=1&#038;dest_id=1117&#038;dest_type=region&#038;dtdisc=0&#038;group_adults=2&#038;inac=0&#038;index_postcard=0&#038;label_click=undef&#038;no_rooms=1&#038;postcard=0&#038;region=1117&#038;room1=A%2CA&#038;sb_price_type=total&#038;ss_all=0&#038;ssb=empty&#038;sshis=0&#038;=&#038;=&#038;nflt=ht_id%3D204%3Bht_id%3D223%3Bhoteltag%3D4%3Bpopular_activities%3D12%3B&#038;rsf=popular_activities-12&#038;lsf=popular_activities%7C12%7C204\"rel=\"nofollow\"><strong><\/strong><strong><span style=\"text-decoration: underline;\"><strong>Erfahren Sie mehr<\/strong><\/span><\/strong><strong><\/strong><strong><\/strong><strong>&gt;&gt;<\/strong><\/a><\/p><\/td>\n<\/tr>\n<\/tbody>\n<\/table>\n<p><img loading=\"lazy\" class=\"aligncenter size-full wp-image-28670\" src=\"https:\/\/www.urlaubcornwall.de\/blog\/wp-content\/uploads\/2017\/08\/urlaub-und-gro\u00dfbritannien_logo-1.jpg\" alt=\"urlaub-und-gro\u00dfbritannien_logo\" width=\"764\" height=\"464\" srcset=\"https:\/\/www.urlaubcornwall.de\/blog\/wp-content\/uploads\/2017\/08\/urlaub-und-gro\u00dfbritannien_logo-1.jpg 764w, https:\/\/www.urlaubcornwall.de\/blog\/wp-content\/uploads\/2017\/08\/urlaub-und-gro\u00dfbritannien_logo-1-300x182.jpg 300w\" sizes=\"(max-width: 764px) 100vw, 764px\" \/><\/p>\n<p><a href=\"http:\/\/urlaubcornwall.de\/\">UrlaubCornwall.de<\/a> hat seinen Firmensitz in Cornwall in S\u00fcdwestengland und bietet Kunden im Deutsch sprechenden Europa Hilfe im Erstellen der perfekten Urlaubserfahrung hier.<\/p>\n<p>Wir bieten eine fantastische Auswahl an Ferienh\u00e4user mit den beliebtesten Attraktionen und St\u00e4dten in <a href=\"http:\/\/www.urlaubcornwall.de\/reiseziel\/cornwall.php\">Cornwall<\/a>, <a href=\"https:\/\/www.urlaubcornwall.de\/ferienhaeuser.php\">England<\/a>, <a href=\"https:\/\/www.urlaubcornwall.de\/ferienhaeuser\/schottland.php\">Schottland,<\/a> <a href=\"https:\/\/www.urlaubcornwall.de\/ferienhaeuser\/wales.php\">Wales<\/a> und <a href=\"https:\/\/www.urlaubcornwall.de\/blog\/rundreisen-irland\/\">Irland.<\/a><\/p>\n","protected":false},"excerpt":{"rendered":"<p>Hotels &amp; Ferienh\u00e4user in der N\u00e4he von Golfpl\u00e4tzen in Schottland zum Verlieben &#8211; so einfach ist das! Lass en Sie uns Ihnen dabei behilflich sein, den perfekten Golfurlaub in Schottland f\u00fcr Sie zusammenzustellen. Golfer jedoch kennen Schottland wegen seiner Weltklasse-Golfpl\u00e4tze, Troon, Turnberry, Muirfield und St Andrew. Dort haben viele bemerkenswerte Golfmeisterschaften stattgefunden, einschlie\u00dflich des British [&hellip;]<\/p>\n","protected":false},"author":1,"featured_media":0,"parent":0,"menu_order":0,"comment_status":"closed","ping_status":"closed","template":"single-four.php","meta":[],"acf":[],"yoast_head":"<!-- This site is optimized with the Yoast SEO plugin v19.4 - https:\/\/yoast.com\/wordpress\/plugins\/seo\/ -->\n<title>Golfreisen &amp; Golfurlaub in Schottland - Urlaub &amp; Reisen<\/title>\n<meta name=\"robots\" content=\"index, follow, max-snippet:-1, max-image-preview:large, max-video-preview:-1\" \/>\n<link rel=\"canonical\" href=\"https:\/\/www.urlaubcornwall.de\/blog\/golfreisen-golfurlaub-schottland\/\" \/>\n<meta property=\"og:locale\" content=\"en_US\" \/>\n<meta property=\"og:type\" content=\"article\" \/>\n<meta property=\"og:title\" content=\"Golfreisen &amp; Golfurlaub in Schottland - Urlaub &amp; Reisen\" \/>\n<meta property=\"og:description\" content=\"Hotels &amp; Ferienh\u00e4user in der N\u00e4he von Golfpl\u00e4tzen in Schottland zum Verlieben &#8211; so einfach ist das! Lass en Sie uns Ihnen dabei behilflich sein, den perfekten Golfurlaub in Schottland f\u00fcr Sie zusammenzustellen. Golfer jedoch kennen Schottland wegen seiner Weltklasse-Golfpl\u00e4tze, Troon, Turnberry, Muirfield und St Andrew. Dort haben viele bemerkenswerte Golfmeisterschaften stattgefunden, einschlie\u00dflich des British [&hellip;]\" \/>\n<meta property=\"og:url\" content=\"https:\/\/www.urlaubcornwall.de\/blog\/golfreisen-golfurlaub-schottland\/\" \/>\n<meta property=\"og:site_name\" content=\"Urlaub &amp; Reisen\" \/>\n<meta property=\"article:modified_time\" content=\"2024-05-30T11:55:22+00:00\" \/>\n<meta property=\"og:image\" content=\"https:\/\/www.urlaubcornwall.de\/blog\/wp-content\/uploads\/2017\/09\/golfurlaub-golfreise-schottland.jpg\" \/>\n<meta name=\"twitter:card\" content=\"summary\" \/>\n<meta name=\"twitter:label1\" content=\"Est. reading time\" \/>\n\t<meta name=\"twitter:data1\" content=\"2 minutes\" \/>\n<script type=\"application\/ld+json\" class=\"yoast-schema-graph\">{\"@context\":\"https:\/\/schema.org\",\"@graph\":[{\"@type\":\"WebSite\",\"@id\":\"https:\/\/www.urlaubcornwall.de\/blog\/#website\",\"url\":\"https:\/\/www.urlaubcornwall.de\/blog\/\",\"name\":\"Urlaub &amp; Reisen\",\"description\":\"Urlaub, Reisen, Cornwall und S\u00fcdengland: eine perfekte Kombination\",\"potentialAction\":[{\"@type\":\"SearchAction\",\"target\":{\"@type\":\"EntryPoint\",\"urlTemplate\":\"https:\/\/www.urlaubcornwall.de\/blog\/?s={search_term_string}\"},\"query-input\":\"required name=search_term_string\"}],\"inLanguage\":\"en-US\"},{\"@type\":\"WebPage\",\"@id\":\"https:\/\/www.urlaubcornwall.de\/blog\/golfreisen-golfurlaub-schottland\/\",\"url\":\"https:\/\/www.urlaubcornwall.de\/blog\/golfreisen-golfurlaub-schottland\/\",\"name\":\"Golfreisen & Golfurlaub in Schottland - Urlaub &amp; Reisen\",\"isPartOf\":{\"@id\":\"https:\/\/www.urlaubcornwall.de\/blog\/#website\"},\"datePublished\":\"2017-09-03T11:02:11+00:00\",\"dateModified\":\"2024-05-30T11:55:22+00:00\",\"breadcrumb\":{\"@id\":\"https:\/\/www.urlaubcornwall.de\/blog\/golfreisen-golfurlaub-schottland\/#breadcrumb\"},\"inLanguage\":\"en-US\",\"potentialAction\":[{\"@type\":\"ReadAction\",\"target\":[\"https:\/\/www.urlaubcornwall.de\/blog\/golfreisen-golfurlaub-schottland\/\"]}]},{\"@type\":\"BreadcrumbList\",\"@id\":\"https:\/\/www.urlaubcornwall.de\/blog\/golfreisen-golfurlaub-schottland\/#breadcrumb\",\"itemListElement\":[{\"@type\":\"ListItem\",\"position\":1,\"name\":\"Home\",\"item\":\"https:\/\/www.urlaubcornwall.de\/blog\/\"},{\"@type\":\"ListItem\",\"position\":2,\"name\":\"Golfreisen &#038; Golfurlaub in Schottland\"}]}]}<\/script>\n<!-- \/ Yoast SEO plugin. -->","yoast_head_json":{"title":"Golfreisen & Golfurlaub in Schottland - Urlaub &amp; Reisen","robots":{"index":"index","follow":"follow","max-snippet":"max-snippet:-1","max-image-preview":"max-image-preview:large","max-video-preview":"max-video-preview:-1"},"canonical":"https:\/\/www.urlaubcornwall.de\/blog\/golfreisen-golfurlaub-schottland\/","og_locale":"en_US","og_type":"article","og_title":"Golfreisen & Golfurlaub in Schottland - Urlaub &amp; Reisen","og_description":"Hotels &amp; Ferienh\u00e4user in der N\u00e4he von Golfpl\u00e4tzen in Schottland zum Verlieben &#8211; so einfach ist das! Lass en Sie uns Ihnen dabei behilflich sein, den perfekten Golfurlaub in Schottland f\u00fcr Sie zusammenzustellen. Golfer jedoch kennen Schottland wegen seiner Weltklasse-Golfpl\u00e4tze, Troon, Turnberry, Muirfield und St Andrew. Dort haben viele bemerkenswerte Golfmeisterschaften stattgefunden, einschlie\u00dflich des British [&hellip;]","og_url":"https:\/\/www.urlaubcornwall.de\/blog\/golfreisen-golfurlaub-schottland\/","og_site_name":"Urlaub &amp; Reisen","article_modified_time":"2024-05-30T11:55:22+00:00","og_image":[{"url":"https:\/\/www.urlaubcornwall.de\/blog\/wp-content\/uploads\/2017\/09\/golfurlaub-golfreise-schottland.jpg"}],"twitter_card":"summary","twitter_misc":{"Est. reading time":"2 minutes"},"schema":{"@context":"https:\/\/schema.org","@graph":[{"@type":"WebSite","@id":"https:\/\/www.urlaubcornwall.de\/blog\/#website","url":"https:\/\/www.urlaubcornwall.de\/blog\/","name":"Urlaub &amp; Reisen","description":"Urlaub, Reisen, Cornwall und S\u00fcdengland: eine perfekte Kombination","potentialAction":[{"@type":"SearchAction","target":{"@type":"EntryPoint","urlTemplate":"https:\/\/www.urlaubcornwall.de\/blog\/?s={search_term_string}"},"query-input":"required name=search_term_string"}],"inLanguage":"en-US"},{"@type":"WebPage","@id":"https:\/\/www.urlaubcornwall.de\/blog\/golfreisen-golfurlaub-schottland\/","url":"https:\/\/www.urlaubcornwall.de\/blog\/golfreisen-golfurlaub-schottland\/","name":"Golfreisen & Golfurlaub in Schottland - Urlaub &amp; Reisen","isPartOf":{"@id":"https:\/\/www.urlaubcornwall.de\/blog\/#website"},"datePublished":"2017-09-03T11:02:11+00:00","dateModified":"2024-05-30T11:55:22+00:00","breadcrumb":{"@id":"https:\/\/www.urlaubcornwall.de\/blog\/golfreisen-golfurlaub-schottland\/#breadcrumb"},"inLanguage":"en-US","potentialAction":[{"@type":"ReadAction","target":["https:\/\/www.urlaubcornwall.de\/blog\/golfreisen-golfurlaub-schottland\/"]}]},{"@type":"BreadcrumbList","@id":"https:\/\/www.urlaubcornwall.de\/blog\/golfreisen-golfurlaub-schottland\/#breadcrumb","itemListElement":[{"@type":"ListItem","position":1,"name":"Home","item":"https:\/\/www.urlaubcornwall.de\/blog\/"},{"@type":"ListItem","position":2,"name":"Golfreisen &#038; Golfurlaub in Schottland"}]}]}},"_links":{"self":[{"href":"https:\/\/www.urlaubcornwall.de\/blog\/wp-json\/wp\/v2\/pages\/28923"}],"collection":[{"href":"https:\/\/www.urlaubcornwall.de\/blog\/wp-json\/wp\/v2\/pages"}],"about":[{"href":"https:\/\/www.urlaubcornwall.de\/blog\/wp-json\/wp\/v2\/types\/page"}],"author":[{"embeddable":true,"href":"https:\/\/www.urlaubcornwall.de\/blog\/wp-json\/wp\/v2\/users\/1"}],"replies":[{"embeddable":true,"href":"https:\/\/www.urlaubcornwall.de\/blog\/wp-json\/wp\/v2\/comments?post=28923"}],"version-history":[{"count":7,"href":"https:\/\/www.urlaubcornwall.de\/blog\/wp-json\/wp\/v2\/pages\/28923\/revisions"}],"predecessor-version":[{"id":28988,"href":"https:\/\/www.urlaubcornwall.de\/blog\/wp-json\/wp\/v2\/pages\/28923\/revisions\/28988"}],"wp:attachment":[{"href":"https:\/\/www.urlaubcornwall.de\/blog\/wp-json\/wp\/v2\/media?parent=28923"}],"curies":[{"name":"wp","href":"https:\/\/api.w.org\/{rel}","templated":true}]}}