{"id":28896,"date":"2017-08-31T14:43:08","date_gmt":"2017-08-31T14:43:08","guid":{"rendered":"https:\/\/www.urlaubcornwall.de\/blog\/?page_id=28896"},"modified":"2024-05-30T09:07:17","modified_gmt":"2024-05-30T09:07:17","slug":"hotels-trerice-herrenhaus-newquay","status":"publish","type":"page","link":"https:\/\/www.urlaubcornwall.de\/blog\/hotels-trerice-herrenhaus-newquay\/","title":{"rendered":"Hotels in der N\u00e4he Trerice Herrenhaus zum Verlieben \u2013 so einfach ist das!"},"content":{"rendered":"<p><a href=\"https:\/\/www.urlaubcornwall.de\/blog\/wp-content\/uploads\/2024\/04\/trerice-insta-scaled-e1712151135280.jpg\"><img loading=\"lazy\" src=\"https:\/\/www.urlaubcornwall.de\/blog\/wp-content\/uploads\/2024\/04\/trerice-insta-1024x952.jpg\" alt=\"trerice\" width=\"1024\" height=\"952\" class=\"alignnone size-large wp-image-48846\" \/><\/a><br \/>\nDie sch\u00f6nsten Hotels in der N\u00e4he <a href=\"https:\/\/www.urlaubcornwall.de\/blog\/national-trust-historische-haeuser-cornwall-devon\/\">Trerice Herrenhaus<\/a> &amp; Newquay f\u00fcr Ihren Urlaub in Cornwall &#8211; Vor den Toren Newquays liegt das kleine elisabethanische Herrenhaus Trerice &#8211; ein gro\u00dfartiges Beispiel traditioneller englischer Architektur und Ausstattung. Trerice eignet sich perfekt f\u00fcr einen entspannenden Tagesausflug, als Abwechslung zu den Str\u00e4nden von Newquay und den Wanderungen entlang der K\u00fcstenwege.<\/p>\n<p>F\u00fcr all jene, die innerhalb von<a href=\"https:\/\/www.urlaubcornwall.de\/reiseziel\/cornwall.php\"> Cornwalls wundervoller Landschaft <\/a>untergebracht sein wollen, k\u00f6nnen wir fantastische Hotels mit Meerblick anbieten, die jedem Geldbeutel gerecht werden, von B&amp;Bs oder Familienhotels, die ein gro\u00dfartiges Preis-Leistungsverh\u00e4ltnis, Hundefreundliche, Last Minute Angebote und M\u00f6glichkeiten f\u00fcr Kinder bieten bis hin zu Luxus-Spa-Hotels, eleganten Herrenh\u00e4usern oder f\u00fcnf-Sterne Schloss- und Boutique-Hotels.<br \/>\n<ins class=\"bookingaff\" data-aid=\"1700636\" data-target_aid=\"1700636\" data-prod=\"map\" data-width=\"100%\" data-height=\"590\" data-lang=\"ualng\" data-dest_id=\"0\" data-dest_type=\"landmark\" data-latitude=\"50.415497\" data-longitude=\"-5.073719\" data-mwhsb=\"1\"><br \/>\n    <!-- Anything inside will go away once widget is loaded. --><br \/>\n        <a href=\"\/\/www.booking.com?aid=1700636\"rel=\"nofollow\">Booking.com<\/a><br \/>\n<\/ins><br \/>\n<script type=\"text\/javascript\">\n    (function(d, sc, u) {\n      var s = d.createElement(sc), p = d.getElementsByTagName(sc)[0];\n      s.type = 'text\/javascript';\n      s.async = true;\n      s.src = u + '?v=' + (+new Date());\n      p.parentNode.insertBefore(s,p);\n      })(document, 'script', '\/\/aff.bstatic.com\/static\/affiliate_base\/js\/flexiproduct.js');\n<\/script><\/p>\n<div class=\"snippet\"> <a class=\"featured-item\" href=\" https:\/\/www.urlaubcornwall.de\/blog\/hotel-bristol-ein-charmantes-traditionelles-hotel-direkt-am-strand-von-newquay\/\"> <span class=\"image-holder\" style=\"background-image: url(' https:\/\/www.urlaubcornwall.de\/blog\/wp-content\/uploads\/2019\/01\/hotel-bristol-newquay-cornwall.jpg');\"><\/span> <span class=\"featured-content\"> \n<h2 class=\"featured-title\">Hotel Bristol in Newquay<\/h2>\n<p class=\"featured-body\">Das Hotel wird schon seit den 1920er Jahren von einer Familie gef\u00fchrt &#8211; jetzt schon in der 4. Generation &#8211; und bietet traditionellen englischen Charme mit vielen originalen Jugendstil-Elementen&#8230;&#8230;. <\/p><\/span> <span class=\"featured-link-holder\"> <span class=\"featured-extra-info\"> \n<p>Ein charmantes, traditionelles Hotel direkt am Strand<\/p>\n<\/span> \n<p class=\"featured-link\">DETAILS<\/p>\n<\/span> <\/a><\/div>\n<div class=\"snippet\"> <a class=\"featured-item\" href=\" https:\/\/www.urlaubcornwall.de\/blog\/das-sands-resort-in-newquay-ein-preisgekroentes-familienhotel-an-der-nordkueste-cornwalls\/ \"> <span class=\"image-holder\" style=\"background-image: url(' https:\/\/www.urlaubcornwall.de\/blog\/wp-content\/uploads\/2019\/01\/sands-resort-hotel-am-meer-newquay.jpg');\"><\/span> <span class=\"featured-content\"> \n<h2 class=\"featured-title\">Sands Resort in Newquay<\/h2>\n<p class=\"featured-body\">Sands Resort Hotel &#038; Spa befindet sich lediglich einen kurzen Spaziergang entfernt vom Strand und weist eine entspannte, freundliche Atmosph\u00e4re auf. Dazu gibt es ausgezeichnete Angebote, einschlie\u00dflich einiger Pools&#8230;&#8230; <\/p><\/span> <span class=\"featured-link-holder\"> <span class=\"featured-extra-info\"> \n<p>Ein modernes und kosteng\u00fcnstiges Kinderhotel<\/p>\n<\/span> \n<p class=\"featured-link\">DETAILS<\/p>\n<\/span> <\/a><\/div>\n<p style=\"text-align: center;\"><b><a class=\"tidycta\" href=\"https:\/\/www.urlaubcornwall.de\/hotels.php\">Suche Hotels in Cornwall<\/a><\/b><\/p>\n<p style=\"text-align: left;\"><a href=\"http:\/\/www.urlaubcornwall.de\/\">UrlaubCornwall.de<\/a> ist ein in Cornwall ans\u00e4ssiges Unternehmen k\u00f6nnen wir uns mit 20 Jahren Erfahrung in der Organisation von Rundreisen durch S\u00fcdwest und S\u00fcdengland r\u00fchmen. Um Cornwall in Ihre Rundreise durch S\u00fcdengland mit einzugliedern, stellen Sie Ihre <a href=\"http:\/\/www.urlaubcornwall.de\/anfrage.php\">Anfrage<\/a> hier oder w\u00e4hlen Sie ein Ferienhaus aus unserer besten Auswahl handverlesener und inspizierter H\u00e4user aus.<\/p>\n","protected":false},"excerpt":{"rendered":"<p>Die sch\u00f6nsten Hotels in der N\u00e4he Trerice Herrenhaus &amp; Newquay f\u00fcr Ihren Urlaub in Cornwall &#8211; Vor den Toren Newquays liegt das kleine elisabethanische Herrenhaus Trerice &#8211; ein gro\u00dfartiges Beispiel traditioneller englischer Architektur und Ausstattung. Trerice eignet sich perfekt f\u00fcr einen entspannenden Tagesausflug, als Abwechslung zu den Str\u00e4nden von Newquay und den Wanderungen entlang der [&hellip;]<\/p>\n","protected":false},"author":1,"featured_media":0,"parent":0,"menu_order":0,"comment_status":"closed","ping_status":"closed","template":"single-four.php","meta":[],"acf":[],"yoast_head":"<!-- This site is optimized with the Yoast SEO plugin v19.4 - https:\/\/yoast.com\/wordpress\/plugins\/seo\/ -->\n<title>Hotels in der N\u00e4he Trerice Herrenhaus zum Verlieben \u2013 so einfach ist das! - Urlaub &amp; Reisen<\/title>\n<meta name=\"robots\" content=\"index, follow, max-snippet:-1, max-image-preview:large, max-video-preview:-1\" \/>\n<link rel=\"canonical\" href=\"https:\/\/www.urlaubcornwall.de\/blog\/hotels-trerice-herrenhaus-newquay\/\" \/>\n<meta property=\"og:locale\" content=\"en_US\" \/>\n<meta property=\"og:type\" content=\"article\" \/>\n<meta property=\"og:title\" content=\"Hotels in der N\u00e4he Trerice Herrenhaus zum Verlieben \u2013 so einfach ist das! - Urlaub &amp; Reisen\" \/>\n<meta property=\"og:description\" content=\"Die sch\u00f6nsten Hotels in der N\u00e4he Trerice Herrenhaus &amp; Newquay f\u00fcr Ihren Urlaub in Cornwall &#8211; Vor den Toren Newquays liegt das kleine elisabethanische Herrenhaus Trerice &#8211; ein gro\u00dfartiges Beispiel traditioneller englischer Architektur und Ausstattung. Trerice eignet sich perfekt f\u00fcr einen entspannenden Tagesausflug, als Abwechslung zu den Str\u00e4nden von Newquay und den Wanderungen entlang der [&hellip;]\" \/>\n<meta property=\"og:url\" content=\"https:\/\/www.urlaubcornwall.de\/blog\/hotels-trerice-herrenhaus-newquay\/\" \/>\n<meta property=\"og:site_name\" content=\"Urlaub &amp; Reisen\" \/>\n<meta property=\"article:modified_time\" content=\"2024-05-30T09:07:17+00:00\" \/>\n<meta property=\"og:image\" content=\"https:\/\/www.urlaubcornwall.de\/blog\/wp-content\/uploads\/2024\/04\/trerice-insta-1024x952.jpg\" \/>\n<meta name=\"twitter:card\" content=\"summary\" \/>\n<meta name=\"twitter:label1\" content=\"Est. reading time\" \/>\n\t<meta name=\"twitter:data1\" content=\"2 minutes\" \/>\n<script type=\"application\/ld+json\" class=\"yoast-schema-graph\">{\"@context\":\"https:\/\/schema.org\",\"@graph\":[{\"@type\":\"WebSite\",\"@id\":\"https:\/\/www.urlaubcornwall.de\/blog\/#website\",\"url\":\"https:\/\/www.urlaubcornwall.de\/blog\/\",\"name\":\"Urlaub &amp; Reisen\",\"description\":\"Urlaub, Reisen, Cornwall und S\u00fcdengland: eine perfekte Kombination\",\"potentialAction\":[{\"@type\":\"SearchAction\",\"target\":{\"@type\":\"EntryPoint\",\"urlTemplate\":\"https:\/\/www.urlaubcornwall.de\/blog\/?s={search_term_string}\"},\"query-input\":\"required name=search_term_string\"}],\"inLanguage\":\"en-US\"},{\"@type\":\"WebPage\",\"@id\":\"https:\/\/www.urlaubcornwall.de\/blog\/hotels-trerice-herrenhaus-newquay\/\",\"url\":\"https:\/\/www.urlaubcornwall.de\/blog\/hotels-trerice-herrenhaus-newquay\/\",\"name\":\"Hotels in der N\u00e4he Trerice Herrenhaus zum Verlieben \u2013 so einfach ist das! - Urlaub &amp; Reisen\",\"isPartOf\":{\"@id\":\"https:\/\/www.urlaubcornwall.de\/blog\/#website\"},\"datePublished\":\"2017-08-31T14:43:08+00:00\",\"dateModified\":\"2024-05-30T09:07:17+00:00\",\"breadcrumb\":{\"@id\":\"https:\/\/www.urlaubcornwall.de\/blog\/hotels-trerice-herrenhaus-newquay\/#breadcrumb\"},\"inLanguage\":\"en-US\",\"potentialAction\":[{\"@type\":\"ReadAction\",\"target\":[\"https:\/\/www.urlaubcornwall.de\/blog\/hotels-trerice-herrenhaus-newquay\/\"]}]},{\"@type\":\"BreadcrumbList\",\"@id\":\"https:\/\/www.urlaubcornwall.de\/blog\/hotels-trerice-herrenhaus-newquay\/#breadcrumb\",\"itemListElement\":[{\"@type\":\"ListItem\",\"position\":1,\"name\":\"Home\",\"item\":\"https:\/\/www.urlaubcornwall.de\/blog\/\"},{\"@type\":\"ListItem\",\"position\":2,\"name\":\"Hotels in der N\u00e4he Trerice Herrenhaus zum Verlieben \u2013 so einfach ist das!\"}]}]}<\/script>\n<!-- \/ Yoast SEO plugin. -->","yoast_head_json":{"title":"Hotels in der N\u00e4he Trerice Herrenhaus zum Verlieben \u2013 so einfach ist das! - Urlaub &amp; Reisen","robots":{"index":"index","follow":"follow","max-snippet":"max-snippet:-1","max-image-preview":"max-image-preview:large","max-video-preview":"max-video-preview:-1"},"canonical":"https:\/\/www.urlaubcornwall.de\/blog\/hotels-trerice-herrenhaus-newquay\/","og_locale":"en_US","og_type":"article","og_title":"Hotels in der N\u00e4he Trerice Herrenhaus zum Verlieben \u2013 so einfach ist das! - Urlaub &amp; Reisen","og_description":"Die sch\u00f6nsten Hotels in der N\u00e4he Trerice Herrenhaus &amp; Newquay f\u00fcr Ihren Urlaub in Cornwall &#8211; Vor den Toren Newquays liegt das kleine elisabethanische Herrenhaus Trerice &#8211; ein gro\u00dfartiges Beispiel traditioneller englischer Architektur und Ausstattung. Trerice eignet sich perfekt f\u00fcr einen entspannenden Tagesausflug, als Abwechslung zu den Str\u00e4nden von Newquay und den Wanderungen entlang der [&hellip;]","og_url":"https:\/\/www.urlaubcornwall.de\/blog\/hotels-trerice-herrenhaus-newquay\/","og_site_name":"Urlaub &amp; Reisen","article_modified_time":"2024-05-30T09:07:17+00:00","og_image":[{"url":"https:\/\/www.urlaubcornwall.de\/blog\/wp-content\/uploads\/2024\/04\/trerice-insta-1024x952.jpg"}],"twitter_card":"summary","twitter_misc":{"Est. reading time":"2 minutes"},"schema":{"@context":"https:\/\/schema.org","@graph":[{"@type":"WebSite","@id":"https:\/\/www.urlaubcornwall.de\/blog\/#website","url":"https:\/\/www.urlaubcornwall.de\/blog\/","name":"Urlaub &amp; Reisen","description":"Urlaub, Reisen, Cornwall und S\u00fcdengland: eine perfekte Kombination","potentialAction":[{"@type":"SearchAction","target":{"@type":"EntryPoint","urlTemplate":"https:\/\/www.urlaubcornwall.de\/blog\/?s={search_term_string}"},"query-input":"required name=search_term_string"}],"inLanguage":"en-US"},{"@type":"WebPage","@id":"https:\/\/www.urlaubcornwall.de\/blog\/hotels-trerice-herrenhaus-newquay\/","url":"https:\/\/www.urlaubcornwall.de\/blog\/hotels-trerice-herrenhaus-newquay\/","name":"Hotels in der N\u00e4he Trerice Herrenhaus zum Verlieben \u2013 so einfach ist das! - Urlaub &amp; Reisen","isPartOf":{"@id":"https:\/\/www.urlaubcornwall.de\/blog\/#website"},"datePublished":"2017-08-31T14:43:08+00:00","dateModified":"2024-05-30T09:07:17+00:00","breadcrumb":{"@id":"https:\/\/www.urlaubcornwall.de\/blog\/hotels-trerice-herrenhaus-newquay\/#breadcrumb"},"inLanguage":"en-US","potentialAction":[{"@type":"ReadAction","target":["https:\/\/www.urlaubcornwall.de\/blog\/hotels-trerice-herrenhaus-newquay\/"]}]},{"@type":"BreadcrumbList","@id":"https:\/\/www.urlaubcornwall.de\/blog\/hotels-trerice-herrenhaus-newquay\/#breadcrumb","itemListElement":[{"@type":"ListItem","position":1,"name":"Home","item":"https:\/\/www.urlaubcornwall.de\/blog\/"},{"@type":"ListItem","position":2,"name":"Hotels in der N\u00e4he Trerice Herrenhaus zum Verlieben \u2013 so einfach ist das!"}]}]}},"_links":{"self":[{"href":"https:\/\/www.urlaubcornwall.de\/blog\/wp-json\/wp\/v2\/pages\/28896"}],"collection":[{"href":"https:\/\/www.urlaubcornwall.de\/blog\/wp-json\/wp\/v2\/pages"}],"about":[{"href":"https:\/\/www.urlaubcornwall.de\/blog\/wp-json\/wp\/v2\/types\/page"}],"author":[{"embeddable":true,"href":"https:\/\/www.urlaubcornwall.de\/blog\/wp-json\/wp\/v2\/users\/1"}],"replies":[{"embeddable":true,"href":"https:\/\/www.urlaubcornwall.de\/blog\/wp-json\/wp\/v2\/comments?post=28896"}],"version-history":[{"count":6,"href":"https:\/\/www.urlaubcornwall.de\/blog\/wp-json\/wp\/v2\/pages\/28896\/revisions"}],"predecessor-version":[{"id":50845,"href":"https:\/\/www.urlaubcornwall.de\/blog\/wp-json\/wp\/v2\/pages\/28896\/revisions\/50845"}],"wp:attachment":[{"href":"https:\/\/www.urlaubcornwall.de\/blog\/wp-json\/wp\/v2\/media?parent=28896"}],"curies":[{"name":"wp","href":"https:\/\/api.w.org\/{rel}","templated":true}]}}