{"id":28871,"date":"2017-08-31T11:00:57","date_gmt":"2017-08-31T11:00:57","guid":{"rendered":"https:\/\/www.urlaubcornwall.de\/blog\/?page_id=28871"},"modified":"2018-03-22T11:46:05","modified_gmt":"2018-03-22T11:46:05","slug":"polurrian-bay-hotel-am-meer","status":"publish","type":"page","link":"https:\/\/www.urlaubcornwall.de\/blog\/polurrian-bay-hotel-am-meer\/","title":{"rendered":"Polurrian Bay Hotel am Meer, Lizard Halbinsel"},"content":{"rendered":"<p><img loading=\"lazy\" class=\"aligncenter size-full wp-image-11510\" src=\"https:\/\/www.urlaubcornwall.de\/blog\/wp-content\/uploads\/2013\/11\/Polurrian-Bay-291.jpg\" alt=\"hotel lizard halbinsel am meer meerblick\" width=\"745\" height=\"500\"\/><\/p>\n<p style=\"text-align: center;\">Die Lizard Halbinsel ist ein gro\u00dfes Gebiet der Niederungen umgrenzt von Meeresklippen. Die Halbinsel endet am Lizard Point, dem s\u00fcdlichsten Zipfel Britanniens. Seltene Pflanzen wachsen auf dem gro\u00dfr\u00e4umigen Heideland und den K\u00fcstenpfaden. Besucher werden gebeten, keine wilden Blumen und Pflanzen zu pfl\u00fccken.<\/p>\n<p style=\"text-align: center;\">Cornwall ist das beliebteste Reiseziel f\u00fcr Familienurlaube in Gro\u00dfbritannien und das Polurrian Hotel an der S\u00fcdk\u00fcste von Cornwall bietet fantastische Unterkunftsm\u00f6glichkeiten in einer wundersch\u00f6nen Lage&#8230;&#8230;<a href=\"https:\/\/www.urlaubcornwall.de\/blog\/das-polurrian-bay-hotel-beeindruckt-mit-stilvollem-ambiente-herrlichem-meerblick-und-familienfreundlichen-einrichtungen\/\"><strong>[ Mehr ]<\/strong><\/a><\/p>\n<p style=\"text-align: center;\"><b>Klicken Sie <\/b><strong>hie<\/strong>r<b>, um sich unser vollst\u00e4ndiges Angebot der besten <a href=\"https:\/\/www.urlaubcornwall.de\/hotels.php\">Hotels in Cornwall&gt;&gt;<\/a><\/b><\/p>\n<p style=\"text-align: center;\"><a href=\"http:\/\/www.urlaubcornwall.de\/\">UrlaubCornwall.de<\/a> ist ein in Cornwall ans\u00e4ssiges Unternehmen k\u00f6nnen wir uns mit 20 Jahren Erfahrung in der Organisation von Rundreisen durch S\u00fcdwest und S\u00fcdengland r\u00fchmen.<\/p>\n<p style=\"text-align: center;\">Um Cornwall in Ihre Rundreise durch S\u00fcdengland mit einzugliedern, stellen Sie Ihre <a href=\"http:\/\/www.urlaubcornwall.de\/anfrage.php\">Anfrage<\/a> hier oder w\u00e4hlen Sie ein Ferienhaus aus unserer besten Auswahl handverlesener und inspizierter H\u00e4user aus.<\/p>\n","protected":false},"excerpt":{"rendered":"<p>Die Lizard Halbinsel ist ein gro\u00dfes Gebiet der Niederungen umgrenzt von Meeresklippen. Die Halbinsel endet am Lizard Point, dem s\u00fcdlichsten Zipfel Britanniens. Seltene Pflanzen wachsen auf dem gro\u00dfr\u00e4umigen Heideland und den K\u00fcstenpfaden. Besucher werden gebeten, keine wilden Blumen und Pflanzen zu pfl\u00fccken. Cornwall ist das beliebteste Reiseziel f\u00fcr Familienurlaube in Gro\u00dfbritannien und das Polurrian Hotel [&hellip;]<\/p>\n","protected":false},"author":1,"featured_media":0,"parent":0,"menu_order":0,"comment_status":"closed","ping_status":"closed","template":"single-four.php","meta":[],"acf":[],"yoast_head":"<!-- This site is optimized with the Yoast SEO plugin v19.4 - https:\/\/yoast.com\/wordpress\/plugins\/seo\/ -->\n<title>Polurrian Bay Hotel am Meer, Lizard Halbinsel - Urlaub &amp; Reisen<\/title>\n<meta name=\"robots\" content=\"index, follow, max-snippet:-1, max-image-preview:large, max-video-preview:-1\" \/>\n<link rel=\"canonical\" href=\"https:\/\/www.urlaubcornwall.de\/blog\/polurrian-bay-hotel-am-meer\/\" \/>\n<meta property=\"og:locale\" content=\"en_US\" \/>\n<meta property=\"og:type\" content=\"article\" \/>\n<meta property=\"og:title\" content=\"Polurrian Bay Hotel am Meer, Lizard Halbinsel - Urlaub &amp; Reisen\" \/>\n<meta property=\"og:description\" content=\"Die Lizard Halbinsel ist ein gro\u00dfes Gebiet der Niederungen umgrenzt von Meeresklippen. Die Halbinsel endet am Lizard Point, dem s\u00fcdlichsten Zipfel Britanniens. Seltene Pflanzen wachsen auf dem gro\u00dfr\u00e4umigen Heideland und den K\u00fcstenpfaden. Besucher werden gebeten, keine wilden Blumen und Pflanzen zu pfl\u00fccken. Cornwall ist das beliebteste Reiseziel f\u00fcr Familienurlaube in Gro\u00dfbritannien und das Polurrian Hotel [&hellip;]\" \/>\n<meta property=\"og:url\" content=\"https:\/\/www.urlaubcornwall.de\/blog\/polurrian-bay-hotel-am-meer\/\" \/>\n<meta property=\"og:site_name\" content=\"Urlaub &amp; Reisen\" \/>\n<meta property=\"article:modified_time\" content=\"2018-03-22T11:46:05+00:00\" \/>\n<meta property=\"og:image\" content=\"https:\/\/www.urlaubcornwall.de\/blog\/wp-content\/uploads\/2013\/11\/Polurrian-Bay-291.jpg\" \/>\n<meta name=\"twitter:card\" content=\"summary\" \/>\n<meta name=\"twitter:label1\" content=\"Est. reading time\" \/>\n\t<meta name=\"twitter:data1\" content=\"1 minute\" \/>\n<script type=\"application\/ld+json\" class=\"yoast-schema-graph\">{\"@context\":\"https:\/\/schema.org\",\"@graph\":[{\"@type\":\"WebSite\",\"@id\":\"https:\/\/www.urlaubcornwall.de\/blog\/#website\",\"url\":\"https:\/\/www.urlaubcornwall.de\/blog\/\",\"name\":\"Urlaub &amp; Reisen\",\"description\":\"Urlaub, Reisen, Cornwall und S\u00fcdengland: eine perfekte Kombination\",\"potentialAction\":[{\"@type\":\"SearchAction\",\"target\":{\"@type\":\"EntryPoint\",\"urlTemplate\":\"https:\/\/www.urlaubcornwall.de\/blog\/?s={search_term_string}\"},\"query-input\":\"required name=search_term_string\"}],\"inLanguage\":\"en-US\"},{\"@type\":\"WebPage\",\"@id\":\"https:\/\/www.urlaubcornwall.de\/blog\/polurrian-bay-hotel-am-meer\/\",\"url\":\"https:\/\/www.urlaubcornwall.de\/blog\/polurrian-bay-hotel-am-meer\/\",\"name\":\"Polurrian Bay Hotel am Meer, Lizard Halbinsel - Urlaub &amp; Reisen\",\"isPartOf\":{\"@id\":\"https:\/\/www.urlaubcornwall.de\/blog\/#website\"},\"datePublished\":\"2017-08-31T11:00:57+00:00\",\"dateModified\":\"2018-03-22T11:46:05+00:00\",\"breadcrumb\":{\"@id\":\"https:\/\/www.urlaubcornwall.de\/blog\/polurrian-bay-hotel-am-meer\/#breadcrumb\"},\"inLanguage\":\"en-US\",\"potentialAction\":[{\"@type\":\"ReadAction\",\"target\":[\"https:\/\/www.urlaubcornwall.de\/blog\/polurrian-bay-hotel-am-meer\/\"]}]},{\"@type\":\"BreadcrumbList\",\"@id\":\"https:\/\/www.urlaubcornwall.de\/blog\/polurrian-bay-hotel-am-meer\/#breadcrumb\",\"itemListElement\":[{\"@type\":\"ListItem\",\"position\":1,\"name\":\"Home\",\"item\":\"https:\/\/www.urlaubcornwall.de\/blog\/\"},{\"@type\":\"ListItem\",\"position\":2,\"name\":\"Polurrian Bay Hotel am Meer, Lizard Halbinsel\"}]}]}<\/script>\n<!-- \/ Yoast SEO plugin. -->","yoast_head_json":{"title":"Polurrian Bay Hotel am Meer, Lizard Halbinsel - Urlaub &amp; Reisen","robots":{"index":"index","follow":"follow","max-snippet":"max-snippet:-1","max-image-preview":"max-image-preview:large","max-video-preview":"max-video-preview:-1"},"canonical":"https:\/\/www.urlaubcornwall.de\/blog\/polurrian-bay-hotel-am-meer\/","og_locale":"en_US","og_type":"article","og_title":"Polurrian Bay Hotel am Meer, Lizard Halbinsel - Urlaub &amp; Reisen","og_description":"Die Lizard Halbinsel ist ein gro\u00dfes Gebiet der Niederungen umgrenzt von Meeresklippen. Die Halbinsel endet am Lizard Point, dem s\u00fcdlichsten Zipfel Britanniens. Seltene Pflanzen wachsen auf dem gro\u00dfr\u00e4umigen Heideland und den K\u00fcstenpfaden. Besucher werden gebeten, keine wilden Blumen und Pflanzen zu pfl\u00fccken. Cornwall ist das beliebteste Reiseziel f\u00fcr Familienurlaube in Gro\u00dfbritannien und das Polurrian Hotel [&hellip;]","og_url":"https:\/\/www.urlaubcornwall.de\/blog\/polurrian-bay-hotel-am-meer\/","og_site_name":"Urlaub &amp; Reisen","article_modified_time":"2018-03-22T11:46:05+00:00","og_image":[{"url":"https:\/\/www.urlaubcornwall.de\/blog\/wp-content\/uploads\/2013\/11\/Polurrian-Bay-291.jpg"}],"twitter_card":"summary","twitter_misc":{"Est. reading time":"1 minute"},"schema":{"@context":"https:\/\/schema.org","@graph":[{"@type":"WebSite","@id":"https:\/\/www.urlaubcornwall.de\/blog\/#website","url":"https:\/\/www.urlaubcornwall.de\/blog\/","name":"Urlaub &amp; Reisen","description":"Urlaub, Reisen, Cornwall und S\u00fcdengland: eine perfekte Kombination","potentialAction":[{"@type":"SearchAction","target":{"@type":"EntryPoint","urlTemplate":"https:\/\/www.urlaubcornwall.de\/blog\/?s={search_term_string}"},"query-input":"required name=search_term_string"}],"inLanguage":"en-US"},{"@type":"WebPage","@id":"https:\/\/www.urlaubcornwall.de\/blog\/polurrian-bay-hotel-am-meer\/","url":"https:\/\/www.urlaubcornwall.de\/blog\/polurrian-bay-hotel-am-meer\/","name":"Polurrian Bay Hotel am Meer, Lizard Halbinsel - Urlaub &amp; Reisen","isPartOf":{"@id":"https:\/\/www.urlaubcornwall.de\/blog\/#website"},"datePublished":"2017-08-31T11:00:57+00:00","dateModified":"2018-03-22T11:46:05+00:00","breadcrumb":{"@id":"https:\/\/www.urlaubcornwall.de\/blog\/polurrian-bay-hotel-am-meer\/#breadcrumb"},"inLanguage":"en-US","potentialAction":[{"@type":"ReadAction","target":["https:\/\/www.urlaubcornwall.de\/blog\/polurrian-bay-hotel-am-meer\/"]}]},{"@type":"BreadcrumbList","@id":"https:\/\/www.urlaubcornwall.de\/blog\/polurrian-bay-hotel-am-meer\/#breadcrumb","itemListElement":[{"@type":"ListItem","position":1,"name":"Home","item":"https:\/\/www.urlaubcornwall.de\/blog\/"},{"@type":"ListItem","position":2,"name":"Polurrian Bay Hotel am Meer, Lizard Halbinsel"}]}]}},"_links":{"self":[{"href":"https:\/\/www.urlaubcornwall.de\/blog\/wp-json\/wp\/v2\/pages\/28871"}],"collection":[{"href":"https:\/\/www.urlaubcornwall.de\/blog\/wp-json\/wp\/v2\/pages"}],"about":[{"href":"https:\/\/www.urlaubcornwall.de\/blog\/wp-json\/wp\/v2\/types\/page"}],"author":[{"embeddable":true,"href":"https:\/\/www.urlaubcornwall.de\/blog\/wp-json\/wp\/v2\/users\/1"}],"replies":[{"embeddable":true,"href":"https:\/\/www.urlaubcornwall.de\/blog\/wp-json\/wp\/v2\/comments?post=28871"}],"version-history":[{"count":2,"href":"https:\/\/www.urlaubcornwall.de\/blog\/wp-json\/wp\/v2\/pages\/28871\/revisions"}],"predecessor-version":[{"id":33230,"href":"https:\/\/www.urlaubcornwall.de\/blog\/wp-json\/wp\/v2\/pages\/28871\/revisions\/33230"}],"wp:attachment":[{"href":"https:\/\/www.urlaubcornwall.de\/blog\/wp-json\/wp\/v2\/media?parent=28871"}],"curies":[{"name":"wp","href":"https:\/\/api.w.org\/{rel}","templated":true}]}}