{"id":28770,"date":"2017-08-29T08:21:20","date_gmt":"2017-08-29T08:21:20","guid":{"rendered":"https:\/\/www.urlaubcornwall.de\/blog\/?page_id=28770"},"modified":"2019-01-29T14:43:12","modified_gmt":"2019-01-29T14:43:12","slug":"tregenna-castle-hotel-resort-st-ives-cornwall","status":"publish","type":"page","link":"https:\/\/www.urlaubcornwall.de\/blog\/tregenna-castle-hotel-resort-st-ives-cornwall\/","title":{"rendered":"Schlosshotel in St Ives Cornwall"},"content":{"rendered":"<p><strong>Unsere Bewertung<\/strong> &#8211; Herrschaftlich innerhalb seines eigenen 72 Ar Grund und Boden gelegen, genie\u00dft <a href=\"https:\/\/www.booking.com\/hotel\/gb\/tregenna-castle-estate.html?aid=1320750&amp;no_rooms=1&amp;group_adults=2&amp;room1=A%2CA\" rel=\"nofollow\">Tregenna Schlosshotel<\/a> eine der ikonischen Aussichten Cornwalls, \u00fcber den ber\u00fchmten Fischerort St Ives und die herrliche K\u00fcste der St Ives Bucht hinweg. Teile des Hauptgeb\u00e4udes gehen zur\u00fcck ins Jahr 1774, doch die T\u00fcrme des Schlosses wurden zu viktorianischen Zeiten hinzugef\u00fcgt, um eine beeindruckende Fassade zu schaffen. Das Hotel verf\u00fcgt \u00fcber 81 Zimmer, jedes mit seinem eigenen Charakter, und einige R\u00e4ume haben spektakul\u00e4ren Meeresblick; allesamt sind sie recht gro\u00df mit hohen Decken, die zus\u00e4tzlich mehr Raum vermitteln. Au\u00dferdem gibt es 70 Selbstversorger- Unterk\u00fcnfte innerhalb des Gel\u00e4ndes, vom restaurierten Kutschenhaus und Stallungen bis hin zu Holzunterk\u00fcnften in japanischem Stil. <\/p>\n<p>Dieses Hotel bietet eine hohe Anzahl an Aktivit\u00e4tsm\u00f6glichkeiten f\u00fcr Paare auf der Rundreise durch Cornwall oder f\u00fcr Familien, die sich nach einem Strandurlaub sehnen. Es hat sowohl Innen- als auch Au\u00dfenschwimmb\u00e4der, Tennispl\u00e4tze, Squash, Fitnessstudio, Sauna und Dampfr\u00e4ume, sowie seinen eigenen 18 Loch Golfplatz. Es ist auch das beste Hotel, wenn es darum geht, Parkprobleme in St Ives zu vermeiden. Es gibt gen\u00fcgend Abstellm\u00f6glichkeiten f\u00fcr Ihr Auto am Hotel, und der Ortskern, sowie die wundersch\u00f6nen Sandstr\u00e4nde Porthminster und Carbis Bay sind nur einen kurzen Spaziergang entfernt.<\/p>\n<p><strong>Hotelzimmer<\/strong> &#8211; Das Hotel bietet eine Reihe an Raumtypen, von Einzelzimmern mit Meeresblick bis zu zwei Zimmer Appartements. Die meisten Doppelzimmer k\u00f6nnen bis zu 2 Kinder (unter 12 Jahren) auf einem Sofabett beherbergen. Die R\u00e4ume im Westfl\u00fcgel und Schloss bieten sowohl Meeresblick als auch Nicht-Meeresblick. Es sind Familiensuiten mit 2 separaten Schlafzimmern erh\u00e4ltlich, die m\u00fchelos bis zu 3 Kinder beherbergen, was sowohl Eltern als auch Kindern gen\u00fcgend Platz bietet. F\u00fcr diejenigen unter Ihnen, die nach einer Selbstversorgerm\u00f6glichkeit suchen, gibt es Ein- und Zweizimmer Ferienwohnungen mit offenem K\u00fcchen-\/Essbereich und Blick \u00fcber den Golfplatz.<\/p>\n<p><strong>Ferienh\u00e4user <\/strong> &#8211; 70 Ferienh\u00e4user und Ferienwohnungen liegen auf dem Tregenna Gel\u00e4nde, von japanischen Pfahlunterk\u00fcnften bis zu Ferienwohnungen aus dem 18. Jahrhundert in Cornwall. Viele der Unterk\u00fcnfte haben private G\u00e4rten und Meeresblick. Alle Selbstversorgerg\u00e4ste genie\u00dfen kostenfreien Gebrauch der Freizeitangebote, einschlie\u00dflich der Innen- und Au\u00dfenschwimmbecken und diversen Ballspielpl\u00e4tzen.<\/p>\n<p><strong>Aktivit\u00e4ten &amp; M\u00f6glichkeiten <\/strong> &#8211; Das gro\u00dfe friedvolle Schlossgel\u00e4nde verf\u00fcgt \u00fcber geheime G\u00e4rten und Waldnaturpfade, die es zu erkunden gilt. Das Au\u00dfenschwimmbecken ist im Sommer beliebt, doch gibt es auch einen Innenpool. St Ives wundervolle Str\u00e4nde eignen sich hervorragend f\u00fcr verschiedene Wassersportm\u00f6glichkeiten (die vom Hotel organisiert werden k\u00f6nnen), und vom Hafen aus k\u00f6nnen Besucher zusehen, wie die Fischerboote ihren Fang an Land bringen.<\/p>\n<p>Der eigene 18 Loch Par 3 Golfplatz ist au\u00dferordentlich beliebt bei Spielern jeden Levels, die beim Spiel den herrlichen Blick \u00fcber die Bucht genie\u00dfen. Au\u00dferdem bietet das Hotel Tennis-, Badminton- und Sqashpl\u00e4tze, einen voll ausgestatteten Fitnessraum und beheizte Au\u00dfen- und Innenschwimmbecken mit Jacuzzi, Dampfraum und Sauna. Somit k\u00f6nnen Sie also w\u00e4hlen, ob Sie nun aktiv sein oder einfach entspannen wollen.<\/p>\n<p><strong>Unser Tipp:<\/strong> Es ist das ideale Familienhotel, das mit Aktivit\u00e4ten und M\u00f6glichkeiten f\u00fcr Kinder jeden Alters sorgt, von Babies bis Teenagern. \u201eSchlosskinder\u201c, der Kinderklub des Hotels, bietet ein variantenreiches Programm an Besch\u00e4ftigungen, die die jungen G\u00e4ste lieben werden.<\/p>\n<p style=\"text-align: center;\"><a class=\"tidycta\" href=\"https:\/\/www.booking.com\/hotel\/gb\/tregenna-castle-estate.html?aid=1320750&amp;no_rooms=1&amp;group_adults=2&amp;room1=A%2CA\" rel=\"nofollow\">Verf\u00fcgbarkeit pr\u00fcfen<\/a><\/p>\n<p><b>Klicken Sie <\/b><strong>hie<\/strong>r<b>, um sich unser vollst\u00e4ndiges Angebot der besten <a href=\"https:\/\/www.urlaubcornwall.de\/hotels.php\">Hotels in Cornwall&gt;&gt;<\/a><\/b><\/p>\n","protected":false},"excerpt":{"rendered":"<p>Unsere Bewertung &#8211; Herrschaftlich innerhalb seines eigenen 72 Ar Grund und Boden gelegen, genie\u00dft Tregenna Schlosshotel eine der ikonischen Aussichten Cornwalls, \u00fcber den ber\u00fchmten Fischerort St Ives und die herrliche K\u00fcste der St Ives Bucht hinweg. Teile des Hauptgeb\u00e4udes gehen zur\u00fcck ins Jahr 1774, doch die T\u00fcrme des Schlosses wurden zu viktorianischen Zeiten hinzugef\u00fcgt, um [&hellip;]<\/p>\n","protected":false},"author":1,"featured_media":0,"parent":0,"menu_order":0,"comment_status":"closed","ping_status":"closed","template":"single-three.php","meta":[],"acf":[],"yoast_head":"<!-- This site is optimized with the Yoast SEO plugin v19.4 - https:\/\/yoast.com\/wordpress\/plugins\/seo\/ -->\n<title>Schlosshotel in St Ives Cornwall - Urlaub &amp; Reisen<\/title>\n<meta name=\"robots\" content=\"index, follow, max-snippet:-1, max-image-preview:large, max-video-preview:-1\" \/>\n<link rel=\"canonical\" href=\"https:\/\/www.urlaubcornwall.de\/blog\/tregenna-castle-hotel-resort-st-ives-cornwall\/\" \/>\n<meta property=\"og:locale\" content=\"en_US\" \/>\n<meta property=\"og:type\" content=\"article\" \/>\n<meta property=\"og:title\" content=\"Schlosshotel in St Ives Cornwall - Urlaub &amp; Reisen\" \/>\n<meta property=\"og:description\" content=\"Unsere Bewertung &#8211; Herrschaftlich innerhalb seines eigenen 72 Ar Grund und Boden gelegen, genie\u00dft Tregenna Schlosshotel eine der ikonischen Aussichten Cornwalls, \u00fcber den ber\u00fchmten Fischerort St Ives und die herrliche K\u00fcste der St Ives Bucht hinweg. Teile des Hauptgeb\u00e4udes gehen zur\u00fcck ins Jahr 1774, doch die T\u00fcrme des Schlosses wurden zu viktorianischen Zeiten hinzugef\u00fcgt, um [&hellip;]\" \/>\n<meta property=\"og:url\" content=\"https:\/\/www.urlaubcornwall.de\/blog\/tregenna-castle-hotel-resort-st-ives-cornwall\/\" \/>\n<meta property=\"og:site_name\" content=\"Urlaub &amp; Reisen\" \/>\n<meta property=\"article:modified_time\" content=\"2019-01-29T14:43:12+00:00\" \/>\n<meta name=\"twitter:card\" content=\"summary\" \/>\n<meta name=\"twitter:label1\" content=\"Est. reading time\" \/>\n\t<meta name=\"twitter:data1\" content=\"3 minutes\" \/>\n<script type=\"application\/ld+json\" class=\"yoast-schema-graph\">{\"@context\":\"https:\/\/schema.org\",\"@graph\":[{\"@type\":\"WebSite\",\"@id\":\"https:\/\/www.urlaubcornwall.de\/blog\/#website\",\"url\":\"https:\/\/www.urlaubcornwall.de\/blog\/\",\"name\":\"Urlaub &amp; Reisen\",\"description\":\"Urlaub, Reisen, Cornwall und S\u00fcdengland: eine perfekte Kombination\",\"potentialAction\":[{\"@type\":\"SearchAction\",\"target\":{\"@type\":\"EntryPoint\",\"urlTemplate\":\"https:\/\/www.urlaubcornwall.de\/blog\/?s={search_term_string}\"},\"query-input\":\"required name=search_term_string\"}],\"inLanguage\":\"en-US\"},{\"@type\":\"WebPage\",\"@id\":\"https:\/\/www.urlaubcornwall.de\/blog\/tregenna-castle-hotel-resort-st-ives-cornwall\/\",\"url\":\"https:\/\/www.urlaubcornwall.de\/blog\/tregenna-castle-hotel-resort-st-ives-cornwall\/\",\"name\":\"Schlosshotel in St Ives Cornwall - Urlaub &amp; Reisen\",\"isPartOf\":{\"@id\":\"https:\/\/www.urlaubcornwall.de\/blog\/#website\"},\"datePublished\":\"2017-08-29T08:21:20+00:00\",\"dateModified\":\"2019-01-29T14:43:12+00:00\",\"breadcrumb\":{\"@id\":\"https:\/\/www.urlaubcornwall.de\/blog\/tregenna-castle-hotel-resort-st-ives-cornwall\/#breadcrumb\"},\"inLanguage\":\"en-US\",\"potentialAction\":[{\"@type\":\"ReadAction\",\"target\":[\"https:\/\/www.urlaubcornwall.de\/blog\/tregenna-castle-hotel-resort-st-ives-cornwall\/\"]}]},{\"@type\":\"BreadcrumbList\",\"@id\":\"https:\/\/www.urlaubcornwall.de\/blog\/tregenna-castle-hotel-resort-st-ives-cornwall\/#breadcrumb\",\"itemListElement\":[{\"@type\":\"ListItem\",\"position\":1,\"name\":\"Home\",\"item\":\"https:\/\/www.urlaubcornwall.de\/blog\/\"},{\"@type\":\"ListItem\",\"position\":2,\"name\":\"Schlosshotel in St Ives Cornwall\"}]}]}<\/script>\n<!-- \/ Yoast SEO plugin. -->","yoast_head_json":{"title":"Schlosshotel in St Ives Cornwall - Urlaub &amp; Reisen","robots":{"index":"index","follow":"follow","max-snippet":"max-snippet:-1","max-image-preview":"max-image-preview:large","max-video-preview":"max-video-preview:-1"},"canonical":"https:\/\/www.urlaubcornwall.de\/blog\/tregenna-castle-hotel-resort-st-ives-cornwall\/","og_locale":"en_US","og_type":"article","og_title":"Schlosshotel in St Ives Cornwall - Urlaub &amp; Reisen","og_description":"Unsere Bewertung &#8211; Herrschaftlich innerhalb seines eigenen 72 Ar Grund und Boden gelegen, genie\u00dft Tregenna Schlosshotel eine der ikonischen Aussichten Cornwalls, \u00fcber den ber\u00fchmten Fischerort St Ives und die herrliche K\u00fcste der St Ives Bucht hinweg. Teile des Hauptgeb\u00e4udes gehen zur\u00fcck ins Jahr 1774, doch die T\u00fcrme des Schlosses wurden zu viktorianischen Zeiten hinzugef\u00fcgt, um [&hellip;]","og_url":"https:\/\/www.urlaubcornwall.de\/blog\/tregenna-castle-hotel-resort-st-ives-cornwall\/","og_site_name":"Urlaub &amp; Reisen","article_modified_time":"2019-01-29T14:43:12+00:00","twitter_card":"summary","twitter_misc":{"Est. reading time":"3 minutes"},"schema":{"@context":"https:\/\/schema.org","@graph":[{"@type":"WebSite","@id":"https:\/\/www.urlaubcornwall.de\/blog\/#website","url":"https:\/\/www.urlaubcornwall.de\/blog\/","name":"Urlaub &amp; Reisen","description":"Urlaub, Reisen, Cornwall und S\u00fcdengland: eine perfekte Kombination","potentialAction":[{"@type":"SearchAction","target":{"@type":"EntryPoint","urlTemplate":"https:\/\/www.urlaubcornwall.de\/blog\/?s={search_term_string}"},"query-input":"required name=search_term_string"}],"inLanguage":"en-US"},{"@type":"WebPage","@id":"https:\/\/www.urlaubcornwall.de\/blog\/tregenna-castle-hotel-resort-st-ives-cornwall\/","url":"https:\/\/www.urlaubcornwall.de\/blog\/tregenna-castle-hotel-resort-st-ives-cornwall\/","name":"Schlosshotel in St Ives Cornwall - Urlaub &amp; Reisen","isPartOf":{"@id":"https:\/\/www.urlaubcornwall.de\/blog\/#website"},"datePublished":"2017-08-29T08:21:20+00:00","dateModified":"2019-01-29T14:43:12+00:00","breadcrumb":{"@id":"https:\/\/www.urlaubcornwall.de\/blog\/tregenna-castle-hotel-resort-st-ives-cornwall\/#breadcrumb"},"inLanguage":"en-US","potentialAction":[{"@type":"ReadAction","target":["https:\/\/www.urlaubcornwall.de\/blog\/tregenna-castle-hotel-resort-st-ives-cornwall\/"]}]},{"@type":"BreadcrumbList","@id":"https:\/\/www.urlaubcornwall.de\/blog\/tregenna-castle-hotel-resort-st-ives-cornwall\/#breadcrumb","itemListElement":[{"@type":"ListItem","position":1,"name":"Home","item":"https:\/\/www.urlaubcornwall.de\/blog\/"},{"@type":"ListItem","position":2,"name":"Schlosshotel in St Ives Cornwall"}]}]}},"_links":{"self":[{"href":"https:\/\/www.urlaubcornwall.de\/blog\/wp-json\/wp\/v2\/pages\/28770"}],"collection":[{"href":"https:\/\/www.urlaubcornwall.de\/blog\/wp-json\/wp\/v2\/pages"}],"about":[{"href":"https:\/\/www.urlaubcornwall.de\/blog\/wp-json\/wp\/v2\/types\/page"}],"author":[{"embeddable":true,"href":"https:\/\/www.urlaubcornwall.de\/blog\/wp-json\/wp\/v2\/users\/1"}],"replies":[{"embeddable":true,"href":"https:\/\/www.urlaubcornwall.de\/blog\/wp-json\/wp\/v2\/comments?post=28770"}],"version-history":[{"count":10,"href":"https:\/\/www.urlaubcornwall.de\/blog\/wp-json\/wp\/v2\/pages\/28770\/revisions"}],"predecessor-version":[{"id":35482,"href":"https:\/\/www.urlaubcornwall.de\/blog\/wp-json\/wp\/v2\/pages\/28770\/revisions\/35482"}],"wp:attachment":[{"href":"https:\/\/www.urlaubcornwall.de\/blog\/wp-json\/wp\/v2\/media?parent=28770"}],"curies":[{"name":"wp","href":"https:\/\/api.w.org\/{rel}","templated":true}]}}