{"id":28719,"date":"2017-08-27T10:33:02","date_gmt":"2017-08-27T10:33:02","guid":{"rendered":"https:\/\/www.urlaubcornwall.de\/blog\/?page_id=28719"},"modified":"2019-02-17T10:00:06","modified_gmt":"2019-02-17T10:00:06","slug":"bei-uns-finden-hotels-irland-mit-meerblick-zum-verlieben-einfach-ist-das","status":"publish","type":"page","link":"https:\/\/www.urlaubcornwall.de\/blog\/bei-uns-finden-hotels-irland-mit-meerblick-zum-verlieben-einfach-ist-das\/","title":{"rendered":"Bei uns finden Hotels in Irland mit Meerblick zum Verlieben \u2013 so einfach ist das!"},"content":{"rendered":"<p><a href=\"https:\/\/www.urlaubcornwall.de\/blog\/wp-content\/uploads\/2015\/10\/urlaub_reisen_irland.jpg\"><img loading=\"lazy\" class=\"aligncenter size-full wp-image-20465\" src=\"https:\/\/www.urlaubcornwall.de\/blog\/wp-content\/uploads\/2015\/10\/urlaub_reisen_irland.jpg\" alt=\"hotels_irland meer meerblick\" width=\"745\" height=\"359\" srcset=\"https:\/\/www.urlaubcornwall.de\/blog\/wp-content\/uploads\/2015\/10\/urlaub_reisen_irland.jpg 745w, https:\/\/www.urlaubcornwall.de\/blog\/wp-content\/uploads\/2015\/10\/urlaub_reisen_irland-300x145.jpg 300w\" sizes=\"(max-width: 745px) 100vw, 745px\" \/><\/a><\/p>\n<p style=\"text-align: left;\">F\u00fcr all jene, die innerhalb von Irlands wundervoller Landschaft untergebracht sein wollen, k\u00f6nnen wir fantastische Strandhotels mit Meerblick anbieten, die jedem Geldbeutel gerecht werden, von Familienhotels, Last Minute Angebote und M\u00f6glichkeiten f\u00fcr Kinder bieten bis hin zu Luxus-Spa-Hotels, eleganten Herrenh\u00e4usern oder f\u00fcnf-Sterne Schloss- und Boutique-Hotels.<\/p>\n<p style=\"text-align: left;\">Irland ist ein kleines Land und ein herrliches Urlaubs- oder Reiseziel, voller Geschichte und Natursch\u00f6nheit. Eindrucksvolle Naturwunder, dramatische Felsformationen und die h\u00f6chsten Klippen Europas, wundersch\u00f6ne Sandstr\u00e4nde, ein <a href=\"https:\/\/www.urlaubcornwall.de\/blog\/erleben-sie-irland-die-emerald-insel\/\">Land der Mythen und Legenden<\/a>.<br \/>\n<ins class=\"bookingaff\" data-aid=\"1697770\" data-target_aid=\"1697770\" data-prod=\"map\" data-width=\"100%\" data-height=\"590\" data-lang=\"ualng\" data-dest_id=\"0\" data-dest_type=\"landmark\" data-latitude=\"53.3498053\" data-longitude=\"-6.2603097\" data-landmark_name=\"Sch\u00f6nsten Hotels in Irland\" data-mwhsb=\"1\"><br \/>\n<!-- Anything inside will go away once widget is loaded. --><br \/>\n<a href=\"\/\/www.booking.com?aid=1697770\" rel=\"nofollow\">Booking.com<\/a><br \/>\n<\/ins><br \/>\n<script type=\"text\/javascript\">\n    (function(d, sc, u) {\n      var s = d.createElement(sc), p = d.getElementsByTagName(sc)[0];\n      s.type = 'text\/javascript';\n      s.async = true;\n      s.src = u + '?v=' + (+new Date());\n      p.parentNode.insertBefore(s,p);\n      })(document, 'script', '\/\/aff.bstatic.com\/static\/affiliate_base\/js\/flexiproduct.js');\n<\/script><\/p>\n<p style=\"text-align: left;\"><a href=\"http:\/\/urlaubcornwall.de\/\">UrlaubCornwall.de<\/a> hat seinen Firmensitz in Cornwall in S\u00fcdwestengland und bietet Kunden im Deutsch sprechenden Europa Hilfe im Erstellen der perfekten Urlaubserfahrung hier. Wir haben <a href=\"http:\/\/www.urlaubcornwall.de\/rundreisenservice.php\">ein Team Deutsch sprechender Experten<\/a>, so dass wir eine individuelle Rundreise durch S\u00fcdengland und nun auch durch den Rest Gro\u00dfbritanniens und Irlands anbieten k\u00f6nnen.<\/p>\n<p style=\"text-align: left;\">Wir bieten eine fantastische Auswahl an Rundreisen mit den beliebtesten Attraktionen und St\u00e4dten in <a href=\"http:\/\/www.urlaubcornwall.de\/reiseziel\/cornwall.php\">Cornwall<\/a>, <a href=\"https:\/\/www.urlaubcornwall.de\/blog\/rundreisen-england-wales\/\">England<\/a>, <a href=\"https:\/\/www.urlaubcornwall.de\/blog\/rundreisen-schottland\/\">Schottland,<\/a> <a href=\"https:\/\/www.urlaubcornwall.de\/blog\/rundreisen-england-wales\/\">Wales<\/a> und <a href=\"https:\/\/www.urlaubcornwall.de\/blog\/rundreisen-irland\/\">Irland.<\/a><\/p>\n","protected":false},"excerpt":{"rendered":"<p>F\u00fcr all jene, die innerhalb von Irlands wundervoller Landschaft untergebracht sein wollen, k\u00f6nnen wir fantastische Strandhotels mit Meerblick anbieten, die jedem Geldbeutel gerecht werden, von Familienhotels, Last Minute Angebote und M\u00f6glichkeiten f\u00fcr Kinder bieten bis hin zu Luxus-Spa-Hotels, eleganten Herrenh\u00e4usern oder f\u00fcnf-Sterne Schloss- und Boutique-Hotels. Irland ist ein kleines Land und ein herrliches Urlaubs- oder [&hellip;]<\/p>\n","protected":false},"author":1,"featured_media":0,"parent":0,"menu_order":0,"comment_status":"closed","ping_status":"closed","template":"single-four.php","meta":[],"acf":[],"yoast_head":"<!-- This site is optimized with the Yoast SEO plugin v19.4 - https:\/\/yoast.com\/wordpress\/plugins\/seo\/ -->\n<title>Bei uns finden Hotels in Irland mit Meerblick zum Verlieben \u2013 so einfach ist das! - Urlaub &amp; Reisen<\/title>\n<meta name=\"robots\" content=\"index, follow, max-snippet:-1, max-image-preview:large, max-video-preview:-1\" \/>\n<link rel=\"canonical\" href=\"https:\/\/www.urlaubcornwall.de\/blog\/bei-uns-finden-hotels-irland-mit-meerblick-zum-verlieben-einfach-ist-das\/\" \/>\n<meta property=\"og:locale\" content=\"en_US\" \/>\n<meta property=\"og:type\" content=\"article\" \/>\n<meta property=\"og:title\" content=\"Bei uns finden Hotels in Irland mit Meerblick zum Verlieben \u2013 so einfach ist das! - Urlaub &amp; Reisen\" \/>\n<meta property=\"og:description\" content=\"F\u00fcr all jene, die innerhalb von Irlands wundervoller Landschaft untergebracht sein wollen, k\u00f6nnen wir fantastische Strandhotels mit Meerblick anbieten, die jedem Geldbeutel gerecht werden, von Familienhotels, Last Minute Angebote und M\u00f6glichkeiten f\u00fcr Kinder bieten bis hin zu Luxus-Spa-Hotels, eleganten Herrenh\u00e4usern oder f\u00fcnf-Sterne Schloss- und Boutique-Hotels. Irland ist ein kleines Land und ein herrliches Urlaubs- oder [&hellip;]\" \/>\n<meta property=\"og:url\" content=\"https:\/\/www.urlaubcornwall.de\/blog\/bei-uns-finden-hotels-irland-mit-meerblick-zum-verlieben-einfach-ist-das\/\" \/>\n<meta property=\"og:site_name\" content=\"Urlaub &amp; Reisen\" \/>\n<meta property=\"article:modified_time\" content=\"2019-02-17T10:00:06+00:00\" \/>\n<meta property=\"og:image\" content=\"https:\/\/www.urlaubcornwall.de\/blog\/wp-content\/uploads\/2015\/10\/urlaub_reisen_irland.jpg\" \/>\n<meta name=\"twitter:card\" content=\"summary\" \/>\n<meta name=\"twitter:label1\" content=\"Est. reading time\" \/>\n\t<meta name=\"twitter:data1\" content=\"1 minute\" \/>\n<script type=\"application\/ld+json\" class=\"yoast-schema-graph\">{\"@context\":\"https:\/\/schema.org\",\"@graph\":[{\"@type\":\"WebSite\",\"@id\":\"https:\/\/www.urlaubcornwall.de\/blog\/#website\",\"url\":\"https:\/\/www.urlaubcornwall.de\/blog\/\",\"name\":\"Urlaub &amp; Reisen\",\"description\":\"Urlaub, Reisen, Cornwall und S\u00fcdengland: eine perfekte Kombination\",\"potentialAction\":[{\"@type\":\"SearchAction\",\"target\":{\"@type\":\"EntryPoint\",\"urlTemplate\":\"https:\/\/www.urlaubcornwall.de\/blog\/?s={search_term_string}\"},\"query-input\":\"required name=search_term_string\"}],\"inLanguage\":\"en-US\"},{\"@type\":\"WebPage\",\"@id\":\"https:\/\/www.urlaubcornwall.de\/blog\/bei-uns-finden-hotels-irland-mit-meerblick-zum-verlieben-einfach-ist-das\/\",\"url\":\"https:\/\/www.urlaubcornwall.de\/blog\/bei-uns-finden-hotels-irland-mit-meerblick-zum-verlieben-einfach-ist-das\/\",\"name\":\"Bei uns finden Hotels in Irland mit Meerblick zum Verlieben \u2013 so einfach ist das! - Urlaub &amp; Reisen\",\"isPartOf\":{\"@id\":\"https:\/\/www.urlaubcornwall.de\/blog\/#website\"},\"datePublished\":\"2017-08-27T10:33:02+00:00\",\"dateModified\":\"2019-02-17T10:00:06+00:00\",\"breadcrumb\":{\"@id\":\"https:\/\/www.urlaubcornwall.de\/blog\/bei-uns-finden-hotels-irland-mit-meerblick-zum-verlieben-einfach-ist-das\/#breadcrumb\"},\"inLanguage\":\"en-US\",\"potentialAction\":[{\"@type\":\"ReadAction\",\"target\":[\"https:\/\/www.urlaubcornwall.de\/blog\/bei-uns-finden-hotels-irland-mit-meerblick-zum-verlieben-einfach-ist-das\/\"]}]},{\"@type\":\"BreadcrumbList\",\"@id\":\"https:\/\/www.urlaubcornwall.de\/blog\/bei-uns-finden-hotels-irland-mit-meerblick-zum-verlieben-einfach-ist-das\/#breadcrumb\",\"itemListElement\":[{\"@type\":\"ListItem\",\"position\":1,\"name\":\"Home\",\"item\":\"https:\/\/www.urlaubcornwall.de\/blog\/\"},{\"@type\":\"ListItem\",\"position\":2,\"name\":\"Bei uns finden Hotels in Irland mit Meerblick zum Verlieben \u2013 so einfach ist das!\"}]}]}<\/script>\n<!-- \/ Yoast SEO plugin. -->","yoast_head_json":{"title":"Bei uns finden Hotels in Irland mit Meerblick zum Verlieben \u2013 so einfach ist das! - Urlaub &amp; Reisen","robots":{"index":"index","follow":"follow","max-snippet":"max-snippet:-1","max-image-preview":"max-image-preview:large","max-video-preview":"max-video-preview:-1"},"canonical":"https:\/\/www.urlaubcornwall.de\/blog\/bei-uns-finden-hotels-irland-mit-meerblick-zum-verlieben-einfach-ist-das\/","og_locale":"en_US","og_type":"article","og_title":"Bei uns finden Hotels in Irland mit Meerblick zum Verlieben \u2013 so einfach ist das! - Urlaub &amp; Reisen","og_description":"F\u00fcr all jene, die innerhalb von Irlands wundervoller Landschaft untergebracht sein wollen, k\u00f6nnen wir fantastische Strandhotels mit Meerblick anbieten, die jedem Geldbeutel gerecht werden, von Familienhotels, Last Minute Angebote und M\u00f6glichkeiten f\u00fcr Kinder bieten bis hin zu Luxus-Spa-Hotels, eleganten Herrenh\u00e4usern oder f\u00fcnf-Sterne Schloss- und Boutique-Hotels. Irland ist ein kleines Land und ein herrliches Urlaubs- oder [&hellip;]","og_url":"https:\/\/www.urlaubcornwall.de\/blog\/bei-uns-finden-hotels-irland-mit-meerblick-zum-verlieben-einfach-ist-das\/","og_site_name":"Urlaub &amp; Reisen","article_modified_time":"2019-02-17T10:00:06+00:00","og_image":[{"url":"https:\/\/www.urlaubcornwall.de\/blog\/wp-content\/uploads\/2015\/10\/urlaub_reisen_irland.jpg"}],"twitter_card":"summary","twitter_misc":{"Est. reading time":"1 minute"},"schema":{"@context":"https:\/\/schema.org","@graph":[{"@type":"WebSite","@id":"https:\/\/www.urlaubcornwall.de\/blog\/#website","url":"https:\/\/www.urlaubcornwall.de\/blog\/","name":"Urlaub &amp; Reisen","description":"Urlaub, Reisen, Cornwall und S\u00fcdengland: eine perfekte Kombination","potentialAction":[{"@type":"SearchAction","target":{"@type":"EntryPoint","urlTemplate":"https:\/\/www.urlaubcornwall.de\/blog\/?s={search_term_string}"},"query-input":"required name=search_term_string"}],"inLanguage":"en-US"},{"@type":"WebPage","@id":"https:\/\/www.urlaubcornwall.de\/blog\/bei-uns-finden-hotels-irland-mit-meerblick-zum-verlieben-einfach-ist-das\/","url":"https:\/\/www.urlaubcornwall.de\/blog\/bei-uns-finden-hotels-irland-mit-meerblick-zum-verlieben-einfach-ist-das\/","name":"Bei uns finden Hotels in Irland mit Meerblick zum Verlieben \u2013 so einfach ist das! - Urlaub &amp; Reisen","isPartOf":{"@id":"https:\/\/www.urlaubcornwall.de\/blog\/#website"},"datePublished":"2017-08-27T10:33:02+00:00","dateModified":"2019-02-17T10:00:06+00:00","breadcrumb":{"@id":"https:\/\/www.urlaubcornwall.de\/blog\/bei-uns-finden-hotels-irland-mit-meerblick-zum-verlieben-einfach-ist-das\/#breadcrumb"},"inLanguage":"en-US","potentialAction":[{"@type":"ReadAction","target":["https:\/\/www.urlaubcornwall.de\/blog\/bei-uns-finden-hotels-irland-mit-meerblick-zum-verlieben-einfach-ist-das\/"]}]},{"@type":"BreadcrumbList","@id":"https:\/\/www.urlaubcornwall.de\/blog\/bei-uns-finden-hotels-irland-mit-meerblick-zum-verlieben-einfach-ist-das\/#breadcrumb","itemListElement":[{"@type":"ListItem","position":1,"name":"Home","item":"https:\/\/www.urlaubcornwall.de\/blog\/"},{"@type":"ListItem","position":2,"name":"Bei uns finden Hotels in Irland mit Meerblick zum Verlieben \u2013 so einfach ist das!"}]}]}},"_links":{"self":[{"href":"https:\/\/www.urlaubcornwall.de\/blog\/wp-json\/wp\/v2\/pages\/28719"}],"collection":[{"href":"https:\/\/www.urlaubcornwall.de\/blog\/wp-json\/wp\/v2\/pages"}],"about":[{"href":"https:\/\/www.urlaubcornwall.de\/blog\/wp-json\/wp\/v2\/types\/page"}],"author":[{"embeddable":true,"href":"https:\/\/www.urlaubcornwall.de\/blog\/wp-json\/wp\/v2\/users\/1"}],"replies":[{"embeddable":true,"href":"https:\/\/www.urlaubcornwall.de\/blog\/wp-json\/wp\/v2\/comments?post=28719"}],"version-history":[{"count":4,"href":"https:\/\/www.urlaubcornwall.de\/blog\/wp-json\/wp\/v2\/pages\/28719\/revisions"}],"predecessor-version":[{"id":36310,"href":"https:\/\/www.urlaubcornwall.de\/blog\/wp-json\/wp\/v2\/pages\/28719\/revisions\/36310"}],"wp:attachment":[{"href":"https:\/\/www.urlaubcornwall.de\/blog\/wp-json\/wp\/v2\/media?parent=28719"}],"curies":[{"name":"wp","href":"https:\/\/api.w.org\/{rel}","templated":true}]}}