{"id":28713,"date":"2017-08-26T15:22:09","date_gmt":"2017-08-26T15:22:09","guid":{"rendered":"https:\/\/www.urlaubcornwall.de\/blog\/?page_id=28713"},"modified":"2024-05-30T08:37:23","modified_gmt":"2024-05-30T08:37:23","slug":"bei-uns-finden-hotels-der-naehe-minack-freilichttheater","status":"publish","type":"page","link":"https:\/\/www.urlaubcornwall.de\/blog\/bei-uns-finden-hotels-der-naehe-minack-freilichttheater\/","title":{"rendered":"Hotels in der N\u00e4he Minack Freilichttheater zum Verlieben \u2013 so einfach ist das!"},"content":{"rendered":"<p><a href=\"https:\/\/www.urlaubcornwall.de\/blog\/wp-content\/uploads\/2024\/05\/Minack-Gardens-at-Sunset-Mike-Newman.jpg\"><img loading=\"lazy\" src=\"https:\/\/www.urlaubcornwall.de\/blog\/wp-content\/uploads\/2024\/05\/Minack-Gardens-at-Sunset-Mike-Newman.jpg\" alt=\"Minack-Gardens-at-Sunset\" width=\"750\" height=\"501\" class=\"alignnone size-full wp-image-50800\" srcset=\"https:\/\/www.urlaubcornwall.de\/blog\/wp-content\/uploads\/2024\/05\/Minack-Gardens-at-Sunset-Mike-Newman.jpg 750w, https:\/\/www.urlaubcornwall.de\/blog\/wp-content\/uploads\/2024\/05\/Minack-Gardens-at-Sunset-Mike-Newman-300x200.jpg 300w\" sizes=\"(max-width: 750px) 100vw, 750px\" \/><\/a><br \/>\nimage credit-mike-newman<\/p>\n<p style=\"text-align: center;\"><strong>Die sch\u00f6nsten Hotels in der N\u00e4he Minack Freilichttheater f\u00fcr Ihren Urlaub in Cornwall.<\/strong><\/p>\n<p style=\"text-align: center;\">Obwohl das Minack Theater kein Strand ist, befindet es sich an den Klippen direkt \u00fcber <a href=\"https:\/\/www.urlaubcornwall.de\/ferienhaeuser-fewos\/west-cornwall.html\">Porthcurno<\/a>, und schon deswegen befindet es sich auf der Liste! Es gibt keine magischere Art und Weise, den Sonnenuntergang zu beobachten als w\u00e4hrend einer Vorf\u00fchrung eines Shakespeare Klassikers oder live Musik im Freien. Das Minack Theatre ist an die Klippen angeschmiegt, hinter Penzance und bietet eine sehr lebendige Sommersaison mit Freilichttheater und Tanz. Lehnen Sie sich zur\u00fcck und genie\u00dfen Sie die Unterhaltung, w\u00e4hrend die Sonne um Sie herum untergeht. Dies ist sicherlich eine unvergessliche und kostbare Erfahrung.<\/p>\n<p style=\"text-align: center;\">F\u00fcr all jene, die innerhalb von<a href=\"https:\/\/www.urlaubcornwall.de\/reiseziel\/cornwall.php\"> Cornwalls wundervoller Landschaft <\/a>untergebracht sein wollen, k\u00f6nnen wir fantastische Hotels mit Meerblick anbieten, die jedem Geldbeutel gerecht werden, von B&amp;Bs oder Familienhotels, die ein gro\u00dfartiges Preis-Leistungsverh\u00e4ltnis, Last Minute Angebote und M\u00f6glichkeiten f\u00fcr Kinder bieten bis hin zu Luxus-Spa-Hotels, eleganten Herrenh\u00e4usern oder f\u00fcnf-Sterne Schloss- und Boutique-Hotels&#8230;..<a href=\"https:\/\/www.urlaubcornwall.de\/hotels.php\"><strong>[ Mehr ]<\/strong><\/a><\/p>\n<p style=\"text-align: center;\"><a href=\"http:\/\/www.urlaubcornwall.de\/\">UrlaubCornwall.de<\/a> ist ein in Cornwall ans\u00e4ssiges Unternehmen k\u00f6nnen wir uns mit 20 Jahren Erfahrung in der Organisation von Rundreisen durch S\u00fcdwest und S\u00fcdengland r\u00fchmen.<\/p>\n<p style=\"text-align: center;\">Um Cornwall in Ihre Rundreise durch S\u00fcdengland mit einzugliedern, stellen Sie Ihre <a href=\"http:\/\/www.urlaubcornwall.de\/anfrage.php\">Anfrage<\/a> hier oder w\u00e4hlen Sie ein Ferienhaus aus unserer besten Auswahl handverlesener und inspizierter H\u00e4user aus.<\/p>\n","protected":false},"excerpt":{"rendered":"<p>image credit-mike-newman Die sch\u00f6nsten Hotels in der N\u00e4he Minack Freilichttheater f\u00fcr Ihren Urlaub in Cornwall. Obwohl das Minack Theater kein Strand ist, befindet es sich an den Klippen direkt \u00fcber Porthcurno, und schon deswegen befindet es sich auf der Liste! Es gibt keine magischere Art und Weise, den Sonnenuntergang zu beobachten als w\u00e4hrend einer Vorf\u00fchrung [&hellip;]<\/p>\n","protected":false},"author":1,"featured_media":0,"parent":0,"menu_order":0,"comment_status":"closed","ping_status":"closed","template":"single-four.php","meta":[],"acf":[],"yoast_head":"<!-- This site is optimized with the Yoast SEO plugin v19.4 - https:\/\/yoast.com\/wordpress\/plugins\/seo\/ -->\n<title>Hotels in der N\u00e4he Minack Freilichttheater zum Verlieben \u2013 so einfach ist das! - Urlaub &amp; Reisen<\/title>\n<meta name=\"robots\" content=\"index, follow, max-snippet:-1, max-image-preview:large, max-video-preview:-1\" \/>\n<link rel=\"canonical\" href=\"https:\/\/www.urlaubcornwall.de\/blog\/bei-uns-finden-hotels-der-naehe-minack-freilichttheater\/\" \/>\n<meta property=\"og:locale\" content=\"en_US\" \/>\n<meta property=\"og:type\" content=\"article\" \/>\n<meta property=\"og:title\" content=\"Hotels in der N\u00e4he Minack Freilichttheater zum Verlieben \u2013 so einfach ist das! - Urlaub &amp; Reisen\" \/>\n<meta property=\"og:description\" content=\"image credit-mike-newman Die sch\u00f6nsten Hotels in der N\u00e4he Minack Freilichttheater f\u00fcr Ihren Urlaub in Cornwall. Obwohl das Minack Theater kein Strand ist, befindet es sich an den Klippen direkt \u00fcber Porthcurno, und schon deswegen befindet es sich auf der Liste! Es gibt keine magischere Art und Weise, den Sonnenuntergang zu beobachten als w\u00e4hrend einer Vorf\u00fchrung [&hellip;]\" \/>\n<meta property=\"og:url\" content=\"https:\/\/www.urlaubcornwall.de\/blog\/bei-uns-finden-hotels-der-naehe-minack-freilichttheater\/\" \/>\n<meta property=\"og:site_name\" content=\"Urlaub &amp; Reisen\" \/>\n<meta property=\"article:modified_time\" content=\"2024-05-30T08:37:23+00:00\" \/>\n<meta property=\"og:image\" content=\"https:\/\/www.urlaubcornwall.de\/blog\/wp-content\/uploads\/2024\/05\/Minack-Gardens-at-Sunset-Mike-Newman.jpg\" \/>\n<meta name=\"twitter:card\" content=\"summary\" \/>\n<meta name=\"twitter:label1\" content=\"Est. reading time\" \/>\n\t<meta name=\"twitter:data1\" content=\"2 minutes\" \/>\n<script type=\"application\/ld+json\" class=\"yoast-schema-graph\">{\"@context\":\"https:\/\/schema.org\",\"@graph\":[{\"@type\":\"WebSite\",\"@id\":\"https:\/\/www.urlaubcornwall.de\/blog\/#website\",\"url\":\"https:\/\/www.urlaubcornwall.de\/blog\/\",\"name\":\"Urlaub &amp; Reisen\",\"description\":\"Urlaub, Reisen, Cornwall und S\u00fcdengland: eine perfekte Kombination\",\"potentialAction\":[{\"@type\":\"SearchAction\",\"target\":{\"@type\":\"EntryPoint\",\"urlTemplate\":\"https:\/\/www.urlaubcornwall.de\/blog\/?s={search_term_string}\"},\"query-input\":\"required name=search_term_string\"}],\"inLanguage\":\"en-US\"},{\"@type\":\"WebPage\",\"@id\":\"https:\/\/www.urlaubcornwall.de\/blog\/bei-uns-finden-hotels-der-naehe-minack-freilichttheater\/\",\"url\":\"https:\/\/www.urlaubcornwall.de\/blog\/bei-uns-finden-hotels-der-naehe-minack-freilichttheater\/\",\"name\":\"Hotels in der N\u00e4he Minack Freilichttheater zum Verlieben \u2013 so einfach ist das! - Urlaub &amp; Reisen\",\"isPartOf\":{\"@id\":\"https:\/\/www.urlaubcornwall.de\/blog\/#website\"},\"datePublished\":\"2017-08-26T15:22:09+00:00\",\"dateModified\":\"2024-05-30T08:37:23+00:00\",\"breadcrumb\":{\"@id\":\"https:\/\/www.urlaubcornwall.de\/blog\/bei-uns-finden-hotels-der-naehe-minack-freilichttheater\/#breadcrumb\"},\"inLanguage\":\"en-US\",\"potentialAction\":[{\"@type\":\"ReadAction\",\"target\":[\"https:\/\/www.urlaubcornwall.de\/blog\/bei-uns-finden-hotels-der-naehe-minack-freilichttheater\/\"]}]},{\"@type\":\"BreadcrumbList\",\"@id\":\"https:\/\/www.urlaubcornwall.de\/blog\/bei-uns-finden-hotels-der-naehe-minack-freilichttheater\/#breadcrumb\",\"itemListElement\":[{\"@type\":\"ListItem\",\"position\":1,\"name\":\"Home\",\"item\":\"https:\/\/www.urlaubcornwall.de\/blog\/\"},{\"@type\":\"ListItem\",\"position\":2,\"name\":\"Hotels in der N\u00e4he Minack Freilichttheater zum Verlieben \u2013 so einfach ist das!\"}]}]}<\/script>\n<!-- \/ Yoast SEO plugin. -->","yoast_head_json":{"title":"Hotels in der N\u00e4he Minack Freilichttheater zum Verlieben \u2013 so einfach ist das! - Urlaub &amp; Reisen","robots":{"index":"index","follow":"follow","max-snippet":"max-snippet:-1","max-image-preview":"max-image-preview:large","max-video-preview":"max-video-preview:-1"},"canonical":"https:\/\/www.urlaubcornwall.de\/blog\/bei-uns-finden-hotels-der-naehe-minack-freilichttheater\/","og_locale":"en_US","og_type":"article","og_title":"Hotels in der N\u00e4he Minack Freilichttheater zum Verlieben \u2013 so einfach ist das! - Urlaub &amp; Reisen","og_description":"image credit-mike-newman Die sch\u00f6nsten Hotels in der N\u00e4he Minack Freilichttheater f\u00fcr Ihren Urlaub in Cornwall. Obwohl das Minack Theater kein Strand ist, befindet es sich an den Klippen direkt \u00fcber Porthcurno, und schon deswegen befindet es sich auf der Liste! Es gibt keine magischere Art und Weise, den Sonnenuntergang zu beobachten als w\u00e4hrend einer Vorf\u00fchrung [&hellip;]","og_url":"https:\/\/www.urlaubcornwall.de\/blog\/bei-uns-finden-hotels-der-naehe-minack-freilichttheater\/","og_site_name":"Urlaub &amp; Reisen","article_modified_time":"2024-05-30T08:37:23+00:00","og_image":[{"url":"https:\/\/www.urlaubcornwall.de\/blog\/wp-content\/uploads\/2024\/05\/Minack-Gardens-at-Sunset-Mike-Newman.jpg"}],"twitter_card":"summary","twitter_misc":{"Est. reading time":"2 minutes"},"schema":{"@context":"https:\/\/schema.org","@graph":[{"@type":"WebSite","@id":"https:\/\/www.urlaubcornwall.de\/blog\/#website","url":"https:\/\/www.urlaubcornwall.de\/blog\/","name":"Urlaub &amp; Reisen","description":"Urlaub, Reisen, Cornwall und S\u00fcdengland: eine perfekte Kombination","potentialAction":[{"@type":"SearchAction","target":{"@type":"EntryPoint","urlTemplate":"https:\/\/www.urlaubcornwall.de\/blog\/?s={search_term_string}"},"query-input":"required name=search_term_string"}],"inLanguage":"en-US"},{"@type":"WebPage","@id":"https:\/\/www.urlaubcornwall.de\/blog\/bei-uns-finden-hotels-der-naehe-minack-freilichttheater\/","url":"https:\/\/www.urlaubcornwall.de\/blog\/bei-uns-finden-hotels-der-naehe-minack-freilichttheater\/","name":"Hotels in der N\u00e4he Minack Freilichttheater zum Verlieben \u2013 so einfach ist das! - Urlaub &amp; Reisen","isPartOf":{"@id":"https:\/\/www.urlaubcornwall.de\/blog\/#website"},"datePublished":"2017-08-26T15:22:09+00:00","dateModified":"2024-05-30T08:37:23+00:00","breadcrumb":{"@id":"https:\/\/www.urlaubcornwall.de\/blog\/bei-uns-finden-hotels-der-naehe-minack-freilichttheater\/#breadcrumb"},"inLanguage":"en-US","potentialAction":[{"@type":"ReadAction","target":["https:\/\/www.urlaubcornwall.de\/blog\/bei-uns-finden-hotels-der-naehe-minack-freilichttheater\/"]}]},{"@type":"BreadcrumbList","@id":"https:\/\/www.urlaubcornwall.de\/blog\/bei-uns-finden-hotels-der-naehe-minack-freilichttheater\/#breadcrumb","itemListElement":[{"@type":"ListItem","position":1,"name":"Home","item":"https:\/\/www.urlaubcornwall.de\/blog\/"},{"@type":"ListItem","position":2,"name":"Hotels in der N\u00e4he Minack Freilichttheater zum Verlieben \u2013 so einfach ist das!"}]}]}},"_links":{"self":[{"href":"https:\/\/www.urlaubcornwall.de\/blog\/wp-json\/wp\/v2\/pages\/28713"}],"collection":[{"href":"https:\/\/www.urlaubcornwall.de\/blog\/wp-json\/wp\/v2\/pages"}],"about":[{"href":"https:\/\/www.urlaubcornwall.de\/blog\/wp-json\/wp\/v2\/types\/page"}],"author":[{"embeddable":true,"href":"https:\/\/www.urlaubcornwall.de\/blog\/wp-json\/wp\/v2\/users\/1"}],"replies":[{"embeddable":true,"href":"https:\/\/www.urlaubcornwall.de\/blog\/wp-json\/wp\/v2\/comments?post=28713"}],"version-history":[{"count":7,"href":"https:\/\/www.urlaubcornwall.de\/blog\/wp-json\/wp\/v2\/pages\/28713\/revisions"}],"predecessor-version":[{"id":50814,"href":"https:\/\/www.urlaubcornwall.de\/blog\/wp-json\/wp\/v2\/pages\/28713\/revisions\/50814"}],"wp:attachment":[{"href":"https:\/\/www.urlaubcornwall.de\/blog\/wp-json\/wp\/v2\/media?parent=28713"}],"curies":[{"name":"wp","href":"https:\/\/api.w.org\/{rel}","templated":true}]}}