{"id":28699,"date":"2017-08-26T14:47:20","date_gmt":"2017-08-26T14:47:20","guid":{"rendered":"https:\/\/www.urlaubcornwall.de\/blog\/?page_id=28699"},"modified":"2024-05-30T07:53:08","modified_gmt":"2024-05-30T07:53:08","slug":"bei-uns-finden-hotels-camelford-zum-verlieben-einfach-ist-das","status":"publish","type":"page","link":"https:\/\/www.urlaubcornwall.de\/blog\/bei-uns-finden-hotels-camelford-zum-verlieben-einfach-ist-das\/","title":{"rendered":"Bei uns finden Hotels in Camelford mit Hund zum Verlieben \u2013 so einfach ist das!"},"content":{"rendered":"<p><img loading=\"lazy\" class=\"aligncenter size-full wp-image-50761\" src=\"https:\/\/www.urlaubcornwall.de\/blog\/wp-content\/uploads\/2024\/05\/wheal-coates_st-agnes.jpg\" alt=\"wheal coates_st agnes\" width=\"750\" height=\"540\" srcset=\"https:\/\/www.urlaubcornwall.de\/blog\/wp-content\/uploads\/2024\/05\/wheal-coates_st-agnes.jpg 750w, https:\/\/www.urlaubcornwall.de\/blog\/wp-content\/uploads\/2024\/05\/wheal-coates_st-agnes-300x216.jpg 300w\" sizes=\"(max-width: 750px) 100vw, 750px\" \/><\/p>\n<p>Camelford ist eine alte cornische Marktstadt, durch welche der Fluss Camel verl\u00e4uft auf seinem Wege zur K\u00fcste bei Padstow. Wanderer befinden sich im 7. Himmel, wenn sie sich aus Camelford hinauswagen, um das Moor zu erkunden und zwei der h\u00f6chsten H\u00fcgel Cornwalls zu besteigen, die Berge Brown Willy und Rough Tor, einen erloschenen Vulkan.<\/p>\n<p>F\u00fcr all jene, die innerhalb von<a href=\"https:\/\/www.urlaubcornwall.de\/reiseziel\/cornwall.php\"> Cornwalls wundervoller Landschaft <\/a>untergebracht sein wollen, k\u00f6nnen wir fantastische Hotels mit Meerblick anbieten, die jedem Geldbeutel gerecht werden, von B&amp;Bs oder Familienhotels, die ein gro\u00dfartiges Preis-Leistungsverh\u00e4ltnis, Last Minute Angebote und M\u00f6glichkeiten f\u00fcr Kinder bieten bis hin zu Luxus-Spa-Hotels, eleganten Herrenh\u00e4usern oder f\u00fcnf-Sterne Schloss- und Boutique-Hotels&#8230;..<a href=\"https:\/\/www.urlaubcornwall.de\/hotels.php\"><strong>[ Mehr ]<\/strong><\/a><\/p>\n<p>Klicken Sie hier, um sich unser vollst\u00e4ndiges Angebot der besten <a href=\"https:\/\/www.urlaubcornwall.de\/hotels.php\">Hotels in Cornwall<\/a><a href=\"https:\/\/www.urlaubcornwall.de\/hotels.php\">&gt;&gt;<\/a>><\/p>\n<div class=\"snippet\"> <a class=\"featured-item\" href=\"https:\/\/www.urlaubcornwall.de\/ferienhaeuser\/cornwall.php\"> <span class=\"image-holder\" style=\"background-image: url('https:\/\/www.urlaubcornwall.de\/blog\/wp-content\/uploads\/2018\/12\/familienurlaub-corwnall-snippet.jpg');\"><\/span> <span class=\"featured-content\"> \n<h2 class=\"featured-title\">Ferienh\u00e4user in Cornwall am Meer<\/h2>\n<p class=\"featured-body\">Cornwall besitzt mehr K\u00fcstenlinien als jede andere Grafschaft und bietet einige der besten Str\u00e4nde, K\u00fcstenwanderwege und Klippenlandschaften, die man \u00fcberhaupt finden kann&#8230; <\/p><\/span> <span class=\"featured-link-holder\"> <span class=\"featured-extra-info\"> \n<p>F\u00fcr Paare, Familien &#038; Gruppen<\/p>\n<\/span> \n<p class=\"featured-link\">DETAILS<\/p>\n<\/span> <\/a><\/div>\n<p style=\"text-align: center;\"><a href=\"http:\/\/www.urlaubcornwall.de\/\">UrlaubCornwall.de<\/a> ist ein in Cornwall ans\u00e4ssiges Unternehmen k\u00f6nnen wir uns mit 20 Jahren Erfahrung in der Organisation von Rundreisen durch S\u00fcdwest und S\u00fcdengland r\u00fchmen.<\/p>\n<p style=\"text-align: center;\">Um Cornwall in Ihre Rundreise durch S\u00fcdengland mit einzugliedern, stellen Sie Ihre <a href=\"http:\/\/www.urlaubcornwall.de\/anfrage.php\">Anfrage<\/a> hier oder w\u00e4hlen Sie ein Ferienhaus aus unserer besten Auswahl handverlesener und inspizierter H\u00e4user aus.<\/p>\n","protected":false},"excerpt":{"rendered":"<p>Camelford ist eine alte cornische Marktstadt, durch welche der Fluss Camel verl\u00e4uft auf seinem Wege zur K\u00fcste bei Padstow. Wanderer befinden sich im 7. Himmel, wenn sie sich aus Camelford hinauswagen, um das Moor zu erkunden und zwei der h\u00f6chsten H\u00fcgel Cornwalls zu besteigen, die Berge Brown Willy und Rough Tor, einen erloschenen Vulkan. F\u00fcr [&hellip;]<\/p>\n","protected":false},"author":1,"featured_media":0,"parent":0,"menu_order":0,"comment_status":"closed","ping_status":"closed","template":"single-four.php","meta":[],"acf":[],"yoast_head":"<!-- This site is optimized with the Yoast SEO plugin v19.4 - https:\/\/yoast.com\/wordpress\/plugins\/seo\/ -->\n<title>Bei uns finden Hotels in Camelford mit Hund zum Verlieben \u2013 so einfach ist das! - Urlaub &amp; Reisen<\/title>\n<meta name=\"robots\" content=\"index, follow, max-snippet:-1, max-image-preview:large, max-video-preview:-1\" \/>\n<link rel=\"canonical\" href=\"https:\/\/www.urlaubcornwall.de\/blog\/bei-uns-finden-hotels-camelford-zum-verlieben-einfach-ist-das\/\" \/>\n<meta property=\"og:locale\" content=\"en_US\" \/>\n<meta property=\"og:type\" content=\"article\" \/>\n<meta property=\"og:title\" content=\"Bei uns finden Hotels in Camelford mit Hund zum Verlieben \u2013 so einfach ist das! - Urlaub &amp; Reisen\" \/>\n<meta property=\"og:description\" content=\"Camelford ist eine alte cornische Marktstadt, durch welche der Fluss Camel verl\u00e4uft auf seinem Wege zur K\u00fcste bei Padstow. Wanderer befinden sich im 7. Himmel, wenn sie sich aus Camelford hinauswagen, um das Moor zu erkunden und zwei der h\u00f6chsten H\u00fcgel Cornwalls zu besteigen, die Berge Brown Willy und Rough Tor, einen erloschenen Vulkan. F\u00fcr [&hellip;]\" \/>\n<meta property=\"og:url\" content=\"https:\/\/www.urlaubcornwall.de\/blog\/bei-uns-finden-hotels-camelford-zum-verlieben-einfach-ist-das\/\" \/>\n<meta property=\"og:site_name\" content=\"Urlaub &amp; Reisen\" \/>\n<meta property=\"article:modified_time\" content=\"2024-05-30T07:53:08+00:00\" \/>\n<meta property=\"og:image\" content=\"https:\/\/www.urlaubcornwall.de\/blog\/wp-content\/uploads\/2024\/05\/wheal-coates_st-agnes.jpg\" \/>\n<meta name=\"twitter:card\" content=\"summary\" \/>\n<meta name=\"twitter:label1\" content=\"Est. reading time\" \/>\n\t<meta name=\"twitter:data1\" content=\"2 minutes\" \/>\n<script type=\"application\/ld+json\" class=\"yoast-schema-graph\">{\"@context\":\"https:\/\/schema.org\",\"@graph\":[{\"@type\":\"WebSite\",\"@id\":\"https:\/\/www.urlaubcornwall.de\/blog\/#website\",\"url\":\"https:\/\/www.urlaubcornwall.de\/blog\/\",\"name\":\"Urlaub &amp; Reisen\",\"description\":\"Urlaub, Reisen, Cornwall und S\u00fcdengland: eine perfekte Kombination\",\"potentialAction\":[{\"@type\":\"SearchAction\",\"target\":{\"@type\":\"EntryPoint\",\"urlTemplate\":\"https:\/\/www.urlaubcornwall.de\/blog\/?s={search_term_string}\"},\"query-input\":\"required name=search_term_string\"}],\"inLanguage\":\"en-US\"},{\"@type\":\"WebPage\",\"@id\":\"https:\/\/www.urlaubcornwall.de\/blog\/bei-uns-finden-hotels-camelford-zum-verlieben-einfach-ist-das\/\",\"url\":\"https:\/\/www.urlaubcornwall.de\/blog\/bei-uns-finden-hotels-camelford-zum-verlieben-einfach-ist-das\/\",\"name\":\"Bei uns finden Hotels in Camelford mit Hund zum Verlieben \u2013 so einfach ist das! - Urlaub &amp; Reisen\",\"isPartOf\":{\"@id\":\"https:\/\/www.urlaubcornwall.de\/blog\/#website\"},\"datePublished\":\"2017-08-26T14:47:20+00:00\",\"dateModified\":\"2024-05-30T07:53:08+00:00\",\"breadcrumb\":{\"@id\":\"https:\/\/www.urlaubcornwall.de\/blog\/bei-uns-finden-hotels-camelford-zum-verlieben-einfach-ist-das\/#breadcrumb\"},\"inLanguage\":\"en-US\",\"potentialAction\":[{\"@type\":\"ReadAction\",\"target\":[\"https:\/\/www.urlaubcornwall.de\/blog\/bei-uns-finden-hotels-camelford-zum-verlieben-einfach-ist-das\/\"]}]},{\"@type\":\"BreadcrumbList\",\"@id\":\"https:\/\/www.urlaubcornwall.de\/blog\/bei-uns-finden-hotels-camelford-zum-verlieben-einfach-ist-das\/#breadcrumb\",\"itemListElement\":[{\"@type\":\"ListItem\",\"position\":1,\"name\":\"Home\",\"item\":\"https:\/\/www.urlaubcornwall.de\/blog\/\"},{\"@type\":\"ListItem\",\"position\":2,\"name\":\"Bei uns finden Hotels in Camelford mit Hund zum Verlieben \u2013 so einfach ist das!\"}]}]}<\/script>\n<!-- \/ Yoast SEO plugin. -->","yoast_head_json":{"title":"Bei uns finden Hotels in Camelford mit Hund zum Verlieben \u2013 so einfach ist das! - Urlaub &amp; Reisen","robots":{"index":"index","follow":"follow","max-snippet":"max-snippet:-1","max-image-preview":"max-image-preview:large","max-video-preview":"max-video-preview:-1"},"canonical":"https:\/\/www.urlaubcornwall.de\/blog\/bei-uns-finden-hotels-camelford-zum-verlieben-einfach-ist-das\/","og_locale":"en_US","og_type":"article","og_title":"Bei uns finden Hotels in Camelford mit Hund zum Verlieben \u2013 so einfach ist das! - Urlaub &amp; Reisen","og_description":"Camelford ist eine alte cornische Marktstadt, durch welche der Fluss Camel verl\u00e4uft auf seinem Wege zur K\u00fcste bei Padstow. Wanderer befinden sich im 7. Himmel, wenn sie sich aus Camelford hinauswagen, um das Moor zu erkunden und zwei der h\u00f6chsten H\u00fcgel Cornwalls zu besteigen, die Berge Brown Willy und Rough Tor, einen erloschenen Vulkan. F\u00fcr [&hellip;]","og_url":"https:\/\/www.urlaubcornwall.de\/blog\/bei-uns-finden-hotels-camelford-zum-verlieben-einfach-ist-das\/","og_site_name":"Urlaub &amp; Reisen","article_modified_time":"2024-05-30T07:53:08+00:00","og_image":[{"url":"https:\/\/www.urlaubcornwall.de\/blog\/wp-content\/uploads\/2024\/05\/wheal-coates_st-agnes.jpg"}],"twitter_card":"summary","twitter_misc":{"Est. reading time":"2 minutes"},"schema":{"@context":"https:\/\/schema.org","@graph":[{"@type":"WebSite","@id":"https:\/\/www.urlaubcornwall.de\/blog\/#website","url":"https:\/\/www.urlaubcornwall.de\/blog\/","name":"Urlaub &amp; Reisen","description":"Urlaub, Reisen, Cornwall und S\u00fcdengland: eine perfekte Kombination","potentialAction":[{"@type":"SearchAction","target":{"@type":"EntryPoint","urlTemplate":"https:\/\/www.urlaubcornwall.de\/blog\/?s={search_term_string}"},"query-input":"required name=search_term_string"}],"inLanguage":"en-US"},{"@type":"WebPage","@id":"https:\/\/www.urlaubcornwall.de\/blog\/bei-uns-finden-hotels-camelford-zum-verlieben-einfach-ist-das\/","url":"https:\/\/www.urlaubcornwall.de\/blog\/bei-uns-finden-hotels-camelford-zum-verlieben-einfach-ist-das\/","name":"Bei uns finden Hotels in Camelford mit Hund zum Verlieben \u2013 so einfach ist das! - Urlaub &amp; Reisen","isPartOf":{"@id":"https:\/\/www.urlaubcornwall.de\/blog\/#website"},"datePublished":"2017-08-26T14:47:20+00:00","dateModified":"2024-05-30T07:53:08+00:00","breadcrumb":{"@id":"https:\/\/www.urlaubcornwall.de\/blog\/bei-uns-finden-hotels-camelford-zum-verlieben-einfach-ist-das\/#breadcrumb"},"inLanguage":"en-US","potentialAction":[{"@type":"ReadAction","target":["https:\/\/www.urlaubcornwall.de\/blog\/bei-uns-finden-hotels-camelford-zum-verlieben-einfach-ist-das\/"]}]},{"@type":"BreadcrumbList","@id":"https:\/\/www.urlaubcornwall.de\/blog\/bei-uns-finden-hotels-camelford-zum-verlieben-einfach-ist-das\/#breadcrumb","itemListElement":[{"@type":"ListItem","position":1,"name":"Home","item":"https:\/\/www.urlaubcornwall.de\/blog\/"},{"@type":"ListItem","position":2,"name":"Bei uns finden Hotels in Camelford mit Hund zum Verlieben \u2013 so einfach ist das!"}]}]}},"_links":{"self":[{"href":"https:\/\/www.urlaubcornwall.de\/blog\/wp-json\/wp\/v2\/pages\/28699"}],"collection":[{"href":"https:\/\/www.urlaubcornwall.de\/blog\/wp-json\/wp\/v2\/pages"}],"about":[{"href":"https:\/\/www.urlaubcornwall.de\/blog\/wp-json\/wp\/v2\/types\/page"}],"author":[{"embeddable":true,"href":"https:\/\/www.urlaubcornwall.de\/blog\/wp-json\/wp\/v2\/users\/1"}],"replies":[{"embeddable":true,"href":"https:\/\/www.urlaubcornwall.de\/blog\/wp-json\/wp\/v2\/comments?post=28699"}],"version-history":[{"count":9,"href":"https:\/\/www.urlaubcornwall.de\/blog\/wp-json\/wp\/v2\/pages\/28699\/revisions"}],"predecessor-version":[{"id":50762,"href":"https:\/\/www.urlaubcornwall.de\/blog\/wp-json\/wp\/v2\/pages\/28699\/revisions\/50762"}],"wp:attachment":[{"href":"https:\/\/www.urlaubcornwall.de\/blog\/wp-json\/wp\/v2\/media?parent=28699"}],"curies":[{"name":"wp","href":"https:\/\/api.w.org\/{rel}","templated":true}]}}