{"id":28683,"date":"2017-08-26T11:20:35","date_gmt":"2017-08-26T11:20:35","guid":{"rendered":"https:\/\/www.urlaubcornwall.de\/blog\/?page_id=28683"},"modified":"2018-03-22T11:55:50","modified_gmt":"2018-03-22T11:55:50","slug":"hotels-der-naehe-bodmin-zum-verlieben-einfach-ist-das","status":"publish","type":"page","link":"https:\/\/www.urlaubcornwall.de\/blog\/hotels-der-naehe-bodmin-zum-verlieben-einfach-ist-das\/","title":{"rendered":"Hotels in der N\u00e4he Bodmin zum Verlieben!"},"content":{"rendered":"<p><a href=\"https:\/\/www.urlaubcornwall.de\/blog\/wp-content\/uploads\/2016\/03\/bodmin-urlaub.jpg\"><img loading=\"lazy\" class=\"alignnone wp-image-23327 size-full\" src=\"https:\/\/www.urlaubcornwall.de\/blog\/wp-content\/uploads\/2016\/03\/bodmin-urlaub.jpg\" alt=\"bodmin hotels\" width=\"745\" height=\"360\" srcset=\"https:\/\/www.urlaubcornwall.de\/blog\/wp-content\/uploads\/2016\/03\/bodmin-urlaub.jpg 745w, https:\/\/www.urlaubcornwall.de\/blog\/wp-content\/uploads\/2016\/03\/bodmin-urlaub-300x145.jpg 300w\" sizes=\"(max-width: 745px) 100vw, 745px\" \/><\/a><\/p>\n<p style=\"text-align: center;\"><strong>Die sch\u00f6nsten Hotels in der N\u00e4he Bodmin &amp; Bodmin Moor f\u00fcr Ihren Urlaub in Cornwall.<\/strong><\/p>\n<p>Als gesch\u00e4ftige alte Marktstadt verf\u00fcgt Bodmin \u00fcber einige sehr interessante architektonische Besonderheiten, einschlie\u00dflich des ber\u00fcchtigten Gef\u00e4ngnisses Bodmins. Der Spazierg\u00e4nger hat einen unbeschreiblich sch\u00f6nen Blick \u00fcber die Landschaft und h\u00e4ufig auch bis zur K\u00fcste, wenn er den Pfaden um Bodmins Berge herum folgt.<\/p>\n<p style=\"text-align: center;\">F\u00fcr all jene, die innerhalb von Bodmins wundervoller Landschaft untergebracht sein wollen, k\u00f6nnen wir fantastische Hotels anbieten, die jedem Geldbeutel gerecht werden, von B&amp;Bs oder Familienhotels, die ein gro\u00dfartiges Preis-Leistungsverh\u00e4ltnis, Last Minute Angebote und M\u00f6glichkeiten f\u00fcr Kinder bieten bis hin zu Luxus-Spa-Hotels, eleganten Herrenh\u00e4usern oder f\u00fcnf-Sterne Schloss- und Boutique-Hotels.<\/p>\n<p style=\"text-align: center;\">Unsere Auswahl an Unterk\u00fcnften beinhaltet nur die besten Hotels, die Cornwall zu bieten hat, und zwar an den Orten, die Sie in Ihrem Urlaub besuchen m\u00f6chten. Nutzen Sie unsere interaktive Karte, um unsere Lieblingshotels an Ihrem gew\u00fcnschten Urlaubsort zu sehen&#8230;.<a href=\"https:\/\/www.urlaubcornwall.de\/hotels.php\"><strong>[ Mehr ]<\/strong><\/a><\/p>\n\n<p style=\"text-align: center;\"><a href=\"http:\/\/www.urlaubcornwall.de\/\">UrlaubCornwall.de<\/a> ist ein in Cornwall ans\u00e4ssiges Unternehmen k\u00f6nnen wir uns mit 20 Jahren Erfahrung in der Organisation von Rundreisen durch S\u00fcdwest und S\u00fcdengland r\u00fchmen.<\/p>\n<p style=\"text-align: center;\">Um Cornwall in Ihre Rundreise durch S\u00fcdengland mit einzugliedern, stellen Sie Ihre <a href=\"http:\/\/www.urlaubcornwall.de\/anfrage.php\">Anfrage<\/a> hier oder w\u00e4hlen Sie ein Ferienhaus aus unserer besten Auswahl handverlesener und inspizierter H\u00e4user aus.<\/p>\n","protected":false},"excerpt":{"rendered":"<p>Die sch\u00f6nsten Hotels in der N\u00e4he Bodmin &amp; Bodmin Moor f\u00fcr Ihren Urlaub in Cornwall. Als gesch\u00e4ftige alte Marktstadt verf\u00fcgt Bodmin \u00fcber einige sehr interessante architektonische Besonderheiten, einschlie\u00dflich des ber\u00fcchtigten Gef\u00e4ngnisses Bodmins. Der Spazierg\u00e4nger hat einen unbeschreiblich sch\u00f6nen Blick \u00fcber die Landschaft und h\u00e4ufig auch bis zur K\u00fcste, wenn er den Pfaden um Bodmins Berge [&hellip;]<\/p>\n","protected":false},"author":1,"featured_media":0,"parent":0,"menu_order":0,"comment_status":"closed","ping_status":"closed","template":"single-four.php","meta":[],"acf":[],"yoast_head":"<!-- This site is optimized with the Yoast SEO plugin v19.4 - https:\/\/yoast.com\/wordpress\/plugins\/seo\/ -->\n<title>Hotels in der N\u00e4he Bodmin zum Verlieben! - Urlaub &amp; Reisen<\/title>\n<meta name=\"robots\" content=\"index, follow, max-snippet:-1, max-image-preview:large, max-video-preview:-1\" \/>\n<link rel=\"canonical\" href=\"https:\/\/www.urlaubcornwall.de\/blog\/hotels-der-naehe-bodmin-zum-verlieben-einfach-ist-das\/\" \/>\n<meta property=\"og:locale\" content=\"en_US\" \/>\n<meta property=\"og:type\" content=\"article\" \/>\n<meta property=\"og:title\" content=\"Hotels in der N\u00e4he Bodmin zum Verlieben! - Urlaub &amp; Reisen\" \/>\n<meta property=\"og:description\" content=\"Die sch\u00f6nsten Hotels in der N\u00e4he Bodmin &amp; Bodmin Moor f\u00fcr Ihren Urlaub in Cornwall. Als gesch\u00e4ftige alte Marktstadt verf\u00fcgt Bodmin \u00fcber einige sehr interessante architektonische Besonderheiten, einschlie\u00dflich des ber\u00fcchtigten Gef\u00e4ngnisses Bodmins. Der Spazierg\u00e4nger hat einen unbeschreiblich sch\u00f6nen Blick \u00fcber die Landschaft und h\u00e4ufig auch bis zur K\u00fcste, wenn er den Pfaden um Bodmins Berge [&hellip;]\" \/>\n<meta property=\"og:url\" content=\"https:\/\/www.urlaubcornwall.de\/blog\/hotels-der-naehe-bodmin-zum-verlieben-einfach-ist-das\/\" \/>\n<meta property=\"og:site_name\" content=\"Urlaub &amp; Reisen\" \/>\n<meta property=\"article:modified_time\" content=\"2018-03-22T11:55:50+00:00\" \/>\n<meta property=\"og:image\" content=\"https:\/\/www.urlaubcornwall.de\/blog\/wp-content\/uploads\/2016\/03\/bodmin-urlaub.jpg\" \/>\n<meta name=\"twitter:card\" content=\"summary\" \/>\n<meta name=\"twitter:label1\" content=\"Est. reading time\" \/>\n\t<meta name=\"twitter:data1\" content=\"1 minute\" \/>\n<script type=\"application\/ld+json\" class=\"yoast-schema-graph\">{\"@context\":\"https:\/\/schema.org\",\"@graph\":[{\"@type\":\"WebSite\",\"@id\":\"https:\/\/www.urlaubcornwall.de\/blog\/#website\",\"url\":\"https:\/\/www.urlaubcornwall.de\/blog\/\",\"name\":\"Urlaub &amp; Reisen\",\"description\":\"Urlaub, Reisen, Cornwall und S\u00fcdengland: eine perfekte Kombination\",\"potentialAction\":[{\"@type\":\"SearchAction\",\"target\":{\"@type\":\"EntryPoint\",\"urlTemplate\":\"https:\/\/www.urlaubcornwall.de\/blog\/?s={search_term_string}\"},\"query-input\":\"required name=search_term_string\"}],\"inLanguage\":\"en-US\"},{\"@type\":\"WebPage\",\"@id\":\"https:\/\/www.urlaubcornwall.de\/blog\/hotels-der-naehe-bodmin-zum-verlieben-einfach-ist-das\/\",\"url\":\"https:\/\/www.urlaubcornwall.de\/blog\/hotels-der-naehe-bodmin-zum-verlieben-einfach-ist-das\/\",\"name\":\"Hotels in der N\u00e4he Bodmin zum Verlieben! - Urlaub &amp; Reisen\",\"isPartOf\":{\"@id\":\"https:\/\/www.urlaubcornwall.de\/blog\/#website\"},\"datePublished\":\"2017-08-26T11:20:35+00:00\",\"dateModified\":\"2018-03-22T11:55:50+00:00\",\"breadcrumb\":{\"@id\":\"https:\/\/www.urlaubcornwall.de\/blog\/hotels-der-naehe-bodmin-zum-verlieben-einfach-ist-das\/#breadcrumb\"},\"inLanguage\":\"en-US\",\"potentialAction\":[{\"@type\":\"ReadAction\",\"target\":[\"https:\/\/www.urlaubcornwall.de\/blog\/hotels-der-naehe-bodmin-zum-verlieben-einfach-ist-das\/\"]}]},{\"@type\":\"BreadcrumbList\",\"@id\":\"https:\/\/www.urlaubcornwall.de\/blog\/hotels-der-naehe-bodmin-zum-verlieben-einfach-ist-das\/#breadcrumb\",\"itemListElement\":[{\"@type\":\"ListItem\",\"position\":1,\"name\":\"Home\",\"item\":\"https:\/\/www.urlaubcornwall.de\/blog\/\"},{\"@type\":\"ListItem\",\"position\":2,\"name\":\"Hotels in der N\u00e4he Bodmin zum Verlieben!\"}]}]}<\/script>\n<!-- \/ Yoast SEO plugin. -->","yoast_head_json":{"title":"Hotels in der N\u00e4he Bodmin zum Verlieben! - Urlaub &amp; Reisen","robots":{"index":"index","follow":"follow","max-snippet":"max-snippet:-1","max-image-preview":"max-image-preview:large","max-video-preview":"max-video-preview:-1"},"canonical":"https:\/\/www.urlaubcornwall.de\/blog\/hotels-der-naehe-bodmin-zum-verlieben-einfach-ist-das\/","og_locale":"en_US","og_type":"article","og_title":"Hotels in der N\u00e4he Bodmin zum Verlieben! - Urlaub &amp; Reisen","og_description":"Die sch\u00f6nsten Hotels in der N\u00e4he Bodmin &amp; Bodmin Moor f\u00fcr Ihren Urlaub in Cornwall. Als gesch\u00e4ftige alte Marktstadt verf\u00fcgt Bodmin \u00fcber einige sehr interessante architektonische Besonderheiten, einschlie\u00dflich des ber\u00fcchtigten Gef\u00e4ngnisses Bodmins. Der Spazierg\u00e4nger hat einen unbeschreiblich sch\u00f6nen Blick \u00fcber die Landschaft und h\u00e4ufig auch bis zur K\u00fcste, wenn er den Pfaden um Bodmins Berge [&hellip;]","og_url":"https:\/\/www.urlaubcornwall.de\/blog\/hotels-der-naehe-bodmin-zum-verlieben-einfach-ist-das\/","og_site_name":"Urlaub &amp; Reisen","article_modified_time":"2018-03-22T11:55:50+00:00","og_image":[{"url":"https:\/\/www.urlaubcornwall.de\/blog\/wp-content\/uploads\/2016\/03\/bodmin-urlaub.jpg"}],"twitter_card":"summary","twitter_misc":{"Est. reading time":"1 minute"},"schema":{"@context":"https:\/\/schema.org","@graph":[{"@type":"WebSite","@id":"https:\/\/www.urlaubcornwall.de\/blog\/#website","url":"https:\/\/www.urlaubcornwall.de\/blog\/","name":"Urlaub &amp; Reisen","description":"Urlaub, Reisen, Cornwall und S\u00fcdengland: eine perfekte Kombination","potentialAction":[{"@type":"SearchAction","target":{"@type":"EntryPoint","urlTemplate":"https:\/\/www.urlaubcornwall.de\/blog\/?s={search_term_string}"},"query-input":"required name=search_term_string"}],"inLanguage":"en-US"},{"@type":"WebPage","@id":"https:\/\/www.urlaubcornwall.de\/blog\/hotels-der-naehe-bodmin-zum-verlieben-einfach-ist-das\/","url":"https:\/\/www.urlaubcornwall.de\/blog\/hotels-der-naehe-bodmin-zum-verlieben-einfach-ist-das\/","name":"Hotels in der N\u00e4he Bodmin zum Verlieben! - Urlaub &amp; Reisen","isPartOf":{"@id":"https:\/\/www.urlaubcornwall.de\/blog\/#website"},"datePublished":"2017-08-26T11:20:35+00:00","dateModified":"2018-03-22T11:55:50+00:00","breadcrumb":{"@id":"https:\/\/www.urlaubcornwall.de\/blog\/hotels-der-naehe-bodmin-zum-verlieben-einfach-ist-das\/#breadcrumb"},"inLanguage":"en-US","potentialAction":[{"@type":"ReadAction","target":["https:\/\/www.urlaubcornwall.de\/blog\/hotels-der-naehe-bodmin-zum-verlieben-einfach-ist-das\/"]}]},{"@type":"BreadcrumbList","@id":"https:\/\/www.urlaubcornwall.de\/blog\/hotels-der-naehe-bodmin-zum-verlieben-einfach-ist-das\/#breadcrumb","itemListElement":[{"@type":"ListItem","position":1,"name":"Home","item":"https:\/\/www.urlaubcornwall.de\/blog\/"},{"@type":"ListItem","position":2,"name":"Hotels in der N\u00e4he Bodmin zum Verlieben!"}]}]}},"_links":{"self":[{"href":"https:\/\/www.urlaubcornwall.de\/blog\/wp-json\/wp\/v2\/pages\/28683"}],"collection":[{"href":"https:\/\/www.urlaubcornwall.de\/blog\/wp-json\/wp\/v2\/pages"}],"about":[{"href":"https:\/\/www.urlaubcornwall.de\/blog\/wp-json\/wp\/v2\/types\/page"}],"author":[{"embeddable":true,"href":"https:\/\/www.urlaubcornwall.de\/blog\/wp-json\/wp\/v2\/users\/1"}],"replies":[{"embeddable":true,"href":"https:\/\/www.urlaubcornwall.de\/blog\/wp-json\/wp\/v2\/comments?post=28683"}],"version-history":[{"count":3,"href":"https:\/\/www.urlaubcornwall.de\/blog\/wp-json\/wp\/v2\/pages\/28683\/revisions"}],"predecessor-version":[{"id":33248,"href":"https:\/\/www.urlaubcornwall.de\/blog\/wp-json\/wp\/v2\/pages\/28683\/revisions\/33248"}],"wp:attachment":[{"href":"https:\/\/www.urlaubcornwall.de\/blog\/wp-json\/wp\/v2\/media?parent=28683"}],"curies":[{"name":"wp","href":"https:\/\/api.w.org\/{rel}","templated":true}]}}