{"id":28660,"date":"2017-08-25T12:56:20","date_gmt":"2017-08-25T12:56:20","guid":{"rendered":"https:\/\/www.urlaubcornwall.de\/blog\/?page_id=28660"},"modified":"2019-04-08T14:00:40","modified_gmt":"2019-04-08T14:00:40","slug":"hotels-anglesey-mit-meerblick-zum-verlieben-einfach-ist-das","status":"publish","type":"page","link":"https:\/\/www.urlaubcornwall.de\/blog\/hotels-anglesey-mit-meerblick-zum-verlieben-einfach-ist-das\/","title":{"rendered":"Hotels in Anglesey am Meer zum Verlieben \u2013 so einfach ist das!"},"content":{"rendered":"<p><img loading=\"lazy\" class=\"aligncenter size-full wp-image-25541\" src=\"https:\/\/www.urlaubcornwall.de\/blog\/wp-content\/uploads\/2016\/11\/anglesey-urlaub.jpg\" alt=\"hotels am meer mit meerblick anglesey nord wales\" width=\"745\" height=\"328\" srcset=\"https:\/\/www.urlaubcornwall.de\/blog\/wp-content\/uploads\/2016\/11\/anglesey-urlaub.jpg 745w, https:\/\/www.urlaubcornwall.de\/blog\/wp-content\/uploads\/2016\/11\/anglesey-urlaub-300x132.jpg 300w\" sizes=\"(max-width: 745px) 100vw, 745px\" \/><\/p>\n<p style=\"text-align: left;\"><strong>Die sch\u00f6nsten Hotels Anglesey am Meer &amp; mit Meerblick- <\/strong>Die Insel Anglesey ist vom <a href=\"https:\/\/www.urlaubcornwall.de\/reiseziel\/wales.php\">Festland von Wales<\/a> getrennt durch Menai Strait; dieser Meeresabschnitt mit starken Gezeiten wird von zwei Br\u00fccken \u00fcberspannt; Thomas Telfords anmutiger H\u00e4ngebr\u00fccke, die 1826 f\u00fcr Postkutschen erbaut wurde, tr\u00e4gt heute die A5 hin\u00fcber nach&nbsp; Anglesey, und Robert Stephensons Britannia Bridge, die 1850 f\u00fcr Z\u00fcge erbaut wurde, ist heute eine Stra\u00dfen- und Zugbr\u00fccke.<\/p>\n<h2><a href=\" https:\/\/www.booking.com\/hotel\/gb\/plas-rhianfa.html?aid=1320750&amp;no_rooms=1&amp;group_adults=2&amp;room1=A%2CA\" rel=\"nofollow\"><span style=\"text-decoration: underline;\"><strong> Chateau Rhianfa &#8211; Luxus Landhaushotel mit Meerblick<\/strong><\/span><\/a><\/h2>\n<p>Das Ch\u00e2teau Rhianfa empf\u00e4ngt Sie in einer denkmalgesch\u00fctzten viktorianischen Villa mit einem eigenen Strand und Panoramablick auf die Meerenge Menai Straits. Freuen Sie sich zudem auf einen Tennisplatz, eine Sauna, einen Whirlpool und einen Weinkeller mit Weinproben&#8230;&#8230;..<a href=\" https:\/\/www.booking.com\/hotel\/gb\/plas-rhianfa.html?aid=1320750&amp;no_rooms=1&amp;group_adults=2&amp;room1=A%2CA \" rel=\"nofollow\">[Mehr]<\/a><\/p>\n<h2><a href=\" https:\/\/www.booking.com\/hotel\/gb\/treysgawenhall.html?aid=1320750&amp;no_rooms=1&amp;group_adults=2&amp;room1=A%2CA\" rel=\"nofollow\"><span style=\"text-decoration: underline;\"><strong> Tre-Ysgawen Hall \u2013 4 Sterne Landhaus-Hotel &amp; Spa<\/strong><\/span><\/a><\/h2>\n<p>Dieses Landhotel begr\u00fc\u00dft Sie mit einem Pool und einem preisgekr\u00f6nten Restaurant. Sie wohnen hier eine kurze Fahrt von der atemberaubenden Ostk\u00fcste der Insel entfernt&#8230;&#8230;&#8230;&#8230;.<a href=\" https:\/\/www.booking.com\/hotel\/gb\/treysgawenhall.html?aid=1320750&amp;no_rooms=1&amp;group_adults=2&amp;room1=A%2CA\" rel=\"nofollow\">[Mehr]<\/a><\/p>\n<h2><a href=\"https:\/\/www.booking.com\/hotel\/gb\/trearddur-bay.html?aid=1320750&amp;no_rooms=1&amp;group_adults=2&amp;room1=A%2CA\" rel=\"nofollow\"><span style=\"text-decoration: underline;\"><strong> Trearddur Bay Hotel \u2013 3 Sterne Hotel am Meer<\/strong><\/span><\/a><\/h2>\n<p>Diese Unterkunft ist 2 Gehminuten vom Strand entfernt. Nur wenige Meter von einem preisgekr\u00f6nten Strand mit Blauer Flagge entfernt begr\u00fc\u00dft Sie das Trearddur Bay Hotel mit einem eigenen Restaurant mit Bar sowie mit hellen, eleganten Zimmern mit kostenfreiem WLAN&#8230;&#8230;&#8230;..<a href=\"https:\/\/www.booking.com\/hotel\/gb\/trearddur-bay.html?aid=1320750&amp;no_rooms=1&amp;group_adults=2&amp;room1=A%2CA\" rel=\"nofollow\">[Mehr]<\/a><\/p>\n<h2><a href=\" https:\/\/www.booking.com\/hotel\/gb\/bulkeleyhotel.html?aid=1320750&amp;no_rooms=1&amp;group_adults=2&amp;room1=A%2CA\"><span style=\"text-decoration: underline;\"><strong> The Bulkeley Hotel \u2013 3 Sterne Hotel am Strand<\/strong><\/span><\/a><\/h2>\n<p>Diese Unterkunft ist 1 Gehminute vom Strand entfernt. Auf der Insel Isle of Anglesey im Bezirk Beaumaris begr\u00fc\u00dft Sie das The Bulkeley Hotel in 300 m Entfernung von der Burgruine Beaumaris Castle sowie dem Strand und dem Pier an der Menaistra\u00dfe. Das im georgianischen Stil im Jahr 1832 erbaute Hotel besticht heute mit einem Garten mit Terrasse sowie einem gehobenen Restaurant, einem Caf\u00e9, einer Bar und einer Lounge&#8230;&#8230;&#8230;..<a href=\" https:\/\/www.booking.com\/hotel\/gb\/bulkeleyhotel.html?aid=1320750&amp;no_rooms=1&amp;group_adults=2&amp;room1=A%2CA\" rel=\"nofollow\">[Mehr]<\/a><\/p>\n<h2><a href=\"https:\/\/www.booking.com\/hotel\/gb\/boathouse.html?aid=1320750&amp;no_rooms=1&amp;group_adults=2&amp;room1=A%2CA\" rel=\"nofollow\"><span style=\"text-decoration: underline;\"><strong> The Boathouse Hotel &#8211; G\u00fcnstig Hotel am Meer<\/strong><\/span><\/a><\/h2>\n<p>Diese Unterkunft ist 2 Gehminuten vom Strand entfernt. Das Boathouse Hotel erwartet Sie nur 4 Autominuten vom F\u00e4hrhafen von Holyhead entfernt und bietet einen herrlichen Blick auf den Yachthafen, Zimmer mit einem eigenen Bad, frisch zubereitete Speisen, eine Bar und kostenlose Parkpl\u00e4tze&#8230;&#8230;&#8230;..<a href=\"https:\/\/www.booking.com\/hotel\/gb\/boathouse.html?aid=1320750&amp;no_rooms=1&amp;group_adults=2&amp;room1=A%2CA\" rel=\"nofollow\">[Mehr]<\/a><\/p>\n<h2><a href=\"https:\/\/www.booking.com\/hotel\/gb\/harbour.html?aid=1320750&amp;no_rooms=1&amp;group_adults=2&amp;room1=A%2CA \" rel=\"nofollow\"><span style=\"text-decoration: underline;\"><strong>Harbour Hotel \u2013 G\u00fcnstig Strandhotel<\/strong><\/span><\/a><\/h2>\n<p>Im malerischen Fischerdorf Cemaes begr\u00fc\u00dft Sie das Harbour Hotel und bietet Zimmer mit Meerblick und kostenfreie Parkpl\u00e4tze. Die K\u00fcste von Anglesey und den dortigen K\u00fcstenweg erreichen Sie vom Hotel aus nach nur 5 Gehminuten&#8230;&#8230;&#8230;.<a href=\"https:\/\/www.booking.com\/hotel\/gb\/harbour.html?aid=1320750&amp;no_rooms=1&amp;group_adults=2&amp;room1=A%2CA\" rel=\"nofollow\">[Mehr]<\/a><\/p>\n<p style=\"text-align: center;\"><a class=\"tidycta\" href=\"https:\/\/www.booking.com\/searchresults.html?region=1127&amp;aid=1320750&amp;no_rooms=1&amp;group_adults=2&amp;room1=A%2CA\" rel=\"nofollow\">Suche Hotels in Anglesey<\/a><\/p>\n<p style=\"text-align: left;\"><strong>Urlaub in Wales:&nbsp; <\/strong>Entdecken Sie die Mythen und Legenden &#8211; Wales hat jedoch mehr zu bieten als Berge; es verf\u00fcgt \u00fcber 1207 Kilometer K\u00fcste mit 100 Str\u00e4nden und wirkt bisweilen mediterran, da die laue Luft des Golfstroms diesen Teil Britanniens zuerst erreicht&#8230;.<a href=\"https:\/\/www.urlaubcornwall.de\/reiseziel\/wales.php\">[ Mehr ]<\/a><\/p>\n<p style=\"text-align: center;\">UrlaubCornwall verf\u00fcgt Ferienh\u00e4user und Ferienwohnungen in Wales. Unterk\u00fcnfte der Spitzenklasse f\u00fcr 2 Personen, Familien und Gruppen mit 4, 6, 8, 10 oder 12 G\u00e4sten mit Hund.<\/p>\n<p style=\"text-align: center;\"><a class=\"tidycta\" href=\"https:\/\/www.urlaubcornwall.de\/ferienhaeuser-fewos\/wal\/nordwales\/anglesey.html\">Ferienh\u00e4user Anglesey<\/a><\/p>\n","protected":false},"excerpt":{"rendered":"<p>Die sch\u00f6nsten Hotels Anglesey am Meer &amp; mit Meerblick- Die Insel Anglesey ist vom Festland von Wales getrennt durch Menai Strait; dieser Meeresabschnitt mit starken Gezeiten wird von zwei Br\u00fccken \u00fcberspannt; Thomas Telfords anmutiger H\u00e4ngebr\u00fccke, die 1826 f\u00fcr Postkutschen erbaut wurde, tr\u00e4gt heute die A5 hin\u00fcber nach&nbsp; Anglesey, und Robert Stephensons Britannia Bridge, die 1850 [&hellip;]<\/p>\n","protected":false},"author":1,"featured_media":0,"parent":0,"menu_order":0,"comment_status":"closed","ping_status":"closed","template":"single-four.php","meta":[],"acf":[],"yoast_head":"<!-- This site is optimized with the Yoast SEO plugin v19.4 - https:\/\/yoast.com\/wordpress\/plugins\/seo\/ -->\n<title>Hotels in Anglesey am Meer zum Verlieben \u2013 so einfach ist das! - Urlaub &amp; Reisen<\/title>\n<meta name=\"robots\" content=\"index, follow, max-snippet:-1, max-image-preview:large, max-video-preview:-1\" \/>\n<link rel=\"canonical\" href=\"https:\/\/www.urlaubcornwall.de\/blog\/hotels-anglesey-mit-meerblick-zum-verlieben-einfach-ist-das\/\" \/>\n<meta property=\"og:locale\" content=\"en_US\" \/>\n<meta property=\"og:type\" content=\"article\" \/>\n<meta property=\"og:title\" content=\"Hotels in Anglesey am Meer zum Verlieben \u2013 so einfach ist das! - Urlaub &amp; Reisen\" \/>\n<meta property=\"og:description\" content=\"Die sch\u00f6nsten Hotels Anglesey am Meer &amp; mit Meerblick- Die Insel Anglesey ist vom Festland von Wales getrennt durch Menai Strait; dieser Meeresabschnitt mit starken Gezeiten wird von zwei Br\u00fccken \u00fcberspannt; Thomas Telfords anmutiger H\u00e4ngebr\u00fccke, die 1826 f\u00fcr Postkutschen erbaut wurde, tr\u00e4gt heute die A5 hin\u00fcber nach&nbsp; Anglesey, und Robert Stephensons Britannia Bridge, die 1850 [&hellip;]\" \/>\n<meta property=\"og:url\" content=\"https:\/\/www.urlaubcornwall.de\/blog\/hotels-anglesey-mit-meerblick-zum-verlieben-einfach-ist-das\/\" \/>\n<meta property=\"og:site_name\" content=\"Urlaub &amp; Reisen\" \/>\n<meta property=\"article:modified_time\" content=\"2019-04-08T14:00:40+00:00\" \/>\n<meta property=\"og:image\" content=\"https:\/\/www.urlaubcornwall.de\/blog\/wp-content\/uploads\/2016\/11\/anglesey-urlaub.jpg\" \/>\n<meta name=\"twitter:card\" content=\"summary\" \/>\n<meta name=\"twitter:label1\" content=\"Est. reading time\" \/>\n\t<meta name=\"twitter:data1\" content=\"2 minutes\" \/>\n<script type=\"application\/ld+json\" class=\"yoast-schema-graph\">{\"@context\":\"https:\/\/schema.org\",\"@graph\":[{\"@type\":\"WebSite\",\"@id\":\"https:\/\/www.urlaubcornwall.de\/blog\/#website\",\"url\":\"https:\/\/www.urlaubcornwall.de\/blog\/\",\"name\":\"Urlaub &amp; Reisen\",\"description\":\"Urlaub, Reisen, Cornwall und S\u00fcdengland: eine perfekte Kombination\",\"potentialAction\":[{\"@type\":\"SearchAction\",\"target\":{\"@type\":\"EntryPoint\",\"urlTemplate\":\"https:\/\/www.urlaubcornwall.de\/blog\/?s={search_term_string}\"},\"query-input\":\"required name=search_term_string\"}],\"inLanguage\":\"en-US\"},{\"@type\":\"WebPage\",\"@id\":\"https:\/\/www.urlaubcornwall.de\/blog\/hotels-anglesey-mit-meerblick-zum-verlieben-einfach-ist-das\/\",\"url\":\"https:\/\/www.urlaubcornwall.de\/blog\/hotels-anglesey-mit-meerblick-zum-verlieben-einfach-ist-das\/\",\"name\":\"Hotels in Anglesey am Meer zum Verlieben \u2013 so einfach ist das! - Urlaub &amp; Reisen\",\"isPartOf\":{\"@id\":\"https:\/\/www.urlaubcornwall.de\/blog\/#website\"},\"datePublished\":\"2017-08-25T12:56:20+00:00\",\"dateModified\":\"2019-04-08T14:00:40+00:00\",\"breadcrumb\":{\"@id\":\"https:\/\/www.urlaubcornwall.de\/blog\/hotels-anglesey-mit-meerblick-zum-verlieben-einfach-ist-das\/#breadcrumb\"},\"inLanguage\":\"en-US\",\"potentialAction\":[{\"@type\":\"ReadAction\",\"target\":[\"https:\/\/www.urlaubcornwall.de\/blog\/hotels-anglesey-mit-meerblick-zum-verlieben-einfach-ist-das\/\"]}]},{\"@type\":\"BreadcrumbList\",\"@id\":\"https:\/\/www.urlaubcornwall.de\/blog\/hotels-anglesey-mit-meerblick-zum-verlieben-einfach-ist-das\/#breadcrumb\",\"itemListElement\":[{\"@type\":\"ListItem\",\"position\":1,\"name\":\"Home\",\"item\":\"https:\/\/www.urlaubcornwall.de\/blog\/\"},{\"@type\":\"ListItem\",\"position\":2,\"name\":\"Hotels in Anglesey am Meer zum Verlieben \u2013 so einfach ist das!\"}]}]}<\/script>\n<!-- \/ Yoast SEO plugin. -->","yoast_head_json":{"title":"Hotels in Anglesey am Meer zum Verlieben \u2013 so einfach ist das! - Urlaub &amp; Reisen","robots":{"index":"index","follow":"follow","max-snippet":"max-snippet:-1","max-image-preview":"max-image-preview:large","max-video-preview":"max-video-preview:-1"},"canonical":"https:\/\/www.urlaubcornwall.de\/blog\/hotels-anglesey-mit-meerblick-zum-verlieben-einfach-ist-das\/","og_locale":"en_US","og_type":"article","og_title":"Hotels in Anglesey am Meer zum Verlieben \u2013 so einfach ist das! - Urlaub &amp; Reisen","og_description":"Die sch\u00f6nsten Hotels Anglesey am Meer &amp; mit Meerblick- Die Insel Anglesey ist vom Festland von Wales getrennt durch Menai Strait; dieser Meeresabschnitt mit starken Gezeiten wird von zwei Br\u00fccken \u00fcberspannt; Thomas Telfords anmutiger H\u00e4ngebr\u00fccke, die 1826 f\u00fcr Postkutschen erbaut wurde, tr\u00e4gt heute die A5 hin\u00fcber nach&nbsp; Anglesey, und Robert Stephensons Britannia Bridge, die 1850 [&hellip;]","og_url":"https:\/\/www.urlaubcornwall.de\/blog\/hotels-anglesey-mit-meerblick-zum-verlieben-einfach-ist-das\/","og_site_name":"Urlaub &amp; Reisen","article_modified_time":"2019-04-08T14:00:40+00:00","og_image":[{"url":"https:\/\/www.urlaubcornwall.de\/blog\/wp-content\/uploads\/2016\/11\/anglesey-urlaub.jpg"}],"twitter_card":"summary","twitter_misc":{"Est. reading time":"2 minutes"},"schema":{"@context":"https:\/\/schema.org","@graph":[{"@type":"WebSite","@id":"https:\/\/www.urlaubcornwall.de\/blog\/#website","url":"https:\/\/www.urlaubcornwall.de\/blog\/","name":"Urlaub &amp; Reisen","description":"Urlaub, Reisen, Cornwall und S\u00fcdengland: eine perfekte Kombination","potentialAction":[{"@type":"SearchAction","target":{"@type":"EntryPoint","urlTemplate":"https:\/\/www.urlaubcornwall.de\/blog\/?s={search_term_string}"},"query-input":"required name=search_term_string"}],"inLanguage":"en-US"},{"@type":"WebPage","@id":"https:\/\/www.urlaubcornwall.de\/blog\/hotels-anglesey-mit-meerblick-zum-verlieben-einfach-ist-das\/","url":"https:\/\/www.urlaubcornwall.de\/blog\/hotels-anglesey-mit-meerblick-zum-verlieben-einfach-ist-das\/","name":"Hotels in Anglesey am Meer zum Verlieben \u2013 so einfach ist das! - Urlaub &amp; Reisen","isPartOf":{"@id":"https:\/\/www.urlaubcornwall.de\/blog\/#website"},"datePublished":"2017-08-25T12:56:20+00:00","dateModified":"2019-04-08T14:00:40+00:00","breadcrumb":{"@id":"https:\/\/www.urlaubcornwall.de\/blog\/hotels-anglesey-mit-meerblick-zum-verlieben-einfach-ist-das\/#breadcrumb"},"inLanguage":"en-US","potentialAction":[{"@type":"ReadAction","target":["https:\/\/www.urlaubcornwall.de\/blog\/hotels-anglesey-mit-meerblick-zum-verlieben-einfach-ist-das\/"]}]},{"@type":"BreadcrumbList","@id":"https:\/\/www.urlaubcornwall.de\/blog\/hotels-anglesey-mit-meerblick-zum-verlieben-einfach-ist-das\/#breadcrumb","itemListElement":[{"@type":"ListItem","position":1,"name":"Home","item":"https:\/\/www.urlaubcornwall.de\/blog\/"},{"@type":"ListItem","position":2,"name":"Hotels in Anglesey am Meer zum Verlieben \u2013 so einfach ist das!"}]}]}},"_links":{"self":[{"href":"https:\/\/www.urlaubcornwall.de\/blog\/wp-json\/wp\/v2\/pages\/28660"}],"collection":[{"href":"https:\/\/www.urlaubcornwall.de\/blog\/wp-json\/wp\/v2\/pages"}],"about":[{"href":"https:\/\/www.urlaubcornwall.de\/blog\/wp-json\/wp\/v2\/types\/page"}],"author":[{"embeddable":true,"href":"https:\/\/www.urlaubcornwall.de\/blog\/wp-json\/wp\/v2\/users\/1"}],"replies":[{"embeddable":true,"href":"https:\/\/www.urlaubcornwall.de\/blog\/wp-json\/wp\/v2\/comments?post=28660"}],"version-history":[{"count":8,"href":"https:\/\/www.urlaubcornwall.de\/blog\/wp-json\/wp\/v2\/pages\/28660\/revisions"}],"predecessor-version":[{"id":37432,"href":"https:\/\/www.urlaubcornwall.de\/blog\/wp-json\/wp\/v2\/pages\/28660\/revisions\/37432"}],"wp:attachment":[{"href":"https:\/\/www.urlaubcornwall.de\/blog\/wp-json\/wp\/v2\/media?parent=28660"}],"curies":[{"name":"wp","href":"https:\/\/api.w.org\/{rel}","templated":true}]}}