{"id":28657,"date":"2017-08-25T11:27:49","date_gmt":"2017-08-25T11:27:49","guid":{"rendered":"https:\/\/www.urlaubcornwall.de\/blog\/?page_id=28657"},"modified":"2024-04-09T12:41:25","modified_gmt":"2024-04-09T12:41:25","slug":"hotels-in-tenby-mit-meerblick","status":"publish","type":"page","link":"https:\/\/www.urlaubcornwall.de\/blog\/hotels-in-tenby-mit-meerblick\/","title":{"rendered":"Hotels in Tenby mit Meerblick zum Verlieben \u2013 so einfach ist das!"},"content":{"rendered":"<p><img loading=\"lazy\" class=\"aligncenter size-full wp-image-47962\" src=\"https:\/\/www.urlaubcornwall.de\/blog\/wp-content\/uploads\/2024\/03\/tenby-hafen-wales-1.jpg\" alt=\"tenby hafen wales\" width=\"750\" height=\"500\" srcset=\"https:\/\/www.urlaubcornwall.de\/blog\/wp-content\/uploads\/2024\/03\/tenby-hafen-wales-1.jpg 750w, https:\/\/www.urlaubcornwall.de\/blog\/wp-content\/uploads\/2024\/03\/tenby-hafen-wales-1-300x200.jpg 300w\" sizes=\"(max-width: 750px) 100vw, 750px\" \/><\/p>\n<p style=\"text-align: center;\"><strong>Die sch\u00f6nsten Hotels Tenby am Meer f\u00fcr Ihren Urlaub in Wales<br \/>\n<\/strong><\/p>\n<p style=\"text-align: center;\">Tenby ist einer der h\u00fcbschesten Badeorte Britanniens mit seinem Hafen voller Segelboote und den engen, verschlungenen Str\u00e4\u00dfchen der mittelalterlichen Stadt; mit seiner Originalit\u00e4t und seinem Charme kann es mithalten mit Orten wie Mevagissey und <a href=\"https:\/\/www.urlaubcornwall.de\/blog\/polperro-ein-charmantes-fischerdorf-in-cornwall\/\">Polperro in Cornwall<\/a>. Tenby hat drei gro\u00dfartige Str\u00e4nde, jeder mit seinem ganz eigenen Charakter und alle liegen in verschiedenen Richtungen, so dass man bei windigem Wetter gesch\u00fctzt sein kann.<\/p>\n<p><ins class=\"bookingaff\" data-aid=\"1343871\" data-target_aid=\"1320750\" data-prod=\"nsb\" data-width=\"100%\" data-height=\"auto\" data-lang=\"de\" data-dest_id=\"-2609551\" data-dest_type=\"city\"><br \/>\n<!-- Anything inside will go away once widget is loaded. --><br \/>\n<a href=\"\/\/www.booking.com?aid=1320750\" rel=\"nofollow\">Booking.com<\/a><br \/>\n<\/ins><br \/>\n<script type=\"text\/javascript\">\n    (function(d, sc, u) {\n      var s = d.createElement(sc), p = d.getElementsByTagName(sc)[0];\n      s.type = 'text\/javascript';\n      s.async = true;\n      s.src = u + '?v=' + (+new Date());\n      p.parentNode.insertBefore(s,p);\n      })(document, 'script', '\/\/aff.bstatic.com\/static\/affiliate_base\/js\/flexiproduct.js');\n<\/script><\/p>\n<p style=\"text-align: center;\">Pembrokeshire in <a href=\"https:\/\/www.urlaubcornwall.de\/reiseziel\/wales.php\">Westwales<\/a> ist ein Paradies f\u00fcr Schwimmer, Strandgutsammler, Tierbeobachter, Wanderer und Freizeitabenteurer. Dieser Teil der K\u00fcste hat vieles gemeinsam mit Cornwall; Landzungen aus grauem Gestein und verschlungene Pfade, die zu einsamen Buchten f\u00fchren; es ist ein gro\u00dfartiger Ort f\u00fcr einen Familienurlaub&#8230;..<\/p>\n<p style=\"text-align: center;\"><a href=\"https:\/\/www.urlaubcornwall.de\/blog\/urlaub-in-west-wales-sehenswuerdigkeiten-und-unterkunft\/\"><strong>[ Mehr ]<\/strong><\/a><\/p>\n\n<p style=\"text-align: center;\">UrlaubCornwall verf\u00fcgt Ferienh\u00e4user und Ferienwohnungen in Wales. Unterk\u00fcnfte der Spitzenklasse f\u00fcr 2 Personen, Familien und Gruppen mit 4, 6, 8, 10 oder 12 G\u00e4sten mit Hund.<\/p>\n<p style=\"text-align: center;\"><a class=\"tidycta\" href=\"https:\/\/www.urlaubcornwall.de\/ferienhaeuser-fewos\/wal\/westwales\/tenby-am-meer.html\">Ferienh\u00e4user Tenby am Meer<\/a><\/p>\n<p style=\"text-align: center;\">Um Wales in Ihre Rundreise mit Hund durch Gro\u00dfbritannien mit einzugliedern, stellen Sie Ihre <a href=\"http:\/\/www.urlaubcornwall.de\/anfrage.php\">Anfrage<\/a> hier oder w\u00e4hlen Sie ein Ferienhaus aus unserer besten Auswahl handverlesener und inspizierter H\u00e4user aus.<\/p>\n","protected":false},"excerpt":{"rendered":"<p>Die sch\u00f6nsten Hotels Tenby am Meer f\u00fcr Ihren Urlaub in Wales Tenby ist einer der h\u00fcbschesten Badeorte Britanniens mit seinem Hafen voller Segelboote und den engen, verschlungenen Str\u00e4\u00dfchen der mittelalterlichen Stadt; mit seiner Originalit\u00e4t und seinem Charme kann es mithalten mit Orten wie Mevagissey und Polperro in Cornwall. Tenby hat drei gro\u00dfartige Str\u00e4nde, jeder mit [&hellip;]<\/p>\n","protected":false},"author":1,"featured_media":0,"parent":0,"menu_order":0,"comment_status":"closed","ping_status":"closed","template":"single-four.php","meta":[],"acf":[],"yoast_head":"<!-- This site is optimized with the Yoast SEO plugin v19.4 - https:\/\/yoast.com\/wordpress\/plugins\/seo\/ -->\n<title>Hotels in Tenby mit Meerblick zum Verlieben \u2013 so einfach ist das! - Urlaub &amp; Reisen<\/title>\n<meta name=\"robots\" content=\"index, follow, max-snippet:-1, max-image-preview:large, max-video-preview:-1\" \/>\n<link rel=\"canonical\" href=\"https:\/\/www.urlaubcornwall.de\/blog\/hotels-in-tenby-mit-meerblick\/\" \/>\n<meta property=\"og:locale\" content=\"en_US\" \/>\n<meta property=\"og:type\" content=\"article\" \/>\n<meta property=\"og:title\" content=\"Hotels in Tenby mit Meerblick zum Verlieben \u2013 so einfach ist das! - Urlaub &amp; Reisen\" \/>\n<meta property=\"og:description\" content=\"Die sch\u00f6nsten Hotels Tenby am Meer f\u00fcr Ihren Urlaub in Wales Tenby ist einer der h\u00fcbschesten Badeorte Britanniens mit seinem Hafen voller Segelboote und den engen, verschlungenen Str\u00e4\u00dfchen der mittelalterlichen Stadt; mit seiner Originalit\u00e4t und seinem Charme kann es mithalten mit Orten wie Mevagissey und Polperro in Cornwall. Tenby hat drei gro\u00dfartige Str\u00e4nde, jeder mit [&hellip;]\" \/>\n<meta property=\"og:url\" content=\"https:\/\/www.urlaubcornwall.de\/blog\/hotels-in-tenby-mit-meerblick\/\" \/>\n<meta property=\"og:site_name\" content=\"Urlaub &amp; Reisen\" \/>\n<meta property=\"article:modified_time\" content=\"2024-04-09T12:41:25+00:00\" \/>\n<meta property=\"og:image\" content=\"https:\/\/www.urlaubcornwall.de\/blog\/wp-content\/uploads\/2024\/03\/tenby-hafen-wales-1.jpg\" \/>\n<meta name=\"twitter:card\" content=\"summary\" \/>\n<meta name=\"twitter:label1\" content=\"Est. reading time\" \/>\n\t<meta name=\"twitter:data1\" content=\"2 minutes\" \/>\n<script type=\"application\/ld+json\" class=\"yoast-schema-graph\">{\"@context\":\"https:\/\/schema.org\",\"@graph\":[{\"@type\":\"WebSite\",\"@id\":\"https:\/\/www.urlaubcornwall.de\/blog\/#website\",\"url\":\"https:\/\/www.urlaubcornwall.de\/blog\/\",\"name\":\"Urlaub &amp; Reisen\",\"description\":\"Urlaub, Reisen, Cornwall und S\u00fcdengland: eine perfekte Kombination\",\"potentialAction\":[{\"@type\":\"SearchAction\",\"target\":{\"@type\":\"EntryPoint\",\"urlTemplate\":\"https:\/\/www.urlaubcornwall.de\/blog\/?s={search_term_string}\"},\"query-input\":\"required name=search_term_string\"}],\"inLanguage\":\"en-US\"},{\"@type\":\"WebPage\",\"@id\":\"https:\/\/www.urlaubcornwall.de\/blog\/hotels-in-tenby-mit-meerblick\/\",\"url\":\"https:\/\/www.urlaubcornwall.de\/blog\/hotels-in-tenby-mit-meerblick\/\",\"name\":\"Hotels in Tenby mit Meerblick zum Verlieben \u2013 so einfach ist das! - Urlaub &amp; Reisen\",\"isPartOf\":{\"@id\":\"https:\/\/www.urlaubcornwall.de\/blog\/#website\"},\"datePublished\":\"2017-08-25T11:27:49+00:00\",\"dateModified\":\"2024-04-09T12:41:25+00:00\",\"breadcrumb\":{\"@id\":\"https:\/\/www.urlaubcornwall.de\/blog\/hotels-in-tenby-mit-meerblick\/#breadcrumb\"},\"inLanguage\":\"en-US\",\"potentialAction\":[{\"@type\":\"ReadAction\",\"target\":[\"https:\/\/www.urlaubcornwall.de\/blog\/hotels-in-tenby-mit-meerblick\/\"]}]},{\"@type\":\"BreadcrumbList\",\"@id\":\"https:\/\/www.urlaubcornwall.de\/blog\/hotels-in-tenby-mit-meerblick\/#breadcrumb\",\"itemListElement\":[{\"@type\":\"ListItem\",\"position\":1,\"name\":\"Home\",\"item\":\"https:\/\/www.urlaubcornwall.de\/blog\/\"},{\"@type\":\"ListItem\",\"position\":2,\"name\":\"Hotels in Tenby mit Meerblick zum Verlieben \u2013 so einfach ist das!\"}]}]}<\/script>\n<!-- \/ Yoast SEO plugin. -->","yoast_head_json":{"title":"Hotels in Tenby mit Meerblick zum Verlieben \u2013 so einfach ist das! - Urlaub &amp; Reisen","robots":{"index":"index","follow":"follow","max-snippet":"max-snippet:-1","max-image-preview":"max-image-preview:large","max-video-preview":"max-video-preview:-1"},"canonical":"https:\/\/www.urlaubcornwall.de\/blog\/hotels-in-tenby-mit-meerblick\/","og_locale":"en_US","og_type":"article","og_title":"Hotels in Tenby mit Meerblick zum Verlieben \u2013 so einfach ist das! - Urlaub &amp; Reisen","og_description":"Die sch\u00f6nsten Hotels Tenby am Meer f\u00fcr Ihren Urlaub in Wales Tenby ist einer der h\u00fcbschesten Badeorte Britanniens mit seinem Hafen voller Segelboote und den engen, verschlungenen Str\u00e4\u00dfchen der mittelalterlichen Stadt; mit seiner Originalit\u00e4t und seinem Charme kann es mithalten mit Orten wie Mevagissey und Polperro in Cornwall. Tenby hat drei gro\u00dfartige Str\u00e4nde, jeder mit [&hellip;]","og_url":"https:\/\/www.urlaubcornwall.de\/blog\/hotels-in-tenby-mit-meerblick\/","og_site_name":"Urlaub &amp; Reisen","article_modified_time":"2024-04-09T12:41:25+00:00","og_image":[{"url":"https:\/\/www.urlaubcornwall.de\/blog\/wp-content\/uploads\/2024\/03\/tenby-hafen-wales-1.jpg"}],"twitter_card":"summary","twitter_misc":{"Est. reading time":"2 minutes"},"schema":{"@context":"https:\/\/schema.org","@graph":[{"@type":"WebSite","@id":"https:\/\/www.urlaubcornwall.de\/blog\/#website","url":"https:\/\/www.urlaubcornwall.de\/blog\/","name":"Urlaub &amp; Reisen","description":"Urlaub, Reisen, Cornwall und S\u00fcdengland: eine perfekte Kombination","potentialAction":[{"@type":"SearchAction","target":{"@type":"EntryPoint","urlTemplate":"https:\/\/www.urlaubcornwall.de\/blog\/?s={search_term_string}"},"query-input":"required name=search_term_string"}],"inLanguage":"en-US"},{"@type":"WebPage","@id":"https:\/\/www.urlaubcornwall.de\/blog\/hotels-in-tenby-mit-meerblick\/","url":"https:\/\/www.urlaubcornwall.de\/blog\/hotels-in-tenby-mit-meerblick\/","name":"Hotels in Tenby mit Meerblick zum Verlieben \u2013 so einfach ist das! - Urlaub &amp; Reisen","isPartOf":{"@id":"https:\/\/www.urlaubcornwall.de\/blog\/#website"},"datePublished":"2017-08-25T11:27:49+00:00","dateModified":"2024-04-09T12:41:25+00:00","breadcrumb":{"@id":"https:\/\/www.urlaubcornwall.de\/blog\/hotels-in-tenby-mit-meerblick\/#breadcrumb"},"inLanguage":"en-US","potentialAction":[{"@type":"ReadAction","target":["https:\/\/www.urlaubcornwall.de\/blog\/hotels-in-tenby-mit-meerblick\/"]}]},{"@type":"BreadcrumbList","@id":"https:\/\/www.urlaubcornwall.de\/blog\/hotels-in-tenby-mit-meerblick\/#breadcrumb","itemListElement":[{"@type":"ListItem","position":1,"name":"Home","item":"https:\/\/www.urlaubcornwall.de\/blog\/"},{"@type":"ListItem","position":2,"name":"Hotels in Tenby mit Meerblick zum Verlieben \u2013 so einfach ist das!"}]}]}},"_links":{"self":[{"href":"https:\/\/www.urlaubcornwall.de\/blog\/wp-json\/wp\/v2\/pages\/28657"}],"collection":[{"href":"https:\/\/www.urlaubcornwall.de\/blog\/wp-json\/wp\/v2\/pages"}],"about":[{"href":"https:\/\/www.urlaubcornwall.de\/blog\/wp-json\/wp\/v2\/types\/page"}],"author":[{"embeddable":true,"href":"https:\/\/www.urlaubcornwall.de\/blog\/wp-json\/wp\/v2\/users\/1"}],"replies":[{"embeddable":true,"href":"https:\/\/www.urlaubcornwall.de\/blog\/wp-json\/wp\/v2\/comments?post=28657"}],"version-history":[{"count":9,"href":"https:\/\/www.urlaubcornwall.de\/blog\/wp-json\/wp\/v2\/pages\/28657\/revisions"}],"predecessor-version":[{"id":49179,"href":"https:\/\/www.urlaubcornwall.de\/blog\/wp-json\/wp\/v2\/pages\/28657\/revisions\/49179"}],"wp:attachment":[{"href":"https:\/\/www.urlaubcornwall.de\/blog\/wp-json\/wp\/v2\/media?parent=28657"}],"curies":[{"name":"wp","href":"https:\/\/api.w.org\/{rel}","templated":true}]}}