{"id":28638,"date":"2017-08-24T14:41:05","date_gmt":"2017-08-24T14:41:05","guid":{"rendered":"https:\/\/www.urlaubcornwall.de\/blog\/?page_id=28638"},"modified":"2020-11-04T11:22:17","modified_gmt":"2020-11-04T11:22:17","slug":"bei-uns-finden-sie-ferienhaeuser-mit-meerblick-auf-den-kanalinseln-zum-verlieben-einfach-ist-das","status":"publish","type":"page","link":"https:\/\/www.urlaubcornwall.de\/blog\/bei-uns-finden-sie-ferienhaeuser-mit-meerblick-auf-den-kanalinseln-zum-verlieben-einfach-ist-das\/","title":{"rendered":"Bei uns finden Sie Ferienh\u00e4user mit Meerblick auf den Kanalinseln zum Verlieben!"},"content":{"rendered":"<p><a href=\"https:\/\/www.urlaubcornwall.de\/blog\/wp-content\/uploads\/2015\/02\/DSC012042_2.jpg\"><img loading=\"lazy\" class=\"aligncenter size-full wp-image-17806\" src=\"https:\/\/www.urlaubcornwall.de\/blog\/wp-content\/uploads\/2015\/02\/DSC012042_2.jpg\" alt=\"Ferienh\u00e4user kanalinseln mit meerblick am meer\" width=\"749\" height=\"380\"\/><\/a><\/p>\n<p style=\"text-align: left;\"><strong>Ferienh\u00e4user am Meer an den wundersch\u00f6nsten Str\u00e4nden auf den Kanalinseln.<\/strong><\/p>\n<p style=\"text-align: left;\">Kanalinselns K\u00fcste ist sowohl f\u00fcr Familien, die eine aktionsgef\u00fcllte Unterbrechung suchen, als auch f\u00fcr Paare auf der Suche nach Gelassenheit vollgepackt mit M\u00f6glichkeiten zu Tagesausfl\u00fcgen und aufregenden Attraktionen, wo immer Sie auch beschlie\u00dfen, Ihr Ferienhaus am Meer zu mieten.<\/p>\n<div class=\"snippet\"> <a class=\"featured-item\" href=\"https:\/\/www.booking.com\/searchresults.en.html?region=1093&#038;aid=1320750&#038;no_rooms=1&#038;group_adults=2 \"rel=\"nofollow\"> <span class=\"image-holder\" style=\"background-image: url(' https:\/\/www.urlaubcornwall.de\/blog\/wp-content\/uploads\/2018\/11\/rundreise-cornwall.jpg ');\"><\/span> <span class=\"featured-content\"> \n<h2 class=\"featured-title\">Ferienh\u00e4user auf den Kanalinseln zum Verlieben!<\/h2>\n<p class=\"featured-body\">Sonnenunterg\u00e4nge \u00fcber dem Wasser, die Chance, die Elemente in voller Kraft zu erleben und die M\u00f6glichkeit, in die Sch\u00f6nheit des Meeres einzutauchen: Wellengang, Sand, Sonne und Vergn\u00fcgen!<\/p><\/span> <span class=\"featured-link-holder\"> <span class=\"featured-extra-info\"> \n<p>F\u00fcr Paare, Familien &#038; Gruppen<\/p>\n<\/span> \n<p class=\"featured-link\">DETAILS<\/p>\n<\/span> <\/a><\/div>\n<p style=\"text-align: left;\">Unsere weitere unbedingte Empfehlung sind die <a href=\"https:\/\/www.urlaubcornwall.de\/reiseziel\/kanalinseln\/\">Kanalinseln<\/a>, die sich in Vielem der Charakteristik der <a href=\"https:\/\/www.urlaubcornwall.de\/Scilly-Inseln.php\">Scilly-Inseln<\/a> \u00e4hneln; ein \u00e4hnlich warmes Klima mit der h\u00f6chsten Anzahl an Sonnenstunden \u00fcberhaupt in England, ber\u00fchmt f\u00fcr ihre familienfreundlichen Sandstr\u00e4nde und ein gem\u00fctlicheres Leben. Die Hauptinseln Jersey und Guernsey sind gr\u00f6\u00dfer mit mehr Hotels und einer gro\u00dfartigen Auswahl an Ferienh\u00e4usern und Ferienwohnungen, von denen Sie w\u00e4hlen k\u00f6nnen.<\/p>\n<p style=\"text-align: left;\">Die N\u00e4he der Inseln zu Frankreich gibt ihnen ein ganz bestimmtes gallisches Gef\u00fchl, ganz anders als irgendwo sonst im Vereinigten K\u00f6nigreich. Die Inseln bieten etwas f\u00fcr Jedermann und sind beliebt bei Paaren, Familien oder Gruppen. Finden Sie dazu mehr heraus <a href=\"https:\/\/www.urlaubcornwall.de\/blog\/ferienhaeuser-und-ferienwohnungen-auf-guernsey-fuer-ihren-urlaub-auf-den-kanalinseln\/\">Guernsey<\/a> und <a href=\"https:\/\/www.urlaubcornwall.de\/blog\/ferienhaeuser-und-ferienwohnungen-auf-jersey-fuer-ihren-urlaub-auf-den-kanalinseln\/\">Jersey<\/a><\/p>\n<p style=\"text-align: center;\"><a class=\"tidycta\" href=\"https:\/\/www.urlaubcornwall.de\/reiseziel\/kanalinseln\/\">Ulraub auf den Kanalinseln<\/a><\/p>\n","protected":false},"excerpt":{"rendered":"<p>Ferienh\u00e4user am Meer an den wundersch\u00f6nsten Str\u00e4nden auf den Kanalinseln. Kanalinselns K\u00fcste ist sowohl f\u00fcr Familien, die eine aktionsgef\u00fcllte Unterbrechung suchen, als auch f\u00fcr Paare auf der Suche nach Gelassenheit vollgepackt mit M\u00f6glichkeiten zu Tagesausfl\u00fcgen und aufregenden Attraktionen, wo immer Sie auch beschlie\u00dfen, Ihr Ferienhaus am Meer zu mieten. Ferienh\u00e4user auf den Kanalinseln zum Verlieben! [&hellip;]<\/p>\n","protected":false},"author":1,"featured_media":0,"parent":0,"menu_order":0,"comment_status":"closed","ping_status":"closed","template":"single-four.php","meta":[],"acf":[],"yoast_head":"<!-- This site is optimized with the Yoast SEO plugin v19.4 - https:\/\/yoast.com\/wordpress\/plugins\/seo\/ -->\n<title>Bei uns finden Sie Ferienh\u00e4user mit Meerblick auf den Kanalinseln zum Verlieben! - Urlaub &amp; Reisen<\/title>\n<meta name=\"robots\" content=\"index, follow, max-snippet:-1, max-image-preview:large, max-video-preview:-1\" \/>\n<link rel=\"canonical\" href=\"https:\/\/www.urlaubcornwall.de\/blog\/bei-uns-finden-sie-ferienhaeuser-mit-meerblick-auf-den-kanalinseln-zum-verlieben-einfach-ist-das\/\" \/>\n<meta property=\"og:locale\" content=\"en_US\" \/>\n<meta property=\"og:type\" content=\"article\" \/>\n<meta property=\"og:title\" content=\"Bei uns finden Sie Ferienh\u00e4user mit Meerblick auf den Kanalinseln zum Verlieben! - Urlaub &amp; Reisen\" \/>\n<meta property=\"og:description\" content=\"Ferienh\u00e4user am Meer an den wundersch\u00f6nsten Str\u00e4nden auf den Kanalinseln. Kanalinselns K\u00fcste ist sowohl f\u00fcr Familien, die eine aktionsgef\u00fcllte Unterbrechung suchen, als auch f\u00fcr Paare auf der Suche nach Gelassenheit vollgepackt mit M\u00f6glichkeiten zu Tagesausfl\u00fcgen und aufregenden Attraktionen, wo immer Sie auch beschlie\u00dfen, Ihr Ferienhaus am Meer zu mieten. Ferienh\u00e4user auf den Kanalinseln zum Verlieben! [&hellip;]\" \/>\n<meta property=\"og:url\" content=\"https:\/\/www.urlaubcornwall.de\/blog\/bei-uns-finden-sie-ferienhaeuser-mit-meerblick-auf-den-kanalinseln-zum-verlieben-einfach-ist-das\/\" \/>\n<meta property=\"og:site_name\" content=\"Urlaub &amp; Reisen\" \/>\n<meta property=\"article:modified_time\" content=\"2020-11-04T11:22:17+00:00\" \/>\n<meta property=\"og:image\" content=\"https:\/\/www.urlaubcornwall.de\/blog\/wp-content\/uploads\/2015\/02\/DSC012042_2.jpg\" \/>\n<meta name=\"twitter:card\" content=\"summary\" \/>\n<meta name=\"twitter:label1\" content=\"Est. reading time\" \/>\n\t<meta name=\"twitter:data1\" content=\"1 minute\" \/>\n<script type=\"application\/ld+json\" class=\"yoast-schema-graph\">{\"@context\":\"https:\/\/schema.org\",\"@graph\":[{\"@type\":\"WebSite\",\"@id\":\"https:\/\/www.urlaubcornwall.de\/blog\/#website\",\"url\":\"https:\/\/www.urlaubcornwall.de\/blog\/\",\"name\":\"Urlaub &amp; Reisen\",\"description\":\"Urlaub, Reisen, Cornwall und S\u00fcdengland: eine perfekte Kombination\",\"potentialAction\":[{\"@type\":\"SearchAction\",\"target\":{\"@type\":\"EntryPoint\",\"urlTemplate\":\"https:\/\/www.urlaubcornwall.de\/blog\/?s={search_term_string}\"},\"query-input\":\"required name=search_term_string\"}],\"inLanguage\":\"en-US\"},{\"@type\":\"WebPage\",\"@id\":\"https:\/\/www.urlaubcornwall.de\/blog\/bei-uns-finden-sie-ferienhaeuser-mit-meerblick-auf-den-kanalinseln-zum-verlieben-einfach-ist-das\/\",\"url\":\"https:\/\/www.urlaubcornwall.de\/blog\/bei-uns-finden-sie-ferienhaeuser-mit-meerblick-auf-den-kanalinseln-zum-verlieben-einfach-ist-das\/\",\"name\":\"Bei uns finden Sie Ferienh\u00e4user mit Meerblick auf den Kanalinseln zum Verlieben! - Urlaub &amp; Reisen\",\"isPartOf\":{\"@id\":\"https:\/\/www.urlaubcornwall.de\/blog\/#website\"},\"datePublished\":\"2017-08-24T14:41:05+00:00\",\"dateModified\":\"2020-11-04T11:22:17+00:00\",\"breadcrumb\":{\"@id\":\"https:\/\/www.urlaubcornwall.de\/blog\/bei-uns-finden-sie-ferienhaeuser-mit-meerblick-auf-den-kanalinseln-zum-verlieben-einfach-ist-das\/#breadcrumb\"},\"inLanguage\":\"en-US\",\"potentialAction\":[{\"@type\":\"ReadAction\",\"target\":[\"https:\/\/www.urlaubcornwall.de\/blog\/bei-uns-finden-sie-ferienhaeuser-mit-meerblick-auf-den-kanalinseln-zum-verlieben-einfach-ist-das\/\"]}]},{\"@type\":\"BreadcrumbList\",\"@id\":\"https:\/\/www.urlaubcornwall.de\/blog\/bei-uns-finden-sie-ferienhaeuser-mit-meerblick-auf-den-kanalinseln-zum-verlieben-einfach-ist-das\/#breadcrumb\",\"itemListElement\":[{\"@type\":\"ListItem\",\"position\":1,\"name\":\"Home\",\"item\":\"https:\/\/www.urlaubcornwall.de\/blog\/\"},{\"@type\":\"ListItem\",\"position\":2,\"name\":\"Bei uns finden Sie Ferienh\u00e4user mit Meerblick auf den Kanalinseln zum Verlieben!\"}]}]}<\/script>\n<!-- \/ Yoast SEO plugin. -->","yoast_head_json":{"title":"Bei uns finden Sie Ferienh\u00e4user mit Meerblick auf den Kanalinseln zum Verlieben! - Urlaub &amp; Reisen","robots":{"index":"index","follow":"follow","max-snippet":"max-snippet:-1","max-image-preview":"max-image-preview:large","max-video-preview":"max-video-preview:-1"},"canonical":"https:\/\/www.urlaubcornwall.de\/blog\/bei-uns-finden-sie-ferienhaeuser-mit-meerblick-auf-den-kanalinseln-zum-verlieben-einfach-ist-das\/","og_locale":"en_US","og_type":"article","og_title":"Bei uns finden Sie Ferienh\u00e4user mit Meerblick auf den Kanalinseln zum Verlieben! - Urlaub &amp; Reisen","og_description":"Ferienh\u00e4user am Meer an den wundersch\u00f6nsten Str\u00e4nden auf den Kanalinseln. Kanalinselns K\u00fcste ist sowohl f\u00fcr Familien, die eine aktionsgef\u00fcllte Unterbrechung suchen, als auch f\u00fcr Paare auf der Suche nach Gelassenheit vollgepackt mit M\u00f6glichkeiten zu Tagesausfl\u00fcgen und aufregenden Attraktionen, wo immer Sie auch beschlie\u00dfen, Ihr Ferienhaus am Meer zu mieten. Ferienh\u00e4user auf den Kanalinseln zum Verlieben! [&hellip;]","og_url":"https:\/\/www.urlaubcornwall.de\/blog\/bei-uns-finden-sie-ferienhaeuser-mit-meerblick-auf-den-kanalinseln-zum-verlieben-einfach-ist-das\/","og_site_name":"Urlaub &amp; Reisen","article_modified_time":"2020-11-04T11:22:17+00:00","og_image":[{"url":"https:\/\/www.urlaubcornwall.de\/blog\/wp-content\/uploads\/2015\/02\/DSC012042_2.jpg"}],"twitter_card":"summary","twitter_misc":{"Est. reading time":"1 minute"},"schema":{"@context":"https:\/\/schema.org","@graph":[{"@type":"WebSite","@id":"https:\/\/www.urlaubcornwall.de\/blog\/#website","url":"https:\/\/www.urlaubcornwall.de\/blog\/","name":"Urlaub &amp; Reisen","description":"Urlaub, Reisen, Cornwall und S\u00fcdengland: eine perfekte Kombination","potentialAction":[{"@type":"SearchAction","target":{"@type":"EntryPoint","urlTemplate":"https:\/\/www.urlaubcornwall.de\/blog\/?s={search_term_string}"},"query-input":"required name=search_term_string"}],"inLanguage":"en-US"},{"@type":"WebPage","@id":"https:\/\/www.urlaubcornwall.de\/blog\/bei-uns-finden-sie-ferienhaeuser-mit-meerblick-auf-den-kanalinseln-zum-verlieben-einfach-ist-das\/","url":"https:\/\/www.urlaubcornwall.de\/blog\/bei-uns-finden-sie-ferienhaeuser-mit-meerblick-auf-den-kanalinseln-zum-verlieben-einfach-ist-das\/","name":"Bei uns finden Sie Ferienh\u00e4user mit Meerblick auf den Kanalinseln zum Verlieben! - Urlaub &amp; Reisen","isPartOf":{"@id":"https:\/\/www.urlaubcornwall.de\/blog\/#website"},"datePublished":"2017-08-24T14:41:05+00:00","dateModified":"2020-11-04T11:22:17+00:00","breadcrumb":{"@id":"https:\/\/www.urlaubcornwall.de\/blog\/bei-uns-finden-sie-ferienhaeuser-mit-meerblick-auf-den-kanalinseln-zum-verlieben-einfach-ist-das\/#breadcrumb"},"inLanguage":"en-US","potentialAction":[{"@type":"ReadAction","target":["https:\/\/www.urlaubcornwall.de\/blog\/bei-uns-finden-sie-ferienhaeuser-mit-meerblick-auf-den-kanalinseln-zum-verlieben-einfach-ist-das\/"]}]},{"@type":"BreadcrumbList","@id":"https:\/\/www.urlaubcornwall.de\/blog\/bei-uns-finden-sie-ferienhaeuser-mit-meerblick-auf-den-kanalinseln-zum-verlieben-einfach-ist-das\/#breadcrumb","itemListElement":[{"@type":"ListItem","position":1,"name":"Home","item":"https:\/\/www.urlaubcornwall.de\/blog\/"},{"@type":"ListItem","position":2,"name":"Bei uns finden Sie Ferienh\u00e4user mit Meerblick auf den Kanalinseln zum Verlieben!"}]}]}},"_links":{"self":[{"href":"https:\/\/www.urlaubcornwall.de\/blog\/wp-json\/wp\/v2\/pages\/28638"}],"collection":[{"href":"https:\/\/www.urlaubcornwall.de\/blog\/wp-json\/wp\/v2\/pages"}],"about":[{"href":"https:\/\/www.urlaubcornwall.de\/blog\/wp-json\/wp\/v2\/types\/page"}],"author":[{"embeddable":true,"href":"https:\/\/www.urlaubcornwall.de\/blog\/wp-json\/wp\/v2\/users\/1"}],"replies":[{"embeddable":true,"href":"https:\/\/www.urlaubcornwall.de\/blog\/wp-json\/wp\/v2\/comments?post=28638"}],"version-history":[{"count":10,"href":"https:\/\/www.urlaubcornwall.de\/blog\/wp-json\/wp\/v2\/pages\/28638\/revisions"}],"predecessor-version":[{"id":41064,"href":"https:\/\/www.urlaubcornwall.de\/blog\/wp-json\/wp\/v2\/pages\/28638\/revisions\/41064"}],"wp:attachment":[{"href":"https:\/\/www.urlaubcornwall.de\/blog\/wp-json\/wp\/v2\/media?parent=28638"}],"curies":[{"name":"wp","href":"https:\/\/api.w.org\/{rel}","templated":true}]}}