{"id":28547,"date":"2017-08-22T09:35:18","date_gmt":"2017-08-22T09:35:18","guid":{"rendered":"https:\/\/www.urlaubcornwall.de\/blog\/?page_id=28547"},"modified":"2019-02-17T12:58:29","modified_gmt":"2019-02-17T12:58:29","slug":"bei-uns-finden-sie-hotels-mit-meerblick-auf-den-kanalinseln-zum-verlieben-einfach-ist-das","status":"publish","type":"page","link":"https:\/\/www.urlaubcornwall.de\/blog\/bei-uns-finden-sie-hotels-mit-meerblick-auf-den-kanalinseln-zum-verlieben-einfach-ist-das\/","title":{"rendered":"Bei uns finden Sie Hotels mit Meerblick auf den Kanalinseln zum Verlieben!"},"content":{"rendered":"<p><a href=\"https:\/\/www.urlaubcornwall.de\/blog\/wp-content\/uploads\/2015\/02\/DSC012042_2.jpg\"><img loading=\"lazy\" class=\"aligncenter size-full wp-image-17806\" src=\"https:\/\/www.urlaubcornwall.de\/blog\/wp-content\/uploads\/2015\/02\/DSC012042_2.jpg\" alt=\"hotels kanalinseln mit meerblick am meer\" width=\"745\" height=\"330\"\/><\/a><br \/>\n<strong>Hotels am Meer an den wundersch\u00f6nsten Str\u00e4nden auf den Kanalinseln.<\/strong> &#8211; Damit Sie das Beste aus Ihrem Strandurlaub herausholen k\u00f6nnen, haben wir f\u00fcr Sie eine Auswahl unserer in <a href=\"https:\/\/www.urlaubcornwall.de\/reiseziel\/kanalinseln\/\">Jersey und Guernsey<\/a> direkt am Strand gelegenen Lieblingshotels zusammengestellt.<\/p>\n<p><ins class=\"bookingaff\" data-aid=\"1699926\" data-target_aid=\"1699926\" data-prod=\"map\" data-width=\"100%\" data-height=\"590\" data-lang=\"ualng\" data-dest_id=\"0\" data-dest_type=\"landmark\" data-latitude=\"49.1805019\" data-longitude=\"-2.103233\" data-landmark_name=\"Hotels auf den Kanalinseln\" data-mwhsb=\"1\"><br \/>\n    <!-- Anything inside will go away once widget is loaded. --><br \/>\n        <a href=\"\/\/www.booking.com?aid=1699926\"rel=\"nofollow\">Booking.com<\/a><br \/>\n<\/ins><br \/>\n<script type=\"text\/javascript\">\n    (function(d, sc, u) {\n      var s = d.createElement(sc), p = d.getElementsByTagName(sc)[0];\n      s.type = 'text\/javascript';\n      s.async = true;\n      s.src = u + '?v=' + (+new Date());\n      p.parentNode.insertBefore(s,p);\n      })(document, 'script', '\/\/aff.bstatic.com\/static\/affiliate_base\/js\/flexiproduct.js');\n<\/script><\/p>\n<p>Unsere weitere unbedingte Empfehlung sind die <a href=\"https:\/\/www.urlaubcornwall.de\/reiseziel\/kanalinseln\/\">Kanalinseln<\/a>, die sich in Vielem der Charakteristik der Scilly-Inseln \u00e4hneln; ein \u00e4hnlich warmes Klima mit der h\u00f6chsten Anzahl an Sonnenstunden \u00fcberhaupt in England, ber\u00fchmt f\u00fcr ihre familienfreundlichen Sandstr\u00e4nde und ein gem\u00fctlicheres Leben. Die Hauptinseln Jersey und Guernsey sind gr\u00f6\u00dfer mit mehr Hotels und einer gro\u00dfartigen Auswahl an Ferienh\u00e4usern und Ferienwohnungen, von denen Sie w\u00e4hlen k\u00f6nnen. Die N\u00e4he der Inseln zu Frankreich gibt ihnen ein ganz bestimmtes gallisches Gef\u00fchl, ganz anders als irgendwo sonst im Vereinigten K\u00f6nigreich. Die Inseln bieten etwas f\u00fcr Jedermann und sind beliebt bei Paaren, Familien oder Gruppen. <\/p>\n<p>Finden Sie dazu mehr heraus &#8211; <a href=\"https:\/\/www.urlaubcornwall.de\/blog\/ferienhaeuser-und-ferienwohnungen-auf-guernsey-fuer-ihren-urlaub-auf-den-kanalinseln\/\">Guernsey<\/a> und <a href=\"https:\/\/www.urlaubcornwall.de\/reiseziel\/kanalinseln\/jersey.php\">Jersey<\/a><\/p>\n","protected":false},"excerpt":{"rendered":"<p>Hotels am Meer an den wundersch\u00f6nsten Str\u00e4nden auf den Kanalinseln. &#8211; Damit Sie das Beste aus Ihrem Strandurlaub herausholen k\u00f6nnen, haben wir f\u00fcr Sie eine Auswahl unserer in Jersey und Guernsey direkt am Strand gelegenen Lieblingshotels zusammengestellt. Booking.com Unsere weitere unbedingte Empfehlung sind die Kanalinseln, die sich in Vielem der Charakteristik der Scilly-Inseln \u00e4hneln; ein [&hellip;]<\/p>\n","protected":false},"author":1,"featured_media":0,"parent":0,"menu_order":0,"comment_status":"closed","ping_status":"closed","template":"single-four.php","meta":[],"acf":[],"yoast_head":"<!-- This site is optimized with the Yoast SEO plugin v19.4 - https:\/\/yoast.com\/wordpress\/plugins\/seo\/ -->\n<title>Bei uns finden Sie Hotels mit Meerblick auf den Kanalinseln zum Verlieben! - Urlaub &amp; Reisen<\/title>\n<meta name=\"robots\" content=\"index, follow, max-snippet:-1, max-image-preview:large, max-video-preview:-1\" \/>\n<link rel=\"canonical\" href=\"https:\/\/www.urlaubcornwall.de\/blog\/bei-uns-finden-sie-hotels-mit-meerblick-auf-den-kanalinseln-zum-verlieben-einfach-ist-das\/\" \/>\n<meta property=\"og:locale\" content=\"en_US\" \/>\n<meta property=\"og:type\" content=\"article\" \/>\n<meta property=\"og:title\" content=\"Bei uns finden Sie Hotels mit Meerblick auf den Kanalinseln zum Verlieben! - Urlaub &amp; Reisen\" \/>\n<meta property=\"og:description\" content=\"Hotels am Meer an den wundersch\u00f6nsten Str\u00e4nden auf den Kanalinseln. &#8211; Damit Sie das Beste aus Ihrem Strandurlaub herausholen k\u00f6nnen, haben wir f\u00fcr Sie eine Auswahl unserer in Jersey und Guernsey direkt am Strand gelegenen Lieblingshotels zusammengestellt. Booking.com Unsere weitere unbedingte Empfehlung sind die Kanalinseln, die sich in Vielem der Charakteristik der Scilly-Inseln \u00e4hneln; ein [&hellip;]\" \/>\n<meta property=\"og:url\" content=\"https:\/\/www.urlaubcornwall.de\/blog\/bei-uns-finden-sie-hotels-mit-meerblick-auf-den-kanalinseln-zum-verlieben-einfach-ist-das\/\" \/>\n<meta property=\"og:site_name\" content=\"Urlaub &amp; Reisen\" \/>\n<meta property=\"article:modified_time\" content=\"2019-02-17T12:58:29+00:00\" \/>\n<meta property=\"og:image\" content=\"https:\/\/www.urlaubcornwall.de\/blog\/wp-content\/uploads\/2015\/02\/DSC012042_2.jpg\" \/>\n<meta name=\"twitter:card\" content=\"summary\" \/>\n<meta name=\"twitter:label1\" content=\"Est. reading time\" \/>\n\t<meta name=\"twitter:data1\" content=\"1 minute\" \/>\n<script type=\"application\/ld+json\" class=\"yoast-schema-graph\">{\"@context\":\"https:\/\/schema.org\",\"@graph\":[{\"@type\":\"WebSite\",\"@id\":\"https:\/\/www.urlaubcornwall.de\/blog\/#website\",\"url\":\"https:\/\/www.urlaubcornwall.de\/blog\/\",\"name\":\"Urlaub &amp; Reisen\",\"description\":\"Urlaub, Reisen, Cornwall und S\u00fcdengland: eine perfekte Kombination\",\"potentialAction\":[{\"@type\":\"SearchAction\",\"target\":{\"@type\":\"EntryPoint\",\"urlTemplate\":\"https:\/\/www.urlaubcornwall.de\/blog\/?s={search_term_string}\"},\"query-input\":\"required name=search_term_string\"}],\"inLanguage\":\"en-US\"},{\"@type\":\"WebPage\",\"@id\":\"https:\/\/www.urlaubcornwall.de\/blog\/bei-uns-finden-sie-hotels-mit-meerblick-auf-den-kanalinseln-zum-verlieben-einfach-ist-das\/\",\"url\":\"https:\/\/www.urlaubcornwall.de\/blog\/bei-uns-finden-sie-hotels-mit-meerblick-auf-den-kanalinseln-zum-verlieben-einfach-ist-das\/\",\"name\":\"Bei uns finden Sie Hotels mit Meerblick auf den Kanalinseln zum Verlieben! - Urlaub &amp; Reisen\",\"isPartOf\":{\"@id\":\"https:\/\/www.urlaubcornwall.de\/blog\/#website\"},\"datePublished\":\"2017-08-22T09:35:18+00:00\",\"dateModified\":\"2019-02-17T12:58:29+00:00\",\"breadcrumb\":{\"@id\":\"https:\/\/www.urlaubcornwall.de\/blog\/bei-uns-finden-sie-hotels-mit-meerblick-auf-den-kanalinseln-zum-verlieben-einfach-ist-das\/#breadcrumb\"},\"inLanguage\":\"en-US\",\"potentialAction\":[{\"@type\":\"ReadAction\",\"target\":[\"https:\/\/www.urlaubcornwall.de\/blog\/bei-uns-finden-sie-hotels-mit-meerblick-auf-den-kanalinseln-zum-verlieben-einfach-ist-das\/\"]}]},{\"@type\":\"BreadcrumbList\",\"@id\":\"https:\/\/www.urlaubcornwall.de\/blog\/bei-uns-finden-sie-hotels-mit-meerblick-auf-den-kanalinseln-zum-verlieben-einfach-ist-das\/#breadcrumb\",\"itemListElement\":[{\"@type\":\"ListItem\",\"position\":1,\"name\":\"Home\",\"item\":\"https:\/\/www.urlaubcornwall.de\/blog\/\"},{\"@type\":\"ListItem\",\"position\":2,\"name\":\"Bei uns finden Sie Hotels mit Meerblick auf den Kanalinseln zum Verlieben!\"}]}]}<\/script>\n<!-- \/ Yoast SEO plugin. -->","yoast_head_json":{"title":"Bei uns finden Sie Hotels mit Meerblick auf den Kanalinseln zum Verlieben! - Urlaub &amp; Reisen","robots":{"index":"index","follow":"follow","max-snippet":"max-snippet:-1","max-image-preview":"max-image-preview:large","max-video-preview":"max-video-preview:-1"},"canonical":"https:\/\/www.urlaubcornwall.de\/blog\/bei-uns-finden-sie-hotels-mit-meerblick-auf-den-kanalinseln-zum-verlieben-einfach-ist-das\/","og_locale":"en_US","og_type":"article","og_title":"Bei uns finden Sie Hotels mit Meerblick auf den Kanalinseln zum Verlieben! - Urlaub &amp; Reisen","og_description":"Hotels am Meer an den wundersch\u00f6nsten Str\u00e4nden auf den Kanalinseln. &#8211; Damit Sie das Beste aus Ihrem Strandurlaub herausholen k\u00f6nnen, haben wir f\u00fcr Sie eine Auswahl unserer in Jersey und Guernsey direkt am Strand gelegenen Lieblingshotels zusammengestellt. Booking.com Unsere weitere unbedingte Empfehlung sind die Kanalinseln, die sich in Vielem der Charakteristik der Scilly-Inseln \u00e4hneln; ein [&hellip;]","og_url":"https:\/\/www.urlaubcornwall.de\/blog\/bei-uns-finden-sie-hotels-mit-meerblick-auf-den-kanalinseln-zum-verlieben-einfach-ist-das\/","og_site_name":"Urlaub &amp; Reisen","article_modified_time":"2019-02-17T12:58:29+00:00","og_image":[{"url":"https:\/\/www.urlaubcornwall.de\/blog\/wp-content\/uploads\/2015\/02\/DSC012042_2.jpg"}],"twitter_card":"summary","twitter_misc":{"Est. reading time":"1 minute"},"schema":{"@context":"https:\/\/schema.org","@graph":[{"@type":"WebSite","@id":"https:\/\/www.urlaubcornwall.de\/blog\/#website","url":"https:\/\/www.urlaubcornwall.de\/blog\/","name":"Urlaub &amp; Reisen","description":"Urlaub, Reisen, Cornwall und S\u00fcdengland: eine perfekte Kombination","potentialAction":[{"@type":"SearchAction","target":{"@type":"EntryPoint","urlTemplate":"https:\/\/www.urlaubcornwall.de\/blog\/?s={search_term_string}"},"query-input":"required name=search_term_string"}],"inLanguage":"en-US"},{"@type":"WebPage","@id":"https:\/\/www.urlaubcornwall.de\/blog\/bei-uns-finden-sie-hotels-mit-meerblick-auf-den-kanalinseln-zum-verlieben-einfach-ist-das\/","url":"https:\/\/www.urlaubcornwall.de\/blog\/bei-uns-finden-sie-hotels-mit-meerblick-auf-den-kanalinseln-zum-verlieben-einfach-ist-das\/","name":"Bei uns finden Sie Hotels mit Meerblick auf den Kanalinseln zum Verlieben! - Urlaub &amp; Reisen","isPartOf":{"@id":"https:\/\/www.urlaubcornwall.de\/blog\/#website"},"datePublished":"2017-08-22T09:35:18+00:00","dateModified":"2019-02-17T12:58:29+00:00","breadcrumb":{"@id":"https:\/\/www.urlaubcornwall.de\/blog\/bei-uns-finden-sie-hotels-mit-meerblick-auf-den-kanalinseln-zum-verlieben-einfach-ist-das\/#breadcrumb"},"inLanguage":"en-US","potentialAction":[{"@type":"ReadAction","target":["https:\/\/www.urlaubcornwall.de\/blog\/bei-uns-finden-sie-hotels-mit-meerblick-auf-den-kanalinseln-zum-verlieben-einfach-ist-das\/"]}]},{"@type":"BreadcrumbList","@id":"https:\/\/www.urlaubcornwall.de\/blog\/bei-uns-finden-sie-hotels-mit-meerblick-auf-den-kanalinseln-zum-verlieben-einfach-ist-das\/#breadcrumb","itemListElement":[{"@type":"ListItem","position":1,"name":"Home","item":"https:\/\/www.urlaubcornwall.de\/blog\/"},{"@type":"ListItem","position":2,"name":"Bei uns finden Sie Hotels mit Meerblick auf den Kanalinseln zum Verlieben!"}]}]}},"_links":{"self":[{"href":"https:\/\/www.urlaubcornwall.de\/blog\/wp-json\/wp\/v2\/pages\/28547"}],"collection":[{"href":"https:\/\/www.urlaubcornwall.de\/blog\/wp-json\/wp\/v2\/pages"}],"about":[{"href":"https:\/\/www.urlaubcornwall.de\/blog\/wp-json\/wp\/v2\/types\/page"}],"author":[{"embeddable":true,"href":"https:\/\/www.urlaubcornwall.de\/blog\/wp-json\/wp\/v2\/users\/1"}],"replies":[{"embeddable":true,"href":"https:\/\/www.urlaubcornwall.de\/blog\/wp-json\/wp\/v2\/comments?post=28547"}],"version-history":[{"count":7,"href":"https:\/\/www.urlaubcornwall.de\/blog\/wp-json\/wp\/v2\/pages\/28547\/revisions"}],"predecessor-version":[{"id":36320,"href":"https:\/\/www.urlaubcornwall.de\/blog\/wp-json\/wp\/v2\/pages\/28547\/revisions\/36320"}],"wp:attachment":[{"href":"https:\/\/www.urlaubcornwall.de\/blog\/wp-json\/wp\/v2\/media?parent=28547"}],"curies":[{"name":"wp","href":"https:\/\/api.w.org\/{rel}","templated":true}]}}