{"id":28526,"date":"2017-08-21T14:37:35","date_gmt":"2017-08-21T14:37:35","guid":{"rendered":"https:\/\/www.urlaubcornwall.de\/blog\/?page_id=28526"},"modified":"2024-05-30T07:35:19","modified_gmt":"2024-05-30T07:35:19","slug":"hotels-orkney-mit-meerblick-am-meer","status":"publish","type":"page","link":"https:\/\/www.urlaubcornwall.de\/blog\/hotels-orkney-mit-meerblick-am-meer\/","title":{"rendered":"Hotels in Orkney mit Meerblick zum Verlieben \u2013 so einfach ist das!"},"content":{"rendered":"<p><a href=\"https:\/\/www.urlaubcornwall.de\/blog\/wp-content\/uploads\/2024\/03\/orkney.jpg\"><img loading=\"lazy\" src=\"https:\/\/www.urlaubcornwall.de\/blog\/wp-content\/uploads\/2024\/03\/orkney.jpg\" alt=\"orkney\" width=\"750\" height=\"500\" class=\"alignnone size-full wp-image-48206\" srcset=\"https:\/\/www.urlaubcornwall.de\/blog\/wp-content\/uploads\/2024\/03\/orkney.jpg 750w, https:\/\/www.urlaubcornwall.de\/blog\/wp-content\/uploads\/2024\/03\/orkney-300x200.jpg 300w\" sizes=\"(max-width: 750px) 100vw, 750px\" \/><\/a><\/p>\n<p>Orkney befindet sich vor der <a href=\"https:\/\/www.urlaubcornwall.de\/reiseziel\/schottland.php\">Nordk\u00fcste Schottlands<\/a>; es besteht aus 70, \u00fcberwiegend unbewohnten Inseln. Orkney ist ein atemberaubend sch\u00f6ner Ort mit vielen alten Monumenten, einer einzigartigen Landschaft und Kultur und einer erstaunlichen Vielfalt an Tierleben.<\/p>\n<p>Die sch\u00f6nsten Hotels in Orkney am Meer f\u00fcr Ihren Urlaub in den schottischen Highlands und auf den Inseln &#8211; Damit Sie das Beste aus Ihrem Strandurlaub herausholen k\u00f6nnen, haben wir f\u00fcr Sie eine Auswahl unserer direkt am Meer gelegenen Lieblingshotels, B&amp;Bs und Ferienh\u00e4user zusammengestellt.<\/p>\n<p><ins class=\"bookingaff\" data-aid=\"1341075\" data-target_aid=\"1320750\" data-prod=\"nsb\" data-width=\"100%\" data-height=\"auto\" data-lang=\"de\" data-dest_id=\"900050787\" data-dest_type=\"city\"><br \/>\n<!-- Anything inside will go away once widget is loaded. --><br \/>\n<a href=\"\/\/www.booking.com?aid=1320750\" rel=\"nofollow\">Booking.com<\/a><br \/>\n<\/ins><br \/>\n<script type=\"text\/javascript\">\n    (function(d, sc, u) {\n      var s = d.createElement(sc), p = d.getElementsByTagName(sc)[0];\n      s.type = 'text\/javascript';\n      s.async = true;\n      s.src = u + '?v=' + (+new Date());\n      p.parentNode.insertBefore(s,p);\n      })(document, 'script', '\/\/aff.bstatic.com\/static\/affiliate_base\/js\/flexiproduct.js');\n<\/script><\/p>\n\n<p style=\"text-align: center;\">Urlaub in Schottland: Britanniens spektakul\u00e4rster Landschaft &#8211; Schottland ist das Zuhause von Britanniens spektakul\u00e4rster Landschaft, die den h\u00f6chsten Berg, den Ben Nevis, mit umfasst, den tiefsten See, Loch Morar, die h\u00f6chsten B\u00e4ume und die abgelegendsten Gebiete voller Wildheit&#8230;..<a href=\"https:\/\/www.urlaubcornwall.de\/reiseziel\/schottland.php\">[Mehr ]<\/a><\/p>\n\n<p><img loading=\"lazy\" class=\"aligncenter size-full wp-image-28514\" src=\"https:\/\/www.urlaubcornwall.de\/blog\/wp-content\/uploads\/2017\/08\/urlaub-und-gro\u00dfbritannien_logo.jpg\" alt=\"urlaub-und-gro\u00dfbritannien_logo\" width=\"745\" height=\"444\"\/><\/p>\n<p style=\"text-align: center;\">UrlaubCornwall verf\u00fcgt Ferienh\u00e4user und Ferienwohnungen in&nbsp;Schottland. Unterk\u00fcnfte der Spitzenklasse f\u00fcr 2 Personen, Familien und Gruppen mit 4, 6, 8, 10 oder 12 G\u00e4sten mit Hund.<\/p>\n<p style=\"text-align: center;\"><a class=\"tidycta\" href=\"https:\/\/www.urlaubcornwall.de\/ferienhaeuser\/schottland.php\">Ferienh\u00e4user Schottland<\/a><\/p>\n<p style=\"text-align: center;\"><a href=\"http:\/\/www.urlaubcornwall.de\/\">UrlaubCornwall.de<\/a> ist ein in Cornwall ans\u00e4ssiges Unternehmen k\u00f6nnen wir uns mit 20 Jahren Erfahrung in der Organisation von Rundreisen durch Schottland und Gro\u00dfbritannien r\u00fchmen.<\/p>\n<p style=\"text-align: center;\">Um Schottland in Ihre Rundreise mit Hund durch Gro\u00dfbritannien mit einzugliedern, stellen Sie Ihre <a href=\"http:\/\/www.urlaubcornwall.de\/anfrage.php\">Anfrage<\/a> hier oder w\u00e4hlen Sie ein Ferienhaus aus unserer besten Auswahl handverlesener und inspizierter H\u00e4user aus.<\/p>\n","protected":false},"excerpt":{"rendered":"<p>Orkney befindet sich vor der Nordk\u00fcste Schottlands; es besteht aus 70, \u00fcberwiegend unbewohnten Inseln. Orkney ist ein atemberaubend sch\u00f6ner Ort mit vielen alten Monumenten, einer einzigartigen Landschaft und Kultur und einer erstaunlichen Vielfalt an Tierleben. Die sch\u00f6nsten Hotels in Orkney am Meer f\u00fcr Ihren Urlaub in den schottischen Highlands und auf den Inseln &#8211; Damit [&hellip;]<\/p>\n","protected":false},"author":1,"featured_media":0,"parent":0,"menu_order":0,"comment_status":"closed","ping_status":"closed","template":"single-four.php","meta":[],"acf":[],"yoast_head":"<!-- This site is optimized with the Yoast SEO plugin v19.4 - https:\/\/yoast.com\/wordpress\/plugins\/seo\/ -->\n<title>Hotels in Orkney mit Meerblick zum Verlieben \u2013 so einfach ist das! - Urlaub &amp; Reisen<\/title>\n<meta name=\"robots\" content=\"index, follow, max-snippet:-1, max-image-preview:large, max-video-preview:-1\" \/>\n<link rel=\"canonical\" href=\"https:\/\/www.urlaubcornwall.de\/blog\/hotels-orkney-mit-meerblick-am-meer\/\" \/>\n<meta property=\"og:locale\" content=\"en_US\" \/>\n<meta property=\"og:type\" content=\"article\" \/>\n<meta property=\"og:title\" content=\"Hotels in Orkney mit Meerblick zum Verlieben \u2013 so einfach ist das! - Urlaub &amp; Reisen\" \/>\n<meta property=\"og:description\" content=\"Orkney befindet sich vor der Nordk\u00fcste Schottlands; es besteht aus 70, \u00fcberwiegend unbewohnten Inseln. Orkney ist ein atemberaubend sch\u00f6ner Ort mit vielen alten Monumenten, einer einzigartigen Landschaft und Kultur und einer erstaunlichen Vielfalt an Tierleben. Die sch\u00f6nsten Hotels in Orkney am Meer f\u00fcr Ihren Urlaub in den schottischen Highlands und auf den Inseln &#8211; Damit [&hellip;]\" \/>\n<meta property=\"og:url\" content=\"https:\/\/www.urlaubcornwall.de\/blog\/hotels-orkney-mit-meerblick-am-meer\/\" \/>\n<meta property=\"og:site_name\" content=\"Urlaub &amp; Reisen\" \/>\n<meta property=\"article:modified_time\" content=\"2024-05-30T07:35:19+00:00\" \/>\n<meta property=\"og:image\" content=\"https:\/\/www.urlaubcornwall.de\/blog\/wp-content\/uploads\/2024\/03\/orkney.jpg\" \/>\n<meta name=\"twitter:card\" content=\"summary\" \/>\n<meta name=\"twitter:label1\" content=\"Est. reading time\" \/>\n\t<meta name=\"twitter:data1\" content=\"2 minutes\" \/>\n<script type=\"application\/ld+json\" class=\"yoast-schema-graph\">{\"@context\":\"https:\/\/schema.org\",\"@graph\":[{\"@type\":\"WebSite\",\"@id\":\"https:\/\/www.urlaubcornwall.de\/blog\/#website\",\"url\":\"https:\/\/www.urlaubcornwall.de\/blog\/\",\"name\":\"Urlaub &amp; Reisen\",\"description\":\"Urlaub, Reisen, Cornwall und S\u00fcdengland: eine perfekte Kombination\",\"potentialAction\":[{\"@type\":\"SearchAction\",\"target\":{\"@type\":\"EntryPoint\",\"urlTemplate\":\"https:\/\/www.urlaubcornwall.de\/blog\/?s={search_term_string}\"},\"query-input\":\"required name=search_term_string\"}],\"inLanguage\":\"en-US\"},{\"@type\":\"WebPage\",\"@id\":\"https:\/\/www.urlaubcornwall.de\/blog\/hotels-orkney-mit-meerblick-am-meer\/\",\"url\":\"https:\/\/www.urlaubcornwall.de\/blog\/hotels-orkney-mit-meerblick-am-meer\/\",\"name\":\"Hotels in Orkney mit Meerblick zum Verlieben \u2013 so einfach ist das! - Urlaub &amp; Reisen\",\"isPartOf\":{\"@id\":\"https:\/\/www.urlaubcornwall.de\/blog\/#website\"},\"datePublished\":\"2017-08-21T14:37:35+00:00\",\"dateModified\":\"2024-05-30T07:35:19+00:00\",\"breadcrumb\":{\"@id\":\"https:\/\/www.urlaubcornwall.de\/blog\/hotels-orkney-mit-meerblick-am-meer\/#breadcrumb\"},\"inLanguage\":\"en-US\",\"potentialAction\":[{\"@type\":\"ReadAction\",\"target\":[\"https:\/\/www.urlaubcornwall.de\/blog\/hotels-orkney-mit-meerblick-am-meer\/\"]}]},{\"@type\":\"BreadcrumbList\",\"@id\":\"https:\/\/www.urlaubcornwall.de\/blog\/hotels-orkney-mit-meerblick-am-meer\/#breadcrumb\",\"itemListElement\":[{\"@type\":\"ListItem\",\"position\":1,\"name\":\"Home\",\"item\":\"https:\/\/www.urlaubcornwall.de\/blog\/\"},{\"@type\":\"ListItem\",\"position\":2,\"name\":\"Hotels in Orkney mit Meerblick zum Verlieben \u2013 so einfach ist das!\"}]}]}<\/script>\n<!-- \/ Yoast SEO plugin. -->","yoast_head_json":{"title":"Hotels in Orkney mit Meerblick zum Verlieben \u2013 so einfach ist das! - Urlaub &amp; Reisen","robots":{"index":"index","follow":"follow","max-snippet":"max-snippet:-1","max-image-preview":"max-image-preview:large","max-video-preview":"max-video-preview:-1"},"canonical":"https:\/\/www.urlaubcornwall.de\/blog\/hotels-orkney-mit-meerblick-am-meer\/","og_locale":"en_US","og_type":"article","og_title":"Hotels in Orkney mit Meerblick zum Verlieben \u2013 so einfach ist das! - Urlaub &amp; Reisen","og_description":"Orkney befindet sich vor der Nordk\u00fcste Schottlands; es besteht aus 70, \u00fcberwiegend unbewohnten Inseln. Orkney ist ein atemberaubend sch\u00f6ner Ort mit vielen alten Monumenten, einer einzigartigen Landschaft und Kultur und einer erstaunlichen Vielfalt an Tierleben. Die sch\u00f6nsten Hotels in Orkney am Meer f\u00fcr Ihren Urlaub in den schottischen Highlands und auf den Inseln &#8211; Damit [&hellip;]","og_url":"https:\/\/www.urlaubcornwall.de\/blog\/hotels-orkney-mit-meerblick-am-meer\/","og_site_name":"Urlaub &amp; Reisen","article_modified_time":"2024-05-30T07:35:19+00:00","og_image":[{"url":"https:\/\/www.urlaubcornwall.de\/blog\/wp-content\/uploads\/2024\/03\/orkney.jpg"}],"twitter_card":"summary","twitter_misc":{"Est. reading time":"2 minutes"},"schema":{"@context":"https:\/\/schema.org","@graph":[{"@type":"WebSite","@id":"https:\/\/www.urlaubcornwall.de\/blog\/#website","url":"https:\/\/www.urlaubcornwall.de\/blog\/","name":"Urlaub &amp; Reisen","description":"Urlaub, Reisen, Cornwall und S\u00fcdengland: eine perfekte Kombination","potentialAction":[{"@type":"SearchAction","target":{"@type":"EntryPoint","urlTemplate":"https:\/\/www.urlaubcornwall.de\/blog\/?s={search_term_string}"},"query-input":"required name=search_term_string"}],"inLanguage":"en-US"},{"@type":"WebPage","@id":"https:\/\/www.urlaubcornwall.de\/blog\/hotels-orkney-mit-meerblick-am-meer\/","url":"https:\/\/www.urlaubcornwall.de\/blog\/hotels-orkney-mit-meerblick-am-meer\/","name":"Hotels in Orkney mit Meerblick zum Verlieben \u2013 so einfach ist das! - Urlaub &amp; Reisen","isPartOf":{"@id":"https:\/\/www.urlaubcornwall.de\/blog\/#website"},"datePublished":"2017-08-21T14:37:35+00:00","dateModified":"2024-05-30T07:35:19+00:00","breadcrumb":{"@id":"https:\/\/www.urlaubcornwall.de\/blog\/hotels-orkney-mit-meerblick-am-meer\/#breadcrumb"},"inLanguage":"en-US","potentialAction":[{"@type":"ReadAction","target":["https:\/\/www.urlaubcornwall.de\/blog\/hotels-orkney-mit-meerblick-am-meer\/"]}]},{"@type":"BreadcrumbList","@id":"https:\/\/www.urlaubcornwall.de\/blog\/hotels-orkney-mit-meerblick-am-meer\/#breadcrumb","itemListElement":[{"@type":"ListItem","position":1,"name":"Home","item":"https:\/\/www.urlaubcornwall.de\/blog\/"},{"@type":"ListItem","position":2,"name":"Hotels in Orkney mit Meerblick zum Verlieben \u2013 so einfach ist das!"}]}]}},"_links":{"self":[{"href":"https:\/\/www.urlaubcornwall.de\/blog\/wp-json\/wp\/v2\/pages\/28526"}],"collection":[{"href":"https:\/\/www.urlaubcornwall.de\/blog\/wp-json\/wp\/v2\/pages"}],"about":[{"href":"https:\/\/www.urlaubcornwall.de\/blog\/wp-json\/wp\/v2\/types\/page"}],"author":[{"embeddable":true,"href":"https:\/\/www.urlaubcornwall.de\/blog\/wp-json\/wp\/v2\/users\/1"}],"replies":[{"embeddable":true,"href":"https:\/\/www.urlaubcornwall.de\/blog\/wp-json\/wp\/v2\/comments?post=28526"}],"version-history":[{"count":4,"href":"https:\/\/www.urlaubcornwall.de\/blog\/wp-json\/wp\/v2\/pages\/28526\/revisions"}],"predecessor-version":[{"id":50760,"href":"https:\/\/www.urlaubcornwall.de\/blog\/wp-json\/wp\/v2\/pages\/28526\/revisions\/50760"}],"wp:attachment":[{"href":"https:\/\/www.urlaubcornwall.de\/blog\/wp-json\/wp\/v2\/media?parent=28526"}],"curies":[{"name":"wp","href":"https:\/\/api.w.org\/{rel}","templated":true}]}}