{"id":28523,"date":"2017-08-21T13:57:27","date_gmt":"2017-08-21T13:57:27","guid":{"rendered":"https:\/\/www.urlaubcornwall.de\/blog\/?page_id=28523"},"modified":"2024-04-29T15:44:41","modified_gmt":"2024-04-29T15:44:41","slug":"hotels-oban-mit-meerblick-zum-verlieben-einfach-ist-das","status":"publish","type":"page","link":"https:\/\/www.urlaubcornwall.de\/blog\/hotels-oban-mit-meerblick-zum-verlieben-einfach-ist-das\/","title":{"rendered":"Hotels in Oban mit Meerblick zum Verlieben \u2013 so einfach ist das!"},"content":{"rendered":"<p><img loading=\"lazy\" class=\"aligncenter size-full wp-image-22905\" src=\"https:\/\/www.urlaubcornwall.de\/blog\/wp-content\/uploads\/2016\/01\/urlaub-oban.jpg\" alt=\"hotels oban mit meerblick am meer\" width=\"749\" height=\"380\"\/><\/p>\n<p style=\"text-align: center;\"><strong>Die sch\u00f6nsten Hotels in Oban am Meer f\u00fcr Ihren Urlaub in den <a href=\"https:\/\/www.urlaubcornwall.de\/reiseziel\/schottland.php\">Schottischen Highlands und auf den Inseln<\/a>.<\/strong><\/p>\n<p style=\"text-align: center;\">Damit Sie das Beste aus Ihrem Strandurlaub herausholen k\u00f6nnen, haben wir f\u00fcr Sie eine Auswahl unserer direkt am Meer gelegenen Lieblingshotels zusammengestellt.<\/p>\n<p><strong><a href=\"https:\/\/www.booking.com\/hotel\/gb\/loch-melfort.en.html?aid=1320750&#038;no_rooms=1&#038;group_adults=2\" rel=\"nofollow\">Loch Melfort Hotel, Oban, Westk\u00fcste Schottlands<\/a><\/strong> &#8211; Sie k\u00f6nnen einen Genius-Rabatt auf die Unterkunft Loch Melfort Hotel erhalten! Melden Sie sich an, um bei dieser Unterkunft zu sparen. Dieses romantische 4-Sterne-Landhotel bietet eine herrliche Aussicht von jedem Schlafzimmer. Freuen Sie sich auf gehobene schottische K\u00fcche und Meeresfr\u00fcchte aus der Region im preisgekr\u00f6nten Restaurant und das Bistro, in dem Sie in ungezwungener Atmosph\u00e4re speisen k\u00f6nnen.<\/p>\n<p><ins class=\"bookingaff\" data-aid=\"2195871\" data-target_aid=\"2195871\" data-prod=\"map\" data-width=\"100%\" data-height=\"590\" data-lang=\"ualng\" data-dest_id=\"0\" data-dest_type=\"landmark\" data-latitude=\"56.415157\" data-longitude=\"-5.471047\" data-mwhsb=\"0\" data-address=\"Oban, UK\"><br \/>\n    <!-- Anything inside will go away once widget is loaded. --><br \/>\n        <a href=\"\/\/www.booking.com?aid=2195871\" rel=\"nofollow\">Booking.com<\/a><br \/>\n<\/ins><br \/>\n<script type=\"text\/javascript\">\n    (function(d, sc, u) {\n      var s = d.createElement(sc), p = d.getElementsByTagName(sc)[0];\n      s.type = 'text\/javascript';\n      s.async = true;\n      s.src = u + '?v=' + (+new Date());\n      p.parentNode.insertBefore(s,p);\n      })(document, 'script', '\/\/aff.bstatic.com\/static\/affiliate_base\/js\/flexiproduct.js');\n<\/script><\/p>\n<div class=\"snippet\"> <a class=\"featured-item\" href=\" https:\/\/www.urlaubcornwall.de\/ferienhaeuser\/schottland.php\"> <span class=\"image-holder\" style=\"background-image: url(' https:\/\/www.urlaubcornwall.de\/blog\/wp-content\/uploads\/2019\/08\/ferienhaus-lands-end.jpg');\"><\/span> <span class=\"featured-content\"> \n<h2 class=\"featured-title\">Bei uns finden Sie Ferienh\u00e4user in Schottland zum Verlieben!<\/h2>\n<p class=\"featured-body\">Untenstehend finden Sie eine Auswahl an Ferienh\u00e4usern in Schottland. Hier finden Sie pers\u00f6nlich inspizierte Cottages entlang der schottischen K\u00fcste, in den schottischen Highlands und auf den Inseln&#8230;..<\/p>\n<\/span> <span class=\"featured-link-holder\"> <span class=\"featured-extra-info\"> \n<p>F\u00fcr Paare, Familien &#038; Gruppen<\/p>\n<\/span> \n<p class=\"featured-link\">DETAILS<\/p>\n<\/span> <\/a><\/div>\n<div class=\"snippet\"> <a class=\"featured-item\" href=\" https:\/\/www.urlaubcornwall.de\/blog\/rundreisen-schottland\/\"> <span class=\"image-holder\" style=\"background-image: url(' https:\/\/www.urlaubcornwall.de\/blog\/wp-content\/uploads\/2019\/01\/rundreise-schottland.jpg ');\"><\/span> <span class=\"featured-content\"> \n<h2 class=\"featured-title\">Rundreise durch Schottland: mit dem Auto bereisen <\/h2>\n<p class=\"featured-body\">Urlaub in Schottland haben etwas f\u00fcr jeden Geschmack zu bieten \u2013 herrliche Sonnenunterg\u00e4nge \u00fcber magischen Inseln, wundersch\u00f6ne und dramatische K\u00fcstenstriche, tiefe, verborgene T\u00e4ler und eine unglaubliche Landschaft&#8230;<\/p>\n<\/span> <span class=\"featured-link-holder\"> <span class=\"featured-extra-info\"> \n<p>Ready Made Touren<\/p>\n<\/span> \n<p class=\"featured-link\">DETAILS<\/p>\n<\/span> <\/a><\/div>\n<p>Urlaub in Schottland: Britanniens spektakul\u00e4rster Landschaft &#8211; Schottland ist das Zuhause von Britanniens spektakul\u00e4rster Landschaft, die den h\u00f6chsten Berg, den Ben Nevis, mit umfasst, den tiefsten See, Loch Morar, die h\u00f6chsten B\u00e4ume und die abgelegendsten Gebiete voller Wildheit&#8230;<a href=\"https:\/\/www.urlaubcornwall.de\/reiseziel\/schottland.php\">[Mehr ]<\/a><\/p>\n","protected":false},"excerpt":{"rendered":"<p>Die sch\u00f6nsten Hotels in Oban am Meer f\u00fcr Ihren Urlaub in den Schottischen Highlands und auf den Inseln. Damit Sie das Beste aus Ihrem Strandurlaub herausholen k\u00f6nnen, haben wir f\u00fcr Sie eine Auswahl unserer direkt am Meer gelegenen Lieblingshotels zusammengestellt. Loch Melfort Hotel, Oban, Westk\u00fcste Schottlands &#8211; Sie k\u00f6nnen einen Genius-Rabatt auf die Unterkunft Loch [&hellip;]<\/p>\n","protected":false},"author":1,"featured_media":0,"parent":0,"menu_order":0,"comment_status":"closed","ping_status":"closed","template":"single-four.php","meta":[],"acf":[],"yoast_head":"<!-- This site is optimized with the Yoast SEO plugin v19.4 - https:\/\/yoast.com\/wordpress\/plugins\/seo\/ -->\n<title>Hotels in Oban mit Meerblick zum Verlieben \u2013 so einfach ist das! - Urlaub &amp; Reisen<\/title>\n<meta name=\"robots\" content=\"index, follow, max-snippet:-1, max-image-preview:large, max-video-preview:-1\" \/>\n<link rel=\"canonical\" href=\"https:\/\/www.urlaubcornwall.de\/blog\/hotels-oban-mit-meerblick-zum-verlieben-einfach-ist-das\/\" \/>\n<meta property=\"og:locale\" content=\"en_US\" \/>\n<meta property=\"og:type\" content=\"article\" \/>\n<meta property=\"og:title\" content=\"Hotels in Oban mit Meerblick zum Verlieben \u2013 so einfach ist das! - Urlaub &amp; Reisen\" \/>\n<meta property=\"og:description\" content=\"Die sch\u00f6nsten Hotels in Oban am Meer f\u00fcr Ihren Urlaub in den Schottischen Highlands und auf den Inseln. Damit Sie das Beste aus Ihrem Strandurlaub herausholen k\u00f6nnen, haben wir f\u00fcr Sie eine Auswahl unserer direkt am Meer gelegenen Lieblingshotels zusammengestellt. Loch Melfort Hotel, Oban, Westk\u00fcste Schottlands &#8211; Sie k\u00f6nnen einen Genius-Rabatt auf die Unterkunft Loch [&hellip;]\" \/>\n<meta property=\"og:url\" content=\"https:\/\/www.urlaubcornwall.de\/blog\/hotels-oban-mit-meerblick-zum-verlieben-einfach-ist-das\/\" \/>\n<meta property=\"og:site_name\" content=\"Urlaub &amp; Reisen\" \/>\n<meta property=\"article:modified_time\" content=\"2024-04-29T15:44:41+00:00\" \/>\n<meta property=\"og:image\" content=\"https:\/\/www.urlaubcornwall.de\/blog\/wp-content\/uploads\/2016\/01\/urlaub-oban.jpg\" \/>\n<meta name=\"twitter:card\" content=\"summary\" \/>\n<meta name=\"twitter:label1\" content=\"Est. reading time\" \/>\n\t<meta name=\"twitter:data1\" content=\"2 minutes\" \/>\n<script type=\"application\/ld+json\" class=\"yoast-schema-graph\">{\"@context\":\"https:\/\/schema.org\",\"@graph\":[{\"@type\":\"WebSite\",\"@id\":\"https:\/\/www.urlaubcornwall.de\/blog\/#website\",\"url\":\"https:\/\/www.urlaubcornwall.de\/blog\/\",\"name\":\"Urlaub &amp; Reisen\",\"description\":\"Urlaub, Reisen, Cornwall und S\u00fcdengland: eine perfekte Kombination\",\"potentialAction\":[{\"@type\":\"SearchAction\",\"target\":{\"@type\":\"EntryPoint\",\"urlTemplate\":\"https:\/\/www.urlaubcornwall.de\/blog\/?s={search_term_string}\"},\"query-input\":\"required name=search_term_string\"}],\"inLanguage\":\"en-US\"},{\"@type\":\"WebPage\",\"@id\":\"https:\/\/www.urlaubcornwall.de\/blog\/hotels-oban-mit-meerblick-zum-verlieben-einfach-ist-das\/\",\"url\":\"https:\/\/www.urlaubcornwall.de\/blog\/hotels-oban-mit-meerblick-zum-verlieben-einfach-ist-das\/\",\"name\":\"Hotels in Oban mit Meerblick zum Verlieben \u2013 so einfach ist das! - Urlaub &amp; Reisen\",\"isPartOf\":{\"@id\":\"https:\/\/www.urlaubcornwall.de\/blog\/#website\"},\"datePublished\":\"2017-08-21T13:57:27+00:00\",\"dateModified\":\"2024-04-29T15:44:41+00:00\",\"breadcrumb\":{\"@id\":\"https:\/\/www.urlaubcornwall.de\/blog\/hotels-oban-mit-meerblick-zum-verlieben-einfach-ist-das\/#breadcrumb\"},\"inLanguage\":\"en-US\",\"potentialAction\":[{\"@type\":\"ReadAction\",\"target\":[\"https:\/\/www.urlaubcornwall.de\/blog\/hotels-oban-mit-meerblick-zum-verlieben-einfach-ist-das\/\"]}]},{\"@type\":\"BreadcrumbList\",\"@id\":\"https:\/\/www.urlaubcornwall.de\/blog\/hotels-oban-mit-meerblick-zum-verlieben-einfach-ist-das\/#breadcrumb\",\"itemListElement\":[{\"@type\":\"ListItem\",\"position\":1,\"name\":\"Home\",\"item\":\"https:\/\/www.urlaubcornwall.de\/blog\/\"},{\"@type\":\"ListItem\",\"position\":2,\"name\":\"Hotels in Oban mit Meerblick zum Verlieben \u2013 so einfach ist das!\"}]}]}<\/script>\n<!-- \/ Yoast SEO plugin. -->","yoast_head_json":{"title":"Hotels in Oban mit Meerblick zum Verlieben \u2013 so einfach ist das! - Urlaub &amp; Reisen","robots":{"index":"index","follow":"follow","max-snippet":"max-snippet:-1","max-image-preview":"max-image-preview:large","max-video-preview":"max-video-preview:-1"},"canonical":"https:\/\/www.urlaubcornwall.de\/blog\/hotels-oban-mit-meerblick-zum-verlieben-einfach-ist-das\/","og_locale":"en_US","og_type":"article","og_title":"Hotels in Oban mit Meerblick zum Verlieben \u2013 so einfach ist das! - Urlaub &amp; Reisen","og_description":"Die sch\u00f6nsten Hotels in Oban am Meer f\u00fcr Ihren Urlaub in den Schottischen Highlands und auf den Inseln. Damit Sie das Beste aus Ihrem Strandurlaub herausholen k\u00f6nnen, haben wir f\u00fcr Sie eine Auswahl unserer direkt am Meer gelegenen Lieblingshotels zusammengestellt. Loch Melfort Hotel, Oban, Westk\u00fcste Schottlands &#8211; Sie k\u00f6nnen einen Genius-Rabatt auf die Unterkunft Loch [&hellip;]","og_url":"https:\/\/www.urlaubcornwall.de\/blog\/hotels-oban-mit-meerblick-zum-verlieben-einfach-ist-das\/","og_site_name":"Urlaub &amp; Reisen","article_modified_time":"2024-04-29T15:44:41+00:00","og_image":[{"url":"https:\/\/www.urlaubcornwall.de\/blog\/wp-content\/uploads\/2016\/01\/urlaub-oban.jpg"}],"twitter_card":"summary","twitter_misc":{"Est. reading time":"2 minutes"},"schema":{"@context":"https:\/\/schema.org","@graph":[{"@type":"WebSite","@id":"https:\/\/www.urlaubcornwall.de\/blog\/#website","url":"https:\/\/www.urlaubcornwall.de\/blog\/","name":"Urlaub &amp; Reisen","description":"Urlaub, Reisen, Cornwall und S\u00fcdengland: eine perfekte Kombination","potentialAction":[{"@type":"SearchAction","target":{"@type":"EntryPoint","urlTemplate":"https:\/\/www.urlaubcornwall.de\/blog\/?s={search_term_string}"},"query-input":"required name=search_term_string"}],"inLanguage":"en-US"},{"@type":"WebPage","@id":"https:\/\/www.urlaubcornwall.de\/blog\/hotels-oban-mit-meerblick-zum-verlieben-einfach-ist-das\/","url":"https:\/\/www.urlaubcornwall.de\/blog\/hotels-oban-mit-meerblick-zum-verlieben-einfach-ist-das\/","name":"Hotels in Oban mit Meerblick zum Verlieben \u2013 so einfach ist das! - Urlaub &amp; Reisen","isPartOf":{"@id":"https:\/\/www.urlaubcornwall.de\/blog\/#website"},"datePublished":"2017-08-21T13:57:27+00:00","dateModified":"2024-04-29T15:44:41+00:00","breadcrumb":{"@id":"https:\/\/www.urlaubcornwall.de\/blog\/hotels-oban-mit-meerblick-zum-verlieben-einfach-ist-das\/#breadcrumb"},"inLanguage":"en-US","potentialAction":[{"@type":"ReadAction","target":["https:\/\/www.urlaubcornwall.de\/blog\/hotels-oban-mit-meerblick-zum-verlieben-einfach-ist-das\/"]}]},{"@type":"BreadcrumbList","@id":"https:\/\/www.urlaubcornwall.de\/blog\/hotels-oban-mit-meerblick-zum-verlieben-einfach-ist-das\/#breadcrumb","itemListElement":[{"@type":"ListItem","position":1,"name":"Home","item":"https:\/\/www.urlaubcornwall.de\/blog\/"},{"@type":"ListItem","position":2,"name":"Hotels in Oban mit Meerblick zum Verlieben \u2013 so einfach ist das!"}]}]}},"_links":{"self":[{"href":"https:\/\/www.urlaubcornwall.de\/blog\/wp-json\/wp\/v2\/pages\/28523"}],"collection":[{"href":"https:\/\/www.urlaubcornwall.de\/blog\/wp-json\/wp\/v2\/pages"}],"about":[{"href":"https:\/\/www.urlaubcornwall.de\/blog\/wp-json\/wp\/v2\/types\/page"}],"author":[{"embeddable":true,"href":"https:\/\/www.urlaubcornwall.de\/blog\/wp-json\/wp\/v2\/users\/1"}],"replies":[{"embeddable":true,"href":"https:\/\/www.urlaubcornwall.de\/blog\/wp-json\/wp\/v2\/comments?post=28523"}],"version-history":[{"count":7,"href":"https:\/\/www.urlaubcornwall.de\/blog\/wp-json\/wp\/v2\/pages\/28523\/revisions"}],"predecessor-version":[{"id":28527,"href":"https:\/\/www.urlaubcornwall.de\/blog\/wp-json\/wp\/v2\/pages\/28523\/revisions\/28527"}],"wp:attachment":[{"href":"https:\/\/www.urlaubcornwall.de\/blog\/wp-json\/wp\/v2\/media?parent=28523"}],"curies":[{"name":"wp","href":"https:\/\/api.w.org\/{rel}","templated":true}]}}