{"id":28509,"date":"2017-08-21T10:20:41","date_gmt":"2017-08-21T10:20:41","guid":{"rendered":"https:\/\/www.urlaubcornwall.de\/blog\/?page_id=28509"},"modified":"2024-05-30T07:13:39","modified_gmt":"2024-05-30T07:13:39","slug":"hotels-st-austell-mit-meerblick-zum-verlieben-einfach-ist-das","status":"publish","type":"page","link":"https:\/\/www.urlaubcornwall.de\/blog\/hotels-st-austell-mit-meerblick-zum-verlieben-einfach-ist-das\/","title":{"rendered":"Hotels in St Austell mit Meerblick zum Verlieben \u2013 so einfach ist das!"},"content":{"rendered":"<p><a href=\"https:\/\/www.urlaubcornwall.de\/blog\/wp-content\/uploads\/2024\/03\/holywell-cornwall-strand-rotated.jpg\"><img loading=\"lazy\" src=\"https:\/\/www.urlaubcornwall.de\/blog\/wp-content\/uploads\/2024\/03\/holywell-cornwall-strand-rotated.jpg\" alt=\"holywell cornwall strand\" width=\"750\" height=\"563\" class=\"alignnone size-full wp-image-47899\" srcset=\"https:\/\/www.urlaubcornwall.de\/blog\/wp-content\/uploads\/2024\/03\/holywell-cornwall-strand-rotated.jpg 750w, https:\/\/www.urlaubcornwall.de\/blog\/wp-content\/uploads\/2024\/03\/holywell-cornwall-strand-300x225.jpg 300w\" sizes=\"(max-width: 750px) 100vw, 750px\" \/><\/a><\/p>\n<p style=\"text-align: center;\"><strong>Die sch\u00f6nsten Hundefreundliche Hotels in St Austellf\u00fcr Ihren Urlaub in Cornwall<br \/>\n<\/strong><\/p>\n<p style=\"text-align: center;\">Wir haben dem Carlyon Bay Hotel vor Kurzem pers\u00f6nlich einen Besuch abgestattet. Das Hotel liegt in einer spektakul\u00e4ren Position, \u00fcber einen breiten Sandstrand mit Blick auf die Bucht von St Austell. Dieses 4-Sterne-Hotel ist eine Kombination aus traditioneller Qualit\u00e4t und Standards mit modernen Einrichtungen. Das Hotel besitzt 250 Hektar abgeschiedener G\u00e4rten und Au\u00dfenanlagen, mit einem Tennisplatz sowie Innen- und Au\u00dfenpool&#8230;..<a href=\"https:\/\/www.urlaubcornwall.de\/blog\/carlyon-bay-hotel-ein-4-sterne-hotel-an-der-suedkueste-von-cornwall-in-spektakulaerer-lage\/\"><strong>[ Mehr ]<\/strong><\/a><\/p>\n<p style=\"text-align: center;\"><b>Klicken Sie <\/b><strong>hie<\/strong>r<b>, um sich unser vollst\u00e4ndiges Angebot der besten <a href=\"https:\/\/www.urlaubcornwall.de\/hotels.php\">Hotels in Cornwall&gt;&gt;<\/a><\/b><\/p>\n<p style=\"text-align: center;\"><a href=\"http:\/\/www.urlaubcornwall.de\/\">UrlaubCornwall.de<\/a> ist ein in Cornwall ans\u00e4ssiges Unternehmen k\u00f6nnen wir uns mit 20 Jahren Erfahrung in der Organisation von Rundreisen durch S\u00fcdwest und S\u00fcdengland r\u00fchmen.<\/p>\n<p style=\"text-align: center;\">Um Cornwall in Ihre Rundreise durch S\u00fcdengland mit einzugliedern, stellen Sie Ihre <a href=\"http:\/\/www.urlaubcornwall.de\/anfrage.php\">Anfrage<\/a> hier oder w\u00e4hlen Sie ein Ferienhaus aus unserer besten Auswahl handverlesener und inspizierter H\u00e4user aus.<\/p>\n","protected":false},"excerpt":{"rendered":"<p>Die sch\u00f6nsten Hundefreundliche Hotels in St Austellf\u00fcr Ihren Urlaub in Cornwall Wir haben dem Carlyon Bay Hotel vor Kurzem pers\u00f6nlich einen Besuch abgestattet. Das Hotel liegt in einer spektakul\u00e4ren Position, \u00fcber einen breiten Sandstrand mit Blick auf die Bucht von St Austell. Dieses 4-Sterne-Hotel ist eine Kombination aus traditioneller Qualit\u00e4t und Standards mit modernen Einrichtungen. [&hellip;]<\/p>\n","protected":false},"author":1,"featured_media":0,"parent":0,"menu_order":0,"comment_status":"closed","ping_status":"closed","template":"single-four.php","meta":[],"acf":[],"yoast_head":"<!-- This site is optimized with the Yoast SEO plugin v19.4 - https:\/\/yoast.com\/wordpress\/plugins\/seo\/ -->\n<title>Hotels in St Austell mit Meerblick zum Verlieben \u2013 so einfach ist das! - Urlaub &amp; Reisen<\/title>\n<meta name=\"robots\" content=\"index, follow, max-snippet:-1, max-image-preview:large, max-video-preview:-1\" \/>\n<link rel=\"canonical\" href=\"https:\/\/www.urlaubcornwall.de\/blog\/hotels-st-austell-mit-meerblick-zum-verlieben-einfach-ist-das\/\" \/>\n<meta property=\"og:locale\" content=\"en_US\" \/>\n<meta property=\"og:type\" content=\"article\" \/>\n<meta property=\"og:title\" content=\"Hotels in St Austell mit Meerblick zum Verlieben \u2013 so einfach ist das! - Urlaub &amp; Reisen\" \/>\n<meta property=\"og:description\" content=\"Die sch\u00f6nsten Hundefreundliche Hotels in St Austellf\u00fcr Ihren Urlaub in Cornwall Wir haben dem Carlyon Bay Hotel vor Kurzem pers\u00f6nlich einen Besuch abgestattet. Das Hotel liegt in einer spektakul\u00e4ren Position, \u00fcber einen breiten Sandstrand mit Blick auf die Bucht von St Austell. Dieses 4-Sterne-Hotel ist eine Kombination aus traditioneller Qualit\u00e4t und Standards mit modernen Einrichtungen. [&hellip;]\" \/>\n<meta property=\"og:url\" content=\"https:\/\/www.urlaubcornwall.de\/blog\/hotels-st-austell-mit-meerblick-zum-verlieben-einfach-ist-das\/\" \/>\n<meta property=\"og:site_name\" content=\"Urlaub &amp; Reisen\" \/>\n<meta property=\"article:modified_time\" content=\"2024-05-30T07:13:39+00:00\" \/>\n<meta property=\"og:image\" content=\"https:\/\/www.urlaubcornwall.de\/blog\/wp-content\/uploads\/2024\/03\/holywell-cornwall-strand-rotated.jpg\" \/>\n<meta name=\"twitter:card\" content=\"summary\" \/>\n<meta name=\"twitter:label1\" content=\"Est. reading time\" \/>\n\t<meta name=\"twitter:data1\" content=\"1 minute\" \/>\n<script type=\"application\/ld+json\" class=\"yoast-schema-graph\">{\"@context\":\"https:\/\/schema.org\",\"@graph\":[{\"@type\":\"WebSite\",\"@id\":\"https:\/\/www.urlaubcornwall.de\/blog\/#website\",\"url\":\"https:\/\/www.urlaubcornwall.de\/blog\/\",\"name\":\"Urlaub &amp; Reisen\",\"description\":\"Urlaub, Reisen, Cornwall und S\u00fcdengland: eine perfekte Kombination\",\"potentialAction\":[{\"@type\":\"SearchAction\",\"target\":{\"@type\":\"EntryPoint\",\"urlTemplate\":\"https:\/\/www.urlaubcornwall.de\/blog\/?s={search_term_string}\"},\"query-input\":\"required name=search_term_string\"}],\"inLanguage\":\"en-US\"},{\"@type\":\"WebPage\",\"@id\":\"https:\/\/www.urlaubcornwall.de\/blog\/hotels-st-austell-mit-meerblick-zum-verlieben-einfach-ist-das\/\",\"url\":\"https:\/\/www.urlaubcornwall.de\/blog\/hotels-st-austell-mit-meerblick-zum-verlieben-einfach-ist-das\/\",\"name\":\"Hotels in St Austell mit Meerblick zum Verlieben \u2013 so einfach ist das! - Urlaub &amp; Reisen\",\"isPartOf\":{\"@id\":\"https:\/\/www.urlaubcornwall.de\/blog\/#website\"},\"datePublished\":\"2017-08-21T10:20:41+00:00\",\"dateModified\":\"2024-05-30T07:13:39+00:00\",\"breadcrumb\":{\"@id\":\"https:\/\/www.urlaubcornwall.de\/blog\/hotels-st-austell-mit-meerblick-zum-verlieben-einfach-ist-das\/#breadcrumb\"},\"inLanguage\":\"en-US\",\"potentialAction\":[{\"@type\":\"ReadAction\",\"target\":[\"https:\/\/www.urlaubcornwall.de\/blog\/hotels-st-austell-mit-meerblick-zum-verlieben-einfach-ist-das\/\"]}]},{\"@type\":\"BreadcrumbList\",\"@id\":\"https:\/\/www.urlaubcornwall.de\/blog\/hotels-st-austell-mit-meerblick-zum-verlieben-einfach-ist-das\/#breadcrumb\",\"itemListElement\":[{\"@type\":\"ListItem\",\"position\":1,\"name\":\"Home\",\"item\":\"https:\/\/www.urlaubcornwall.de\/blog\/\"},{\"@type\":\"ListItem\",\"position\":2,\"name\":\"Hotels in St Austell mit Meerblick zum Verlieben \u2013 so einfach ist das!\"}]}]}<\/script>\n<!-- \/ Yoast SEO plugin. -->","yoast_head_json":{"title":"Hotels in St Austell mit Meerblick zum Verlieben \u2013 so einfach ist das! - Urlaub &amp; Reisen","robots":{"index":"index","follow":"follow","max-snippet":"max-snippet:-1","max-image-preview":"max-image-preview:large","max-video-preview":"max-video-preview:-1"},"canonical":"https:\/\/www.urlaubcornwall.de\/blog\/hotels-st-austell-mit-meerblick-zum-verlieben-einfach-ist-das\/","og_locale":"en_US","og_type":"article","og_title":"Hotels in St Austell mit Meerblick zum Verlieben \u2013 so einfach ist das! - Urlaub &amp; Reisen","og_description":"Die sch\u00f6nsten Hundefreundliche Hotels in St Austellf\u00fcr Ihren Urlaub in Cornwall Wir haben dem Carlyon Bay Hotel vor Kurzem pers\u00f6nlich einen Besuch abgestattet. Das Hotel liegt in einer spektakul\u00e4ren Position, \u00fcber einen breiten Sandstrand mit Blick auf die Bucht von St Austell. Dieses 4-Sterne-Hotel ist eine Kombination aus traditioneller Qualit\u00e4t und Standards mit modernen Einrichtungen. [&hellip;]","og_url":"https:\/\/www.urlaubcornwall.de\/blog\/hotels-st-austell-mit-meerblick-zum-verlieben-einfach-ist-das\/","og_site_name":"Urlaub &amp; Reisen","article_modified_time":"2024-05-30T07:13:39+00:00","og_image":[{"url":"https:\/\/www.urlaubcornwall.de\/blog\/wp-content\/uploads\/2024\/03\/holywell-cornwall-strand-rotated.jpg"}],"twitter_card":"summary","twitter_misc":{"Est. reading time":"1 minute"},"schema":{"@context":"https:\/\/schema.org","@graph":[{"@type":"WebSite","@id":"https:\/\/www.urlaubcornwall.de\/blog\/#website","url":"https:\/\/www.urlaubcornwall.de\/blog\/","name":"Urlaub &amp; Reisen","description":"Urlaub, Reisen, Cornwall und S\u00fcdengland: eine perfekte Kombination","potentialAction":[{"@type":"SearchAction","target":{"@type":"EntryPoint","urlTemplate":"https:\/\/www.urlaubcornwall.de\/blog\/?s={search_term_string}"},"query-input":"required name=search_term_string"}],"inLanguage":"en-US"},{"@type":"WebPage","@id":"https:\/\/www.urlaubcornwall.de\/blog\/hotels-st-austell-mit-meerblick-zum-verlieben-einfach-ist-das\/","url":"https:\/\/www.urlaubcornwall.de\/blog\/hotels-st-austell-mit-meerblick-zum-verlieben-einfach-ist-das\/","name":"Hotels in St Austell mit Meerblick zum Verlieben \u2013 so einfach ist das! - Urlaub &amp; Reisen","isPartOf":{"@id":"https:\/\/www.urlaubcornwall.de\/blog\/#website"},"datePublished":"2017-08-21T10:20:41+00:00","dateModified":"2024-05-30T07:13:39+00:00","breadcrumb":{"@id":"https:\/\/www.urlaubcornwall.de\/blog\/hotels-st-austell-mit-meerblick-zum-verlieben-einfach-ist-das\/#breadcrumb"},"inLanguage":"en-US","potentialAction":[{"@type":"ReadAction","target":["https:\/\/www.urlaubcornwall.de\/blog\/hotels-st-austell-mit-meerblick-zum-verlieben-einfach-ist-das\/"]}]},{"@type":"BreadcrumbList","@id":"https:\/\/www.urlaubcornwall.de\/blog\/hotels-st-austell-mit-meerblick-zum-verlieben-einfach-ist-das\/#breadcrumb","itemListElement":[{"@type":"ListItem","position":1,"name":"Home","item":"https:\/\/www.urlaubcornwall.de\/blog\/"},{"@type":"ListItem","position":2,"name":"Hotels in St Austell mit Meerblick zum Verlieben \u2013 so einfach ist das!"}]}]}},"_links":{"self":[{"href":"https:\/\/www.urlaubcornwall.de\/blog\/wp-json\/wp\/v2\/pages\/28509"}],"collection":[{"href":"https:\/\/www.urlaubcornwall.de\/blog\/wp-json\/wp\/v2\/pages"}],"about":[{"href":"https:\/\/www.urlaubcornwall.de\/blog\/wp-json\/wp\/v2\/types\/page"}],"author":[{"embeddable":true,"href":"https:\/\/www.urlaubcornwall.de\/blog\/wp-json\/wp\/v2\/users\/1"}],"replies":[{"embeddable":true,"href":"https:\/\/www.urlaubcornwall.de\/blog\/wp-json\/wp\/v2\/comments?post=28509"}],"version-history":[{"count":4,"href":"https:\/\/www.urlaubcornwall.de\/blog\/wp-json\/wp\/v2\/pages\/28509\/revisions"}],"predecessor-version":[{"id":50747,"href":"https:\/\/www.urlaubcornwall.de\/blog\/wp-json\/wp\/v2\/pages\/28509\/revisions\/50747"}],"wp:attachment":[{"href":"https:\/\/www.urlaubcornwall.de\/blog\/wp-json\/wp\/v2\/media?parent=28509"}],"curies":[{"name":"wp","href":"https:\/\/api.w.org\/{rel}","templated":true}]}}