{"id":28498,"date":"2017-08-21T09:27:41","date_gmt":"2017-08-21T09:27:41","guid":{"rendered":"https:\/\/www.urlaubcornwall.de\/blog\/?page_id=28498"},"modified":"2019-04-01T08:49:41","modified_gmt":"2019-04-01T08:49:41","slug":"bei-uns-finden-sie-hotels-sussex-zum-verlieben-einfach-ist-das","status":"publish","type":"page","link":"https:\/\/www.urlaubcornwall.de\/blog\/bei-uns-finden-sie-hotels-sussex-zum-verlieben-einfach-ist-das\/","title":{"rendered":"Bei uns finden Sie Hotels in Sussex mit Hund zum Verlieben &#8211; so einfach ist das!"},"content":{"rendered":"<p><img loading=\"lazy\" class=\"aligncenter size-full wp-image-28494\" src=\"https:\/\/www.urlaubcornwall.de\/blog\/wp-content\/uploads\/2017\/08\/hotels-mit-hund-england-kent.jpg\" alt=\"hotels mit hund england kent\" width=\"745\" height=\"377\" srcset=\"https:\/\/www.urlaubcornwall.de\/blog\/wp-content\/uploads\/2017\/08\/hotels-mit-hund-england-kent.jpg 745w, https:\/\/www.urlaubcornwall.de\/blog\/wp-content\/uploads\/2017\/08\/hotels-mit-hund-england-kent-300x152.jpg 300w\" sizes=\"(max-width: 745px) 100vw, 745px\" \/><\/p>\n<p style=\"text-align: center;\"><strong>Die sch\u00f6nsten Hundefreundliche Hotels in Sussex f\u00fcr Ihren Urlaub in S\u00fcdengland<br \/>\n<\/strong><\/p>\n<p style=\"text-align: center;\">Mit dem Hund in den Urlaub zu fahren ist immer ein sch\u00f6nes Erlebnis, aber in Sussex mit seinen herrlichen Landschaften ist ein Urlaub mit dem vierbeinigen Freund einfach traumhaft. Nach einem aufregenden Tag im Freien kann Ihre gesamte Familie den Abend entspannt zusammen in Ihrem fantastischen Hotel ausklingen lassen.<\/p>\n<p><ins class=\"bookingaff\" data-aid=\"1340742\" data-target_aid=\"1320750\" data-prod=\"nsb\" data-width=\"100%\" data-height=\"auto\" data-lang=\"de\" data-dest_id=\"1706\" data-dest_type=\"region\"><br \/>\n<!-- Anything inside will go away once widget is loaded. --><br \/>\n<a href=\"\/\/www.booking.com?aid=1320750\" rel=\"nofollow\">Booking.com<\/a><br \/>\n<\/ins><br \/>\n<script type=\"text\/javascript\">\n    (function(d, sc, u) {\n      var s = d.createElement(sc), p = d.getElementsByTagName(sc)[0];\n      s.type = 'text\/javascript';\n      s.async = true;\n      s.src = u + '?v=' + (+new Date());\n      p.parentNode.insertBefore(s,p);\n      })(document, 'script', '\/\/aff.bstatic.com\/static\/affiliate_base\/js\/flexiproduct.js');\n<\/script><\/p>\n<p style=\"text-align: center;\">Sussex ist bekannt f\u00fcr seine historische K\u00fcste, die wundersch\u00f6nen South Downs und sie umgebende Landschaft, sowie seine vielf\u00e4ltigen St\u00e4dte und Ortschaften. Die <a href=\"https:\/\/www.urlaubcornwall.de\/reiseziel\/sussex.php\">K\u00fcste von Sussex<\/a> beinhaltet hervorragenden Blick, wie zu den Seven Sisters hin und klassische Urlaubsorte am Meer wie Eastbourne, Worthing und Bognor Regis. Im Zentrum von Sussex gelegen, befindet sich die kosmopolitische Stadt Brighton mit ihrem lebendigen Nachtleben, Boutique Shopping, Attraktionen am Meer und dem K\u00f6niglichen Palast&#8230;.<a href=\"https:\/\/www.urlaubcornwall.de\/reiseziel\/sussex.php\"><strong>[ Mehr ]<\/strong><\/a><\/p>\n<p style=\"text-align: center;\">UrlaubCornwall verf\u00fcgt Ferienh\u00e4user und Ferienwohnungen in&nbsp;S\u00fcdengland. Unterk\u00fcnfte der Spitzenklasse f\u00fcr 2 Personen, Familien und Gruppen mit 4, 6, 8, 10 oder 12 G\u00e4sten mit Hund.<\/p>\n<p style=\"text-align: center;\"><a class=\"tidycta\" href=\"https:\/\/www.urlaubcornwall.de\/ferienhaeuser.php\">Ferienh\u00e4user S\u00fcdengland<\/a><\/p>\n<p style=\"text-align: center;\"><a href=\"http:\/\/www.urlaubcornwall.de\/\">UrlaubCornwall.de<\/a> ist ein in Cornwall ans\u00e4ssiges Unternehmen k\u00f6nnen wir uns mit 20 Jahren Erfahrung in der Organisation von Rundreisen durch S\u00fcdwest und S\u00fcdengland r\u00fchmen.<\/p>\n<p style=\"text-align: center;\">Erfahren Sie mehr \u00fcber <a href=\"https:\/\/www.urlaubcornwall.de\/hotels.php\">unsere hundefreundlichen Hotels in Cornwall<\/a>.<\/p>\n<p style=\"text-align: center;\">Um Sussex in Ihre Rundreise mit Hund durch Gro\u00dfbritannien mit einzugliedern, stellen Sie Ihre <a href=\"http:\/\/www.urlaubcornwall.de\/anfrage.php\">Anfrage<\/a> hier oder w\u00e4hlen Sie ein Ferienhaus aus unserer besten Auswahl handverlesener und inspizierter H\u00e4user aus.<\/p>\n","protected":false},"excerpt":{"rendered":"<p>Die sch\u00f6nsten Hundefreundliche Hotels in Sussex f\u00fcr Ihren Urlaub in S\u00fcdengland Mit dem Hund in den Urlaub zu fahren ist immer ein sch\u00f6nes Erlebnis, aber in Sussex mit seinen herrlichen Landschaften ist ein Urlaub mit dem vierbeinigen Freund einfach traumhaft. Nach einem aufregenden Tag im Freien kann Ihre gesamte Familie den Abend entspannt zusammen in [&hellip;]<\/p>\n","protected":false},"author":1,"featured_media":0,"parent":0,"menu_order":0,"comment_status":"closed","ping_status":"closed","template":"single-four.php","meta":[],"acf":[],"yoast_head":"<!-- This site is optimized with the Yoast SEO plugin v19.4 - https:\/\/yoast.com\/wordpress\/plugins\/seo\/ -->\n<title>Bei uns finden Sie Hotels in Sussex mit Hund zum Verlieben - so einfach ist das! - Urlaub &amp; Reisen<\/title>\n<meta name=\"robots\" content=\"index, follow, max-snippet:-1, max-image-preview:large, max-video-preview:-1\" \/>\n<link rel=\"canonical\" href=\"https:\/\/www.urlaubcornwall.de\/blog\/bei-uns-finden-sie-hotels-sussex-zum-verlieben-einfach-ist-das\/\" \/>\n<meta property=\"og:locale\" content=\"en_US\" \/>\n<meta property=\"og:type\" content=\"article\" \/>\n<meta property=\"og:title\" content=\"Bei uns finden Sie Hotels in Sussex mit Hund zum Verlieben - so einfach ist das! - Urlaub &amp; Reisen\" \/>\n<meta property=\"og:description\" content=\"Die sch\u00f6nsten Hundefreundliche Hotels in Sussex f\u00fcr Ihren Urlaub in S\u00fcdengland Mit dem Hund in den Urlaub zu fahren ist immer ein sch\u00f6nes Erlebnis, aber in Sussex mit seinen herrlichen Landschaften ist ein Urlaub mit dem vierbeinigen Freund einfach traumhaft. Nach einem aufregenden Tag im Freien kann Ihre gesamte Familie den Abend entspannt zusammen in [&hellip;]\" \/>\n<meta property=\"og:url\" content=\"https:\/\/www.urlaubcornwall.de\/blog\/bei-uns-finden-sie-hotels-sussex-zum-verlieben-einfach-ist-das\/\" \/>\n<meta property=\"og:site_name\" content=\"Urlaub &amp; Reisen\" \/>\n<meta property=\"article:modified_time\" content=\"2019-04-01T08:49:41+00:00\" \/>\n<meta property=\"og:image\" content=\"https:\/\/www.urlaubcornwall.de\/blog\/wp-content\/uploads\/2017\/08\/hotels-mit-hund-england-kent.jpg\" \/>\n<meta name=\"twitter:card\" content=\"summary\" \/>\n<meta name=\"twitter:label1\" content=\"Est. reading time\" \/>\n\t<meta name=\"twitter:data1\" content=\"1 minute\" \/>\n<script type=\"application\/ld+json\" class=\"yoast-schema-graph\">{\"@context\":\"https:\/\/schema.org\",\"@graph\":[{\"@type\":\"WebSite\",\"@id\":\"https:\/\/www.urlaubcornwall.de\/blog\/#website\",\"url\":\"https:\/\/www.urlaubcornwall.de\/blog\/\",\"name\":\"Urlaub &amp; Reisen\",\"description\":\"Urlaub, Reisen, Cornwall und S\u00fcdengland: eine perfekte Kombination\",\"potentialAction\":[{\"@type\":\"SearchAction\",\"target\":{\"@type\":\"EntryPoint\",\"urlTemplate\":\"https:\/\/www.urlaubcornwall.de\/blog\/?s={search_term_string}\"},\"query-input\":\"required name=search_term_string\"}],\"inLanguage\":\"en-US\"},{\"@type\":\"WebPage\",\"@id\":\"https:\/\/www.urlaubcornwall.de\/blog\/bei-uns-finden-sie-hotels-sussex-zum-verlieben-einfach-ist-das\/\",\"url\":\"https:\/\/www.urlaubcornwall.de\/blog\/bei-uns-finden-sie-hotels-sussex-zum-verlieben-einfach-ist-das\/\",\"name\":\"Bei uns finden Sie Hotels in Sussex mit Hund zum Verlieben - so einfach ist das! - Urlaub &amp; Reisen\",\"isPartOf\":{\"@id\":\"https:\/\/www.urlaubcornwall.de\/blog\/#website\"},\"datePublished\":\"2017-08-21T09:27:41+00:00\",\"dateModified\":\"2019-04-01T08:49:41+00:00\",\"breadcrumb\":{\"@id\":\"https:\/\/www.urlaubcornwall.de\/blog\/bei-uns-finden-sie-hotels-sussex-zum-verlieben-einfach-ist-das\/#breadcrumb\"},\"inLanguage\":\"en-US\",\"potentialAction\":[{\"@type\":\"ReadAction\",\"target\":[\"https:\/\/www.urlaubcornwall.de\/blog\/bei-uns-finden-sie-hotels-sussex-zum-verlieben-einfach-ist-das\/\"]}]},{\"@type\":\"BreadcrumbList\",\"@id\":\"https:\/\/www.urlaubcornwall.de\/blog\/bei-uns-finden-sie-hotels-sussex-zum-verlieben-einfach-ist-das\/#breadcrumb\",\"itemListElement\":[{\"@type\":\"ListItem\",\"position\":1,\"name\":\"Home\",\"item\":\"https:\/\/www.urlaubcornwall.de\/blog\/\"},{\"@type\":\"ListItem\",\"position\":2,\"name\":\"Bei uns finden Sie Hotels in Sussex mit Hund zum Verlieben &#8211; so einfach ist das!\"}]}]}<\/script>\n<!-- \/ Yoast SEO plugin. -->","yoast_head_json":{"title":"Bei uns finden Sie Hotels in Sussex mit Hund zum Verlieben - so einfach ist das! - Urlaub &amp; Reisen","robots":{"index":"index","follow":"follow","max-snippet":"max-snippet:-1","max-image-preview":"max-image-preview:large","max-video-preview":"max-video-preview:-1"},"canonical":"https:\/\/www.urlaubcornwall.de\/blog\/bei-uns-finden-sie-hotels-sussex-zum-verlieben-einfach-ist-das\/","og_locale":"en_US","og_type":"article","og_title":"Bei uns finden Sie Hotels in Sussex mit Hund zum Verlieben - so einfach ist das! - Urlaub &amp; Reisen","og_description":"Die sch\u00f6nsten Hundefreundliche Hotels in Sussex f\u00fcr Ihren Urlaub in S\u00fcdengland Mit dem Hund in den Urlaub zu fahren ist immer ein sch\u00f6nes Erlebnis, aber in Sussex mit seinen herrlichen Landschaften ist ein Urlaub mit dem vierbeinigen Freund einfach traumhaft. Nach einem aufregenden Tag im Freien kann Ihre gesamte Familie den Abend entspannt zusammen in [&hellip;]","og_url":"https:\/\/www.urlaubcornwall.de\/blog\/bei-uns-finden-sie-hotels-sussex-zum-verlieben-einfach-ist-das\/","og_site_name":"Urlaub &amp; Reisen","article_modified_time":"2019-04-01T08:49:41+00:00","og_image":[{"url":"https:\/\/www.urlaubcornwall.de\/blog\/wp-content\/uploads\/2017\/08\/hotels-mit-hund-england-kent.jpg"}],"twitter_card":"summary","twitter_misc":{"Est. reading time":"1 minute"},"schema":{"@context":"https:\/\/schema.org","@graph":[{"@type":"WebSite","@id":"https:\/\/www.urlaubcornwall.de\/blog\/#website","url":"https:\/\/www.urlaubcornwall.de\/blog\/","name":"Urlaub &amp; Reisen","description":"Urlaub, Reisen, Cornwall und S\u00fcdengland: eine perfekte Kombination","potentialAction":[{"@type":"SearchAction","target":{"@type":"EntryPoint","urlTemplate":"https:\/\/www.urlaubcornwall.de\/blog\/?s={search_term_string}"},"query-input":"required name=search_term_string"}],"inLanguage":"en-US"},{"@type":"WebPage","@id":"https:\/\/www.urlaubcornwall.de\/blog\/bei-uns-finden-sie-hotels-sussex-zum-verlieben-einfach-ist-das\/","url":"https:\/\/www.urlaubcornwall.de\/blog\/bei-uns-finden-sie-hotels-sussex-zum-verlieben-einfach-ist-das\/","name":"Bei uns finden Sie Hotels in Sussex mit Hund zum Verlieben - so einfach ist das! - Urlaub &amp; Reisen","isPartOf":{"@id":"https:\/\/www.urlaubcornwall.de\/blog\/#website"},"datePublished":"2017-08-21T09:27:41+00:00","dateModified":"2019-04-01T08:49:41+00:00","breadcrumb":{"@id":"https:\/\/www.urlaubcornwall.de\/blog\/bei-uns-finden-sie-hotels-sussex-zum-verlieben-einfach-ist-das\/#breadcrumb"},"inLanguage":"en-US","potentialAction":[{"@type":"ReadAction","target":["https:\/\/www.urlaubcornwall.de\/blog\/bei-uns-finden-sie-hotels-sussex-zum-verlieben-einfach-ist-das\/"]}]},{"@type":"BreadcrumbList","@id":"https:\/\/www.urlaubcornwall.de\/blog\/bei-uns-finden-sie-hotels-sussex-zum-verlieben-einfach-ist-das\/#breadcrumb","itemListElement":[{"@type":"ListItem","position":1,"name":"Home","item":"https:\/\/www.urlaubcornwall.de\/blog\/"},{"@type":"ListItem","position":2,"name":"Bei uns finden Sie Hotels in Sussex mit Hund zum Verlieben &#8211; so einfach ist das!"}]}]}},"_links":{"self":[{"href":"https:\/\/www.urlaubcornwall.de\/blog\/wp-json\/wp\/v2\/pages\/28498"}],"collection":[{"href":"https:\/\/www.urlaubcornwall.de\/blog\/wp-json\/wp\/v2\/pages"}],"about":[{"href":"https:\/\/www.urlaubcornwall.de\/blog\/wp-json\/wp\/v2\/types\/page"}],"author":[{"embeddable":true,"href":"https:\/\/www.urlaubcornwall.de\/blog\/wp-json\/wp\/v2\/users\/1"}],"replies":[{"embeddable":true,"href":"https:\/\/www.urlaubcornwall.de\/blog\/wp-json\/wp\/v2\/comments?post=28498"}],"version-history":[{"count":5,"href":"https:\/\/www.urlaubcornwall.de\/blog\/wp-json\/wp\/v2\/pages\/28498\/revisions"}],"predecessor-version":[{"id":36931,"href":"https:\/\/www.urlaubcornwall.de\/blog\/wp-json\/wp\/v2\/pages\/28498\/revisions\/36931"}],"wp:attachment":[{"href":"https:\/\/www.urlaubcornwall.de\/blog\/wp-json\/wp\/v2\/media?parent=28498"}],"curies":[{"name":"wp","href":"https:\/\/api.w.org\/{rel}","templated":true}]}}