{"id":28490,"date":"2017-08-21T08:58:47","date_gmt":"2017-08-21T08:58:47","guid":{"rendered":"https:\/\/www.urlaubcornwall.de\/blog\/?page_id=28490"},"modified":"2024-04-16T09:34:17","modified_gmt":"2024-04-16T09:34:17","slug":"hotels-suedengland-mit-hund-zum-verlieben-einfach-ist-das","status":"publish","type":"page","link":"https:\/\/www.urlaubcornwall.de\/blog\/hotels-suedengland-mit-hund-zum-verlieben-einfach-ist-das\/","title":{"rendered":"Hotels in S\u00fcdengland mit Hund zum Verlieben \u2013 so einfach ist das!"},"content":{"rendered":"<p><a href=\"https:\/\/www.urlaubcornwall.de\/blog\/wp-content\/uploads\/2020\/05\/hund-urlaub-cornwall-strand.jpg\"><img loading=\"lazy\" src=\"https:\/\/www.urlaubcornwall.de\/blog\/wp-content\/uploads\/2020\/05\/hund-urlaub-cornwall-strand.jpg\" alt=\"hund urlaub cornwall strand\" width=\"759\" height=\"651\" class=\"alignnone size-full wp-image-40092\" srcset=\"https:\/\/www.urlaubcornwall.de\/blog\/wp-content\/uploads\/2020\/05\/hund-urlaub-cornwall-strand.jpg 759w, https:\/\/www.urlaubcornwall.de\/blog\/wp-content\/uploads\/2020\/05\/hund-urlaub-cornwall-strand-300x257.jpg 300w\" sizes=\"(max-width: 759px) 100vw, 759px\" \/><\/a><\/p>\n<p style=\"text-align: left;\">Die sch\u00f6nsten Hundefreundliche Hotels in S\u00fcdengland f\u00fcr Ihren Urlaub in Gro\u00dfbritannien &#8211; Mit dem Hund in den Urlaub zu fahren ist immer ein sch\u00f6nes Erlebnis, aber in <a href=\"https:\/\/www.urlaubcornwall.de\/reiseziel\/suedengland.php\">S\u00fcdengland<\/a> mit seinen herrlichen Landschaften ist ein Urlaub mit dem vierbeinigen Freund einfach traumhaft. Nach einem aufregenden Tag im Freien kann Ihre gesamte Familie den Abend entspannt zusammen in Ihrem fantastischen Hotel ausklingen lassen.<\/p>\n<p><ins class=\"bookingaff\" data-aid=\"1699098\" data-target_aid=\"1699098\" data-prod=\"map\" data-width=\"100%\" data-height=\"590\" data-lang=\"ualng\" data-dest_id=\"0\" data-dest_type=\"landmark\" data-latitude=\"50.82253\" data-longitude=\"-0.137163\" data-landmark_name=\"Die Besten Hotels und B&amp;amp;Bs in S\u00fcdengland\" data-mwhsb=\"1\"><br \/>\n    <!-- Anything inside will go away once widget is loaded. --><br \/>\n        <a href=\"\/\/www.booking.com?aid=1699098\">Booking.com<\/a><br \/>\n<\/ins><br \/>\n<script type=\"text\/javascript\">\n    (function(d, sc, u) {\n      var s = d.createElement(sc), p = d.getElementsByTagName(sc)[0];\n      s.type = 'text\/javascript';\n      s.async = true;\n      s.src = u + '?v=' + (+new Date());\n      p.parentNode.insertBefore(s,p);\n      })(document, 'script', '\/\/aff.bstatic.com\/static\/affiliate_base\/js\/flexiproduct.js');\n<\/script><\/p>\n<h3><\/h3>\n<p><ins class=\"bookingaff\" data-aid=\"1714158\" data-target_aid=\"1714158\" data-prod=\"nsb\" data-width=\"100%\" data-height=\"auto\"><br \/>\n    <!-- Anything inside will go away once widget is loaded. --><br \/>\n        <a href=\"\/\/www.booking.com?aid=1714158\"rel=\"nofollow\">Booking.com<\/a><br \/>\n<\/ins><br \/>\n<script type=\"text\/javascript\">\n    (function(d, sc, u) {\n      var s = d.createElement(sc), p = d.getElementsByTagName(sc)[0];\n      s.type = 'text\/javascript';\n      s.async = true;\n      s.src = u + '?v=' + (+new Date());\n      p.parentNode.insertBefore(s,p);\n      })(document, 'script', '\/\/aff.bstatic.com\/static\/affiliate_base\/js\/flexiproduct.js');\n<\/script><\/p>\n<p style=\"text-align: left;\">Urlaub &amp; Reisen durch S\u00fcdengland &#8211; Von der Ruhe und Geschichte der D\u00f6rfer des l\u00e4ndlichen Englands bis hin zur Gesch\u00e4ftigkeit der gro\u00dfen Hafenst\u00e4dte Southampton und Portsmouth und der k\u00fchlen Kultiviertheit Brightons. In S\u00fcdengland spielen die Grafschaften Hampshire, Kent, Surrey, Sussex und Wiltshire seit gut \u00fcber 4000Jahre, seit es besetzt wurde vom pr\u00e4historischen Mann, eine zentrale Rolle in der Geschichte Englands. Die Landschaft hier ist \u00fcberwiegend Tiefland mit sanften Kreidedowns als h\u00f6chsten Gipfeln&#8230; <a href=\"https:\/\/www.urlaubcornwall.de\/reiseziel\/suedengland.php\">[Mehr ]<\/a><\/p>\n<div class=\"snippet\"> <a class=\"featured-item\" href=\"https:\/\/www.urlaubcornwall.de\/ferienhaeuser.php\"> <span class=\"image-holder\" style=\"background-image: url(' https:\/\/www.urlaubcornwall.de\/blog\/wp-content\/uploads\/2018\/12\/ferienhaus-cornwall-mit-hund.jpg ');\"><\/span> <span class=\"featured-content\"> \n<h2 class=\"featured-title\">Ferienh\u00e4user in England, Schottland &#038; Wales<\/h2>\n<p class=\"featured-body\">Bei uns finden Sie Ferienh\u00e4user in Gro\u00dfbritannien zum Verlieben; so einfach ist das! UrlaubCornwall.de hat eine einzigartige Sammlung pers\u00f6nlich inspizierter Ferienh\u00e4user und Ferienwohnungen&#8230;.<\/p><\/span> <span class=\"featured-link-holder\"> <span class=\"featured-extra-info\"> \n<p>F\u00fcr Paare, Familien &#038; Gruppen<\/p>\n<\/span> \n<p class=\"featured-link\">DETAILS<\/p>\n<\/span> <\/a><\/div>\n<div class=\"snippet\"> <a class=\"featured-item\" href=\" https:\/\/www.urlaubcornwall.de\/rundreisen\/grossbritannien.php\"> <span class=\"image-holder\" style=\"background-image: url(' https:\/\/www.urlaubcornwall.de\/blog\/wp-content\/uploads\/2018\/11\/rundreise-cornwall.jpg ');\"><\/span> <span class=\"featured-content\"> \n<h2 class=\"featured-title\">Individuelle Rundreise in Gro\u00dfbritannien<\/h2>\n<p class=\"featured-body\">Mit Sitz im Vereinten K\u00f6nigreich und einer Reiseleidenschaft haben wir uns darin spezialisiert, individuelle Rundreisen f\u00fcr Paare, Familien oder Gruppen zusammenzustellen&#8230;.<\/p>\n<\/span> <span class=\"featured-link-holder\"> <span class=\"featured-extra-info\"> \n<p>Urlaub im eigenen Schritttempo<\/p>\n<\/span> \n<p class=\"featured-link\">DETAILS<\/p>\n<\/span> <\/a><\/div>\n","protected":false},"excerpt":{"rendered":"<p>Die sch\u00f6nsten Hundefreundliche Hotels in S\u00fcdengland f\u00fcr Ihren Urlaub in Gro\u00dfbritannien &#8211; Mit dem Hund in den Urlaub zu fahren ist immer ein sch\u00f6nes Erlebnis, aber in S\u00fcdengland mit seinen herrlichen Landschaften ist ein Urlaub mit dem vierbeinigen Freund einfach traumhaft. Nach einem aufregenden Tag im Freien kann Ihre gesamte Familie den Abend entspannt zusammen [&hellip;]<\/p>\n","protected":false},"author":1,"featured_media":0,"parent":0,"menu_order":0,"comment_status":"closed","ping_status":"closed","template":"single-four.php","meta":[],"acf":[],"yoast_head":"<!-- This site is optimized with the Yoast SEO plugin v19.4 - https:\/\/yoast.com\/wordpress\/plugins\/seo\/ -->\n<title>Hotels in S\u00fcdengland mit Hund zum Verlieben \u2013 so einfach ist das! - Urlaub &amp; Reisen<\/title>\n<meta name=\"robots\" content=\"index, follow, max-snippet:-1, max-image-preview:large, max-video-preview:-1\" \/>\n<link rel=\"canonical\" href=\"https:\/\/www.urlaubcornwall.de\/blog\/hotels-suedengland-mit-hund-zum-verlieben-einfach-ist-das\/\" \/>\n<meta property=\"og:locale\" content=\"en_US\" \/>\n<meta property=\"og:type\" content=\"article\" \/>\n<meta property=\"og:title\" content=\"Hotels in S\u00fcdengland mit Hund zum Verlieben \u2013 so einfach ist das! - Urlaub &amp; Reisen\" \/>\n<meta property=\"og:description\" content=\"Die sch\u00f6nsten Hundefreundliche Hotels in S\u00fcdengland f\u00fcr Ihren Urlaub in Gro\u00dfbritannien &#8211; Mit dem Hund in den Urlaub zu fahren ist immer ein sch\u00f6nes Erlebnis, aber in S\u00fcdengland mit seinen herrlichen Landschaften ist ein Urlaub mit dem vierbeinigen Freund einfach traumhaft. Nach einem aufregenden Tag im Freien kann Ihre gesamte Familie den Abend entspannt zusammen [&hellip;]\" \/>\n<meta property=\"og:url\" content=\"https:\/\/www.urlaubcornwall.de\/blog\/hotels-suedengland-mit-hund-zum-verlieben-einfach-ist-das\/\" \/>\n<meta property=\"og:site_name\" content=\"Urlaub &amp; Reisen\" \/>\n<meta property=\"article:modified_time\" content=\"2024-04-16T09:34:17+00:00\" \/>\n<meta property=\"og:image\" content=\"https:\/\/www.urlaubcornwall.de\/blog\/wp-content\/uploads\/2020\/05\/hund-urlaub-cornwall-strand.jpg\" \/>\n<meta name=\"twitter:card\" content=\"summary\" \/>\n<meta name=\"twitter:label1\" content=\"Est. reading time\" \/>\n\t<meta name=\"twitter:data1\" content=\"2 minutes\" \/>\n<script type=\"application\/ld+json\" class=\"yoast-schema-graph\">{\"@context\":\"https:\/\/schema.org\",\"@graph\":[{\"@type\":\"WebSite\",\"@id\":\"https:\/\/www.urlaubcornwall.de\/blog\/#website\",\"url\":\"https:\/\/www.urlaubcornwall.de\/blog\/\",\"name\":\"Urlaub &amp; Reisen\",\"description\":\"Urlaub, Reisen, Cornwall und S\u00fcdengland: eine perfekte Kombination\",\"potentialAction\":[{\"@type\":\"SearchAction\",\"target\":{\"@type\":\"EntryPoint\",\"urlTemplate\":\"https:\/\/www.urlaubcornwall.de\/blog\/?s={search_term_string}\"},\"query-input\":\"required name=search_term_string\"}],\"inLanguage\":\"en-US\"},{\"@type\":\"WebPage\",\"@id\":\"https:\/\/www.urlaubcornwall.de\/blog\/hotels-suedengland-mit-hund-zum-verlieben-einfach-ist-das\/\",\"url\":\"https:\/\/www.urlaubcornwall.de\/blog\/hotels-suedengland-mit-hund-zum-verlieben-einfach-ist-das\/\",\"name\":\"Hotels in S\u00fcdengland mit Hund zum Verlieben \u2013 so einfach ist das! - Urlaub &amp; Reisen\",\"isPartOf\":{\"@id\":\"https:\/\/www.urlaubcornwall.de\/blog\/#website\"},\"datePublished\":\"2017-08-21T08:58:47+00:00\",\"dateModified\":\"2024-04-16T09:34:17+00:00\",\"breadcrumb\":{\"@id\":\"https:\/\/www.urlaubcornwall.de\/blog\/hotels-suedengland-mit-hund-zum-verlieben-einfach-ist-das\/#breadcrumb\"},\"inLanguage\":\"en-US\",\"potentialAction\":[{\"@type\":\"ReadAction\",\"target\":[\"https:\/\/www.urlaubcornwall.de\/blog\/hotels-suedengland-mit-hund-zum-verlieben-einfach-ist-das\/\"]}]},{\"@type\":\"BreadcrumbList\",\"@id\":\"https:\/\/www.urlaubcornwall.de\/blog\/hotels-suedengland-mit-hund-zum-verlieben-einfach-ist-das\/#breadcrumb\",\"itemListElement\":[{\"@type\":\"ListItem\",\"position\":1,\"name\":\"Home\",\"item\":\"https:\/\/www.urlaubcornwall.de\/blog\/\"},{\"@type\":\"ListItem\",\"position\":2,\"name\":\"Hotels in S\u00fcdengland mit Hund zum Verlieben \u2013 so einfach ist das!\"}]}]}<\/script>\n<!-- \/ Yoast SEO plugin. -->","yoast_head_json":{"title":"Hotels in S\u00fcdengland mit Hund zum Verlieben \u2013 so einfach ist das! - Urlaub &amp; Reisen","robots":{"index":"index","follow":"follow","max-snippet":"max-snippet:-1","max-image-preview":"max-image-preview:large","max-video-preview":"max-video-preview:-1"},"canonical":"https:\/\/www.urlaubcornwall.de\/blog\/hotels-suedengland-mit-hund-zum-verlieben-einfach-ist-das\/","og_locale":"en_US","og_type":"article","og_title":"Hotels in S\u00fcdengland mit Hund zum Verlieben \u2013 so einfach ist das! - Urlaub &amp; Reisen","og_description":"Die sch\u00f6nsten Hundefreundliche Hotels in S\u00fcdengland f\u00fcr Ihren Urlaub in Gro\u00dfbritannien &#8211; Mit dem Hund in den Urlaub zu fahren ist immer ein sch\u00f6nes Erlebnis, aber in S\u00fcdengland mit seinen herrlichen Landschaften ist ein Urlaub mit dem vierbeinigen Freund einfach traumhaft. Nach einem aufregenden Tag im Freien kann Ihre gesamte Familie den Abend entspannt zusammen [&hellip;]","og_url":"https:\/\/www.urlaubcornwall.de\/blog\/hotels-suedengland-mit-hund-zum-verlieben-einfach-ist-das\/","og_site_name":"Urlaub &amp; Reisen","article_modified_time":"2024-04-16T09:34:17+00:00","og_image":[{"url":"https:\/\/www.urlaubcornwall.de\/blog\/wp-content\/uploads\/2020\/05\/hund-urlaub-cornwall-strand.jpg"}],"twitter_card":"summary","twitter_misc":{"Est. reading time":"2 minutes"},"schema":{"@context":"https:\/\/schema.org","@graph":[{"@type":"WebSite","@id":"https:\/\/www.urlaubcornwall.de\/blog\/#website","url":"https:\/\/www.urlaubcornwall.de\/blog\/","name":"Urlaub &amp; Reisen","description":"Urlaub, Reisen, Cornwall und S\u00fcdengland: eine perfekte Kombination","potentialAction":[{"@type":"SearchAction","target":{"@type":"EntryPoint","urlTemplate":"https:\/\/www.urlaubcornwall.de\/blog\/?s={search_term_string}"},"query-input":"required name=search_term_string"}],"inLanguage":"en-US"},{"@type":"WebPage","@id":"https:\/\/www.urlaubcornwall.de\/blog\/hotels-suedengland-mit-hund-zum-verlieben-einfach-ist-das\/","url":"https:\/\/www.urlaubcornwall.de\/blog\/hotels-suedengland-mit-hund-zum-verlieben-einfach-ist-das\/","name":"Hotels in S\u00fcdengland mit Hund zum Verlieben \u2013 so einfach ist das! - Urlaub &amp; Reisen","isPartOf":{"@id":"https:\/\/www.urlaubcornwall.de\/blog\/#website"},"datePublished":"2017-08-21T08:58:47+00:00","dateModified":"2024-04-16T09:34:17+00:00","breadcrumb":{"@id":"https:\/\/www.urlaubcornwall.de\/blog\/hotels-suedengland-mit-hund-zum-verlieben-einfach-ist-das\/#breadcrumb"},"inLanguage":"en-US","potentialAction":[{"@type":"ReadAction","target":["https:\/\/www.urlaubcornwall.de\/blog\/hotels-suedengland-mit-hund-zum-verlieben-einfach-ist-das\/"]}]},{"@type":"BreadcrumbList","@id":"https:\/\/www.urlaubcornwall.de\/blog\/hotels-suedengland-mit-hund-zum-verlieben-einfach-ist-das\/#breadcrumb","itemListElement":[{"@type":"ListItem","position":1,"name":"Home","item":"https:\/\/www.urlaubcornwall.de\/blog\/"},{"@type":"ListItem","position":2,"name":"Hotels in S\u00fcdengland mit Hund zum Verlieben \u2013 so einfach ist das!"}]}]}},"_links":{"self":[{"href":"https:\/\/www.urlaubcornwall.de\/blog\/wp-json\/wp\/v2\/pages\/28490"}],"collection":[{"href":"https:\/\/www.urlaubcornwall.de\/blog\/wp-json\/wp\/v2\/pages"}],"about":[{"href":"https:\/\/www.urlaubcornwall.de\/blog\/wp-json\/wp\/v2\/types\/page"}],"author":[{"embeddable":true,"href":"https:\/\/www.urlaubcornwall.de\/blog\/wp-json\/wp\/v2\/users\/1"}],"replies":[{"embeddable":true,"href":"https:\/\/www.urlaubcornwall.de\/blog\/wp-json\/wp\/v2\/comments?post=28490"}],"version-history":[{"count":10,"href":"https:\/\/www.urlaubcornwall.de\/blog\/wp-json\/wp\/v2\/pages\/28490\/revisions"}],"predecessor-version":[{"id":49820,"href":"https:\/\/www.urlaubcornwall.de\/blog\/wp-json\/wp\/v2\/pages\/28490\/revisions\/49820"}],"wp:attachment":[{"href":"https:\/\/www.urlaubcornwall.de\/blog\/wp-json\/wp\/v2\/media?parent=28490"}],"curies":[{"name":"wp","href":"https:\/\/api.w.org\/{rel}","templated":true}]}}