{"id":28461,"date":"2017-08-19T16:08:58","date_gmt":"2017-08-19T16:08:58","guid":{"rendered":"https:\/\/www.urlaubcornwall.de\/blog\/?page_id=28461"},"modified":"2019-02-08T13:06:11","modified_gmt":"2019-02-08T13:06:11","slug":"hotels-auf-den-lizard-halbinsel-mit-meerblick-zum-verlieben-einfach-ist-das","status":"publish","type":"page","link":"https:\/\/www.urlaubcornwall.de\/blog\/hotels-auf-den-lizard-halbinsel-mit-meerblick-zum-verlieben-einfach-ist-das\/","title":{"rendered":"Hotels auf den Lizard Halbinsel mit Meerblick zum Verlieben \u2013 so einfach ist das!"},"content":{"rendered":"<p><img loading=\"lazy\" class=\"aligncenter size-full wp-image-11510\" src=\"https:\/\/www.urlaubcornwall.de\/blog\/wp-content\/uploads\/2013\/11\/Polurrian-Bay-291.jpg\" alt=\"hotel lizard halbinsel am meer meerblick\" width=\"748\" height=\"500\" srcset=\"https:\/\/www.urlaubcornwall.de\/blog\/wp-content\/uploads\/2013\/11\/Polurrian-Bay-291.jpg 790w, https:\/\/www.urlaubcornwall.de\/blog\/wp-content\/uploads\/2013\/11\/Polurrian-Bay-291-300x200.jpg 300w\" sizes=\"(max-width: 748px) 100vw, 748px\" \/><br \/>\nSch\u00f6nsten Hotels auf den Lizard Halbinsel &#8211; Die Lizard-Halbinsel  ist der s\u00fcdlichste Punkt von Gro\u00dfbritannien. Entlang seiner K\u00fcstenlinie befinden sich die bezaubernden Str\u00e4nde Praa Sands, Loe Bar, Church Cove, Kennack Sands und Kynance Cove. Die h\u00fcbschen Fischerd\u00f6rfer Mullion, Cadgwith, Coverack und Porthleven liegen alle auf der Lizard-Halbinsel.<br \/>\n<ins class=\"bookingaff\" data-aid=\"1705420\" data-target_aid=\"1705420\" data-prod=\"map\" data-width=\"100%\" data-height=\"590\" data-lang=\"ualng\" data-dest_id=\"0\" data-dest_type=\"landmark\" data-latitude=\"49.96861\" data-longitude=\"-5.204156\" data-mwhsb=\"0\"><br \/>\n    <!-- Anything inside will go away once widget is loaded. --><br \/>\n        <a href=\"\/\/www.booking.com?aid=1705420\"rel=\"nofollow\">Booking.com<\/a><br \/>\n<\/ins><br \/>\n<script type=\"text\/javascript\">\n    (function(d, sc, u) {\n      var s = d.createElement(sc), p = d.getElementsByTagName(sc)[0];\n      s.type = 'text\/javascript';\n      s.async = true;\n      s.src = u + '?v=' + (+new Date());\n      p.parentNode.insertBefore(s,p);\n      })(document, 'script', '\/\/aff.bstatic.com\/static\/affiliate_base\/js\/flexiproduct.js');\n<\/script><\/p>\n<div class=\"snippet\"> <a class=\"featured-item\" href=\" https:\/\/www.urlaubcornwall.de\/blog\/das-polurrian-bay-hotel-beeindruckt-mit-stilvollem-ambiente-herrlichem-meerblick-und-familienfreundlichen-einrichtungen\/ \"> <span class=\"image-holder\" style=\"background-image: url(' https:\/\/www.urlaubcornwall.de\/blog\/wp-content\/uploads\/2019\/01\/polurrian-hotel-am-meer-mullion.jpg');\"><\/span> <span class=\"featured-content\"> \n<h2 class=\"featured-title\">Polurrian Hotel \u2013 Lizard Halbinsel<\/h2>\n<p class=\"featured-body\">Das Polurrian Bay Hotel beeindruckt mit stilvollem Ambiente, herrlichem Meerblick und familienfreundlichen Einrichtungen&#8230;&#8230; <\/p><\/span> <span class=\"featured-link-holder\"> <span class=\"featured-extra-info\"> \n<p>Hotel im modernen \u201eSeaside Style\u201c<\/p>\n<\/span> \n<p class=\"featured-link\">DETAILS<\/p>\n<\/span> <\/a><\/div>\n<p style=\"text-align: center;\"><b>Klicken Sie <\/b><strong>hie<\/strong>r<b>, um sich unser vollst\u00e4ndiges Angebot der besten <a href=\"https:\/\/www.urlaubcornwall.de\/hotels.php\">Hotels in Cornwall&gt;&gt;<\/a><\/b><\/p>\n<p style=\"text-align: center;\"><a href=\"http:\/\/www.urlaubcornwall.de\/\">UrlaubCornwall.de<\/a> ist ein in Cornwall ans\u00e4ssiges Unternehmen k\u00f6nnen wir uns mit 20 Jahren Erfahrung in der Organisation von Rundreisen durch S\u00fcdwest und S\u00fcdengland r\u00fchmen.<\/p>\n<p style=\"text-align: center;\">Um Cornwall in Ihre Rundreise durch S\u00fcdengland mit einzugliedern, stellen Sie Ihre <a href=\"http:\/\/www.urlaubcornwall.de\/anfrage.php\">Anfrage<\/a> hier oder w\u00e4hlen Sie ein Ferienhaus aus unserer besten Auswahl handverlesener und inspizierter H\u00e4user aus.<\/p>\n","protected":false},"excerpt":{"rendered":"<p>Sch\u00f6nsten Hotels auf den Lizard Halbinsel &#8211; Die Lizard-Halbinsel ist der s\u00fcdlichste Punkt von Gro\u00dfbritannien. Entlang seiner K\u00fcstenlinie befinden sich die bezaubernden Str\u00e4nde Praa Sands, Loe Bar, Church Cove, Kennack Sands und Kynance Cove. Die h\u00fcbschen Fischerd\u00f6rfer Mullion, Cadgwith, Coverack und Porthleven liegen alle auf der Lizard-Halbinsel. Booking.com Polurrian Hotel \u2013 Lizard Halbinsel Das Polurrian [&hellip;]<\/p>\n","protected":false},"author":1,"featured_media":0,"parent":0,"menu_order":0,"comment_status":"closed","ping_status":"closed","template":"single-four.php","meta":[],"acf":[],"yoast_head":"<!-- This site is optimized with the Yoast SEO plugin v19.4 - https:\/\/yoast.com\/wordpress\/plugins\/seo\/ -->\n<title>Hotels auf den Lizard Halbinsel mit Meerblick zum Verlieben \u2013 so einfach ist das! - Urlaub &amp; Reisen<\/title>\n<meta name=\"robots\" content=\"index, follow, max-snippet:-1, max-image-preview:large, max-video-preview:-1\" \/>\n<link rel=\"canonical\" href=\"https:\/\/www.urlaubcornwall.de\/blog\/hotels-auf-den-lizard-halbinsel-mit-meerblick-zum-verlieben-einfach-ist-das\/\" \/>\n<meta property=\"og:locale\" content=\"en_US\" \/>\n<meta property=\"og:type\" content=\"article\" \/>\n<meta property=\"og:title\" content=\"Hotels auf den Lizard Halbinsel mit Meerblick zum Verlieben \u2013 so einfach ist das! - Urlaub &amp; Reisen\" \/>\n<meta property=\"og:description\" content=\"Sch\u00f6nsten Hotels auf den Lizard Halbinsel &#8211; Die Lizard-Halbinsel ist der s\u00fcdlichste Punkt von Gro\u00dfbritannien. Entlang seiner K\u00fcstenlinie befinden sich die bezaubernden Str\u00e4nde Praa Sands, Loe Bar, Church Cove, Kennack Sands und Kynance Cove. Die h\u00fcbschen Fischerd\u00f6rfer Mullion, Cadgwith, Coverack und Porthleven liegen alle auf der Lizard-Halbinsel. Booking.com Polurrian Hotel \u2013 Lizard Halbinsel Das Polurrian [&hellip;]\" \/>\n<meta property=\"og:url\" content=\"https:\/\/www.urlaubcornwall.de\/blog\/hotels-auf-den-lizard-halbinsel-mit-meerblick-zum-verlieben-einfach-ist-das\/\" \/>\n<meta property=\"og:site_name\" content=\"Urlaub &amp; Reisen\" \/>\n<meta property=\"article:modified_time\" content=\"2019-02-08T13:06:11+00:00\" \/>\n<meta property=\"og:image\" content=\"https:\/\/www.urlaubcornwall.de\/blog\/wp-content\/uploads\/2013\/11\/Polurrian-Bay-291.jpg\" \/>\n<meta name=\"twitter:card\" content=\"summary\" \/>\n<meta name=\"twitter:label1\" content=\"Est. reading time\" \/>\n\t<meta name=\"twitter:data1\" content=\"1 minute\" \/>\n<script type=\"application\/ld+json\" class=\"yoast-schema-graph\">{\"@context\":\"https:\/\/schema.org\",\"@graph\":[{\"@type\":\"WebSite\",\"@id\":\"https:\/\/www.urlaubcornwall.de\/blog\/#website\",\"url\":\"https:\/\/www.urlaubcornwall.de\/blog\/\",\"name\":\"Urlaub &amp; Reisen\",\"description\":\"Urlaub, Reisen, Cornwall und S\u00fcdengland: eine perfekte Kombination\",\"potentialAction\":[{\"@type\":\"SearchAction\",\"target\":{\"@type\":\"EntryPoint\",\"urlTemplate\":\"https:\/\/www.urlaubcornwall.de\/blog\/?s={search_term_string}\"},\"query-input\":\"required name=search_term_string\"}],\"inLanguage\":\"en-US\"},{\"@type\":\"WebPage\",\"@id\":\"https:\/\/www.urlaubcornwall.de\/blog\/hotels-auf-den-lizard-halbinsel-mit-meerblick-zum-verlieben-einfach-ist-das\/\",\"url\":\"https:\/\/www.urlaubcornwall.de\/blog\/hotels-auf-den-lizard-halbinsel-mit-meerblick-zum-verlieben-einfach-ist-das\/\",\"name\":\"Hotels auf den Lizard Halbinsel mit Meerblick zum Verlieben \u2013 so einfach ist das! - Urlaub &amp; Reisen\",\"isPartOf\":{\"@id\":\"https:\/\/www.urlaubcornwall.de\/blog\/#website\"},\"datePublished\":\"2017-08-19T16:08:58+00:00\",\"dateModified\":\"2019-02-08T13:06:11+00:00\",\"breadcrumb\":{\"@id\":\"https:\/\/www.urlaubcornwall.de\/blog\/hotels-auf-den-lizard-halbinsel-mit-meerblick-zum-verlieben-einfach-ist-das\/#breadcrumb\"},\"inLanguage\":\"en-US\",\"potentialAction\":[{\"@type\":\"ReadAction\",\"target\":[\"https:\/\/www.urlaubcornwall.de\/blog\/hotels-auf-den-lizard-halbinsel-mit-meerblick-zum-verlieben-einfach-ist-das\/\"]}]},{\"@type\":\"BreadcrumbList\",\"@id\":\"https:\/\/www.urlaubcornwall.de\/blog\/hotels-auf-den-lizard-halbinsel-mit-meerblick-zum-verlieben-einfach-ist-das\/#breadcrumb\",\"itemListElement\":[{\"@type\":\"ListItem\",\"position\":1,\"name\":\"Home\",\"item\":\"https:\/\/www.urlaubcornwall.de\/blog\/\"},{\"@type\":\"ListItem\",\"position\":2,\"name\":\"Hotels auf den Lizard Halbinsel mit Meerblick zum Verlieben \u2013 so einfach ist das!\"}]}]}<\/script>\n<!-- \/ Yoast SEO plugin. -->","yoast_head_json":{"title":"Hotels auf den Lizard Halbinsel mit Meerblick zum Verlieben \u2013 so einfach ist das! - Urlaub &amp; Reisen","robots":{"index":"index","follow":"follow","max-snippet":"max-snippet:-1","max-image-preview":"max-image-preview:large","max-video-preview":"max-video-preview:-1"},"canonical":"https:\/\/www.urlaubcornwall.de\/blog\/hotels-auf-den-lizard-halbinsel-mit-meerblick-zum-verlieben-einfach-ist-das\/","og_locale":"en_US","og_type":"article","og_title":"Hotels auf den Lizard Halbinsel mit Meerblick zum Verlieben \u2013 so einfach ist das! - Urlaub &amp; Reisen","og_description":"Sch\u00f6nsten Hotels auf den Lizard Halbinsel &#8211; Die Lizard-Halbinsel ist der s\u00fcdlichste Punkt von Gro\u00dfbritannien. Entlang seiner K\u00fcstenlinie befinden sich die bezaubernden Str\u00e4nde Praa Sands, Loe Bar, Church Cove, Kennack Sands und Kynance Cove. Die h\u00fcbschen Fischerd\u00f6rfer Mullion, Cadgwith, Coverack und Porthleven liegen alle auf der Lizard-Halbinsel. Booking.com Polurrian Hotel \u2013 Lizard Halbinsel Das Polurrian [&hellip;]","og_url":"https:\/\/www.urlaubcornwall.de\/blog\/hotels-auf-den-lizard-halbinsel-mit-meerblick-zum-verlieben-einfach-ist-das\/","og_site_name":"Urlaub &amp; Reisen","article_modified_time":"2019-02-08T13:06:11+00:00","og_image":[{"url":"https:\/\/www.urlaubcornwall.de\/blog\/wp-content\/uploads\/2013\/11\/Polurrian-Bay-291.jpg"}],"twitter_card":"summary","twitter_misc":{"Est. reading time":"1 minute"},"schema":{"@context":"https:\/\/schema.org","@graph":[{"@type":"WebSite","@id":"https:\/\/www.urlaubcornwall.de\/blog\/#website","url":"https:\/\/www.urlaubcornwall.de\/blog\/","name":"Urlaub &amp; Reisen","description":"Urlaub, Reisen, Cornwall und S\u00fcdengland: eine perfekte Kombination","potentialAction":[{"@type":"SearchAction","target":{"@type":"EntryPoint","urlTemplate":"https:\/\/www.urlaubcornwall.de\/blog\/?s={search_term_string}"},"query-input":"required name=search_term_string"}],"inLanguage":"en-US"},{"@type":"WebPage","@id":"https:\/\/www.urlaubcornwall.de\/blog\/hotels-auf-den-lizard-halbinsel-mit-meerblick-zum-verlieben-einfach-ist-das\/","url":"https:\/\/www.urlaubcornwall.de\/blog\/hotels-auf-den-lizard-halbinsel-mit-meerblick-zum-verlieben-einfach-ist-das\/","name":"Hotels auf den Lizard Halbinsel mit Meerblick zum Verlieben \u2013 so einfach ist das! - Urlaub &amp; Reisen","isPartOf":{"@id":"https:\/\/www.urlaubcornwall.de\/blog\/#website"},"datePublished":"2017-08-19T16:08:58+00:00","dateModified":"2019-02-08T13:06:11+00:00","breadcrumb":{"@id":"https:\/\/www.urlaubcornwall.de\/blog\/hotels-auf-den-lizard-halbinsel-mit-meerblick-zum-verlieben-einfach-ist-das\/#breadcrumb"},"inLanguage":"en-US","potentialAction":[{"@type":"ReadAction","target":["https:\/\/www.urlaubcornwall.de\/blog\/hotels-auf-den-lizard-halbinsel-mit-meerblick-zum-verlieben-einfach-ist-das\/"]}]},{"@type":"BreadcrumbList","@id":"https:\/\/www.urlaubcornwall.de\/blog\/hotels-auf-den-lizard-halbinsel-mit-meerblick-zum-verlieben-einfach-ist-das\/#breadcrumb","itemListElement":[{"@type":"ListItem","position":1,"name":"Home","item":"https:\/\/www.urlaubcornwall.de\/blog\/"},{"@type":"ListItem","position":2,"name":"Hotels auf den Lizard Halbinsel mit Meerblick zum Verlieben \u2013 so einfach ist das!"}]}]}},"_links":{"self":[{"href":"https:\/\/www.urlaubcornwall.de\/blog\/wp-json\/wp\/v2\/pages\/28461"}],"collection":[{"href":"https:\/\/www.urlaubcornwall.de\/blog\/wp-json\/wp\/v2\/pages"}],"about":[{"href":"https:\/\/www.urlaubcornwall.de\/blog\/wp-json\/wp\/v2\/types\/page"}],"author":[{"embeddable":true,"href":"https:\/\/www.urlaubcornwall.de\/blog\/wp-json\/wp\/v2\/users\/1"}],"replies":[{"embeddable":true,"href":"https:\/\/www.urlaubcornwall.de\/blog\/wp-json\/wp\/v2\/comments?post=28461"}],"version-history":[{"count":9,"href":"https:\/\/www.urlaubcornwall.de\/blog\/wp-json\/wp\/v2\/pages\/28461\/revisions"}],"predecessor-version":[{"id":36031,"href":"https:\/\/www.urlaubcornwall.de\/blog\/wp-json\/wp\/v2\/pages\/28461\/revisions\/36031"}],"wp:attachment":[{"href":"https:\/\/www.urlaubcornwall.de\/blog\/wp-json\/wp\/v2\/media?parent=28461"}],"curies":[{"name":"wp","href":"https:\/\/api.w.org\/{rel}","templated":true}]}}