{"id":28452,"date":"2017-08-19T15:52:20","date_gmt":"2017-08-19T15:52:20","guid":{"rendered":"https:\/\/www.urlaubcornwall.de\/blog\/?page_id=28452"},"modified":"2024-05-30T07:18:36","modified_gmt":"2024-05-30T07:18:36","slug":"hotels-marazion-st-michaels-mount-mit-meerblick-zum-verlieben-einfach-ist-das","status":"publish","type":"page","link":"https:\/\/www.urlaubcornwall.de\/blog\/hotels-marazion-st-michaels-mount-mit-meerblick-zum-verlieben-einfach-ist-das\/","title":{"rendered":"Hotels in Marazion &#038; St Michaels Mount mit Meerblick"},"content":{"rendered":"<p><a href=\"https:\/\/www.urlaubcornwall.de\/blog\/wp-content\/uploads\/2024\/03\/marazion_und-st-michaels-mount-1.jpg\"><img loading=\"lazy\" src=\"https:\/\/www.urlaubcornwall.de\/blog\/wp-content\/uploads\/2024\/03\/marazion_und-st-michaels-mount-1.jpg\" alt=\"marazion_und st michaels mount\" width=\"750\" height=\"500\" class=\"alignnone size-full wp-image-47921\" srcset=\"https:\/\/www.urlaubcornwall.de\/blog\/wp-content\/uploads\/2024\/03\/marazion_und-st-michaels-mount-1.jpg 750w, https:\/\/www.urlaubcornwall.de\/blog\/wp-content\/uploads\/2024\/03\/marazion_und-st-michaels-mount-1-300x200.jpg 300w\" sizes=\"(max-width: 750px) 100vw, 750px\" \/><\/a><br \/>\nDie sch\u00f6nsten Hotels in Marazion &amp; St Michaels Mount am Meer f\u00fcr Ihren <a href=\"https:\/\/www.urlaubcornwall.de\/reiseziel\/cornwall.php\">Urlaub in Cornwall<\/a> &#8211; Die meisten Menschen schauen sich kaum das Dorf Marazion an, wenn sie \u00fcber den Steg zum St Michaels Mount gehen. Doch ist es durchaus ein Schnupperst\u00fcndchen wert. Es gibt einige h\u00fcbsche Galerien und ein paar gem\u00fctliche Caf\u00e9s zum Verweilen.<br \/>\n<ins class=\"bookingaff\" data-aid=\"1705941\" data-target_aid=\"1705941\" data-prod=\"map\" data-width=\"100%\" data-height=\"590\" data-lang=\"ualng\" data-dest_id=\"0\" data-dest_type=\"landmark\" data-latitude=\"50.125077\" data-longitude=\"-5.463955\" data-mwhsb=\"1\"><br \/>\n    <!-- Anything inside will go away once widget is loaded. --><br \/>\n        <a href=\"\/\/www.booking.com?aid=1705941\"rel=\"nofollow\">Booking.com<\/a><br \/>\n<\/ins><br \/>\n<script type=\"text\/javascript\">\n    (function(d, sc, u) {\n      var s = d.createElement(sc), p = d.getElementsByTagName(sc)[0];\n      s.type = 'text\/javascript';\n      s.async = true;\n      s.src = u + '?v=' + (+new Date());\n      p.parentNode.insertBefore(s,p);\n      })(document, 'script', '\/\/aff.bstatic.com\/static\/affiliate_base\/js\/flexiproduct.js');\n<\/script><\/p>\n<div class=\"snippet\"> <a class=\"featured-item\" href=\" https:\/\/www.urlaubcornwall.de\/blog\/hotel-am-meer-st-michaels-mount-godolphin-arms-marazion-westcornwall\/\"> <span class=\"image-holder\" style=\"background-image: url(' https:\/\/www.urlaubcornwall.de\/blog\/wp-content\/uploads\/2024\/03\/marazion_und-st-michaels-mount-1.jpg');\"><\/span> <span class=\"featured-content\"> \n<h2 class=\"featured-title\"> Godolphin Arms Hotel<\/h2>\n<p class=\"featured-body\">Godolphin Arms liegt am Ufer der Mounts Bucht an einem zwei Meilen langen Strand der historischen Marktstadt Marazion bei Penzance in Westcornwall. Mit Blick \u00fcber den wundersch\u00f6nen St Michaels Mount&#8230;&#8230;.. <\/p><\/span> <span class=\"featured-link-holder\"> <span class=\"featured-extra-info\"> \n<p>Stilvolle en-Suite-Schlafzimmer <\/p>\n<\/span> \n<p class=\"featured-link\">DETAILS<\/p>\n<\/span> <\/a><\/div>\n<div class=\"snippet\"> <a class=\"featured-item\" href=\" https:\/\/www.urlaubcornwall.de\/blog\/hotel-penzance-entdecke-west-cornwall\/\"> <span class=\"image-holder\" style=\"background-image: url(' https:\/\/www.urlaubcornwall.de\/blog\/wp-content\/uploads\/2019\/01\/hotel_penzance.jpg ');\"><\/span> <span class=\"featured-content\"> \n<h2 class=\"featured-title\">Hotel Penzance am Meer<\/h2>\n<p class=\"featured-body\">Das 4 Sterne Hotel Penzance ist eine stilvolle und komfortable Stadtvilla am Meer, die sich in unmittelbarer N\u00e4he des Stadtzentrums von Penzance befindet. Wir haben vor Kurzem diese elegante edwardianische Villa&#8230;&#8230;. <\/p><\/span> <span class=\"featured-link-holder\"> <span class=\"featured-extra-info\"> \n<p>Entdecke West-Cornwall<\/p>\n<\/span> \n<p class=\"featured-link\">DETAILS<\/p>\n<\/span> <\/a><\/div>\n<p style=\"text-align: center;\"><b>Klicken Sie <\/b><strong>hie<\/strong>r<b>, um sich unser vollst\u00e4ndiges Angebot der besten <a href=\"https:\/\/www.urlaubcornwall.de\/hotels.php\">Hotels in Cornwall&gt;&gt;<\/a><\/b><\/p>\n<div class=\"snippet\"> <a class=\"featured-item\" href=\"https:\/\/www.urlaubcornwall.de\/ferienhaeuser\/cornwall.php\"> <span class=\"image-holder\" style=\"background-image: url(' https:\/\/www.urlaubcornwall.de\/blog\/wp-content\/uploads\/2018\/12\/ferienhaus-cornwall-mit-hund.jpg ');\"><\/span> <span class=\"featured-content\"> \n<h2 class=\"featured-title\">Ferienh\u00e4user in Cornwall zum Verlieben!<\/h2>\n<p class=\"featured-body\">Cornwall besitzt mehr K\u00fcstenlinien als jede andere Grafschaft und bietet einige der besten Str\u00e4nde, K\u00fcstenwanderwege und Klippenlandschaften, die man \u00fcberhaupt finden kann&#8230;.<\/p><\/span> <span class=\"featured-link-holder\"> <span class=\"featured-extra-info\"> \n<p>F\u00fcr Paare, Familien &#038; Gruppen<\/p>\n<\/span> \n<p class=\"featured-link\">DETAILS<\/p>\n<\/span> <\/a><\/div>\n<div class=\"snippet\"> <a class=\"featured-item\" href=\" https:\/\/www.urlaubcornwall.de\/rundreisen\/cornwall-suedengland.php\"> <span class=\"image-holder\" style=\"background-image: url(' https:\/\/www.urlaubcornwall.de\/blog\/wp-content\/uploads\/2018\/11\/rundreise-cornwall.jpg ');\"><\/span> <span class=\"featured-content\"> \n<h2 class=\"featured-title\">Individuelle Rundreise in Cornwall &#038; S\u00fcdengland<\/h2>\n<p class=\"featured-body\"> Bei dieser Cornwall Rundreise entdecken Sie die H\u00f6hepunkte S\u00fcdenglands. Kultur, Geschichte, Landschaft und heutiges Leben werden Sie hierbei kennenlernen&#8230;<\/p>\n<\/span> <span class=\"featured-link-holder\"> <span class=\"featured-extra-info\"> \n<p>Urlaub im eigenen Schritttempo<\/p>\n<\/span> \n<p class=\"featured-link\">DETAILS<\/p>\n<\/span> <\/a><\/div>\n","protected":false},"excerpt":{"rendered":"<p>Die sch\u00f6nsten Hotels in Marazion &amp; St Michaels Mount am Meer f\u00fcr Ihren Urlaub in Cornwall &#8211; Die meisten Menschen schauen sich kaum das Dorf Marazion an, wenn sie \u00fcber den Steg zum St Michaels Mount gehen. Doch ist es durchaus ein Schnupperst\u00fcndchen wert. Es gibt einige h\u00fcbsche Galerien und ein paar gem\u00fctliche Caf\u00e9s zum [&hellip;]<\/p>\n","protected":false},"author":1,"featured_media":0,"parent":0,"menu_order":0,"comment_status":"closed","ping_status":"closed","template":"single-four.php","meta":[],"acf":[],"yoast_head":"<!-- This site is optimized with the Yoast SEO plugin v19.4 - https:\/\/yoast.com\/wordpress\/plugins\/seo\/ -->\n<title>Hotels in Marazion &amp; St Michaels Mount mit Meerblick - Urlaub &amp; Reisen<\/title>\n<meta name=\"robots\" content=\"index, follow, max-snippet:-1, max-image-preview:large, max-video-preview:-1\" \/>\n<link rel=\"canonical\" href=\"https:\/\/www.urlaubcornwall.de\/blog\/hotels-marazion-st-michaels-mount-mit-meerblick-zum-verlieben-einfach-ist-das\/\" \/>\n<meta property=\"og:locale\" content=\"en_US\" \/>\n<meta property=\"og:type\" content=\"article\" \/>\n<meta property=\"og:title\" content=\"Hotels in Marazion &amp; St Michaels Mount mit Meerblick - Urlaub &amp; Reisen\" \/>\n<meta property=\"og:description\" content=\"Die sch\u00f6nsten Hotels in Marazion &amp; St Michaels Mount am Meer f\u00fcr Ihren Urlaub in Cornwall &#8211; Die meisten Menschen schauen sich kaum das Dorf Marazion an, wenn sie \u00fcber den Steg zum St Michaels Mount gehen. Doch ist es durchaus ein Schnupperst\u00fcndchen wert. Es gibt einige h\u00fcbsche Galerien und ein paar gem\u00fctliche Caf\u00e9s zum [&hellip;]\" \/>\n<meta property=\"og:url\" content=\"https:\/\/www.urlaubcornwall.de\/blog\/hotels-marazion-st-michaels-mount-mit-meerblick-zum-verlieben-einfach-ist-das\/\" \/>\n<meta property=\"og:site_name\" content=\"Urlaub &amp; Reisen\" \/>\n<meta property=\"article:modified_time\" content=\"2024-05-30T07:18:36+00:00\" \/>\n<meta property=\"og:image\" content=\"https:\/\/www.urlaubcornwall.de\/blog\/wp-content\/uploads\/2024\/03\/marazion_und-st-michaels-mount-1.jpg\" \/>\n<meta name=\"twitter:card\" content=\"summary\" \/>\n<meta name=\"twitter:label1\" content=\"Est. reading time\" \/>\n\t<meta name=\"twitter:data1\" content=\"2 minutes\" \/>\n<script type=\"application\/ld+json\" class=\"yoast-schema-graph\">{\"@context\":\"https:\/\/schema.org\",\"@graph\":[{\"@type\":\"WebSite\",\"@id\":\"https:\/\/www.urlaubcornwall.de\/blog\/#website\",\"url\":\"https:\/\/www.urlaubcornwall.de\/blog\/\",\"name\":\"Urlaub &amp; Reisen\",\"description\":\"Urlaub, Reisen, Cornwall und S\u00fcdengland: eine perfekte Kombination\",\"potentialAction\":[{\"@type\":\"SearchAction\",\"target\":{\"@type\":\"EntryPoint\",\"urlTemplate\":\"https:\/\/www.urlaubcornwall.de\/blog\/?s={search_term_string}\"},\"query-input\":\"required name=search_term_string\"}],\"inLanguage\":\"en-US\"},{\"@type\":\"WebPage\",\"@id\":\"https:\/\/www.urlaubcornwall.de\/blog\/hotels-marazion-st-michaels-mount-mit-meerblick-zum-verlieben-einfach-ist-das\/\",\"url\":\"https:\/\/www.urlaubcornwall.de\/blog\/hotels-marazion-st-michaels-mount-mit-meerblick-zum-verlieben-einfach-ist-das\/\",\"name\":\"Hotels in Marazion & St Michaels Mount mit Meerblick - Urlaub &amp; Reisen\",\"isPartOf\":{\"@id\":\"https:\/\/www.urlaubcornwall.de\/blog\/#website\"},\"datePublished\":\"2017-08-19T15:52:20+00:00\",\"dateModified\":\"2024-05-30T07:18:36+00:00\",\"breadcrumb\":{\"@id\":\"https:\/\/www.urlaubcornwall.de\/blog\/hotels-marazion-st-michaels-mount-mit-meerblick-zum-verlieben-einfach-ist-das\/#breadcrumb\"},\"inLanguage\":\"en-US\",\"potentialAction\":[{\"@type\":\"ReadAction\",\"target\":[\"https:\/\/www.urlaubcornwall.de\/blog\/hotels-marazion-st-michaels-mount-mit-meerblick-zum-verlieben-einfach-ist-das\/\"]}]},{\"@type\":\"BreadcrumbList\",\"@id\":\"https:\/\/www.urlaubcornwall.de\/blog\/hotels-marazion-st-michaels-mount-mit-meerblick-zum-verlieben-einfach-ist-das\/#breadcrumb\",\"itemListElement\":[{\"@type\":\"ListItem\",\"position\":1,\"name\":\"Home\",\"item\":\"https:\/\/www.urlaubcornwall.de\/blog\/\"},{\"@type\":\"ListItem\",\"position\":2,\"name\":\"Hotels in Marazion &#038; St Michaels Mount mit Meerblick\"}]}]}<\/script>\n<!-- \/ Yoast SEO plugin. -->","yoast_head_json":{"title":"Hotels in Marazion & St Michaels Mount mit Meerblick - Urlaub &amp; Reisen","robots":{"index":"index","follow":"follow","max-snippet":"max-snippet:-1","max-image-preview":"max-image-preview:large","max-video-preview":"max-video-preview:-1"},"canonical":"https:\/\/www.urlaubcornwall.de\/blog\/hotels-marazion-st-michaels-mount-mit-meerblick-zum-verlieben-einfach-ist-das\/","og_locale":"en_US","og_type":"article","og_title":"Hotels in Marazion & St Michaels Mount mit Meerblick - Urlaub &amp; Reisen","og_description":"Die sch\u00f6nsten Hotels in Marazion &amp; St Michaels Mount am Meer f\u00fcr Ihren Urlaub in Cornwall &#8211; Die meisten Menschen schauen sich kaum das Dorf Marazion an, wenn sie \u00fcber den Steg zum St Michaels Mount gehen. Doch ist es durchaus ein Schnupperst\u00fcndchen wert. Es gibt einige h\u00fcbsche Galerien und ein paar gem\u00fctliche Caf\u00e9s zum [&hellip;]","og_url":"https:\/\/www.urlaubcornwall.de\/blog\/hotels-marazion-st-michaels-mount-mit-meerblick-zum-verlieben-einfach-ist-das\/","og_site_name":"Urlaub &amp; Reisen","article_modified_time":"2024-05-30T07:18:36+00:00","og_image":[{"url":"https:\/\/www.urlaubcornwall.de\/blog\/wp-content\/uploads\/2024\/03\/marazion_und-st-michaels-mount-1.jpg"}],"twitter_card":"summary","twitter_misc":{"Est. reading time":"2 minutes"},"schema":{"@context":"https:\/\/schema.org","@graph":[{"@type":"WebSite","@id":"https:\/\/www.urlaubcornwall.de\/blog\/#website","url":"https:\/\/www.urlaubcornwall.de\/blog\/","name":"Urlaub &amp; Reisen","description":"Urlaub, Reisen, Cornwall und S\u00fcdengland: eine perfekte Kombination","potentialAction":[{"@type":"SearchAction","target":{"@type":"EntryPoint","urlTemplate":"https:\/\/www.urlaubcornwall.de\/blog\/?s={search_term_string}"},"query-input":"required name=search_term_string"}],"inLanguage":"en-US"},{"@type":"WebPage","@id":"https:\/\/www.urlaubcornwall.de\/blog\/hotels-marazion-st-michaels-mount-mit-meerblick-zum-verlieben-einfach-ist-das\/","url":"https:\/\/www.urlaubcornwall.de\/blog\/hotels-marazion-st-michaels-mount-mit-meerblick-zum-verlieben-einfach-ist-das\/","name":"Hotels in Marazion & St Michaels Mount mit Meerblick - Urlaub &amp; Reisen","isPartOf":{"@id":"https:\/\/www.urlaubcornwall.de\/blog\/#website"},"datePublished":"2017-08-19T15:52:20+00:00","dateModified":"2024-05-30T07:18:36+00:00","breadcrumb":{"@id":"https:\/\/www.urlaubcornwall.de\/blog\/hotels-marazion-st-michaels-mount-mit-meerblick-zum-verlieben-einfach-ist-das\/#breadcrumb"},"inLanguage":"en-US","potentialAction":[{"@type":"ReadAction","target":["https:\/\/www.urlaubcornwall.de\/blog\/hotels-marazion-st-michaels-mount-mit-meerblick-zum-verlieben-einfach-ist-das\/"]}]},{"@type":"BreadcrumbList","@id":"https:\/\/www.urlaubcornwall.de\/blog\/hotels-marazion-st-michaels-mount-mit-meerblick-zum-verlieben-einfach-ist-das\/#breadcrumb","itemListElement":[{"@type":"ListItem","position":1,"name":"Home","item":"https:\/\/www.urlaubcornwall.de\/blog\/"},{"@type":"ListItem","position":2,"name":"Hotels in Marazion &#038; St Michaels Mount mit Meerblick"}]}]}},"_links":{"self":[{"href":"https:\/\/www.urlaubcornwall.de\/blog\/wp-json\/wp\/v2\/pages\/28452"}],"collection":[{"href":"https:\/\/www.urlaubcornwall.de\/blog\/wp-json\/wp\/v2\/pages"}],"about":[{"href":"https:\/\/www.urlaubcornwall.de\/blog\/wp-json\/wp\/v2\/types\/page"}],"author":[{"embeddable":true,"href":"https:\/\/www.urlaubcornwall.de\/blog\/wp-json\/wp\/v2\/users\/1"}],"replies":[{"embeddable":true,"href":"https:\/\/www.urlaubcornwall.de\/blog\/wp-json\/wp\/v2\/comments?post=28452"}],"version-history":[{"count":9,"href":"https:\/\/www.urlaubcornwall.de\/blog\/wp-json\/wp\/v2\/pages\/28452\/revisions"}],"predecessor-version":[{"id":50749,"href":"https:\/\/www.urlaubcornwall.de\/blog\/wp-json\/wp\/v2\/pages\/28452\/revisions\/50749"}],"wp:attachment":[{"href":"https:\/\/www.urlaubcornwall.de\/blog\/wp-json\/wp\/v2\/media?parent=28452"}],"curies":[{"name":"wp","href":"https:\/\/api.w.org\/{rel}","templated":true}]}}