{"id":28349,"date":"2017-08-09T12:40:16","date_gmt":"2017-08-09T12:40:16","guid":{"rendered":"https:\/\/www.urlaubcornwall.de\/blog\/?page_id=28349"},"modified":"2021-09-14T10:26:32","modified_gmt":"2021-09-14T10:26:32","slug":"guenstige-hotels-kent","status":"publish","type":"page","link":"https:\/\/www.urlaubcornwall.de\/blog\/guenstige-hotels-kent\/","title":{"rendered":"G\u00fcnstige Hotels &#038;  Angebote in Kent"},"content":{"rendered":"<p><img loading=\"lazy\" class=\"aligncenter size-full wp-image-24686\" src=\"https:\/\/www.urlaubcornwall.de\/blog\/wp-content\/uploads\/2016\/06\/folkstone-hafen-kent.jpg\" alt=\"kent G\u00fcnstige hotels\" width=\"749\" height=\"458\"\/><\/p>\n<p>Kent kann durchaus als teure Urlaubsgegend erscheinen mit vielen fantastischen Hotels in <a href=\"https:\/\/www.urlaubcornwall.de\/reiseziel\/kent.php\">Kent<\/a>, die Michelin-Sterne-Speisen bieten, luxuri\u00f6se Zimmer und Wellnessbereiche. Doch es gibt viele Hotels, die f\u00fcr Reisende mit kleinerem Budget geeignet sind. UrlaubCornwall hat seinen Sitz in S\u00fcdengland, und wir suchen Pl\u00e4tze, die weniger bekannt sind, dennoch ein gro\u00dfartiges Preis-Leistungsverh\u00e4ltnis bieten.<\/p>\n<p><ins class=\"bookingaff\" data-aid=\"1333606\" data-target_aid=\"1320750\" data-prod=\"nsb\" data-width=\"100%\" data-height=\"auto\" data-lang=\"de\" data-currency=\"EUR\" data-dest_id=\"1107\" data-dest_type=\"region\"><br \/>\n<!-- Anything inside will go away once widget is loaded. --><br \/>\n<a href=\"\/\/www.booking.com?aid=1320750\" rel=\"nofollow\">Booking.com<\/a><br \/>\n<\/ins><br \/>\n<script type=\"text\/javascript\">\n    (function(d, sc, u) {\n      var s = d.createElement(sc), p = d.getElementsByTagName(sc)[0];\n      s.type = 'text\/javascript';\n      s.async = true;\n      s.src = u + '?v=' + (+new Date());\n      p.parentNode.insertBefore(s,p);\n      })(document, 'script', '\/\/aff.bstatic.com\/static\/affiliate_base\/js\/flexiproduct.js');\n<\/script><\/p>\n<p>Fantastische Hotels mit Meerblick anbieten, die jedem Geldbeutel gerecht werden, von Familienhotels, Last Minute Angebote und M\u00f6glichkeiten f\u00fcr Kinder.<\/p>\n<p><img loading=\"lazy\" class=\"aligncenter size-full wp-image-24598\" src=\"https:\/\/www.urlaubcornwall.de\/blog\/wp-content\/uploads\/2016\/06\/urlaub-und-gro\u00dfbritannien_logo_final.jpg\" alt=\"\" width=\"746\" height=\"361\" srcset=\"https:\/\/www.urlaubcornwall.de\/blog\/wp-content\/uploads\/2016\/06\/urlaub-und-gro\u00dfbritannien_logo_final.jpg 746w, https:\/\/www.urlaubcornwall.de\/blog\/wp-content\/uploads\/2016\/06\/urlaub-und-gro\u00dfbritannien_logo_final-300x145.jpg 300w\" sizes=\"(max-width: 746px) 100vw, 746px\" \/><\/p>\n<p>UrlaubCornwall.de hat eine einzigartige Sammlung pers\u00f6nlich inspizierter Ferienh\u00e4user und Ferienwohnungen in <a href=\"https:\/\/www.urlaubcornwall.de\/ferienhaeuser\/suedengland.php\">S\u00fcdengland<\/a> und nun auch im gesamten Gro\u00dfbritannien.<\/p>\n<p>UrlaubCornwall.de hat seinen Firmensitz in Cornwall in S\u00fcdwestengland und bietet Kunden im Deutsch sprechenden Europa Hilfe im Erstellen der perfekten Urlaubserfahrung hier. Wir haben <a href=\"http:\/\/www.urlaubcornwall.de\/rundreisenservice.php\">ein Team Deutsch sprechender Experten<\/a>, so dass wir eine individuelle Urlaub in England &amp; Wales.<\/p>\n","protected":false},"excerpt":{"rendered":"<p>Kent kann durchaus als teure Urlaubsgegend erscheinen mit vielen fantastischen Hotels in Kent, die Michelin-Sterne-Speisen bieten, luxuri\u00f6se Zimmer und Wellnessbereiche. Doch es gibt viele Hotels, die f\u00fcr Reisende mit kleinerem Budget geeignet sind. UrlaubCornwall hat seinen Sitz in S\u00fcdengland, und wir suchen Pl\u00e4tze, die weniger bekannt sind, dennoch ein gro\u00dfartiges Preis-Leistungsverh\u00e4ltnis bieten. Booking.com Fantastische Hotels [&hellip;]<\/p>\n","protected":false},"author":1,"featured_media":0,"parent":0,"menu_order":0,"comment_status":"closed","ping_status":"closed","template":"single-four.php","meta":[],"acf":[],"yoast_head":"<!-- This site is optimized with the Yoast SEO plugin v19.4 - https:\/\/yoast.com\/wordpress\/plugins\/seo\/ -->\n<title>G\u00fcnstige Hotels &amp; Angebote in Kent - Urlaub &amp; Reisen<\/title>\n<meta name=\"robots\" content=\"index, follow, max-snippet:-1, max-image-preview:large, max-video-preview:-1\" \/>\n<link rel=\"canonical\" href=\"https:\/\/www.urlaubcornwall.de\/blog\/guenstige-hotels-kent\/\" \/>\n<meta property=\"og:locale\" content=\"en_US\" \/>\n<meta property=\"og:type\" content=\"article\" \/>\n<meta property=\"og:title\" content=\"G\u00fcnstige Hotels &amp; Angebote in Kent - Urlaub &amp; Reisen\" \/>\n<meta property=\"og:description\" content=\"Kent kann durchaus als teure Urlaubsgegend erscheinen mit vielen fantastischen Hotels in Kent, die Michelin-Sterne-Speisen bieten, luxuri\u00f6se Zimmer und Wellnessbereiche. Doch es gibt viele Hotels, die f\u00fcr Reisende mit kleinerem Budget geeignet sind. UrlaubCornwall hat seinen Sitz in S\u00fcdengland, und wir suchen Pl\u00e4tze, die weniger bekannt sind, dennoch ein gro\u00dfartiges Preis-Leistungsverh\u00e4ltnis bieten. Booking.com Fantastische Hotels [&hellip;]\" \/>\n<meta property=\"og:url\" content=\"https:\/\/www.urlaubcornwall.de\/blog\/guenstige-hotels-kent\/\" \/>\n<meta property=\"og:site_name\" content=\"Urlaub &amp; Reisen\" \/>\n<meta property=\"article:modified_time\" content=\"2021-09-14T10:26:32+00:00\" \/>\n<meta property=\"og:image\" content=\"https:\/\/www.urlaubcornwall.de\/blog\/wp-content\/uploads\/2016\/06\/folkstone-hafen-kent.jpg\" \/>\n<meta name=\"twitter:card\" content=\"summary\" \/>\n<meta name=\"twitter:label1\" content=\"Est. reading time\" \/>\n\t<meta name=\"twitter:data1\" content=\"1 minute\" \/>\n<script type=\"application\/ld+json\" class=\"yoast-schema-graph\">{\"@context\":\"https:\/\/schema.org\",\"@graph\":[{\"@type\":\"WebSite\",\"@id\":\"https:\/\/www.urlaubcornwall.de\/blog\/#website\",\"url\":\"https:\/\/www.urlaubcornwall.de\/blog\/\",\"name\":\"Urlaub &amp; Reisen\",\"description\":\"Urlaub, Reisen, Cornwall und S\u00fcdengland: eine perfekte Kombination\",\"potentialAction\":[{\"@type\":\"SearchAction\",\"target\":{\"@type\":\"EntryPoint\",\"urlTemplate\":\"https:\/\/www.urlaubcornwall.de\/blog\/?s={search_term_string}\"},\"query-input\":\"required name=search_term_string\"}],\"inLanguage\":\"en-US\"},{\"@type\":\"WebPage\",\"@id\":\"https:\/\/www.urlaubcornwall.de\/blog\/guenstige-hotels-kent\/\",\"url\":\"https:\/\/www.urlaubcornwall.de\/blog\/guenstige-hotels-kent\/\",\"name\":\"G\u00fcnstige Hotels & Angebote in Kent - Urlaub &amp; Reisen\",\"isPartOf\":{\"@id\":\"https:\/\/www.urlaubcornwall.de\/blog\/#website\"},\"datePublished\":\"2017-08-09T12:40:16+00:00\",\"dateModified\":\"2021-09-14T10:26:32+00:00\",\"breadcrumb\":{\"@id\":\"https:\/\/www.urlaubcornwall.de\/blog\/guenstige-hotels-kent\/#breadcrumb\"},\"inLanguage\":\"en-US\",\"potentialAction\":[{\"@type\":\"ReadAction\",\"target\":[\"https:\/\/www.urlaubcornwall.de\/blog\/guenstige-hotels-kent\/\"]}]},{\"@type\":\"BreadcrumbList\",\"@id\":\"https:\/\/www.urlaubcornwall.de\/blog\/guenstige-hotels-kent\/#breadcrumb\",\"itemListElement\":[{\"@type\":\"ListItem\",\"position\":1,\"name\":\"Home\",\"item\":\"https:\/\/www.urlaubcornwall.de\/blog\/\"},{\"@type\":\"ListItem\",\"position\":2,\"name\":\"G\u00fcnstige Hotels &#038; Angebote in Kent\"}]}]}<\/script>\n<!-- \/ Yoast SEO plugin. -->","yoast_head_json":{"title":"G\u00fcnstige Hotels & Angebote in Kent - Urlaub &amp; Reisen","robots":{"index":"index","follow":"follow","max-snippet":"max-snippet:-1","max-image-preview":"max-image-preview:large","max-video-preview":"max-video-preview:-1"},"canonical":"https:\/\/www.urlaubcornwall.de\/blog\/guenstige-hotels-kent\/","og_locale":"en_US","og_type":"article","og_title":"G\u00fcnstige Hotels & Angebote in Kent - Urlaub &amp; Reisen","og_description":"Kent kann durchaus als teure Urlaubsgegend erscheinen mit vielen fantastischen Hotels in Kent, die Michelin-Sterne-Speisen bieten, luxuri\u00f6se Zimmer und Wellnessbereiche. Doch es gibt viele Hotels, die f\u00fcr Reisende mit kleinerem Budget geeignet sind. UrlaubCornwall hat seinen Sitz in S\u00fcdengland, und wir suchen Pl\u00e4tze, die weniger bekannt sind, dennoch ein gro\u00dfartiges Preis-Leistungsverh\u00e4ltnis bieten. Booking.com Fantastische Hotels [&hellip;]","og_url":"https:\/\/www.urlaubcornwall.de\/blog\/guenstige-hotels-kent\/","og_site_name":"Urlaub &amp; Reisen","article_modified_time":"2021-09-14T10:26:32+00:00","og_image":[{"url":"https:\/\/www.urlaubcornwall.de\/blog\/wp-content\/uploads\/2016\/06\/folkstone-hafen-kent.jpg"}],"twitter_card":"summary","twitter_misc":{"Est. reading time":"1 minute"},"schema":{"@context":"https:\/\/schema.org","@graph":[{"@type":"WebSite","@id":"https:\/\/www.urlaubcornwall.de\/blog\/#website","url":"https:\/\/www.urlaubcornwall.de\/blog\/","name":"Urlaub &amp; Reisen","description":"Urlaub, Reisen, Cornwall und S\u00fcdengland: eine perfekte Kombination","potentialAction":[{"@type":"SearchAction","target":{"@type":"EntryPoint","urlTemplate":"https:\/\/www.urlaubcornwall.de\/blog\/?s={search_term_string}"},"query-input":"required name=search_term_string"}],"inLanguage":"en-US"},{"@type":"WebPage","@id":"https:\/\/www.urlaubcornwall.de\/blog\/guenstige-hotels-kent\/","url":"https:\/\/www.urlaubcornwall.de\/blog\/guenstige-hotels-kent\/","name":"G\u00fcnstige Hotels & Angebote in Kent - Urlaub &amp; Reisen","isPartOf":{"@id":"https:\/\/www.urlaubcornwall.de\/blog\/#website"},"datePublished":"2017-08-09T12:40:16+00:00","dateModified":"2021-09-14T10:26:32+00:00","breadcrumb":{"@id":"https:\/\/www.urlaubcornwall.de\/blog\/guenstige-hotels-kent\/#breadcrumb"},"inLanguage":"en-US","potentialAction":[{"@type":"ReadAction","target":["https:\/\/www.urlaubcornwall.de\/blog\/guenstige-hotels-kent\/"]}]},{"@type":"BreadcrumbList","@id":"https:\/\/www.urlaubcornwall.de\/blog\/guenstige-hotels-kent\/#breadcrumb","itemListElement":[{"@type":"ListItem","position":1,"name":"Home","item":"https:\/\/www.urlaubcornwall.de\/blog\/"},{"@type":"ListItem","position":2,"name":"G\u00fcnstige Hotels &#038; Angebote in Kent"}]}]}},"_links":{"self":[{"href":"https:\/\/www.urlaubcornwall.de\/blog\/wp-json\/wp\/v2\/pages\/28349"}],"collection":[{"href":"https:\/\/www.urlaubcornwall.de\/blog\/wp-json\/wp\/v2\/pages"}],"about":[{"href":"https:\/\/www.urlaubcornwall.de\/blog\/wp-json\/wp\/v2\/types\/page"}],"author":[{"embeddable":true,"href":"https:\/\/www.urlaubcornwall.de\/blog\/wp-json\/wp\/v2\/users\/1"}],"replies":[{"embeddable":true,"href":"https:\/\/www.urlaubcornwall.de\/blog\/wp-json\/wp\/v2\/comments?post=28349"}],"version-history":[{"count":6,"href":"https:\/\/www.urlaubcornwall.de\/blog\/wp-json\/wp\/v2\/pages\/28349\/revisions"}],"predecessor-version":[{"id":42740,"href":"https:\/\/www.urlaubcornwall.de\/blog\/wp-json\/wp\/v2\/pages\/28349\/revisions\/42740"}],"wp:attachment":[{"href":"https:\/\/www.urlaubcornwall.de\/blog\/wp-json\/wp\/v2\/media?parent=28349"}],"curies":[{"name":"wp","href":"https:\/\/api.w.org\/{rel}","templated":true}]}}