{"id":28317,"date":"2017-08-08T09:10:15","date_gmt":"2017-08-08T09:10:15","guid":{"rendered":"https:\/\/www.urlaubcornwall.de\/blog\/?page_id=28317"},"modified":"2021-10-05T13:15:10","modified_gmt":"2021-10-05T13:15:10","slug":"bei-uns-finden-sie-hotels-wales-meer-zum-verlieben-einfach-ist-das","status":"publish","type":"page","link":"https:\/\/www.urlaubcornwall.de\/blog\/bei-uns-finden-sie-hotels-wales-meer-zum-verlieben-einfach-ist-das\/","title":{"rendered":"Hotels in Wales mit Meerblick zum Verlieben!"},"content":{"rendered":"<p><img loading=\"lazy\" class=\"aligncenter size-full wp-image-27942\" src=\"https:\/\/www.urlaubcornwall.de\/blog\/wp-content\/uploads\/2017\/06\/wales-strand-mit-hund.jpg\" alt=\"hotels am meer wales meerblick\" width=\"749\" height=\"394\" srcset=\"https:\/\/www.urlaubcornwall.de\/blog\/wp-content\/uploads\/2017\/06\/wales-strand-mit-hund.jpg 747w, https:\/\/www.urlaubcornwall.de\/blog\/wp-content\/uploads\/2017\/06\/wales-strand-mit-hund-300x158.jpg 300w\" sizes=\"(max-width: 749px) 100vw, 749px\" \/><\/p>\n<p style=\"text-align: left;\">Die sch\u00f6nsten Hotels in Wales am Meer f\u00fcr Ihren Uraub &#8211; F\u00fcr all jene, die innerhalb von<a href=\"https:\/\/www.urlaubcornwall.de\/reiseziel\/wales.php\"> Wales wundervoller Landschaft <\/a>untergebracht sein wollen, k\u00f6nnen wir fantastische Hotels mit Meerblick anbieten, die jedem Geldbeutel gerecht werden, von Familienhotels, Last Minute Angebote und M\u00f6glichkeiten f\u00fcr Kinder bieten bis hin zu Luxus-Spa-Hotels, eleganten Herrenh\u00e4usern oder f\u00fcnf-Sterne Schloss- und Boutique-Hotels.<\/p>\n<p><strong>Suche Hotels am Meer &#8211; unsere auswahl <\/strong><\/p>\n<p><strong><a href=\"https:\/\/www.booking.com\/hotel\/gb\/the-park-tenby.en.html?aid=1320750&#038;no_rooms=1&#038;group_adults=2\" rel=\"nofollow\">The Park Hotel, Tenby<\/a><\/strong> &#8211; Mit einem herrlichen Blick \u00fcber die Bucht von Tenby erwartet Sie das The Park Hotel mit wundersch\u00f6nen Terrassen und G\u00e4rten auf den Klippen, einem Au\u00dfenpool, kostenlosem WLAN und kostenfreien Privatparkpl\u00e4tzen. Das Hotel erfreut sich einer ruhigen Lage \u00fcber dem mit der Blauen Flagge ausgezeichneten North Beach von Tenby. Der K\u00fcstenweg von Pembrokeshire verl\u00e4uft neben dem Hotelgrundst\u00fcck. In das lebhafte Stadtzentrum gelangen Sie in nur 10 Minuten zu Fu\u00df.<\/p>\n<p><a href=\"https:\/\/www.booking.com\/hotel\/gb\/the-globe-angle.en.html?aid=1320750&#038;no_rooms=1&#038;group_adults=2\" rel=\"nofollow\"><strong>The Globe Angle<\/strong><\/a> &#8211; In Pembrokeshire, 2,7 km vom Strand Freshwater West Beach entfernt, bietet das The Globe Angle Unterk\u00fcnfte mit einer Gemeinschaftslounge, kostenfreie Privatparkpl\u00e4tze, einen Garten und eine Terrasse. Dieses 5-Sterne-Hotel bietet eine Gep\u00e4ckaufbewahrung. Die Unterkunft verf\u00fcgt \u00fcber einen Whirlpool, kostenfreies WLAN im gesamten Geb\u00e4ude und Familienzimmer.<\/p>\n<p><strong><a href=\"https:\/\/www.booking.com\/hotel\/gb\/roch-castle.en.html?aid=1320750&#038;no_rooms=1&#038;group_adults=2\" rel=\"nofollow\">Roch Castle, Haverfordwest<\/a><\/strong> &#8211; Das aus dem 12. Jahrhundert stammende Roch Castle bietet eine Unterkunft auf einem Felsvorsprung mit Ausblick auf die St. Brides Bay. Das Roch Castle verf\u00fcgt \u00fcber kostenfreie Parkpl\u00e4tze und WLAN. Jedes Zimmer verf\u00fcgt \u00fcber ein eigenes Bad. Einige Badezimmer sind mit einer Dusche, andere mit einer Badewanne und einer separaten Dusche ausgestattet. Badem\u00e4ntel und Hausschuhe liegen bereit.<\/p>\n<p><strong><a href=\"https:\/\/www.booking.com\/hotel\/gb\/gwesty-ty-newydd.en.html?aid=1320750&#038;no_rooms=1&#038;group_adults=2\">Gwesty Ty Newydd<\/a><\/strong> &#8211; Mit Blick auf den Sandstrand von Aberdaron empf\u00e4ngt Sie das gut ausgestattete Bed &#038; Breakfast Gwesty Ty Newydd auf der Lleyn-Halbinsel im Nordwesten von Wales. Freuen Sie sich auf eine Bar, ein Restaurant, eine Terrasse mit Meerblick und kostenfreies WLAN.<\/p>\n<p><ins class=\"bookingaff\" data-aid=\"1701443\" data-target_aid=\"1701443\" data-prod=\"map\" data-width=\"100%\" data-height=\"590\" data-lang=\"ualng\" data-dest_id=\"0\" data-dest_type=\"landmark\" data-latitude=\"51.481581\" data-longitude=\"-3.17909\" data-mwhsb=\"0\" data-address=\"Cardiff, UK\"><br \/>\n    <!-- Anything inside will go away once widget is loaded. --><br \/>\n        <a href=\"\/\/www.booking.com?aid=1701443\" rel=\"nofollow\">Booking.com<\/a><br \/>\n<\/ins><br \/>\n<script type=\"text\/javascript\">\n    (function(d, sc, u) {\n      var s = d.createElement(sc), p = d.getElementsByTagName(sc)[0];\n      s.type = 'text\/javascript';\n      s.async = true;\n      s.src = u + '?v=' + (+new Date());\n      p.parentNode.insertBefore(s,p);\n      })(document, 'script', '\/\/aff.bstatic.com\/static\/affiliate_base\/js\/flexiproduct.js');\n<\/script><\/p>\n<div class=\"snippet\"> <a class=\"featured-item\" href=\" https:\/\/www.urlaubcornwall.de\/ferienhaeuser\/wales.php\"> <span class=\"image-holder\" style=\"background-image: url(' https:\/\/www.urlaubcornwall.de\/blog\/wp-content\/uploads\/2018\/12\/busreisen-wales-england.jpg');\"><\/span> <span class=\"featured-content\"> \n<h2 class=\"featured-title\">Bei uns finden Sie Ferienh\u00e4user in Wales zum Verlieben!<\/h2>\n<p class=\"featured-body\">Untenstehend finden Sie eine Auswahl an Selbstversorger-Ferienh\u00e4usern in Wales. Hier finden Sie handverlesene, pers\u00f6nlich inspizierte Cottages entlang der walisischen K\u00fcste&#8230;..<\/p>\n<\/span> <span class=\"featured-link-holder\"> <span class=\"featured-extra-info\"> \n<p>F\u00fcr Paare, Familien &#038; Gruppen<\/p>\n<\/span> \n<p class=\"featured-link\">DETAILS<\/p>\n<\/span> <\/a><\/div>\n<div class=\"snippet\"> <a class=\"featured-item\" href=\" https:\/\/www.urlaubcornwall.de\/rundreisen\/grossbritannien.php\"> <span class=\"image-holder\" style=\"background-image: url(' https:\/\/www.urlaubcornwall.de\/blog\/wp-content\/uploads\/2018\/11\/rundreise-cornwall.jpg ');\"><\/span> <span class=\"featured-content\"> \n<h2 class=\"featured-title\">Individuelle Rundreise in Gro\u00dfbritannien<\/h2>\n<p class=\"featured-body\">Mit Sitz im Vereinten K\u00f6nigreich und einer Reiseleidenschaft haben wir uns darin spezialisiert, individuelle Rundreisen f\u00fcr Paare, Familien oder Gruppen zusammenzustellen&#8230;.<\/p>\n<\/span> <span class=\"featured-link-holder\"> <span class=\"featured-extra-info\"> \n<p>Urlaub im eigenen Schritttempo<\/p>\n<\/span> \n<p class=\"featured-link\">DETAILS<\/p>\n<\/span> <\/a><\/div>\n<p style=\"text-align: left;\">Wales oder Cymru, wie es auf Keltisch hei\u00dft, ist \u00fcberwiegend bergiges Land im Westen Englands. Es ist ein Landstrich voller Bergketten, saftigen T\u00e4lern und alten Burgen, verf\u00fcgt \u00fcber einige der \u00e4ltesten Gesteine der Erde und den h\u00f6chsten Punkt Britanniens s\u00fcdlich der schottischen Grenze. In Wales gibt es auch drei Nationalparks; Snowdonia, Pembrokeshire und die Brecon Beacons&#8230;.. [ <a href=\"https:\/\/www.urlaubcornwall.de\/reiseziel\/wales.php\">Mehr<\/a> ]<\/p>\n","protected":false},"excerpt":{"rendered":"<p>Die sch\u00f6nsten Hotels in Wales am Meer f\u00fcr Ihren Uraub &#8211; F\u00fcr all jene, die innerhalb von Wales wundervoller Landschaft untergebracht sein wollen, k\u00f6nnen wir fantastische Hotels mit Meerblick anbieten, die jedem Geldbeutel gerecht werden, von Familienhotels, Last Minute Angebote und M\u00f6glichkeiten f\u00fcr Kinder bieten bis hin zu Luxus-Spa-Hotels, eleganten Herrenh\u00e4usern oder f\u00fcnf-Sterne Schloss- und [&hellip;]<\/p>\n","protected":false},"author":1,"featured_media":0,"parent":0,"menu_order":0,"comment_status":"closed","ping_status":"closed","template":"single-four.php","meta":[],"acf":[],"yoast_head":"<!-- This site is optimized with the Yoast SEO plugin v19.4 - https:\/\/yoast.com\/wordpress\/plugins\/seo\/ -->\n<title>Hotels in Wales mit Meerblick zum Verlieben! - Urlaub &amp; Reisen<\/title>\n<meta name=\"description\" content=\"Die sch\u00f6nsten Hotels in Wales am Meer f\u00fcr Ihren Uraub \u2013 F\u00fcr all jene, die innerhalb von Wales wundervoller Landschaft untergebracht sein wollen, k\u00f6nnen wir fantastische Hotels mit Meerblick anbieten, die jedem Geldbeutel gerecht werden, von Familienhotels, Last Minute Angebote und M\u00f6glichkeiten f\u00fcr Kinder bieten bis hin zu Luxus-Spa-Hotels, eleganten Herrenh\u00e4usern oder f\u00fcnf-Sterne Schloss- und Boutique-Hotels.\" \/>\n<meta name=\"robots\" content=\"index, follow, max-snippet:-1, max-image-preview:large, max-video-preview:-1\" \/>\n<link rel=\"canonical\" href=\"https:\/\/www.urlaubcornwall.de\/blog\/bei-uns-finden-sie-hotels-wales-meer-zum-verlieben-einfach-ist-das\/\" \/>\n<meta property=\"og:locale\" content=\"en_US\" \/>\n<meta property=\"og:type\" content=\"article\" \/>\n<meta property=\"og:title\" content=\"Hotels in Wales mit Meerblick zum Verlieben! - Urlaub &amp; Reisen\" \/>\n<meta property=\"og:description\" content=\"Die sch\u00f6nsten Hotels in Wales am Meer f\u00fcr Ihren Uraub \u2013 F\u00fcr all jene, die innerhalb von Wales wundervoller Landschaft untergebracht sein wollen, k\u00f6nnen wir fantastische Hotels mit Meerblick anbieten, die jedem Geldbeutel gerecht werden, von Familienhotels, Last Minute Angebote und M\u00f6glichkeiten f\u00fcr Kinder bieten bis hin zu Luxus-Spa-Hotels, eleganten Herrenh\u00e4usern oder f\u00fcnf-Sterne Schloss- und Boutique-Hotels.\" \/>\n<meta property=\"og:url\" content=\"https:\/\/www.urlaubcornwall.de\/blog\/bei-uns-finden-sie-hotels-wales-meer-zum-verlieben-einfach-ist-das\/\" \/>\n<meta property=\"og:site_name\" content=\"Urlaub &amp; Reisen\" \/>\n<meta property=\"article:modified_time\" content=\"2021-10-05T13:15:10+00:00\" \/>\n<meta property=\"og:image\" content=\"https:\/\/www.urlaubcornwall.de\/blog\/wp-content\/uploads\/2017\/06\/wales-strand-mit-hund.jpg\" \/>\n<meta name=\"twitter:card\" content=\"summary\" \/>\n<meta name=\"twitter:label1\" content=\"Est. reading time\" \/>\n\t<meta name=\"twitter:data1\" content=\"2 minutes\" \/>\n<script type=\"application\/ld+json\" class=\"yoast-schema-graph\">{\"@context\":\"https:\/\/schema.org\",\"@graph\":[{\"@type\":\"WebSite\",\"@id\":\"https:\/\/www.urlaubcornwall.de\/blog\/#website\",\"url\":\"https:\/\/www.urlaubcornwall.de\/blog\/\",\"name\":\"Urlaub &amp; Reisen\",\"description\":\"Urlaub, Reisen, Cornwall und S\u00fcdengland: eine perfekte Kombination\",\"potentialAction\":[{\"@type\":\"SearchAction\",\"target\":{\"@type\":\"EntryPoint\",\"urlTemplate\":\"https:\/\/www.urlaubcornwall.de\/blog\/?s={search_term_string}\"},\"query-input\":\"required name=search_term_string\"}],\"inLanguage\":\"en-US\"},{\"@type\":\"WebPage\",\"@id\":\"https:\/\/www.urlaubcornwall.de\/blog\/bei-uns-finden-sie-hotels-wales-meer-zum-verlieben-einfach-ist-das\/\",\"url\":\"https:\/\/www.urlaubcornwall.de\/blog\/bei-uns-finden-sie-hotels-wales-meer-zum-verlieben-einfach-ist-das\/\",\"name\":\"Hotels in Wales mit Meerblick zum Verlieben! - Urlaub &amp; Reisen\",\"isPartOf\":{\"@id\":\"https:\/\/www.urlaubcornwall.de\/blog\/#website\"},\"datePublished\":\"2017-08-08T09:10:15+00:00\",\"dateModified\":\"2021-10-05T13:15:10+00:00\",\"description\":\"Die sch\u00f6nsten Hotels in Wales am Meer f\u00fcr Ihren Uraub \u2013 F\u00fcr all jene, die innerhalb von Wales wundervoller Landschaft untergebracht sein wollen, k\u00f6nnen wir fantastische Hotels mit Meerblick anbieten, die jedem Geldbeutel gerecht werden, von Familienhotels, Last Minute Angebote und M\u00f6glichkeiten f\u00fcr Kinder bieten bis hin zu Luxus-Spa-Hotels, eleganten Herrenh\u00e4usern oder f\u00fcnf-Sterne Schloss- und Boutique-Hotels.\",\"breadcrumb\":{\"@id\":\"https:\/\/www.urlaubcornwall.de\/blog\/bei-uns-finden-sie-hotels-wales-meer-zum-verlieben-einfach-ist-das\/#breadcrumb\"},\"inLanguage\":\"en-US\",\"potentialAction\":[{\"@type\":\"ReadAction\",\"target\":[\"https:\/\/www.urlaubcornwall.de\/blog\/bei-uns-finden-sie-hotels-wales-meer-zum-verlieben-einfach-ist-das\/\"]}]},{\"@type\":\"BreadcrumbList\",\"@id\":\"https:\/\/www.urlaubcornwall.de\/blog\/bei-uns-finden-sie-hotels-wales-meer-zum-verlieben-einfach-ist-das\/#breadcrumb\",\"itemListElement\":[{\"@type\":\"ListItem\",\"position\":1,\"name\":\"Home\",\"item\":\"https:\/\/www.urlaubcornwall.de\/blog\/\"},{\"@type\":\"ListItem\",\"position\":2,\"name\":\"Hotels in Wales mit Meerblick zum Verlieben!\"}]}]}<\/script>\n<!-- \/ Yoast SEO plugin. -->","yoast_head_json":{"title":"Hotels in Wales mit Meerblick zum Verlieben! - Urlaub &amp; Reisen","description":"Die sch\u00f6nsten Hotels in Wales am Meer f\u00fcr Ihren Uraub \u2013 F\u00fcr all jene, die innerhalb von Wales wundervoller Landschaft untergebracht sein wollen, k\u00f6nnen wir fantastische Hotels mit Meerblick anbieten, die jedem Geldbeutel gerecht werden, von Familienhotels, Last Minute Angebote und M\u00f6glichkeiten f\u00fcr Kinder bieten bis hin zu Luxus-Spa-Hotels, eleganten Herrenh\u00e4usern oder f\u00fcnf-Sterne Schloss- und Boutique-Hotels.","robots":{"index":"index","follow":"follow","max-snippet":"max-snippet:-1","max-image-preview":"max-image-preview:large","max-video-preview":"max-video-preview:-1"},"canonical":"https:\/\/www.urlaubcornwall.de\/blog\/bei-uns-finden-sie-hotels-wales-meer-zum-verlieben-einfach-ist-das\/","og_locale":"en_US","og_type":"article","og_title":"Hotels in Wales mit Meerblick zum Verlieben! - Urlaub &amp; Reisen","og_description":"Die sch\u00f6nsten Hotels in Wales am Meer f\u00fcr Ihren Uraub \u2013 F\u00fcr all jene, die innerhalb von Wales wundervoller Landschaft untergebracht sein wollen, k\u00f6nnen wir fantastische Hotels mit Meerblick anbieten, die jedem Geldbeutel gerecht werden, von Familienhotels, Last Minute Angebote und M\u00f6glichkeiten f\u00fcr Kinder bieten bis hin zu Luxus-Spa-Hotels, eleganten Herrenh\u00e4usern oder f\u00fcnf-Sterne Schloss- und Boutique-Hotels.","og_url":"https:\/\/www.urlaubcornwall.de\/blog\/bei-uns-finden-sie-hotels-wales-meer-zum-verlieben-einfach-ist-das\/","og_site_name":"Urlaub &amp; Reisen","article_modified_time":"2021-10-05T13:15:10+00:00","og_image":[{"url":"https:\/\/www.urlaubcornwall.de\/blog\/wp-content\/uploads\/2017\/06\/wales-strand-mit-hund.jpg"}],"twitter_card":"summary","twitter_misc":{"Est. reading time":"2 minutes"},"schema":{"@context":"https:\/\/schema.org","@graph":[{"@type":"WebSite","@id":"https:\/\/www.urlaubcornwall.de\/blog\/#website","url":"https:\/\/www.urlaubcornwall.de\/blog\/","name":"Urlaub &amp; Reisen","description":"Urlaub, Reisen, Cornwall und S\u00fcdengland: eine perfekte Kombination","potentialAction":[{"@type":"SearchAction","target":{"@type":"EntryPoint","urlTemplate":"https:\/\/www.urlaubcornwall.de\/blog\/?s={search_term_string}"},"query-input":"required name=search_term_string"}],"inLanguage":"en-US"},{"@type":"WebPage","@id":"https:\/\/www.urlaubcornwall.de\/blog\/bei-uns-finden-sie-hotels-wales-meer-zum-verlieben-einfach-ist-das\/","url":"https:\/\/www.urlaubcornwall.de\/blog\/bei-uns-finden-sie-hotels-wales-meer-zum-verlieben-einfach-ist-das\/","name":"Hotels in Wales mit Meerblick zum Verlieben! - Urlaub &amp; Reisen","isPartOf":{"@id":"https:\/\/www.urlaubcornwall.de\/blog\/#website"},"datePublished":"2017-08-08T09:10:15+00:00","dateModified":"2021-10-05T13:15:10+00:00","description":"Die sch\u00f6nsten Hotels in Wales am Meer f\u00fcr Ihren Uraub \u2013 F\u00fcr all jene, die innerhalb von Wales wundervoller Landschaft untergebracht sein wollen, k\u00f6nnen wir fantastische Hotels mit Meerblick anbieten, die jedem Geldbeutel gerecht werden, von Familienhotels, Last Minute Angebote und M\u00f6glichkeiten f\u00fcr Kinder bieten bis hin zu Luxus-Spa-Hotels, eleganten Herrenh\u00e4usern oder f\u00fcnf-Sterne Schloss- und Boutique-Hotels.","breadcrumb":{"@id":"https:\/\/www.urlaubcornwall.de\/blog\/bei-uns-finden-sie-hotels-wales-meer-zum-verlieben-einfach-ist-das\/#breadcrumb"},"inLanguage":"en-US","potentialAction":[{"@type":"ReadAction","target":["https:\/\/www.urlaubcornwall.de\/blog\/bei-uns-finden-sie-hotels-wales-meer-zum-verlieben-einfach-ist-das\/"]}]},{"@type":"BreadcrumbList","@id":"https:\/\/www.urlaubcornwall.de\/blog\/bei-uns-finden-sie-hotels-wales-meer-zum-verlieben-einfach-ist-das\/#breadcrumb","itemListElement":[{"@type":"ListItem","position":1,"name":"Home","item":"https:\/\/www.urlaubcornwall.de\/blog\/"},{"@type":"ListItem","position":2,"name":"Hotels in Wales mit Meerblick zum Verlieben!"}]}]}},"_links":{"self":[{"href":"https:\/\/www.urlaubcornwall.de\/blog\/wp-json\/wp\/v2\/pages\/28317"}],"collection":[{"href":"https:\/\/www.urlaubcornwall.de\/blog\/wp-json\/wp\/v2\/pages"}],"about":[{"href":"https:\/\/www.urlaubcornwall.de\/blog\/wp-json\/wp\/v2\/types\/page"}],"author":[{"embeddable":true,"href":"https:\/\/www.urlaubcornwall.de\/blog\/wp-json\/wp\/v2\/users\/1"}],"replies":[{"embeddable":true,"href":"https:\/\/www.urlaubcornwall.de\/blog\/wp-json\/wp\/v2\/comments?post=28317"}],"version-history":[{"count":13,"href":"https:\/\/www.urlaubcornwall.de\/blog\/wp-json\/wp\/v2\/pages\/28317\/revisions"}],"predecessor-version":[{"id":28323,"href":"https:\/\/www.urlaubcornwall.de\/blog\/wp-json\/wp\/v2\/pages\/28317\/revisions\/28323"}],"wp:attachment":[{"href":"https:\/\/www.urlaubcornwall.de\/blog\/wp-json\/wp\/v2\/media?parent=28317"}],"curies":[{"name":"wp","href":"https:\/\/api.w.org\/{rel}","templated":true}]}}