{"id":28306,"date":"2017-08-07T12:58:38","date_gmt":"2017-08-07T12:58:38","guid":{"rendered":"https:\/\/www.urlaubcornwall.de\/blog\/?page_id=28306"},"modified":"2024-05-27T23:14:04","modified_gmt":"2024-05-27T23:14:04","slug":"bei-uns-finden-sie-romantische-hotels-kent-zum-verlieben-einfach-ist-das","status":"publish","type":"page","link":"https:\/\/www.urlaubcornwall.de\/blog\/bei-uns-finden-sie-romantische-hotels-kent-zum-verlieben-einfach-ist-das\/","title":{"rendered":"Bei uns finden Sie Romantische Hotels in Kent zum Verlieben!"},"content":{"rendered":"<p><a href=\"https:\/\/www.urlaubcornwall.de\/blog\/wp-content\/uploads\/2024\/03\/hever-castle.jpg\"><img loading=\"lazy\" src=\"https:\/\/www.urlaubcornwall.de\/blog\/wp-content\/uploads\/2024\/03\/hever-castle.jpg\" alt=\"hever castle\" width=\"750\" height=\"500\" class=\"alignnone size-full wp-image-47986\" srcset=\"https:\/\/www.urlaubcornwall.de\/blog\/wp-content\/uploads\/2024\/03\/hever-castle.jpg 750w, https:\/\/www.urlaubcornwall.de\/blog\/wp-content\/uploads\/2024\/03\/hever-castle-300x200.jpg 300w\" sizes=\"(max-width: 750px) 100vw, 750px\" \/><\/a><br \/>\n<strong>Romantische Hotels in Kent<\/strong><\/p>\n<p>F\u00fcr all jene, die innerhalb von<a href=\"https:\/\/www.urlaubcornwall.de\/reiseziel\/kent.php\"> Kents wundervoller Landschaft <\/a>untergebracht sein wollen, k\u00f6nnen wir fantastische Hotels mit Meerblick anbieten, die jedem Geldbeutel gerecht werden, von B&amp;Bs oder Familienhotels, die ein gro\u00dfartiges Preis-Leistungsverh\u00e4ltnis, Last Minute Angebote und M\u00f6glichkeiten f\u00fcr Kinder bieten bis hin zu Luxus-Spa-Hotels, eleganten Herrenh\u00e4usern oder f\u00fcnf-Sterne Schloss- und Boutique-Hotels.<br \/>\n<ins class=\"bookingaff\" data-aid=\"1332158\" data-target_aid=\"1320750\" data-prod=\"nsb\" data-width=\"100%\" data-height=\"auto\" data-lang=\"de\" data-currency=\"EUR\" data-dest_id=\"1107\" data-dest_type=\"region\"><br \/>\n<!-- Anything inside will go away once widget is loaded. --><br \/>\n<a href=\"\/\/www.booking.com?aid=1320750\" rel=\"nofollow\">Booking.com<\/a><br \/>\n<\/ins><br \/>\n<script type=\"text\/javascript\">\n    (function(d, sc, u) {\n      var s = d.createElement(sc), p = d.getElementsByTagName(sc)[0];\n      s.type = 'text\/javascript';\n      s.async = true;\n      s.src = u + '?v=' + (+new Date());\n      p.parentNode.insertBefore(s,p);\n      })(document, 'script', '\/\/aff.bstatic.com\/static\/affiliate_base\/js\/flexiproduct.js');\n<\/script><\/p>\n<p>Kent, der \u2018Garten Englands\u2019, mit seinen sanft gewellten H\u00fcgeln und reichlichen Obstg\u00e4rten ist bekannt f\u00fcr seine Hopfeng\u00e4rten und Trockenh\u00e4user, wie auch eine wachsende Winzerindustrie. Die K\u00fcste ist vielf\u00e4ltig und doch spektakul\u00e4r mit sieben wundervollen Sandbuchten entlang der Thanet K\u00fcste bis hin zu den farbenpr\u00e4chtigen Steinstr\u00e4nden, die von <a href=\"https:\/\/www.urlaubcornwall.de\/blog\/sandwich-kent-unterkunft-sehenswuerdigkeiten-und-geschichte\/\">Sandwich<\/a> nach <a href=\"https:\/\/www.urlaubcornwall.de\/blog\/urlaub-folkstone-sehenswuerdigkeiten-unterkunft-und-geschichte\/\">Hythe<\/a> reichen, gespickt mit einem Reichtum an Geschichte; unsere prachtvollen <a href=\"https:\/\/www.urlaubcornwall.de\/blog\/gaerten-schloesser-burgen-und-herrenhaeuser-in-kent\/\">Schl\u00f6sser<\/a> und Geschichten des Schmuggels, um nur zwei zu nennen.<\/p>\n<p style=\"text-align: center;\"><strong><span id=\"result_box\" class=\"short_text\" lang=\"de\"><span class=\"\">St\u00e4dte in der N\u00e4he<\/span><\/span><\/strong><\/p>\n<p style=\"text-align: center;\"><a href=\"https:\/\/www.urlaubcornwall.de\/blog\/bei-uns-finden-sie-hotels-canterbury-zum-verlieben-einfach-ist-das\/\">Canterbury<\/a> , <a href=\"https:\/\/www.urlaubcornwall.de\/blog\/bei-uns-finden-sie-hotels-dover-zum-verlieben-einfach-ist-das\/\">Dover<\/a> , <a href=\"https:\/\/www.urlaubcornwall.de\/blog\/bei-uns-finden-sie-hotels-maidstone-zum-verlieben-einfach-ist-das\/\">Maidstone<\/a> , <a href=\"https:\/\/www.urlaubcornwall.de\/blog\/bei-uns-finden-sie-hotels-margate-zum-verlieben-einfach-ist-das\/\">Margate<\/a> , <a href=\"https:\/\/www.urlaubcornwall.de\/blog\/bei-uns-finden-sie-hotels-sandwich-zum-verlieben-einfach-ist-das\/\">Sandwich<\/a> , <a href=\"https:\/\/www.urlaubcornwall.de\/blog\/bei-uns-finden-sie-hotels-sevenoaks-zum-verlieben-einfach-ist-das\/\">Sevenoaks<\/a> , <a href=\"https:\/\/www.urlaubcornwall.de\/blog\/bei-uns-finden-sie-hotels-tonbridge-zum-verlieben-einfach-ist-das\/\">Tonbridge<\/a> , <a href=\"https:\/\/www.urlaubcornwall.de\/blog\/bei-uns-finden-sie-hotels-tunbridge-wells-zum-verlieben-einfach-ist-das\/\">Tunbridge Wells<\/a><\/p>\n<p style=\"text-align: center;\"><a class=\"tidycta\" href=\"https:\/\/www.urlaubcornwall.de\/blog\/bei-uns-finden-sie-hotels-kent-zum-verlieben-einfach-ist-das\/\">Suche Hotels in Kent&gt;&gt;<\/a><\/p>\n\n","protected":false},"excerpt":{"rendered":"<p>Romantische Hotels in Kent F\u00fcr all jene, die innerhalb von Kents wundervoller Landschaft untergebracht sein wollen, k\u00f6nnen wir fantastische Hotels mit Meerblick anbieten, die jedem Geldbeutel gerecht werden, von B&amp;Bs oder Familienhotels, die ein gro\u00dfartiges Preis-Leistungsverh\u00e4ltnis, Last Minute Angebote und M\u00f6glichkeiten f\u00fcr Kinder bieten bis hin zu Luxus-Spa-Hotels, eleganten Herrenh\u00e4usern oder f\u00fcnf-Sterne Schloss- und Boutique-Hotels. [&hellip;]<\/p>\n","protected":false},"author":1,"featured_media":0,"parent":0,"menu_order":0,"comment_status":"closed","ping_status":"closed","template":"single-four.php","meta":[],"acf":[],"yoast_head":"<!-- This site is optimized with the Yoast SEO plugin v19.4 - https:\/\/yoast.com\/wordpress\/plugins\/seo\/ -->\n<title>Bei uns finden Sie Romantische Hotels in Kent zum Verlieben! - Urlaub &amp; Reisen<\/title>\n<meta name=\"robots\" content=\"index, follow, max-snippet:-1, max-image-preview:large, max-video-preview:-1\" \/>\n<link rel=\"canonical\" href=\"https:\/\/www.urlaubcornwall.de\/blog\/bei-uns-finden-sie-romantische-hotels-kent-zum-verlieben-einfach-ist-das\/\" \/>\n<meta property=\"og:locale\" content=\"en_US\" \/>\n<meta property=\"og:type\" content=\"article\" \/>\n<meta property=\"og:title\" content=\"Bei uns finden Sie Romantische Hotels in Kent zum Verlieben! - Urlaub &amp; Reisen\" \/>\n<meta property=\"og:description\" content=\"Romantische Hotels in Kent F\u00fcr all jene, die innerhalb von Kents wundervoller Landschaft untergebracht sein wollen, k\u00f6nnen wir fantastische Hotels mit Meerblick anbieten, die jedem Geldbeutel gerecht werden, von B&amp;Bs oder Familienhotels, die ein gro\u00dfartiges Preis-Leistungsverh\u00e4ltnis, Last Minute Angebote und M\u00f6glichkeiten f\u00fcr Kinder bieten bis hin zu Luxus-Spa-Hotels, eleganten Herrenh\u00e4usern oder f\u00fcnf-Sterne Schloss- und Boutique-Hotels. [&hellip;]\" \/>\n<meta property=\"og:url\" content=\"https:\/\/www.urlaubcornwall.de\/blog\/bei-uns-finden-sie-romantische-hotels-kent-zum-verlieben-einfach-ist-das\/\" \/>\n<meta property=\"og:site_name\" content=\"Urlaub &amp; Reisen\" \/>\n<meta property=\"article:modified_time\" content=\"2024-05-27T23:14:04+00:00\" \/>\n<meta property=\"og:image\" content=\"https:\/\/www.urlaubcornwall.de\/blog\/wp-content\/uploads\/2024\/03\/hever-castle.jpg\" \/>\n<meta name=\"twitter:card\" content=\"summary\" \/>\n<meta name=\"twitter:label1\" content=\"Est. reading time\" \/>\n\t<meta name=\"twitter:data1\" content=\"1 minute\" \/>\n<script type=\"application\/ld+json\" class=\"yoast-schema-graph\">{\"@context\":\"https:\/\/schema.org\",\"@graph\":[{\"@type\":\"WebSite\",\"@id\":\"https:\/\/www.urlaubcornwall.de\/blog\/#website\",\"url\":\"https:\/\/www.urlaubcornwall.de\/blog\/\",\"name\":\"Urlaub &amp; Reisen\",\"description\":\"Urlaub, Reisen, Cornwall und S\u00fcdengland: eine perfekte Kombination\",\"potentialAction\":[{\"@type\":\"SearchAction\",\"target\":{\"@type\":\"EntryPoint\",\"urlTemplate\":\"https:\/\/www.urlaubcornwall.de\/blog\/?s={search_term_string}\"},\"query-input\":\"required name=search_term_string\"}],\"inLanguage\":\"en-US\"},{\"@type\":\"WebPage\",\"@id\":\"https:\/\/www.urlaubcornwall.de\/blog\/bei-uns-finden-sie-romantische-hotels-kent-zum-verlieben-einfach-ist-das\/\",\"url\":\"https:\/\/www.urlaubcornwall.de\/blog\/bei-uns-finden-sie-romantische-hotels-kent-zum-verlieben-einfach-ist-das\/\",\"name\":\"Bei uns finden Sie Romantische Hotels in Kent zum Verlieben! - Urlaub &amp; Reisen\",\"isPartOf\":{\"@id\":\"https:\/\/www.urlaubcornwall.de\/blog\/#website\"},\"datePublished\":\"2017-08-07T12:58:38+00:00\",\"dateModified\":\"2024-05-27T23:14:04+00:00\",\"breadcrumb\":{\"@id\":\"https:\/\/www.urlaubcornwall.de\/blog\/bei-uns-finden-sie-romantische-hotels-kent-zum-verlieben-einfach-ist-das\/#breadcrumb\"},\"inLanguage\":\"en-US\",\"potentialAction\":[{\"@type\":\"ReadAction\",\"target\":[\"https:\/\/www.urlaubcornwall.de\/blog\/bei-uns-finden-sie-romantische-hotels-kent-zum-verlieben-einfach-ist-das\/\"]}]},{\"@type\":\"BreadcrumbList\",\"@id\":\"https:\/\/www.urlaubcornwall.de\/blog\/bei-uns-finden-sie-romantische-hotels-kent-zum-verlieben-einfach-ist-das\/#breadcrumb\",\"itemListElement\":[{\"@type\":\"ListItem\",\"position\":1,\"name\":\"Home\",\"item\":\"https:\/\/www.urlaubcornwall.de\/blog\/\"},{\"@type\":\"ListItem\",\"position\":2,\"name\":\"Bei uns finden Sie Romantische Hotels in Kent zum Verlieben!\"}]}]}<\/script>\n<!-- \/ Yoast SEO plugin. -->","yoast_head_json":{"title":"Bei uns finden Sie Romantische Hotels in Kent zum Verlieben! - Urlaub &amp; Reisen","robots":{"index":"index","follow":"follow","max-snippet":"max-snippet:-1","max-image-preview":"max-image-preview:large","max-video-preview":"max-video-preview:-1"},"canonical":"https:\/\/www.urlaubcornwall.de\/blog\/bei-uns-finden-sie-romantische-hotels-kent-zum-verlieben-einfach-ist-das\/","og_locale":"en_US","og_type":"article","og_title":"Bei uns finden Sie Romantische Hotels in Kent zum Verlieben! - Urlaub &amp; Reisen","og_description":"Romantische Hotels in Kent F\u00fcr all jene, die innerhalb von Kents wundervoller Landschaft untergebracht sein wollen, k\u00f6nnen wir fantastische Hotels mit Meerblick anbieten, die jedem Geldbeutel gerecht werden, von B&amp;Bs oder Familienhotels, die ein gro\u00dfartiges Preis-Leistungsverh\u00e4ltnis, Last Minute Angebote und M\u00f6glichkeiten f\u00fcr Kinder bieten bis hin zu Luxus-Spa-Hotels, eleganten Herrenh\u00e4usern oder f\u00fcnf-Sterne Schloss- und Boutique-Hotels. [&hellip;]","og_url":"https:\/\/www.urlaubcornwall.de\/blog\/bei-uns-finden-sie-romantische-hotels-kent-zum-verlieben-einfach-ist-das\/","og_site_name":"Urlaub &amp; Reisen","article_modified_time":"2024-05-27T23:14:04+00:00","og_image":[{"url":"https:\/\/www.urlaubcornwall.de\/blog\/wp-content\/uploads\/2024\/03\/hever-castle.jpg"}],"twitter_card":"summary","twitter_misc":{"Est. reading time":"1 minute"},"schema":{"@context":"https:\/\/schema.org","@graph":[{"@type":"WebSite","@id":"https:\/\/www.urlaubcornwall.de\/blog\/#website","url":"https:\/\/www.urlaubcornwall.de\/blog\/","name":"Urlaub &amp; Reisen","description":"Urlaub, Reisen, Cornwall und S\u00fcdengland: eine perfekte Kombination","potentialAction":[{"@type":"SearchAction","target":{"@type":"EntryPoint","urlTemplate":"https:\/\/www.urlaubcornwall.de\/blog\/?s={search_term_string}"},"query-input":"required name=search_term_string"}],"inLanguage":"en-US"},{"@type":"WebPage","@id":"https:\/\/www.urlaubcornwall.de\/blog\/bei-uns-finden-sie-romantische-hotels-kent-zum-verlieben-einfach-ist-das\/","url":"https:\/\/www.urlaubcornwall.de\/blog\/bei-uns-finden-sie-romantische-hotels-kent-zum-verlieben-einfach-ist-das\/","name":"Bei uns finden Sie Romantische Hotels in Kent zum Verlieben! - Urlaub &amp; Reisen","isPartOf":{"@id":"https:\/\/www.urlaubcornwall.de\/blog\/#website"},"datePublished":"2017-08-07T12:58:38+00:00","dateModified":"2024-05-27T23:14:04+00:00","breadcrumb":{"@id":"https:\/\/www.urlaubcornwall.de\/blog\/bei-uns-finden-sie-romantische-hotels-kent-zum-verlieben-einfach-ist-das\/#breadcrumb"},"inLanguage":"en-US","potentialAction":[{"@type":"ReadAction","target":["https:\/\/www.urlaubcornwall.de\/blog\/bei-uns-finden-sie-romantische-hotels-kent-zum-verlieben-einfach-ist-das\/"]}]},{"@type":"BreadcrumbList","@id":"https:\/\/www.urlaubcornwall.de\/blog\/bei-uns-finden-sie-romantische-hotels-kent-zum-verlieben-einfach-ist-das\/#breadcrumb","itemListElement":[{"@type":"ListItem","position":1,"name":"Home","item":"https:\/\/www.urlaubcornwall.de\/blog\/"},{"@type":"ListItem","position":2,"name":"Bei uns finden Sie Romantische Hotels in Kent zum Verlieben!"}]}]}},"_links":{"self":[{"href":"https:\/\/www.urlaubcornwall.de\/blog\/wp-json\/wp\/v2\/pages\/28306"}],"collection":[{"href":"https:\/\/www.urlaubcornwall.de\/blog\/wp-json\/wp\/v2\/pages"}],"about":[{"href":"https:\/\/www.urlaubcornwall.de\/blog\/wp-json\/wp\/v2\/types\/page"}],"author":[{"embeddable":true,"href":"https:\/\/www.urlaubcornwall.de\/blog\/wp-json\/wp\/v2\/users\/1"}],"replies":[{"embeddable":true,"href":"https:\/\/www.urlaubcornwall.de\/blog\/wp-json\/wp\/v2\/comments?post=28306"}],"version-history":[{"count":3,"href":"https:\/\/www.urlaubcornwall.de\/blog\/wp-json\/wp\/v2\/pages\/28306\/revisions"}],"predecessor-version":[{"id":50292,"href":"https:\/\/www.urlaubcornwall.de\/blog\/wp-json\/wp\/v2\/pages\/28306\/revisions\/50292"}],"wp:attachment":[{"href":"https:\/\/www.urlaubcornwall.de\/blog\/wp-json\/wp\/v2\/media?parent=28306"}],"curies":[{"name":"wp","href":"https:\/\/api.w.org\/{rel}","templated":true}]}}