{"id":28115,"date":"2017-07-12T15:59:58","date_gmt":"2017-07-12T15:59:58","guid":{"rendered":"https:\/\/www.urlaubcornwall.de\/blog\/?page_id=28115"},"modified":"2021-09-14T15:01:08","modified_gmt":"2021-09-14T15:01:08","slug":"2-schlafzimmer-ferienhaus-auf-st-marys-mit-meeresblick","status":"publish","type":"page","link":"https:\/\/www.urlaubcornwall.de\/blog\/2-schlafzimmer-ferienhaus-auf-st-marys-mit-meeresblick\/","title":{"rendered":"2 Schlafzimmer Ferienhaus Isles of Scilly mit Meerblick"},"content":{"rendered":"<p><strong>Ferienh\u00e4user auf den Scilly Inseln<\/strong> &#8211; Hugh Town, St Mary\u2019s f\u00fcr 4 Personen + 2 Kinderbetten, hundefreundlich<\/p>\n<p>Dieses Ferienhaus hat 2 Schlafzimmer und befindet sich in erstklassiger Lage mit Blick \u00fcber den Hafen und Sandstr\u00e4nde hinweg. Es ist ein idealer Ort, um Urlaub mit Familie und Freunden auf den Isles of Scilly zu verbringen. Dieses Ferienhaus akzeptiert Hunde.<\/p>\n<p><strong>Untergeschoss<\/strong><\/p>\n<p>Unten f\u00fchrt die Eingangshalle in einen offenen K\u00fcchen-\/Ess- und Wohnbereich.<\/p>\n<p>Zum Kochen gibt es einen Herd, Backofen und Mikrowelle, sowie s\u00e4mtliche Utensilien, Geschirr und Gl\u00e4ser. Tisch und St\u00fchle bieten bis zu 4 G\u00e4sten Platz, und auf Nachfrage sind Hochst\u00fchle erh\u00e4ltlich. Es gibt eine Treppe in den ersten Stock.<\/p>\n<p>Das Wohnzimmer mit Blick \u00fcber den Hafen hat ein bequemes Sofa und ist ausgestattet mit einem TV, Blu-ray \/ DVD Player, sowie HiFi. Es gibt im Cottage eine kleine Auswahl an DVDs, Ortsf\u00fchrern und Karten.<br \/>\nEingangsbereich und Eingangshalle haben ein Schuhregal, sowie zahlreiche Kleiderhaken, au\u00dferdem gibt es unten eine Garderobe.<\/p>\n<p style=\"text-align: center;\"><a class=\"tidycta\" href=\"https:\/\/www.urlaubcornwall.de\/Scilly-Inseln\/reiseservice.php\">Reiseservice f\u00fcr die Scilly-Inseln<\/a><\/p>\n<p><strong>Obergeschoss<\/strong><\/p>\n<p>Oben befinden sich 2 Schlafzimmer und ein Badezimmer.<\/p>\n<p>Schlafzimmer 1 \u2013 kann als Zwillings- oder Doppelbettzimmer genutzt werden und hat ein Schubladenschr\u00e4nkchen. Vom Fenster aus haben Sie herrlichen Meeresblick.<\/p>\n<p>Schlafzimmer 2 \u2013 ein Zwillingszimmer mit Schubladenschr\u00e4nkchen.<\/p>\n<p>Familienbadezimmer \u2013 mit Bad und Dusche dar\u00fcber.<\/p>\n<p><strong>Tarif<\/strong><\/p>\n<p>Raten f\u00fcr 7 N\u00e4chte dieses Jahr beginnen bei \u00a3525 w\u00e4hrend der Wintermonate und bis zu \u00a31,500 w\u00e4hrend der Hochsaison.<\/p>\n<p>F\u00fcr das Jahr 2019 beginnen Raten f\u00fcr 7 N\u00e4chte bei \u00a3460 w\u00e4hrend der Wintermonate und bis zu \u00a31,650 w\u00e4hrend der Hochsaison.<\/p>\n<p>In der Nebensaison bieten wir auch Kurzurlaube von 3 oder 4 N\u00e4chten f\u00fcr Selbstversorger an.<\/p>\n<p>Bei einem Aufenthalt von 7 N\u00e4chten ist der An- und Abreisetag Freitag.<\/p>\n<p style=\"text-align: center;\">Sie sich doch unsere vollst\u00e4ndige Sammlung an, um das <a href=\"https:\/\/www.urlaubcornwall.de\/scilly-inseln-ferienhaeuser-fewos.php\"><strong>perfekte Feriencottage zu finden<\/strong><\/a>.<\/p>\n","protected":false},"excerpt":{"rendered":"<p>Ferienh\u00e4user auf den Scilly Inseln &#8211; Hugh Town, St Mary\u2019s f\u00fcr 4 Personen + 2 Kinderbetten, hundefreundlich Dieses Ferienhaus hat 2 Schlafzimmer und befindet sich in erstklassiger Lage mit Blick \u00fcber den Hafen und Sandstr\u00e4nde hinweg. Es ist ein idealer Ort, um Urlaub mit Familie und Freunden auf den Isles of Scilly zu verbringen. Dieses [&hellip;]<\/p>\n","protected":false},"author":1,"featured_media":0,"parent":0,"menu_order":0,"comment_status":"closed","ping_status":"closed","template":"single-two.php","meta":[],"acf":[],"yoast_head":"<!-- This site is optimized with the Yoast SEO plugin v19.4 - https:\/\/yoast.com\/wordpress\/plugins\/seo\/ -->\n<title>2 Schlafzimmer Ferienhaus Isles of Scilly mit Meerblick - Urlaub &amp; Reisen<\/title>\n<meta name=\"robots\" content=\"index, follow, max-snippet:-1, max-image-preview:large, max-video-preview:-1\" \/>\n<link rel=\"canonical\" href=\"https:\/\/www.urlaubcornwall.de\/blog\/2-schlafzimmer-ferienhaus-auf-st-marys-mit-meeresblick\/\" \/>\n<meta property=\"og:locale\" content=\"en_US\" \/>\n<meta property=\"og:type\" content=\"article\" \/>\n<meta property=\"og:title\" content=\"2 Schlafzimmer Ferienhaus Isles of Scilly mit Meerblick - Urlaub &amp; Reisen\" \/>\n<meta property=\"og:description\" content=\"Ferienh\u00e4user auf den Scilly Inseln &#8211; Hugh Town, St Mary\u2019s f\u00fcr 4 Personen + 2 Kinderbetten, hundefreundlich Dieses Ferienhaus hat 2 Schlafzimmer und befindet sich in erstklassiger Lage mit Blick \u00fcber den Hafen und Sandstr\u00e4nde hinweg. Es ist ein idealer Ort, um Urlaub mit Familie und Freunden auf den Isles of Scilly zu verbringen. Dieses [&hellip;]\" \/>\n<meta property=\"og:url\" content=\"https:\/\/www.urlaubcornwall.de\/blog\/2-schlafzimmer-ferienhaus-auf-st-marys-mit-meeresblick\/\" \/>\n<meta property=\"og:site_name\" content=\"Urlaub &amp; Reisen\" \/>\n<meta property=\"article:modified_time\" content=\"2021-09-14T15:01:08+00:00\" \/>\n<meta name=\"twitter:card\" content=\"summary\" \/>\n<meta name=\"twitter:label1\" content=\"Est. reading time\" \/>\n\t<meta name=\"twitter:data1\" content=\"1 minute\" \/>\n<script type=\"application\/ld+json\" class=\"yoast-schema-graph\">{\"@context\":\"https:\/\/schema.org\",\"@graph\":[{\"@type\":\"WebSite\",\"@id\":\"https:\/\/www.urlaubcornwall.de\/blog\/#website\",\"url\":\"https:\/\/www.urlaubcornwall.de\/blog\/\",\"name\":\"Urlaub &amp; Reisen\",\"description\":\"Urlaub, Reisen, Cornwall und S\u00fcdengland: eine perfekte Kombination\",\"potentialAction\":[{\"@type\":\"SearchAction\",\"target\":{\"@type\":\"EntryPoint\",\"urlTemplate\":\"https:\/\/www.urlaubcornwall.de\/blog\/?s={search_term_string}\"},\"query-input\":\"required name=search_term_string\"}],\"inLanguage\":\"en-US\"},{\"@type\":\"WebPage\",\"@id\":\"https:\/\/www.urlaubcornwall.de\/blog\/2-schlafzimmer-ferienhaus-auf-st-marys-mit-meeresblick\/\",\"url\":\"https:\/\/www.urlaubcornwall.de\/blog\/2-schlafzimmer-ferienhaus-auf-st-marys-mit-meeresblick\/\",\"name\":\"2 Schlafzimmer Ferienhaus Isles of Scilly mit Meerblick - Urlaub &amp; Reisen\",\"isPartOf\":{\"@id\":\"https:\/\/www.urlaubcornwall.de\/blog\/#website\"},\"datePublished\":\"2017-07-12T15:59:58+00:00\",\"dateModified\":\"2021-09-14T15:01:08+00:00\",\"breadcrumb\":{\"@id\":\"https:\/\/www.urlaubcornwall.de\/blog\/2-schlafzimmer-ferienhaus-auf-st-marys-mit-meeresblick\/#breadcrumb\"},\"inLanguage\":\"en-US\",\"potentialAction\":[{\"@type\":\"ReadAction\",\"target\":[\"https:\/\/www.urlaubcornwall.de\/blog\/2-schlafzimmer-ferienhaus-auf-st-marys-mit-meeresblick\/\"]}]},{\"@type\":\"BreadcrumbList\",\"@id\":\"https:\/\/www.urlaubcornwall.de\/blog\/2-schlafzimmer-ferienhaus-auf-st-marys-mit-meeresblick\/#breadcrumb\",\"itemListElement\":[{\"@type\":\"ListItem\",\"position\":1,\"name\":\"Home\",\"item\":\"https:\/\/www.urlaubcornwall.de\/blog\/\"},{\"@type\":\"ListItem\",\"position\":2,\"name\":\"2 Schlafzimmer Ferienhaus Isles of Scilly mit Meerblick\"}]}]}<\/script>\n<!-- \/ Yoast SEO plugin. -->","yoast_head_json":{"title":"2 Schlafzimmer Ferienhaus Isles of Scilly mit Meerblick - Urlaub &amp; Reisen","robots":{"index":"index","follow":"follow","max-snippet":"max-snippet:-1","max-image-preview":"max-image-preview:large","max-video-preview":"max-video-preview:-1"},"canonical":"https:\/\/www.urlaubcornwall.de\/blog\/2-schlafzimmer-ferienhaus-auf-st-marys-mit-meeresblick\/","og_locale":"en_US","og_type":"article","og_title":"2 Schlafzimmer Ferienhaus Isles of Scilly mit Meerblick - Urlaub &amp; Reisen","og_description":"Ferienh\u00e4user auf den Scilly Inseln &#8211; Hugh Town, St Mary\u2019s f\u00fcr 4 Personen + 2 Kinderbetten, hundefreundlich Dieses Ferienhaus hat 2 Schlafzimmer und befindet sich in erstklassiger Lage mit Blick \u00fcber den Hafen und Sandstr\u00e4nde hinweg. Es ist ein idealer Ort, um Urlaub mit Familie und Freunden auf den Isles of Scilly zu verbringen. Dieses [&hellip;]","og_url":"https:\/\/www.urlaubcornwall.de\/blog\/2-schlafzimmer-ferienhaus-auf-st-marys-mit-meeresblick\/","og_site_name":"Urlaub &amp; Reisen","article_modified_time":"2021-09-14T15:01:08+00:00","twitter_card":"summary","twitter_misc":{"Est. reading time":"1 minute"},"schema":{"@context":"https:\/\/schema.org","@graph":[{"@type":"WebSite","@id":"https:\/\/www.urlaubcornwall.de\/blog\/#website","url":"https:\/\/www.urlaubcornwall.de\/blog\/","name":"Urlaub &amp; Reisen","description":"Urlaub, Reisen, Cornwall und S\u00fcdengland: eine perfekte Kombination","potentialAction":[{"@type":"SearchAction","target":{"@type":"EntryPoint","urlTemplate":"https:\/\/www.urlaubcornwall.de\/blog\/?s={search_term_string}"},"query-input":"required name=search_term_string"}],"inLanguage":"en-US"},{"@type":"WebPage","@id":"https:\/\/www.urlaubcornwall.de\/blog\/2-schlafzimmer-ferienhaus-auf-st-marys-mit-meeresblick\/","url":"https:\/\/www.urlaubcornwall.de\/blog\/2-schlafzimmer-ferienhaus-auf-st-marys-mit-meeresblick\/","name":"2 Schlafzimmer Ferienhaus Isles of Scilly mit Meerblick - Urlaub &amp; Reisen","isPartOf":{"@id":"https:\/\/www.urlaubcornwall.de\/blog\/#website"},"datePublished":"2017-07-12T15:59:58+00:00","dateModified":"2021-09-14T15:01:08+00:00","breadcrumb":{"@id":"https:\/\/www.urlaubcornwall.de\/blog\/2-schlafzimmer-ferienhaus-auf-st-marys-mit-meeresblick\/#breadcrumb"},"inLanguage":"en-US","potentialAction":[{"@type":"ReadAction","target":["https:\/\/www.urlaubcornwall.de\/blog\/2-schlafzimmer-ferienhaus-auf-st-marys-mit-meeresblick\/"]}]},{"@type":"BreadcrumbList","@id":"https:\/\/www.urlaubcornwall.de\/blog\/2-schlafzimmer-ferienhaus-auf-st-marys-mit-meeresblick\/#breadcrumb","itemListElement":[{"@type":"ListItem","position":1,"name":"Home","item":"https:\/\/www.urlaubcornwall.de\/blog\/"},{"@type":"ListItem","position":2,"name":"2 Schlafzimmer Ferienhaus Isles of Scilly mit Meerblick"}]}]}},"_links":{"self":[{"href":"https:\/\/www.urlaubcornwall.de\/blog\/wp-json\/wp\/v2\/pages\/28115"}],"collection":[{"href":"https:\/\/www.urlaubcornwall.de\/blog\/wp-json\/wp\/v2\/pages"}],"about":[{"href":"https:\/\/www.urlaubcornwall.de\/blog\/wp-json\/wp\/v2\/types\/page"}],"author":[{"embeddable":true,"href":"https:\/\/www.urlaubcornwall.de\/blog\/wp-json\/wp\/v2\/users\/1"}],"replies":[{"embeddable":true,"href":"https:\/\/www.urlaubcornwall.de\/blog\/wp-json\/wp\/v2\/comments?post=28115"}],"version-history":[{"count":12,"href":"https:\/\/www.urlaubcornwall.de\/blog\/wp-json\/wp\/v2\/pages\/28115\/revisions"}],"predecessor-version":[{"id":42748,"href":"https:\/\/www.urlaubcornwall.de\/blog\/wp-json\/wp\/v2\/pages\/28115\/revisions\/42748"}],"wp:attachment":[{"href":"https:\/\/www.urlaubcornwall.de\/blog\/wp-json\/wp\/v2\/media?parent=28115"}],"curies":[{"name":"wp","href":"https:\/\/api.w.org\/{rel}","templated":true}]}}