{"id":28091,"date":"2017-07-12T14:41:42","date_gmt":"2017-07-12T14:41:42","guid":{"rendered":"https:\/\/www.urlaubcornwall.de\/blog\/?page_id=28091"},"modified":"2020-02-10T15:46:47","modified_gmt":"2020-02-10T15:46:47","slug":"ferienhaus-st-marys-mit-2-schlafzimmern","status":"publish","type":"page","link":"https:\/\/www.urlaubcornwall.de\/blog\/ferienhaus-st-marys-mit-2-schlafzimmern\/","title":{"rendered":"Ferienhaus auf den Scilly Inseln mit 2 Schlafzimmern"},"content":{"rendered":"<h1 style=\"text-align: center;\"><strong>Hugh Town, St Mary\u2019s f\u00fcr 4 Personen + 1 Kinderbett, hundefreundlich<\/strong><\/h1>\n<p>Dieses Ferienhaus hat 2 Schlafzimmer und befindet sich in erstklassiger Lage in Hugh Town, lediglich Meter vom Hafen und wundersch\u00f6nen Sandstr\u00e4nden entfernt. Es soll eines der \u00e4ltesten Geb\u00e4ude auf St Mary\u2019s sein, und dieses gem\u00fctliche Cottage ist ein herrlicher Ort, um Urlaub mit Familie und Freunden auf den <a href=\"https:\/\/www.urlaubcornwall.de\/Scilly-Inseln.php\"><span style=\"text-decoration: underline; color: #ff00ff;\"><strong>Isles of Scilly<\/strong><\/span><\/a> zu verbringen. Dieses Cottage akzeptiert Hunde.<\/p>\n<p>Dieses Ferienhaus und das sich anschlie\u00dfende Geb\u00e4ude haben eine Verbindungst\u00fcr, die ge\u00f6ffnet werden kann, um ein gr\u00f6\u00dferes Cottage mit 5 Schlafzimmern zu schaffen, in denen bis zu 9 Erwachsene untergebracht werden k\u00f6nnen.<\/p>\n<p><strong>Untergeschoss<\/strong><\/p>\n<p>Unten befindet sich eine Eingangshalle mit Treppe zum ersten Stock, ein offener K\u00fcchen-\/Ess- und Wohnbereich. Das Wohnzimmer hat ein bequemes Sofa und ist ausgestattet mit einem TV, Blu-ray \/ DVD Player, sowie Bluetooth HiFi. Es gibt im Cottage eine kleine Auswahl an DVDs, Ortsf\u00fchrern und Karten.<\/p>\n<p>Der K\u00fcchen-\/Essbereich ist mit K\u00fchl-\/Gefrierschrank, Geschirrsp\u00fclmaschine und Waschmaschine mit Trockner gut ausgestattet. Zum Kochen gibt es einen Herd, Backofen und Mikrowelle, sowie s\u00e4mtliche Utensilien, Geschirr und Gl\u00e4ser. Tisch und St\u00fchle bieten 4 G\u00e4sten Platz, und auf Nachfrage sind Hochst\u00fchle erh\u00e4ltlich. Eingang und Flur verf\u00fcgen \u00fcber ein Schuhregal, sowie zahlreiche Kleiderhaken. Au\u00dferdem gibt es unten eine Garderobe.<\/p>\n<p><strong>Obergeschoss<\/strong><\/p>\n<p>Oben befinden sich 2 Schlafzimmer und ein Badezimmer, abgehend von einem herrlich hellen Flur, der Zugang bietet zu einem gemeinsam zu nutzenden Garten.<\/p>\n<p>Schlafzimmer 1 \u2013 kann als Zwillings- oder Doppelzimmer genutzt werden und hat ein Schubladenschr\u00e4nkchen.<\/p>\n<p>Schlafzimmer 2 \u2013 kann als Zwillings- oder Doppelzimmer genutzt werden und hat ein Schubladenschr\u00e4nkchen.<\/p>\n<p>Familienbadezimmer \u2013 mit Bad und Dusche dar\u00fcber.<\/p>\n<p><strong>Tarif<\/strong><\/p>\n<p>Raten f\u00fcr 7 N\u00e4chte beginnen dieses Jahr bei \u00a3420 w\u00e4hrend der Wintermonate und bis zu \u00a31,200 w\u00e4hrend der Hochsaison.<\/p>\n<p>F\u00fcr das Jahr 2018 beginnen Raten f\u00fcr 7 N\u00e4chte bei \u00a3450 w\u00e4hrend der Wintermonate und bis zu \u00a31,350 w\u00e4hrend der Hochsaison.<\/p>\n<p>In der Nebensaison bieten wir auch Kurzurlaube von 3 oder 4 N\u00e4chten f\u00fcr Selbstversorger an.<\/p>\n<p>Bei einem Aufenthalt von 7 N\u00e4chten ist der An- und Abreisetag Samstag.<\/p>\n<p>Wenn Sie ein Cottage gefunden haben, f\u00fcllen Sie bitte das Nachfrageformular aus. Dieses Formular wird direkt an den Hauseigent\u00fcmer weitergeleitet, der sich dann wiederum mit Ihnen in Verbindung setzen wird bez\u00fcglich Informationen zur Bezahlung der Anzahlung und Zahlungsbedingungen. Er wird auch imstande sein, s\u00e4mtliche weitere Fragen zu beantworten, die Sie vielleicht zum Geb\u00e4ude haben werden.<\/p>\n<p style=\"text-align: center;\"><a class=\"tidycta\" href=\"http:\/\/www.urlaubcornwall.de\/anfrage.php?tourcode= Scilly-Inseln Mieten Objekt H2\">Scilly Ferienh\u00e4user Anfrage<\/a><\/p>\n<p style=\"text-align: center;\">Sie sich doch unsere vollst\u00e4ndige Sammlung an, um das <a href=\"https:\/\/www.urlaubcornwall.de\/scilly-inseln-ferienhaeuser-fewos.php\"><strong>perfekte Feriencottage zu finden<\/strong><\/a>.<\/p>\n","protected":false},"excerpt":{"rendered":"<p>Hugh Town, St Mary\u2019s f\u00fcr 4 Personen + 1 Kinderbett, hundefreundlich Dieses Ferienhaus hat 2 Schlafzimmer und befindet sich in erstklassiger Lage in Hugh Town, lediglich Meter vom Hafen und wundersch\u00f6nen Sandstr\u00e4nden entfernt. Es soll eines der \u00e4ltesten Geb\u00e4ude auf St Mary\u2019s sein, und dieses gem\u00fctliche Cottage ist ein herrlicher Ort, um Urlaub mit Familie [&hellip;]<\/p>\n","protected":false},"author":1,"featured_media":0,"parent":0,"menu_order":0,"comment_status":"closed","ping_status":"closed","template":"single-two.php","meta":[],"acf":[],"yoast_head":"<!-- This site is optimized with the Yoast SEO plugin v19.4 - https:\/\/yoast.com\/wordpress\/plugins\/seo\/ -->\n<title>Ferienhaus auf den Scilly Inseln mit 2 Schlafzimmern - Urlaub &amp; Reisen<\/title>\n<meta name=\"robots\" content=\"index, follow, max-snippet:-1, max-image-preview:large, max-video-preview:-1\" \/>\n<link rel=\"canonical\" href=\"https:\/\/www.urlaubcornwall.de\/blog\/ferienhaus-st-marys-mit-2-schlafzimmern\/\" \/>\n<meta property=\"og:locale\" content=\"en_US\" \/>\n<meta property=\"og:type\" content=\"article\" \/>\n<meta property=\"og:title\" content=\"Ferienhaus auf den Scilly Inseln mit 2 Schlafzimmern - Urlaub &amp; Reisen\" \/>\n<meta property=\"og:description\" content=\"Hugh Town, St Mary\u2019s f\u00fcr 4 Personen + 1 Kinderbett, hundefreundlich Dieses Ferienhaus hat 2 Schlafzimmer und befindet sich in erstklassiger Lage in Hugh Town, lediglich Meter vom Hafen und wundersch\u00f6nen Sandstr\u00e4nden entfernt. Es soll eines der \u00e4ltesten Geb\u00e4ude auf St Mary\u2019s sein, und dieses gem\u00fctliche Cottage ist ein herrlicher Ort, um Urlaub mit Familie [&hellip;]\" \/>\n<meta property=\"og:url\" content=\"https:\/\/www.urlaubcornwall.de\/blog\/ferienhaus-st-marys-mit-2-schlafzimmern\/\" \/>\n<meta property=\"og:site_name\" content=\"Urlaub &amp; Reisen\" \/>\n<meta property=\"article:modified_time\" content=\"2020-02-10T15:46:47+00:00\" \/>\n<meta name=\"twitter:card\" content=\"summary\" \/>\n<meta name=\"twitter:label1\" content=\"Est. reading time\" \/>\n\t<meta name=\"twitter:data1\" content=\"2 minutes\" \/>\n<script type=\"application\/ld+json\" class=\"yoast-schema-graph\">{\"@context\":\"https:\/\/schema.org\",\"@graph\":[{\"@type\":\"WebSite\",\"@id\":\"https:\/\/www.urlaubcornwall.de\/blog\/#website\",\"url\":\"https:\/\/www.urlaubcornwall.de\/blog\/\",\"name\":\"Urlaub &amp; Reisen\",\"description\":\"Urlaub, Reisen, Cornwall und S\u00fcdengland: eine perfekte Kombination\",\"potentialAction\":[{\"@type\":\"SearchAction\",\"target\":{\"@type\":\"EntryPoint\",\"urlTemplate\":\"https:\/\/www.urlaubcornwall.de\/blog\/?s={search_term_string}\"},\"query-input\":\"required name=search_term_string\"}],\"inLanguage\":\"en-US\"},{\"@type\":\"WebPage\",\"@id\":\"https:\/\/www.urlaubcornwall.de\/blog\/ferienhaus-st-marys-mit-2-schlafzimmern\/\",\"url\":\"https:\/\/www.urlaubcornwall.de\/blog\/ferienhaus-st-marys-mit-2-schlafzimmern\/\",\"name\":\"Ferienhaus auf den Scilly Inseln mit 2 Schlafzimmern - Urlaub &amp; Reisen\",\"isPartOf\":{\"@id\":\"https:\/\/www.urlaubcornwall.de\/blog\/#website\"},\"datePublished\":\"2017-07-12T14:41:42+00:00\",\"dateModified\":\"2020-02-10T15:46:47+00:00\",\"breadcrumb\":{\"@id\":\"https:\/\/www.urlaubcornwall.de\/blog\/ferienhaus-st-marys-mit-2-schlafzimmern\/#breadcrumb\"},\"inLanguage\":\"en-US\",\"potentialAction\":[{\"@type\":\"ReadAction\",\"target\":[\"https:\/\/www.urlaubcornwall.de\/blog\/ferienhaus-st-marys-mit-2-schlafzimmern\/\"]}]},{\"@type\":\"BreadcrumbList\",\"@id\":\"https:\/\/www.urlaubcornwall.de\/blog\/ferienhaus-st-marys-mit-2-schlafzimmern\/#breadcrumb\",\"itemListElement\":[{\"@type\":\"ListItem\",\"position\":1,\"name\":\"Home\",\"item\":\"https:\/\/www.urlaubcornwall.de\/blog\/\"},{\"@type\":\"ListItem\",\"position\":2,\"name\":\"Ferienhaus auf den Scilly Inseln mit 2 Schlafzimmern\"}]}]}<\/script>\n<!-- \/ Yoast SEO plugin. -->","yoast_head_json":{"title":"Ferienhaus auf den Scilly Inseln mit 2 Schlafzimmern - Urlaub &amp; Reisen","robots":{"index":"index","follow":"follow","max-snippet":"max-snippet:-1","max-image-preview":"max-image-preview:large","max-video-preview":"max-video-preview:-1"},"canonical":"https:\/\/www.urlaubcornwall.de\/blog\/ferienhaus-st-marys-mit-2-schlafzimmern\/","og_locale":"en_US","og_type":"article","og_title":"Ferienhaus auf den Scilly Inseln mit 2 Schlafzimmern - Urlaub &amp; Reisen","og_description":"Hugh Town, St Mary\u2019s f\u00fcr 4 Personen + 1 Kinderbett, hundefreundlich Dieses Ferienhaus hat 2 Schlafzimmer und befindet sich in erstklassiger Lage in Hugh Town, lediglich Meter vom Hafen und wundersch\u00f6nen Sandstr\u00e4nden entfernt. Es soll eines der \u00e4ltesten Geb\u00e4ude auf St Mary\u2019s sein, und dieses gem\u00fctliche Cottage ist ein herrlicher Ort, um Urlaub mit Familie [&hellip;]","og_url":"https:\/\/www.urlaubcornwall.de\/blog\/ferienhaus-st-marys-mit-2-schlafzimmern\/","og_site_name":"Urlaub &amp; Reisen","article_modified_time":"2020-02-10T15:46:47+00:00","twitter_card":"summary","twitter_misc":{"Est. reading time":"2 minutes"},"schema":{"@context":"https:\/\/schema.org","@graph":[{"@type":"WebSite","@id":"https:\/\/www.urlaubcornwall.de\/blog\/#website","url":"https:\/\/www.urlaubcornwall.de\/blog\/","name":"Urlaub &amp; Reisen","description":"Urlaub, Reisen, Cornwall und S\u00fcdengland: eine perfekte Kombination","potentialAction":[{"@type":"SearchAction","target":{"@type":"EntryPoint","urlTemplate":"https:\/\/www.urlaubcornwall.de\/blog\/?s={search_term_string}"},"query-input":"required name=search_term_string"}],"inLanguage":"en-US"},{"@type":"WebPage","@id":"https:\/\/www.urlaubcornwall.de\/blog\/ferienhaus-st-marys-mit-2-schlafzimmern\/","url":"https:\/\/www.urlaubcornwall.de\/blog\/ferienhaus-st-marys-mit-2-schlafzimmern\/","name":"Ferienhaus auf den Scilly Inseln mit 2 Schlafzimmern - Urlaub &amp; Reisen","isPartOf":{"@id":"https:\/\/www.urlaubcornwall.de\/blog\/#website"},"datePublished":"2017-07-12T14:41:42+00:00","dateModified":"2020-02-10T15:46:47+00:00","breadcrumb":{"@id":"https:\/\/www.urlaubcornwall.de\/blog\/ferienhaus-st-marys-mit-2-schlafzimmern\/#breadcrumb"},"inLanguage":"en-US","potentialAction":[{"@type":"ReadAction","target":["https:\/\/www.urlaubcornwall.de\/blog\/ferienhaus-st-marys-mit-2-schlafzimmern\/"]}]},{"@type":"BreadcrumbList","@id":"https:\/\/www.urlaubcornwall.de\/blog\/ferienhaus-st-marys-mit-2-schlafzimmern\/#breadcrumb","itemListElement":[{"@type":"ListItem","position":1,"name":"Home","item":"https:\/\/www.urlaubcornwall.de\/blog\/"},{"@type":"ListItem","position":2,"name":"Ferienhaus auf den Scilly Inseln mit 2 Schlafzimmern"}]}]}},"_links":{"self":[{"href":"https:\/\/www.urlaubcornwall.de\/blog\/wp-json\/wp\/v2\/pages\/28091"}],"collection":[{"href":"https:\/\/www.urlaubcornwall.de\/blog\/wp-json\/wp\/v2\/pages"}],"about":[{"href":"https:\/\/www.urlaubcornwall.de\/blog\/wp-json\/wp\/v2\/types\/page"}],"author":[{"embeddable":true,"href":"https:\/\/www.urlaubcornwall.de\/blog\/wp-json\/wp\/v2\/users\/1"}],"replies":[{"embeddable":true,"href":"https:\/\/www.urlaubcornwall.de\/blog\/wp-json\/wp\/v2\/comments?post=28091"}],"version-history":[{"count":8,"href":"https:\/\/www.urlaubcornwall.de\/blog\/wp-json\/wp\/v2\/pages\/28091\/revisions"}],"predecessor-version":[{"id":39417,"href":"https:\/\/www.urlaubcornwall.de\/blog\/wp-json\/wp\/v2\/pages\/28091\/revisions\/39417"}],"wp:attachment":[{"href":"https:\/\/www.urlaubcornwall.de\/blog\/wp-json\/wp\/v2\/media?parent=28091"}],"curies":[{"name":"wp","href":"https:\/\/api.w.org\/{rel}","templated":true}]}}