{"id":28069,"date":"2017-07-12T13:53:43","date_gmt":"2017-07-12T13:53:43","guid":{"rendered":"https:\/\/www.urlaubcornwall.de\/blog\/?page_id=28069"},"modified":"2020-02-10T15:47:21","modified_gmt":"2020-02-10T15:47:21","slug":"ferienhaus-auf-den-scilly-inseln-mit-3-schlafzimmern","status":"publish","type":"page","link":"https:\/\/www.urlaubcornwall.de\/blog\/ferienhaus-auf-den-scilly-inseln-mit-3-schlafzimmern\/","title":{"rendered":"Ferienhaus auf den Scilly Inseln mit 3 Schlafzimmern"},"content":{"rendered":"<h1 style=\"text-align: center;\"><strong>Hugh Town, St Mary\u2019s f\u00fcr 5 G\u00e4ste + 2 Kinderbetten, hundefreundlich<\/strong><\/h1>\n<p>Das neu restaurierte Ferienhaus hat 3 Schlafzimmer und befindet sich in erstklassiger Lage in Hugh Town, lediglich Meter vom Hafen und wundersch\u00f6nen Sandstr\u00e4nden entfernt. Es soll das \u00e4lteste Geb\u00e4ude auf St Mary\u2019s sein, und dieses traditionelle Cottage ist ein herrlicher Ort, um Urlaub mit Familie und Freunden auf den <a href=\"https:\/\/www.urlaubcornwall.de\/Scilly-Inseln.php\"><span style=\"text-decoration: underline; color: #ff00ff;\"><strong>Isles of Scilly<\/strong><\/span><\/a> zu verbringen. Dieses Cottage akzeptiert Hunde.<\/p>\n<p>Dieses Ferienhaus und das sich anschlie\u00dfende Cottage haben eine Verbindungst\u00fcr, die ge\u00f6ffnet werden kann, um ein gr\u00f6\u00dferes Cottage mit 5 Schlafzimmern zu schaffen, in denen bis zu 9 Erwachsene untergebracht werden k\u00f6nnen.<br \/>\nUntergeschoss<\/p>\n<p>Im Untergeschoss befindet sich ein gro\u00dfes Wohnzimmer, Erkerfenster mit zweifachem Aspekt, ein bequemes Sofa, ein offener Kamin mit Holzscheiten im Winter, und es ist ausgestattet mit einem TV, Blu-ray \/ DVD Player, sowie Bluetooth HiFi. Es gibt im Cottage eine kleine Auswahl an DVDs, dazu B\u00fccher, Ortsf\u00fchrer und Karten. Das Wohnzimmer ist im Sommer hell und sonnig, herrlich gem\u00fctlich im Winter.<\/p>\n<p>Der K\u00fcchen-\/Essbereich ist gut ausgestattet mit K\u00fchl-\/Gefrierschrank, Geschirrsp\u00fclmaschine, Waschmaschine mit Trockner. Zum Kochen gibt es Herd, Backofen und Mikrowelle, sowie zahlreiche Utensilien, Geschirr und Gl\u00e4ser. Tisch und St\u00fchle bieten 5 G\u00e4sten Platz, und auf Nachfrage sind Hochst\u00fchle erh\u00e4ltlich. Eingang und Flur verf\u00fcgen \u00fcber ein Schuhregal, sowie zahlreiche Kleiderhaken. Au\u00dferdem gibt es unten eine Garderobe.<\/p>\n<p><strong>Obergeschoss<\/strong><\/p>\n<p>Oben befinden sich 3 Schlafzimmer und ein Badezimmer, abgehend von einem wundersch\u00f6n hellen Flur mit Erkerfenster.<br \/>\nSchlafzimmer 1 \u2013 kann in ein Zwillings- oder Doppelbettzimmer verwandelt werden. Es ist ein gro\u00dfer Raum mit einem Schubladenschrank.<\/p>\n<p>Schlafzimmer 2 \u2013 es befindet sich an der Vorderseite des Hauses und kann als Zwillings- oder Doppelbettzimmer dienen. Es ist ein gro\u00dfer Raum mit einem Schubladenschrank.<\/p>\n<p>Schlafzimmer 3 \u2013 ein Einzelbettzimmer mit Platz f\u00fcr ein Kinderbett bei Bedarf.<\/p>\n<p>Familienbadezimmer \u2013 mit Wanne und Dusche dar\u00fcber, sowie einem gro\u00dfen W\u00e4scheschrank.<\/p>\n<p><strong>Tarif<\/strong><\/p>\n<p>Die Raten f\u00fcr 7 N\u00e4chte beginnen dieses Jahr bei \u00a3550 w\u00e4hrend der Wintermonate und bis zu \u00a31,700 w\u00e4hrend der Hochsaison.<\/p>\n<p>F\u00fcr das Jahr 2018 beginnen die Raten f\u00fcr 7 N\u00e4chte bei \u00a3500 w\u00e4hrend der Wintermonate und bis zu \u00a31,950 w\u00e4hrend der Hochsaison.<\/p>\n<p>In der Nebensaison bieten wir auch 3 oder 4 N\u00e4chte Kurzurlaube f\u00fcr Selbstversorger an.<\/p>\n<p>Bei 7 N\u00e4chten Aufenthalt ist An- und Abreise Samstag.<\/p>\n<p>Wenn Sie ein Cottage gefunden haben, f\u00fcllen Sie bitte das Nachfrageformular aus. Dieses Formular wird direkt an den Hauseigent\u00fcmer weitergeleitet, der sich dann wiederum mit Ihnen in Verbindung setzen wird bez\u00fcglich Informationen zur Bezahlung der Anzahlung und Zahlungsbedingungen. Er wird auch imstande sein, s\u00e4mtliche weitere Fragen zu beantworten, die Sie vielleicht zum Geb\u00e4ude haben werden.<\/p>\n<p style=\"text-align: center;\"><a class=\"tidycta\" href=\"http:\/\/www.urlaubcornwall.de\/anfrage.php?tourcode= Scilly-Inseln Mieten Objekt SB1\">Ferienh\u00e4user Anfrage<\/a><\/p>\n<p style=\"text-align: center;\">Sie sich doch unsere vollst\u00e4ndige Sammlung an, um das <a href=\"https:\/\/www.urlaubcornwall.de\/scilly-inseln-ferienhaeuser-fewos.php\"><strong>perfekte Feriencottage zu finden<\/strong><\/a>.<\/p>\n","protected":false},"excerpt":{"rendered":"<p>Hugh Town, St Mary\u2019s f\u00fcr 5 G\u00e4ste + 2 Kinderbetten, hundefreundlich Das neu restaurierte Ferienhaus hat 3 Schlafzimmer und befindet sich in erstklassiger Lage in Hugh Town, lediglich Meter vom Hafen und wundersch\u00f6nen Sandstr\u00e4nden entfernt. Es soll das \u00e4lteste Geb\u00e4ude auf St Mary\u2019s sein, und dieses traditionelle Cottage ist ein herrlicher Ort, um Urlaub mit [&hellip;]<\/p>\n","protected":false},"author":1,"featured_media":0,"parent":0,"menu_order":0,"comment_status":"closed","ping_status":"closed","template":"single-two.php","meta":[],"acf":[],"yoast_head":"<!-- This site is optimized with the Yoast SEO plugin v19.4 - https:\/\/yoast.com\/wordpress\/plugins\/seo\/ -->\n<title>Ferienhaus auf den Scilly Inseln mit 3 Schlafzimmern - Urlaub &amp; Reisen<\/title>\n<meta name=\"robots\" content=\"index, follow, max-snippet:-1, max-image-preview:large, max-video-preview:-1\" \/>\n<link rel=\"canonical\" href=\"https:\/\/www.urlaubcornwall.de\/blog\/ferienhaus-auf-den-scilly-inseln-mit-3-schlafzimmern\/\" \/>\n<meta property=\"og:locale\" content=\"en_US\" \/>\n<meta property=\"og:type\" content=\"article\" \/>\n<meta property=\"og:title\" content=\"Ferienhaus auf den Scilly Inseln mit 3 Schlafzimmern - Urlaub &amp; Reisen\" \/>\n<meta property=\"og:description\" content=\"Hugh Town, St Mary\u2019s f\u00fcr 5 G\u00e4ste + 2 Kinderbetten, hundefreundlich Das neu restaurierte Ferienhaus hat 3 Schlafzimmer und befindet sich in erstklassiger Lage in Hugh Town, lediglich Meter vom Hafen und wundersch\u00f6nen Sandstr\u00e4nden entfernt. Es soll das \u00e4lteste Geb\u00e4ude auf St Mary\u2019s sein, und dieses traditionelle Cottage ist ein herrlicher Ort, um Urlaub mit [&hellip;]\" \/>\n<meta property=\"og:url\" content=\"https:\/\/www.urlaubcornwall.de\/blog\/ferienhaus-auf-den-scilly-inseln-mit-3-schlafzimmern\/\" \/>\n<meta property=\"og:site_name\" content=\"Urlaub &amp; Reisen\" \/>\n<meta property=\"article:modified_time\" content=\"2020-02-10T15:47:21+00:00\" \/>\n<meta name=\"twitter:card\" content=\"summary\" \/>\n<meta name=\"twitter:label1\" content=\"Est. reading time\" \/>\n\t<meta name=\"twitter:data1\" content=\"2 minutes\" \/>\n<script type=\"application\/ld+json\" class=\"yoast-schema-graph\">{\"@context\":\"https:\/\/schema.org\",\"@graph\":[{\"@type\":\"WebSite\",\"@id\":\"https:\/\/www.urlaubcornwall.de\/blog\/#website\",\"url\":\"https:\/\/www.urlaubcornwall.de\/blog\/\",\"name\":\"Urlaub &amp; Reisen\",\"description\":\"Urlaub, Reisen, Cornwall und S\u00fcdengland: eine perfekte Kombination\",\"potentialAction\":[{\"@type\":\"SearchAction\",\"target\":{\"@type\":\"EntryPoint\",\"urlTemplate\":\"https:\/\/www.urlaubcornwall.de\/blog\/?s={search_term_string}\"},\"query-input\":\"required name=search_term_string\"}],\"inLanguage\":\"en-US\"},{\"@type\":\"WebPage\",\"@id\":\"https:\/\/www.urlaubcornwall.de\/blog\/ferienhaus-auf-den-scilly-inseln-mit-3-schlafzimmern\/\",\"url\":\"https:\/\/www.urlaubcornwall.de\/blog\/ferienhaus-auf-den-scilly-inseln-mit-3-schlafzimmern\/\",\"name\":\"Ferienhaus auf den Scilly Inseln mit 3 Schlafzimmern - Urlaub &amp; Reisen\",\"isPartOf\":{\"@id\":\"https:\/\/www.urlaubcornwall.de\/blog\/#website\"},\"datePublished\":\"2017-07-12T13:53:43+00:00\",\"dateModified\":\"2020-02-10T15:47:21+00:00\",\"breadcrumb\":{\"@id\":\"https:\/\/www.urlaubcornwall.de\/blog\/ferienhaus-auf-den-scilly-inseln-mit-3-schlafzimmern\/#breadcrumb\"},\"inLanguage\":\"en-US\",\"potentialAction\":[{\"@type\":\"ReadAction\",\"target\":[\"https:\/\/www.urlaubcornwall.de\/blog\/ferienhaus-auf-den-scilly-inseln-mit-3-schlafzimmern\/\"]}]},{\"@type\":\"BreadcrumbList\",\"@id\":\"https:\/\/www.urlaubcornwall.de\/blog\/ferienhaus-auf-den-scilly-inseln-mit-3-schlafzimmern\/#breadcrumb\",\"itemListElement\":[{\"@type\":\"ListItem\",\"position\":1,\"name\":\"Home\",\"item\":\"https:\/\/www.urlaubcornwall.de\/blog\/\"},{\"@type\":\"ListItem\",\"position\":2,\"name\":\"Ferienhaus auf den Scilly Inseln mit 3 Schlafzimmern\"}]}]}<\/script>\n<!-- \/ Yoast SEO plugin. -->","yoast_head_json":{"title":"Ferienhaus auf den Scilly Inseln mit 3 Schlafzimmern - Urlaub &amp; Reisen","robots":{"index":"index","follow":"follow","max-snippet":"max-snippet:-1","max-image-preview":"max-image-preview:large","max-video-preview":"max-video-preview:-1"},"canonical":"https:\/\/www.urlaubcornwall.de\/blog\/ferienhaus-auf-den-scilly-inseln-mit-3-schlafzimmern\/","og_locale":"en_US","og_type":"article","og_title":"Ferienhaus auf den Scilly Inseln mit 3 Schlafzimmern - Urlaub &amp; Reisen","og_description":"Hugh Town, St Mary\u2019s f\u00fcr 5 G\u00e4ste + 2 Kinderbetten, hundefreundlich Das neu restaurierte Ferienhaus hat 3 Schlafzimmer und befindet sich in erstklassiger Lage in Hugh Town, lediglich Meter vom Hafen und wundersch\u00f6nen Sandstr\u00e4nden entfernt. Es soll das \u00e4lteste Geb\u00e4ude auf St Mary\u2019s sein, und dieses traditionelle Cottage ist ein herrlicher Ort, um Urlaub mit [&hellip;]","og_url":"https:\/\/www.urlaubcornwall.de\/blog\/ferienhaus-auf-den-scilly-inseln-mit-3-schlafzimmern\/","og_site_name":"Urlaub &amp; Reisen","article_modified_time":"2020-02-10T15:47:21+00:00","twitter_card":"summary","twitter_misc":{"Est. reading time":"2 minutes"},"schema":{"@context":"https:\/\/schema.org","@graph":[{"@type":"WebSite","@id":"https:\/\/www.urlaubcornwall.de\/blog\/#website","url":"https:\/\/www.urlaubcornwall.de\/blog\/","name":"Urlaub &amp; Reisen","description":"Urlaub, Reisen, Cornwall und S\u00fcdengland: eine perfekte Kombination","potentialAction":[{"@type":"SearchAction","target":{"@type":"EntryPoint","urlTemplate":"https:\/\/www.urlaubcornwall.de\/blog\/?s={search_term_string}"},"query-input":"required name=search_term_string"}],"inLanguage":"en-US"},{"@type":"WebPage","@id":"https:\/\/www.urlaubcornwall.de\/blog\/ferienhaus-auf-den-scilly-inseln-mit-3-schlafzimmern\/","url":"https:\/\/www.urlaubcornwall.de\/blog\/ferienhaus-auf-den-scilly-inseln-mit-3-schlafzimmern\/","name":"Ferienhaus auf den Scilly Inseln mit 3 Schlafzimmern - Urlaub &amp; Reisen","isPartOf":{"@id":"https:\/\/www.urlaubcornwall.de\/blog\/#website"},"datePublished":"2017-07-12T13:53:43+00:00","dateModified":"2020-02-10T15:47:21+00:00","breadcrumb":{"@id":"https:\/\/www.urlaubcornwall.de\/blog\/ferienhaus-auf-den-scilly-inseln-mit-3-schlafzimmern\/#breadcrumb"},"inLanguage":"en-US","potentialAction":[{"@type":"ReadAction","target":["https:\/\/www.urlaubcornwall.de\/blog\/ferienhaus-auf-den-scilly-inseln-mit-3-schlafzimmern\/"]}]},{"@type":"BreadcrumbList","@id":"https:\/\/www.urlaubcornwall.de\/blog\/ferienhaus-auf-den-scilly-inseln-mit-3-schlafzimmern\/#breadcrumb","itemListElement":[{"@type":"ListItem","position":1,"name":"Home","item":"https:\/\/www.urlaubcornwall.de\/blog\/"},{"@type":"ListItem","position":2,"name":"Ferienhaus auf den Scilly Inseln mit 3 Schlafzimmern"}]}]}},"_links":{"self":[{"href":"https:\/\/www.urlaubcornwall.de\/blog\/wp-json\/wp\/v2\/pages\/28069"}],"collection":[{"href":"https:\/\/www.urlaubcornwall.de\/blog\/wp-json\/wp\/v2\/pages"}],"about":[{"href":"https:\/\/www.urlaubcornwall.de\/blog\/wp-json\/wp\/v2\/types\/page"}],"author":[{"embeddable":true,"href":"https:\/\/www.urlaubcornwall.de\/blog\/wp-json\/wp\/v2\/users\/1"}],"replies":[{"embeddable":true,"href":"https:\/\/www.urlaubcornwall.de\/blog\/wp-json\/wp\/v2\/comments?post=28069"}],"version-history":[{"count":12,"href":"https:\/\/www.urlaubcornwall.de\/blog\/wp-json\/wp\/v2\/pages\/28069\/revisions"}],"predecessor-version":[{"id":39418,"href":"https:\/\/www.urlaubcornwall.de\/blog\/wp-json\/wp\/v2\/pages\/28069\/revisions\/39418"}],"wp:attachment":[{"href":"https:\/\/www.urlaubcornwall.de\/blog\/wp-json\/wp\/v2\/media?parent=28069"}],"curies":[{"name":"wp","href":"https:\/\/api.w.org\/{rel}","templated":true}]}}