{"id":28056,"date":"2017-07-07T15:50:22","date_gmt":"2017-07-07T15:50:22","guid":{"rendered":"https:\/\/www.urlaubcornwall.de\/blog\/?page_id=28056"},"modified":"2024-05-29T15:25:50","modified_gmt":"2024-05-29T15:25:50","slug":"10-gruende-wales-zu-besuchen-urlaub-wales","status":"publish","type":"page","link":"https:\/\/www.urlaubcornwall.de\/blog\/10-gruende-wales-zu-besuchen-urlaub-wales\/","title":{"rendered":"10 Gr\u00fcnde, Wales zu besuchen \u2013 Urlaubsinspiration Wales"},"content":{"rendered":"<p><img loading=\"lazy\" class=\"aligncenter size-full wp-image-47831\" src=\"https:\/\/www.urlaubcornwall.de\/blog\/wp-content\/uploads\/2024\/03\/snowdonia-wales.jpg\" alt=\"snowdonia wales\" width=\"750\" height=\"422\" srcset=\"https:\/\/www.urlaubcornwall.de\/blog\/wp-content\/uploads\/2024\/03\/snowdonia-wales.jpg 750w, https:\/\/www.urlaubcornwall.de\/blog\/wp-content\/uploads\/2024\/03\/snowdonia-wales-300x169.jpg 300w\" sizes=\"(max-width: 750px) 100vw, 750px\" \/><\/p>\n<p><a href=\"https:\/\/www.urlaubcornwall.de\/reiseziel\/wales.php\">Wales<\/a> hat w\u00e4hrend eines Urlaubs in Gro\u00dfbritannien jedem etwas zu bieten, und hier finden Sie 10 Gr\u00fcnde daf\u00fcr.<\/p>\n<p><strong>1 \u2013 Snowdonia Nationalpark<\/strong><\/p>\n<p>Der <a href=\"https:\/\/www.urlaubcornwall.de\/blog\/urlaub-in-snowdonia-sehenswuerdigkeiten-und-unterkunft\/\">Snowdonia Nationalpark <\/a>mit seinen 2142 Quadratkilometern ist der zweitgr\u00f6\u00dfte Nationalpark in Britannien neben dem <a href=\"https:\/\/www.urlaubcornwall.de\/reiseziel\/lake-district-nationalpark.php\">Lake Distrikt<\/a>. Snowdon ist der h\u00f6chste Berg in Wales &amp; England und \u00fcberragt mit seinen 1085 Metern das Dorf Llanberis. Es gibt 6 verschiedene Pfade zum Gipfel, doch am einfachsten ist es mit der Snowdon Mountain Bahn, die seit 1896 Besucher zum Gipfel bringt, um den wundervollen Blick zu erleben.<\/p>\n<p><a href=\"https:\/\/www.urlaubcornwall.de\/blog\/wp-content\/uploads\/2024\/03\/gower-halbinsel-wales-1.jpg\"><img loading=\"lazy\" src=\"https:\/\/www.urlaubcornwall.de\/blog\/wp-content\/uploads\/2024\/03\/gower-halbinsel-wales-1.jpg\" alt=\"gower halbinsel wales\" width=\"750\" height=\"500\" class=\"alignnone size-full wp-image-47959\" srcset=\"https:\/\/www.urlaubcornwall.de\/blog\/wp-content\/uploads\/2024\/03\/gower-halbinsel-wales-1.jpg 750w, https:\/\/www.urlaubcornwall.de\/blog\/wp-content\/uploads\/2024\/03\/gower-halbinsel-wales-1-300x200.jpg 300w\" sizes=\"(max-width: 750px) 100vw, 750px\" \/><\/a><\/p>\n<p><strong>2 \u2013 Die Str\u00e4nde<\/strong><\/p>\n<p>Wales hat einige der <a href=\"https:\/\/www.urlaubcornwall.de\/blog\/5-grossartige-straende-wales\/\">feinsten Abschitte von Sandstr\u00e4nden des UK<\/a>. Dies sind unter anderem Coppet Hall in <a href=\"https:\/\/www.urlaubcornwall.de\/blog\/urlaub-in-west-wales-sehenswuerdigkeiten-und-unterkunft\/\">Pembrokeshire<\/a>, Llanddwyn Bay in <a href=\"https:\/\/www.urlaubcornwall.de\/blog\/urlaub-anglesey-nord-wales-sehenswuerdigkeiten-geschichte-und-unterkunft\/\">Anglesey<\/a>, Rhossili Beach auf der Gower Peninsula und Barafundle Bay.<\/p>\n<p><strong>3- Es gibt so viele Burgen<\/strong><\/p>\n<p>Wales hatte einst mehr als 400 Burgen, also mehr Burgen per Kopf als irgendein anderes Land. Heute bestehen davon noch mehr als 100. Viele wurden w\u00e4hrend der Herrschaft Heinrich I. erbaut. Caerphilly Castle ist die gr\u00f6\u00dfte Burg in Wales, im 13. Jahrhundert erbaut, ist sie ein feines Beispiel mittelalterlicher Verteidigungsarchitektur. <a href=\"https:\/\/www.urlaubcornwall.de\/ferienhaeuser-fewos\/wal\/nordwales\/caernarfon.html\">Caernarfon<\/a> Castle ist wahrscheinlich die ber\u00fchmteste von Wales zahlreichen Burgen; ihre Gr\u00f6\u00dfe allein und die bestechende Lage machen sie zu einer wahrhaft unvergesslichen Sehensw\u00fcrdigkeit.<\/p>\n<p><strong>4-Fahren Sie mit der Ffestiniog Bahn<\/strong><\/p>\n<p>Diese ikonische Bahnstrecke ist etwas mehr als 20km lang und verl\u00e4uft von der K\u00fcste bei <a href=\"https:\/\/www.urlaubcornwall.de\/ferienhaeuser-fewos\/wal\/nordwales\/porthmadog.html\">Porthmadog<\/a> an bis zur alten Schiefer-Bergwerksstadt Blaenau Ffestiniog durch wundersch\u00f6ne Landschaft hindurch, die W\u00e4lder und Berge des <a href=\"https:\/\/www.urlaubcornwall.de\/ferienhaeuser-fewos\/wal\/nordwales\/snowdonia-national-park.html\">Snowdonia Nationalparks<\/a>.<\/p>\n<p><a href=\"https:\/\/www.urlaubcornwall.de\/blog\/wp-content\/uploads\/2024\/03\/Brecon-Beacons-1.jpg\"><img loading=\"lazy\" src=\"https:\/\/www.urlaubcornwall.de\/blog\/wp-content\/uploads\/2024\/03\/Brecon-Beacons-1.jpg\" alt=\"Brecon Beacons\" width=\"750\" height=\"500\" class=\"alignnone size-full wp-image-47957\" srcset=\"https:\/\/www.urlaubcornwall.de\/blog\/wp-content\/uploads\/2024\/03\/Brecon-Beacons-1.jpg 750w, https:\/\/www.urlaubcornwall.de\/blog\/wp-content\/uploads\/2024\/03\/Brecon-Beacons-1-300x200.jpg 300w\" sizes=\"(max-width: 750px) 100vw, 750px\" \/><\/a><\/p>\n<p><strong>5- Die Brecon Beacons<\/strong><\/p>\n<p>Der <a href=\"https:\/\/www.urlaubcornwall.de\/blog\/urlaub-brecon-beacons-mittelwales-sehenswuerdigkeiten-und-unterkunft\/\">Brecon Beacons Nationalpark in S\u00fcdwales<\/a> eignet sich fantastisch f\u00fcr Aktivurlaube mit hervorragenden Wanderrouten, Mountainbike Wegen, Reitstrecken, Schluchten und W\u00e4ldern. Es gibt interessante Marktst\u00e4dte wie Abergavenny, <a href=\"https:\/\/www.urlaubcornwall.de\/ferienhaeuser-fewos\/wal\/mittelwales\/llandovery.html\">Llandovery<\/a>, Hay-on-Wye und Talgarth, wo es eine Menge zu sehen und zu tun gibt.<\/p>\n<p><strong>6- Sterne beobachten<\/strong><\/p>\n<p>Wales entwickelt sich zu einem der besten L\u00e4nder der Welt, um Sterne zu beobachten mit einer Reihe von Dark Sky Discovery Sites. Diese finden Sie in den Brecon Beacons, Snowdonia, der Llyn Peninsula, dem Elan Valley, in der <a href=\"https:\/\/www.urlaubcornwall.de\/ferienhaeuser-fewos\/wal\/mittelwales\/mittelwales.html\">Mitte von Wales<\/a> und Penbryn Beach, Ceredigion.<\/p>\n<p><strong>7- Sommerfestivals<\/strong><\/p>\n<p>Es gibt so viele verschiedene Arten an Festivals in Wales; es scheint fast so als g\u00e4be es ein Festival, um fast alles zu feiern. Das bekannte National Eisteddfod ist das Nationalfest von Wales; es wird Sprache und Kultur des Landes gefeiert, und es findet in der ersten Augustwoche an einem j\u00e4hrlich jeweils anderen Ort statt. Das gr\u00f6\u00dfte Speisefestival findet im September jeden Jahres in <a href=\"https:\/\/www.urlaubcornwall.de\/ferienhaeuser-fewos\/wal\/mittelwales\/abergavenny.html\">Abergavenny<\/a> statt und hat einen hervorragenden Ruf. Das Hay Festival findet in Hay-on-Wye statt, Powys, Ende Mai. Dieses Literatur- und Kunstfestival ist in der ganzen Welt ber\u00fchmt.<\/p>\n<p><strong>8- Mehr als 200 Golfpl\u00e4tze<\/strong><\/p>\n<p>Es gibt eine breite Vielfalt an Golfpl\u00e4tzen in Wales, von jenen an der K\u00fcste bis hin zu jenen in Bergen und T\u00e4lern. Der historische Platz bei <a href=\"https:\/\/www.urlaubcornwall.de\/ferienhaeuser-fewos\/wal\/nordwales\/aberdovey.html\">Aberdovey<\/a> inmitten der D\u00fcnen hat einige bemerkenswerte L\u00f6cher. Celtic Manor, das 2008 er\u00f6ffnete, wurde entsprechend designt, um den Ryder Cup abzuhalten. Der Golfplatz Pennard auf der <a href=\"https:\/\/www.urlaubcornwall.de\/ferienhaeuser-fewos\/wal\/westwales\/gower-am-meer.html\">Gower Peninsula<\/a> tr\u00e4gt den Spitznamen \u2018Golfplatz im Himmel\u2019, da er sich mehr als 60m \u00fcber dem Meeresspiegel befindet.<\/p>\n<p><strong>9- Gro\u00dfartig zum Surfen<\/strong><\/p>\n<p>Wales hat einige gro\u00dfartige Pl\u00e4tze zum Surfen; Newgale in Pembrokeshire ist hervorragend f\u00fcr Anf\u00e4nger, Langland Bay ist einer von Gowers feinsten Flecken zum Surfen, und auch Whitesands, Pembrokeshire, ist sehr beliebt. Es gibt nun auch eine Innenraum-Surflagune in <a href=\"https:\/\/www.urlaubcornwall.de\/ferienhaeuser-fewos\/wal\/nordwales\/snowdonia.html\">Snowdonia<\/a>, wo Sie bei jedem Wetter das Surfen erlernen k\u00f6nnen.<\/p>\n<p><img loading=\"lazy\" class=\"aligncenter size-full wp-image-47839\" src=\"https:\/\/www.urlaubcornwall.de\/blog\/wp-content\/uploads\/2024\/03\/Portmeirion.jpg\" alt=\"Portmeirion\" width=\"750\" height=\"500\" srcset=\"https:\/\/www.urlaubcornwall.de\/blog\/wp-content\/uploads\/2024\/03\/Portmeirion.jpg 750w, https:\/\/www.urlaubcornwall.de\/blog\/wp-content\/uploads\/2024\/03\/Portmeirion-300x200.jpg 300w\" sizes=\"(max-width: 750px) 100vw, 750px\" \/><\/p>\n<p><strong>10- Portmeirion<\/strong><\/p>\n<p>Dieses winzige Dorf in italienischem Stil in <a href=\"https:\/\/www.urlaubcornwall.de\/ferienhaeuser-fewos\/wal\/nordwales\/snowdonia-national-park.html\">Snowdonia<\/a> eignet sich als magischer Familientagesausflug. Dieses eigens designte Dorf mit seiner wundersch\u00f6nen Architektur, herrlichem Blick und Waldg\u00e4rten ist das ganze Jahr \u00fcber ge\u00f6ffnet und eine der Hauptbesucherattraktionen von Wales.<\/p>\n<div class=\"snippet\"> <a class=\"featured-item\" href=\" https:\/\/www.urlaubcornwall.de\/ferienhaeuser\/wales.php\"> <span class=\"image-holder\" style=\"background-image: url(' https:\/\/www.urlaubcornwall.de\/blog\/wp-content\/uploads\/2018\/12\/busreisen-wales-england.jpg');\"><\/span> <span class=\"featured-content\"> \n<h2 class=\"featured-title\">Bei uns finden Sie Ferienh\u00e4user in Wales zum Verlieben!<\/h2>\n<p class=\"featured-body\">Untenstehend finden Sie eine Auswahl an Selbstversorger-Ferienh\u00e4usern in Wales. Hier finden Sie handverlesene, pers\u00f6nlich inspizierte Cottages entlang der walisischen K\u00fcste&#8230;..<\/p>\n<\/span> <span class=\"featured-link-holder\"> <span class=\"featured-extra-info\"> \n<p>F\u00fcr Paare, Familien &#038; Gruppen<\/p>\n<\/span> \n<p class=\"featured-link\">DETAILS<\/p>\n<\/span> <\/a><\/div>\n<p>UrlaubCornwall.de hat eine einzigartige Sammlung pers\u00f6nlich inspizierter Ferienh\u00e4user und Ferienwohnungen in Wales, <a href=\"https:\/\/www.urlaubcornwall.de\/ferienhaeuser\/suedengland.php\">S\u00fcdengland<\/a> und nun auch im gesamten Gro\u00dfbritannien. <\/p>\n","protected":false},"excerpt":{"rendered":"<p>Wales hat w\u00e4hrend eines Urlaubs in Gro\u00dfbritannien jedem etwas zu bieten, und hier finden Sie 10 Gr\u00fcnde daf\u00fcr. 1 \u2013 Snowdonia Nationalpark Der Snowdonia Nationalpark mit seinen 2142 Quadratkilometern ist der zweitgr\u00f6\u00dfte Nationalpark in Britannien neben dem Lake Distrikt. Snowdon ist der h\u00f6chste Berg in Wales &amp; England und \u00fcberragt mit seinen 1085 Metern das [&hellip;]<\/p>\n","protected":false},"author":1,"featured_media":0,"parent":0,"menu_order":0,"comment_status":"closed","ping_status":"closed","template":"single-four.php","meta":[],"acf":[],"yoast_head":"<!-- This site is optimized with the Yoast SEO plugin v19.4 - https:\/\/yoast.com\/wordpress\/plugins\/seo\/ -->\n<title>10 Gr\u00fcnde, Wales zu besuchen \u2013 Urlaubsinspiration Wales - Urlaub &amp; Reisen<\/title>\n<meta name=\"robots\" content=\"index, follow, max-snippet:-1, max-image-preview:large, max-video-preview:-1\" \/>\n<link rel=\"canonical\" href=\"https:\/\/www.urlaubcornwall.de\/blog\/10-gruende-wales-zu-besuchen-urlaub-wales\/\" \/>\n<meta property=\"og:locale\" content=\"en_US\" \/>\n<meta property=\"og:type\" content=\"article\" \/>\n<meta property=\"og:title\" content=\"10 Gr\u00fcnde, Wales zu besuchen \u2013 Urlaubsinspiration Wales - Urlaub &amp; Reisen\" \/>\n<meta property=\"og:description\" content=\"Wales hat w\u00e4hrend eines Urlaubs in Gro\u00dfbritannien jedem etwas zu bieten, und hier finden Sie 10 Gr\u00fcnde daf\u00fcr. 1 \u2013 Snowdonia Nationalpark Der Snowdonia Nationalpark mit seinen 2142 Quadratkilometern ist der zweitgr\u00f6\u00dfte Nationalpark in Britannien neben dem Lake Distrikt. Snowdon ist der h\u00f6chste Berg in Wales &amp; England und \u00fcberragt mit seinen 1085 Metern das [&hellip;]\" \/>\n<meta property=\"og:url\" content=\"https:\/\/www.urlaubcornwall.de\/blog\/10-gruende-wales-zu-besuchen-urlaub-wales\/\" \/>\n<meta property=\"og:site_name\" content=\"Urlaub &amp; Reisen\" \/>\n<meta property=\"article:modified_time\" content=\"2024-05-29T15:25:50+00:00\" \/>\n<meta property=\"og:image\" content=\"https:\/\/www.urlaubcornwall.de\/blog\/wp-content\/uploads\/2024\/03\/snowdonia-wales.jpg\" \/>\n<meta name=\"twitter:card\" content=\"summary\" \/>\n<meta name=\"twitter:label1\" content=\"Est. reading time\" \/>\n\t<meta name=\"twitter:data1\" content=\"4 minutes\" \/>\n<script type=\"application\/ld+json\" class=\"yoast-schema-graph\">{\"@context\":\"https:\/\/schema.org\",\"@graph\":[{\"@type\":\"WebSite\",\"@id\":\"https:\/\/www.urlaubcornwall.de\/blog\/#website\",\"url\":\"https:\/\/www.urlaubcornwall.de\/blog\/\",\"name\":\"Urlaub &amp; Reisen\",\"description\":\"Urlaub, Reisen, Cornwall und S\u00fcdengland: eine perfekte Kombination\",\"potentialAction\":[{\"@type\":\"SearchAction\",\"target\":{\"@type\":\"EntryPoint\",\"urlTemplate\":\"https:\/\/www.urlaubcornwall.de\/blog\/?s={search_term_string}\"},\"query-input\":\"required name=search_term_string\"}],\"inLanguage\":\"en-US\"},{\"@type\":\"WebPage\",\"@id\":\"https:\/\/www.urlaubcornwall.de\/blog\/10-gruende-wales-zu-besuchen-urlaub-wales\/\",\"url\":\"https:\/\/www.urlaubcornwall.de\/blog\/10-gruende-wales-zu-besuchen-urlaub-wales\/\",\"name\":\"10 Gr\u00fcnde, Wales zu besuchen \u2013 Urlaubsinspiration Wales - Urlaub &amp; Reisen\",\"isPartOf\":{\"@id\":\"https:\/\/www.urlaubcornwall.de\/blog\/#website\"},\"datePublished\":\"2017-07-07T15:50:22+00:00\",\"dateModified\":\"2024-05-29T15:25:50+00:00\",\"breadcrumb\":{\"@id\":\"https:\/\/www.urlaubcornwall.de\/blog\/10-gruende-wales-zu-besuchen-urlaub-wales\/#breadcrumb\"},\"inLanguage\":\"en-US\",\"potentialAction\":[{\"@type\":\"ReadAction\",\"target\":[\"https:\/\/www.urlaubcornwall.de\/blog\/10-gruende-wales-zu-besuchen-urlaub-wales\/\"]}]},{\"@type\":\"BreadcrumbList\",\"@id\":\"https:\/\/www.urlaubcornwall.de\/blog\/10-gruende-wales-zu-besuchen-urlaub-wales\/#breadcrumb\",\"itemListElement\":[{\"@type\":\"ListItem\",\"position\":1,\"name\":\"Home\",\"item\":\"https:\/\/www.urlaubcornwall.de\/blog\/\"},{\"@type\":\"ListItem\",\"position\":2,\"name\":\"10 Gr\u00fcnde, Wales zu besuchen \u2013 Urlaubsinspiration Wales\"}]}]}<\/script>\n<!-- \/ Yoast SEO plugin. -->","yoast_head_json":{"title":"10 Gr\u00fcnde, Wales zu besuchen \u2013 Urlaubsinspiration Wales - Urlaub &amp; Reisen","robots":{"index":"index","follow":"follow","max-snippet":"max-snippet:-1","max-image-preview":"max-image-preview:large","max-video-preview":"max-video-preview:-1"},"canonical":"https:\/\/www.urlaubcornwall.de\/blog\/10-gruende-wales-zu-besuchen-urlaub-wales\/","og_locale":"en_US","og_type":"article","og_title":"10 Gr\u00fcnde, Wales zu besuchen \u2013 Urlaubsinspiration Wales - Urlaub &amp; Reisen","og_description":"Wales hat w\u00e4hrend eines Urlaubs in Gro\u00dfbritannien jedem etwas zu bieten, und hier finden Sie 10 Gr\u00fcnde daf\u00fcr. 1 \u2013 Snowdonia Nationalpark Der Snowdonia Nationalpark mit seinen 2142 Quadratkilometern ist der zweitgr\u00f6\u00dfte Nationalpark in Britannien neben dem Lake Distrikt. Snowdon ist der h\u00f6chste Berg in Wales &amp; England und \u00fcberragt mit seinen 1085 Metern das [&hellip;]","og_url":"https:\/\/www.urlaubcornwall.de\/blog\/10-gruende-wales-zu-besuchen-urlaub-wales\/","og_site_name":"Urlaub &amp; Reisen","article_modified_time":"2024-05-29T15:25:50+00:00","og_image":[{"url":"https:\/\/www.urlaubcornwall.de\/blog\/wp-content\/uploads\/2024\/03\/snowdonia-wales.jpg"}],"twitter_card":"summary","twitter_misc":{"Est. reading time":"4 minutes"},"schema":{"@context":"https:\/\/schema.org","@graph":[{"@type":"WebSite","@id":"https:\/\/www.urlaubcornwall.de\/blog\/#website","url":"https:\/\/www.urlaubcornwall.de\/blog\/","name":"Urlaub &amp; Reisen","description":"Urlaub, Reisen, Cornwall und S\u00fcdengland: eine perfekte Kombination","potentialAction":[{"@type":"SearchAction","target":{"@type":"EntryPoint","urlTemplate":"https:\/\/www.urlaubcornwall.de\/blog\/?s={search_term_string}"},"query-input":"required name=search_term_string"}],"inLanguage":"en-US"},{"@type":"WebPage","@id":"https:\/\/www.urlaubcornwall.de\/blog\/10-gruende-wales-zu-besuchen-urlaub-wales\/","url":"https:\/\/www.urlaubcornwall.de\/blog\/10-gruende-wales-zu-besuchen-urlaub-wales\/","name":"10 Gr\u00fcnde, Wales zu besuchen \u2013 Urlaubsinspiration Wales - Urlaub &amp; Reisen","isPartOf":{"@id":"https:\/\/www.urlaubcornwall.de\/blog\/#website"},"datePublished":"2017-07-07T15:50:22+00:00","dateModified":"2024-05-29T15:25:50+00:00","breadcrumb":{"@id":"https:\/\/www.urlaubcornwall.de\/blog\/10-gruende-wales-zu-besuchen-urlaub-wales\/#breadcrumb"},"inLanguage":"en-US","potentialAction":[{"@type":"ReadAction","target":["https:\/\/www.urlaubcornwall.de\/blog\/10-gruende-wales-zu-besuchen-urlaub-wales\/"]}]},{"@type":"BreadcrumbList","@id":"https:\/\/www.urlaubcornwall.de\/blog\/10-gruende-wales-zu-besuchen-urlaub-wales\/#breadcrumb","itemListElement":[{"@type":"ListItem","position":1,"name":"Home","item":"https:\/\/www.urlaubcornwall.de\/blog\/"},{"@type":"ListItem","position":2,"name":"10 Gr\u00fcnde, Wales zu besuchen \u2013 Urlaubsinspiration Wales"}]}]}},"_links":{"self":[{"href":"https:\/\/www.urlaubcornwall.de\/blog\/wp-json\/wp\/v2\/pages\/28056"}],"collection":[{"href":"https:\/\/www.urlaubcornwall.de\/blog\/wp-json\/wp\/v2\/pages"}],"about":[{"href":"https:\/\/www.urlaubcornwall.de\/blog\/wp-json\/wp\/v2\/types\/page"}],"author":[{"embeddable":true,"href":"https:\/\/www.urlaubcornwall.de\/blog\/wp-json\/wp\/v2\/users\/1"}],"replies":[{"embeddable":true,"href":"https:\/\/www.urlaubcornwall.de\/blog\/wp-json\/wp\/v2\/comments?post=28056"}],"version-history":[{"count":20,"href":"https:\/\/www.urlaubcornwall.de\/blog\/wp-json\/wp\/v2\/pages\/28056\/revisions"}],"predecessor-version":[{"id":50739,"href":"https:\/\/www.urlaubcornwall.de\/blog\/wp-json\/wp\/v2\/pages\/28056\/revisions\/50739"}],"wp:attachment":[{"href":"https:\/\/www.urlaubcornwall.de\/blog\/wp-json\/wp\/v2\/media?parent=28056"}],"curies":[{"name":"wp","href":"https:\/\/api.w.org\/{rel}","templated":true}]}}