{"id":28054,"date":"2017-07-07T15:23:07","date_gmt":"2017-07-07T15:23:07","guid":{"rendered":"https:\/\/www.urlaubcornwall.de\/blog\/?page_id=28054"},"modified":"2024-04-15T14:55:05","modified_gmt":"2024-04-15T14:55:05","slug":"10-gruende-die-dafuer-sprechen-die-cotswolds-zu-besuchen","status":"publish","type":"page","link":"https:\/\/www.urlaubcornwall.de\/blog\/10-gruende-die-dafuer-sprechen-die-cotswolds-zu-besuchen\/","title":{"rendered":"10 Gr\u00fcnde, die daf\u00fcr sprechen, die Cotswolds zu besuchen"},"content":{"rendered":"<p><img loading=\"lazy\" class=\"aligncenter size-full wp-image-27295\" src=\"https:\/\/www.urlaubcornwall.de\/blog\/wp-content\/uploads\/2017\/03\/urlaub-broadway-cotswolds.jpg\" alt=\"urlaub broadway cotswolds\" width=\"746\" height=\"407\" srcset=\"https:\/\/www.urlaubcornwall.de\/blog\/wp-content\/uploads\/2017\/03\/urlaub-broadway-cotswolds.jpg 746w, https:\/\/www.urlaubcornwall.de\/blog\/wp-content\/uploads\/2017\/03\/urlaub-broadway-cotswolds-300x164.jpg 300w\" sizes=\"(max-width: 746px) 100vw, 746px\" \/><\/p>\n<p>Die <a href=\"https:\/\/www.urlaubcornwall.de\/blog\/urlaub-in-den-cotswolds-typisch-englisch\/\">Cotswolds in Zentral-S\u00fcdengland<\/a> gelten seit mehr als 50 Jahren als ausgewiesenes Gebiet hervorragender Natursch\u00f6nheit, und hier finden Sie einige Gr\u00fcnde daf\u00fcr, weshalb Sie diese in Ihren Urlaub in Gro\u00dfbritannien mit einbinden sollten.<\/p>\n<p><strong>1 \u2013 Sie sind sehr sch\u00f6n<\/strong> &#8211; Die St\u00e4dte und D\u00f6rfer, die aus honigfarbenem Gestein erbaut sind, sind absolute englisch: Painswick, <a href=\"https:\/\/www.urlaubcornwall.de\/blog\/ferienhaeuser-und-ferienwohnungen-in-bibury-urlaub-cotswolds\/\">Bibury<\/a>, <a href=\"https:\/\/www.urlaubcornwall.de\/blog\/urlaun-bourton-water-unterkunft-sehenswuerdigkeiten-und-geschichte\/\">Bourton-on-the-Water<\/a>, Lower Slaughter, <a href=\"https:\/\/www.urlaubcornwall.de\/blog\/urlaub-broadway-cotswolds-unterkunft-sehenswuerdigkeiten-und-geschichte\/\">Broadway<\/a>, Burford und Bredon sind lediglich ein paar der h\u00fcbschen D\u00f6rfer der Cotswolds, die durchaus eines Besuches wert sind.<\/p>\n<p><img loading=\"lazy\" class=\"aligncenter size-full wp-image-28065\" src=\"https:\/\/www.urlaubcornwall.de\/blog\/wp-content\/uploads\/2017\/07\/30239572.jpg\" alt=\"hervorragender Natursch\u00f6nheit  cotswolds\" width=\"745\" height=\"497\" srcset=\"https:\/\/www.urlaubcornwall.de\/blog\/wp-content\/uploads\/2017\/07\/30239572.jpg 745w, https:\/\/www.urlaubcornwall.de\/blog\/wp-content\/uploads\/2017\/07\/30239572-300x200.jpg 300w\" sizes=\"(max-width: 745px) 100vw, 745px\" \/><\/p>\n<p><strong>2 \u2013 Sie erstrecken sich \u00fcber ein riesiges Gebiet<\/strong> &#8211; Die Cotswolds erstrecken sich \u00fcber ein Gebiet von mehr als 2072 Quadratkilometern \u00fcber <a href=\"https:\/\/www.urlaubcornwall.de\/ferienhaeuser\/cotswolds.php\">5 Grafschaften<\/a> hinweg: <a href=\"https:\/\/www.urlaubcornwall.de\/ferienhaeuser-fewos\/eng\/wiltshire\/wiltshire.html\">Wiltshire<\/a>, <a href=\"https:\/\/www.urlaubcornwall.de\/ferienhaeuser\/cotswolds.php\">Gloucestershire<\/a>, <a href=\"https:\/\/www.urlaubcornwall.de\/ferienhaeuser-fewos\/eng\/oxfordshire\/oxfordshire.html\">Oxfordshire<\/a>, <a href=\"https:\/\/www.urlaubcornwall.de\/ferienhaeuser-fewos\/eng\/warwickshire\/warwickshire.html\">Warwickshire<\/a> und <a href=\"https:\/\/www.urlaubcornwall.de\/ferienhaeuser-fewos\/eng\/worcestershire\/worcestershire.html\">Worcestershire<\/a>. Es ist das gr\u00f6\u00dfte der 38 Gebieten hervorragender Natursch\u00f6nheit in England und Wales, und jede Grafschaft hat ihre ganz eigene Identit\u00e4t, doch allesamt haben sie dieselben Cotswold Merkmale goldenen Gesteins und sanften H\u00fcgeln, \u2018the wolds\u2019.<\/p>\n<p><img loading=\"lazy\" class=\"aligncenter size-full wp-image-47830\" src=\"https:\/\/www.urlaubcornwall.de\/blog\/wp-content\/uploads\/2024\/03\/stratford-upon-avon-anne-hathaway-cottage.jpg\" alt=\"stratford upon avon anne hathaway cottage\" width=\"750\" height=\"500\" srcset=\"https:\/\/www.urlaubcornwall.de\/blog\/wp-content\/uploads\/2024\/03\/stratford-upon-avon-anne-hathaway-cottage.jpg 750w, https:\/\/www.urlaubcornwall.de\/blog\/wp-content\/uploads\/2024\/03\/stratford-upon-avon-anne-hathaway-cottage-300x200.jpg 300w\" sizes=\"(max-width: 750px) 100vw, 750px\" \/><\/p>\n<p><strong>3 \u2013 Sie haben zahlreiche literarische Verbindungen<\/strong> &#8211; <a href=\"https:\/\/www.urlaubcornwall.de\/ferienhaeuser-fewos\/eng\/warwickshire\/stratford-upon-avon.html\">Stratford-upon-Avon<\/a> ist bekannt als Geburtsst\u00e4tte und Zuhause von William Shakespeare; es ist bei Besuchern aus der ganzen Welt beliebt. Jane Austen lebte in Bath, und hier schrieb sie \u2018Persuasion\u2019 und \u2018Northanger Abbey\u2019. Der Autor von \u2018Alice im Wunderland\u2019, J M Barrie verbrachte viel Zeit in Stow\u2013on-the-Wold gemeinsam mit seinem Freund, dem Pfarrer Edward Litton, dessen Tochter Alice Inspiration f\u00fcr seine B\u00fccher war. J K Rowling, die Autorin der \u2018Harry Potter\u2019 Serien wurde in Yate in den Cotswolds geboren, und zahlreiche der Burgen der Umgebung dienten als Filmschaupl\u00e4tze der Harry Potter Verfilmungen.<\/p>\n<div class=\"snippet\"> <a class=\"featured-item\" href=\"https:\/\/www.urlaubcornwall.de\/ferienhaeuser\/suedengland.php\"> <span class=\"image-holder\" style=\"background-image: url('https:\/\/www.urlaubcornwall.de\/blog\/wp-content\/uploads\/2018\/12\/ferienhaus-cornwall-mit-hund.jpg');\"><\/span> <span class=\"featured-content\"> \n<h2 class=\"featured-title\">Ferienh\u00e4user in den Cotswolds &#038; durch S\u00fcdengland<\/h2>\n<p class=\"featured-body\">Bei uns finden Sie Ferienh\u00e4user zum Verlieben &#8211; so einfach ist das! Dank seiner langen Geschichte, der reizvollen Landschaften und seinen vielen Attraktionen ist S\u00fcdengland ein wahres Mekka f\u00fcr Urlauber&#8230;..<\/p><\/span> <span class=\"featured-link-holder\"> <span class=\"featured-extra-info\"> \n<p>Pers\u00f6nlich inspizierter Ferienh\u00e4user<\/p>\n<\/span> \n<p class=\"featured-link\">DETAILS<\/p>\n<\/span> <\/a><\/div>\n<p><strong>4 \u2013 Sie haben auch zahlreiche k\u00f6nigliche Verbindungen<\/strong> &#8211; Highgrove ist das Cotswold Zuhause von Prinz Charles und der Herzogin von <a href=\"https:\/\/www.urlaubcornwall.de\/reiseziel\/cornwall.php\">Cornwall<\/a>. Die G\u00e4rten sind w\u00e4hrend der Woche den ganzen Sommer lang der \u00d6ffentlichkeit zug\u00e4nglich, und es ist ratsam, im Voraus zu buchen. Zahlreiche weitere Mitglieder der K\u00f6niglichen Familie leben in den Cotswolds, und in <a href=\"https:\/\/www.urlaubcornwall.de\/ferienhaeuser-fewos\/eng\/gloucestershire\/cirencester.html\">Cirencester<\/a>, der \u2018Hauptstadt der Cotswolds\u2019 gehen Mitglieder der K\u00f6niglichen Familie einkaufen oder spielen Polo.<\/p>\n<p><strong>5 \u2013 Das Tor zu einigen feinen St\u00e4dten<\/strong> &#8211; Am Rande der Cotswolds befinden sich einige von Englands feinsten und kulturellsten kleinen St\u00e4dte einschlie\u00dflich Bath, Cheltenham, Cirencester, Oxford und Worcester.<\/p>\n<p><strong>6 \u2013 k\u00f6stliche \u00f6rtliche Produkte<\/strong> &#8211; Die Cotswolds sind zum Reiseziel von Feinschmeckern geworden mit ihren Speisefestivals in <a href=\"https:\/\/www.urlaubcornwall.de\/ferienhaeuser-fewos\/eng\/worcestershire\/tewkesbury.html\">Tewkesbury<\/a> und <a href=\"https:\/\/www.urlaubcornwall.de\/ferienhaeuser-fewos\/eng\/gloucestershire\/cheltenham.html\">Cheltenham<\/a>. Es gibt zahlreiche spezialisierte Speisehersteller, und einige der bekannten Delikatessen vor Ort sind: Single Gloucester K\u00e4se, Gloucester Old Spot Schweinefleisch, Bibury Forelle, Stinking Bishop K\u00e4se, Cotswold Dry Gin, sowie zahlreiche \u00f6rtliche Biersorten.<\/p>\n<p><strong>7- eine gro\u00dfartige Auswahl an Unterk\u00fcnften<\/strong> &#8211; Von <a href=\"https:\/\/www.urlaubcornwall.de\/blog\/ein-luxus-landhotel-cheltenham-cotswolds\/\">Luxushotels<\/a>, Boutique B&amp;Bs, Gastst\u00e4tten mit Zimmern und <a href=\"https:\/\/www.urlaubcornwall.de\/ferienhaeuser\/cotswolds.php\">herrlichen Cottages<\/a>, so gibt es eine gro\u00dfartige Auswahl an Unterk\u00fcnften f\u00fcr Jedermann.<\/p>\n<p><img loading=\"lazy\" class=\"aligncenter size-full wp-image-47791\" src=\"https:\/\/www.urlaubcornwall.de\/blog\/wp-content\/uploads\/2024\/03\/blenheim-palace.jpg\" alt=\"blenheim palace\" width=\"750\" height=\"563\" srcset=\"https:\/\/www.urlaubcornwall.de\/blog\/wp-content\/uploads\/2024\/03\/blenheim-palace.jpg 750w, https:\/\/www.urlaubcornwall.de\/blog\/wp-content\/uploads\/2024\/03\/blenheim-palace-300x225.jpg 300w\" sizes=\"(max-width: 750px) 100vw, 750px\" \/><\/p>\n<p><strong>8- Es gibt zahlreiche wundersch\u00f6ne G\u00e4rten und historische H\u00e4user<\/strong> &#8211; Wenn Sie <a href=\"https:\/\/www.urlaubcornwall.de\/blog\/urlaub-in-den-cotswolds-typisch-englisch\/\">Urlaub in den Cotswolds<\/a> verbringen, werden Sie verw\u00f6hnt mit einer Auswahl wundersch\u00f6ner G\u00e4rten und Herrenh\u00e4usern, die Sie besuchen k\u00f6nnen. Einige, die Sie unbedingt sehen sollten, sind Hidcote, Blenheim Palace &amp; Gardens, Sudeley Castle &amp; Gardens, Painswick Rocco Gardens und Westonbirt Arboretum.<\/p>\n<p><strong>9- Sie eignen sich hervorragend zum Mountainbiken &amp; Radfahren<\/strong> &#8211; Die<a href=\"https:\/\/www.urlaubcornwall.de\/radurlaub\/cotswolds.php\"> Cotswolds sind geradezu perfekt f\u00fcr Radfahrer<\/a>; es gibt zahlreiche Radwege und Landstra\u00dfen zu erkunden. Sie eignen sich mit einem 40 Quadratkilometer gro\u00dfen Park bei Cheltenham auch herrlich zum Mountainbiken.<\/p>\n<p><img loading=\"lazy\" class=\"aligncenter size-full wp-image-28067\" src=\"https:\/\/www.urlaubcornwall.de\/blog\/wp-content\/uploads\/2017\/07\/cotswolds-way_1.jpg\" alt=\"wandern cotswolds way\" width=\"746\" height=\"404\" srcset=\"https:\/\/www.urlaubcornwall.de\/blog\/wp-content\/uploads\/2017\/07\/cotswolds-way_1.jpg 746w, https:\/\/www.urlaubcornwall.de\/blog\/wp-content\/uploads\/2017\/07\/cotswolds-way_1-300x162.jpg 300w\" sizes=\"(max-width: 746px) 100vw, 746px\" \/><\/p>\n<p><strong>10 \u2013 Wunderbar zum Wandern<\/strong> &#8211; Es gibt zahlreiche herrliche <a href=\"https:\/\/www.urlaubcornwall.de\/wanderurlaub\/cotswolds.php\">Wanderwege in den Cotswolds<\/a>. Der Cotswold Way ist ein Langstreckenpfad von mehr als 160km von Bath bis nach Chipping Campden, das dem begeisterten Wanderer entlang des Weges durch malerische D\u00f6rfer herrlichen Blick bietet. Wenn Sie lediglich Zeit f\u00fcr eine kurze Wanderung haben, nehmen Sie doch den 1,6km langen Wanderweg zwischen den D\u00f6rfern Upper und Lower Slaughter entlang des Flusses Eye.<\/p>\n<div class=\"snippet\"> <a class=\"featured-item\" href=\"https:\/\/www.urlaubcornwall.de\/rundreisen\/cornwall-suedengland.php\"> <span class=\"image-holder\" style=\"background-image: url('https:\/\/www.urlaubcornwall.de\/blog\/wp-content\/uploads\/2019\/01\/DiTn0QVWsAIOgjG.jpg');\"><\/span> <span class=\"featured-content\"> \n<h2 class=\"featured-title\">Cotswolds &#038; S\u00fcdengland eine perfekte Kombination<\/h2>\n<p class=\"featured-body\">Die perfekte Reisem\u00f6glichkeit und erm\u00f6glicht es Ihnen, Entdeckungen zu machen und einen Urlaub im eigenen Schritttempo&#8230;.<\/p><\/span> <span class=\"featured-link-holder\"> <span class=\"featured-extra-info\"> \n<p>Rundeisen f\u00fcr Paare, Familien &#038; Gruppen<\/p>\n<\/span> \n<p class=\"featured-link\">DETAILS<\/p>\n<\/span> <\/a><\/div>\n<p>UrlaubCornwall.de hat seinen Firmensitz in Cornwall in S\u00fcdwestengland und bietet Kunden im Deutsch sprechenden Europa Hilfe im Erstellen der perfekten Urlaubserfahrung hier. Wir haben ein Team Deutsch sprechender Experten, so dass wir eine <a href=\"https:\/\/www.urlaubcornwall.de\/rundreisen\/grossbritannien.php\">individuelle Urlaub in Gro\u00dfbritannien<\/a>.<\/p>\n","protected":false},"excerpt":{"rendered":"<p>Die Cotswolds in Zentral-S\u00fcdengland gelten seit mehr als 50 Jahren als ausgewiesenes Gebiet hervorragender Natursch\u00f6nheit, und hier finden Sie einige Gr\u00fcnde daf\u00fcr, weshalb Sie diese in Ihren Urlaub in Gro\u00dfbritannien mit einbinden sollten. 1 \u2013 Sie sind sehr sch\u00f6n &#8211; Die St\u00e4dte und D\u00f6rfer, die aus honigfarbenem Gestein erbaut sind, sind absolute englisch: Painswick, Bibury, [&hellip;]<\/p>\n","protected":false},"author":1,"featured_media":0,"parent":0,"menu_order":0,"comment_status":"closed","ping_status":"closed","template":"single-four.php","meta":[],"acf":[],"yoast_head":"<!-- This site is optimized with the Yoast SEO plugin v19.4 - https:\/\/yoast.com\/wordpress\/plugins\/seo\/ -->\n<title>10 Gr\u00fcnde, die daf\u00fcr sprechen, die Cotswolds zu besuchen - Urlaub &amp; Reisen<\/title>\n<meta name=\"robots\" content=\"index, follow, max-snippet:-1, max-image-preview:large, max-video-preview:-1\" \/>\n<link rel=\"canonical\" href=\"https:\/\/www.urlaubcornwall.de\/blog\/10-gruende-die-dafuer-sprechen-die-cotswolds-zu-besuchen\/\" \/>\n<meta property=\"og:locale\" content=\"en_US\" \/>\n<meta property=\"og:type\" content=\"article\" \/>\n<meta property=\"og:title\" content=\"10 Gr\u00fcnde, die daf\u00fcr sprechen, die Cotswolds zu besuchen - Urlaub &amp; Reisen\" \/>\n<meta property=\"og:description\" content=\"Die Cotswolds in Zentral-S\u00fcdengland gelten seit mehr als 50 Jahren als ausgewiesenes Gebiet hervorragender Natursch\u00f6nheit, und hier finden Sie einige Gr\u00fcnde daf\u00fcr, weshalb Sie diese in Ihren Urlaub in Gro\u00dfbritannien mit einbinden sollten. 1 \u2013 Sie sind sehr sch\u00f6n &#8211; Die St\u00e4dte und D\u00f6rfer, die aus honigfarbenem Gestein erbaut sind, sind absolute englisch: Painswick, Bibury, [&hellip;]\" \/>\n<meta property=\"og:url\" content=\"https:\/\/www.urlaubcornwall.de\/blog\/10-gruende-die-dafuer-sprechen-die-cotswolds-zu-besuchen\/\" \/>\n<meta property=\"og:site_name\" content=\"Urlaub &amp; Reisen\" \/>\n<meta property=\"article:modified_time\" content=\"2024-04-15T14:55:05+00:00\" \/>\n<meta property=\"og:image\" content=\"https:\/\/www.urlaubcornwall.de\/blog\/wp-content\/uploads\/2017\/03\/urlaub-broadway-cotswolds.jpg\" \/>\n<meta name=\"twitter:card\" content=\"summary\" \/>\n<meta name=\"twitter:label1\" content=\"Est. reading time\" \/>\n\t<meta name=\"twitter:data1\" content=\"4 minutes\" \/>\n<script type=\"application\/ld+json\" class=\"yoast-schema-graph\">{\"@context\":\"https:\/\/schema.org\",\"@graph\":[{\"@type\":\"WebSite\",\"@id\":\"https:\/\/www.urlaubcornwall.de\/blog\/#website\",\"url\":\"https:\/\/www.urlaubcornwall.de\/blog\/\",\"name\":\"Urlaub &amp; Reisen\",\"description\":\"Urlaub, Reisen, Cornwall und S\u00fcdengland: eine perfekte Kombination\",\"potentialAction\":[{\"@type\":\"SearchAction\",\"target\":{\"@type\":\"EntryPoint\",\"urlTemplate\":\"https:\/\/www.urlaubcornwall.de\/blog\/?s={search_term_string}\"},\"query-input\":\"required name=search_term_string\"}],\"inLanguage\":\"en-US\"},{\"@type\":\"WebPage\",\"@id\":\"https:\/\/www.urlaubcornwall.de\/blog\/10-gruende-die-dafuer-sprechen-die-cotswolds-zu-besuchen\/\",\"url\":\"https:\/\/www.urlaubcornwall.de\/blog\/10-gruende-die-dafuer-sprechen-die-cotswolds-zu-besuchen\/\",\"name\":\"10 Gr\u00fcnde, die daf\u00fcr sprechen, die Cotswolds zu besuchen - Urlaub &amp; Reisen\",\"isPartOf\":{\"@id\":\"https:\/\/www.urlaubcornwall.de\/blog\/#website\"},\"datePublished\":\"2017-07-07T15:23:07+00:00\",\"dateModified\":\"2024-04-15T14:55:05+00:00\",\"breadcrumb\":{\"@id\":\"https:\/\/www.urlaubcornwall.de\/blog\/10-gruende-die-dafuer-sprechen-die-cotswolds-zu-besuchen\/#breadcrumb\"},\"inLanguage\":\"en-US\",\"potentialAction\":[{\"@type\":\"ReadAction\",\"target\":[\"https:\/\/www.urlaubcornwall.de\/blog\/10-gruende-die-dafuer-sprechen-die-cotswolds-zu-besuchen\/\"]}]},{\"@type\":\"BreadcrumbList\",\"@id\":\"https:\/\/www.urlaubcornwall.de\/blog\/10-gruende-die-dafuer-sprechen-die-cotswolds-zu-besuchen\/#breadcrumb\",\"itemListElement\":[{\"@type\":\"ListItem\",\"position\":1,\"name\":\"Home\",\"item\":\"https:\/\/www.urlaubcornwall.de\/blog\/\"},{\"@type\":\"ListItem\",\"position\":2,\"name\":\"10 Gr\u00fcnde, die daf\u00fcr sprechen, die Cotswolds zu besuchen\"}]}]}<\/script>\n<!-- \/ Yoast SEO plugin. -->","yoast_head_json":{"title":"10 Gr\u00fcnde, die daf\u00fcr sprechen, die Cotswolds zu besuchen - Urlaub &amp; Reisen","robots":{"index":"index","follow":"follow","max-snippet":"max-snippet:-1","max-image-preview":"max-image-preview:large","max-video-preview":"max-video-preview:-1"},"canonical":"https:\/\/www.urlaubcornwall.de\/blog\/10-gruende-die-dafuer-sprechen-die-cotswolds-zu-besuchen\/","og_locale":"en_US","og_type":"article","og_title":"10 Gr\u00fcnde, die daf\u00fcr sprechen, die Cotswolds zu besuchen - Urlaub &amp; Reisen","og_description":"Die Cotswolds in Zentral-S\u00fcdengland gelten seit mehr als 50 Jahren als ausgewiesenes Gebiet hervorragender Natursch\u00f6nheit, und hier finden Sie einige Gr\u00fcnde daf\u00fcr, weshalb Sie diese in Ihren Urlaub in Gro\u00dfbritannien mit einbinden sollten. 1 \u2013 Sie sind sehr sch\u00f6n &#8211; Die St\u00e4dte und D\u00f6rfer, die aus honigfarbenem Gestein erbaut sind, sind absolute englisch: Painswick, Bibury, [&hellip;]","og_url":"https:\/\/www.urlaubcornwall.de\/blog\/10-gruende-die-dafuer-sprechen-die-cotswolds-zu-besuchen\/","og_site_name":"Urlaub &amp; Reisen","article_modified_time":"2024-04-15T14:55:05+00:00","og_image":[{"url":"https:\/\/www.urlaubcornwall.de\/blog\/wp-content\/uploads\/2017\/03\/urlaub-broadway-cotswolds.jpg"}],"twitter_card":"summary","twitter_misc":{"Est. reading time":"4 minutes"},"schema":{"@context":"https:\/\/schema.org","@graph":[{"@type":"WebSite","@id":"https:\/\/www.urlaubcornwall.de\/blog\/#website","url":"https:\/\/www.urlaubcornwall.de\/blog\/","name":"Urlaub &amp; Reisen","description":"Urlaub, Reisen, Cornwall und S\u00fcdengland: eine perfekte Kombination","potentialAction":[{"@type":"SearchAction","target":{"@type":"EntryPoint","urlTemplate":"https:\/\/www.urlaubcornwall.de\/blog\/?s={search_term_string}"},"query-input":"required name=search_term_string"}],"inLanguage":"en-US"},{"@type":"WebPage","@id":"https:\/\/www.urlaubcornwall.de\/blog\/10-gruende-die-dafuer-sprechen-die-cotswolds-zu-besuchen\/","url":"https:\/\/www.urlaubcornwall.de\/blog\/10-gruende-die-dafuer-sprechen-die-cotswolds-zu-besuchen\/","name":"10 Gr\u00fcnde, die daf\u00fcr sprechen, die Cotswolds zu besuchen - Urlaub &amp; Reisen","isPartOf":{"@id":"https:\/\/www.urlaubcornwall.de\/blog\/#website"},"datePublished":"2017-07-07T15:23:07+00:00","dateModified":"2024-04-15T14:55:05+00:00","breadcrumb":{"@id":"https:\/\/www.urlaubcornwall.de\/blog\/10-gruende-die-dafuer-sprechen-die-cotswolds-zu-besuchen\/#breadcrumb"},"inLanguage":"en-US","potentialAction":[{"@type":"ReadAction","target":["https:\/\/www.urlaubcornwall.de\/blog\/10-gruende-die-dafuer-sprechen-die-cotswolds-zu-besuchen\/"]}]},{"@type":"BreadcrumbList","@id":"https:\/\/www.urlaubcornwall.de\/blog\/10-gruende-die-dafuer-sprechen-die-cotswolds-zu-besuchen\/#breadcrumb","itemListElement":[{"@type":"ListItem","position":1,"name":"Home","item":"https:\/\/www.urlaubcornwall.de\/blog\/"},{"@type":"ListItem","position":2,"name":"10 Gr\u00fcnde, die daf\u00fcr sprechen, die Cotswolds zu besuchen"}]}]}},"_links":{"self":[{"href":"https:\/\/www.urlaubcornwall.de\/blog\/wp-json\/wp\/v2\/pages\/28054"}],"collection":[{"href":"https:\/\/www.urlaubcornwall.de\/blog\/wp-json\/wp\/v2\/pages"}],"about":[{"href":"https:\/\/www.urlaubcornwall.de\/blog\/wp-json\/wp\/v2\/types\/page"}],"author":[{"embeddable":true,"href":"https:\/\/www.urlaubcornwall.de\/blog\/wp-json\/wp\/v2\/users\/1"}],"replies":[{"embeddable":true,"href":"https:\/\/www.urlaubcornwall.de\/blog\/wp-json\/wp\/v2\/comments?post=28054"}],"version-history":[{"count":9,"href":"https:\/\/www.urlaubcornwall.de\/blog\/wp-json\/wp\/v2\/pages\/28054\/revisions"}],"predecessor-version":[{"id":49639,"href":"https:\/\/www.urlaubcornwall.de\/blog\/wp-json\/wp\/v2\/pages\/28054\/revisions\/49639"}],"wp:attachment":[{"href":"https:\/\/www.urlaubcornwall.de\/blog\/wp-json\/wp\/v2\/media?parent=28054"}],"curies":[{"name":"wp","href":"https:\/\/api.w.org\/{rel}","templated":true}]}}