{"id":28026,"date":"2017-06-24T14:30:46","date_gmt":"2017-06-24T14:30:46","guid":{"rendered":"https:\/\/www.urlaubcornwall.de\/blog\/?page_id=28026"},"modified":"2021-08-09T09:41:04","modified_gmt":"2021-08-09T09:41:04","slug":"8-spektakulaere-luxusferienhaeuser-grossbritannien-england-schottland-wales","status":"publish","type":"page","link":"https:\/\/www.urlaubcornwall.de\/blog\/8-spektakulaere-luxusferienhaeuser-grossbritannien-england-schottland-wales\/","title":{"rendered":"8 spektakul\u00e4re Luxus Ferienh\u00e4user Gro\u00dfbritannien &#8211; England, Schottland &#038; Wales"},"content":{"rendered":"<p>Von 5 Sterne Feriencottages mit privatem Strandzugang in Cornwall&nbsp; bis hin zu jenen mit Spa M\u00f6glichkeiten in &amp; S\u00fcdengland, schauen Sie sich unsere Sammlung an an Luxusferienh\u00e4usern mit einem kleinen Extra f\u00fcr Ihren ganz besonderen <a href=\"https:\/\/www.urlaubcornwall.de\/ferienhaeuser.php\">Urlaub in ganz Gro\u00dfbritannien<\/a>.<\/p>\n<h1><a href=\"https:\/\/www.urlaubcornwall.de\/ferienhaeuser-fewos\/sco\/suedschottland\/castle-douglas-luxus-unterkuenfte.html\">Ferienhaus in Castle Douglas, Schottland<\/a><\/h1>\n<p><img loading=\"lazy\" class=\"aligncenter size-full wp-image-28030\" src=\"https:\/\/www.urlaubcornwall.de\/blog\/wp-content\/uploads\/2017\/06\/Rascarell-1.jpg\" alt=\"Luxusferienh\u00e4user Schottland\" width=\"747\" height=\"437\" srcset=\"https:\/\/www.urlaubcornwall.de\/blog\/wp-content\/uploads\/2017\/06\/Rascarell-1.jpg 747w, https:\/\/www.urlaubcornwall.de\/blog\/wp-content\/uploads\/2017\/06\/Rascarell-1-300x176.jpg 300w\" sizes=\"(max-width: 747px) 100vw, 747px\" \/><\/p>\n<p><a href=\"https:\/\/www.urlaubcornwall.de\/ferienhaeuser-fewos\/sco\/suedschottland\/castle-douglas-luxus-unterkuenfte.html\">Rascarrel Bay Lodge<\/a> ist eines von vier spektakul\u00e4ren luxuri\u00f6sen Urlaubsh\u00e4uschen in Castle Douglas, <a href=\"https:\/\/www.urlaubcornwall.de\/ferienhaeuser\/schottland.php\">Schottland<\/a>. Mit unvergleichbarem Meeresblick und einem Hot Tub ist dies ein wahrhaft besonderes Geb\u00e4ude. &nbsp;Alle vier H\u00e4uschen schmiegen sich an eine private, friedvolle Bucht an und befinden sich lediglich zwei Meilen vom Dorf Auchencarin entfernt und 11 Meilen von Castle Douglas. Halten Sie nach Delfinen Ausschau, w\u00e4hrend Sie den Meeresblick genie\u00dfen.<\/p>\n<h1><a href=\"https:\/\/www.urlaubcornwall.de\/ferienhaeuser-fewos\/eng\/oxfordshire\/oxfordshire-luxus-unterkuenfte.html\">Die Reetgedeckte Cottage, Oxfordshire<\/a><\/h1>\n<p><img loading=\"lazy\" class=\"aligncenter size-full wp-image-28031\" src=\"https:\/\/www.urlaubcornwall.de\/blog\/wp-content\/uploads\/2017\/06\/Thatched-Cott.jpg\" alt=\"Luxus ferienh\u00e4user Cotswolds\" width=\"747\" height=\"437\" srcset=\"https:\/\/www.urlaubcornwall.de\/blog\/wp-content\/uploads\/2017\/06\/Thatched-Cott.jpg 747w, https:\/\/www.urlaubcornwall.de\/blog\/wp-content\/uploads\/2017\/06\/Thatched-Cott-300x176.jpg 300w\" sizes=\"(max-width: 747px) 100vw, 747px\" \/><\/p>\n<p>The Reetgedeckte Cottage ist ein uriges Dorfhaus, innerhalb von drei Ar Land gelegen. Da das Dorf nur einen f\u00fcnfmin\u00fctigen Spaziergang entfernt ist und sich <a href=\"https:\/\/www.urlaubcornwall.de\/ferienhaeuser\/cotswolds.php\">die Cotswolds<\/a> direkt vor der Haust\u00fcre befinden, ist dieses malerische Geb\u00e4ude auch in einer perfekten Lage. Das 300 Jahre alte Cottage hat sich seinen Originalcharme erhalten, einschlie\u00dflich der ausgestellten Balken.<\/p>\n<p><a href=\"https:\/\/www.urlaubcornwall.de\/ferienhaeuser-fewos\/eng\/somerset\/somerset-luxus-unterkuenfte.html\">Sommer Lodge, Somerset<\/a><\/p>\n<p><img loading=\"lazy\" class=\"aligncenter size-full wp-image-28032\" src=\"https:\/\/www.urlaubcornwall.de\/blog\/wp-content\/uploads\/2017\/06\/Summer-Lodge.jpg\" alt=\"Luxusferienh\u00e4user S\u00fcdengland\" width=\"747\" height=\"437\" srcset=\"https:\/\/www.urlaubcornwall.de\/blog\/wp-content\/uploads\/2017\/06\/Summer-Lodge.jpg 747w, https:\/\/www.urlaubcornwall.de\/blog\/wp-content\/uploads\/2017\/06\/Summer-Lodge-300x176.jpg 300w\" sizes=\"(max-width: 747px) 100vw, 747px\" \/><\/p>\n<p><a href=\"https:\/\/www.urlaubcornwall.de\/ferienhaeuser-fewos\/eng\/somerset\/somerset-luxus-unterkuenfte.html\">Summer Lodge<\/a> ist ein luxuri\u00f6ses und romantisches Geb\u00e4ude in den Quantock Hills, <a href=\"https:\/\/www.urlaubcornwall.de\/ferienhaeuser-fewos\/eng\/somerset\/somerset.html\">Somerset<\/a>. Entspannen Sie in dieser Zedernh\u00fctte mit Glasfront oder drau\u00dfen im beheizten Spa Hot Tub. In l\u00e4ndlicher Umgebung ist Summer Lodge ein idyllischer Ort, um Friede und Abgeschiedenheit zu genie\u00dfen. Es ist auch eine gro\u00dfartige Ausgangsbasis, um das Westende zu erkunden.<\/p>\n<h1><a href=\"https:\/\/www.urlaubcornwall.de\/ferienhaeuser\/schottland.php\">Torran View Spa Lodge, Schottland<\/a><\/h1>\n<p><img loading=\"lazy\" class=\"aligncenter size-full wp-image-28033\" src=\"https:\/\/www.urlaubcornwall.de\/blog\/wp-content\/uploads\/2017\/06\/Torran-View.jpg\" alt=\"Luxusferienh\u00e4user Schottland highlands\" width=\"747\" height=\"437\" srcset=\"https:\/\/www.urlaubcornwall.de\/blog\/wp-content\/uploads\/2017\/06\/Torran-View.jpg 747w, https:\/\/www.urlaubcornwall.de\/blog\/wp-content\/uploads\/2017\/06\/Torran-View-300x176.jpg 300w\" sizes=\"(max-width: 747px) 100vw, 747px\" \/><\/p>\n<p>Diese <a href=\"https:\/\/www.urlaubcornwall.de\/ferienhaeuser-fewos\/sco\/schottland.html\">luxuri\u00f6se \u00d6koh\u00fctte<\/a> hat nicht nur einen atemberaubenden Blick, sondern auch ein Hot Tub zur Entspannung und um die Landschaft zu genie\u00dfen. Torran View Lodge ist \u00fcberaus ger\u00e4umig und befindet sich innerhalb von vier Ar Land mit einem Naturteich, Bach und G\u00e4rten. Dieses herrliche Geb\u00e4ude liegt oberhalb von &nbsp;Loch Ness, zwei Meilen vom friedlichen Dorf Drumnadrochit entfernt. Torran View ist f\u00fcr Paare ein idyllischer R\u00fcckzugsort.<\/p>\n<h1><a href=\"https:\/\/www.urlaubcornwall.de\/ferienhaeuser-fewos\/eng\/gloucestershire\/moreton-in-marsh-luxus-unterkuenfte.html\">Ferienhaus in Moreton-in-marsh, Gloucestershire<\/a><\/h1>\n<p><img loading=\"lazy\" class=\"aligncenter size-full wp-image-28034\" src=\"https:\/\/www.urlaubcornwall.de\/blog\/wp-content\/uploads\/2017\/06\/One-Hope.jpg\" alt=\"Luxusferienh\u00e4user Cotswolds Gloucestershire\" width=\"747\" height=\"437\" srcset=\"https:\/\/www.urlaubcornwall.de\/blog\/wp-content\/uploads\/2017\/06\/One-Hope.jpg 747w, https:\/\/www.urlaubcornwall.de\/blog\/wp-content\/uploads\/2017\/06\/One-Hope-300x176.jpg 300w\" sizes=\"(max-width: 747px) 100vw, 747px\" \/><\/p>\n<p>Dieses <a href=\"https:\/\/www.urlaubcornwall.de\/ferienhaeuser-fewos\/eng\/gloucestershire\/moreton-in-marsh-luxus-unterkuenfte.html\">wundersch\u00f6n designte Geb\u00e4ude<\/a> liegt in einem der h\u00fcbschesten D\u00f6rfer der Nord-Cotswolds. Die traditionellen Cottageelemente wurden behutsam verbunden mit zeitgen\u00f6ssischem Design, um dieses einzigartige Geb\u00e4ude zu schaffen. One Hope Cottage befindet sich im quintessentiellen englischen Dorf Longborough und nicht weit entfernt von der gesch\u00e4ftigen Marktstadt Stow-on-the-Wold.<\/p>\n<h1><a href=\"https:\/\/www.urlaubcornwall.de\/ferienhaeuser-fewos\/sco\/suedschottland\/glasgow-luxus-unterkuenfte.html\">Luxus-Ferienwohnung in Glasgow, Schottland<\/a><\/h1>\n<p><img loading=\"lazy\" class=\"aligncenter size-full wp-image-28035\" src=\"https:\/\/www.urlaubcornwall.de\/blog\/wp-content\/uploads\/2017\/06\/Merchants-Core.jpg\" alt=\"Luxus ferienh\u00e4user Ferienwohnung Glasgow schottland\" width=\"747\" height=\"437\" srcset=\"https:\/\/www.urlaubcornwall.de\/blog\/wp-content\/uploads\/2017\/06\/Merchants-Core.jpg 747w, https:\/\/www.urlaubcornwall.de\/blog\/wp-content\/uploads\/2017\/06\/Merchants-Core-300x176.jpg 300w\" sizes=\"(max-width: 747px) 100vw, 747px\" \/><\/p>\n<p>F\u00fcr all jene, die einen glamour\u00f6sen Stadtaufenthalt suchen, ist das Merchant&#8217;s Core in Glasgow schwer zu \u00fcberbieten. Das <a href=\"https:\/\/www.urlaubcornwall.de\/ferienhaeuser-fewos\/sco\/suedschottland\/glasgow-luxus-unterkuenfte.html\">Penthouse im Stadtzentrum hat Panoramablick \u00fcber die Stadt<\/a>. Geschmackvoll designt mit moderner Inneneinrichtung, bietet das Appartement eine hervorragende Ausgangsbasis, um &nbsp;Schottlands gr\u00f6\u00dfte Stadt zu erkunden. Auf dem herrlichen Freisitz l\u00e4sst es sich wunderbar zu Abend essen.<\/p>\n<h1><a href=\"https:\/\/www.urlaubcornwall.de\/ferienhaeuser-fewos\/launceston.html\">Ferienhaus in Launceston, Nord-Cornwall<\/a><\/h1>\n<p><img loading=\"lazy\" class=\"aligncenter size-full wp-image-28036\" src=\"https:\/\/www.urlaubcornwall.de\/blog\/wp-content\/uploads\/2017\/06\/Waterloo-Cott.jpg\" alt=\"Luxus ferienh\u00e4user cornwall mit pool\" width=\"747\" height=\"437\" srcset=\"https:\/\/www.urlaubcornwall.de\/blog\/wp-content\/uploads\/2017\/06\/Waterloo-Cott.jpg 747w, https:\/\/www.urlaubcornwall.de\/blog\/wp-content\/uploads\/2017\/06\/Waterloo-Cott-300x176.jpg 300w\" sizes=\"(max-width: 747px) 100vw, 747px\" \/><\/p>\n<p>Saffron Cottage ist eines von sechs herrlichen Geb\u00e4uden an der <a href=\"https:\/\/www.urlaubcornwall.de\/ferienhaeuser-fewos\/launceston.html\">Waterloo Farm in Nordcornwall<\/a>. Auf einem Grundst\u00fcck von mehr als 200 Ar gelegen und mit beheiztem Schwimmbad, bietet dieses herrliche Geb\u00e4ude einen einzigartigen Aufenthalt. Tiere k\u00f6nnen auf dem Grundst\u00fcck gesichtet werden, einschlie\u00dflich K\u00f6nigsfischer, Otter und Feldlerchen. Aufgrund seiner idyllischen Lage ist es auch gro\u00dfartige Ausgangsbasis, um Cornwall zu erkunden.<\/p>\n<h1><a href=\"https:\/\/www.urlaubcornwall.de\/ferienhaeuser-fewos\/ilfracombe-luxus-unterkuenfte.html\">Luxus-Ferienwohnung in Ilfracombe, Norddevon<\/a><\/h1>\n<p><img loading=\"lazy\" class=\"aligncenter size-full wp-image-28037\" src=\"https:\/\/www.urlaubcornwall.de\/blog\/wp-content\/uploads\/2017\/06\/Oceanside.jpg\" alt=\"Luxusferienh\u00e4user devon am meer meerblick\" width=\"747\" height=\"437\" srcset=\"https:\/\/www.urlaubcornwall.de\/blog\/wp-content\/uploads\/2017\/06\/Oceanside.jpg 747w, https:\/\/www.urlaubcornwall.de\/blog\/wp-content\/uploads\/2017\/06\/Oceanside-300x176.jpg 300w\" sizes=\"(max-width: 747px) 100vw, 747px\" \/><\/p>\n<p>Mit Panoramameeresblick und privatem Patio bietet dieses <a href=\"https:\/\/www.urlaubcornwall.de\/ferienhaeuser-fewos\/ilfracombe-luxus-unterkuenfte.html\">Geb\u00e4ude in Norddevon<\/a> einen \u00fcberaus luxuri\u00f6sen Aufenthalt. Oceanside ist ein au\u00dfergew\u00f6hnliches Appartement in der historischen K\u00fcstenstadt Ilfracombe. &nbsp;Machen Sie einen Spaziergang entlang des charmanten Hafens oder machen Sie Halt, um einen Bissen in Damien Hirsts Gourmetrestaurant zu essen.<\/p>\n<p>Schauen Sie sich unsere Gesamtauswahl an <a href=\"https:\/\/www.urlaubcornwall.de\/ferienhaeuser.php\"><strong>Luxusunterk\u00fcnften hier an<\/strong><\/a>.<\/p>\n","protected":false},"excerpt":{"rendered":"<p>Von 5 Sterne Feriencottages mit privatem Strandzugang in Cornwall&nbsp; bis hin zu jenen mit Spa M\u00f6glichkeiten in &amp; S\u00fcdengland, schauen Sie sich unsere Sammlung an an Luxusferienh\u00e4usern mit einem kleinen Extra f\u00fcr Ihren ganz besonderen Urlaub in ganz Gro\u00dfbritannien. Ferienhaus in Castle Douglas, Schottland Rascarrel Bay Lodge ist eines von vier spektakul\u00e4ren luxuri\u00f6sen Urlaubsh\u00e4uschen in [&hellip;]<\/p>\n","protected":false},"author":1,"featured_media":0,"parent":0,"menu_order":0,"comment_status":"closed","ping_status":"closed","template":"single-four.php","meta":[],"acf":[],"yoast_head":"<!-- This site is optimized with the Yoast SEO plugin v19.4 - https:\/\/yoast.com\/wordpress\/plugins\/seo\/ -->\n<title>8 spektakul\u00e4re Luxus Ferienh\u00e4user Gro\u00dfbritannien - England, Schottland &amp; Wales - Urlaub &amp; Reisen<\/title>\n<meta name=\"robots\" content=\"index, follow, max-snippet:-1, max-image-preview:large, max-video-preview:-1\" \/>\n<link rel=\"canonical\" href=\"https:\/\/www.urlaubcornwall.de\/blog\/8-spektakulaere-luxusferienhaeuser-grossbritannien-england-schottland-wales\/\" \/>\n<meta property=\"og:locale\" content=\"en_US\" \/>\n<meta property=\"og:type\" content=\"article\" \/>\n<meta property=\"og:title\" content=\"8 spektakul\u00e4re Luxus Ferienh\u00e4user Gro\u00dfbritannien - England, Schottland &amp; Wales - Urlaub &amp; Reisen\" \/>\n<meta property=\"og:description\" content=\"Von 5 Sterne Feriencottages mit privatem Strandzugang in Cornwall&nbsp; bis hin zu jenen mit Spa M\u00f6glichkeiten in &amp; S\u00fcdengland, schauen Sie sich unsere Sammlung an an Luxusferienh\u00e4usern mit einem kleinen Extra f\u00fcr Ihren ganz besonderen Urlaub in ganz Gro\u00dfbritannien. Ferienhaus in Castle Douglas, Schottland Rascarrel Bay Lodge ist eines von vier spektakul\u00e4ren luxuri\u00f6sen Urlaubsh\u00e4uschen in [&hellip;]\" \/>\n<meta property=\"og:url\" content=\"https:\/\/www.urlaubcornwall.de\/blog\/8-spektakulaere-luxusferienhaeuser-grossbritannien-england-schottland-wales\/\" \/>\n<meta property=\"og:site_name\" content=\"Urlaub &amp; Reisen\" \/>\n<meta property=\"article:modified_time\" content=\"2021-08-09T09:41:04+00:00\" \/>\n<meta property=\"og:image\" content=\"https:\/\/www.urlaubcornwall.de\/blog\/wp-content\/uploads\/2017\/06\/Rascarell-1.jpg\" \/>\n<meta name=\"twitter:card\" content=\"summary\" \/>\n<meta name=\"twitter:label1\" content=\"Est. reading time\" \/>\n\t<meta name=\"twitter:data1\" content=\"3 minutes\" \/>\n<script type=\"application\/ld+json\" class=\"yoast-schema-graph\">{\"@context\":\"https:\/\/schema.org\",\"@graph\":[{\"@type\":\"WebSite\",\"@id\":\"https:\/\/www.urlaubcornwall.de\/blog\/#website\",\"url\":\"https:\/\/www.urlaubcornwall.de\/blog\/\",\"name\":\"Urlaub &amp; Reisen\",\"description\":\"Urlaub, Reisen, Cornwall und S\u00fcdengland: eine perfekte Kombination\",\"potentialAction\":[{\"@type\":\"SearchAction\",\"target\":{\"@type\":\"EntryPoint\",\"urlTemplate\":\"https:\/\/www.urlaubcornwall.de\/blog\/?s={search_term_string}\"},\"query-input\":\"required name=search_term_string\"}],\"inLanguage\":\"en-US\"},{\"@type\":\"WebPage\",\"@id\":\"https:\/\/www.urlaubcornwall.de\/blog\/8-spektakulaere-luxusferienhaeuser-grossbritannien-england-schottland-wales\/\",\"url\":\"https:\/\/www.urlaubcornwall.de\/blog\/8-spektakulaere-luxusferienhaeuser-grossbritannien-england-schottland-wales\/\",\"name\":\"8 spektakul\u00e4re Luxus Ferienh\u00e4user Gro\u00dfbritannien - England, Schottland & Wales - Urlaub &amp; Reisen\",\"isPartOf\":{\"@id\":\"https:\/\/www.urlaubcornwall.de\/blog\/#website\"},\"datePublished\":\"2017-06-24T14:30:46+00:00\",\"dateModified\":\"2021-08-09T09:41:04+00:00\",\"breadcrumb\":{\"@id\":\"https:\/\/www.urlaubcornwall.de\/blog\/8-spektakulaere-luxusferienhaeuser-grossbritannien-england-schottland-wales\/#breadcrumb\"},\"inLanguage\":\"en-US\",\"potentialAction\":[{\"@type\":\"ReadAction\",\"target\":[\"https:\/\/www.urlaubcornwall.de\/blog\/8-spektakulaere-luxusferienhaeuser-grossbritannien-england-schottland-wales\/\"]}]},{\"@type\":\"BreadcrumbList\",\"@id\":\"https:\/\/www.urlaubcornwall.de\/blog\/8-spektakulaere-luxusferienhaeuser-grossbritannien-england-schottland-wales\/#breadcrumb\",\"itemListElement\":[{\"@type\":\"ListItem\",\"position\":1,\"name\":\"Home\",\"item\":\"https:\/\/www.urlaubcornwall.de\/blog\/\"},{\"@type\":\"ListItem\",\"position\":2,\"name\":\"8 spektakul\u00e4re Luxus Ferienh\u00e4user Gro\u00dfbritannien &#8211; England, Schottland &#038; Wales\"}]}]}<\/script>\n<!-- \/ Yoast SEO plugin. -->","yoast_head_json":{"title":"8 spektakul\u00e4re Luxus Ferienh\u00e4user Gro\u00dfbritannien - England, Schottland & Wales - Urlaub &amp; Reisen","robots":{"index":"index","follow":"follow","max-snippet":"max-snippet:-1","max-image-preview":"max-image-preview:large","max-video-preview":"max-video-preview:-1"},"canonical":"https:\/\/www.urlaubcornwall.de\/blog\/8-spektakulaere-luxusferienhaeuser-grossbritannien-england-schottland-wales\/","og_locale":"en_US","og_type":"article","og_title":"8 spektakul\u00e4re Luxus Ferienh\u00e4user Gro\u00dfbritannien - England, Schottland & Wales - Urlaub &amp; Reisen","og_description":"Von 5 Sterne Feriencottages mit privatem Strandzugang in Cornwall&nbsp; bis hin zu jenen mit Spa M\u00f6glichkeiten in &amp; S\u00fcdengland, schauen Sie sich unsere Sammlung an an Luxusferienh\u00e4usern mit einem kleinen Extra f\u00fcr Ihren ganz besonderen Urlaub in ganz Gro\u00dfbritannien. Ferienhaus in Castle Douglas, Schottland Rascarrel Bay Lodge ist eines von vier spektakul\u00e4ren luxuri\u00f6sen Urlaubsh\u00e4uschen in [&hellip;]","og_url":"https:\/\/www.urlaubcornwall.de\/blog\/8-spektakulaere-luxusferienhaeuser-grossbritannien-england-schottland-wales\/","og_site_name":"Urlaub &amp; Reisen","article_modified_time":"2021-08-09T09:41:04+00:00","og_image":[{"url":"https:\/\/www.urlaubcornwall.de\/blog\/wp-content\/uploads\/2017\/06\/Rascarell-1.jpg"}],"twitter_card":"summary","twitter_misc":{"Est. reading time":"3 minutes"},"schema":{"@context":"https:\/\/schema.org","@graph":[{"@type":"WebSite","@id":"https:\/\/www.urlaubcornwall.de\/blog\/#website","url":"https:\/\/www.urlaubcornwall.de\/blog\/","name":"Urlaub &amp; Reisen","description":"Urlaub, Reisen, Cornwall und S\u00fcdengland: eine perfekte Kombination","potentialAction":[{"@type":"SearchAction","target":{"@type":"EntryPoint","urlTemplate":"https:\/\/www.urlaubcornwall.de\/blog\/?s={search_term_string}"},"query-input":"required name=search_term_string"}],"inLanguage":"en-US"},{"@type":"WebPage","@id":"https:\/\/www.urlaubcornwall.de\/blog\/8-spektakulaere-luxusferienhaeuser-grossbritannien-england-schottland-wales\/","url":"https:\/\/www.urlaubcornwall.de\/blog\/8-spektakulaere-luxusferienhaeuser-grossbritannien-england-schottland-wales\/","name":"8 spektakul\u00e4re Luxus Ferienh\u00e4user Gro\u00dfbritannien - England, Schottland & Wales - Urlaub &amp; Reisen","isPartOf":{"@id":"https:\/\/www.urlaubcornwall.de\/blog\/#website"},"datePublished":"2017-06-24T14:30:46+00:00","dateModified":"2021-08-09T09:41:04+00:00","breadcrumb":{"@id":"https:\/\/www.urlaubcornwall.de\/blog\/8-spektakulaere-luxusferienhaeuser-grossbritannien-england-schottland-wales\/#breadcrumb"},"inLanguage":"en-US","potentialAction":[{"@type":"ReadAction","target":["https:\/\/www.urlaubcornwall.de\/blog\/8-spektakulaere-luxusferienhaeuser-grossbritannien-england-schottland-wales\/"]}]},{"@type":"BreadcrumbList","@id":"https:\/\/www.urlaubcornwall.de\/blog\/8-spektakulaere-luxusferienhaeuser-grossbritannien-england-schottland-wales\/#breadcrumb","itemListElement":[{"@type":"ListItem","position":1,"name":"Home","item":"https:\/\/www.urlaubcornwall.de\/blog\/"},{"@type":"ListItem","position":2,"name":"8 spektakul\u00e4re Luxus Ferienh\u00e4user Gro\u00dfbritannien &#8211; England, Schottland &#038; Wales"}]}]}},"_links":{"self":[{"href":"https:\/\/www.urlaubcornwall.de\/blog\/wp-json\/wp\/v2\/pages\/28026"}],"collection":[{"href":"https:\/\/www.urlaubcornwall.de\/blog\/wp-json\/wp\/v2\/pages"}],"about":[{"href":"https:\/\/www.urlaubcornwall.de\/blog\/wp-json\/wp\/v2\/types\/page"}],"author":[{"embeddable":true,"href":"https:\/\/www.urlaubcornwall.de\/blog\/wp-json\/wp\/v2\/users\/1"}],"replies":[{"embeddable":true,"href":"https:\/\/www.urlaubcornwall.de\/blog\/wp-json\/wp\/v2\/comments?post=28026"}],"version-history":[{"count":11,"href":"https:\/\/www.urlaubcornwall.de\/blog\/wp-json\/wp\/v2\/pages\/28026\/revisions"}],"predecessor-version":[{"id":42153,"href":"https:\/\/www.urlaubcornwall.de\/blog\/wp-json\/wp\/v2\/pages\/28026\/revisions\/42153"}],"wp:attachment":[{"href":"https:\/\/www.urlaubcornwall.de\/blog\/wp-json\/wp\/v2\/media?parent=28026"}],"curies":[{"name":"wp","href":"https:\/\/api.w.org\/{rel}","templated":true}]}}