{"id":28019,"date":"2017-06-24T13:18:21","date_gmt":"2017-06-24T13:18:21","guid":{"rendered":"https:\/\/www.urlaubcornwall.de\/blog\/?page_id=28019"},"modified":"2024-05-30T08:31:32","modified_gmt":"2024-05-30T08:31:32","slug":"unsere-fuenf-besten-cornischen-straende-um-den-sonnenuntergang-zu-beobachten","status":"publish","type":"page","link":"https:\/\/www.urlaubcornwall.de\/blog\/unsere-fuenf-besten-cornischen-straende-um-den-sonnenuntergang-zu-beobachten\/","title":{"rendered":"Unsere f\u00fcnf besten cornischen Str\u00e4nde, um den Sonnenuntergang zu beobachten"},"content":{"rendered":"<p><img loading=\"lazy\" class=\"aligncenter size-full wp-image-28020\" src=\"https:\/\/www.urlaubcornwall.de\/blog\/wp-content\/uploads\/2017\/06\/Cornwall-Sonnenuntergang.jpg\" alt=\"Cornwall Sonnenuntergang\" width=\"746\" height=\"425\" srcset=\"https:\/\/www.urlaubcornwall.de\/blog\/wp-content\/uploads\/2017\/06\/Cornwall-Sonnenuntergang.jpg 746w, https:\/\/www.urlaubcornwall.de\/blog\/wp-content\/uploads\/2017\/06\/Cornwall-Sonnenuntergang-300x171.jpg 300w\" sizes=\"(max-width: 746px) 100vw, 746px\" \/><\/p>\n<p>Es gibt kaum etwas Magischeres als die Sonne hinter brechenden Wellen verschwinden zu sehen. Hier haben wir f\u00fcr Sie die f\u00fcnf <a href=\"https:\/\/www.urlaubcornwall.de\/reiseziel\/cornwall.php\">besten Str\u00e4nde in Cornwall<\/a> zum Beobachten des Sonnenuntergangs ausgew\u00e4hlt.<\/p>\n<p><strong>Polzeath<\/strong><\/p>\n<p>Ein Lieblingsort des verstorbenen Dichterlaureaten Sir John Betjeman, ist der <a href=\"https:\/\/www.urlaubcornwall.de\/ferienhaeuser-fewos\/polzeath.html\">Polzeath Strand<\/a> bekannt f\u00fcr seinen fantastischen Wellengang und interessante Felspools. Er ist \u00e4u\u00dferst beliebt bei Abenteurern und Naturliebhabern gleicherma\u00dfen. Es ist der perfekte Ort, um Delfine und K\u00fcstenv\u00f6gel zu sehen, einschlie\u00dflich Papageientaucher. Verbringen Sie einen Tag damit, im Wasser herum zu planschen, bevor Sie am Strand grillen und unter dem orangenen Glanz des Sonnenuntergangs Burger, W\u00fcrste und Marshmallows genie\u00dfen. Es gibt nichts Besseres als in einen riesigen Pulli geh\u00fcllt zu sein und eine Tasse hei\u00dfe Schokolade zu genie\u00dfen, w\u00e4hrend die Wellen hereinbrechen und die Sonne hinter den Wellen verschwindet.<\/p>\n<p><strong>Watergate Bay<\/strong><\/p>\n<p>Als ein bekannter nordcornischer Strand muss <a href=\"https:\/\/www.urlaubcornwall.de\/ferienhaeuser-fewos\/nordkueste-cornwall.html\">Watergate Bay<\/a> unbedingt unter unserer Auswahl sein. Sonnenunterg\u00e4nge an diesem fantastischen Strand werden h\u00e4ufig fotografiert und die Kombination von drei Meilen wundervollen Sandes und der riesigen orangenen Sonne, die in den Wellen verschwindet, ist wahrhaft atemberaubend. Weshalb nicht auch ein Slap-up-Dinner bei Jamie Olivers Fifteen Cornwall einnehmen? Machen Sie es sich am Fenster bequem und beobachten Sie den Sonnenuntergang, w\u00e4hrend Sie gen\u00fcsslich rustikale italienische Gerichte verzehren oder an einem Cocktail nippen. Wahrhafte Entspannung!<\/p>\n<p><strong>Minack Theatre<\/strong><\/p>\n<p><a href=\"https:\/\/www.urlaubcornwall.de\/blog\/wp-content\/uploads\/2024\/05\/Minack-Gardens-at-Sunset-Mike-Newman.jpg\"><img loading=\"lazy\" src=\"https:\/\/www.urlaubcornwall.de\/blog\/wp-content\/uploads\/2024\/05\/Minack-Gardens-at-Sunset-Mike-Newman.jpg\" alt=\"Minack-Gardens-at-Sunset\" width=\"750\" height=\"501\" class=\"alignnone size-full wp-image-50800\" srcset=\"https:\/\/www.urlaubcornwall.de\/blog\/wp-content\/uploads\/2024\/05\/Minack-Gardens-at-Sunset-Mike-Newman.jpg 750w, https:\/\/www.urlaubcornwall.de\/blog\/wp-content\/uploads\/2024\/05\/Minack-Gardens-at-Sunset-Mike-Newman-300x200.jpg 300w\" sizes=\"(max-width: 750px) 100vw, 750px\" \/><\/a><br \/>\nimage credit-mike-newman<\/p>\n<p>Obwohl das Minack Theater kein Strand ist, befindet es sich an den Klippen direkt \u00fcber <a href=\"https:\/\/www.urlaubcornwall.de\/ferienhaeuser-fewos\/west-cornwall.html\">Porthcurno<\/a>, und schon deswegen befindet es sich auf der Liste! Es gibt keine magischere Art und Weise, den Sonnenuntergang zu beobachten als w\u00e4hrend einer Vorf\u00fchrung eines Shakespeare Klassikers oder live Musik im Freien. Das Minack Theatre ist an die Klippen angeschmiegt, hinter Penzance und bietet eine sehr lebendige Sommersaison mit Freilichttheater und Tanz. Lehnen Sie sich zur\u00fcck und genie\u00dfen Sie die Unterhaltung, w\u00e4hrend die Sonne um Sie herum untergeht. Dies ist sicherlich eine unvergessliche und kostbare Erfahrung.<\/p>\n<p><strong>Porthmeor, St Ives<\/strong><\/p>\n<p>Der weiche, <a href=\"https:\/\/www.urlaubcornwall.de\/ferienhaeuser-fewos\/porthmeor-st-ives.html\">goldene Sand von Porthmeor<\/a> machen den gr\u00f6\u00dften Strand in <a href=\"https:\/\/www.urlaubcornwall.de\/ferienhaeuser-fewos\/st-ives.html\">St Ives<\/a> zu einem sehr beliebten Reiseziel f\u00fcr Urlauber. Wenn Sie nicht an Schulferien gebunden sind, machen Sie die Reise im September oder Oktober \u2013 das Meer ist dann am w\u00e4rmsten und es ist sehr wahrscheinlich, dass Sie die Art Sonnenuntergang sehen werden, die zu einem indischen Sommer geh\u00f6rt; und diese Sonnenunterg\u00e4nge sind herrlich! Weshalb nicht auch den Tag damit verbringen, die Tate Gallery zu besuchen, die ideal am Meeresufer gelegen ist, bevor Sie ein Abendessen in einem von St Ives vielen fantastischen Meeresfr\u00fcchterestaurants genie\u00dfen und den Tag mit einem Abendspaziergang beenden, um den Sonnenuntergang zu sehen?<\/p>\n<p><strong>Perranporth<\/strong><\/p>\n<p><a href=\"https:\/\/www.urlaubcornwall.de\/ferienhaeuser-fewos\/perranporth-am-meer.html\">Perranporth Strand ist perfekt f\u00fcr einen Tagesausflug f\u00fcr Familien<\/a>. Von Mai bis September patrouillieren Rettungsschwimmer den Strand und das Meer entlang, und es gibt einige kleine Gesch\u00e4fte, in denen Sie Strandutensilien erhalten k\u00f6nnen, wie Gummijollen und Body Boards. Nach einem Tag voller Erkundungen entlang der drei Meilen langen zerkl\u00fcfteten K\u00fcste, machen Sie sich auf zum familienfreundlichen Watering Hole, um ein Abendessen bei Sonnenuntergang einzunehmen. Hunde sind ebenfalls willkommen, und es ist der ideale Ort, um auszuspannen, gegenseitige Gesellschaft zu genie\u00dfen und Strandspiele zu spielen, bis die Sonne untergeht.<\/p>\n<p>Viele <a href=\"https:\/\/www.urlaubcornwall.de\/ferienhaeuser\/cornwall.php\"><strong>unserer romantischer Feriencottages in Cornwall<\/strong><\/a> liegen perfekt, um den Sonnenuntergang \u00fcber wundersch\u00f6ner Landschaft zu beobachten. Entspannen Sie in Ihrem eigenen privaten Hot Tub oder genie\u00dfen Sie auf der Terrasse Cocktails; Sie haben die Wahl!<\/p>\n","protected":false},"excerpt":{"rendered":"<p>Es gibt kaum etwas Magischeres als die Sonne hinter brechenden Wellen verschwinden zu sehen. Hier haben wir f\u00fcr Sie die f\u00fcnf besten Str\u00e4nde in Cornwall zum Beobachten des Sonnenuntergangs ausgew\u00e4hlt. Polzeath Ein Lieblingsort des verstorbenen Dichterlaureaten Sir John Betjeman, ist der Polzeath Strand bekannt f\u00fcr seinen fantastischen Wellengang und interessante Felspools. Er ist \u00e4u\u00dferst beliebt [&hellip;]<\/p>\n","protected":false},"author":1,"featured_media":0,"parent":0,"menu_order":0,"comment_status":"closed","ping_status":"closed","template":"single-four.php","meta":[],"acf":[],"yoast_head":"<!-- This site is optimized with the Yoast SEO plugin v19.4 - https:\/\/yoast.com\/wordpress\/plugins\/seo\/ -->\n<title>Unsere f\u00fcnf besten cornischen Str\u00e4nde, um den Sonnenuntergang zu beobachten - Urlaub &amp; Reisen<\/title>\n<meta name=\"robots\" content=\"index, follow, max-snippet:-1, max-image-preview:large, max-video-preview:-1\" \/>\n<link rel=\"canonical\" href=\"https:\/\/www.urlaubcornwall.de\/blog\/unsere-fuenf-besten-cornischen-straende-um-den-sonnenuntergang-zu-beobachten\/\" \/>\n<meta property=\"og:locale\" content=\"en_US\" \/>\n<meta property=\"og:type\" content=\"article\" \/>\n<meta property=\"og:title\" content=\"Unsere f\u00fcnf besten cornischen Str\u00e4nde, um den Sonnenuntergang zu beobachten - Urlaub &amp; Reisen\" \/>\n<meta property=\"og:description\" content=\"Es gibt kaum etwas Magischeres als die Sonne hinter brechenden Wellen verschwinden zu sehen. Hier haben wir f\u00fcr Sie die f\u00fcnf besten Str\u00e4nde in Cornwall zum Beobachten des Sonnenuntergangs ausgew\u00e4hlt. Polzeath Ein Lieblingsort des verstorbenen Dichterlaureaten Sir John Betjeman, ist der Polzeath Strand bekannt f\u00fcr seinen fantastischen Wellengang und interessante Felspools. Er ist \u00e4u\u00dferst beliebt [&hellip;]\" \/>\n<meta property=\"og:url\" content=\"https:\/\/www.urlaubcornwall.de\/blog\/unsere-fuenf-besten-cornischen-straende-um-den-sonnenuntergang-zu-beobachten\/\" \/>\n<meta property=\"og:site_name\" content=\"Urlaub &amp; Reisen\" \/>\n<meta property=\"article:modified_time\" content=\"2024-05-30T08:31:32+00:00\" \/>\n<meta property=\"og:image\" content=\"https:\/\/www.urlaubcornwall.de\/blog\/wp-content\/uploads\/2017\/06\/Cornwall-Sonnenuntergang.jpg\" \/>\n<meta name=\"twitter:card\" content=\"summary\" \/>\n<meta name=\"twitter:label1\" content=\"Est. reading time\" \/>\n\t<meta name=\"twitter:data1\" content=\"4 minutes\" \/>\n<script type=\"application\/ld+json\" class=\"yoast-schema-graph\">{\"@context\":\"https:\/\/schema.org\",\"@graph\":[{\"@type\":\"WebSite\",\"@id\":\"https:\/\/www.urlaubcornwall.de\/blog\/#website\",\"url\":\"https:\/\/www.urlaubcornwall.de\/blog\/\",\"name\":\"Urlaub &amp; Reisen\",\"description\":\"Urlaub, Reisen, Cornwall und S\u00fcdengland: eine perfekte Kombination\",\"potentialAction\":[{\"@type\":\"SearchAction\",\"target\":{\"@type\":\"EntryPoint\",\"urlTemplate\":\"https:\/\/www.urlaubcornwall.de\/blog\/?s={search_term_string}\"},\"query-input\":\"required name=search_term_string\"}],\"inLanguage\":\"en-US\"},{\"@type\":\"WebPage\",\"@id\":\"https:\/\/www.urlaubcornwall.de\/blog\/unsere-fuenf-besten-cornischen-straende-um-den-sonnenuntergang-zu-beobachten\/\",\"url\":\"https:\/\/www.urlaubcornwall.de\/blog\/unsere-fuenf-besten-cornischen-straende-um-den-sonnenuntergang-zu-beobachten\/\",\"name\":\"Unsere f\u00fcnf besten cornischen Str\u00e4nde, um den Sonnenuntergang zu beobachten - Urlaub &amp; Reisen\",\"isPartOf\":{\"@id\":\"https:\/\/www.urlaubcornwall.de\/blog\/#website\"},\"datePublished\":\"2017-06-24T13:18:21+00:00\",\"dateModified\":\"2024-05-30T08:31:32+00:00\",\"breadcrumb\":{\"@id\":\"https:\/\/www.urlaubcornwall.de\/blog\/unsere-fuenf-besten-cornischen-straende-um-den-sonnenuntergang-zu-beobachten\/#breadcrumb\"},\"inLanguage\":\"en-US\",\"potentialAction\":[{\"@type\":\"ReadAction\",\"target\":[\"https:\/\/www.urlaubcornwall.de\/blog\/unsere-fuenf-besten-cornischen-straende-um-den-sonnenuntergang-zu-beobachten\/\"]}]},{\"@type\":\"BreadcrumbList\",\"@id\":\"https:\/\/www.urlaubcornwall.de\/blog\/unsere-fuenf-besten-cornischen-straende-um-den-sonnenuntergang-zu-beobachten\/#breadcrumb\",\"itemListElement\":[{\"@type\":\"ListItem\",\"position\":1,\"name\":\"Home\",\"item\":\"https:\/\/www.urlaubcornwall.de\/blog\/\"},{\"@type\":\"ListItem\",\"position\":2,\"name\":\"Unsere f\u00fcnf besten cornischen Str\u00e4nde, um den Sonnenuntergang zu beobachten\"}]}]}<\/script>\n<!-- \/ Yoast SEO plugin. -->","yoast_head_json":{"title":"Unsere f\u00fcnf besten cornischen Str\u00e4nde, um den Sonnenuntergang zu beobachten - Urlaub &amp; Reisen","robots":{"index":"index","follow":"follow","max-snippet":"max-snippet:-1","max-image-preview":"max-image-preview:large","max-video-preview":"max-video-preview:-1"},"canonical":"https:\/\/www.urlaubcornwall.de\/blog\/unsere-fuenf-besten-cornischen-straende-um-den-sonnenuntergang-zu-beobachten\/","og_locale":"en_US","og_type":"article","og_title":"Unsere f\u00fcnf besten cornischen Str\u00e4nde, um den Sonnenuntergang zu beobachten - Urlaub &amp; Reisen","og_description":"Es gibt kaum etwas Magischeres als die Sonne hinter brechenden Wellen verschwinden zu sehen. Hier haben wir f\u00fcr Sie die f\u00fcnf besten Str\u00e4nde in Cornwall zum Beobachten des Sonnenuntergangs ausgew\u00e4hlt. Polzeath Ein Lieblingsort des verstorbenen Dichterlaureaten Sir John Betjeman, ist der Polzeath Strand bekannt f\u00fcr seinen fantastischen Wellengang und interessante Felspools. Er ist \u00e4u\u00dferst beliebt [&hellip;]","og_url":"https:\/\/www.urlaubcornwall.de\/blog\/unsere-fuenf-besten-cornischen-straende-um-den-sonnenuntergang-zu-beobachten\/","og_site_name":"Urlaub &amp; Reisen","article_modified_time":"2024-05-30T08:31:32+00:00","og_image":[{"url":"https:\/\/www.urlaubcornwall.de\/blog\/wp-content\/uploads\/2017\/06\/Cornwall-Sonnenuntergang.jpg"}],"twitter_card":"summary","twitter_misc":{"Est. reading time":"4 minutes"},"schema":{"@context":"https:\/\/schema.org","@graph":[{"@type":"WebSite","@id":"https:\/\/www.urlaubcornwall.de\/blog\/#website","url":"https:\/\/www.urlaubcornwall.de\/blog\/","name":"Urlaub &amp; Reisen","description":"Urlaub, Reisen, Cornwall und S\u00fcdengland: eine perfekte Kombination","potentialAction":[{"@type":"SearchAction","target":{"@type":"EntryPoint","urlTemplate":"https:\/\/www.urlaubcornwall.de\/blog\/?s={search_term_string}"},"query-input":"required name=search_term_string"}],"inLanguage":"en-US"},{"@type":"WebPage","@id":"https:\/\/www.urlaubcornwall.de\/blog\/unsere-fuenf-besten-cornischen-straende-um-den-sonnenuntergang-zu-beobachten\/","url":"https:\/\/www.urlaubcornwall.de\/blog\/unsere-fuenf-besten-cornischen-straende-um-den-sonnenuntergang-zu-beobachten\/","name":"Unsere f\u00fcnf besten cornischen Str\u00e4nde, um den Sonnenuntergang zu beobachten - Urlaub &amp; Reisen","isPartOf":{"@id":"https:\/\/www.urlaubcornwall.de\/blog\/#website"},"datePublished":"2017-06-24T13:18:21+00:00","dateModified":"2024-05-30T08:31:32+00:00","breadcrumb":{"@id":"https:\/\/www.urlaubcornwall.de\/blog\/unsere-fuenf-besten-cornischen-straende-um-den-sonnenuntergang-zu-beobachten\/#breadcrumb"},"inLanguage":"en-US","potentialAction":[{"@type":"ReadAction","target":["https:\/\/www.urlaubcornwall.de\/blog\/unsere-fuenf-besten-cornischen-straende-um-den-sonnenuntergang-zu-beobachten\/"]}]},{"@type":"BreadcrumbList","@id":"https:\/\/www.urlaubcornwall.de\/blog\/unsere-fuenf-besten-cornischen-straende-um-den-sonnenuntergang-zu-beobachten\/#breadcrumb","itemListElement":[{"@type":"ListItem","position":1,"name":"Home","item":"https:\/\/www.urlaubcornwall.de\/blog\/"},{"@type":"ListItem","position":2,"name":"Unsere f\u00fcnf besten cornischen Str\u00e4nde, um den Sonnenuntergang zu beobachten"}]}]}},"_links":{"self":[{"href":"https:\/\/www.urlaubcornwall.de\/blog\/wp-json\/wp\/v2\/pages\/28019"}],"collection":[{"href":"https:\/\/www.urlaubcornwall.de\/blog\/wp-json\/wp\/v2\/pages"}],"about":[{"href":"https:\/\/www.urlaubcornwall.de\/blog\/wp-json\/wp\/v2\/types\/page"}],"author":[{"embeddable":true,"href":"https:\/\/www.urlaubcornwall.de\/blog\/wp-json\/wp\/v2\/users\/1"}],"replies":[{"embeddable":true,"href":"https:\/\/www.urlaubcornwall.de\/blog\/wp-json\/wp\/v2\/comments?post=28019"}],"version-history":[{"count":7,"href":"https:\/\/www.urlaubcornwall.de\/blog\/wp-json\/wp\/v2\/pages\/28019\/revisions"}],"predecessor-version":[{"id":50803,"href":"https:\/\/www.urlaubcornwall.de\/blog\/wp-json\/wp\/v2\/pages\/28019\/revisions\/50803"}],"wp:attachment":[{"href":"https:\/\/www.urlaubcornwall.de\/blog\/wp-json\/wp\/v2\/media?parent=28019"}],"curies":[{"name":"wp","href":"https:\/\/api.w.org\/{rel}","templated":true}]}}