{"id":28008,"date":"2017-06-23T16:18:11","date_gmt":"2017-06-23T16:18:11","guid":{"rendered":"https:\/\/www.urlaubcornwall.de\/blog\/?page_id=28008"},"modified":"2019-03-29T14:03:57","modified_gmt":"2019-03-29T14:03:57","slug":"ferienhaeuser-mit-wunderschoenen-gaerten","status":"publish","type":"page","link":"https:\/\/www.urlaubcornwall.de\/blog\/ferienhaeuser-mit-wunderschoenen-gaerten\/","title":{"rendered":"Ferienh\u00e4user mit wundersch\u00f6nen G\u00e4rten in Gro\u00dfbritannien"},"content":{"rendered":"<p><img loading=\"lazy\" class=\"aligncenter size-full wp-image-28009\" src=\"https:\/\/www.urlaubcornwall.de\/blog\/wp-content\/uploads\/2017\/06\/37033-12.jpg\" alt=\"Ferienh\u00e4user mit wundersch\u00f6nen G\u00e4rten Gro\u00dfbritannien\" width=\"770\" height=\"511\" srcset=\"https:\/\/www.urlaubcornwall.de\/blog\/wp-content\/uploads\/2017\/06\/37033-12.jpg 770w, https:\/\/www.urlaubcornwall.de\/blog\/wp-content\/uploads\/2017\/06\/37033-12-300x199.jpg 300w, https:\/\/www.urlaubcornwall.de\/blog\/wp-content\/uploads\/2017\/06\/37033-12-768x510.jpg 768w\" sizes=\"(max-width: 770px) 100vw, 770px\" \/><\/p>\n<p>Falls es wichtig f\u00fcr Sie ist, Zeit im Freien zu verbringen, weshalb buchen Sie dann nicht einfach eines unserer Cottages mit wundersch\u00f6nen G\u00e4rten. Wir haben eine <a href=\"https:\/\/www.urlaubcornwall.de\/ferienhaeuser.php\">sehr gro\u00dfe Auswahl in ganz Gro\u00dfbritannien<\/a>, in <a href=\"https:\/\/www.urlaubcornwall.de\/ferienhaeuser\/cornwall.php\">Cornwall<\/a> und <a href=\"https:\/\/www.urlaubcornwall.de\/ferienhaeuser\/devon.php\">Devon<\/a>, <a href=\"https:\/\/www.urlaubcornwall.de\/ferienhaeuser\/kent.php\">Kent<\/a> und <a href=\"https:\/\/www.urlaubcornwall.de\/ferienhaeuser\/sussex.php\">Sussex<\/a>, <a href=\"https:\/\/www.urlaubcornwall.de\/ferienhaeuser\/schottland.php\">Schottland<\/a> und <a href=\"https:\/\/www.urlaubcornwall.de\/ferienhaeuser\/wales.php\">Wales<\/a>, die perfekt geeignet sind f\u00fcr Familien und Paare oder wenn Sie mit Ihrem Hund verreisen.<\/p>\n<p><strong>Chastleton Cottage, Gloucestershire<\/strong><\/p>\n<p><img loading=\"lazy\" class=\"aligncenter size-full wp-image-28010\" src=\"https:\/\/www.urlaubcornwall.de\/blog\/wp-content\/uploads\/2017\/06\/Chast-9.jpg\" alt=\"Ferienh\u00e4user mit wundersch\u00f6nen G\u00e4rten Gloucestershire \" width=\"747\" height=\"498\" srcset=\"https:\/\/www.urlaubcornwall.de\/blog\/wp-content\/uploads\/2017\/06\/Chast-9.jpg 747w, https:\/\/www.urlaubcornwall.de\/blog\/wp-content\/uploads\/2017\/06\/Chast-9-300x200.jpg 300w\" sizes=\"(max-width: 747px) 100vw, 747px\" \/><\/p>\n<p>Das perfekte Beispiel eines <a href=\"https:\/\/www.urlaubcornwall.de\/ferienhaeuser\/cotswolds.php\">postkartensch\u00f6nen Cotswold Cottage<\/a>, lediglich vier Meilen vom beliebten honigfarbenen Dorf Stow-on-the-Wold gelegen. Das Geb\u00e4ude ist umgeben von gro\u00dfen formellen G\u00e4rten, die vom Schriftsteller und G\u00e4rtner Penelope Mortimer designt wurden. Es ist eine Kombination gepflegter Rasenfl\u00e4chen, bezaubernden Roseng\u00e4rten, aromatischen Kr\u00e4uterg\u00e4rten und h\u00fcbschen Blumenbeeten, die den Garten am Chastleton Cottage zu einem absoluten Augenschmaus machen. Es gibt dort auch einen Teich, einen Zierbrunnen und drei Terrassen, die so angelegt sind, um das Sonnenlicht zu unterschiedlichen Tageszeiten einzufangen.<\/p>\n<p id=\"widget-property-descriptive-title\" class=\"widget widget-property-descriptive-title type-cottage\"><a href=\"https:\/\/www.urlaubcornwall.de\/ferienhaeuser-fewos\/eng\/yorkshire\/ripon.html\"><strong>Ferienhaus in Ripon Yorkshire mit 2 Schlafzimmern<\/strong><\/a><\/p>\n<p class=\"widget widget-property-descriptive-title type-cottage\"><img loading=\"lazy\" class=\"aligncenter size-full wp-image-28011\" src=\"https:\/\/www.urlaubcornwall.de\/blog\/wp-content\/uploads\/2017\/06\/37119-01xbro.jpg\" alt=\"Ferienh\u00e4user mit wundersch\u00f6nen G\u00e4rten yorkshire dales\" width=\"747\" height=\"498\" srcset=\"https:\/\/www.urlaubcornwall.de\/blog\/wp-content\/uploads\/2017\/06\/37119-01xbro.jpg 747w, https:\/\/www.urlaubcornwall.de\/blog\/wp-content\/uploads\/2017\/06\/37119-01xbro-300x200.jpg 300w\" sizes=\"(max-width: 747px) 100vw, 747px\" \/><\/p>\n<p>Im Herzen der <a href=\"https:\/\/www.urlaubcornwall.de\/ferienhaeuser-fewos\/eng\/yorkshire\/yorkshire.html\">Yorkshire Dales<\/a> gelegen, bekommen Sie Zugang zum <a href=\"ttps:\/\/www.urlaubcornwall.de\/ferienhaeuser-fewos\/eng\/yorkshire\/ripon.html\">Garden Cottage<\/a> durch den wundersch\u00f6n gepflegten Mauergarten der Besitzer. Es herrscht hier eine friedvolle und heitere Atmosph\u00e4re mit gro\u00dfen Rasenfl\u00e4chen, die sich perfekt eignen f\u00fcr Spiele wie Kricket oder Rounder oder einfach um sich auf einer Decke hinzulegen und mit einem Buch zu entspannen. Es gibt auch ein Sommerhaus, Grill, Picknickgebiet, Obstg\u00e4rten und einen Waldwanderweg, von dem aus Sie Fr\u00f6sche im Naturteich entdecken k\u00f6nnen. Nicht nur das, sondern es gibt sogar eine H\u00e4ngematte, wenn es Ihnen nach einem Mittagsschl\u00e4fchen zumute ist.<\/p>\n<p id=\"widget-property-descriptive-title\" class=\"widget widget-property-descriptive-title type-cottage\"><a href=\"https:\/\/www.urlaubcornwall.de\/ferienhaeuser-fewos\/eng\/devon\/bideford.html\"><strong>Ferienhaus in Bideford Devon mit 5 Schlafzimmern<\/strong><\/a><\/p>\n<p class=\"widget widget-property-descriptive-title type-cottage\"><img loading=\"lazy\" class=\"aligncenter size-full wp-image-28012\" src=\"https:\/\/www.urlaubcornwall.de\/blog\/wp-content\/uploads\/2017\/06\/Woodh-12.jpg\" alt=\"Ferienh\u00e4user mit wundersch\u00f6nen G\u00e4rten devon\" width=\"747\" height=\"498\" srcset=\"https:\/\/www.urlaubcornwall.de\/blog\/wp-content\/uploads\/2017\/06\/Woodh-12.jpg 747w, https:\/\/www.urlaubcornwall.de\/blog\/wp-content\/uploads\/2017\/06\/Woodh-12-300x200.jpg 300w\" sizes=\"(max-width: 747px) 100vw, 747px\" \/><\/p>\n<p>Dieses fantastische Geb\u00e4ude mit f\u00fcnf Schlafzimmern ist gerade richtig, wenn Sie dieses Jahr einen Familienurlaub planen. <a href=\"https:\/\/www.urlaubcornwall.de\/ferienhaeuser-fewos\/eng\/devon\/bideford.html\">Wooda House<\/a> befindet sich in l\u00e4ndlicher Lage in <a href=\"https:\/\/www.urlaubcornwall.de\/ferienhaeuser-fewos\/eng\/nord-devon\/nord-devon.html\">Norddevon<\/a> mit direktem Zugang zu den felsigen Klippen und friedvollen abgeschiedenen Str\u00e4nden. Es befindet sich innerhalb von drei Ar eigenen Gartens und Waldgebiets, umgrenzt von einem Bach, der voller Tierleben ist. Es gibt auch einen Freisitz, wo Sie sich zur\u00fccklehnen und in der Sonne entspannen k\u00f6nnen, w\u00e4hrend die Kinder die G\u00e4rten erkunden und zwischen den B\u00e4umen Verstecken spielen.<\/p>\n<p id=\"widget-property-descriptive-title\" class=\"widget widget-property-descriptive-title type-cottage\"><strong><a href=\"https:\/\/www.urlaubcornwall.de\/ferienhaeuser-fewos\/wal\/mittelwales\/rhayader.html\">Ferienhaus in Rhayader Wales mit 3 Schlafzimmern<\/a><\/strong><\/p>\n<p class=\"widget widget-property-descriptive-title type-cottage\"><img loading=\"lazy\" class=\"aligncenter size-full wp-image-28013\" src=\"https:\/\/www.urlaubcornwall.de\/blog\/wp-content\/uploads\/2017\/06\/Valle-21.jpg\" alt=\"Ferienh\u00e4user mit wundersch\u00f6nen G\u00e4rten wales\" width=\"747\" height=\"498\" srcset=\"https:\/\/www.urlaubcornwall.de\/blog\/wp-content\/uploads\/2017\/06\/Valle-21.jpg 747w, https:\/\/www.urlaubcornwall.de\/blog\/wp-content\/uploads\/2017\/06\/Valle-21-300x200.jpg 300w\" sizes=\"(max-width: 747px) 100vw, 747px\" \/><\/p>\n<p>Dieses denkmalgesch\u00fctzte Geb\u00e4ude ist ein wahrhaftes Juwel in l\u00e4ndlicher Lage im Elan Tal in <a href=\"https:\/\/www.urlaubcornwall.de\/ferienhaeuser\/wales.php\">Westwales<\/a>. Was an diesem Geb\u00e4ude wahrhaft gro\u00dfartig ist, ist direkter Zugang zum RSPB Carngafallt Naturreservat, so dass dies f\u00fcr Naturliebhaber eine herrliche Wahl ist. Der Garten von <a href=\"ttps:\/\/www.urlaubcornwall.de\/ferienhaeuser-fewos\/wal\/mittelwales\/rhayader.html\">No.10 Elan Valley <\/a>wurde so gestaltet, dass er ausreichend Sitzm\u00f6glichkeiten zum Entspannen bietet, wie auch bl\u00fchende Eingrenzungen und eine gepflegte Rasenfl\u00e4che. W\u00e4hrend des Sommers kann man nirgendwo besser entspannen, als umgeben zu sein von einem wundersch\u00f6nen Garten und sich sanft dahin schwingender Landschaft.<\/p>\n<p id=\"widget-property-descriptive-title\" class=\"widget widget-property-descriptive-title type-cottage\"><a href=\"https:\/\/www.urlaubcornwall.de\/ferienhaeuser-fewos\/eng\/warwickshire\/stratford-upon-avon.html\"><strong>Ferienhaus in Southam  Warkwickshire mit 6 Schlafzimmern<\/strong><\/a><\/p>\n<p class=\"widget widget-property-descriptive-title type-cottage\"><img loading=\"lazy\" class=\"aligncenter size-full wp-image-28014\" src=\"https:\/\/www.urlaubcornwall.de\/blog\/wp-content\/uploads\/2017\/06\/42410-2xbro.jpg\" alt=\"Ferienh\u00e4user mit wundersch\u00f6nen G\u00e4rten cotswolds\" width=\"747\" height=\"496\" srcset=\"https:\/\/www.urlaubcornwall.de\/blog\/wp-content\/uploads\/2017\/06\/42410-2xbro.jpg 747w, https:\/\/www.urlaubcornwall.de\/blog\/wp-content\/uploads\/2017\/06\/42410-2xbro-300x199.jpg 300w\" sizes=\"(max-width: 747px) 100vw, 747px\" \/><\/p>\n<p>Das einzigartige <a href=\"https:\/\/www.urlaubcornwall.de\/ferienhaeuser-fewos\/eng\/warwickshire\/stratford-upon-avon.html\">Herrenhaus<\/a> aus dem 17. Jahrhundert ist umgeben von 19 Ar entz\u00fcckenden Grundes und G\u00e4rten in Warwickshire. Ausgedehnte Rasenfl\u00e4chen erstrecken sich vor dem Geb\u00e4ude, sowie friedvollen Seen entlang und bis hinaus zum magischen Wald voller Sternhyazinthen, wo Sie Zeit damit verbringen k\u00f6nnen, die Pfade entlangzuwandern \u2013 eine Landschaft voller Entdeckungen f\u00fcr die Kleinen. Die Roseng\u00e4rten erstrahlen nur so in Farbenpracht und liefern einen wundersch\u00f6nen Hintergrund f\u00fcr den Aufenthalt im Farmhouse Manor. Diese wonnevollen 19 Ar enth\u00fcllen viele versteckte Ecken, die Sie erkunden k\u00f6nnen.<\/p>\n<p id=\"widget-property-descriptive-title\" class=\"widget widget-property-descriptive-title type-cottage\"><a href=\"https:\/\/www.urlaubcornwall.de\/ferienhaeuser-fewos\/falmouth.html\"><strong>Ferienhaus in Falmouth Cornwall mit 3 Schlafzimmern<\/strong><\/a><\/p>\n<p class=\"widget widget-property-descriptive-title type-cottage\"><img loading=\"lazy\" class=\"aligncenter size-full wp-image-28015\" src=\"https:\/\/www.urlaubcornwall.de\/blog\/wp-content\/uploads\/2017\/06\/2.jpg\" alt=\"Ferienh\u00e4user mit wundersch\u00f6nen G\u00e4rten cornwall\" width=\"747\" height=\"497\" srcset=\"https:\/\/www.urlaubcornwall.de\/blog\/wp-content\/uploads\/2017\/06\/2.jpg 747w, https:\/\/www.urlaubcornwall.de\/blog\/wp-content\/uploads\/2017\/06\/2-300x200.jpg 300w\" sizes=\"(max-width: 747px) 100vw, 747px\" \/><\/p>\n<p>Das treffend benannte <a href=\"https:\/\/www.urlaubcornwall.de\/ferienhaeuser-fewos\/falmouth.html\">Gardeners Cottage in Cornwall<\/a> liegt innerhalb wundersch\u00f6ner G\u00e4rten, die nun gut gewachsen sind, nachdem sie im 19. Jahrhundert zum ersten Mal gepflanzt wurden. Gro\u00dfe bl\u00fchende Begrenzungen bersten w\u00e4hrend des Sommers nur so mit Farben, w\u00e4hrend geheime Pfade Sie tiefer in den Garten hineinf\u00fchren, durch die B\u00e4ume und unter charmanten Torb\u00f6gen hindurch. Gro\u00dfe Rasenfl\u00e4chen bieten ebenfalls gen\u00fcgend Platz, um herum zu rennen, was nat\u00fcrlich herrlich ist, wenn Sie Kleinkinder oder Hunde haben.<\/p>\n<p><strong>The Grange East Wing, <a href=\"https:\/\/www.urlaubcornwall.de\/ferienhaeuser-fewos\/eng\/gloucestershire\/bath.html\">Bath in Somerset<\/a><\/strong><\/p>\n<p><img loading=\"lazy\" class=\"aligncenter size-full wp-image-28016\" src=\"https:\/\/www.urlaubcornwall.de\/blog\/wp-content\/uploads\/2017\/06\/Eastw-11.jpg\" alt=\"Ferienh\u00e4user mit wundersch\u00f6nen G\u00e4rten somerset\" width=\"747\" height=\"498\" srcset=\"https:\/\/www.urlaubcornwall.de\/blog\/wp-content\/uploads\/2017\/06\/Eastw-11.jpg 747w, https:\/\/www.urlaubcornwall.de\/blog\/wp-content\/uploads\/2017\/06\/Eastw-11-300x200.jpg 300w\" sizes=\"(max-width: 747px) 100vw, 747px\" \/><\/p>\n<p>Gro\u00dfartig am Grange East Wing in Somerset ist, dass es sich in leichter Erreichbarkeit vom <a href=\"https:\/\/www.urlaubcornwall.de\/ferienhaeuser-fewos\/eng\/gloucestershire\/bath.html\">wundersch\u00f6nen Bath<\/a> befindet und dennoch in ruhiger l\u00e4ndlicher Lage ist mit weitreichendem Blick. Das georgianische Landhaus befindet sich innerhalb seiner eigenen G\u00e4rten mit wundersch\u00f6nen Sitzbereichen, einem charmanten Sommerhaus mit Blick \u00fcber den Naturteich, einem traditionellen Mauergarten, wo Sie in Frieden umherspazieren k\u00f6nnen und einer Orangerie. Obwohl sich das Geb\u00e4ude ans Haus des Besitzers anschlie\u00dft, genie\u00dfen Sie Ihre eigene Privatsph\u00e4re, und die Nutzung des Gartens ist kostenfrei.<\/p>\n<p><strong>Walton Hyms House, <a href=\"https:\/\/www.urlaubcornwall.de\/ferienhaeuser-fewos\/eng\/herefordshire\/herefordshire.html\">Herefordshire<\/a><\/strong><\/p>\n<p><img loading=\"lazy\" class=\"aligncenter size-full wp-image-28017\" src=\"https:\/\/www.urlaubcornwall.de\/blog\/wp-content\/uploads\/2017\/06\/37033-14.jpg\" alt=\"Ferienh\u00e4user mit wundersch\u00f6nen G\u00e4rten herefordshire\" width=\"747\" height=\"496\" srcset=\"https:\/\/www.urlaubcornwall.de\/blog\/wp-content\/uploads\/2017\/06\/37033-14.jpg 747w, https:\/\/www.urlaubcornwall.de\/blog\/wp-content\/uploads\/2017\/06\/37033-14-300x199.jpg 300w\" sizes=\"(max-width: 747px) 100vw, 747px\" \/><\/p>\n<p>Dieses traditionelle Bauernhaus befindet sich im Herzen von Radnor Basin in <a href=\"https:\/\/www.urlaubcornwall.de\/ferienhaeuser-fewos\/eng\/herefordshire\/herefordshire.html\">Herefordshire<\/a>. Wenn Sie also Ruhe und Frieden suchen, garantiert Ihnen dies das Walton Hyms House. In den G\u00e4rten ist eine wahrhaft ruhige Atmosph\u00e4re mit h\u00fcbschen Wildblumenwiesen, einem traditionellen Cottagegarten, einer Wiese mit B\u00e4nken, wo Sie sitzen und den Blick \u00fcber die Umgebung genie\u00dfen k\u00f6nnen. Der Garten erstreckt sich hinein in ihn umgebende Felder und offenes Bauernland, wo Sie lange Landspazierg\u00e4nge unternehmen k\u00f6nnen. Das Haus ist hundefreundlich und somit perfekt geeignet, um Ihren Hund mit in den Urlaub zu nehmen.<\/p>\n<p>Haben Sie sich inspirieren lassen, das Beste aus dem Fr\u00fchling zu machen? Schauen Sie sich doch unsere vollst\u00e4ndige Sammlung an, um <a href=\"https:\/\/www.urlaubcornwall.de\/ferienhaeuser.php\">das perfekte Feriencottage zu finden<\/a><strong>.<\/strong><\/p>\n","protected":false},"excerpt":{"rendered":"<p>Falls es wichtig f\u00fcr Sie ist, Zeit im Freien zu verbringen, weshalb buchen Sie dann nicht einfach eines unserer Cottages mit wundersch\u00f6nen G\u00e4rten. Wir haben eine sehr gro\u00dfe Auswahl in ganz Gro\u00dfbritannien, in Cornwall und Devon, Kent und Sussex, Schottland und Wales, die perfekt geeignet sind f\u00fcr Familien und Paare oder wenn Sie mit Ihrem [&hellip;]<\/p>\n","protected":false},"author":1,"featured_media":0,"parent":0,"menu_order":0,"comment_status":"closed","ping_status":"closed","template":"single-four.php","meta":[],"acf":[],"yoast_head":"<!-- This site is optimized with the Yoast SEO plugin v19.4 - https:\/\/yoast.com\/wordpress\/plugins\/seo\/ -->\n<title>Ferienh\u00e4user mit wundersch\u00f6nen G\u00e4rten in Gro\u00dfbritannien - Urlaub &amp; Reisen<\/title>\n<meta name=\"robots\" content=\"index, follow, max-snippet:-1, max-image-preview:large, max-video-preview:-1\" \/>\n<link rel=\"canonical\" href=\"https:\/\/www.urlaubcornwall.de\/blog\/ferienhaeuser-mit-wunderschoenen-gaerten\/\" \/>\n<meta property=\"og:locale\" content=\"en_US\" \/>\n<meta property=\"og:type\" content=\"article\" \/>\n<meta property=\"og:title\" content=\"Ferienh\u00e4user mit wundersch\u00f6nen G\u00e4rten in Gro\u00dfbritannien - Urlaub &amp; Reisen\" \/>\n<meta property=\"og:description\" content=\"Falls es wichtig f\u00fcr Sie ist, Zeit im Freien zu verbringen, weshalb buchen Sie dann nicht einfach eines unserer Cottages mit wundersch\u00f6nen G\u00e4rten. Wir haben eine sehr gro\u00dfe Auswahl in ganz Gro\u00dfbritannien, in Cornwall und Devon, Kent und Sussex, Schottland und Wales, die perfekt geeignet sind f\u00fcr Familien und Paare oder wenn Sie mit Ihrem [&hellip;]\" \/>\n<meta property=\"og:url\" content=\"https:\/\/www.urlaubcornwall.de\/blog\/ferienhaeuser-mit-wunderschoenen-gaerten\/\" \/>\n<meta property=\"og:site_name\" content=\"Urlaub &amp; Reisen\" \/>\n<meta property=\"article:modified_time\" content=\"2019-03-29T14:03:57+00:00\" \/>\n<meta property=\"og:image\" content=\"https:\/\/www.urlaubcornwall.de\/blog\/wp-content\/uploads\/2017\/06\/37033-12.jpg\" \/>\n<meta name=\"twitter:card\" content=\"summary\" \/>\n<meta name=\"twitter:label1\" content=\"Est. reading time\" \/>\n\t<meta name=\"twitter:data1\" content=\"4 minutes\" \/>\n<script type=\"application\/ld+json\" class=\"yoast-schema-graph\">{\"@context\":\"https:\/\/schema.org\",\"@graph\":[{\"@type\":\"WebSite\",\"@id\":\"https:\/\/www.urlaubcornwall.de\/blog\/#website\",\"url\":\"https:\/\/www.urlaubcornwall.de\/blog\/\",\"name\":\"Urlaub &amp; Reisen\",\"description\":\"Urlaub, Reisen, Cornwall und S\u00fcdengland: eine perfekte Kombination\",\"potentialAction\":[{\"@type\":\"SearchAction\",\"target\":{\"@type\":\"EntryPoint\",\"urlTemplate\":\"https:\/\/www.urlaubcornwall.de\/blog\/?s={search_term_string}\"},\"query-input\":\"required name=search_term_string\"}],\"inLanguage\":\"en-US\"},{\"@type\":\"WebPage\",\"@id\":\"https:\/\/www.urlaubcornwall.de\/blog\/ferienhaeuser-mit-wunderschoenen-gaerten\/\",\"url\":\"https:\/\/www.urlaubcornwall.de\/blog\/ferienhaeuser-mit-wunderschoenen-gaerten\/\",\"name\":\"Ferienh\u00e4user mit wundersch\u00f6nen G\u00e4rten in Gro\u00dfbritannien - Urlaub &amp; Reisen\",\"isPartOf\":{\"@id\":\"https:\/\/www.urlaubcornwall.de\/blog\/#website\"},\"datePublished\":\"2017-06-23T16:18:11+00:00\",\"dateModified\":\"2019-03-29T14:03:57+00:00\",\"breadcrumb\":{\"@id\":\"https:\/\/www.urlaubcornwall.de\/blog\/ferienhaeuser-mit-wunderschoenen-gaerten\/#breadcrumb\"},\"inLanguage\":\"en-US\",\"potentialAction\":[{\"@type\":\"ReadAction\",\"target\":[\"https:\/\/www.urlaubcornwall.de\/blog\/ferienhaeuser-mit-wunderschoenen-gaerten\/\"]}]},{\"@type\":\"BreadcrumbList\",\"@id\":\"https:\/\/www.urlaubcornwall.de\/blog\/ferienhaeuser-mit-wunderschoenen-gaerten\/#breadcrumb\",\"itemListElement\":[{\"@type\":\"ListItem\",\"position\":1,\"name\":\"Home\",\"item\":\"https:\/\/www.urlaubcornwall.de\/blog\/\"},{\"@type\":\"ListItem\",\"position\":2,\"name\":\"Ferienh\u00e4user mit wundersch\u00f6nen G\u00e4rten in Gro\u00dfbritannien\"}]}]}<\/script>\n<!-- \/ Yoast SEO plugin. -->","yoast_head_json":{"title":"Ferienh\u00e4user mit wundersch\u00f6nen G\u00e4rten in Gro\u00dfbritannien - Urlaub &amp; Reisen","robots":{"index":"index","follow":"follow","max-snippet":"max-snippet:-1","max-image-preview":"max-image-preview:large","max-video-preview":"max-video-preview:-1"},"canonical":"https:\/\/www.urlaubcornwall.de\/blog\/ferienhaeuser-mit-wunderschoenen-gaerten\/","og_locale":"en_US","og_type":"article","og_title":"Ferienh\u00e4user mit wundersch\u00f6nen G\u00e4rten in Gro\u00dfbritannien - Urlaub &amp; Reisen","og_description":"Falls es wichtig f\u00fcr Sie ist, Zeit im Freien zu verbringen, weshalb buchen Sie dann nicht einfach eines unserer Cottages mit wundersch\u00f6nen G\u00e4rten. Wir haben eine sehr gro\u00dfe Auswahl in ganz Gro\u00dfbritannien, in Cornwall und Devon, Kent und Sussex, Schottland und Wales, die perfekt geeignet sind f\u00fcr Familien und Paare oder wenn Sie mit Ihrem [&hellip;]","og_url":"https:\/\/www.urlaubcornwall.de\/blog\/ferienhaeuser-mit-wunderschoenen-gaerten\/","og_site_name":"Urlaub &amp; Reisen","article_modified_time":"2019-03-29T14:03:57+00:00","og_image":[{"url":"https:\/\/www.urlaubcornwall.de\/blog\/wp-content\/uploads\/2017\/06\/37033-12.jpg"}],"twitter_card":"summary","twitter_misc":{"Est. reading time":"4 minutes"},"schema":{"@context":"https:\/\/schema.org","@graph":[{"@type":"WebSite","@id":"https:\/\/www.urlaubcornwall.de\/blog\/#website","url":"https:\/\/www.urlaubcornwall.de\/blog\/","name":"Urlaub &amp; Reisen","description":"Urlaub, Reisen, Cornwall und S\u00fcdengland: eine perfekte Kombination","potentialAction":[{"@type":"SearchAction","target":{"@type":"EntryPoint","urlTemplate":"https:\/\/www.urlaubcornwall.de\/blog\/?s={search_term_string}"},"query-input":"required name=search_term_string"}],"inLanguage":"en-US"},{"@type":"WebPage","@id":"https:\/\/www.urlaubcornwall.de\/blog\/ferienhaeuser-mit-wunderschoenen-gaerten\/","url":"https:\/\/www.urlaubcornwall.de\/blog\/ferienhaeuser-mit-wunderschoenen-gaerten\/","name":"Ferienh\u00e4user mit wundersch\u00f6nen G\u00e4rten in Gro\u00dfbritannien - Urlaub &amp; Reisen","isPartOf":{"@id":"https:\/\/www.urlaubcornwall.de\/blog\/#website"},"datePublished":"2017-06-23T16:18:11+00:00","dateModified":"2019-03-29T14:03:57+00:00","breadcrumb":{"@id":"https:\/\/www.urlaubcornwall.de\/blog\/ferienhaeuser-mit-wunderschoenen-gaerten\/#breadcrumb"},"inLanguage":"en-US","potentialAction":[{"@type":"ReadAction","target":["https:\/\/www.urlaubcornwall.de\/blog\/ferienhaeuser-mit-wunderschoenen-gaerten\/"]}]},{"@type":"BreadcrumbList","@id":"https:\/\/www.urlaubcornwall.de\/blog\/ferienhaeuser-mit-wunderschoenen-gaerten\/#breadcrumb","itemListElement":[{"@type":"ListItem","position":1,"name":"Home","item":"https:\/\/www.urlaubcornwall.de\/blog\/"},{"@type":"ListItem","position":2,"name":"Ferienh\u00e4user mit wundersch\u00f6nen G\u00e4rten in Gro\u00dfbritannien"}]}]}},"_links":{"self":[{"href":"https:\/\/www.urlaubcornwall.de\/blog\/wp-json\/wp\/v2\/pages\/28008"}],"collection":[{"href":"https:\/\/www.urlaubcornwall.de\/blog\/wp-json\/wp\/v2\/pages"}],"about":[{"href":"https:\/\/www.urlaubcornwall.de\/blog\/wp-json\/wp\/v2\/types\/page"}],"author":[{"embeddable":true,"href":"https:\/\/www.urlaubcornwall.de\/blog\/wp-json\/wp\/v2\/users\/1"}],"replies":[{"embeddable":true,"href":"https:\/\/www.urlaubcornwall.de\/blog\/wp-json\/wp\/v2\/comments?post=28008"}],"version-history":[{"count":9,"href":"https:\/\/www.urlaubcornwall.de\/blog\/wp-json\/wp\/v2\/pages\/28008\/revisions"}],"predecessor-version":[{"id":36892,"href":"https:\/\/www.urlaubcornwall.de\/blog\/wp-json\/wp\/v2\/pages\/28008\/revisions\/36892"}],"wp:attachment":[{"href":"https:\/\/www.urlaubcornwall.de\/blog\/wp-json\/wp\/v2\/media?parent=28008"}],"curies":[{"name":"wp","href":"https:\/\/api.w.org\/{rel}","templated":true}]}}