{"id":27958,"date":"2017-06-13T08:53:44","date_gmt":"2017-06-13T08:53:44","guid":{"rendered":"https:\/\/www.urlaubcornwall.de\/blog\/?page_id=27958"},"modified":"2019-04-11T10:57:41","modified_gmt":"2019-04-11T10:57:41","slug":"unsere-besten-grossen-ferienhaeuser-fuer-familien-und-gruppen-grossbritannien","status":"publish","type":"page","link":"https:\/\/www.urlaubcornwall.de\/blog\/unsere-besten-grossen-ferienhaeuser-fuer-familien-und-gruppen-grossbritannien\/","title":{"rendered":"Unsere besten gro\u00dfen Ferienh\u00e4user f\u00fcr Familien und Gruppen in Gro\u00dfbritannien"},"content":{"rendered":"<p><img loading=\"lazy\" class=\"aligncenter size-full wp-image-27965\" src=\"https:\/\/www.urlaubcornwall.de\/blog\/wp-content\/uploads\/2017\/06\/Capture_3.png\" alt=\"besten gro\u00dfen Cottages f\u00fcr Familien und Gruppen in Gro\u00dfbritannien\" width=\"746\" height=\"483\"\/><\/p>\n<p>Planen Sie, anl\u00e4sslich einer gro\u00dfen Feier, Familienzusammenkunft oder Wiedersehen mit Freunden, Zeit miteinander zu verbringen? Versammeln Sie alle unter einem Dach und treffen Sie Ihre Wahl aus einigen unserer spektakul\u00e4rsten <a href=\"https:\/\/www.urlaubcornwall.de\/ferienhaeuser.php\">Ferienh\u00e4user, Cottages, Herrenh\u00e4usern und herrlichen Schl\u00f6ssern<\/a> in England, Schottland &amp; Wales.<\/p>\n<h2><strong><a href=\"https:\/\/www.urlaubcornwall.de\/ferienhaeuser-fewos\/eng\/derbyshire\/bakewell-luxus-unterkuenfte.html\">The Old Manor House<\/a>, Derbyshire<\/strong><\/h2>\n<p><img loading=\"lazy\" class=\"aligncenter size-full wp-image-27967\" src=\"https:\/\/www.urlaubcornwall.de\/blog\/wp-content\/uploads\/2017\/06\/Capture_1.png\" alt=\"Ferienhaus f\u00fcr Familien und Gruppen in nordengland\" width=\"746\" height=\"500\"\/><\/p>\n<p>Dieses private Landhaus k\u00f6nnte Ihre ultimative Reiseunterkunft sein, um den Hochzeitstag der Eltern zu feiern, Gro\u00dfmutters 80sten; Sie k\u00f6nnten es sogar f\u00fcrs kommende Weihnachtsfest buchen. Mit seinem Hot Tub, Kino, Tennisplatz, Spielezimmer und 8 Schlafzimmern, so dass 22 +2 Personen untergebracht werden k\u00f6nnen, ist dies ein Traumurlaub. Und das ist nicht alles. Innerhalb von 1,5 Ar gelegen, bieten die herrlichen G\u00e4rten jede Menge Platz, so dass die Kleinen Dampf ablassen k\u00f6nnen. Und mit dem Sommerhaus samt Grill k\u00f6nnen Sie loslegen, wenn die Sonne scheint.<\/p>\n<p>Entdecken Sie mehr <a href=\"https:\/\/www.urlaubcornwall.de\/ferienhaeuser-fewos\/eng\/derbyshire\/derbyshire.html\"><strong>Unterk\u00fcnfte in der Gegend um Derbyshire<\/strong>.<\/a><\/p>\n<h2><strong><a href=\"https:\/\/www.urlaubcornwall.de\/ferienhaeuser-fewos\/camborne.html\">Holiday Retreat<\/a>, Cornwall<\/strong><\/h2>\n<p><img loading=\"lazy\" class=\"aligncenter size-full wp-image-27968\" src=\"https:\/\/www.urlaubcornwall.de\/blog\/wp-content\/uploads\/2017\/06\/POLTA-1c-xbro_1.jpg\" alt=\"ferienhaus f\u00fcr Familien und Gruppen in Cornwall\" width=\"746\" height=\"561\" srcset=\"https:\/\/www.urlaubcornwall.de\/blog\/wp-content\/uploads\/2017\/06\/POLTA-1c-xbro_1.jpg 746w, https:\/\/www.urlaubcornwall.de\/blog\/wp-content\/uploads\/2017\/06\/POLTA-1c-xbro_1-300x226.jpg 300w\" sizes=\"(max-width: 746px) 100vw, 746px\" \/><\/p>\n<p>Poltair Urlaubsunterkunft ist zu unserer Kollektion neu dazugekommen, nachdem die Besitzer der Poltair Ferienh\u00fctte ihr Gesch\u00e4ft im <a href=\"https:\/\/www.urlaubcornwall.de\/reiseziel\/cornwall.php\">wundersch\u00f6nen Cornwall<\/a> vergr\u00f6\u00dfert haben. Perfekt geeignet f\u00fcr s\u00e4mtliche Gruppenurlaube, doch bietet es sich besonders f\u00fcr Junggesellenabschiede an. Auf luxuri\u00f6sem Standard eingerichtet, wird sich jede k\u00fcnftige Braut hier ganz besonders f\u00fchlen. Die Hauptattraktionen f\u00fcr einen Jungfrauenabschied sind die Spa-M\u00f6glichkeiten und Behandlungen, die mit dem Besitzer vereinbart werden k\u00f6nnen. Sie finden hier ein Hot Tub, Spielezimmer, Grillh\u00e4uschen und Freisitz mit einem netten Sommerhaus und einem Kinderspielplatz. Wenn Sie mehr als 12 Personen sind, dann buchen Sie doch beide Geb\u00e4ude zusammen!<\/p>\n<p>Schauen Sie sich unsere vollst\u00e4ndige <a href=\"https:\/\/www.urlaubcornwall.de\/ferienhaeuser\/cornwall.php\"><strong>Kollektion an Cornwall Cottages<\/strong><\/a> an.<\/p>\n<h2><a href=\"https:\/\/www.urlaubcornwall.de\/ferienhaeuser-fewos\/eng\/sussex\/etchingham.html\">Melpies House and Hayloft<\/a>, Sussex<\/h2>\n<p><img loading=\"lazy\" class=\"aligncenter size-full wp-image-27969\" src=\"https:\/\/www.urlaubcornwall.de\/blog\/wp-content\/uploads\/2017\/06\/landscape-1473428908-melpies-house-pool-1.jpg\" alt=\"Ferienhaus f\u00fcr Familien und Gruppen in Sussex inder nahe London\" width=\"745\" height=\"372\" srcset=\"https:\/\/www.urlaubcornwall.de\/blog\/wp-content\/uploads\/2017\/06\/landscape-1473428908-melpies-house-pool-1.jpg 745w, https:\/\/www.urlaubcornwall.de\/blog\/wp-content\/uploads\/2017\/06\/landscape-1473428908-melpies-house-pool-1-300x150.jpg 300w\" sizes=\"(max-width: 745px) 100vw, 745px\" \/><\/p>\n<p>Wenn Sie einen Kurzurlaub f\u00fcr eine gro\u00dfe Gruppe buchen, ist es wichtig, sicherzustellen, dass die Unterkunft Ihrer Wahl den Anspr\u00fcchen eines Jeden gen\u00fcgt. Mit Au\u00dfen-Swimmingpool, gro\u00dfem Kinderspielgel\u00e4nde, Spielezimmer und einem Hot Tub, der gemietet werden kann, trifft Melpies House and Hayloft in Sussex sicherlich ins Schwarze. Im Haupthaus k\u00f6nnen 12 Personen untergebracht werden, dazu weitere 4 in der Heuscheune. Es ist ideal, wenn Ihre Gruppe verschiedene Familien hat oder \u00e4ltere Kinder, die vielleicht gerne den Heuschuber f\u00fcr sich alleine h\u00e4tten. Das wundersch\u00f6ne Backsteingeb\u00e4ude befindet sich am Ende einer langen Zufahrt im quintessentiellen Dorf Burwash mit seiner Verbindung zu Rudyard Kipling!<\/p>\n<p>Finden Sie hier <a href=\"https:\/\/www.urlaubcornwall.de\/ferienhaeuser-fewos\/eng\/sussex\/sussex.html\"><strong>weitere Geb\u00e4ude in Sussex.<\/strong><\/a><\/p>\n<h2><a href=\"https:\/\/www.urlaubcornwall.de\/ferienhaeuser-fewos\/wal\/mittelwales\/brecon.html\">Herrenhaus<\/a> , Wales<\/h2>\n<p><img loading=\"lazy\" class=\"aligncenter size-full wp-image-27970\" src=\"https:\/\/www.urlaubcornwall.de\/blog\/wp-content\/uploads\/2017\/06\/164193_1.jpg\" alt=\"Ferienhaus f\u00fcr Familien und Gruppen in Wales\" width=\"747\" height=\"373\" srcset=\"https:\/\/www.urlaubcornwall.de\/blog\/wp-content\/uploads\/2017\/06\/164193_1.jpg 747w, https:\/\/www.urlaubcornwall.de\/blog\/wp-content\/uploads\/2017\/06\/164193_1-300x150.jpg 300w\" sizes=\"(max-width: 747px) 100vw, 747px\" \/><\/p>\n<p>Innerhalb von 50 Ar Grund gelegen, ist diese ehemalige Jagdh\u00fctte der perfekte Ort f\u00fcr eine gro\u00dfe Zusammenkunft. Sowohl die Brecon Beacons als auch die Black Mountains befinden sich in der N\u00e4he und bieten meilenlange Wanderm\u00f6glichkeiten und Natursch\u00f6nheit, w\u00e4hrend sich Hay-on-Wye, das bekannt ist f\u00fcr sein Literaturfestival, lediglich sechs Meilen entfernt befindet. Neben den angebotenen neun luxuri\u00f6sen Zimmern k\u00f6nnen sich G\u00e4ste zur\u00fccklehnen und im Wohnzimmer, dem Billardraum, einem weiteren Wohnzimmer, der Bibliothek oder im Morgenraum am Holzfeuer entspannen. Landsporttage k\u00f6nnen arrangiert werden, sowie ein Dienstm\u00e4dchenservice, so dass Sie wahrhaft entspannen k\u00f6nnen.<\/p>\n<p>Weitere Informationen zu Felin Newydd House und die \u00fcbrigen wundersch\u00f6nen Fotos oder <a href=\"https:\/\/www.urlaubcornwall.de\/ferienhaeuser\/wales.php\"><strong>suchen Sie weitere Cottages in Wales<\/strong>.<\/a><\/p>\n<h2><a href=\"https:\/\/www.urlaubcornwall.de\/ferienhaeuser-fewos\/looe.html\">Greengates am Meer<\/a>, Cornwall<\/h2>\n<p><img loading=\"lazy\" class=\"aligncenter size-full wp-image-27971\" src=\"https:\/\/www.urlaubcornwall.de\/blog\/wp-content\/uploads\/2017\/06\/Ggate-24_1.jpg\" alt=\"Ferienhaus am Meer f\u00fcr Familien und Gruppen in Cormnwall\" width=\"746\" height=\"560\" srcset=\"https:\/\/www.urlaubcornwall.de\/blog\/wp-content\/uploads\/2017\/06\/Ggate-24_1.jpg 746w, https:\/\/www.urlaubcornwall.de\/blog\/wp-content\/uploads\/2017\/06\/Ggate-24_1-300x225.jpg 300w\" sizes=\"(max-width: 746px) 100vw, 746px\" \/><\/p>\n<p>Wie klingt \u201cPrivatzugang zum Strand vor Ort\u201d? Greengates at the Water\u2019s Edge in Cornwall \u00fcberblickt den Downderry Strand und hat Stufen vom Garten unten direkt auf den Sandstrand. Perfekt f\u00fcr Familien mit Kindern! Sie m\u00fcssen sich also keine Sorgen machen bez\u00fcglich langer Spazierg\u00e4nge nach Hause am Ende des Tages oder sandige F\u00fc\u00dfe im Auto. Das Geb\u00e4ude bietet wundersch\u00f6nen Meeresblick, den Sie von einigen der Schlafzimmer aus genie\u00dfen k\u00f6nnen oder mit einem guten Buch vom Wintergarten aus oder sanft dahin schwingend auf der Gartenschaukel.<\/p>\n<p>Schauen Sie sich unsere <a href=\"https:\/\/www.urlaubcornwall.de\/ferienhaeuser\/cornwall.php\"><strong>vollst\u00e4ndige Sammlung an Cornwall Cottages<\/strong><\/a> an.<\/p>\n<h2><a href=\"https:\/\/www.urlaubcornwall.de\/ferienhaeuser-fewos\/eng\/dorset\/beaminster.html\">South Lodge<\/a>, Dorset<\/h2>\n<p><img loading=\"lazy\" class=\"aligncenter size-full wp-image-27972\" src=\"https:\/\/www.urlaubcornwall.de\/blog\/wp-content\/uploads\/2017\/06\/Soulo-2_1.jpg\" alt=\"Ferienhaus f\u00fcr Familien und Gruppen in Dorset\" width=\"746\" height=\"561\" srcset=\"https:\/\/www.urlaubcornwall.de\/blog\/wp-content\/uploads\/2017\/06\/Soulo-2_1.jpg 746w, https:\/\/www.urlaubcornwall.de\/blog\/wp-content\/uploads\/2017\/06\/Soulo-2_1-300x226.jpg 300w\" sizes=\"(max-width: 746px) 100vw, 746px\" \/><\/p>\n<p>Als ein wahrhaftes Juwel Dorsets hat South Lodge jedem etwas zu bieten, ob Sie nun Ihr n\u00e4chstes Familientreffen planen oder ein Wiedersehen mit Freunden organisieren, 2017 ist ein Jahr f\u00fcr gro\u00dfe Feiern. South Lodge befindet sich inmitten mehrerer Ar eigenen Landes und ist ein charmantes l\u00e4ndliches Urlaubsdomizil, das wundersch\u00f6n dekoriert wurde und eine Menge der Originalelemente beibehalten hat. Es gibt einen leichten Fu\u00dfweg, der Sie direkt vom Grundst\u00fcck aus ins Zentrum des Dorfes Beaminster f\u00fchrt. Wenn Sie eine aktive Gruppe sind, so gibt es eine Menge weiterer Routen, um die Gegend zu erkunden.<\/p>\n<p>Finden Sie <a href=\"https:\/\/www.urlaubcornwall.de\/ferienhaeuser-fewos\/eng\/dorset\/dorset.html\"><strong>weitere Dorset Cottages<\/strong><\/a>.<\/p>\n<h2><a href=\"https:\/\/www.urlaubcornwall.de\/ferienhaeuser-fewos\/eng\/nord-devon\/barnstaple.html\">Portmore Grange<\/a>, Devon<\/h2>\n<p><img loading=\"lazy\" class=\"aligncenter size-full wp-image-27973\" src=\"https:\/\/www.urlaubcornwall.de\/blog\/wp-content\/uploads\/2017\/06\/28974-123_1.jpg\" alt=\"Ferienhaus f\u00fcr Familien und Gruppen in Devon\" width=\"746\" height=\"561\" srcset=\"https:\/\/www.urlaubcornwall.de\/blog\/wp-content\/uploads\/2017\/06\/28974-123_1.jpg 746w, https:\/\/www.urlaubcornwall.de\/blog\/wp-content\/uploads\/2017\/06\/28974-123_1-300x226.jpg 300w\" sizes=\"(max-width: 746px) 100vw, 746px\" \/><\/p>\n<p>Das gr\u00f6\u00dfte Geb\u00e4ude unserer Sammlung beherbergt 24 Personen in 10 Schlafzimmern. Somit ist Portmore Grange das ultimative Geb\u00e4ude, um gro\u00dfe Gruppen unterzubringen. Mit einem Hot Tub, Spielezimmer mit eigener Bar, Grillh\u00fctte, riesigem Garten und einer offenen Feuerstelle, vor der Sie sich gem\u00fctlich niederlassen k\u00f6nnen, gibt es eine Menge hier f\u00fcr s\u00e4mtliche Gruppenzusammensetzungen. Es gibt Himmelbetten, Lehnst\u00fchle und Balkone mit Blick \u00fcber den gepflegten Garten. Sie k\u00f6nnen hier im Portmore gut und gerne wie eine k\u00f6nigliche Hoheit leben. Wenn Sie eine gro\u00dfe Feier planen, dann k\u00f6nnen Sie hier die Gelegenheit zu etwas ganz Besonderem werden lassen.<\/p>\n<p>Wir haben mehr als <a href=\"https:\/\/www.urlaubcornwall.de\/ferienhaeuser\/devon.php\"><strong>600 Geb\u00e4ude in ganz Devon<\/strong><\/a>, schauen Sie sich unsere gesamte Sammlung an.<\/p>\n<h2><a href=\"https:\/\/www.urlaubcornwall.de\/ferienhaeuser-fewos\/unterkunft\/Holiday\/8153-6-bedroom-wing-in-kilmarnock---cwing.html\">Schloss Wing<\/a>, Ayrshire und Arran<\/h2>\n<p><img loading=\"lazy\" class=\"aligncenter size-full wp-image-27974\" src=\"https:\/\/www.urlaubcornwall.de\/blog\/wp-content\/uploads\/2017\/06\/Capture_4.png\" alt=\"schloss f\u00fcr Familien und Gruppen in Schottland urlaub ferienhaus\" width=\"746\" height=\"486\"\/><\/p>\n<p>Wenn Sie w\u00e4hrend Ihres Gruppenurlaubs an einem au\u00dfergew\u00f6hnlichen Ort untergebracht sein wollen, so k\u00f6nnte Castle Wing das perfekte Geb\u00e4ude f\u00fcr Sie sein. Ausgestattet mit sechs Schlafzimmern und f\u00fcnf Badezimmern, ist dieses herrliche Geb\u00e4ude eine ideale Ausgangsbasis f\u00fcr s\u00e4mtliche Gro\u00dfgruppen, die Schottland erkunden wollen, mit sowohl der lebendigen Stadt Glasgow als auch den Sandstr\u00e4nden bei Ayrshire lediglich eine kurze Autofahrt entfernt. Castle Wing ist auf einem extrem hohen Standard ausgestattet mit herrlicher Inneneinrichtung und 600 Ar Land, die es zu genie\u00dfen gilt, dazu ein Spielezimmer, Angelm\u00f6glichkeit auf dem Grundst\u00fcck und eine offene Feuerstelle, neben der es sich nach einem langen Tag entspannen l\u00e4sst.<\/p>\n<p>Finden Sie weitere Geb\u00e4ude<a href=\"https:\/\/www.urlaubcornwall.de\/ferienhaeuser\/schottland.php\"><strong> f\u00fcr Ihren Urlaub in Schottland<\/strong><\/a>.<\/p>\n<h2>Sharperton Lodge, Somerset<\/h2>\n<p><img loading=\"lazy\" class=\"aligncenter size-full wp-image-27975\" src=\"https:\/\/www.urlaubcornwall.de\/blog\/wp-content\/uploads\/2017\/06\/10-Shalo-12.jpg\" alt=\"Ferienhaus f\u00fcr Familien und Gruppen in somerset\" width=\"746\" height=\"486\"\/><\/p>\n<p>Dieses luxuri\u00f6se moderne H\u00e4uschen befindet sich im Herzen der l\u00e4ndlichen Gegend Somersets, nahe der bekannten <a href=\"https:\/\/www.urlaubcornwall.de\/ferienhaeuser-fewos\/eng\/somerset\/glastonbury-luxus-unterkuenfte.html\">Stadt Glastonbury<\/a>. Einer der gr\u00f6\u00dften Anziehungspunkte dieser Unterkunft ist der herrliche, weitreichende Blick \u00fcber satte gr\u00fcne Felder, wo Sie h\u00e4ufig Bauernhoftiere weiden sehen. Es gibt sogar einen \u00fcberdachten Balkon, wo Sie auch dann den Blick genie\u00dfen k\u00f6nnen, wenn das Wetter schlecht sein sollte. Wenn Sie absolut die F\u00fc\u00dfe hochlegen wollen, k\u00f6nnen Sie vereinbaren, dass ein Abendessen an die Haust\u00fcr geliefert wird, oder Sie nehmen ein sonnt\u00e4gliches Mittagessen in der nahe gelegenen Kneipe ein. Das H\u00e4uschen ist ideal f\u00fcr Familien, hat einen Grillbereich drau\u00dfen, einen Sandkasten, kleine Fahrspielzeuge, auch ein Schaukelballspiel und Badminton sind vorhanden. Falls Sie Ihr Fahrrad mitbringen wollen, so gibt es abschlie\u00dfbare Lagerscheunen auf dem Grundst\u00fcck.<\/p>\n<p>Schauen Sie sich <a href=\"https:\/\/www.urlaubcornwall.de\/ferienhaeuser-fewos\/eng\/somerset\/somerset-luxus-unterkuenfte.html\"><strong>unsere gesamte Sammlung an Somerset Cottages<\/strong><\/a> an.<\/p>\n","protected":false},"excerpt":{"rendered":"<p>Planen Sie, anl\u00e4sslich einer gro\u00dfen Feier, Familienzusammenkunft oder Wiedersehen mit Freunden, Zeit miteinander zu verbringen? Versammeln Sie alle unter einem Dach und treffen Sie Ihre Wahl aus einigen unserer spektakul\u00e4rsten Ferienh\u00e4user, Cottages, Herrenh\u00e4usern und herrlichen Schl\u00f6ssern in England, Schottland &amp; Wales. The Old Manor House, Derbyshire Dieses private Landhaus k\u00f6nnte Ihre ultimative Reiseunterkunft sein, um [&hellip;]<\/p>\n","protected":false},"author":1,"featured_media":0,"parent":0,"menu_order":0,"comment_status":"closed","ping_status":"closed","template":"single-four.php","meta":[],"acf":[],"yoast_head":"<!-- This site is optimized with the Yoast SEO plugin v19.4 - https:\/\/yoast.com\/wordpress\/plugins\/seo\/ -->\n<title>Unsere besten gro\u00dfen Ferienh\u00e4user f\u00fcr Familien und Gruppen in Gro\u00dfbritannien - Urlaub &amp; Reisen<\/title>\n<meta name=\"robots\" content=\"index, follow, max-snippet:-1, max-image-preview:large, max-video-preview:-1\" \/>\n<link rel=\"canonical\" href=\"https:\/\/www.urlaubcornwall.de\/blog\/unsere-besten-grossen-ferienhaeuser-fuer-familien-und-gruppen-grossbritannien\/\" \/>\n<meta property=\"og:locale\" content=\"en_US\" \/>\n<meta property=\"og:type\" content=\"article\" \/>\n<meta property=\"og:title\" content=\"Unsere besten gro\u00dfen Ferienh\u00e4user f\u00fcr Familien und Gruppen in Gro\u00dfbritannien - Urlaub &amp; Reisen\" \/>\n<meta property=\"og:description\" content=\"Planen Sie, anl\u00e4sslich einer gro\u00dfen Feier, Familienzusammenkunft oder Wiedersehen mit Freunden, Zeit miteinander zu verbringen? Versammeln Sie alle unter einem Dach und treffen Sie Ihre Wahl aus einigen unserer spektakul\u00e4rsten Ferienh\u00e4user, Cottages, Herrenh\u00e4usern und herrlichen Schl\u00f6ssern in England, Schottland &amp; Wales. The Old Manor House, Derbyshire Dieses private Landhaus k\u00f6nnte Ihre ultimative Reiseunterkunft sein, um [&hellip;]\" \/>\n<meta property=\"og:url\" content=\"https:\/\/www.urlaubcornwall.de\/blog\/unsere-besten-grossen-ferienhaeuser-fuer-familien-und-gruppen-grossbritannien\/\" \/>\n<meta property=\"og:site_name\" content=\"Urlaub &amp; Reisen\" \/>\n<meta property=\"article:modified_time\" content=\"2019-04-11T10:57:41+00:00\" \/>\n<meta property=\"og:image\" content=\"https:\/\/www.urlaubcornwall.de\/blog\/wp-content\/uploads\/2017\/06\/Capture_3.png\" \/>\n<meta name=\"twitter:card\" content=\"summary\" \/>\n<meta name=\"twitter:label1\" content=\"Est. reading time\" \/>\n\t<meta name=\"twitter:data1\" content=\"6 minutes\" \/>\n<script type=\"application\/ld+json\" class=\"yoast-schema-graph\">{\"@context\":\"https:\/\/schema.org\",\"@graph\":[{\"@type\":\"WebSite\",\"@id\":\"https:\/\/www.urlaubcornwall.de\/blog\/#website\",\"url\":\"https:\/\/www.urlaubcornwall.de\/blog\/\",\"name\":\"Urlaub &amp; Reisen\",\"description\":\"Urlaub, Reisen, Cornwall und S\u00fcdengland: eine perfekte Kombination\",\"potentialAction\":[{\"@type\":\"SearchAction\",\"target\":{\"@type\":\"EntryPoint\",\"urlTemplate\":\"https:\/\/www.urlaubcornwall.de\/blog\/?s={search_term_string}\"},\"query-input\":\"required name=search_term_string\"}],\"inLanguage\":\"en-US\"},{\"@type\":\"WebPage\",\"@id\":\"https:\/\/www.urlaubcornwall.de\/blog\/unsere-besten-grossen-ferienhaeuser-fuer-familien-und-gruppen-grossbritannien\/\",\"url\":\"https:\/\/www.urlaubcornwall.de\/blog\/unsere-besten-grossen-ferienhaeuser-fuer-familien-und-gruppen-grossbritannien\/\",\"name\":\"Unsere besten gro\u00dfen Ferienh\u00e4user f\u00fcr Familien und Gruppen in Gro\u00dfbritannien - Urlaub &amp; Reisen\",\"isPartOf\":{\"@id\":\"https:\/\/www.urlaubcornwall.de\/blog\/#website\"},\"datePublished\":\"2017-06-13T08:53:44+00:00\",\"dateModified\":\"2019-04-11T10:57:41+00:00\",\"breadcrumb\":{\"@id\":\"https:\/\/www.urlaubcornwall.de\/blog\/unsere-besten-grossen-ferienhaeuser-fuer-familien-und-gruppen-grossbritannien\/#breadcrumb\"},\"inLanguage\":\"en-US\",\"potentialAction\":[{\"@type\":\"ReadAction\",\"target\":[\"https:\/\/www.urlaubcornwall.de\/blog\/unsere-besten-grossen-ferienhaeuser-fuer-familien-und-gruppen-grossbritannien\/\"]}]},{\"@type\":\"BreadcrumbList\",\"@id\":\"https:\/\/www.urlaubcornwall.de\/blog\/unsere-besten-grossen-ferienhaeuser-fuer-familien-und-gruppen-grossbritannien\/#breadcrumb\",\"itemListElement\":[{\"@type\":\"ListItem\",\"position\":1,\"name\":\"Home\",\"item\":\"https:\/\/www.urlaubcornwall.de\/blog\/\"},{\"@type\":\"ListItem\",\"position\":2,\"name\":\"Unsere besten gro\u00dfen Ferienh\u00e4user f\u00fcr Familien und Gruppen in Gro\u00dfbritannien\"}]}]}<\/script>\n<!-- \/ Yoast SEO plugin. -->","yoast_head_json":{"title":"Unsere besten gro\u00dfen Ferienh\u00e4user f\u00fcr Familien und Gruppen in Gro\u00dfbritannien - Urlaub &amp; Reisen","robots":{"index":"index","follow":"follow","max-snippet":"max-snippet:-1","max-image-preview":"max-image-preview:large","max-video-preview":"max-video-preview:-1"},"canonical":"https:\/\/www.urlaubcornwall.de\/blog\/unsere-besten-grossen-ferienhaeuser-fuer-familien-und-gruppen-grossbritannien\/","og_locale":"en_US","og_type":"article","og_title":"Unsere besten gro\u00dfen Ferienh\u00e4user f\u00fcr Familien und Gruppen in Gro\u00dfbritannien - Urlaub &amp; Reisen","og_description":"Planen Sie, anl\u00e4sslich einer gro\u00dfen Feier, Familienzusammenkunft oder Wiedersehen mit Freunden, Zeit miteinander zu verbringen? Versammeln Sie alle unter einem Dach und treffen Sie Ihre Wahl aus einigen unserer spektakul\u00e4rsten Ferienh\u00e4user, Cottages, Herrenh\u00e4usern und herrlichen Schl\u00f6ssern in England, Schottland &amp; Wales. The Old Manor House, Derbyshire Dieses private Landhaus k\u00f6nnte Ihre ultimative Reiseunterkunft sein, um [&hellip;]","og_url":"https:\/\/www.urlaubcornwall.de\/blog\/unsere-besten-grossen-ferienhaeuser-fuer-familien-und-gruppen-grossbritannien\/","og_site_name":"Urlaub &amp; Reisen","article_modified_time":"2019-04-11T10:57:41+00:00","og_image":[{"url":"https:\/\/www.urlaubcornwall.de\/blog\/wp-content\/uploads\/2017\/06\/Capture_3.png"}],"twitter_card":"summary","twitter_misc":{"Est. reading time":"6 minutes"},"schema":{"@context":"https:\/\/schema.org","@graph":[{"@type":"WebSite","@id":"https:\/\/www.urlaubcornwall.de\/blog\/#website","url":"https:\/\/www.urlaubcornwall.de\/blog\/","name":"Urlaub &amp; Reisen","description":"Urlaub, Reisen, Cornwall und S\u00fcdengland: eine perfekte Kombination","potentialAction":[{"@type":"SearchAction","target":{"@type":"EntryPoint","urlTemplate":"https:\/\/www.urlaubcornwall.de\/blog\/?s={search_term_string}"},"query-input":"required name=search_term_string"}],"inLanguage":"en-US"},{"@type":"WebPage","@id":"https:\/\/www.urlaubcornwall.de\/blog\/unsere-besten-grossen-ferienhaeuser-fuer-familien-und-gruppen-grossbritannien\/","url":"https:\/\/www.urlaubcornwall.de\/blog\/unsere-besten-grossen-ferienhaeuser-fuer-familien-und-gruppen-grossbritannien\/","name":"Unsere besten gro\u00dfen Ferienh\u00e4user f\u00fcr Familien und Gruppen in Gro\u00dfbritannien - Urlaub &amp; Reisen","isPartOf":{"@id":"https:\/\/www.urlaubcornwall.de\/blog\/#website"},"datePublished":"2017-06-13T08:53:44+00:00","dateModified":"2019-04-11T10:57:41+00:00","breadcrumb":{"@id":"https:\/\/www.urlaubcornwall.de\/blog\/unsere-besten-grossen-ferienhaeuser-fuer-familien-und-gruppen-grossbritannien\/#breadcrumb"},"inLanguage":"en-US","potentialAction":[{"@type":"ReadAction","target":["https:\/\/www.urlaubcornwall.de\/blog\/unsere-besten-grossen-ferienhaeuser-fuer-familien-und-gruppen-grossbritannien\/"]}]},{"@type":"BreadcrumbList","@id":"https:\/\/www.urlaubcornwall.de\/blog\/unsere-besten-grossen-ferienhaeuser-fuer-familien-und-gruppen-grossbritannien\/#breadcrumb","itemListElement":[{"@type":"ListItem","position":1,"name":"Home","item":"https:\/\/www.urlaubcornwall.de\/blog\/"},{"@type":"ListItem","position":2,"name":"Unsere besten gro\u00dfen Ferienh\u00e4user f\u00fcr Familien und Gruppen in Gro\u00dfbritannien"}]}]}},"_links":{"self":[{"href":"https:\/\/www.urlaubcornwall.de\/blog\/wp-json\/wp\/v2\/pages\/27958"}],"collection":[{"href":"https:\/\/www.urlaubcornwall.de\/blog\/wp-json\/wp\/v2\/pages"}],"about":[{"href":"https:\/\/www.urlaubcornwall.de\/blog\/wp-json\/wp\/v2\/types\/page"}],"author":[{"embeddable":true,"href":"https:\/\/www.urlaubcornwall.de\/blog\/wp-json\/wp\/v2\/users\/1"}],"replies":[{"embeddable":true,"href":"https:\/\/www.urlaubcornwall.de\/blog\/wp-json\/wp\/v2\/comments?post=27958"}],"version-history":[{"count":6,"href":"https:\/\/www.urlaubcornwall.de\/blog\/wp-json\/wp\/v2\/pages\/27958\/revisions"}],"predecessor-version":[{"id":37972,"href":"https:\/\/www.urlaubcornwall.de\/blog\/wp-json\/wp\/v2\/pages\/27958\/revisions\/37972"}],"wp:attachment":[{"href":"https:\/\/www.urlaubcornwall.de\/blog\/wp-json\/wp\/v2\/media?parent=27958"}],"curies":[{"name":"wp","href":"https:\/\/api.w.org\/{rel}","templated":true}]}}