{"id":27940,"date":"2017-06-09T15:12:51","date_gmt":"2017-06-09T15:12:51","guid":{"rendered":"https:\/\/www.urlaubcornwall.de\/blog\/?page_id=27940"},"modified":"2024-05-29T15:16:58","modified_gmt":"2024-05-29T15:16:58","slug":"unsere-top-10-hundefreundlichen-straende-wales","status":"publish","type":"page","link":"https:\/\/www.urlaubcornwall.de\/blog\/unsere-top-10-hundefreundlichen-straende-wales\/","title":{"rendered":"Unsere Top 10 hundefreundlichen Str\u00e4nde in Wales"},"content":{"rendered":"<p><a href=\"https:\/\/www.urlaubcornwall.de\/blog\/wp-content\/uploads\/2020\/05\/hund-urlaub-cornwall-strand.jpg\"><img loading=\"lazy\" src=\"https:\/\/www.urlaubcornwall.de\/blog\/wp-content\/uploads\/2020\/05\/hund-urlaub-cornwall-strand.jpg\" alt=\"hund urlaub wales strand\" width=\"759\" height=\"651\" class=\"alignnone size-full wp-image-40092\" srcset=\"https:\/\/www.urlaubcornwall.de\/blog\/wp-content\/uploads\/2020\/05\/hund-urlaub-cornwall-strand.jpg 759w, https:\/\/www.urlaubcornwall.de\/blog\/wp-content\/uploads\/2020\/05\/hund-urlaub-cornwall-strand-300x257.jpg 300w\" sizes=\"(max-width: 759px) 100vw, 759px\" \/><\/a><\/p>\n<p>Wenn Sie diesen Sommer <a href=\"https:\/\/www.urlaubcornwall.de\/reiseziel\/wales.php\">Urlaub in Wales<\/a> planen, werden Sie zweifelsohne die vielen wundersch\u00f6nen Str\u00e4nde des Landes besuchen.<\/p>\n<p>Vom Zipfel bei Anglesey bis zur Zehenspitze bei <a href=\"https:\/\/www.urlaubcornwall.de\/blog\/der-pembrokeshire-kuesten-nationalpark\/\">Pembrokeshire<\/a> gibt es einige fantastische hundefreundliche Str\u00e4nde in Wales, und all unsere Top 10 haben keinerlei Einschr\u00e4nkungen, was bedeutet, dass Sie sogar w\u00e4hrend der Sommermonate mit ihrem Hund im Meer herumplanschen und St\u00f6ckchen im Sand werfen k\u00f6nnen!<\/p>\n<p>Schauen Sie sich unsere hundefreundliche Unterkunft in Wales<a href=\"https:\/\/www.urlaubcornwall.de\/ferienhaeuser\/wales.php\"><strong><\/strong><\/a> an.<\/p>\n<p style=\"text-align: center;\"><a class=\"tidycta\" href=\"https:\/\/www.urlaubcornwall.de\/ferienhaeuser\/wales.php\">Ferienh\u00e4user Wales mit Hund<\/a><\/p>\n<p><strong>Nordwales<\/strong><\/p>\n<p><img loading=\"lazy\" class=\"aligncenter size-full wp-image-27942\" src=\"https:\/\/www.urlaubcornwall.de\/blog\/wp-content\/uploads\/2017\/06\/wales-strand-mit-hund.jpg\" alt=\"wales strand mit hund\" height=\"394\" width=\"749\" srcset=\"https:\/\/www.urlaubcornwall.de\/blog\/wp-content\/uploads\/2017\/06\/wales-strand-mit-hund.jpg 747w, https:\/\/www.urlaubcornwall.de\/blog\/wp-content\/uploads\/2017\/06\/wales-strand-mit-hund-300x158.jpg 300w\" sizes=\"(max-width: 749px) 100vw, 749px\" \/><\/p>\n<p>1. Colwyn Bay &#8211; Ein wundersch\u00f6ner viktorianischer Urlaubsort am Meer; das Pier ragt ins Meer hinein und hat Caf\u00e9s, kleine Gesch\u00e4fte und Kiosks, an denen ein nettes Mittagessen eingenommen werden kann. Ihr Hund wird es lieben, am Sand entlang und \u00fcber Felsen zu rennen, und es gibt einige gro\u00dfartige M\u00f6glichkeiten zum V\u00f6gel beobachten.<\/p>\n<p>2. <a href=\"https:\/\/www.urlaubcornwall.de\/ferienhaeuser-fewos\/wal\/nordwales\/conwy.html\">Conwy Morfa<\/a> &#8211; Bei Ebbe findet sich eine breite Sandbucht, die perfekt geeignet ist f\u00fcr lange Spazierg\u00e4nge mit einem vierbeinigen Freund, und es ist auch ein guter Strand, um V\u00f6gel zu beobachten.<\/p>\n<p>3. Afon Wen auf der Llyn Peninsula &#8211; Dies ist ein h\u00fcbscher Sand- und Kieselstrand mit einigen sch\u00f6nen K\u00fcstenwanderwegen entlang des Ufers.<\/p>\n<p><strong>Die Mitte von Wales<\/strong><\/p>\n<p>4. Llanila, <a href=\"https:\/\/www.urlaubcornwall.de\/ferienhaeuser-fewos\/wal\/westwales\/new-quay.html\">New Quay<\/a> &#8211; Bei Flut ist der Strand recht steinig, so dass wir empfehlen w\u00fcrden, stattdessen den K\u00fcstenpfad entlang zu gehen. Bei Ebbe jedoch ist der Strand breit, windgesch\u00fctzt, sandig und perfekt geeignet f\u00fcr lange Spazierg\u00e4nge mit Ihrem Hund.<\/p>\n<p><strong>S\u00fcdwales<\/strong><\/p>\n<p><img loading=\"lazy\" class=\"aligncenter size-full wp-image-47959\" src=\"https:\/\/www.urlaubcornwall.de\/blog\/wp-content\/uploads\/2024\/03\/gower-halbinsel-wales-1.jpg\" alt=\"gower halbinsel wales\" width=\"750\" height=\"500\" srcset=\"https:\/\/www.urlaubcornwall.de\/blog\/wp-content\/uploads\/2024\/03\/gower-halbinsel-wales-1.jpg 750w, https:\/\/www.urlaubcornwall.de\/blog\/wp-content\/uploads\/2024\/03\/gower-halbinsel-wales-1-300x200.jpg 300w\" sizes=\"(max-width: 750px) 100vw, 750px\" \/><\/p>\n<p>5. Swansea Bay &#8211; Sie haben die Wahl zwischen sieben verschiedenen Str\u00e4nden um die <a href=\"https:\/\/www.urlaubcornwall.de\/ferienhaeuser-fewos\/wal\/suedwales\/swansea.html\">Swansea<\/a> Bucht herum, die allesamt keinerlei Hundeeinschr\u00e4nkungen haben. Alle sind sie bei Ebbe sandig, k\u00f6nnen jedoch auch recht schlammig werden. Stellen Sie also sicher, Ihr \u201cHundehandtuch\u201d dabei zu haben!<\/p>\n<p>6. Jackson&#8217;s Bay, Barry &#8211; Diese kleine Sandbucht eignet sich perfekt f\u00fcr einen Hundespaziergang, und Sie k\u00f6nnen gleichfalls all die unterhaltsamen Dinge genie\u00dfen, die es auf der Barry Island auch zu tun gibt!<\/p>\n<p><strong>Westwales<\/strong><\/p>\n<p>7. <a href=\"https:\/\/www.urlaubcornwall.de\/ferienhaeuser-fewos\/wal\/westwales\/aberaeron.html\">Aberaeron<\/a> (Norden) &#8211; Diese h\u00fcbsche kleine Hafenstadt hat einen Felsstrand.<\/p>\n<p>8. <a href=\"https:\/\/www.urlaubcornwall.de\/ferienhaeuser-fewos\/wal\/westwales\/broad-haven.html\">Broad Haven<\/a> (S\u00fcden) &#8211; Dies ist ein wundersch\u00f6ner Sandstrand umgeben von einer zerkl\u00fcfteten K\u00fcste. Zugang finden Sie \u00fcber einen National Trust Parkplatz, und es gibt zahlreiche sch\u00f6ne Wanderwege in der Gegend entlang des Pembrokeshire K\u00fcstenpfades. Das Wasser ist sicher zum Baden und sauber, doch bedenken Sie, dass es hier keinen Rettungsdienst gibt. Der Strand wird von der Marine Conservation Society empfohlen.<\/p>\n<p>9. <a href=\"https:\/\/www.urlaubcornwall.de\/ferienhaeuser-fewos\/wal\/westwales\/little-haven.html\">Little Haven<\/a> &#8211; Dieser windgesch\u00fctzte Sandstrand befindet sich direkt um die K\u00fcste von Broad Haven herum. Es gibt eine Vielzahl an Gesch\u00e4ften vor Ort und nahe gelegene Kneipen, und der Strand liegt am wundersch\u00f6nen Pembrokeshire K\u00fcstenpfad.<\/p>\n<p>10. Monkstone Beach, <a href=\"https:\/\/www.urlaubcornwall.de\/ferienhaeuser-fewos\/wal\/westwales\/tenby.html\">Tenby<\/a> &#8211; Herrlich goldener Sand mit steilen K\u00fcstenklippen im Hintergrund, die diesen Strand wunderbar windgesch\u00fctzt sein lassen. Den Strand erreichen Sie \u00fcber steile Stufen \u2013 151, um genau zu sein! Es ist ein beliebter Strand zum Schwimmen und Angeln, und er befindet sich entlang des Pembrokeshore K\u00fcstenpfades. Dieser Strand wird von der Marine Conservation Society empfohlen.<\/p>\n<p>Falls Sie eine <a href=\"https:\/\/www.urlaubcornwall.de\/ferienhaeuser\/wales.php\">hundefreundliche Inspiration suchen<\/a>, schauen Sie sich doch unsere Sammlung an tierfreundlichen Unterk\u00fcnften an, um noch mehr gro\u00dfartige Urlaubsideen zu bekommen.<\/p>\n<p>Schauen Sie sich unsere hundefreundliche Unterkunft in Wales an.<\/p>\n<p style=\"text-align: center;\"><a class=\"tidycta\" href=\"https:\/\/www.urlaubcornwall.de\/ferienhaeuser\/wales.php\">Ferienh\u00e4user Wales mit Hund<\/a><\/p>\n","protected":false},"excerpt":{"rendered":"<p>Wenn Sie diesen Sommer Urlaub in Wales planen, werden Sie zweifelsohne die vielen wundersch\u00f6nen Str\u00e4nde des Landes besuchen. Vom Zipfel bei Anglesey bis zur Zehenspitze bei Pembrokeshire gibt es einige fantastische hundefreundliche Str\u00e4nde in Wales, und all unsere Top 10 haben keinerlei Einschr\u00e4nkungen, was bedeutet, dass Sie sogar w\u00e4hrend der Sommermonate mit ihrem Hund im [&hellip;]<\/p>\n","protected":false},"author":1,"featured_media":0,"parent":0,"menu_order":0,"comment_status":"closed","ping_status":"closed","template":"single-four.php","meta":[],"acf":[],"yoast_head":"<!-- This site is optimized with the Yoast SEO plugin v19.4 - https:\/\/yoast.com\/wordpress\/plugins\/seo\/ -->\n<title>Unsere Top 10 hundefreundlichen Str\u00e4nde in Wales - Urlaub &amp; Reisen<\/title>\n<meta name=\"robots\" content=\"index, follow, max-snippet:-1, max-image-preview:large, max-video-preview:-1\" \/>\n<link rel=\"canonical\" href=\"https:\/\/www.urlaubcornwall.de\/blog\/unsere-top-10-hundefreundlichen-straende-wales\/\" \/>\n<meta property=\"og:locale\" content=\"en_US\" \/>\n<meta property=\"og:type\" content=\"article\" \/>\n<meta property=\"og:title\" content=\"Unsere Top 10 hundefreundlichen Str\u00e4nde in Wales - Urlaub &amp; Reisen\" \/>\n<meta property=\"og:description\" content=\"Wenn Sie diesen Sommer Urlaub in Wales planen, werden Sie zweifelsohne die vielen wundersch\u00f6nen Str\u00e4nde des Landes besuchen. Vom Zipfel bei Anglesey bis zur Zehenspitze bei Pembrokeshire gibt es einige fantastische hundefreundliche Str\u00e4nde in Wales, und all unsere Top 10 haben keinerlei Einschr\u00e4nkungen, was bedeutet, dass Sie sogar w\u00e4hrend der Sommermonate mit ihrem Hund im [&hellip;]\" \/>\n<meta property=\"og:url\" content=\"https:\/\/www.urlaubcornwall.de\/blog\/unsere-top-10-hundefreundlichen-straende-wales\/\" \/>\n<meta property=\"og:site_name\" content=\"Urlaub &amp; Reisen\" \/>\n<meta property=\"article:modified_time\" content=\"2024-05-29T15:16:58+00:00\" \/>\n<meta property=\"og:image\" content=\"https:\/\/www.urlaubcornwall.de\/blog\/wp-content\/uploads\/2020\/05\/hund-urlaub-cornwall-strand.jpg\" \/>\n<meta name=\"twitter:card\" content=\"summary\" \/>\n<meta name=\"twitter:label1\" content=\"Est. reading time\" \/>\n\t<meta name=\"twitter:data1\" content=\"4 minutes\" \/>\n<script type=\"application\/ld+json\" class=\"yoast-schema-graph\">{\"@context\":\"https:\/\/schema.org\",\"@graph\":[{\"@type\":\"WebSite\",\"@id\":\"https:\/\/www.urlaubcornwall.de\/blog\/#website\",\"url\":\"https:\/\/www.urlaubcornwall.de\/blog\/\",\"name\":\"Urlaub &amp; Reisen\",\"description\":\"Urlaub, Reisen, Cornwall und S\u00fcdengland: eine perfekte Kombination\",\"potentialAction\":[{\"@type\":\"SearchAction\",\"target\":{\"@type\":\"EntryPoint\",\"urlTemplate\":\"https:\/\/www.urlaubcornwall.de\/blog\/?s={search_term_string}\"},\"query-input\":\"required name=search_term_string\"}],\"inLanguage\":\"en-US\"},{\"@type\":\"WebPage\",\"@id\":\"https:\/\/www.urlaubcornwall.de\/blog\/unsere-top-10-hundefreundlichen-straende-wales\/\",\"url\":\"https:\/\/www.urlaubcornwall.de\/blog\/unsere-top-10-hundefreundlichen-straende-wales\/\",\"name\":\"Unsere Top 10 hundefreundlichen Str\u00e4nde in Wales - Urlaub &amp; Reisen\",\"isPartOf\":{\"@id\":\"https:\/\/www.urlaubcornwall.de\/blog\/#website\"},\"datePublished\":\"2017-06-09T15:12:51+00:00\",\"dateModified\":\"2024-05-29T15:16:58+00:00\",\"breadcrumb\":{\"@id\":\"https:\/\/www.urlaubcornwall.de\/blog\/unsere-top-10-hundefreundlichen-straende-wales\/#breadcrumb\"},\"inLanguage\":\"en-US\",\"potentialAction\":[{\"@type\":\"ReadAction\",\"target\":[\"https:\/\/www.urlaubcornwall.de\/blog\/unsere-top-10-hundefreundlichen-straende-wales\/\"]}]},{\"@type\":\"BreadcrumbList\",\"@id\":\"https:\/\/www.urlaubcornwall.de\/blog\/unsere-top-10-hundefreundlichen-straende-wales\/#breadcrumb\",\"itemListElement\":[{\"@type\":\"ListItem\",\"position\":1,\"name\":\"Home\",\"item\":\"https:\/\/www.urlaubcornwall.de\/blog\/\"},{\"@type\":\"ListItem\",\"position\":2,\"name\":\"Unsere Top 10 hundefreundlichen Str\u00e4nde in Wales\"}]}]}<\/script>\n<!-- \/ Yoast SEO plugin. -->","yoast_head_json":{"title":"Unsere Top 10 hundefreundlichen Str\u00e4nde in Wales - Urlaub &amp; Reisen","robots":{"index":"index","follow":"follow","max-snippet":"max-snippet:-1","max-image-preview":"max-image-preview:large","max-video-preview":"max-video-preview:-1"},"canonical":"https:\/\/www.urlaubcornwall.de\/blog\/unsere-top-10-hundefreundlichen-straende-wales\/","og_locale":"en_US","og_type":"article","og_title":"Unsere Top 10 hundefreundlichen Str\u00e4nde in Wales - Urlaub &amp; Reisen","og_description":"Wenn Sie diesen Sommer Urlaub in Wales planen, werden Sie zweifelsohne die vielen wundersch\u00f6nen Str\u00e4nde des Landes besuchen. Vom Zipfel bei Anglesey bis zur Zehenspitze bei Pembrokeshire gibt es einige fantastische hundefreundliche Str\u00e4nde in Wales, und all unsere Top 10 haben keinerlei Einschr\u00e4nkungen, was bedeutet, dass Sie sogar w\u00e4hrend der Sommermonate mit ihrem Hund im [&hellip;]","og_url":"https:\/\/www.urlaubcornwall.de\/blog\/unsere-top-10-hundefreundlichen-straende-wales\/","og_site_name":"Urlaub &amp; Reisen","article_modified_time":"2024-05-29T15:16:58+00:00","og_image":[{"url":"https:\/\/www.urlaubcornwall.de\/blog\/wp-content\/uploads\/2020\/05\/hund-urlaub-cornwall-strand.jpg"}],"twitter_card":"summary","twitter_misc":{"Est. reading time":"4 minutes"},"schema":{"@context":"https:\/\/schema.org","@graph":[{"@type":"WebSite","@id":"https:\/\/www.urlaubcornwall.de\/blog\/#website","url":"https:\/\/www.urlaubcornwall.de\/blog\/","name":"Urlaub &amp; Reisen","description":"Urlaub, Reisen, Cornwall und S\u00fcdengland: eine perfekte Kombination","potentialAction":[{"@type":"SearchAction","target":{"@type":"EntryPoint","urlTemplate":"https:\/\/www.urlaubcornwall.de\/blog\/?s={search_term_string}"},"query-input":"required name=search_term_string"}],"inLanguage":"en-US"},{"@type":"WebPage","@id":"https:\/\/www.urlaubcornwall.de\/blog\/unsere-top-10-hundefreundlichen-straende-wales\/","url":"https:\/\/www.urlaubcornwall.de\/blog\/unsere-top-10-hundefreundlichen-straende-wales\/","name":"Unsere Top 10 hundefreundlichen Str\u00e4nde in Wales - Urlaub &amp; Reisen","isPartOf":{"@id":"https:\/\/www.urlaubcornwall.de\/blog\/#website"},"datePublished":"2017-06-09T15:12:51+00:00","dateModified":"2024-05-29T15:16:58+00:00","breadcrumb":{"@id":"https:\/\/www.urlaubcornwall.de\/blog\/unsere-top-10-hundefreundlichen-straende-wales\/#breadcrumb"},"inLanguage":"en-US","potentialAction":[{"@type":"ReadAction","target":["https:\/\/www.urlaubcornwall.de\/blog\/unsere-top-10-hundefreundlichen-straende-wales\/"]}]},{"@type":"BreadcrumbList","@id":"https:\/\/www.urlaubcornwall.de\/blog\/unsere-top-10-hundefreundlichen-straende-wales\/#breadcrumb","itemListElement":[{"@type":"ListItem","position":1,"name":"Home","item":"https:\/\/www.urlaubcornwall.de\/blog\/"},{"@type":"ListItem","position":2,"name":"Unsere Top 10 hundefreundlichen Str\u00e4nde in Wales"}]}]}},"_links":{"self":[{"href":"https:\/\/www.urlaubcornwall.de\/blog\/wp-json\/wp\/v2\/pages\/27940"}],"collection":[{"href":"https:\/\/www.urlaubcornwall.de\/blog\/wp-json\/wp\/v2\/pages"}],"about":[{"href":"https:\/\/www.urlaubcornwall.de\/blog\/wp-json\/wp\/v2\/types\/page"}],"author":[{"embeddable":true,"href":"https:\/\/www.urlaubcornwall.de\/blog\/wp-json\/wp\/v2\/users\/1"}],"replies":[{"embeddable":true,"href":"https:\/\/www.urlaubcornwall.de\/blog\/wp-json\/wp\/v2\/comments?post=27940"}],"version-history":[{"count":10,"href":"https:\/\/www.urlaubcornwall.de\/blog\/wp-json\/wp\/v2\/pages\/27940\/revisions"}],"predecessor-version":[{"id":50729,"href":"https:\/\/www.urlaubcornwall.de\/blog\/wp-json\/wp\/v2\/pages\/27940\/revisions\/50729"}],"wp:attachment":[{"href":"https:\/\/www.urlaubcornwall.de\/blog\/wp-json\/wp\/v2\/media?parent=27940"}],"curies":[{"name":"wp","href":"https:\/\/api.w.org\/{rel}","templated":true}]}}