{"id":27931,"date":"2017-06-09T14:33:21","date_gmt":"2017-06-09T14:33:21","guid":{"rendered":"https:\/\/www.urlaubcornwall.de\/blog\/?page_id=27931"},"modified":"2024-05-29T15:17:32","modified_gmt":"2024-05-29T15:17:32","slug":"5-grossartige-straende-wales","status":"publish","type":"page","link":"https:\/\/www.urlaubcornwall.de\/blog\/5-grossartige-straende-wales\/","title":{"rendered":"Top 5 Sch\u00f6nsten Str\u00e4nde in Wales"},"content":{"rendered":"<p><img loading=\"lazy\" class=\"aligncenter size-full wp-image-47959\" src=\"https:\/\/www.urlaubcornwall.de\/blog\/wp-content\/uploads\/2024\/03\/gower-halbinsel-wales-1.jpg\" alt=\"gower halbinsel wales\" width=\"750\" height=\"500\" srcset=\"https:\/\/www.urlaubcornwall.de\/blog\/wp-content\/uploads\/2024\/03\/gower-halbinsel-wales-1.jpg 750w, https:\/\/www.urlaubcornwall.de\/blog\/wp-content\/uploads\/2024\/03\/gower-halbinsel-wales-1-300x200.jpg 300w\" sizes=\"(max-width: 750px) 100vw, 750px\" \/><\/p>\n<p><strong>Entdecken Sie die besten Str\u00e4nde in Wales!<\/strong><\/p>\n<p>Wales ist nicht nur Land wundersch\u00f6ner gr\u00fcner H\u00fcgel, legend\u00e4rer Drachen und Riesen, die durchs Land ziehen, sondern es hat auch einige der besten Str\u00e4nde im UK. In der Tat wurden 39 der Str\u00e4nde in Wales mit der blauen Flagge ausgezeichnet, eine Ehre, die jenen geb\u00fchrt mit den h\u00f6chsten Sicherheitsstandards, Wasserqualit\u00e4t und umweltfreundlichem Management. Hier finden Sie f\u00fcnf der besten Str\u00e4nde in Wales, doch wir versichern Ihnen, dass es noch viele mehr gibt entlang der 750 Meilen langen walisischen K\u00fcste!<\/p>\n<p>Wir haben eine Auswahl an <a href=\"https:\/\/www.urlaubcornwall.de\/ferienhaueser\/wales.php\">Ferienh\u00e4usern am Meer<\/a>, die sich perfekt eignen f\u00fcr Ihren <a href=\"https:\/\/www.urlaubcornwall.de\/reiseziel\/wales.php\">Urlaub in Wales<\/a>.<\/p>\n<p><strong>Whitesands Beach, Pembrokeshire<\/strong><\/p>\n<p>Der imposante H\u00fcgel Carn Llidi bietet Blick \u00fcber einen der besten Str\u00e4nde im <a href=\"https:\/\/www.urlaubcornwall.de\/ferienhaeuser-fewos\/wal\/suedwales\/suedwales.html\">S\u00fcden von Wales<\/a>. Mit feinem goldenen Sand, der sich ungef\u00e4hr \u00fcber eine Meile erstreckt, ist der Whitsands Strand au\u00dferordentlich beliebt bei den Surfern des Landes. Wenn die Bedingungen g\u00fcnstig sind, ist der Strand oft vollgepackt mit Surfern, Body Boardern und anderen Liebhabern des Wassersports, die um die besten Wellen wetteifern.<\/p>\n<p><strong>Abersoch, Llyn Peninsula<\/strong><\/p>\n<p>Der Hauptstrand bei <a href=\"https:\/\/www.urlaubcornwall.de\/ferienhaeuser-fewos\/wal\/nordwales\/abersoch.html\">Abersoch<\/a> ist ein bevorzugtes Ausflugsziel f\u00fcr Familien, die die Gegend besuchen. Es soll ein \u201asicherer\u2018 Strand sein, und es gibt hier einen Bereich, der Motorbooten verboten ist, so dass Badende und junge Schwimmer in Frieden das Wasser genie\u00dfen k\u00f6nnen. Es gibt auch jede Menge Sand, um Burgen zu bauen, sowie D\u00fcnen zu erkunden.<\/p>\n<p><strong>Llangrannog, Ceredigion<\/strong><\/p>\n<p>Der Llangrannog Strand ist ein gro\u00dfartiger windgesch\u00fctzter Sandstrand mit einem unverwechselbaren Felsen am Uferrand, der, der Legende entsprechend, einst der Zahn eines Riesen war! Der Sand und die Felsenpools wimmeln nur so mit Meeresleben, was auch besagt, dass dieser Strand ein gro\u00dfartiger Familienstrand ist. Wanderer k\u00f6nnen den Klippenpfad genie\u00dfen, der Teil des malerischen Ceredigion K\u00fcstenpfades ist, ausgehend vom Dorf bis nach Cilborth.<\/p>\n<p><strong>Barafundle Bay, Pembrokeshire<\/strong><\/p>\n<p>Barafundle Bay ist ein Strand, der h\u00e4ufig als Juwel in der Krone der <a href=\"https:\/\/www.urlaubcornwall.de\/ferienhaeuser-fewos\/wal\/westwales\/pembroke.html\">Str\u00e4nde von Pembrokeshire<\/a> gilt. Der feine Sand und das kristallklare Wasser lassen ihn zunehmend wie einen karibischen Strand erscheinen. Der n\u00e4chste Parkplatz befindet sich eine halbe Meile entfernt. Im Hintergrund des Strandes befinden sich h\u00fcgelige Sandd\u00fcnen und Kiefern. Es ist nicht gerade der am leichtesten zug\u00e4ngliche Strand, aber es ist der M\u00fche wert. Sie werden feststellen, dass der Frieden und die Ruhe, die Sie hier finden, Sie glauben lassen, Sie w\u00e4ren in Ihrem eigenen pers\u00f6nlichen Paradies.<\/p>\n<p><strong>Porth Neigwl\/Hell\u2019s Mouth, Llanengan<\/strong><\/p>\n<p>Ein weiterer beliebter Strand f\u00fcr Wassersportler ist Hell\u2019s Mouth in <a href=\"https:\/\/www.urlaubcornwall.de\/ferienhaeuser-fewos\/wal\/nordwales\/nordwales.html\">Nordwales<\/a>. In der Vergangenheit hatte dieser Strand unter Seefahrern den Ruf eines Ortes der Zerst\u00f6rung und wurde gef\u00fcrchtet; daher auch sein Name. Heutzutage jedoch gilt dieser halbmondf\u00f6rmige Strand und sein einladendes blaues Wasser als einer der besten Surfstr\u00e4nde des UK aufgrund seiner Gr\u00f6\u00dfe, der Windgesch\u00fctztheit und der Lage, die gro\u00dfartige Bedingungen schaffen. Das Baden kann hier aufgrund starker Str\u00f6mungen gef\u00e4hrlich sein.<\/p>\n<p>Wir haben eine Auswahl an <a href=\"https:\/\/www.urlaubcornwall.de\/ferienhaeuser\/wales.php\">Ferienh\u00e4usern in Wales<\/a>, so dass Sie kommen und diese wundersch\u00f6nen Str\u00e4nde selbst entdecken k\u00f6nnen.<\/p>\n","protected":false},"excerpt":{"rendered":"<p>Entdecken Sie die besten Str\u00e4nde in Wales! Wales ist nicht nur Land wundersch\u00f6ner gr\u00fcner H\u00fcgel, legend\u00e4rer Drachen und Riesen, die durchs Land ziehen, sondern es hat auch einige der besten Str\u00e4nde im UK. In der Tat wurden 39 der Str\u00e4nde in Wales mit der blauen Flagge ausgezeichnet, eine Ehre, die jenen geb\u00fchrt mit den h\u00f6chsten [&hellip;]<\/p>\n","protected":false},"author":1,"featured_media":0,"parent":0,"menu_order":0,"comment_status":"closed","ping_status":"closed","template":"single-four.php","meta":[],"acf":[],"yoast_head":"<!-- This site is optimized with the Yoast SEO plugin v19.4 - https:\/\/yoast.com\/wordpress\/plugins\/seo\/ -->\n<title>Top 5 Sch\u00f6nsten Str\u00e4nde in Wales - Urlaub &amp; Reisen<\/title>\n<meta name=\"robots\" content=\"index, follow, max-snippet:-1, max-image-preview:large, max-video-preview:-1\" \/>\n<link rel=\"canonical\" href=\"https:\/\/www.urlaubcornwall.de\/blog\/5-grossartige-straende-wales\/\" \/>\n<meta property=\"og:locale\" content=\"en_US\" \/>\n<meta property=\"og:type\" content=\"article\" \/>\n<meta property=\"og:title\" content=\"Top 5 Sch\u00f6nsten Str\u00e4nde in Wales - Urlaub &amp; Reisen\" \/>\n<meta property=\"og:description\" content=\"Entdecken Sie die besten Str\u00e4nde in Wales! Wales ist nicht nur Land wundersch\u00f6ner gr\u00fcner H\u00fcgel, legend\u00e4rer Drachen und Riesen, die durchs Land ziehen, sondern es hat auch einige der besten Str\u00e4nde im UK. In der Tat wurden 39 der Str\u00e4nde in Wales mit der blauen Flagge ausgezeichnet, eine Ehre, die jenen geb\u00fchrt mit den h\u00f6chsten [&hellip;]\" \/>\n<meta property=\"og:url\" content=\"https:\/\/www.urlaubcornwall.de\/blog\/5-grossartige-straende-wales\/\" \/>\n<meta property=\"og:site_name\" content=\"Urlaub &amp; Reisen\" \/>\n<meta property=\"article:modified_time\" content=\"2024-05-29T15:17:32+00:00\" \/>\n<meta property=\"og:image\" content=\"https:\/\/www.urlaubcornwall.de\/blog\/wp-content\/uploads\/2024\/03\/gower-halbinsel-wales-1.jpg\" \/>\n<meta name=\"twitter:card\" content=\"summary\" \/>\n<meta name=\"twitter:label1\" content=\"Est. reading time\" \/>\n\t<meta name=\"twitter:data1\" content=\"3 minutes\" \/>\n<script type=\"application\/ld+json\" class=\"yoast-schema-graph\">{\"@context\":\"https:\/\/schema.org\",\"@graph\":[{\"@type\":\"WebSite\",\"@id\":\"https:\/\/www.urlaubcornwall.de\/blog\/#website\",\"url\":\"https:\/\/www.urlaubcornwall.de\/blog\/\",\"name\":\"Urlaub &amp; Reisen\",\"description\":\"Urlaub, Reisen, Cornwall und S\u00fcdengland: eine perfekte Kombination\",\"potentialAction\":[{\"@type\":\"SearchAction\",\"target\":{\"@type\":\"EntryPoint\",\"urlTemplate\":\"https:\/\/www.urlaubcornwall.de\/blog\/?s={search_term_string}\"},\"query-input\":\"required name=search_term_string\"}],\"inLanguage\":\"en-US\"},{\"@type\":\"WebPage\",\"@id\":\"https:\/\/www.urlaubcornwall.de\/blog\/5-grossartige-straende-wales\/\",\"url\":\"https:\/\/www.urlaubcornwall.de\/blog\/5-grossartige-straende-wales\/\",\"name\":\"Top 5 Sch\u00f6nsten Str\u00e4nde in Wales - Urlaub &amp; Reisen\",\"isPartOf\":{\"@id\":\"https:\/\/www.urlaubcornwall.de\/blog\/#website\"},\"datePublished\":\"2017-06-09T14:33:21+00:00\",\"dateModified\":\"2024-05-29T15:17:32+00:00\",\"breadcrumb\":{\"@id\":\"https:\/\/www.urlaubcornwall.de\/blog\/5-grossartige-straende-wales\/#breadcrumb\"},\"inLanguage\":\"en-US\",\"potentialAction\":[{\"@type\":\"ReadAction\",\"target\":[\"https:\/\/www.urlaubcornwall.de\/blog\/5-grossartige-straende-wales\/\"]}]},{\"@type\":\"BreadcrumbList\",\"@id\":\"https:\/\/www.urlaubcornwall.de\/blog\/5-grossartige-straende-wales\/#breadcrumb\",\"itemListElement\":[{\"@type\":\"ListItem\",\"position\":1,\"name\":\"Home\",\"item\":\"https:\/\/www.urlaubcornwall.de\/blog\/\"},{\"@type\":\"ListItem\",\"position\":2,\"name\":\"Top 5 Sch\u00f6nsten Str\u00e4nde in Wales\"}]}]}<\/script>\n<!-- \/ Yoast SEO plugin. -->","yoast_head_json":{"title":"Top 5 Sch\u00f6nsten Str\u00e4nde in Wales - Urlaub &amp; Reisen","robots":{"index":"index","follow":"follow","max-snippet":"max-snippet:-1","max-image-preview":"max-image-preview:large","max-video-preview":"max-video-preview:-1"},"canonical":"https:\/\/www.urlaubcornwall.de\/blog\/5-grossartige-straende-wales\/","og_locale":"en_US","og_type":"article","og_title":"Top 5 Sch\u00f6nsten Str\u00e4nde in Wales - Urlaub &amp; Reisen","og_description":"Entdecken Sie die besten Str\u00e4nde in Wales! Wales ist nicht nur Land wundersch\u00f6ner gr\u00fcner H\u00fcgel, legend\u00e4rer Drachen und Riesen, die durchs Land ziehen, sondern es hat auch einige der besten Str\u00e4nde im UK. In der Tat wurden 39 der Str\u00e4nde in Wales mit der blauen Flagge ausgezeichnet, eine Ehre, die jenen geb\u00fchrt mit den h\u00f6chsten [&hellip;]","og_url":"https:\/\/www.urlaubcornwall.de\/blog\/5-grossartige-straende-wales\/","og_site_name":"Urlaub &amp; Reisen","article_modified_time":"2024-05-29T15:17:32+00:00","og_image":[{"url":"https:\/\/www.urlaubcornwall.de\/blog\/wp-content\/uploads\/2024\/03\/gower-halbinsel-wales-1.jpg"}],"twitter_card":"summary","twitter_misc":{"Est. reading time":"3 minutes"},"schema":{"@context":"https:\/\/schema.org","@graph":[{"@type":"WebSite","@id":"https:\/\/www.urlaubcornwall.de\/blog\/#website","url":"https:\/\/www.urlaubcornwall.de\/blog\/","name":"Urlaub &amp; Reisen","description":"Urlaub, Reisen, Cornwall und S\u00fcdengland: eine perfekte Kombination","potentialAction":[{"@type":"SearchAction","target":{"@type":"EntryPoint","urlTemplate":"https:\/\/www.urlaubcornwall.de\/blog\/?s={search_term_string}"},"query-input":"required name=search_term_string"}],"inLanguage":"en-US"},{"@type":"WebPage","@id":"https:\/\/www.urlaubcornwall.de\/blog\/5-grossartige-straende-wales\/","url":"https:\/\/www.urlaubcornwall.de\/blog\/5-grossartige-straende-wales\/","name":"Top 5 Sch\u00f6nsten Str\u00e4nde in Wales - Urlaub &amp; Reisen","isPartOf":{"@id":"https:\/\/www.urlaubcornwall.de\/blog\/#website"},"datePublished":"2017-06-09T14:33:21+00:00","dateModified":"2024-05-29T15:17:32+00:00","breadcrumb":{"@id":"https:\/\/www.urlaubcornwall.de\/blog\/5-grossartige-straende-wales\/#breadcrumb"},"inLanguage":"en-US","potentialAction":[{"@type":"ReadAction","target":["https:\/\/www.urlaubcornwall.de\/blog\/5-grossartige-straende-wales\/"]}]},{"@type":"BreadcrumbList","@id":"https:\/\/www.urlaubcornwall.de\/blog\/5-grossartige-straende-wales\/#breadcrumb","itemListElement":[{"@type":"ListItem","position":1,"name":"Home","item":"https:\/\/www.urlaubcornwall.de\/blog\/"},{"@type":"ListItem","position":2,"name":"Top 5 Sch\u00f6nsten Str\u00e4nde in Wales"}]}]}},"_links":{"self":[{"href":"https:\/\/www.urlaubcornwall.de\/blog\/wp-json\/wp\/v2\/pages\/27931"}],"collection":[{"href":"https:\/\/www.urlaubcornwall.de\/blog\/wp-json\/wp\/v2\/pages"}],"about":[{"href":"https:\/\/www.urlaubcornwall.de\/blog\/wp-json\/wp\/v2\/types\/page"}],"author":[{"embeddable":true,"href":"https:\/\/www.urlaubcornwall.de\/blog\/wp-json\/wp\/v2\/users\/1"}],"replies":[{"embeddable":true,"href":"https:\/\/www.urlaubcornwall.de\/blog\/wp-json\/wp\/v2\/comments?post=27931"}],"version-history":[{"count":12,"href":"https:\/\/www.urlaubcornwall.de\/blog\/wp-json\/wp\/v2\/pages\/27931\/revisions"}],"predecessor-version":[{"id":50730,"href":"https:\/\/www.urlaubcornwall.de\/blog\/wp-json\/wp\/v2\/pages\/27931\/revisions\/50730"}],"wp:attachment":[{"href":"https:\/\/www.urlaubcornwall.de\/blog\/wp-json\/wp\/v2\/media?parent=27931"}],"curies":[{"name":"wp","href":"https:\/\/api.w.org\/{rel}","templated":true}]}}