{"id":27917,"date":"2017-06-09T13:20:16","date_gmt":"2017-06-09T13:20:16","guid":{"rendered":"https:\/\/www.urlaubcornwall.de\/blog\/?page_id=27917"},"modified":"2019-03-29T14:28:35","modified_gmt":"2019-03-29T14:28:35","slug":"suchen-sie-das-ultimative-luxusurlaubscottage-grossbritannien","status":"publish","type":"page","link":"https:\/\/www.urlaubcornwall.de\/blog\/suchen-sie-das-ultimative-luxusurlaubscottage-grossbritannien\/","title":{"rendered":"Suchen Sie das ultimative Luxusurlaubscottage in Gro\u00dfbritannien?"},"content":{"rendered":"<p><img loading=\"lazy\" class=\"aligncenter size-full wp-image-27918\" src=\"https:\/\/www.urlaubcornwall.de\/blog\/wp-content\/uploads\/2017\/06\/Idleour-main-blog.jpg\" alt=\"ultimative Luxusurlaubscottage in Gro\u00dfbritannien\" height=\"500\" width=\"746\"\/><\/p>\n<p>Wir haben 11 hervorragende Geb\u00e4ude ausgew\u00e4hlt in ganz <strong><a href=\"https:\/\/www.urlaubcornwall.de\/ferienhaeuser\/suedengland.php\">England<\/a>, <a href=\"https:\/\/www.urlaubcornwall.de\/ferienhaeuser\/schottland.php\">Schottland<\/a><\/strong> und <strong><a href=\"https:\/\/www.urlaubcornwall.de\/ferienhaeuser\/wales.php\">Wales<\/a><\/strong>, die garantiert beeindrucken werden.<\/p>\n<p><img loading=\"lazy\" class=\"aligncenter size-full wp-image-27920\" src=\"https:\/\/www.urlaubcornwall.de\/blog\/wp-content\/uploads\/2017\/06\/The-Tower.jpg\" alt=\"Luxus Ferienhaus Scottish Borders\" height=\"450\" width=\"745\"\/><\/p>\n<p><a href=\"https:\/\/www.urlaubcornwall.de\/ferienhaeuser-fewos\/sco\/suedschottland\/suedschottland.html\"><strong>Scottish Borders<\/strong><\/a><\/p>\n<p>The Tower ist ein herrschaftliches Schloss auf privatem Grund in Selkirk an der schottischen Grenze. Machen Sie in diesem Geb\u00e4ude des 16. Jahrhunderts eine Zeitreise zur\u00fcck, dazu eine atemberaubende Landschaft. Diese wahrhaft einzigartige Unterkunft beherbergt 11 Personen und bietet einen ruhigen Unterschlupf im wundersch\u00f6nen Schottland.<\/p>\n<p><img loading=\"lazy\" class=\"aligncenter size-full wp-image-27921\" src=\"https:\/\/www.urlaubcornwall.de\/blog\/wp-content\/uploads\/2017\/06\/Forth-Bridges-View.jpg\" alt=\"Luxus Ferienhaus Schottland\" height=\"513\" width=\"745\"\/><\/p>\n<p><strong><a href=\"https:\/\/www.urlaubcornwall.de\/ferienhaeuser-fewos\/sco\/edinburgh-and-lothians\/edinburgh-and-lothians.html\">Edinburgh, Schottland<\/a><br \/>\n<\/strong><\/p>\n<p>Forth Bridges View ist Einzigartigkeit, Stil und Luxus in einem. Von Edinburgh aus direkt \u00fcber dem Wasser gelegen auf privatem und ruhigem Grundst\u00fcck mit nahtlosem Bick \u00fcber die Forth Eisenbahnbr\u00fccke hinweg, hat es f\u00fcnf Zimmer und besticht mit einer herrlichen Terrassent\u00fcr zum Freisitz und Garten hinaus, um die spektakul\u00e4re Landschaft zu genie\u00dfen.<\/p>\n<p><img loading=\"lazy\" class=\"aligncenter size-full wp-image-27919\" src=\"https:\/\/www.urlaubcornwall.de\/blog\/wp-content\/uploads\/2017\/06\/Thimble-Mill.jpg\" alt=\"Luxus Ferienhaus Cotswolds\" height=\"450\" width=\"745\"\/><\/p>\n<p><a href=\"https:\/\/www.urlaubcornwall.de\/ferienhaeuser\/cotswolds.php\"><strong>Die Cotswolds<\/strong><\/a><\/p>\n<p>Thimble Mill ist ein spektakul\u00e4res Cottage in einem von Englands wundersch\u00f6nsten D\u00f6rfern, Lower Slaughter. Perfekt gelegen, um Gloucestershire und die Cotswolds zu erkunden, verbindet dieses Cottage Luxus mit traditionellen Elementen und beherbergt zwei G\u00e4ste.<\/p>\n<p><img loading=\"lazy\" class=\"aligncenter size-full wp-image-27918\" src=\"https:\/\/www.urlaubcornwall.de\/blog\/wp-content\/uploads\/2017\/06\/Idleour-main-blog.jpg\" alt=\"Luxus Ferienhaus Cornwall\" height=\"500\" width=\"745\"\/><\/p>\n<p><a href=\"https:\/\/www.urlaubcornwall.de\/ferienhaeuser\/cornwall.php\"><strong>S\u00fcd Cornwall<\/strong><\/a><\/p>\n<p>Mit atemberaubendem Blick \u00fcber Whitsand Beach ist Ideleour ein wahrhaftig luxuri\u00f6ses Geb\u00e4ude in S\u00fcdcornwall mit \u00dcbernachtungsm\u00f6glichkeit f\u00fcr vier G\u00e4ste. An der Tregonhawke Klippe gelegen, liegt das Geb\u00e4ude abgeschieden und ist somit der perfekte R\u00fcckzugsort an der K\u00fcste. Schlendern Sie die K\u00fcste entlang, um Looe, Polperro und Falmouth zu erkunden.<\/p>\n<p><img loading=\"lazy\" class=\"aligncenter size-full wp-image-27922\" src=\"https:\/\/www.urlaubcornwall.de\/blog\/wp-content\/uploads\/2017\/06\/Norway-Lodge.jpg\" alt=\"Luxus Ferienhaus Dorset\" height=\"450\" width=\"745\"\/><\/p>\n<p><strong><a href=\"https:\/\/www.urlaubcornwall.de\/ferienhaeuser-fewos\/eng\/dorset\/dorchester.html\">Dorchester, Dorset<\/a><br \/>\n<\/strong><\/p>\n<p>Norway Lodge ist ein einzigartiges Geb\u00e4ude in Dorchester. Eingeschmiegt ins l\u00e4ndliche Dorf Ansty auf dem Lande in Dorset, ist dieses Blockhaus umgeben von Weihnachtsb\u00e4umen und hat einen Hot Tub, von dem aus der Blick bewundert werden kann. Etwas anders und hochluxuri\u00f6s, ist Norway Lodge eine feine Wahl f\u00fcr Ihren Urlaub.<\/p>\n<p><img loading=\"lazy\" class=\"aligncenter size-full wp-image-27923\" src=\"https:\/\/www.urlaubcornwall.de\/blog\/wp-content\/uploads\/2017\/06\/Elthel.jpg\" alt=\"Luxus Ferienhaus York\" height=\"450\" width=\"745\"\/><\/p>\n<p><strong><a href=\"https:\/\/www.urlaubcornwall.de\/ferienhaeuser-fewos\/eng\/yorkshire\/york.html\">York, Yorkshire<\/a><br \/>\n<\/strong><\/p>\n<p>Ethel\u2019s Escape ist ein wundersch\u00f6nes traditionelles Cottage am Fu\u00dfe der Yorkshire Wolds. Begeben Sie sich in die charmante Stadt York, die lediglich Momente entfernt ist. Das Cottage hat einen gem\u00fctlichen Holzofen und ein Spielezimmer.<\/p>\n<p><img loading=\"lazy\" class=\"aligncenter size-full wp-image-27924\" src=\"https:\/\/www.urlaubcornwall.de\/blog\/wp-content\/uploads\/2017\/06\/Surf-View-Apartment.jpg\" alt=\"Luxus Ferienhaus Devon am Meer\" height=\"450\" width=\"745\"\/><\/p>\n<p><strong><a href=\"https:\/\/www.urlaubcornwall.de\/ferienhaeuser-fewos\/eng\/nord-devon\/nord-devon.html\">Nord Devon am Meer<\/a><br \/>\n<\/strong><\/p>\n<p>Passend benannt aufgrund seiner N\u00e4he zum Hauptsurfstrand von Westward Ho!, ist dieses Luxusappartement wahrhaft spektakul\u00e4r. Surf View Appartement erstreckt sich \u00fcber zwei Stockwerke und hat nahtlosen Meeresblick und \u00dcbernachtungsm\u00f6glichkeit f\u00fcr vier Personen. Das Appartement ist eine perfekte Ausgangsbasis, um Norddevon zu erkunden.<\/p>\n<p><img loading=\"lazy\" class=\"aligncenter size-full wp-image-27925\" src=\"https:\/\/www.urlaubcornwall.de\/blog\/wp-content\/uploads\/2017\/06\/The-Apple-Tree.jpg\" alt=\"Luxus Ferienhaus Norfolk\" height=\"450\" width=\"745\"\/><\/p>\n<p><a href=\"https:\/\/www.urlaubcornwall.de\/ferienhaeuser-fewos\/eng\/norfolk\/norfolk.html\"><strong>K\u00fcste Norfolks<\/strong><\/a><\/p>\n<p>The Apple House ist ein entz\u00fcckendes Geb\u00e4ude an der K\u00fcste Norfolks. Dieses herrliche Geb\u00e4ude hat ein Innenschwimmbad und reicht zur\u00fcck ins Jahr 1593 und verbindet behutsam Alt und Neu. Erkunden Sie das urige Dorf Bacton und die spektakul\u00e4re K\u00fcste Norfolks und genie\u00dfen Sie die zahlreichen luxuri\u00f6sen Elemente des Geb\u00e4udes. The Apple House beherbergt 7 Personen.<\/p>\n<p><img loading=\"lazy\" class=\"aligncenter size-full wp-image-27926\" src=\"https:\/\/www.urlaubcornwall.de\/blog\/wp-content\/uploads\/2017\/06\/Westholm.jpg\" alt=\"Luxus Ferienhaus Somerset am Meer\" height=\"450\" width=\"745\"\/><\/p>\n<p><strong><a href=\"https:\/\/www.urlaubcornwall.de\/ferienhaeuser-fewos\/eng\/somerset\/somerset-am-meer.html\">Somerset am Meer, S\u00fcdwestengland<\/a><br \/>\n<\/strong><\/p>\n<p>Westholm ist ein au\u00dferordentliches Geb\u00e4ude am Strand in Brean an der K\u00fcste Somersets. Perfekt geeignet f\u00fcr jene, die die Mendip Hills erkunden m\u00f6chten, die Quantock Hills oder den Exmoor Nationalpark. Westholm ist die ultimative Luxus-Ausgangsbasis. Das Cottage beherbergt 10 Personen und hat einen gem\u00fctlichen Holzofen, sowie Blick \u00fcbers Wasser.<\/p>\n<p><img loading=\"lazy\" class=\"aligncenter size-full wp-image-27927\" src=\"https:\/\/www.urlaubcornwall.de\/blog\/wp-content\/uploads\/2017\/06\/Rockcragg-Hall.jpg\" alt=\"Luxus Ferienhaus Lake District\" height=\"450\" width=\"745\"\/><\/p>\n<p><a href=\"https:\/\/www.urlaubcornwall.de\/ferienhaeuser-fewos\/eng\/cumbria\/cumbria-luxus-unterkuenfte.html\"><strong>Luxus Ferienhaus im Lake District<\/strong><\/a><\/p>\n<p>Dieses luxuri\u00f6se Herrenhaus befindet sich im herrlichen Lake District. Perfekt geeignet f\u00fcr Familienzusammenk\u00fcnfte, reicht Rockcragg Hall zur\u00fcck ins 16. Jahrhundert und befindet sich bei Grange-Over-Sands, Windermere und Kendal. Erkunden Sie Attraktionen vor Ort, einschlie\u00dflich Beatrix Potter, bevor Sie zur\u00fcckfahren, um die luxuri\u00f6sen M\u00f6glichkeiten zu genie\u00dfen, einschlie\u00dflich des Spielezimmers. Rockcragg Hall beherbergt 14 Personen.<\/p>\n<p><img loading=\"lazy\" class=\"aligncenter size-full wp-image-27928\" src=\"https:\/\/www.urlaubcornwall.de\/blog\/wp-content\/uploads\/2017\/06\/Elan-Valley.jpg\" alt=\"Luxus Ferienhaus Wales\" height=\"450\" width=\"745\"\/><\/p>\n<p><a href=\"https:\/\/www.urlaubcornwall.de\/ferienhaeuser\/wales.php\"><strong>Luxus Ferienhaus Mittel von Wales<\/strong><\/a><\/p>\n<p>Im Herzen des Elan Valley in der Mitte von Wales gelegen, ist dies ein absolut entz\u00fcckendes denkmalgesch\u00fctztes Cottage. Umgeben von Wald und sanfter Landschaft, eignet sich Elan Valley perfekt f\u00fcr jene, die die bemerkenswerte Landschaft zu erkunden w\u00fcnschen. Das Geb\u00e4ude beherbergt 6 und bietet M\u00f6glichkeiten zum Angeln.<\/p>\n<p>Schauen Sie sich unsere Gesamtauswahl an <a href=\"https:\/\/www.urlaubcornwall.de\/ferienhaeuser.php\"><strong>Luxusunterk\u00fcnften hier an<\/strong><\/a>.<\/p>\n<p><img loading=\"lazy\" class=\"aligncenter size-full wp-image-24598\" src=\"https:\/\/www.urlaubcornwall.de\/blog\/wp-content\/uploads\/2016\/06\/urlaub-und-gro\u00dfbritannien_logo_final.jpg\" alt=\"\" height=\"361\" width=\"746\" srcset=\"https:\/\/www.urlaubcornwall.de\/blog\/wp-content\/uploads\/2016\/06\/urlaub-und-gro\u00dfbritannien_logo_final.jpg 746w, https:\/\/www.urlaubcornwall.de\/blog\/wp-content\/uploads\/2016\/06\/urlaub-und-gro\u00dfbritannien_logo_final-300x145.jpg 300w\" sizes=\"(max-width: 746px) 100vw, 746px\" \/><\/p>\n","protected":false},"excerpt":{"rendered":"<p>Wir haben 11 hervorragende Geb\u00e4ude ausgew\u00e4hlt in ganz England, Schottland und Wales, die garantiert beeindrucken werden. Scottish Borders The Tower ist ein herrschaftliches Schloss auf privatem Grund in Selkirk an der schottischen Grenze. Machen Sie in diesem Geb\u00e4ude des 16. Jahrhunderts eine Zeitreise zur\u00fcck, dazu eine atemberaubende Landschaft. Diese wahrhaft einzigartige Unterkunft beherbergt 11 Personen [&hellip;]<\/p>\n","protected":false},"author":1,"featured_media":0,"parent":0,"menu_order":0,"comment_status":"closed","ping_status":"closed","template":"single-four.php","meta":[],"acf":[],"yoast_head":"<!-- This site is optimized with the Yoast SEO plugin v19.4 - https:\/\/yoast.com\/wordpress\/plugins\/seo\/ -->\n<title>Suchen Sie das ultimative Luxusurlaubscottage in Gro\u00dfbritannien? - Urlaub &amp; Reisen<\/title>\n<meta name=\"robots\" content=\"index, follow, max-snippet:-1, max-image-preview:large, max-video-preview:-1\" \/>\n<link rel=\"canonical\" href=\"https:\/\/www.urlaubcornwall.de\/blog\/suchen-sie-das-ultimative-luxusurlaubscottage-grossbritannien\/\" \/>\n<meta property=\"og:locale\" content=\"en_US\" \/>\n<meta property=\"og:type\" content=\"article\" \/>\n<meta property=\"og:title\" content=\"Suchen Sie das ultimative Luxusurlaubscottage in Gro\u00dfbritannien? - Urlaub &amp; Reisen\" \/>\n<meta property=\"og:description\" content=\"Wir haben 11 hervorragende Geb\u00e4ude ausgew\u00e4hlt in ganz England, Schottland und Wales, die garantiert beeindrucken werden. Scottish Borders The Tower ist ein herrschaftliches Schloss auf privatem Grund in Selkirk an der schottischen Grenze. Machen Sie in diesem Geb\u00e4ude des 16. Jahrhunderts eine Zeitreise zur\u00fcck, dazu eine atemberaubende Landschaft. Diese wahrhaft einzigartige Unterkunft beherbergt 11 Personen [&hellip;]\" \/>\n<meta property=\"og:url\" content=\"https:\/\/www.urlaubcornwall.de\/blog\/suchen-sie-das-ultimative-luxusurlaubscottage-grossbritannien\/\" \/>\n<meta property=\"og:site_name\" content=\"Urlaub &amp; Reisen\" \/>\n<meta property=\"article:modified_time\" content=\"2019-03-29T14:28:35+00:00\" \/>\n<meta property=\"og:image\" content=\"https:\/\/www.urlaubcornwall.de\/blog\/wp-content\/uploads\/2017\/06\/Idleour-main-blog.jpg\" \/>\n<meta name=\"twitter:card\" content=\"summary\" \/>\n<meta name=\"twitter:label1\" content=\"Est. reading time\" \/>\n\t<meta name=\"twitter:data1\" content=\"3 minutes\" \/>\n<script type=\"application\/ld+json\" class=\"yoast-schema-graph\">{\"@context\":\"https:\/\/schema.org\",\"@graph\":[{\"@type\":\"WebSite\",\"@id\":\"https:\/\/www.urlaubcornwall.de\/blog\/#website\",\"url\":\"https:\/\/www.urlaubcornwall.de\/blog\/\",\"name\":\"Urlaub &amp; Reisen\",\"description\":\"Urlaub, Reisen, Cornwall und S\u00fcdengland: eine perfekte Kombination\",\"potentialAction\":[{\"@type\":\"SearchAction\",\"target\":{\"@type\":\"EntryPoint\",\"urlTemplate\":\"https:\/\/www.urlaubcornwall.de\/blog\/?s={search_term_string}\"},\"query-input\":\"required name=search_term_string\"}],\"inLanguage\":\"en-US\"},{\"@type\":\"WebPage\",\"@id\":\"https:\/\/www.urlaubcornwall.de\/blog\/suchen-sie-das-ultimative-luxusurlaubscottage-grossbritannien\/\",\"url\":\"https:\/\/www.urlaubcornwall.de\/blog\/suchen-sie-das-ultimative-luxusurlaubscottage-grossbritannien\/\",\"name\":\"Suchen Sie das ultimative Luxusurlaubscottage in Gro\u00dfbritannien? - Urlaub &amp; Reisen\",\"isPartOf\":{\"@id\":\"https:\/\/www.urlaubcornwall.de\/blog\/#website\"},\"datePublished\":\"2017-06-09T13:20:16+00:00\",\"dateModified\":\"2019-03-29T14:28:35+00:00\",\"breadcrumb\":{\"@id\":\"https:\/\/www.urlaubcornwall.de\/blog\/suchen-sie-das-ultimative-luxusurlaubscottage-grossbritannien\/#breadcrumb\"},\"inLanguage\":\"en-US\",\"potentialAction\":[{\"@type\":\"ReadAction\",\"target\":[\"https:\/\/www.urlaubcornwall.de\/blog\/suchen-sie-das-ultimative-luxusurlaubscottage-grossbritannien\/\"]}]},{\"@type\":\"BreadcrumbList\",\"@id\":\"https:\/\/www.urlaubcornwall.de\/blog\/suchen-sie-das-ultimative-luxusurlaubscottage-grossbritannien\/#breadcrumb\",\"itemListElement\":[{\"@type\":\"ListItem\",\"position\":1,\"name\":\"Home\",\"item\":\"https:\/\/www.urlaubcornwall.de\/blog\/\"},{\"@type\":\"ListItem\",\"position\":2,\"name\":\"Suchen Sie das ultimative Luxusurlaubscottage in Gro\u00dfbritannien?\"}]}]}<\/script>\n<!-- \/ Yoast SEO plugin. -->","yoast_head_json":{"title":"Suchen Sie das ultimative Luxusurlaubscottage in Gro\u00dfbritannien? - Urlaub &amp; Reisen","robots":{"index":"index","follow":"follow","max-snippet":"max-snippet:-1","max-image-preview":"max-image-preview:large","max-video-preview":"max-video-preview:-1"},"canonical":"https:\/\/www.urlaubcornwall.de\/blog\/suchen-sie-das-ultimative-luxusurlaubscottage-grossbritannien\/","og_locale":"en_US","og_type":"article","og_title":"Suchen Sie das ultimative Luxusurlaubscottage in Gro\u00dfbritannien? - Urlaub &amp; Reisen","og_description":"Wir haben 11 hervorragende Geb\u00e4ude ausgew\u00e4hlt in ganz England, Schottland und Wales, die garantiert beeindrucken werden. Scottish Borders The Tower ist ein herrschaftliches Schloss auf privatem Grund in Selkirk an der schottischen Grenze. Machen Sie in diesem Geb\u00e4ude des 16. Jahrhunderts eine Zeitreise zur\u00fcck, dazu eine atemberaubende Landschaft. Diese wahrhaft einzigartige Unterkunft beherbergt 11 Personen [&hellip;]","og_url":"https:\/\/www.urlaubcornwall.de\/blog\/suchen-sie-das-ultimative-luxusurlaubscottage-grossbritannien\/","og_site_name":"Urlaub &amp; Reisen","article_modified_time":"2019-03-29T14:28:35+00:00","og_image":[{"url":"https:\/\/www.urlaubcornwall.de\/blog\/wp-content\/uploads\/2017\/06\/Idleour-main-blog.jpg"}],"twitter_card":"summary","twitter_misc":{"Est. reading time":"3 minutes"},"schema":{"@context":"https:\/\/schema.org","@graph":[{"@type":"WebSite","@id":"https:\/\/www.urlaubcornwall.de\/blog\/#website","url":"https:\/\/www.urlaubcornwall.de\/blog\/","name":"Urlaub &amp; Reisen","description":"Urlaub, Reisen, Cornwall und S\u00fcdengland: eine perfekte Kombination","potentialAction":[{"@type":"SearchAction","target":{"@type":"EntryPoint","urlTemplate":"https:\/\/www.urlaubcornwall.de\/blog\/?s={search_term_string}"},"query-input":"required name=search_term_string"}],"inLanguage":"en-US"},{"@type":"WebPage","@id":"https:\/\/www.urlaubcornwall.de\/blog\/suchen-sie-das-ultimative-luxusurlaubscottage-grossbritannien\/","url":"https:\/\/www.urlaubcornwall.de\/blog\/suchen-sie-das-ultimative-luxusurlaubscottage-grossbritannien\/","name":"Suchen Sie das ultimative Luxusurlaubscottage in Gro\u00dfbritannien? - Urlaub &amp; Reisen","isPartOf":{"@id":"https:\/\/www.urlaubcornwall.de\/blog\/#website"},"datePublished":"2017-06-09T13:20:16+00:00","dateModified":"2019-03-29T14:28:35+00:00","breadcrumb":{"@id":"https:\/\/www.urlaubcornwall.de\/blog\/suchen-sie-das-ultimative-luxusurlaubscottage-grossbritannien\/#breadcrumb"},"inLanguage":"en-US","potentialAction":[{"@type":"ReadAction","target":["https:\/\/www.urlaubcornwall.de\/blog\/suchen-sie-das-ultimative-luxusurlaubscottage-grossbritannien\/"]}]},{"@type":"BreadcrumbList","@id":"https:\/\/www.urlaubcornwall.de\/blog\/suchen-sie-das-ultimative-luxusurlaubscottage-grossbritannien\/#breadcrumb","itemListElement":[{"@type":"ListItem","position":1,"name":"Home","item":"https:\/\/www.urlaubcornwall.de\/blog\/"},{"@type":"ListItem","position":2,"name":"Suchen Sie das ultimative Luxusurlaubscottage in Gro\u00dfbritannien?"}]}]}},"_links":{"self":[{"href":"https:\/\/www.urlaubcornwall.de\/blog\/wp-json\/wp\/v2\/pages\/27917"}],"collection":[{"href":"https:\/\/www.urlaubcornwall.de\/blog\/wp-json\/wp\/v2\/pages"}],"about":[{"href":"https:\/\/www.urlaubcornwall.de\/blog\/wp-json\/wp\/v2\/types\/page"}],"author":[{"embeddable":true,"href":"https:\/\/www.urlaubcornwall.de\/blog\/wp-json\/wp\/v2\/users\/1"}],"replies":[{"embeddable":true,"href":"https:\/\/www.urlaubcornwall.de\/blog\/wp-json\/wp\/v2\/comments?post=27917"}],"version-history":[{"count":7,"href":"https:\/\/www.urlaubcornwall.de\/blog\/wp-json\/wp\/v2\/pages\/27917\/revisions"}],"predecessor-version":[{"id":36908,"href":"https:\/\/www.urlaubcornwall.de\/blog\/wp-json\/wp\/v2\/pages\/27917\/revisions\/36908"}],"wp:attachment":[{"href":"https:\/\/www.urlaubcornwall.de\/blog\/wp-json\/wp\/v2\/media?parent=27917"}],"curies":[{"name":"wp","href":"https:\/\/api.w.org\/{rel}","templated":true}]}}