{"id":27914,"date":"2017-06-09T10:39:40","date_gmt":"2017-06-09T10:39:40","guid":{"rendered":"https:\/\/www.urlaubcornwall.de\/blog\/?page_id=27914"},"modified":"2024-05-29T15:18:12","modified_gmt":"2024-05-29T15:18:12","slug":"die-besten-schlosshotels-schottland","status":"publish","type":"page","link":"https:\/\/www.urlaubcornwall.de\/blog\/die-besten-schlosshotels-schottland\/","title":{"rendered":"Die besten Schlosshotels in Schottland"},"content":{"rendered":"<p><strong><img loading=\"lazy\" class=\"aligncenter size-full wp-image-27915\" src=\"https:\/\/www.urlaubcornwall.de\/blog\/wp-content\/uploads\/2017\/06\/donan-schloss.jpg\" alt=\"Die besten Schlosshotels in Schottland\" width=\"748\" height=\"394\" srcset=\"https:\/\/www.urlaubcornwall.de\/blog\/wp-content\/uploads\/2017\/06\/donan-schloss.jpg 746w, https:\/\/www.urlaubcornwall.de\/blog\/wp-content\/uploads\/2017\/06\/donan-schloss-300x158.jpg 300w\" sizes=\"(max-width: 748px) 100vw, 748px\" \/><\/strong><\/p>\n<p style=\"text-align: left;\">Ein Urlaub oder eine Rundreise und dabei in einem von Schottlands romantischen und ikonischen Schlosshotels zu wohnen, ist der Traum Vieler. Sie bieten den besten See- und Bergesblick, vielf\u00e4ltige Geschichte, hundefreundlichen Service, Spas und feines Speiseerlebnis an Orten wie dem Loch Lomond, Loch Fyne, der Isle of Mull und dem Trossachs Nationalpark.<\/p>\n<h1><span style=\"text-decoration: underline;\"><a href=\"https:\/\/www.booking.com\/hotel\/gb\/inverlochy-castle.html?aid=1320750&amp;no_rooms=1&amp;group_adults=2&amp;room1=A%2CA\" rel=\"nofollow\"><strong>Inverlochy Castle, Fort William, Highlands<\/strong><\/a><\/span><\/h1>\n<p>Am Fu\u00dfe von Ben Nevis gelegen, umgeben von einem Kreis an Highland Gipfeln, ist dies ein Ort ruhiger Sch\u00f6nheit, und die getriebige und gesch\u00e4ftige Touristenstadt Fort William l\u00e4sst sich nicht erahnen, wobei sie doch nur eine oder zwei Meilen entfernt liegt. K\u00f6nigin Viktoria sagte 1873, sie habe niemals einen herrlicheren oder romantischeren Flecken gesehen als Inverlochy Castle, und es ist heute nach wie vor eindrucksvoll. Hier verneigt man sich nicht vor verg\u00e4nglicher Mode. Mit der Zeit gehen, bedeutet Wasserfallduschen, Bang &amp; Olufsen Stereos und Fernsehger\u00e4te, w\u00e4hrend der unverhohlene Landhausstil erhalten bleibt \u2013 ganz T\u00fccher, Vergoldungen, Seide und Brokat, glitzernde Kristalle, poliertes Holz und ein alles durchdringendes Gef\u00fchl, dass die Zeit stehen geblieben ist&#8230;.<a href=\"https:\/\/www.booking.com\/hotel\/gb\/inverlochy-castle.html?aid=1320750&amp;no_rooms=1&amp;group_adults=2&amp;room1=A%2CA\" rel=\"nofollow\">[ Mehr ]<\/a><\/p>\n<h1><span style=\"text-decoration: underline;\"><a href=\"https:\/\/www.booking.com\/hotel\/gb\/glenapp-castle.html?aid=1320750&amp;no_rooms=1&amp;group_adults=2&amp;room1=A%2CA\" rel=\"nofollow\"><strong>Glenapp Castle, Ballantrae, Ayrshire<\/strong><\/a><\/span><\/h1>\n<p>Ein feines Beispiel schottischer baronialer Pracht des 19. Jahrhunderts, in weitreichenden G\u00e4rten und Waldland gelegen. Es ist mehr Landhaus als Festung und bietet feines Speisen und Landsportarten. Es gibt einen Allwettertennisplatz, eine Kricketwiese, sowie Gummistiefel, Regenschirme und Regenjacken an der Haust\u00fcre, um das Grundst\u00fcck erkunden zu k\u00f6nnen. Falknereivorf\u00fchrungen sind auf Nachfrage hin erh\u00e4ltlich; es gibt Gewehre und Angelruten f\u00fcr Fasane und Rebh\u00fchner auf dem Grundst\u00fcck und Lachse und Forellen in den nahe gelegenen Fl\u00fcssen. Sie k\u00f6nnen auch zum Meeresfischen ein Boot mieten. Ein Spa am Meer befindet sich eine kurze Autostrecke entfernt, sowie die Golfpl\u00e4tze Turnberry und Royal Troon&#8230;.<a href=\"https:\/\/www.booking.com\/hotel\/gb\/glenapp-castle.html?aid=1320750&amp;no_rooms=1&amp;group_adults=2&amp;room1=A%2CA\" rel=\"nofollow\">[ Mehr ]<\/a><\/p>\n<h1><span style=\"text-decoration: underline;\"><a href=\"https:\/\/www.booking.com\/hotel\/gb\/crossbasket-castle.html?aid=1320750&amp;no_rooms=1&amp;group_adults=2&amp;room1=A%2CA\" rel=\"nofollow\"><strong>Crossbasket Castle, High Blantyre, Lankarkshire<\/strong><\/a><\/span><\/h1>\n<p>Crossbasket Castle, ein prachtvolles, befestigtes Herrenhaus mit einem Turm des 16. Jahrhunderts und georgianischen und viktorianischen Anbauten, wurde vom ortsans\u00e4ssigen Gesch\u00e4ftsmann und Kunstsammler Steve Timoney und seiner Frau Alison Reid-Timoney mittels einer neun Millionen Pfund Restauration vor drohendem Zerfall gerettet. Es gibt neun R\u00e4ume, von gem\u00fctlichen Doppelzimmern bis hin zu prachtvollen Suiten, einige davon mit Kaminen, die allesamt mit klassischem Dekor, luxuri\u00f6sen Betten und gro\u00dfen Fenstern mit Blick \u00fcber das Grundst\u00fcck ein Gef\u00fchl von Komfort und Wohlgef\u00fchl hervorrufen. Mittags- und Abendmahlzeiten sind ein Fest f\u00fcr Augen und Geschmacksnerven mit Spezialgerichten wie Tartar vom Hirsch, Loch Awe Meeresforelle mit Seetang-Consomm\u00e9 und Borders Lammkeulen&#8230;.<a href=\"https:\/\/www.booking.com\/hotel\/gb\/crossbasket-castle.html?aid=1320750&amp;no_rooms=1&amp;group_adults=2&amp;room1=A%2CA\" rel=\"nofollow\">[ Mehr ]<\/a><\/p>\n<h1><span style=\"text-decoration: underline;\"><a href=\"https:\/\/www.booking.com\/hotel\/gb\/dalhousiecastleandspa.html?aid=1320750&amp;no_rooms=1&amp;group_adults=2&amp;room1=A%2CA\" rel=\"nofollow\"><strong>Dalhousie Castle, Bonnyrigg, Midlothian<\/strong><\/a><\/span><\/h1>\n<p>Dies ist das echte McCoy, Schottlands \u00e4ltestes bewohntes Schloss: es war Festung der H\u00e4uptlinge des Ramsay Clans; es hielt 1400 einem Angriff von Heinrich IV stand und wurde zwei Jahrhunderte sp\u00e4ter von Cromwell eingenommen. Mary, K\u00f6nigin der Schotten, verbrachte die Nacht hier, w\u00e4hrend sie durch ihr Reich reiste. Der Burggraben wurde aufgesch\u00fcttet, und die Zugbr\u00fccke ist verschwunden, doch eine eindrucksvolle Eingangshalle mit faux-gotischer Gew\u00f6lbedecke und kleiner majest\u00e4tischer Treppe liefert einen gro\u00dfartigen ersten Eindruck. Alte Speichergew\u00f6lbe wurden verwandelt in einen kleinen Spa, und G\u00e4ste k\u00f6nnen einen russischen Steppenadler oder einen t\u00fcrkischen Uhu von einer Falknerei auf dem Grundst\u00fcck aus fliegen lassen. Es befindet sich auf einem kleinen Grundst\u00fcck von Waldland und Rasenfl\u00e4chen an den Ufern des South Esk Flusses mit Blick \u00fcber die Grenzh\u00fcgel, 10 Meilen von Edinburgh entfernt&#8230;.<a href=\"https:\/\/www.booking.com\/hotel\/gb\/dalhousiecastleandspa.html?aid=1320750&amp;no_rooms=1&amp;group_adults=2&amp;room1=A%2CA\" rel=\"nofollow\">[ Mehr ]<\/a><\/p>\n<h1><span style=\"text-decoration: underline;\"><a href=\"https:\/\/www.booking.com\/hotel\/gb\/stonefieldcastlehotel.html?aid=1320750&amp;no_rooms=1&amp;group_adults=2&amp;room1=A%2CA\" rel=\"nofollow\"><strong>Stonefield Castle, Loch Fyne, Aygyll und Bute<\/strong><\/a><\/span><\/h1>\n<p>Stonefield Castle ist eine echte hochviktorianische baroniale Verr\u00fccktheit, die vor jahrelanger Vernachl\u00e4ssigung gerettet wurde; Wohnzimmer, Bibliothek und Bar erhielten eine sanfte Auffrischung und haben sich doch ihren viktorianischen Charakter bewahrt mit knisternden Holzfeuern, Hirschgeweihen, Deckenpanelen und Kerzenlicht. Es ist beneidenswert auf der Kintyre Halbinsel gelegen, nahe der Fischerstadt Tarbert, mit himmlischem Blick \u00fcber Loch Fyne bis hin zu den dahinterliegenden H\u00fcgeln. Kommen Sie im Fr\u00fchling, wenn die bemerkenswerte Sammlung an Rhododendren und Azaleen atemberaubend sch\u00f6n aussieht. Erkunden Sie die private Insel, die Teil des Grundst\u00fccks darstellt \u2013 es ist ein herrlicher Ort, um Tierleben zu beobachten: Seehunde, Otter und unl\u00e4ngst auch einen Buckelwal&#8230;.<a href=\"https:\/\/www.booking.com\/hotel\/gb\/stonefieldcastlehotel.html?aid=1320750&amp;no_rooms=1&amp;group_adults=2&amp;room1=A%2CA\" rel=\"nofollow\">[ Mehr ]<\/a><\/p>\n<h1><span style=\"text-decoration: underline;\"><a href=\"https:\/\/www.booking.com\/hotel\/gb\/fonab-castle.html?aid=1320750&amp;no_rooms=1&amp;group_adults=2&amp;room1=A%2CA\" rel=\"nofollow\"><strong>Fonab Castle, Pitlochry, Perth &amp; Kinross<\/strong><\/a><\/span><\/h1>\n<p>Diese baronial schottische f\u00fcnf Sterne Pracht ist von Waldland umgeben und wurde 1892 f\u00fcr Lt Col George Sandeman, der Wein, Sherry und Port importierenden Familie, erbaut. Das Echo eines privilegierten viktorianischen Lebensstils klingt wieder in den W\u00e4nden mit dunklen Holzpanelen, der diskreten Beleuchtung und Tweed-gemusterten Teppichen in diesem original Sandstein-Herrenhaus. Moderne Erg\u00e4nzungen einer Lounge Bar und Brasserie bieten romantischen Blick auf den See, die W\u00e4lder und H\u00fcgel, die es Sir Walter Scott eines Gedichtes wert waren. Professionelle Angestellte sind unter anderem Portiers in Trachtenhosen, die Rat geben k\u00f6nnen zu Ausfl\u00fcgen und die Angel- und Jagderlaubnisse einholen k\u00f6nnen. Ein Spa hat einen beheizten Pool, Sauna, Dampfraum und eine Reihe von Anwendungen. Es befindet sich auf einem Hochland mit Blick \u00fcber Loch Faskaly, bewaldeten H\u00fcgeln im Hintergrund, die dominiert werden vom \u00fcberragenden Gipfel des Ben Vrackie. Es ist es wert, Extrakosten f\u00fcr Zimmer mit Seeblick auszugeben&#8230;.<a href=\"https:\/\/www.booking.com\/hotel\/gb\/fonab-castle.html?aid=1320750&amp;no_rooms=1&amp;group_adults=2&amp;room1=A%2CA\" rel=\"nofollow\">[ Mehr ]<\/a><\/p>\n<h2><strong>Eine Auswahl der besten Hotels in Schottland &#8211; Sonderangebote und Discounts<\/strong><\/h2>\n<p style=\"text-align: left;\">Schottland hat eine riesige Auswahl an 3- und 4-Sterne Hotels, und wir k\u00f6nnen das perfekte Hotel f\u00fcr Sie finden. F\u00fcr all diejenigen, die eine romantische Unterkunft suchen, gibt es auch luxuri\u00f6se Landg\u00fcter, wo Sie entspannen und die elegante Einrichtung genie\u00dfen k\u00f6nnen, preisgekr\u00f6nte Restaurants, verw\u00f6hnende Spa, sowie den Frieden und die Ruhe von Schottlands gro\u00dfartiger Natur.<\/p>\n<div class=\"snippet\"> <a class=\"featured-item\" href=\" https:\/\/www.urlaubcornwall.de\/ferienhaeuser\/schottland.php\"> <span class=\"image-holder\" style=\"background-image: url(' https:\/\/www.urlaubcornwall.de\/blog\/wp-content\/uploads\/2019\/01\/urlaub-schottland-highlands-1.jpg');\"><\/span> <span class=\"featured-content\"> \n<h2 class=\"featured-title\">Bei uns finden Sie Ferienh\u00e4user in Schottland zum Verlieben!<\/h2>\n<p class=\"featured-body\">Untenstehend finden Sie eine Auswahl an Ferienh\u00e4usern in Schottland. Hier finden Sie pers\u00f6nlich inspizierte Cottages entlang der schottischen K\u00fcste, in den schottischen Highlands und auf den Inseln&#8230;..<\/p>\n<\/span> <span class=\"featured-link-holder\"> <span class=\"featured-extra-info\"> \n<p>F\u00fcr Paare, Familien &#038; Gruppen<\/p>\n<\/span> \n<p class=\"featured-link\">DETAILS<\/p>\n<\/span> <\/a><\/div>\n<p>Wir gestalten einzigartige <a href=\"https:\/\/www.urlaubcornwall.de\/reiseziel\/schottland.php\">Rundreisen und Urlaube in Schottland<\/a> in lediglich den besten 4- und 5-Sterne Landhaushotels &amp; Schlosshotels. Mehr zu <a href=\"https:\/\/www.urlaubcornwall.de\/rundreisenservice.php\"><strong>unserem Service<\/strong><\/a> oder Ihre <a href=\"https:\/\/www.urlaubcornwall.de\/anfrage.php\"><strong>Anfrage stellen Sie bitte hier<\/strong><\/a>.<\/p>\n","protected":false},"excerpt":{"rendered":"<p>Ein Urlaub oder eine Rundreise und dabei in einem von Schottlands romantischen und ikonischen Schlosshotels zu wohnen, ist der Traum Vieler. Sie bieten den besten See- und Bergesblick, vielf\u00e4ltige Geschichte, hundefreundlichen Service, Spas und feines Speiseerlebnis an Orten wie dem Loch Lomond, Loch Fyne, der Isle of Mull und dem Trossachs Nationalpark. Inverlochy Castle, Fort [&hellip;]<\/p>\n","protected":false},"author":1,"featured_media":0,"parent":0,"menu_order":0,"comment_status":"closed","ping_status":"closed","template":"single-four.php","meta":[],"acf":[],"yoast_head":"<!-- This site is optimized with the Yoast SEO plugin v19.4 - https:\/\/yoast.com\/wordpress\/plugins\/seo\/ -->\n<title>Die besten Schlosshotels in Schottland - Urlaub &amp; Reisen<\/title>\n<meta name=\"robots\" content=\"index, follow, max-snippet:-1, max-image-preview:large, max-video-preview:-1\" \/>\n<link rel=\"canonical\" href=\"https:\/\/www.urlaubcornwall.de\/blog\/die-besten-schlosshotels-schottland\/\" \/>\n<meta property=\"og:locale\" content=\"en_US\" \/>\n<meta property=\"og:type\" content=\"article\" \/>\n<meta property=\"og:title\" content=\"Die besten Schlosshotels in Schottland - Urlaub &amp; Reisen\" \/>\n<meta property=\"og:description\" content=\"Ein Urlaub oder eine Rundreise und dabei in einem von Schottlands romantischen und ikonischen Schlosshotels zu wohnen, ist der Traum Vieler. Sie bieten den besten See- und Bergesblick, vielf\u00e4ltige Geschichte, hundefreundlichen Service, Spas und feines Speiseerlebnis an Orten wie dem Loch Lomond, Loch Fyne, der Isle of Mull und dem Trossachs Nationalpark. Inverlochy Castle, Fort [&hellip;]\" \/>\n<meta property=\"og:url\" content=\"https:\/\/www.urlaubcornwall.de\/blog\/die-besten-schlosshotels-schottland\/\" \/>\n<meta property=\"og:site_name\" content=\"Urlaub &amp; Reisen\" \/>\n<meta property=\"article:modified_time\" content=\"2024-05-29T15:18:12+00:00\" \/>\n<meta property=\"og:image\" content=\"https:\/\/www.urlaubcornwall.de\/blog\/wp-content\/uploads\/2017\/06\/donan-schloss.jpg\" \/>\n<meta name=\"twitter:card\" content=\"summary\" \/>\n<meta name=\"twitter:label1\" content=\"Est. reading time\" \/>\n\t<meta name=\"twitter:data1\" content=\"6 minutes\" \/>\n<script type=\"application\/ld+json\" class=\"yoast-schema-graph\">{\"@context\":\"https:\/\/schema.org\",\"@graph\":[{\"@type\":\"WebSite\",\"@id\":\"https:\/\/www.urlaubcornwall.de\/blog\/#website\",\"url\":\"https:\/\/www.urlaubcornwall.de\/blog\/\",\"name\":\"Urlaub &amp; Reisen\",\"description\":\"Urlaub, Reisen, Cornwall und S\u00fcdengland: eine perfekte Kombination\",\"potentialAction\":[{\"@type\":\"SearchAction\",\"target\":{\"@type\":\"EntryPoint\",\"urlTemplate\":\"https:\/\/www.urlaubcornwall.de\/blog\/?s={search_term_string}\"},\"query-input\":\"required name=search_term_string\"}],\"inLanguage\":\"en-US\"},{\"@type\":\"WebPage\",\"@id\":\"https:\/\/www.urlaubcornwall.de\/blog\/die-besten-schlosshotels-schottland\/\",\"url\":\"https:\/\/www.urlaubcornwall.de\/blog\/die-besten-schlosshotels-schottland\/\",\"name\":\"Die besten Schlosshotels in Schottland - Urlaub &amp; Reisen\",\"isPartOf\":{\"@id\":\"https:\/\/www.urlaubcornwall.de\/blog\/#website\"},\"datePublished\":\"2017-06-09T10:39:40+00:00\",\"dateModified\":\"2024-05-29T15:18:12+00:00\",\"breadcrumb\":{\"@id\":\"https:\/\/www.urlaubcornwall.de\/blog\/die-besten-schlosshotels-schottland\/#breadcrumb\"},\"inLanguage\":\"en-US\",\"potentialAction\":[{\"@type\":\"ReadAction\",\"target\":[\"https:\/\/www.urlaubcornwall.de\/blog\/die-besten-schlosshotels-schottland\/\"]}]},{\"@type\":\"BreadcrumbList\",\"@id\":\"https:\/\/www.urlaubcornwall.de\/blog\/die-besten-schlosshotels-schottland\/#breadcrumb\",\"itemListElement\":[{\"@type\":\"ListItem\",\"position\":1,\"name\":\"Home\",\"item\":\"https:\/\/www.urlaubcornwall.de\/blog\/\"},{\"@type\":\"ListItem\",\"position\":2,\"name\":\"Die besten Schlosshotels in Schottland\"}]}]}<\/script>\n<!-- \/ Yoast SEO plugin. -->","yoast_head_json":{"title":"Die besten Schlosshotels in Schottland - Urlaub &amp; Reisen","robots":{"index":"index","follow":"follow","max-snippet":"max-snippet:-1","max-image-preview":"max-image-preview:large","max-video-preview":"max-video-preview:-1"},"canonical":"https:\/\/www.urlaubcornwall.de\/blog\/die-besten-schlosshotels-schottland\/","og_locale":"en_US","og_type":"article","og_title":"Die besten Schlosshotels in Schottland - Urlaub &amp; Reisen","og_description":"Ein Urlaub oder eine Rundreise und dabei in einem von Schottlands romantischen und ikonischen Schlosshotels zu wohnen, ist der Traum Vieler. Sie bieten den besten See- und Bergesblick, vielf\u00e4ltige Geschichte, hundefreundlichen Service, Spas und feines Speiseerlebnis an Orten wie dem Loch Lomond, Loch Fyne, der Isle of Mull und dem Trossachs Nationalpark. Inverlochy Castle, Fort [&hellip;]","og_url":"https:\/\/www.urlaubcornwall.de\/blog\/die-besten-schlosshotels-schottland\/","og_site_name":"Urlaub &amp; Reisen","article_modified_time":"2024-05-29T15:18:12+00:00","og_image":[{"url":"https:\/\/www.urlaubcornwall.de\/blog\/wp-content\/uploads\/2017\/06\/donan-schloss.jpg"}],"twitter_card":"summary","twitter_misc":{"Est. reading time":"6 minutes"},"schema":{"@context":"https:\/\/schema.org","@graph":[{"@type":"WebSite","@id":"https:\/\/www.urlaubcornwall.de\/blog\/#website","url":"https:\/\/www.urlaubcornwall.de\/blog\/","name":"Urlaub &amp; Reisen","description":"Urlaub, Reisen, Cornwall und S\u00fcdengland: eine perfekte Kombination","potentialAction":[{"@type":"SearchAction","target":{"@type":"EntryPoint","urlTemplate":"https:\/\/www.urlaubcornwall.de\/blog\/?s={search_term_string}"},"query-input":"required name=search_term_string"}],"inLanguage":"en-US"},{"@type":"WebPage","@id":"https:\/\/www.urlaubcornwall.de\/blog\/die-besten-schlosshotels-schottland\/","url":"https:\/\/www.urlaubcornwall.de\/blog\/die-besten-schlosshotels-schottland\/","name":"Die besten Schlosshotels in Schottland - Urlaub &amp; Reisen","isPartOf":{"@id":"https:\/\/www.urlaubcornwall.de\/blog\/#website"},"datePublished":"2017-06-09T10:39:40+00:00","dateModified":"2024-05-29T15:18:12+00:00","breadcrumb":{"@id":"https:\/\/www.urlaubcornwall.de\/blog\/die-besten-schlosshotels-schottland\/#breadcrumb"},"inLanguage":"en-US","potentialAction":[{"@type":"ReadAction","target":["https:\/\/www.urlaubcornwall.de\/blog\/die-besten-schlosshotels-schottland\/"]}]},{"@type":"BreadcrumbList","@id":"https:\/\/www.urlaubcornwall.de\/blog\/die-besten-schlosshotels-schottland\/#breadcrumb","itemListElement":[{"@type":"ListItem","position":1,"name":"Home","item":"https:\/\/www.urlaubcornwall.de\/blog\/"},{"@type":"ListItem","position":2,"name":"Die besten Schlosshotels in Schottland"}]}]}},"_links":{"self":[{"href":"https:\/\/www.urlaubcornwall.de\/blog\/wp-json\/wp\/v2\/pages\/27914"}],"collection":[{"href":"https:\/\/www.urlaubcornwall.de\/blog\/wp-json\/wp\/v2\/pages"}],"about":[{"href":"https:\/\/www.urlaubcornwall.de\/blog\/wp-json\/wp\/v2\/types\/page"}],"author":[{"embeddable":true,"href":"https:\/\/www.urlaubcornwall.de\/blog\/wp-json\/wp\/v2\/users\/1"}],"replies":[{"embeddable":true,"href":"https:\/\/www.urlaubcornwall.de\/blog\/wp-json\/wp\/v2\/comments?post=27914"}],"version-history":[{"count":13,"href":"https:\/\/www.urlaubcornwall.de\/blog\/wp-json\/wp\/v2\/pages\/27914\/revisions"}],"predecessor-version":[{"id":50731,"href":"https:\/\/www.urlaubcornwall.de\/blog\/wp-json\/wp\/v2\/pages\/27914\/revisions\/50731"}],"wp:attachment":[{"href":"https:\/\/www.urlaubcornwall.de\/blog\/wp-json\/wp\/v2\/media?parent=27914"}],"curies":[{"name":"wp","href":"https:\/\/api.w.org\/{rel}","templated":true}]}}