{"id":27911,"date":"2017-06-09T10:32:55","date_gmt":"2017-06-09T10:32:55","guid":{"rendered":"https:\/\/www.urlaubcornwall.de\/blog\/?page_id=27911"},"modified":"2017-06-09T10:32:55","modified_gmt":"2017-06-09T10:32:55","slug":"die-schoensten-wellnesshotels-suedengland","status":"publish","type":"page","link":"https:\/\/www.urlaubcornwall.de\/blog\/die-schoensten-wellnesshotels-suedengland\/","title":{"rendered":"Die sch\u00f6nsten Wellnesshotels in S\u00fcdengland"},"content":{"rendered":"<p><img loading=\"lazy\" class=\"aligncenter size-full wp-image-27912\" src=\"https:\/\/www.urlaubcornwall.de\/blog\/wp-content\/uploads\/2017\/06\/Spa_Pool.jpg\" alt=\"Die sch\u00f6nsten Wellnesshotels in S\u00fcdengland \" height=\"341\" width=\"744\" srcset=\"https:\/\/www.urlaubcornwall.de\/blog\/wp-content\/uploads\/2017\/06\/Spa_Pool.jpg 744w, https:\/\/www.urlaubcornwall.de\/blog\/wp-content\/uploads\/2017\/06\/Spa_Pool-300x138.jpg 300w\" sizes=\"(max-width: 744px) 100vw, 744px\" \/><\/p>\n<p>Es gibt im S\u00fcden Englands viele Hotels, die Spas anbieten; jedoch ist da ein kleiner, doch feiner Unterschied zwischen \u2018Hotels mit Spa\u2019 und \u2018Spa-Hotels\u2019. Erstere bieten einige Spa M\u00f6glichkeiten \u2013 h\u00e4ufig ausgezeichnete \u2013 doch kann man nicht sagen, dass diese der Hauptanziehungspunkt des Hotels sind. Ein Spa der letzteren Kategorie, f\u00fcr gew\u00f6hnlich in einem separaten, zweckm\u00e4\u00dfig designten und oft wundersch\u00f6nen Geb\u00e4ude, ist Hauptgrund, weshalb viele Menschen diese Urlaubsunterkunft w\u00e4hlen.<\/p>\n<p>Diese \u00d6rtlichkeiten nehmen ihre Aufgaben sehr ernst, haben in die Zukunft denkende Manager und Therapeuten, die sowohl im Hause als auch von den Produktfirmen ausgebildet wurden, umfassendes Angebot, Speisenangebote, die genauso innovativ und gesundheitsf\u00f6rdernd sind wie die Behandlungen, Rituale und Therapien auf der Spa-Karte, Angebote f\u00fcr Paare, sowie eine zunehmende Betonung des Wohlf\u00fchlfaktors der gesamten Pers\u00f6nlichkeit.<\/p>\n<p>Wir gestalten einzigartige Rundreisen und Urlaube in S\u00fcdengland in lediglich den besten 4- und 5-Sterne Wellnesshotels. Mehr zu <a href=\"https:\/\/www.urlaubcornwall.de\/rundreisenservice.php\"><strong>unserem Service<\/strong><\/a> oder Ihre <a href=\"https:\/\/www.urlaubcornwall.de\/anfrage.php\"><strong>Anfrage stellen Sie bitte hier<\/strong><\/a>.<\/p>\n<p><img loading=\"lazy\" class=\"aligncenter size-full wp-image-24644\" src=\"https:\/\/www.urlaubcornwall.de\/blog\/wp-content\/uploads\/2016\/06\/urlaub-und-sudengland_logo-final.jpg\" alt=\"\" height=\"380\" width=\"746\"\/><\/p>\n","protected":false},"excerpt":{"rendered":"<p>Es gibt im S\u00fcden Englands viele Hotels, die Spas anbieten; jedoch ist da ein kleiner, doch feiner Unterschied zwischen \u2018Hotels mit Spa\u2019 und \u2018Spa-Hotels\u2019. Erstere bieten einige Spa M\u00f6glichkeiten \u2013 h\u00e4ufig ausgezeichnete \u2013 doch kann man nicht sagen, dass diese der Hauptanziehungspunkt des Hotels sind. Ein Spa der letzteren Kategorie, f\u00fcr gew\u00f6hnlich in einem separaten, [&hellip;]<\/p>\n","protected":false},"author":1,"featured_media":0,"parent":0,"menu_order":0,"comment_status":"closed","ping_status":"closed","template":"single-four.php","meta":[],"acf":[],"yoast_head":"<!-- This site is optimized with the Yoast SEO plugin v19.4 - https:\/\/yoast.com\/wordpress\/plugins\/seo\/ -->\n<title>Die sch\u00f6nsten Wellnesshotels in S\u00fcdengland - Urlaub &amp; Reisen<\/title>\n<meta name=\"robots\" content=\"index, follow, max-snippet:-1, max-image-preview:large, max-video-preview:-1\" \/>\n<link rel=\"canonical\" href=\"https:\/\/www.urlaubcornwall.de\/blog\/die-schoensten-wellnesshotels-suedengland\/\" \/>\n<meta property=\"og:locale\" content=\"en_US\" \/>\n<meta property=\"og:type\" content=\"article\" \/>\n<meta property=\"og:title\" content=\"Die sch\u00f6nsten Wellnesshotels in S\u00fcdengland - Urlaub &amp; Reisen\" \/>\n<meta property=\"og:description\" content=\"Es gibt im S\u00fcden Englands viele Hotels, die Spas anbieten; jedoch ist da ein kleiner, doch feiner Unterschied zwischen \u2018Hotels mit Spa\u2019 und \u2018Spa-Hotels\u2019. Erstere bieten einige Spa M\u00f6glichkeiten \u2013 h\u00e4ufig ausgezeichnete \u2013 doch kann man nicht sagen, dass diese der Hauptanziehungspunkt des Hotels sind. Ein Spa der letzteren Kategorie, f\u00fcr gew\u00f6hnlich in einem separaten, [&hellip;]\" \/>\n<meta property=\"og:url\" content=\"https:\/\/www.urlaubcornwall.de\/blog\/die-schoensten-wellnesshotels-suedengland\/\" \/>\n<meta property=\"og:site_name\" content=\"Urlaub &amp; Reisen\" \/>\n<meta property=\"og:image\" content=\"https:\/\/www.urlaubcornwall.de\/blog\/wp-content\/uploads\/2017\/06\/Spa_Pool.jpg\" \/>\n<meta name=\"twitter:card\" content=\"summary\" \/>\n<meta name=\"twitter:label1\" content=\"Est. reading time\" \/>\n\t<meta name=\"twitter:data1\" content=\"1 minute\" \/>\n<script type=\"application\/ld+json\" class=\"yoast-schema-graph\">{\"@context\":\"https:\/\/schema.org\",\"@graph\":[{\"@type\":\"WebSite\",\"@id\":\"https:\/\/www.urlaubcornwall.de\/blog\/#website\",\"url\":\"https:\/\/www.urlaubcornwall.de\/blog\/\",\"name\":\"Urlaub &amp; Reisen\",\"description\":\"Urlaub, Reisen, Cornwall und S\u00fcdengland: eine perfekte Kombination\",\"potentialAction\":[{\"@type\":\"SearchAction\",\"target\":{\"@type\":\"EntryPoint\",\"urlTemplate\":\"https:\/\/www.urlaubcornwall.de\/blog\/?s={search_term_string}\"},\"query-input\":\"required name=search_term_string\"}],\"inLanguage\":\"en-US\"},{\"@type\":\"WebPage\",\"@id\":\"https:\/\/www.urlaubcornwall.de\/blog\/die-schoensten-wellnesshotels-suedengland\/\",\"url\":\"https:\/\/www.urlaubcornwall.de\/blog\/die-schoensten-wellnesshotels-suedengland\/\",\"name\":\"Die sch\u00f6nsten Wellnesshotels in S\u00fcdengland - Urlaub &amp; Reisen\",\"isPartOf\":{\"@id\":\"https:\/\/www.urlaubcornwall.de\/blog\/#website\"},\"datePublished\":\"2017-06-09T10:32:55+00:00\",\"dateModified\":\"2017-06-09T10:32:55+00:00\",\"breadcrumb\":{\"@id\":\"https:\/\/www.urlaubcornwall.de\/blog\/die-schoensten-wellnesshotels-suedengland\/#breadcrumb\"},\"inLanguage\":\"en-US\",\"potentialAction\":[{\"@type\":\"ReadAction\",\"target\":[\"https:\/\/www.urlaubcornwall.de\/blog\/die-schoensten-wellnesshotels-suedengland\/\"]}]},{\"@type\":\"BreadcrumbList\",\"@id\":\"https:\/\/www.urlaubcornwall.de\/blog\/die-schoensten-wellnesshotels-suedengland\/#breadcrumb\",\"itemListElement\":[{\"@type\":\"ListItem\",\"position\":1,\"name\":\"Home\",\"item\":\"https:\/\/www.urlaubcornwall.de\/blog\/\"},{\"@type\":\"ListItem\",\"position\":2,\"name\":\"Die sch\u00f6nsten Wellnesshotels in S\u00fcdengland\"}]}]}<\/script>\n<!-- \/ Yoast SEO plugin. -->","yoast_head_json":{"title":"Die sch\u00f6nsten Wellnesshotels in S\u00fcdengland - Urlaub &amp; Reisen","robots":{"index":"index","follow":"follow","max-snippet":"max-snippet:-1","max-image-preview":"max-image-preview:large","max-video-preview":"max-video-preview:-1"},"canonical":"https:\/\/www.urlaubcornwall.de\/blog\/die-schoensten-wellnesshotels-suedengland\/","og_locale":"en_US","og_type":"article","og_title":"Die sch\u00f6nsten Wellnesshotels in S\u00fcdengland - Urlaub &amp; Reisen","og_description":"Es gibt im S\u00fcden Englands viele Hotels, die Spas anbieten; jedoch ist da ein kleiner, doch feiner Unterschied zwischen \u2018Hotels mit Spa\u2019 und \u2018Spa-Hotels\u2019. Erstere bieten einige Spa M\u00f6glichkeiten \u2013 h\u00e4ufig ausgezeichnete \u2013 doch kann man nicht sagen, dass diese der Hauptanziehungspunkt des Hotels sind. Ein Spa der letzteren Kategorie, f\u00fcr gew\u00f6hnlich in einem separaten, [&hellip;]","og_url":"https:\/\/www.urlaubcornwall.de\/blog\/die-schoensten-wellnesshotels-suedengland\/","og_site_name":"Urlaub &amp; Reisen","og_image":[{"url":"https:\/\/www.urlaubcornwall.de\/blog\/wp-content\/uploads\/2017\/06\/Spa_Pool.jpg"}],"twitter_card":"summary","twitter_misc":{"Est. reading time":"1 minute"},"schema":{"@context":"https:\/\/schema.org","@graph":[{"@type":"WebSite","@id":"https:\/\/www.urlaubcornwall.de\/blog\/#website","url":"https:\/\/www.urlaubcornwall.de\/blog\/","name":"Urlaub &amp; Reisen","description":"Urlaub, Reisen, Cornwall und S\u00fcdengland: eine perfekte Kombination","potentialAction":[{"@type":"SearchAction","target":{"@type":"EntryPoint","urlTemplate":"https:\/\/www.urlaubcornwall.de\/blog\/?s={search_term_string}"},"query-input":"required name=search_term_string"}],"inLanguage":"en-US"},{"@type":"WebPage","@id":"https:\/\/www.urlaubcornwall.de\/blog\/die-schoensten-wellnesshotels-suedengland\/","url":"https:\/\/www.urlaubcornwall.de\/blog\/die-schoensten-wellnesshotels-suedengland\/","name":"Die sch\u00f6nsten Wellnesshotels in S\u00fcdengland - Urlaub &amp; Reisen","isPartOf":{"@id":"https:\/\/www.urlaubcornwall.de\/blog\/#website"},"datePublished":"2017-06-09T10:32:55+00:00","dateModified":"2017-06-09T10:32:55+00:00","breadcrumb":{"@id":"https:\/\/www.urlaubcornwall.de\/blog\/die-schoensten-wellnesshotels-suedengland\/#breadcrumb"},"inLanguage":"en-US","potentialAction":[{"@type":"ReadAction","target":["https:\/\/www.urlaubcornwall.de\/blog\/die-schoensten-wellnesshotels-suedengland\/"]}]},{"@type":"BreadcrumbList","@id":"https:\/\/www.urlaubcornwall.de\/blog\/die-schoensten-wellnesshotels-suedengland\/#breadcrumb","itemListElement":[{"@type":"ListItem","position":1,"name":"Home","item":"https:\/\/www.urlaubcornwall.de\/blog\/"},{"@type":"ListItem","position":2,"name":"Die sch\u00f6nsten Wellnesshotels in S\u00fcdengland"}]}]}},"_links":{"self":[{"href":"https:\/\/www.urlaubcornwall.de\/blog\/wp-json\/wp\/v2\/pages\/27911"}],"collection":[{"href":"https:\/\/www.urlaubcornwall.de\/blog\/wp-json\/wp\/v2\/pages"}],"about":[{"href":"https:\/\/www.urlaubcornwall.de\/blog\/wp-json\/wp\/v2\/types\/page"}],"author":[{"embeddable":true,"href":"https:\/\/www.urlaubcornwall.de\/blog\/wp-json\/wp\/v2\/users\/1"}],"replies":[{"embeddable":true,"href":"https:\/\/www.urlaubcornwall.de\/blog\/wp-json\/wp\/v2\/comments?post=27911"}],"version-history":[{"count":1,"href":"https:\/\/www.urlaubcornwall.de\/blog\/wp-json\/wp\/v2\/pages\/27911\/revisions"}],"predecessor-version":[{"id":27913,"href":"https:\/\/www.urlaubcornwall.de\/blog\/wp-json\/wp\/v2\/pages\/27911\/revisions\/27913"}],"wp:attachment":[{"href":"https:\/\/www.urlaubcornwall.de\/blog\/wp-json\/wp\/v2\/media?parent=27911"}],"curies":[{"name":"wp","href":"https:\/\/api.w.org\/{rel}","templated":true}]}}