{"id":27909,"date":"2017-06-09T10:25:54","date_gmt":"2017-06-09T10:25:54","guid":{"rendered":"https:\/\/www.urlaubcornwall.de\/blog\/?page_id=27909"},"modified":"2024-05-29T15:19:05","modified_gmt":"2024-05-29T15:19:05","slug":"die-schoensten-landhaushotels-england","status":"publish","type":"page","link":"https:\/\/www.urlaubcornwall.de\/blog\/die-schoensten-landhaushotels-england\/","title":{"rendered":"Die sch\u00f6nsten Landhaus Hotels in England"},"content":{"rendered":"<p><a href=\"https:\/\/www.urlaubcornwall.de\/blog\/wp-content\/uploads\/2024\/03\/Masgeschneiderte-Gartentouren-fur-Gruppen-cornwall-england.jpg\"><img loading=\"lazy\" src=\"https:\/\/www.urlaubcornwall.de\/blog\/wp-content\/uploads\/2024\/03\/Masgeschneiderte-Gartentouren-fur-Gruppen-cornwall-england.jpg\" alt=\"\" width=\"745\" height=\"468\" class=\"alignnone size-full wp-image-48102\" srcset=\"https:\/\/www.urlaubcornwall.de\/blog\/wp-content\/uploads\/2024\/03\/Masgeschneiderte-Gartentouren-fur-Gruppen-cornwall-england.jpg 745w, https:\/\/www.urlaubcornwall.de\/blog\/wp-content\/uploads\/2024\/03\/Masgeschneiderte-Gartentouren-fur-Gruppen-cornwall-england-300x188.jpg 300w\" sizes=\"(max-width: 745px) 100vw, 745px\" \/><\/a><\/p>\n<p>Was macht das typisch romantische englische Landhaus Hotel aus? Nun, vor allem ist es ein Ort, wo Sie sicher sein k\u00f6nnen, pers\u00f6nlich verw\u00f6hnt zu werden in wundersch\u00f6ner l\u00e4ndlicher Umgebung von einem engagierten Besitzer, sowie Personal, die einen herzlichen Empfang gew\u00e4hrleisten, gro\u00dfartige Speisen, Ruhe und Frieden.<\/p>\n<p>Es gibt Hunderte von Landhaushotels, doch das perfekte zu w\u00e4hlen, kann verwirrend sein. Wir k\u00f6nnen Ihnen das R\u00e4tselraten abnehmen und eine Rundreise zusammenstellen mit einer Auswahl der besten Hotels in England, von Kent bis nach <a href=\"https:\/\/www.urlaubcornwall.de\/hotels.php\">Cornwall<\/a>, Hampshire und den <a href=\"https:\/\/www.urlaubcornwall.de\/blog\/handverlesene-hotels-in-den-cotswolds\/\">Cotswolds<\/a>.<\/p>\n<p>W\u00e4hrend einige nach wie vor nicht mehr bieten als die Vorz\u00fcge eines wundersch\u00f6nen alten Hauses, eines r\u00f6hrenden Feuers und einer Tasse Tee, kommen andere unseren wachsenden Anspr\u00fcchen entgegen: Spas, Kochkurse und Aktivit\u00e4ten wie Wandern, Radfahren und Golf spielen. All diese Hotels bieten Komfort, ausgezeichnete Speisen, sowie die Vorz\u00fcge des englischen Landes zu jeder Jahreszeit.<\/p>\n<p>Wir gestalten einzigartige Rundreisen und Urlaube in S\u00fcdengland in lediglich den besten 4- und 5-Sterne Landhaushotels. Mehr zu <a href=\"https:\/\/www.urlaubcornwall.de\/rundreisenservice.php\"><strong>unserem Service<\/strong><\/a> oder Ihre <a href=\"https:\/\/www.urlaubcornwall.de\/anfrage.php\"><strong>Anfrage stellen Sie bitte hier<\/strong><\/a>.<\/p>\n<p><img loading=\"lazy\" class=\"aligncenter size-full wp-image-24644\" src=\"https:\/\/www.urlaubcornwall.de\/blog\/wp-content\/uploads\/2016\/06\/urlaub-und-sudengland_logo-final.jpg\" alt=\"\" width=\"746\" height=\"380\"\/><\/p>\n","protected":false},"excerpt":{"rendered":"<p>Was macht das typisch romantische englische Landhaus Hotel aus? Nun, vor allem ist es ein Ort, wo Sie sicher sein k\u00f6nnen, pers\u00f6nlich verw\u00f6hnt zu werden in wundersch\u00f6ner l\u00e4ndlicher Umgebung von einem engagierten Besitzer, sowie Personal, die einen herzlichen Empfang gew\u00e4hrleisten, gro\u00dfartige Speisen, Ruhe und Frieden. Es gibt Hunderte von Landhaushotels, doch das perfekte zu w\u00e4hlen, [&hellip;]<\/p>\n","protected":false},"author":1,"featured_media":0,"parent":0,"menu_order":0,"comment_status":"closed","ping_status":"closed","template":"single-four.php","meta":[],"acf":[],"yoast_head":"<!-- This site is optimized with the Yoast SEO plugin v19.4 - https:\/\/yoast.com\/wordpress\/plugins\/seo\/ -->\n<title>Die sch\u00f6nsten Landhaus Hotels in England - Urlaub &amp; Reisen<\/title>\n<meta name=\"robots\" content=\"index, follow, max-snippet:-1, max-image-preview:large, max-video-preview:-1\" \/>\n<link rel=\"canonical\" href=\"https:\/\/www.urlaubcornwall.de\/blog\/die-schoensten-landhaushotels-england\/\" \/>\n<meta property=\"og:locale\" content=\"en_US\" \/>\n<meta property=\"og:type\" content=\"article\" \/>\n<meta property=\"og:title\" content=\"Die sch\u00f6nsten Landhaus Hotels in England - Urlaub &amp; Reisen\" \/>\n<meta property=\"og:description\" content=\"Was macht das typisch romantische englische Landhaus Hotel aus? Nun, vor allem ist es ein Ort, wo Sie sicher sein k\u00f6nnen, pers\u00f6nlich verw\u00f6hnt zu werden in wundersch\u00f6ner l\u00e4ndlicher Umgebung von einem engagierten Besitzer, sowie Personal, die einen herzlichen Empfang gew\u00e4hrleisten, gro\u00dfartige Speisen, Ruhe und Frieden. Es gibt Hunderte von Landhaushotels, doch das perfekte zu w\u00e4hlen, [&hellip;]\" \/>\n<meta property=\"og:url\" content=\"https:\/\/www.urlaubcornwall.de\/blog\/die-schoensten-landhaushotels-england\/\" \/>\n<meta property=\"og:site_name\" content=\"Urlaub &amp; Reisen\" \/>\n<meta property=\"article:modified_time\" content=\"2024-05-29T15:19:05+00:00\" \/>\n<meta property=\"og:image\" content=\"https:\/\/www.urlaubcornwall.de\/blog\/wp-content\/uploads\/2024\/03\/Masgeschneiderte-Gartentouren-fur-Gruppen-cornwall-england.jpg\" \/>\n<meta name=\"twitter:card\" content=\"summary\" \/>\n<meta name=\"twitter:label1\" content=\"Est. reading time\" \/>\n\t<meta name=\"twitter:data1\" content=\"2 minutes\" \/>\n<script type=\"application\/ld+json\" class=\"yoast-schema-graph\">{\"@context\":\"https:\/\/schema.org\",\"@graph\":[{\"@type\":\"WebSite\",\"@id\":\"https:\/\/www.urlaubcornwall.de\/blog\/#website\",\"url\":\"https:\/\/www.urlaubcornwall.de\/blog\/\",\"name\":\"Urlaub &amp; Reisen\",\"description\":\"Urlaub, Reisen, Cornwall und S\u00fcdengland: eine perfekte Kombination\",\"potentialAction\":[{\"@type\":\"SearchAction\",\"target\":{\"@type\":\"EntryPoint\",\"urlTemplate\":\"https:\/\/www.urlaubcornwall.de\/blog\/?s={search_term_string}\"},\"query-input\":\"required name=search_term_string\"}],\"inLanguage\":\"en-US\"},{\"@type\":\"WebPage\",\"@id\":\"https:\/\/www.urlaubcornwall.de\/blog\/die-schoensten-landhaushotels-england\/\",\"url\":\"https:\/\/www.urlaubcornwall.de\/blog\/die-schoensten-landhaushotels-england\/\",\"name\":\"Die sch\u00f6nsten Landhaus Hotels in England - Urlaub &amp; Reisen\",\"isPartOf\":{\"@id\":\"https:\/\/www.urlaubcornwall.de\/blog\/#website\"},\"datePublished\":\"2017-06-09T10:25:54+00:00\",\"dateModified\":\"2024-05-29T15:19:05+00:00\",\"breadcrumb\":{\"@id\":\"https:\/\/www.urlaubcornwall.de\/blog\/die-schoensten-landhaushotels-england\/#breadcrumb\"},\"inLanguage\":\"en-US\",\"potentialAction\":[{\"@type\":\"ReadAction\",\"target\":[\"https:\/\/www.urlaubcornwall.de\/blog\/die-schoensten-landhaushotels-england\/\"]}]},{\"@type\":\"BreadcrumbList\",\"@id\":\"https:\/\/www.urlaubcornwall.de\/blog\/die-schoensten-landhaushotels-england\/#breadcrumb\",\"itemListElement\":[{\"@type\":\"ListItem\",\"position\":1,\"name\":\"Home\",\"item\":\"https:\/\/www.urlaubcornwall.de\/blog\/\"},{\"@type\":\"ListItem\",\"position\":2,\"name\":\"Die sch\u00f6nsten Landhaus Hotels in England\"}]}]}<\/script>\n<!-- \/ Yoast SEO plugin. -->","yoast_head_json":{"title":"Die sch\u00f6nsten Landhaus Hotels in England - Urlaub &amp; Reisen","robots":{"index":"index","follow":"follow","max-snippet":"max-snippet:-1","max-image-preview":"max-image-preview:large","max-video-preview":"max-video-preview:-1"},"canonical":"https:\/\/www.urlaubcornwall.de\/blog\/die-schoensten-landhaushotels-england\/","og_locale":"en_US","og_type":"article","og_title":"Die sch\u00f6nsten Landhaus Hotels in England - Urlaub &amp; Reisen","og_description":"Was macht das typisch romantische englische Landhaus Hotel aus? Nun, vor allem ist es ein Ort, wo Sie sicher sein k\u00f6nnen, pers\u00f6nlich verw\u00f6hnt zu werden in wundersch\u00f6ner l\u00e4ndlicher Umgebung von einem engagierten Besitzer, sowie Personal, die einen herzlichen Empfang gew\u00e4hrleisten, gro\u00dfartige Speisen, Ruhe und Frieden. Es gibt Hunderte von Landhaushotels, doch das perfekte zu w\u00e4hlen, [&hellip;]","og_url":"https:\/\/www.urlaubcornwall.de\/blog\/die-schoensten-landhaushotels-england\/","og_site_name":"Urlaub &amp; Reisen","article_modified_time":"2024-05-29T15:19:05+00:00","og_image":[{"url":"https:\/\/www.urlaubcornwall.de\/blog\/wp-content\/uploads\/2024\/03\/Masgeschneiderte-Gartentouren-fur-Gruppen-cornwall-england.jpg"}],"twitter_card":"summary","twitter_misc":{"Est. reading time":"2 minutes"},"schema":{"@context":"https:\/\/schema.org","@graph":[{"@type":"WebSite","@id":"https:\/\/www.urlaubcornwall.de\/blog\/#website","url":"https:\/\/www.urlaubcornwall.de\/blog\/","name":"Urlaub &amp; Reisen","description":"Urlaub, Reisen, Cornwall und S\u00fcdengland: eine perfekte Kombination","potentialAction":[{"@type":"SearchAction","target":{"@type":"EntryPoint","urlTemplate":"https:\/\/www.urlaubcornwall.de\/blog\/?s={search_term_string}"},"query-input":"required name=search_term_string"}],"inLanguage":"en-US"},{"@type":"WebPage","@id":"https:\/\/www.urlaubcornwall.de\/blog\/die-schoensten-landhaushotels-england\/","url":"https:\/\/www.urlaubcornwall.de\/blog\/die-schoensten-landhaushotels-england\/","name":"Die sch\u00f6nsten Landhaus Hotels in England - Urlaub &amp; Reisen","isPartOf":{"@id":"https:\/\/www.urlaubcornwall.de\/blog\/#website"},"datePublished":"2017-06-09T10:25:54+00:00","dateModified":"2024-05-29T15:19:05+00:00","breadcrumb":{"@id":"https:\/\/www.urlaubcornwall.de\/blog\/die-schoensten-landhaushotels-england\/#breadcrumb"},"inLanguage":"en-US","potentialAction":[{"@type":"ReadAction","target":["https:\/\/www.urlaubcornwall.de\/blog\/die-schoensten-landhaushotels-england\/"]}]},{"@type":"BreadcrumbList","@id":"https:\/\/www.urlaubcornwall.de\/blog\/die-schoensten-landhaushotels-england\/#breadcrumb","itemListElement":[{"@type":"ListItem","position":1,"name":"Home","item":"https:\/\/www.urlaubcornwall.de\/blog\/"},{"@type":"ListItem","position":2,"name":"Die sch\u00f6nsten Landhaus Hotels in England"}]}]}},"_links":{"self":[{"href":"https:\/\/www.urlaubcornwall.de\/blog\/wp-json\/wp\/v2\/pages\/27909"}],"collection":[{"href":"https:\/\/www.urlaubcornwall.de\/blog\/wp-json\/wp\/v2\/pages"}],"about":[{"href":"https:\/\/www.urlaubcornwall.de\/blog\/wp-json\/wp\/v2\/types\/page"}],"author":[{"embeddable":true,"href":"https:\/\/www.urlaubcornwall.de\/blog\/wp-json\/wp\/v2\/users\/1"}],"replies":[{"embeddable":true,"href":"https:\/\/www.urlaubcornwall.de\/blog\/wp-json\/wp\/v2\/comments?post=27909"}],"version-history":[{"count":7,"href":"https:\/\/www.urlaubcornwall.de\/blog\/wp-json\/wp\/v2\/pages\/27909\/revisions"}],"predecessor-version":[{"id":50732,"href":"https:\/\/www.urlaubcornwall.de\/blog\/wp-json\/wp\/v2\/pages\/27909\/revisions\/50732"}],"wp:attachment":[{"href":"https:\/\/www.urlaubcornwall.de\/blog\/wp-json\/wp\/v2\/media?parent=27909"}],"curies":[{"name":"wp","href":"https:\/\/api.w.org\/{rel}","templated":true}]}}