{"id":27901,"date":"2017-05-31T09:27:47","date_gmt":"2017-05-31T09:27:47","guid":{"rendered":"https:\/\/www.urlaubcornwall.de\/blog\/?page_id=27901"},"modified":"2024-05-27T11:31:16","modified_gmt":"2024-05-27T11:31:16","slug":"urlaub-grossbritannien-nach-brexit-hier-finden-sie-antwort-auf-ihre-fragen","status":"publish","type":"page","link":"https:\/\/www.urlaubcornwall.de\/blog\/urlaub-grossbritannien-nach-brexit-hier-finden-sie-antwort-auf-ihre-fragen\/","title":{"rendered":"Urlaub in Gro\u00dfbritannien nach Brexit \u2013 hier finden Sie Antwort auf Ihre Fragen!"},"content":{"rendered":"<p><img loading=\"lazy\" class=\"aligncenter size-large wp-image-34348\" src=\"https:\/\/www.urlaubcornwall.de\/blog\/wp-content\/uploads\/2018\/09\/urlaub-brexit-cornwall-england.jpg\" alt=\"Urlaub in Gro\u00dfbritannien nach Brexit - Cornwall, England, Schottland und Wales\" width=\"747\" height=\"405\"\/><\/p>\n<p><strong>Wie wird sich Brexit auf meinen Urlaub in Gro\u00dfbritannien auswirken?<\/strong><\/p>\n<p>Seit dem Brexit fragt sich jeder, wie sich dies wohl auf <a href=\"https:\/\/www.urlaubcornwall.de\/\">Urlaub in Gro\u00dfbritannien<\/a> auswirken wird. <a href=\"https:\/\/www.urlaubcornwall.de\/ferienhaeuser\/suedengland.php\">England<\/a> und besonders <a href=\"https:\/\/www.urlaubcornwall.de\/reiseziel\/cornwall.php\">Cornwall<\/a>, <a href=\"https:\/\/www.urlaubcornwall.de\/reiseziel\/schottland.php\">Schottland<\/a>, <a href=\"https:\/\/www.urlaubcornwall.de\/reiseziel\/wales.php\">Wales<\/a> und <a href=\"https:\/\/www.urlaubcornwall.de\/blog\/erleben-sie-irland-die-emerald-insel\/\">Nordirland<\/a> sind allesamt sehr beliebte Urlaubsreiseziele f\u00fcr Deutsche und viele weitere europ\u00e4ische L\u00e4nder. Hiermit versuchen wir die wichtigsten Urlaubs- und Reisefragen bez\u00fcglich Brexit zu beantworten.<\/p>\n<p>Am 24. Dezember 2020 haben das UK und die EU ein umfangreiches Handels- und Kooperationsabkommen unterzeichnet. Seit dem 1. Februar 2020 ist das Vereinigte K\u00f6nigreich von Gro\u00dfbritannien und Nordirland nicht mehr Mitglied der Europ\u00e4ischen Union. Dies bezieht sich auf folgende Gebiete: G\u00fcter- und Dienstleistungshandel, digitaler Handel, Urheberrechte, \u00f6ffentliche Auftragsvergabe, Luftfahrt und Stra\u00dfen Transport, Energie, Fischerei, Koordinierung der sozialen Sicherheit, Strafverfolgung und gerichtliche Kooperation in Kriminalf\u00e4llen, Kooperation und Teilnahme an Unionsprogrammen.<\/p>\n<p><strong>Bedeutet das neue Abkommen, dass f\u00fcr Reisen zwischen der EU und dem UK Visas notwendig sein werden?<\/strong><\/p>\n<p>Nein. Die EU und das UK haben beschlossen, EU B\u00fcrgern visafreie Kurzbesuche zu gestatten. Daher gibt es also keine Einschr\u00e4nkungen f\u00fcr Besucher jeglicher EU L\u00e4nder, wenn sie vom 1. Januar 2021 an Urlaub in England, Schottland, Wales und Nordirland verbringen wollen.<\/p>\n<p><strong>Welche Regeln gibt es bez\u00fcglich der Mitnahme von Haustieren ins UK?<\/strong><\/p>\n<p>Sie k\u00f6nnen mit Ihrem Hund oder Ihrer Katze ins UK reisen, sofern Ihr Tier:<\/p>\n<p>mit einem Microchip versehen ist<\/p>\n<p>einen Tierreisepass hat<\/p>\n<p>gegen Tollwut geimpft wurde.<\/p>\n<p>Hunde und Katzen m\u00fcssen in der Regel auch eine Wurmbehandlung haben. <\/p>\n<p><strong>Wird es l\u00e4nger dauern, einzureisen?<\/strong><\/p>\n<p>Wenn wir von einem visumsfreien Zugang ausgehen, um Urlaub in Gro\u00dfbritannien zu verbringen, so sollte sich an der Zeit, die Sie f\u00fcr die Einreiseprozedur brauchen, nichts \u00e4ndern.<\/p>\n<p><strong>Wird mein Urlaub nach Brexit teurer?<\/strong><\/p>\n<p>Die gute Nachricht ist, dass nach Brexit der Wert des Pfundes gefallen ist, so dass nun Urlaub in Gro\u00dfbritannien g\u00fcnstiger ist. F\u00fcr den Euro bekommen Sie nun mehr, so dass nun ein g\u00fcnstigerer Urlaub m\u00f6glich ist.<\/p>\n<p><strong>Werden Europ\u00e4er nach Brexit im Vereinigten K\u00f6nigreich willkommen sein?<\/strong><\/p>\n<p>Briten lieben das Reise und Urlauben in Europe genauso, wie sie auch EU B\u00fcrger im gesamten K\u00f6nigreich willkommen hei\u00dfen; und daran wird sich auch trotz Brexit nichts \u00e4ndern. Urlaubsregionen Englands wie Cornwall sind sehr beliebt bei Deutschen und bilden einen wichtigen Teil der Wirtschaft vor Ort. Die cornische Bev\u00f6lkerung hat sich nun an den Klang deutscher Stimmen gew\u00f6hnt und wird dies nicht aufgeben wollen.<\/p>\n<p><strong>UrlaubCornwall.de &#8211; Mit Sitz in Cornwall, einer von Englands beliebtesten Urlaubsregionen, haben wir eine Leidenschaft f\u00fcr Urlaube und Reisen durch Gro\u00dfbritannien<\/strong><\/p>\n<div class=\"snippet\"> <a class=\"featured-item\" href=\" https:\/\/www.urlaubcornwall.de\/ferienhaeuser.php\"> <span class=\"image-holder\" style=\"background-image: url('https:\/\/www.urlaubcornwall.de\/blog\/wp-content\/uploads\/2018\/11\/landhaus-cornwall-1.jpg');\"><\/span> <span class=\"featured-content\"> \n<h2 class=\"featured-title\">Ferienh\u00e4user in Gro\u00dfbritannien<\/h2>\n<p class=\"featured-body\">Bei uns finden Sie Ferienh\u00e4user zum Verlieben! UrlaubCornwall.de hat eine einzigartige Sammlung pers\u00f6nlich inspizierter Ferienh\u00e4user und Ferienwohnungen in Cornwall, S\u00fcdengland, Schottland, Wales und nun auch im gesamten Gro\u00dfbritannien&#8230;.<\/p>\n<\/span> <span class=\"featured-link-holder\"> <span class=\"featured-extra-info\"> \n<p> F\u00fcr Paare, Familien &#038; Gruppen<\/p>\n<\/span> \n<p class=\"featured-link\">DETAILS<\/p>\n<\/span> <\/a><\/div>\n<div class=\"snippet\"> <a class=\"featured-item\" href=\" https:\/\/www.urlaubcornwall.de\/rundreisenservice.php\"> <span class=\"image-holder\" style=\"background-image: url(' https:\/\/www.urlaubcornwall.de\/blog\/wp-content\/uploads\/2018\/11\/rundreise-cornwall.jpg ');\"><\/span> <span class=\"featured-content\"> \n<h2 class=\"featured-title\">Rundreisen durch Gro\u00dfbritannien<\/h2>\n<p class=\"featured-body\">Autoreisen eignen sich perfekt, um das meiste aus Ihrem Urlaub in Gro\u00dfbritannien und Irland zu machen. Gehen Sie in eigenem Schritttempo im eigenen Auto auf Erkundung oder fliegen Sie und mieten ein Auto. Es gibt genug atemberaubender Landschaft und K\u00fcste&#8230;<\/p>\n<\/span> <span class=\"featured-link-holder\"> <span class=\"featured-extra-info\"> \n<p>Teilen Sie uns Ihre Urlaubspl\u00e4ne<\/p>\n<\/span> \n<p class=\"featured-link\">MEHR INFO<\/p>\n<\/span> <\/a><\/div>\n\n<div class=\"snippet\"> <a class=\"featured-item\" href=\" https:\/\/www.urlaubcornwall.de\/massgeschneiderte-gruppenreisen-und-touren.php \"> <span class=\"image-holder\" style=\"background-image: url(' https:\/\/www.urlaubcornwall.de\/blog\/wp-content\/uploads\/2024\/05\/gruppenreisen.jpg ');\"><\/span> <span class=\"featured-content\"> \n<h2 class=\"featured-title\">Busreisen und Gruppenreisen in Gro\u00dfbritannien<\/h2>\n<p class=\"featured-body\">Wir von UrlaubCornwall arbeiten daran, beides anzubieten, Busreisen f\u00fcr Paare oder all jene, die alleine reisen, sowie ma\u00dfgeschneiderte Gruppenreisen f\u00fcr diejenigen mit besonderen Interessen&#8230;.<\/p>\n<\/span> <span class=\"featured-link-holder\"> <span class=\"featured-extra-info\"> \n<p> Auch interessante Themenreisen, Gartenreise, Literaturreise&#8230;<\/p>\n<\/span> \n<p class=\"featured-link\">DETAILS<\/p>\n<\/span> <\/a><\/div>\n","protected":false},"excerpt":{"rendered":"<p>Wie wird sich Brexit auf meinen Urlaub in Gro\u00dfbritannien auswirken? Seit dem Brexit fragt sich jeder, wie sich dies wohl auf Urlaub in Gro\u00dfbritannien auswirken wird. England und besonders Cornwall, Schottland, Wales und Nordirland sind allesamt sehr beliebte Urlaubsreiseziele f\u00fcr Deutsche und viele weitere europ\u00e4ische L\u00e4nder. Hiermit versuchen wir die wichtigsten Urlaubs- und Reisefragen bez\u00fcglich [&hellip;]<\/p>\n","protected":false},"author":1,"featured_media":0,"parent":0,"menu_order":0,"comment_status":"closed","ping_status":"closed","template":"single-four.php","meta":[],"acf":[],"yoast_head":"<!-- This site is optimized with the Yoast SEO plugin v19.4 - https:\/\/yoast.com\/wordpress\/plugins\/seo\/ -->\n<title>Urlaub in Gro\u00dfbritannien nach Brexit \u2013 hier finden Sie Antwort auf Ihre Fragen! - Urlaub &amp; Reisen<\/title>\n<meta name=\"robots\" content=\"index, follow, max-snippet:-1, max-image-preview:large, max-video-preview:-1\" \/>\n<link rel=\"canonical\" href=\"https:\/\/www.urlaubcornwall.de\/blog\/urlaub-grossbritannien-nach-brexit-hier-finden-sie-antwort-auf-ihre-fragen\/\" \/>\n<meta property=\"og:locale\" content=\"en_US\" \/>\n<meta property=\"og:type\" content=\"article\" \/>\n<meta property=\"og:title\" content=\"Urlaub in Gro\u00dfbritannien nach Brexit \u2013 hier finden Sie Antwort auf Ihre Fragen! - Urlaub &amp; Reisen\" \/>\n<meta property=\"og:description\" content=\"Wie wird sich Brexit auf meinen Urlaub in Gro\u00dfbritannien auswirken? Seit dem Brexit fragt sich jeder, wie sich dies wohl auf Urlaub in Gro\u00dfbritannien auswirken wird. England und besonders Cornwall, Schottland, Wales und Nordirland sind allesamt sehr beliebte Urlaubsreiseziele f\u00fcr Deutsche und viele weitere europ\u00e4ische L\u00e4nder. Hiermit versuchen wir die wichtigsten Urlaubs- und Reisefragen bez\u00fcglich [&hellip;]\" \/>\n<meta property=\"og:url\" content=\"https:\/\/www.urlaubcornwall.de\/blog\/urlaub-grossbritannien-nach-brexit-hier-finden-sie-antwort-auf-ihre-fragen\/\" \/>\n<meta property=\"og:site_name\" content=\"Urlaub &amp; Reisen\" \/>\n<meta property=\"article:modified_time\" content=\"2024-05-27T11:31:16+00:00\" \/>\n<meta property=\"og:image\" content=\"https:\/\/www.urlaubcornwall.de\/blog\/wp-content\/uploads\/2018\/09\/urlaub-brexit-cornwall-england.jpg\" \/>\n<meta name=\"twitter:card\" content=\"summary\" \/>\n<meta name=\"twitter:label1\" content=\"Est. reading time\" \/>\n\t<meta name=\"twitter:data1\" content=\"3 minutes\" \/>\n<script type=\"application\/ld+json\" class=\"yoast-schema-graph\">{\"@context\":\"https:\/\/schema.org\",\"@graph\":[{\"@type\":\"WebSite\",\"@id\":\"https:\/\/www.urlaubcornwall.de\/blog\/#website\",\"url\":\"https:\/\/www.urlaubcornwall.de\/blog\/\",\"name\":\"Urlaub &amp; Reisen\",\"description\":\"Urlaub, Reisen, Cornwall und S\u00fcdengland: eine perfekte Kombination\",\"potentialAction\":[{\"@type\":\"SearchAction\",\"target\":{\"@type\":\"EntryPoint\",\"urlTemplate\":\"https:\/\/www.urlaubcornwall.de\/blog\/?s={search_term_string}\"},\"query-input\":\"required name=search_term_string\"}],\"inLanguage\":\"en-US\"},{\"@type\":\"WebPage\",\"@id\":\"https:\/\/www.urlaubcornwall.de\/blog\/urlaub-grossbritannien-nach-brexit-hier-finden-sie-antwort-auf-ihre-fragen\/\",\"url\":\"https:\/\/www.urlaubcornwall.de\/blog\/urlaub-grossbritannien-nach-brexit-hier-finden-sie-antwort-auf-ihre-fragen\/\",\"name\":\"Urlaub in Gro\u00dfbritannien nach Brexit \u2013 hier finden Sie Antwort auf Ihre Fragen! - Urlaub &amp; Reisen\",\"isPartOf\":{\"@id\":\"https:\/\/www.urlaubcornwall.de\/blog\/#website\"},\"datePublished\":\"2017-05-31T09:27:47+00:00\",\"dateModified\":\"2024-05-27T11:31:16+00:00\",\"breadcrumb\":{\"@id\":\"https:\/\/www.urlaubcornwall.de\/blog\/urlaub-grossbritannien-nach-brexit-hier-finden-sie-antwort-auf-ihre-fragen\/#breadcrumb\"},\"inLanguage\":\"en-US\",\"potentialAction\":[{\"@type\":\"ReadAction\",\"target\":[\"https:\/\/www.urlaubcornwall.de\/blog\/urlaub-grossbritannien-nach-brexit-hier-finden-sie-antwort-auf-ihre-fragen\/\"]}]},{\"@type\":\"BreadcrumbList\",\"@id\":\"https:\/\/www.urlaubcornwall.de\/blog\/urlaub-grossbritannien-nach-brexit-hier-finden-sie-antwort-auf-ihre-fragen\/#breadcrumb\",\"itemListElement\":[{\"@type\":\"ListItem\",\"position\":1,\"name\":\"Home\",\"item\":\"https:\/\/www.urlaubcornwall.de\/blog\/\"},{\"@type\":\"ListItem\",\"position\":2,\"name\":\"Urlaub in Gro\u00dfbritannien nach Brexit \u2013 hier finden Sie Antwort auf Ihre Fragen!\"}]}]}<\/script>\n<!-- \/ Yoast SEO plugin. -->","yoast_head_json":{"title":"Urlaub in Gro\u00dfbritannien nach Brexit \u2013 hier finden Sie Antwort auf Ihre Fragen! - Urlaub &amp; Reisen","robots":{"index":"index","follow":"follow","max-snippet":"max-snippet:-1","max-image-preview":"max-image-preview:large","max-video-preview":"max-video-preview:-1"},"canonical":"https:\/\/www.urlaubcornwall.de\/blog\/urlaub-grossbritannien-nach-brexit-hier-finden-sie-antwort-auf-ihre-fragen\/","og_locale":"en_US","og_type":"article","og_title":"Urlaub in Gro\u00dfbritannien nach Brexit \u2013 hier finden Sie Antwort auf Ihre Fragen! - Urlaub &amp; Reisen","og_description":"Wie wird sich Brexit auf meinen Urlaub in Gro\u00dfbritannien auswirken? Seit dem Brexit fragt sich jeder, wie sich dies wohl auf Urlaub in Gro\u00dfbritannien auswirken wird. England und besonders Cornwall, Schottland, Wales und Nordirland sind allesamt sehr beliebte Urlaubsreiseziele f\u00fcr Deutsche und viele weitere europ\u00e4ische L\u00e4nder. Hiermit versuchen wir die wichtigsten Urlaubs- und Reisefragen bez\u00fcglich [&hellip;]","og_url":"https:\/\/www.urlaubcornwall.de\/blog\/urlaub-grossbritannien-nach-brexit-hier-finden-sie-antwort-auf-ihre-fragen\/","og_site_name":"Urlaub &amp; Reisen","article_modified_time":"2024-05-27T11:31:16+00:00","og_image":[{"url":"https:\/\/www.urlaubcornwall.de\/blog\/wp-content\/uploads\/2018\/09\/urlaub-brexit-cornwall-england.jpg"}],"twitter_card":"summary","twitter_misc":{"Est. reading time":"3 minutes"},"schema":{"@context":"https:\/\/schema.org","@graph":[{"@type":"WebSite","@id":"https:\/\/www.urlaubcornwall.de\/blog\/#website","url":"https:\/\/www.urlaubcornwall.de\/blog\/","name":"Urlaub &amp; Reisen","description":"Urlaub, Reisen, Cornwall und S\u00fcdengland: eine perfekte Kombination","potentialAction":[{"@type":"SearchAction","target":{"@type":"EntryPoint","urlTemplate":"https:\/\/www.urlaubcornwall.de\/blog\/?s={search_term_string}"},"query-input":"required name=search_term_string"}],"inLanguage":"en-US"},{"@type":"WebPage","@id":"https:\/\/www.urlaubcornwall.de\/blog\/urlaub-grossbritannien-nach-brexit-hier-finden-sie-antwort-auf-ihre-fragen\/","url":"https:\/\/www.urlaubcornwall.de\/blog\/urlaub-grossbritannien-nach-brexit-hier-finden-sie-antwort-auf-ihre-fragen\/","name":"Urlaub in Gro\u00dfbritannien nach Brexit \u2013 hier finden Sie Antwort auf Ihre Fragen! - Urlaub &amp; Reisen","isPartOf":{"@id":"https:\/\/www.urlaubcornwall.de\/blog\/#website"},"datePublished":"2017-05-31T09:27:47+00:00","dateModified":"2024-05-27T11:31:16+00:00","breadcrumb":{"@id":"https:\/\/www.urlaubcornwall.de\/blog\/urlaub-grossbritannien-nach-brexit-hier-finden-sie-antwort-auf-ihre-fragen\/#breadcrumb"},"inLanguage":"en-US","potentialAction":[{"@type":"ReadAction","target":["https:\/\/www.urlaubcornwall.de\/blog\/urlaub-grossbritannien-nach-brexit-hier-finden-sie-antwort-auf-ihre-fragen\/"]}]},{"@type":"BreadcrumbList","@id":"https:\/\/www.urlaubcornwall.de\/blog\/urlaub-grossbritannien-nach-brexit-hier-finden-sie-antwort-auf-ihre-fragen\/#breadcrumb","itemListElement":[{"@type":"ListItem","position":1,"name":"Home","item":"https:\/\/www.urlaubcornwall.de\/blog\/"},{"@type":"ListItem","position":2,"name":"Urlaub in Gro\u00dfbritannien nach Brexit \u2013 hier finden Sie Antwort auf Ihre Fragen!"}]}]}},"_links":{"self":[{"href":"https:\/\/www.urlaubcornwall.de\/blog\/wp-json\/wp\/v2\/pages\/27901"}],"collection":[{"href":"https:\/\/www.urlaubcornwall.de\/blog\/wp-json\/wp\/v2\/pages"}],"about":[{"href":"https:\/\/www.urlaubcornwall.de\/blog\/wp-json\/wp\/v2\/types\/page"}],"author":[{"embeddable":true,"href":"https:\/\/www.urlaubcornwall.de\/blog\/wp-json\/wp\/v2\/users\/1"}],"replies":[{"embeddable":true,"href":"https:\/\/www.urlaubcornwall.de\/blog\/wp-json\/wp\/v2\/comments?post=27901"}],"version-history":[{"count":32,"href":"https:\/\/www.urlaubcornwall.de\/blog\/wp-json\/wp\/v2\/pages\/27901\/revisions"}],"predecessor-version":[{"id":50281,"href":"https:\/\/www.urlaubcornwall.de\/blog\/wp-json\/wp\/v2\/pages\/27901\/revisions\/50281"}],"wp:attachment":[{"href":"https:\/\/www.urlaubcornwall.de\/blog\/wp-json\/wp\/v2\/media?parent=27901"}],"curies":[{"name":"wp","href":"https:\/\/api.w.org\/{rel}","templated":true}]}}