{"id":27815,"date":"2017-04-26T13:15:02","date_gmt":"2017-04-26T13:15:02","guid":{"rendered":"https:\/\/www.urlaubcornwall.de\/blog\/?page_id=27815"},"modified":"2021-09-06T07:22:40","modified_gmt":"2021-09-06T07:22:40","slug":"durlsey-den-cotswolds-unterkunft-sehenswuerdigkeiten-und-geschichte","status":"publish","type":"page","link":"https:\/\/www.urlaubcornwall.de\/blog\/durlsey-den-cotswolds-unterkunft-sehenswuerdigkeiten-und-geschichte\/","title":{"rendered":"Durlsey in den Cotswolds &#8211; Unterkunft, Sehensw\u00fcrdigkeiten und Geschichte"},"content":{"rendered":"<p><img loading=\"lazy\" class=\"size-full wp-image-27816 alignleft\" src=\"https:\/\/www.urlaubcornwall.de\/blog\/wp-content\/uploads\/2017\/04\/cotswolds-way_1.jpg\" alt=\"Cotswolds Way\" width=\"749\" height=\"404\"\/><\/p>\n<p style=\"text-align: left;\">Die Marktstadt Dursley ist umgeben von H\u00fcgeln, hat einige h\u00fcbsche Spazierwege mit herrlichem Blick und bietet sich hervorragend an als Ausgangsbasis f\u00fcr einen Wanderurlaub <a href=\"https:\/\/www.urlaubcornwall.de\/blog\/urlaub-reisen-von-den-cotswolds-und-dem-land-shakespeares\/\">in den Cotswolds<\/a>. Im Oktober jeden Jahres findet ein Wanderfest statt, wo Sie an kostenfreien Wanderungen durch die wundersch\u00f6ne Landschaft teilnehmen k\u00f6nnen.<\/p>\n<p style=\"text-align: left;\">Der Bauernmarkt findet jeden zweiten Samstag eines Monats statt, und Dursley ist bekannt als ein Kunstzentrum mit Ausstellungen und Workshops am Kingshill House und dem national anerkannten Prema Arts Centre im nahe gelegenen Uley.<\/p>\n<h1 style=\"text-align: left;\"><strong>Bei uns finden Sie Ferienh\u00e4user zum Verlieben \u2013 so einfach ist das!<\/strong><\/h1>\n<p style=\"text-align: left;\">UrlaubCornwall verf\u00fcgt Ferienh\u00e4user und Ferienwohnungen in Dursley f\u00fcr Ihren <a href=\"https:\/\/www.urlaubcornwall.de\/ferienhaeuser\/cotswolds.php\">Urlaub in den Cotswolds<\/a>. Unterk\u00fcnfte der Spitzenklasse f\u00fcr 2 Personen, Familien und Gruppen mit 4, 6, 8, 10 oder 12 G\u00e4sten.<\/p>\n<p style=\"text-align: left;\"><a class=\"tidycta\" href=\"https:\/\/www.urlaubcornwall.de\/ferienhaeuser\/cotswolds.php\">Suche Ferienh\u00e4user Cotswolds<\/a><\/p>\n<h2 style=\"text-align: left;\">Unser Rundreisenservice<\/h2>\n<p style=\"text-align: left;\"><a href=\"http:\/\/urlaubcornwall.de\/\">UrlaubCornwall.de<\/a> hat seinen Firmensitz in Cornwall in S\u00fcdwestengland und bietet Kunden im Deutsch sprechenden Europa Hilfe im Erstellen der perfekten Urlaubserfahrung hier. Wir haben <a href=\"http:\/\/www.urlaubcornwall.de\/rundreisenservice.php\">ein Team Deutsch sprechender Experten<\/a>, so dass wir eine individuelle Rundreise durch Cotswolds, S\u00fcdengland und nun auch durch den Rest Gro\u00dfbritanniens und Irlands anbieten k\u00f6nnen.<\/p>\n<p style=\"text-align: left;\"><a class=\"tidycta\" href=\"http:\/\/www.urlaubcornwall.de\/anfrage.php?tourcode=Urlaub Cotswolds\">Cotswolds Rundreise Anfrage<\/a><\/p>\n<p style=\"text-align: left;\">Wir bieten eine fantastische Auswahl an Rundreisen mit den beliebtesten Attraktionen und St\u00e4dten in <a href=\"http:\/\/www.urlaubcornwall.de\/reiseziel\/cornwall.php\">Cornwall<\/a>, <a href=\"https:\/\/www.urlaubcornwall.de\/blog\/rundreisen-england-wales\/\">England<\/a>, <a href=\"https:\/\/www.urlaubcornwall.de\/blog\/rundreisen-schottland\/\">Schottland,<\/a> <a href=\"https:\/\/www.urlaubcornwall.de\/blog\/rundreisen-england-wales\/\">Wales<\/a> und <a href=\"https:\/\/www.urlaubcornwall.de\/blog\/rundreisen-irland\/\">Irland.<\/a><\/p>\n","protected":false},"excerpt":{"rendered":"<p>Die Marktstadt Dursley ist umgeben von H\u00fcgeln, hat einige h\u00fcbsche Spazierwege mit herrlichem Blick und bietet sich hervorragend an als Ausgangsbasis f\u00fcr einen Wanderurlaub in den Cotswolds. Im Oktober jeden Jahres findet ein Wanderfest statt, wo Sie an kostenfreien Wanderungen durch die wundersch\u00f6ne Landschaft teilnehmen k\u00f6nnen. Der Bauernmarkt findet jeden zweiten Samstag eines Monats statt, [&hellip;]<\/p>\n","protected":false},"author":1,"featured_media":0,"parent":0,"menu_order":0,"comment_status":"closed","ping_status":"closed","template":"single-four.php","meta":[],"acf":[],"yoast_head":"<!-- This site is optimized with the Yoast SEO plugin v19.4 - https:\/\/yoast.com\/wordpress\/plugins\/seo\/ -->\n<title>Durlsey in den Cotswolds - Unterkunft, Sehensw\u00fcrdigkeiten und Geschichte - Urlaub &amp; Reisen<\/title>\n<meta name=\"robots\" content=\"index, follow, max-snippet:-1, max-image-preview:large, max-video-preview:-1\" \/>\n<link rel=\"canonical\" href=\"https:\/\/www.urlaubcornwall.de\/blog\/durlsey-den-cotswolds-unterkunft-sehenswuerdigkeiten-und-geschichte\/\" \/>\n<meta property=\"og:locale\" content=\"en_US\" \/>\n<meta property=\"og:type\" content=\"article\" \/>\n<meta property=\"og:title\" content=\"Durlsey in den Cotswolds - Unterkunft, Sehensw\u00fcrdigkeiten und Geschichte - Urlaub &amp; Reisen\" \/>\n<meta property=\"og:description\" content=\"Die Marktstadt Dursley ist umgeben von H\u00fcgeln, hat einige h\u00fcbsche Spazierwege mit herrlichem Blick und bietet sich hervorragend an als Ausgangsbasis f\u00fcr einen Wanderurlaub in den Cotswolds. Im Oktober jeden Jahres findet ein Wanderfest statt, wo Sie an kostenfreien Wanderungen durch die wundersch\u00f6ne Landschaft teilnehmen k\u00f6nnen. Der Bauernmarkt findet jeden zweiten Samstag eines Monats statt, [&hellip;]\" \/>\n<meta property=\"og:url\" content=\"https:\/\/www.urlaubcornwall.de\/blog\/durlsey-den-cotswolds-unterkunft-sehenswuerdigkeiten-und-geschichte\/\" \/>\n<meta property=\"og:site_name\" content=\"Urlaub &amp; Reisen\" \/>\n<meta property=\"article:modified_time\" content=\"2021-09-06T07:22:40+00:00\" \/>\n<meta property=\"og:image\" content=\"https:\/\/www.urlaubcornwall.de\/blog\/wp-content\/uploads\/2017\/04\/cotswolds-way_1.jpg\" \/>\n<meta name=\"twitter:card\" content=\"summary\" \/>\n<meta name=\"twitter:label1\" content=\"Est. reading time\" \/>\n\t<meta name=\"twitter:data1\" content=\"2 minutes\" \/>\n<script type=\"application\/ld+json\" class=\"yoast-schema-graph\">{\"@context\":\"https:\/\/schema.org\",\"@graph\":[{\"@type\":\"WebSite\",\"@id\":\"https:\/\/www.urlaubcornwall.de\/blog\/#website\",\"url\":\"https:\/\/www.urlaubcornwall.de\/blog\/\",\"name\":\"Urlaub &amp; Reisen\",\"description\":\"Urlaub, Reisen, Cornwall und S\u00fcdengland: eine perfekte Kombination\",\"potentialAction\":[{\"@type\":\"SearchAction\",\"target\":{\"@type\":\"EntryPoint\",\"urlTemplate\":\"https:\/\/www.urlaubcornwall.de\/blog\/?s={search_term_string}\"},\"query-input\":\"required name=search_term_string\"}],\"inLanguage\":\"en-US\"},{\"@type\":\"WebPage\",\"@id\":\"https:\/\/www.urlaubcornwall.de\/blog\/durlsey-den-cotswolds-unterkunft-sehenswuerdigkeiten-und-geschichte\/\",\"url\":\"https:\/\/www.urlaubcornwall.de\/blog\/durlsey-den-cotswolds-unterkunft-sehenswuerdigkeiten-und-geschichte\/\",\"name\":\"Durlsey in den Cotswolds - Unterkunft, Sehensw\u00fcrdigkeiten und Geschichte - Urlaub &amp; Reisen\",\"isPartOf\":{\"@id\":\"https:\/\/www.urlaubcornwall.de\/blog\/#website\"},\"datePublished\":\"2017-04-26T13:15:02+00:00\",\"dateModified\":\"2021-09-06T07:22:40+00:00\",\"breadcrumb\":{\"@id\":\"https:\/\/www.urlaubcornwall.de\/blog\/durlsey-den-cotswolds-unterkunft-sehenswuerdigkeiten-und-geschichte\/#breadcrumb\"},\"inLanguage\":\"en-US\",\"potentialAction\":[{\"@type\":\"ReadAction\",\"target\":[\"https:\/\/www.urlaubcornwall.de\/blog\/durlsey-den-cotswolds-unterkunft-sehenswuerdigkeiten-und-geschichte\/\"]}]},{\"@type\":\"BreadcrumbList\",\"@id\":\"https:\/\/www.urlaubcornwall.de\/blog\/durlsey-den-cotswolds-unterkunft-sehenswuerdigkeiten-und-geschichte\/#breadcrumb\",\"itemListElement\":[{\"@type\":\"ListItem\",\"position\":1,\"name\":\"Home\",\"item\":\"https:\/\/www.urlaubcornwall.de\/blog\/\"},{\"@type\":\"ListItem\",\"position\":2,\"name\":\"Durlsey in den Cotswolds &#8211; Unterkunft, Sehensw\u00fcrdigkeiten und Geschichte\"}]}]}<\/script>\n<!-- \/ Yoast SEO plugin. -->","yoast_head_json":{"title":"Durlsey in den Cotswolds - Unterkunft, Sehensw\u00fcrdigkeiten und Geschichte - Urlaub &amp; Reisen","robots":{"index":"index","follow":"follow","max-snippet":"max-snippet:-1","max-image-preview":"max-image-preview:large","max-video-preview":"max-video-preview:-1"},"canonical":"https:\/\/www.urlaubcornwall.de\/blog\/durlsey-den-cotswolds-unterkunft-sehenswuerdigkeiten-und-geschichte\/","og_locale":"en_US","og_type":"article","og_title":"Durlsey in den Cotswolds - Unterkunft, Sehensw\u00fcrdigkeiten und Geschichte - Urlaub &amp; Reisen","og_description":"Die Marktstadt Dursley ist umgeben von H\u00fcgeln, hat einige h\u00fcbsche Spazierwege mit herrlichem Blick und bietet sich hervorragend an als Ausgangsbasis f\u00fcr einen Wanderurlaub in den Cotswolds. Im Oktober jeden Jahres findet ein Wanderfest statt, wo Sie an kostenfreien Wanderungen durch die wundersch\u00f6ne Landschaft teilnehmen k\u00f6nnen. Der Bauernmarkt findet jeden zweiten Samstag eines Monats statt, [&hellip;]","og_url":"https:\/\/www.urlaubcornwall.de\/blog\/durlsey-den-cotswolds-unterkunft-sehenswuerdigkeiten-und-geschichte\/","og_site_name":"Urlaub &amp; Reisen","article_modified_time":"2021-09-06T07:22:40+00:00","og_image":[{"url":"https:\/\/www.urlaubcornwall.de\/blog\/wp-content\/uploads\/2017\/04\/cotswolds-way_1.jpg"}],"twitter_card":"summary","twitter_misc":{"Est. reading time":"2 minutes"},"schema":{"@context":"https:\/\/schema.org","@graph":[{"@type":"WebSite","@id":"https:\/\/www.urlaubcornwall.de\/blog\/#website","url":"https:\/\/www.urlaubcornwall.de\/blog\/","name":"Urlaub &amp; Reisen","description":"Urlaub, Reisen, Cornwall und S\u00fcdengland: eine perfekte Kombination","potentialAction":[{"@type":"SearchAction","target":{"@type":"EntryPoint","urlTemplate":"https:\/\/www.urlaubcornwall.de\/blog\/?s={search_term_string}"},"query-input":"required name=search_term_string"}],"inLanguage":"en-US"},{"@type":"WebPage","@id":"https:\/\/www.urlaubcornwall.de\/blog\/durlsey-den-cotswolds-unterkunft-sehenswuerdigkeiten-und-geschichte\/","url":"https:\/\/www.urlaubcornwall.de\/blog\/durlsey-den-cotswolds-unterkunft-sehenswuerdigkeiten-und-geschichte\/","name":"Durlsey in den Cotswolds - Unterkunft, Sehensw\u00fcrdigkeiten und Geschichte - Urlaub &amp; Reisen","isPartOf":{"@id":"https:\/\/www.urlaubcornwall.de\/blog\/#website"},"datePublished":"2017-04-26T13:15:02+00:00","dateModified":"2021-09-06T07:22:40+00:00","breadcrumb":{"@id":"https:\/\/www.urlaubcornwall.de\/blog\/durlsey-den-cotswolds-unterkunft-sehenswuerdigkeiten-und-geschichte\/#breadcrumb"},"inLanguage":"en-US","potentialAction":[{"@type":"ReadAction","target":["https:\/\/www.urlaubcornwall.de\/blog\/durlsey-den-cotswolds-unterkunft-sehenswuerdigkeiten-und-geschichte\/"]}]},{"@type":"BreadcrumbList","@id":"https:\/\/www.urlaubcornwall.de\/blog\/durlsey-den-cotswolds-unterkunft-sehenswuerdigkeiten-und-geschichte\/#breadcrumb","itemListElement":[{"@type":"ListItem","position":1,"name":"Home","item":"https:\/\/www.urlaubcornwall.de\/blog\/"},{"@type":"ListItem","position":2,"name":"Durlsey in den Cotswolds &#8211; Unterkunft, Sehensw\u00fcrdigkeiten und Geschichte"}]}]}},"_links":{"self":[{"href":"https:\/\/www.urlaubcornwall.de\/blog\/wp-json\/wp\/v2\/pages\/27815"}],"collection":[{"href":"https:\/\/www.urlaubcornwall.de\/blog\/wp-json\/wp\/v2\/pages"}],"about":[{"href":"https:\/\/www.urlaubcornwall.de\/blog\/wp-json\/wp\/v2\/types\/page"}],"author":[{"embeddable":true,"href":"https:\/\/www.urlaubcornwall.de\/blog\/wp-json\/wp\/v2\/users\/1"}],"replies":[{"embeddable":true,"href":"https:\/\/www.urlaubcornwall.de\/blog\/wp-json\/wp\/v2\/comments?post=27815"}],"version-history":[{"count":4,"href":"https:\/\/www.urlaubcornwall.de\/blog\/wp-json\/wp\/v2\/pages\/27815\/revisions"}],"predecessor-version":[{"id":42566,"href":"https:\/\/www.urlaubcornwall.de\/blog\/wp-json\/wp\/v2\/pages\/27815\/revisions\/42566"}],"wp:attachment":[{"href":"https:\/\/www.urlaubcornwall.de\/blog\/wp-json\/wp\/v2\/media?parent=27815"}],"curies":[{"name":"wp","href":"https:\/\/api.w.org\/{rel}","templated":true}]}}