{"id":27786,"date":"2017-04-25T12:53:22","date_gmt":"2017-04-25T12:53:22","guid":{"rendered":"https:\/\/www.urlaubcornwall.de\/blog\/?page_id=27786"},"modified":"2020-02-10T13:32:35","modified_gmt":"2020-02-10T13:32:35","slug":"luxus-hotel-st-ives-cornwall","status":"publish","type":"page","link":"https:\/\/www.urlaubcornwall.de\/blog\/luxus-hotel-st-ives-cornwall\/","title":{"rendered":"Luxus-Hotel St Ives in Cornwall"},"content":{"rendered":"<p><strong>Luxus Hotel in St Ives<\/strong> &#8211; The Gannet Inn befindet sich im h\u00fcbschen Dorf Carbis Bay, eine Meile von der urigen Hafenstadt St Ives entfernt, und es ist lediglich ein kurzer Spaziergang das Tal entlang vom preisgekr\u00f6nten blau beflaggten Carbis Bay Beach.<\/p>\n<p>The Gannet Inn hat Boutiquezimmer, ein gem\u00fctliches Restaurant mit Barbereich und liegt bei St Ives in Cornwall. Designt im Sinne eines zur Entspannung einladenden, stilvollen Ortes mit willkommen hei\u00dfender Atmosph\u00e4re, wo gutes Essen genossen werden kann, verf\u00fcgt das Gannet \u00fcber eine urige Inneneinrichtung mit dem Stil und der Finesse eines Boutique Hotels, w\u00e4hrend es auch ein warmer und freundlicher Ort ist, um einfach reinzuschauen, um Neuigkeiten auszutauschen oder etwas zu essen.<\/p>\n<p>Das Gannet ist ein Schwesternhotel zum Carbis Bay Hotel, Spa &amp; Estate \u2013 einem vier-Sterne Urlaubsdomizil an der K\u00fcste Cornwalls bei St Ives und befindet sich lediglich einen kurzen Spaziergang vom Gannet Inn entfernt.<\/p>\n<p>Dort k\u00f6nnen Sie s\u00e4mtliche Anwendungen genie\u00dfen, die das preisgekr\u00f6nte Spa zu bieten hat, w\u00e4hrend Sie im Gannet Inn wohnen.<\/p>\n<p style=\"text-align: center;\"><a class=\"tidycta\" href=\"https:\/\/www.booking.com\/hotel\/gb\/the-gannet-inn.en.html?aid=1320750&#038;no_rooms=1&#038;group_adults=2\" rel=\"sponsored\">Anfrage \/ Buchung<\/a><\/p>\n<p style=\"text-align: center;\"><a href=\"https:\/\/www.urlaubcornwall.de\/rundreisenservice.php\"><strong>Unser Rundreisenservice<\/strong><\/a><\/p>\n<p style=\"text-align: center;\">Das beste an unseren Touren ist, dass Sie \u00fcberhaupt nicht eingeschr\u00e4nkt sind.Sie reisen vielleicht g\u00fcnstig, doch das bedeutet nicht, dass Sie nicht eine besondere Nacht in einer Luxusunterkunft oder einem Schlosshotel verbringen k\u00f6nnen.<\/p>\n<p style=\"text-align: center;\"><strong>In welchem Hotel werde ich untergebracht sein?<\/strong><\/p>\n<p style=\"text-align: center;\">In jeder Region des UK, die Sie vielleicht besuchen m\u00f6chten, haben wir uns zusammengeschlossen mit Unterkunftsprovidern, jedem Budget entsprechend. Die Hotels, die wir w\u00e4hlen, sind sorgsam handverlesen bez\u00fcglich des Standards der Unterkunft, dem Service, Kundenbewertungen, der Lage und des Preises.<\/p>\n<p style=\"text-align: center;\"><a class=\"tidycta\" href=\"http:\/\/www.urlaubcornwall.de\/anfrage.php?tourcode=Rundreise S\u00fcdengland\">S\u00fcdengland Rundreise Anfrage<\/a><\/p>\n","protected":false},"excerpt":{"rendered":"<p>Luxus Hotel in St Ives &#8211; The Gannet Inn befindet sich im h\u00fcbschen Dorf Carbis Bay, eine Meile von der urigen Hafenstadt St Ives entfernt, und es ist lediglich ein kurzer Spaziergang das Tal entlang vom preisgekr\u00f6nten blau beflaggten Carbis Bay Beach. The Gannet Inn hat Boutiquezimmer, ein gem\u00fctliches Restaurant mit Barbereich und liegt bei [&hellip;]<\/p>\n","protected":false},"author":1,"featured_media":0,"parent":0,"menu_order":0,"comment_status":"closed","ping_status":"closed","template":"single-two.php","meta":[],"acf":[],"yoast_head":"<!-- This site is optimized with the Yoast SEO plugin v19.4 - https:\/\/yoast.com\/wordpress\/plugins\/seo\/ -->\n<title>Luxus-Hotel St Ives in Cornwall - Urlaub &amp; Reisen<\/title>\n<meta name=\"robots\" content=\"index, follow, max-snippet:-1, max-image-preview:large, max-video-preview:-1\" \/>\n<link rel=\"canonical\" href=\"https:\/\/www.urlaubcornwall.de\/blog\/luxus-hotel-st-ives-cornwall\/\" \/>\n<meta property=\"og:locale\" content=\"en_US\" \/>\n<meta property=\"og:type\" content=\"article\" \/>\n<meta property=\"og:title\" content=\"Luxus-Hotel St Ives in Cornwall - Urlaub &amp; Reisen\" \/>\n<meta property=\"og:description\" content=\"Luxus Hotel in St Ives &#8211; The Gannet Inn befindet sich im h\u00fcbschen Dorf Carbis Bay, eine Meile von der urigen Hafenstadt St Ives entfernt, und es ist lediglich ein kurzer Spaziergang das Tal entlang vom preisgekr\u00f6nten blau beflaggten Carbis Bay Beach. The Gannet Inn hat Boutiquezimmer, ein gem\u00fctliches Restaurant mit Barbereich und liegt bei [&hellip;]\" \/>\n<meta property=\"og:url\" content=\"https:\/\/www.urlaubcornwall.de\/blog\/luxus-hotel-st-ives-cornwall\/\" \/>\n<meta property=\"og:site_name\" content=\"Urlaub &amp; Reisen\" \/>\n<meta property=\"article:modified_time\" content=\"2020-02-10T13:32:35+00:00\" \/>\n<meta name=\"twitter:card\" content=\"summary\" \/>\n<meta name=\"twitter:label1\" content=\"Est. reading time\" \/>\n\t<meta name=\"twitter:data1\" content=\"1 minute\" \/>\n<script type=\"application\/ld+json\" class=\"yoast-schema-graph\">{\"@context\":\"https:\/\/schema.org\",\"@graph\":[{\"@type\":\"WebSite\",\"@id\":\"https:\/\/www.urlaubcornwall.de\/blog\/#website\",\"url\":\"https:\/\/www.urlaubcornwall.de\/blog\/\",\"name\":\"Urlaub &amp; Reisen\",\"description\":\"Urlaub, Reisen, Cornwall und S\u00fcdengland: eine perfekte Kombination\",\"potentialAction\":[{\"@type\":\"SearchAction\",\"target\":{\"@type\":\"EntryPoint\",\"urlTemplate\":\"https:\/\/www.urlaubcornwall.de\/blog\/?s={search_term_string}\"},\"query-input\":\"required name=search_term_string\"}],\"inLanguage\":\"en-US\"},{\"@type\":\"WebPage\",\"@id\":\"https:\/\/www.urlaubcornwall.de\/blog\/luxus-hotel-st-ives-cornwall\/\",\"url\":\"https:\/\/www.urlaubcornwall.de\/blog\/luxus-hotel-st-ives-cornwall\/\",\"name\":\"Luxus-Hotel St Ives in Cornwall - Urlaub &amp; Reisen\",\"isPartOf\":{\"@id\":\"https:\/\/www.urlaubcornwall.de\/blog\/#website\"},\"datePublished\":\"2017-04-25T12:53:22+00:00\",\"dateModified\":\"2020-02-10T13:32:35+00:00\",\"breadcrumb\":{\"@id\":\"https:\/\/www.urlaubcornwall.de\/blog\/luxus-hotel-st-ives-cornwall\/#breadcrumb\"},\"inLanguage\":\"en-US\",\"potentialAction\":[{\"@type\":\"ReadAction\",\"target\":[\"https:\/\/www.urlaubcornwall.de\/blog\/luxus-hotel-st-ives-cornwall\/\"]}]},{\"@type\":\"BreadcrumbList\",\"@id\":\"https:\/\/www.urlaubcornwall.de\/blog\/luxus-hotel-st-ives-cornwall\/#breadcrumb\",\"itemListElement\":[{\"@type\":\"ListItem\",\"position\":1,\"name\":\"Home\",\"item\":\"https:\/\/www.urlaubcornwall.de\/blog\/\"},{\"@type\":\"ListItem\",\"position\":2,\"name\":\"Luxus-Hotel St Ives in Cornwall\"}]}]}<\/script>\n<!-- \/ Yoast SEO plugin. -->","yoast_head_json":{"title":"Luxus-Hotel St Ives in Cornwall - Urlaub &amp; Reisen","robots":{"index":"index","follow":"follow","max-snippet":"max-snippet:-1","max-image-preview":"max-image-preview:large","max-video-preview":"max-video-preview:-1"},"canonical":"https:\/\/www.urlaubcornwall.de\/blog\/luxus-hotel-st-ives-cornwall\/","og_locale":"en_US","og_type":"article","og_title":"Luxus-Hotel St Ives in Cornwall - Urlaub &amp; Reisen","og_description":"Luxus Hotel in St Ives &#8211; The Gannet Inn befindet sich im h\u00fcbschen Dorf Carbis Bay, eine Meile von der urigen Hafenstadt St Ives entfernt, und es ist lediglich ein kurzer Spaziergang das Tal entlang vom preisgekr\u00f6nten blau beflaggten Carbis Bay Beach. The Gannet Inn hat Boutiquezimmer, ein gem\u00fctliches Restaurant mit Barbereich und liegt bei [&hellip;]","og_url":"https:\/\/www.urlaubcornwall.de\/blog\/luxus-hotel-st-ives-cornwall\/","og_site_name":"Urlaub &amp; Reisen","article_modified_time":"2020-02-10T13:32:35+00:00","twitter_card":"summary","twitter_misc":{"Est. reading time":"1 minute"},"schema":{"@context":"https:\/\/schema.org","@graph":[{"@type":"WebSite","@id":"https:\/\/www.urlaubcornwall.de\/blog\/#website","url":"https:\/\/www.urlaubcornwall.de\/blog\/","name":"Urlaub &amp; Reisen","description":"Urlaub, Reisen, Cornwall und S\u00fcdengland: eine perfekte Kombination","potentialAction":[{"@type":"SearchAction","target":{"@type":"EntryPoint","urlTemplate":"https:\/\/www.urlaubcornwall.de\/blog\/?s={search_term_string}"},"query-input":"required name=search_term_string"}],"inLanguage":"en-US"},{"@type":"WebPage","@id":"https:\/\/www.urlaubcornwall.de\/blog\/luxus-hotel-st-ives-cornwall\/","url":"https:\/\/www.urlaubcornwall.de\/blog\/luxus-hotel-st-ives-cornwall\/","name":"Luxus-Hotel St Ives in Cornwall - Urlaub &amp; Reisen","isPartOf":{"@id":"https:\/\/www.urlaubcornwall.de\/blog\/#website"},"datePublished":"2017-04-25T12:53:22+00:00","dateModified":"2020-02-10T13:32:35+00:00","breadcrumb":{"@id":"https:\/\/www.urlaubcornwall.de\/blog\/luxus-hotel-st-ives-cornwall\/#breadcrumb"},"inLanguage":"en-US","potentialAction":[{"@type":"ReadAction","target":["https:\/\/www.urlaubcornwall.de\/blog\/luxus-hotel-st-ives-cornwall\/"]}]},{"@type":"BreadcrumbList","@id":"https:\/\/www.urlaubcornwall.de\/blog\/luxus-hotel-st-ives-cornwall\/#breadcrumb","itemListElement":[{"@type":"ListItem","position":1,"name":"Home","item":"https:\/\/www.urlaubcornwall.de\/blog\/"},{"@type":"ListItem","position":2,"name":"Luxus-Hotel St Ives in Cornwall"}]}]}},"_links":{"self":[{"href":"https:\/\/www.urlaubcornwall.de\/blog\/wp-json\/wp\/v2\/pages\/27786"}],"collection":[{"href":"https:\/\/www.urlaubcornwall.de\/blog\/wp-json\/wp\/v2\/pages"}],"about":[{"href":"https:\/\/www.urlaubcornwall.de\/blog\/wp-json\/wp\/v2\/types\/page"}],"author":[{"embeddable":true,"href":"https:\/\/www.urlaubcornwall.de\/blog\/wp-json\/wp\/v2\/users\/1"}],"replies":[{"embeddable":true,"href":"https:\/\/www.urlaubcornwall.de\/blog\/wp-json\/wp\/v2\/comments?post=27786"}],"version-history":[{"count":5,"href":"https:\/\/www.urlaubcornwall.de\/blog\/wp-json\/wp\/v2\/pages\/27786\/revisions"}],"predecessor-version":[{"id":39399,"href":"https:\/\/www.urlaubcornwall.de\/blog\/wp-json\/wp\/v2\/pages\/27786\/revisions\/39399"}],"wp:attachment":[{"href":"https:\/\/www.urlaubcornwall.de\/blog\/wp-json\/wp\/v2\/media?parent=27786"}],"curies":[{"name":"wp","href":"https:\/\/api.w.org\/{rel}","templated":true}]}}