{"id":27771,"date":"2017-04-24T15:59:04","date_gmt":"2017-04-24T15:59:04","guid":{"rendered":"https:\/\/www.urlaubcornwall.de\/blog\/?page_id=27771"},"modified":"2024-05-14T08:37:26","modified_gmt":"2024-05-14T08:37:26","slug":"guenstig-urlaub-cornwall-im-juli-und-august-ja-das-ist-jetzt-moeglich","status":"publish","type":"page","link":"https:\/\/www.urlaubcornwall.de\/blog\/guenstig-urlaub-cornwall-im-juli-und-august-ja-das-ist-jetzt-moeglich\/","title":{"rendered":"G\u00fcnstig Urlaub in Cornwall im Juli und August? Ja, das ist jetzt m\u00f6glich!"},"content":{"rendered":"<p style=\"text-align: center;\">F\u00fcr einen <a href=\"https:\/\/www.urlaubcornwall.de\/blog\/falmouth-cornwall-geschichte-sehenswuerdigkeiten-und-unterkunft\/\">Sommerurlaub in Falmouth<\/a> bieten wir das beste Preis-\/Leistungsverh\u00e4ltnis f\u00fcr Einzelreisende, Ehepaare, Familien und Gruppen an. Obwohl Cornwall insbesondere im Sommer zu den beliebtesten Urlaubszielen geh\u00f6rt, k\u00f6nnen wir Ihnen jetzt eine ganz besondere Gelegenheit anbieten, den \u00e4u\u00dfesten S\u00fcdwesten Englands zu der begehrtesten Jahreszeit pers\u00f6nlich zu entdecken.<\/p>\n<p style=\"text-align: center;\">Denn wir bieten Ihnen exklusiv in den Monaten Juli und August eine moderne und preisg\u00fcnstige, aber gleichzeitig einem Hotel \u00e4hnliche Unterbringung an.<\/p>\n<p style=\"text-align: center;\">Auf dem 40 Hektar gro\u00dfen Universit\u00e4tsgel\u00e4nde des <a href=\"https:\/\/www.booking.com\/hotel\/gb\/glasney-parc-at-tremough-campus.en.html?aid=1320750&amp;no_rooms=1&amp;group_adults=2\" rel=\"nofollow\">Penryn Campus<\/a> gelegen und nur 10 Minuten mit dem Auto oder Bus vom Stadtzentrum von Falmouth und Cornwalls sch\u00f6nsten Str\u00e4nden entfernt, ist die ruhige Lage dieser Unterkunft ein perfekter Standort f\u00fcr einen ganz entspannten Urlaub in Cornwall.<\/p>\n<p style=\"text-align: center;\">F\u00fcr Familien mit Jugendlichen oder bereits angehenden Studenten ist dies au\u00dferdem eine ideale Gelegenheit, schon mal englische Universit\u00e4tsluft auf einem modernen, aber malerischen Campusgel\u00e4nde zu schnuppern.<\/p>\n<p style=\"text-align: center;\">Alle Doppel- und 2-Bett-Zimmer sind mit Du\/WC, Bettw\u00e4sche und Handt\u00fcchern ausgestattet. Die \u00bbStandard Rooms\u00ab verf\u00fcgen dar\u00fcber hinaus noch \u00fcber K\u00f6rperpflegemittel, einen Fernseher und ein Tablett zum Tee oder Kaffee zubereiten.<\/p>\n<p style=\"text-align: center;\"><a href=\"https:\/\/www.booking.com\/hotel\/gb\/glasney-parc-at-tremough-campus.en.html?aid=1320750&#038;no_rooms=1&#038;group_adults=2\"><strong>Um die Verf\u00fcgbarkeit zu pr\u00fcfen und zu buchen, klicken Sie hier<\/strong><\/a><\/p>\n","protected":false},"excerpt":{"rendered":"<p>F\u00fcr einen Sommerurlaub in Falmouth bieten wir das beste Preis-\/Leistungsverh\u00e4ltnis f\u00fcr Einzelreisende, Ehepaare, Familien und Gruppen an. Obwohl Cornwall insbesondere im Sommer zu den beliebtesten Urlaubszielen geh\u00f6rt, k\u00f6nnen wir Ihnen jetzt eine ganz besondere Gelegenheit anbieten, den \u00e4u\u00dfesten S\u00fcdwesten Englands zu der begehrtesten Jahreszeit pers\u00f6nlich zu entdecken. Denn wir bieten Ihnen exklusiv in den Monaten [&hellip;]<\/p>\n","protected":false},"author":1,"featured_media":0,"parent":0,"menu_order":0,"comment_status":"closed","ping_status":"closed","template":"single-two.php","meta":[],"acf":[],"yoast_head":"<!-- This site is optimized with the Yoast SEO plugin v19.4 - https:\/\/yoast.com\/wordpress\/plugins\/seo\/ -->\n<title>G\u00fcnstig Urlaub in Cornwall im Juli und August? Ja, das ist jetzt m\u00f6glich! - Urlaub &amp; Reisen<\/title>\n<meta name=\"robots\" content=\"index, follow, max-snippet:-1, max-image-preview:large, max-video-preview:-1\" \/>\n<link rel=\"canonical\" href=\"https:\/\/www.urlaubcornwall.de\/blog\/guenstig-urlaub-cornwall-im-juli-und-august-ja-das-ist-jetzt-moeglich\/\" \/>\n<meta property=\"og:locale\" content=\"en_US\" \/>\n<meta property=\"og:type\" content=\"article\" \/>\n<meta property=\"og:title\" content=\"G\u00fcnstig Urlaub in Cornwall im Juli und August? Ja, das ist jetzt m\u00f6glich! - Urlaub &amp; Reisen\" \/>\n<meta property=\"og:description\" content=\"F\u00fcr einen Sommerurlaub in Falmouth bieten wir das beste Preis-\/Leistungsverh\u00e4ltnis f\u00fcr Einzelreisende, Ehepaare, Familien und Gruppen an. Obwohl Cornwall insbesondere im Sommer zu den beliebtesten Urlaubszielen geh\u00f6rt, k\u00f6nnen wir Ihnen jetzt eine ganz besondere Gelegenheit anbieten, den \u00e4u\u00dfesten S\u00fcdwesten Englands zu der begehrtesten Jahreszeit pers\u00f6nlich zu entdecken. Denn wir bieten Ihnen exklusiv in den Monaten [&hellip;]\" \/>\n<meta property=\"og:url\" content=\"https:\/\/www.urlaubcornwall.de\/blog\/guenstig-urlaub-cornwall-im-juli-und-august-ja-das-ist-jetzt-moeglich\/\" \/>\n<meta property=\"og:site_name\" content=\"Urlaub &amp; Reisen\" \/>\n<meta property=\"article:modified_time\" content=\"2024-05-14T08:37:26+00:00\" \/>\n<meta name=\"twitter:card\" content=\"summary\" \/>\n<meta name=\"twitter:label1\" content=\"Est. reading time\" \/>\n\t<meta name=\"twitter:data1\" content=\"1 minute\" \/>\n<script type=\"application\/ld+json\" class=\"yoast-schema-graph\">{\"@context\":\"https:\/\/schema.org\",\"@graph\":[{\"@type\":\"WebSite\",\"@id\":\"https:\/\/www.urlaubcornwall.de\/blog\/#website\",\"url\":\"https:\/\/www.urlaubcornwall.de\/blog\/\",\"name\":\"Urlaub &amp; Reisen\",\"description\":\"Urlaub, Reisen, Cornwall und S\u00fcdengland: eine perfekte Kombination\",\"potentialAction\":[{\"@type\":\"SearchAction\",\"target\":{\"@type\":\"EntryPoint\",\"urlTemplate\":\"https:\/\/www.urlaubcornwall.de\/blog\/?s={search_term_string}\"},\"query-input\":\"required name=search_term_string\"}],\"inLanguage\":\"en-US\"},{\"@type\":\"WebPage\",\"@id\":\"https:\/\/www.urlaubcornwall.de\/blog\/guenstig-urlaub-cornwall-im-juli-und-august-ja-das-ist-jetzt-moeglich\/\",\"url\":\"https:\/\/www.urlaubcornwall.de\/blog\/guenstig-urlaub-cornwall-im-juli-und-august-ja-das-ist-jetzt-moeglich\/\",\"name\":\"G\u00fcnstig Urlaub in Cornwall im Juli und August? Ja, das ist jetzt m\u00f6glich! - Urlaub &amp; Reisen\",\"isPartOf\":{\"@id\":\"https:\/\/www.urlaubcornwall.de\/blog\/#website\"},\"datePublished\":\"2017-04-24T15:59:04+00:00\",\"dateModified\":\"2024-05-14T08:37:26+00:00\",\"breadcrumb\":{\"@id\":\"https:\/\/www.urlaubcornwall.de\/blog\/guenstig-urlaub-cornwall-im-juli-und-august-ja-das-ist-jetzt-moeglich\/#breadcrumb\"},\"inLanguage\":\"en-US\",\"potentialAction\":[{\"@type\":\"ReadAction\",\"target\":[\"https:\/\/www.urlaubcornwall.de\/blog\/guenstig-urlaub-cornwall-im-juli-und-august-ja-das-ist-jetzt-moeglich\/\"]}]},{\"@type\":\"BreadcrumbList\",\"@id\":\"https:\/\/www.urlaubcornwall.de\/blog\/guenstig-urlaub-cornwall-im-juli-und-august-ja-das-ist-jetzt-moeglich\/#breadcrumb\",\"itemListElement\":[{\"@type\":\"ListItem\",\"position\":1,\"name\":\"Home\",\"item\":\"https:\/\/www.urlaubcornwall.de\/blog\/\"},{\"@type\":\"ListItem\",\"position\":2,\"name\":\"G\u00fcnstig Urlaub in Cornwall im Juli und August? Ja, das ist jetzt m\u00f6glich!\"}]}]}<\/script>\n<!-- \/ Yoast SEO plugin. -->","yoast_head_json":{"title":"G\u00fcnstig Urlaub in Cornwall im Juli und August? Ja, das ist jetzt m\u00f6glich! - Urlaub &amp; Reisen","robots":{"index":"index","follow":"follow","max-snippet":"max-snippet:-1","max-image-preview":"max-image-preview:large","max-video-preview":"max-video-preview:-1"},"canonical":"https:\/\/www.urlaubcornwall.de\/blog\/guenstig-urlaub-cornwall-im-juli-und-august-ja-das-ist-jetzt-moeglich\/","og_locale":"en_US","og_type":"article","og_title":"G\u00fcnstig Urlaub in Cornwall im Juli und August? Ja, das ist jetzt m\u00f6glich! - Urlaub &amp; Reisen","og_description":"F\u00fcr einen Sommerurlaub in Falmouth bieten wir das beste Preis-\/Leistungsverh\u00e4ltnis f\u00fcr Einzelreisende, Ehepaare, Familien und Gruppen an. Obwohl Cornwall insbesondere im Sommer zu den beliebtesten Urlaubszielen geh\u00f6rt, k\u00f6nnen wir Ihnen jetzt eine ganz besondere Gelegenheit anbieten, den \u00e4u\u00dfesten S\u00fcdwesten Englands zu der begehrtesten Jahreszeit pers\u00f6nlich zu entdecken. Denn wir bieten Ihnen exklusiv in den Monaten [&hellip;]","og_url":"https:\/\/www.urlaubcornwall.de\/blog\/guenstig-urlaub-cornwall-im-juli-und-august-ja-das-ist-jetzt-moeglich\/","og_site_name":"Urlaub &amp; Reisen","article_modified_time":"2024-05-14T08:37:26+00:00","twitter_card":"summary","twitter_misc":{"Est. reading time":"1 minute"},"schema":{"@context":"https:\/\/schema.org","@graph":[{"@type":"WebSite","@id":"https:\/\/www.urlaubcornwall.de\/blog\/#website","url":"https:\/\/www.urlaubcornwall.de\/blog\/","name":"Urlaub &amp; Reisen","description":"Urlaub, Reisen, Cornwall und S\u00fcdengland: eine perfekte Kombination","potentialAction":[{"@type":"SearchAction","target":{"@type":"EntryPoint","urlTemplate":"https:\/\/www.urlaubcornwall.de\/blog\/?s={search_term_string}"},"query-input":"required name=search_term_string"}],"inLanguage":"en-US"},{"@type":"WebPage","@id":"https:\/\/www.urlaubcornwall.de\/blog\/guenstig-urlaub-cornwall-im-juli-und-august-ja-das-ist-jetzt-moeglich\/","url":"https:\/\/www.urlaubcornwall.de\/blog\/guenstig-urlaub-cornwall-im-juli-und-august-ja-das-ist-jetzt-moeglich\/","name":"G\u00fcnstig Urlaub in Cornwall im Juli und August? Ja, das ist jetzt m\u00f6glich! - Urlaub &amp; Reisen","isPartOf":{"@id":"https:\/\/www.urlaubcornwall.de\/blog\/#website"},"datePublished":"2017-04-24T15:59:04+00:00","dateModified":"2024-05-14T08:37:26+00:00","breadcrumb":{"@id":"https:\/\/www.urlaubcornwall.de\/blog\/guenstig-urlaub-cornwall-im-juli-und-august-ja-das-ist-jetzt-moeglich\/#breadcrumb"},"inLanguage":"en-US","potentialAction":[{"@type":"ReadAction","target":["https:\/\/www.urlaubcornwall.de\/blog\/guenstig-urlaub-cornwall-im-juli-und-august-ja-das-ist-jetzt-moeglich\/"]}]},{"@type":"BreadcrumbList","@id":"https:\/\/www.urlaubcornwall.de\/blog\/guenstig-urlaub-cornwall-im-juli-und-august-ja-das-ist-jetzt-moeglich\/#breadcrumb","itemListElement":[{"@type":"ListItem","position":1,"name":"Home","item":"https:\/\/www.urlaubcornwall.de\/blog\/"},{"@type":"ListItem","position":2,"name":"G\u00fcnstig Urlaub in Cornwall im Juli und August? Ja, das ist jetzt m\u00f6glich!"}]}]}},"_links":{"self":[{"href":"https:\/\/www.urlaubcornwall.de\/blog\/wp-json\/wp\/v2\/pages\/27771"}],"collection":[{"href":"https:\/\/www.urlaubcornwall.de\/blog\/wp-json\/wp\/v2\/pages"}],"about":[{"href":"https:\/\/www.urlaubcornwall.de\/blog\/wp-json\/wp\/v2\/types\/page"}],"author":[{"embeddable":true,"href":"https:\/\/www.urlaubcornwall.de\/blog\/wp-json\/wp\/v2\/users\/1"}],"replies":[{"embeddable":true,"href":"https:\/\/www.urlaubcornwall.de\/blog\/wp-json\/wp\/v2\/comments?post=27771"}],"version-history":[{"count":9,"href":"https:\/\/www.urlaubcornwall.de\/blog\/wp-json\/wp\/v2\/pages\/27771\/revisions"}],"predecessor-version":[{"id":50107,"href":"https:\/\/www.urlaubcornwall.de\/blog\/wp-json\/wp\/v2\/pages\/27771\/revisions\/50107"}],"wp:attachment":[{"href":"https:\/\/www.urlaubcornwall.de\/blog\/wp-json\/wp\/v2\/media?parent=27771"}],"curies":[{"name":"wp","href":"https:\/\/api.w.org\/{rel}","templated":true}]}}