{"id":27760,"date":"2017-04-24T15:23:05","date_gmt":"2017-04-24T15:23:05","guid":{"rendered":"https:\/\/www.urlaubcornwall.de\/blog\/?page_id=27760"},"modified":"2024-05-29T15:21:41","modified_gmt":"2024-05-29T15:21:41","slug":"luxus-schlosshotel-sussex-suedengland","status":"publish","type":"page","link":"https:\/\/www.urlaubcornwall.de\/blog\/luxus-schlosshotel-sussex-suedengland\/","title":{"rendered":"Luxus-Schlosshotel in S\u00fcdengland"},"content":{"rendered":"<p><a href=\"https:\/\/www.urlaubcornwall.de\/blog\/wp-content\/uploads\/2024\/03\/arundel-schloss-rotated.jpg\"><img loading=\"lazy\" src=\"https:\/\/www.urlaubcornwall.de\/blog\/wp-content\/uploads\/2024\/03\/arundel-schloss-rotated.jpg\" alt=\"schloss\" width=\"750\" height=\"563\" class=\"alignnone size-full wp-image-48095\" srcset=\"https:\/\/www.urlaubcornwall.de\/blog\/wp-content\/uploads\/2024\/03\/arundel-schloss-rotated.jpg 750w, https:\/\/www.urlaubcornwall.de\/blog\/wp-content\/uploads\/2024\/03\/arundel-schloss-300x225.jpg 300w\" sizes=\"(max-width: 750px) 100vw, 750px\" \/><\/a><br \/>\nEin Luxushotel in Sussex &#8211; Amberley Castle ist ein einzigartiges Luxushotel im malerischen Dorf Amberley am Fu\u00dfe der <a href=\"https:\/\/www.urlaubcornwall.de\/reiseziel\/sussex.php\">Sussex South Downs<\/a>. Im Privatbesitz von Andrew und Christina Brownsword, ist dieses herrliche 900 Jahre alte Schloss umgeben von einer 60 Fu\u00df hohen Fassadenmauer mit Fallt\u00fcr, die ge\u00f6ffnet bleibt und hinter der Sie ein entz\u00fcckendes Hotel entdecken werden, das Speisen und Service auf h\u00f6chstem Standard bietet.<\/p>\n<p>Die Zimmer sind pr\u00e4chtig mit s\u00e4mtlichen luxuri\u00f6sen Elementen, die Sie von einem Landhaushotel erwarten w\u00fcrden. Alle 19 Zimmer des Amberley Castle sind einzigartig in ihrem Design, ausgestattet mit Antiquit\u00e4ten und feinen Stoffen.<\/p>\n<p>Es gibt Tennispl\u00e4tze, eine18-Loch Minigolf- und Kricket-Wiese und sogar einen Pfau, der auf dem Grundst\u00fcck umher spaziert. F\u00fcr all jene, die Ruhe und Entspannung suchen, gibt es zahlreiche ruhige Ecken im Schatten eines Baumes oder am offenen Feuer zu entdecken.<\/p>\n<p>Amberley Castle hat schon lange den Ruf einer hervorragenden K\u00fcche, die genossen werden kann entweder im herrlichen Queen&#8217;s Room mit seiner Gew\u00f6lbedecke, die ins 12. Jahrhundert zur\u00fcckreicht und dem offenem Feuer oder im Great Room, der 1165 von Bischof Luffa von Chichester errichtet wurde, ein feines Beispiel normannischer Architektur mit seinen hohen &nbsp;Lanzettenfenstern, offenem Feuer, Eichenb\u00f6den, Tapisserie und R\u00fcstungen.<\/p>\n<p style=\"text-align: center;\"><a class=\"tidycta\" href=\"https:\/\/www.booking.com\/hotel\/gb\/amberley-castle-a-relais-chateaux.de.html?aid=1320750&amp;no_rooms=1&amp;group_adults=1\" rel=\"nofollow\">Verf\u00fcgbarkeit pr\u00fcfen<\/a><\/p>\n","protected":false},"excerpt":{"rendered":"<p>Ein Luxushotel in Sussex &#8211; Amberley Castle ist ein einzigartiges Luxushotel im malerischen Dorf Amberley am Fu\u00dfe der Sussex South Downs. Im Privatbesitz von Andrew und Christina Brownsword, ist dieses herrliche 900 Jahre alte Schloss umgeben von einer 60 Fu\u00df hohen Fassadenmauer mit Fallt\u00fcr, die ge\u00f6ffnet bleibt und hinter der Sie ein entz\u00fcckendes Hotel entdecken [&hellip;]<\/p>\n","protected":false},"author":1,"featured_media":0,"parent":0,"menu_order":0,"comment_status":"closed","ping_status":"closed","template":"single-four.php","meta":[],"acf":[],"yoast_head":"<!-- This site is optimized with the Yoast SEO plugin v19.4 - https:\/\/yoast.com\/wordpress\/plugins\/seo\/ -->\n<title>Luxus-Schlosshotel in S\u00fcdengland - Urlaub &amp; Reisen<\/title>\n<meta name=\"robots\" content=\"index, follow, max-snippet:-1, max-image-preview:large, max-video-preview:-1\" \/>\n<link rel=\"canonical\" href=\"https:\/\/www.urlaubcornwall.de\/blog\/luxus-schlosshotel-sussex-suedengland\/\" \/>\n<meta property=\"og:locale\" content=\"en_US\" \/>\n<meta property=\"og:type\" content=\"article\" \/>\n<meta property=\"og:title\" content=\"Luxus-Schlosshotel in S\u00fcdengland - Urlaub &amp; Reisen\" \/>\n<meta property=\"og:description\" content=\"Ein Luxushotel in Sussex &#8211; Amberley Castle ist ein einzigartiges Luxushotel im malerischen Dorf Amberley am Fu\u00dfe der Sussex South Downs. Im Privatbesitz von Andrew und Christina Brownsword, ist dieses herrliche 900 Jahre alte Schloss umgeben von einer 60 Fu\u00df hohen Fassadenmauer mit Fallt\u00fcr, die ge\u00f6ffnet bleibt und hinter der Sie ein entz\u00fcckendes Hotel entdecken [&hellip;]\" \/>\n<meta property=\"og:url\" content=\"https:\/\/www.urlaubcornwall.de\/blog\/luxus-schlosshotel-sussex-suedengland\/\" \/>\n<meta property=\"og:site_name\" content=\"Urlaub &amp; Reisen\" \/>\n<meta property=\"article:modified_time\" content=\"2024-05-29T15:21:41+00:00\" \/>\n<meta property=\"og:image\" content=\"https:\/\/www.urlaubcornwall.de\/blog\/wp-content\/uploads\/2024\/03\/arundel-schloss-rotated.jpg\" \/>\n<meta name=\"twitter:card\" content=\"summary\" \/>\n<meta name=\"twitter:label1\" content=\"Est. reading time\" \/>\n\t<meta name=\"twitter:data1\" content=\"1 minute\" \/>\n<script type=\"application\/ld+json\" class=\"yoast-schema-graph\">{\"@context\":\"https:\/\/schema.org\",\"@graph\":[{\"@type\":\"WebSite\",\"@id\":\"https:\/\/www.urlaubcornwall.de\/blog\/#website\",\"url\":\"https:\/\/www.urlaubcornwall.de\/blog\/\",\"name\":\"Urlaub &amp; Reisen\",\"description\":\"Urlaub, Reisen, Cornwall und S\u00fcdengland: eine perfekte Kombination\",\"potentialAction\":[{\"@type\":\"SearchAction\",\"target\":{\"@type\":\"EntryPoint\",\"urlTemplate\":\"https:\/\/www.urlaubcornwall.de\/blog\/?s={search_term_string}\"},\"query-input\":\"required name=search_term_string\"}],\"inLanguage\":\"en-US\"},{\"@type\":\"WebPage\",\"@id\":\"https:\/\/www.urlaubcornwall.de\/blog\/luxus-schlosshotel-sussex-suedengland\/\",\"url\":\"https:\/\/www.urlaubcornwall.de\/blog\/luxus-schlosshotel-sussex-suedengland\/\",\"name\":\"Luxus-Schlosshotel in S\u00fcdengland - Urlaub &amp; Reisen\",\"isPartOf\":{\"@id\":\"https:\/\/www.urlaubcornwall.de\/blog\/#website\"},\"datePublished\":\"2017-04-24T15:23:05+00:00\",\"dateModified\":\"2024-05-29T15:21:41+00:00\",\"breadcrumb\":{\"@id\":\"https:\/\/www.urlaubcornwall.de\/blog\/luxus-schlosshotel-sussex-suedengland\/#breadcrumb\"},\"inLanguage\":\"en-US\",\"potentialAction\":[{\"@type\":\"ReadAction\",\"target\":[\"https:\/\/www.urlaubcornwall.de\/blog\/luxus-schlosshotel-sussex-suedengland\/\"]}]},{\"@type\":\"BreadcrumbList\",\"@id\":\"https:\/\/www.urlaubcornwall.de\/blog\/luxus-schlosshotel-sussex-suedengland\/#breadcrumb\",\"itemListElement\":[{\"@type\":\"ListItem\",\"position\":1,\"name\":\"Home\",\"item\":\"https:\/\/www.urlaubcornwall.de\/blog\/\"},{\"@type\":\"ListItem\",\"position\":2,\"name\":\"Luxus-Schlosshotel in S\u00fcdengland\"}]}]}<\/script>\n<!-- \/ Yoast SEO plugin. -->","yoast_head_json":{"title":"Luxus-Schlosshotel in S\u00fcdengland - Urlaub &amp; Reisen","robots":{"index":"index","follow":"follow","max-snippet":"max-snippet:-1","max-image-preview":"max-image-preview:large","max-video-preview":"max-video-preview:-1"},"canonical":"https:\/\/www.urlaubcornwall.de\/blog\/luxus-schlosshotel-sussex-suedengland\/","og_locale":"en_US","og_type":"article","og_title":"Luxus-Schlosshotel in S\u00fcdengland - Urlaub &amp; Reisen","og_description":"Ein Luxushotel in Sussex &#8211; Amberley Castle ist ein einzigartiges Luxushotel im malerischen Dorf Amberley am Fu\u00dfe der Sussex South Downs. Im Privatbesitz von Andrew und Christina Brownsword, ist dieses herrliche 900 Jahre alte Schloss umgeben von einer 60 Fu\u00df hohen Fassadenmauer mit Fallt\u00fcr, die ge\u00f6ffnet bleibt und hinter der Sie ein entz\u00fcckendes Hotel entdecken [&hellip;]","og_url":"https:\/\/www.urlaubcornwall.de\/blog\/luxus-schlosshotel-sussex-suedengland\/","og_site_name":"Urlaub &amp; Reisen","article_modified_time":"2024-05-29T15:21:41+00:00","og_image":[{"url":"https:\/\/www.urlaubcornwall.de\/blog\/wp-content\/uploads\/2024\/03\/arundel-schloss-rotated.jpg"}],"twitter_card":"summary","twitter_misc":{"Est. reading time":"1 minute"},"schema":{"@context":"https:\/\/schema.org","@graph":[{"@type":"WebSite","@id":"https:\/\/www.urlaubcornwall.de\/blog\/#website","url":"https:\/\/www.urlaubcornwall.de\/blog\/","name":"Urlaub &amp; Reisen","description":"Urlaub, Reisen, Cornwall und S\u00fcdengland: eine perfekte Kombination","potentialAction":[{"@type":"SearchAction","target":{"@type":"EntryPoint","urlTemplate":"https:\/\/www.urlaubcornwall.de\/blog\/?s={search_term_string}"},"query-input":"required name=search_term_string"}],"inLanguage":"en-US"},{"@type":"WebPage","@id":"https:\/\/www.urlaubcornwall.de\/blog\/luxus-schlosshotel-sussex-suedengland\/","url":"https:\/\/www.urlaubcornwall.de\/blog\/luxus-schlosshotel-sussex-suedengland\/","name":"Luxus-Schlosshotel in S\u00fcdengland - Urlaub &amp; Reisen","isPartOf":{"@id":"https:\/\/www.urlaubcornwall.de\/blog\/#website"},"datePublished":"2017-04-24T15:23:05+00:00","dateModified":"2024-05-29T15:21:41+00:00","breadcrumb":{"@id":"https:\/\/www.urlaubcornwall.de\/blog\/luxus-schlosshotel-sussex-suedengland\/#breadcrumb"},"inLanguage":"en-US","potentialAction":[{"@type":"ReadAction","target":["https:\/\/www.urlaubcornwall.de\/blog\/luxus-schlosshotel-sussex-suedengland\/"]}]},{"@type":"BreadcrumbList","@id":"https:\/\/www.urlaubcornwall.de\/blog\/luxus-schlosshotel-sussex-suedengland\/#breadcrumb","itemListElement":[{"@type":"ListItem","position":1,"name":"Home","item":"https:\/\/www.urlaubcornwall.de\/blog\/"},{"@type":"ListItem","position":2,"name":"Luxus-Schlosshotel in S\u00fcdengland"}]}]}},"_links":{"self":[{"href":"https:\/\/www.urlaubcornwall.de\/blog\/wp-json\/wp\/v2\/pages\/27760"}],"collection":[{"href":"https:\/\/www.urlaubcornwall.de\/blog\/wp-json\/wp\/v2\/pages"}],"about":[{"href":"https:\/\/www.urlaubcornwall.de\/blog\/wp-json\/wp\/v2\/types\/page"}],"author":[{"embeddable":true,"href":"https:\/\/www.urlaubcornwall.de\/blog\/wp-json\/wp\/v2\/users\/1"}],"replies":[{"embeddable":true,"href":"https:\/\/www.urlaubcornwall.de\/blog\/wp-json\/wp\/v2\/comments?post=27760"}],"version-history":[{"count":8,"href":"https:\/\/www.urlaubcornwall.de\/blog\/wp-json\/wp\/v2\/pages\/27760\/revisions"}],"predecessor-version":[{"id":50734,"href":"https:\/\/www.urlaubcornwall.de\/blog\/wp-json\/wp\/v2\/pages\/27760\/revisions\/50734"}],"wp:attachment":[{"href":"https:\/\/www.urlaubcornwall.de\/blog\/wp-json\/wp\/v2\/media?parent=27760"}],"curies":[{"name":"wp","href":"https:\/\/api.w.org\/{rel}","templated":true}]}}