{"id":27730,"date":"2017-04-24T14:34:17","date_gmt":"2017-04-24T14:34:17","guid":{"rendered":"https:\/\/www.urlaubcornwall.de\/blog\/?page_id=27730"},"modified":"2024-05-29T14:59:12","modified_gmt":"2024-05-29T14:59:12","slug":"ein-luxus-landhaus-hotel-spa-taunton-somerset","status":"publish","type":"page","link":"https:\/\/www.urlaubcornwall.de\/blog\/ein-luxus-landhaus-hotel-spa-taunton-somerset\/","title":{"rendered":"Ein Luxus-Landhaus Hotel &#038; Spa in Taunton, Somerset"},"content":{"rendered":"<p><a href=\"https:\/\/www.urlaubcornwall.de\/blog\/wp-content\/uploads\/2024\/04\/lytes-cary-herrrenhaus-somerset.jpg\"><img loading=\"lazy\" src=\"https:\/\/www.urlaubcornwall.de\/blog\/wp-content\/uploads\/2024\/04\/lytes-cary-herrrenhaus-somerset.jpg\" alt=\"\" width=\"750\" height=\"563\" class=\"alignnone size-full wp-image-48620\" srcset=\"https:\/\/www.urlaubcornwall.de\/blog\/wp-content\/uploads\/2024\/04\/lytes-cary-herrrenhaus-somerset.jpg 750w, https:\/\/www.urlaubcornwall.de\/blog\/wp-content\/uploads\/2024\/04\/lytes-cary-herrrenhaus-somerset-300x225.jpg 300w\" sizes=\"(max-width: 750px) 100vw, 750px\" \/><\/a><br \/>\n<strong>Mount Somerset Luxus-Hotel &amp; Spa<\/strong><br \/>\nDas Mount Somerset Hotel und Spa in Taunton, Somerset, ist ein herrliches Regency Landhaushotel mit 19 Zimmern, inmitten von vier Ar herrlichen Grundes gelegen.<\/p>\n<p style=\"text-align: left;\">Dieses wundersch\u00f6ne Hotel befindet sich zwischen den Quantock und Blackdown Hills und erm\u00f6glicht seinen G\u00e4sten eine der besten Aussichten in Somerset. Mit seinen hohen Decken, der Wendeltreppe, opulentem Dekor und einem Hauch sanfter Eleganz und Luxus, hat das Mount Somerset s\u00e4mtliche Charakteristiken eines fundamentalen englischen Regency Herrenhauses.<\/p>\n<p style=\"text-align: left;\">Die Luxuszimmer (einige mit privaten Hot Tubs) , hervorragender Service, Boutique Spa mit seiner sprudelnden Hydrotherapiewanne, Thermalbecken und Behandlungen, preisgekr\u00f6ntem Restaurant, entspannender Lounge mit offenen Feuerstellen lassen es geradezu perfekt sein, um nach einem Erkundungstag durch Somerset , die Mendip Hills und Cheddar Gorge zu entspannen.<\/p>\n<p style=\"text-align: left;\">Die luxuri\u00f6sen Zimmer sind makellos eingerichtet in einer einzigartigen Mischung aus traditionellen Regency Elementen und stilvollem Boutique Dekor. Original Holzm\u00f6bel und lebendige Stoffe vermitteln in ihrer Gesamtheit das Gef\u00fchl eines pr\u00e4chtigen Zuhauses vom Zuhause.<\/p>\n<p><a href=\"https:\/\/www.urlaubcornwall.de\/rundreisenservice.php\"><strong>Unser Rundreisenservice<\/strong><\/a><br \/>\nDas beste an unseren Touren ist, dass Sie \u00fcberhaupt nicht eingeschr\u00e4nkt sind.Sie reisen vielleicht g\u00fcnstig, doch das bedeutet nicht, dass Sie nicht eine besondere Nacht in einer Luxusunterkunft oder einem Schlosshotel verbringen k\u00f6nnen.<br \/>\n<strong>In welchem Hotel werde ich untergebracht sein?<\/strong><br \/>\nIn jeder Region des UK, die Sie vielleicht besuchen m\u00f6chten, haben wir uns zusammengeschlossen mit Unterkunftsprovidern, jedem Budget entsprechend. Die Hotels, die wir w\u00e4hlen, sind sorgsam handverlesen bez\u00fcglich des Standards der Unterkunft, dem Service, Kundenbewertungen, der Lage und des Preises.<\/p>\n<p style=\"text-align: center;\"><a class=\"tidycta\" href=\"http:\/\/www.urlaubcornwall.de\/anfrage.php?tourcode=Rundreise S\u00fcdengland\">S\u00fcdengland Rundreise Anfrage<\/a><\/p>\n","protected":false},"excerpt":{"rendered":"<p>Mount Somerset Luxus-Hotel &amp; Spa Das Mount Somerset Hotel und Spa in Taunton, Somerset, ist ein herrliches Regency Landhaushotel mit 19 Zimmern, inmitten von vier Ar herrlichen Grundes gelegen. Dieses wundersch\u00f6ne Hotel befindet sich zwischen den Quantock und Blackdown Hills und erm\u00f6glicht seinen G\u00e4sten eine der besten Aussichten in Somerset. Mit seinen hohen Decken, der [&hellip;]<\/p>\n","protected":false},"author":1,"featured_media":0,"parent":0,"menu_order":0,"comment_status":"closed","ping_status":"closed","template":"single-four.php","meta":[],"acf":[],"yoast_head":"<!-- This site is optimized with the Yoast SEO plugin v19.4 - https:\/\/yoast.com\/wordpress\/plugins\/seo\/ -->\n<title>Ein Luxus-Landhaus Hotel &amp; Spa in Taunton, Somerset - Urlaub &amp; Reisen<\/title>\n<meta name=\"robots\" content=\"index, follow, max-snippet:-1, max-image-preview:large, max-video-preview:-1\" \/>\n<link rel=\"canonical\" href=\"https:\/\/www.urlaubcornwall.de\/blog\/ein-luxus-landhaus-hotel-spa-taunton-somerset\/\" \/>\n<meta property=\"og:locale\" content=\"en_US\" \/>\n<meta property=\"og:type\" content=\"article\" \/>\n<meta property=\"og:title\" content=\"Ein Luxus-Landhaus Hotel &amp; Spa in Taunton, Somerset - Urlaub &amp; Reisen\" \/>\n<meta property=\"og:description\" content=\"Mount Somerset Luxus-Hotel &amp; Spa Das Mount Somerset Hotel und Spa in Taunton, Somerset, ist ein herrliches Regency Landhaushotel mit 19 Zimmern, inmitten von vier Ar herrlichen Grundes gelegen. Dieses wundersch\u00f6ne Hotel befindet sich zwischen den Quantock und Blackdown Hills und erm\u00f6glicht seinen G\u00e4sten eine der besten Aussichten in Somerset. Mit seinen hohen Decken, der [&hellip;]\" \/>\n<meta property=\"og:url\" content=\"https:\/\/www.urlaubcornwall.de\/blog\/ein-luxus-landhaus-hotel-spa-taunton-somerset\/\" \/>\n<meta property=\"og:site_name\" content=\"Urlaub &amp; Reisen\" \/>\n<meta property=\"article:modified_time\" content=\"2024-05-29T14:59:12+00:00\" \/>\n<meta property=\"og:image\" content=\"https:\/\/www.urlaubcornwall.de\/blog\/wp-content\/uploads\/2024\/04\/lytes-cary-herrrenhaus-somerset.jpg\" \/>\n<meta name=\"twitter:card\" content=\"summary\" \/>\n<meta name=\"twitter:label1\" content=\"Est. reading time\" \/>\n\t<meta name=\"twitter:data1\" content=\"2 minutes\" \/>\n<script type=\"application\/ld+json\" class=\"yoast-schema-graph\">{\"@context\":\"https:\/\/schema.org\",\"@graph\":[{\"@type\":\"WebSite\",\"@id\":\"https:\/\/www.urlaubcornwall.de\/blog\/#website\",\"url\":\"https:\/\/www.urlaubcornwall.de\/blog\/\",\"name\":\"Urlaub &amp; Reisen\",\"description\":\"Urlaub, Reisen, Cornwall und S\u00fcdengland: eine perfekte Kombination\",\"potentialAction\":[{\"@type\":\"SearchAction\",\"target\":{\"@type\":\"EntryPoint\",\"urlTemplate\":\"https:\/\/www.urlaubcornwall.de\/blog\/?s={search_term_string}\"},\"query-input\":\"required name=search_term_string\"}],\"inLanguage\":\"en-US\"},{\"@type\":\"WebPage\",\"@id\":\"https:\/\/www.urlaubcornwall.de\/blog\/ein-luxus-landhaus-hotel-spa-taunton-somerset\/\",\"url\":\"https:\/\/www.urlaubcornwall.de\/blog\/ein-luxus-landhaus-hotel-spa-taunton-somerset\/\",\"name\":\"Ein Luxus-Landhaus Hotel & Spa in Taunton, Somerset - Urlaub &amp; Reisen\",\"isPartOf\":{\"@id\":\"https:\/\/www.urlaubcornwall.de\/blog\/#website\"},\"datePublished\":\"2017-04-24T14:34:17+00:00\",\"dateModified\":\"2024-05-29T14:59:12+00:00\",\"breadcrumb\":{\"@id\":\"https:\/\/www.urlaubcornwall.de\/blog\/ein-luxus-landhaus-hotel-spa-taunton-somerset\/#breadcrumb\"},\"inLanguage\":\"en-US\",\"potentialAction\":[{\"@type\":\"ReadAction\",\"target\":[\"https:\/\/www.urlaubcornwall.de\/blog\/ein-luxus-landhaus-hotel-spa-taunton-somerset\/\"]}]},{\"@type\":\"BreadcrumbList\",\"@id\":\"https:\/\/www.urlaubcornwall.de\/blog\/ein-luxus-landhaus-hotel-spa-taunton-somerset\/#breadcrumb\",\"itemListElement\":[{\"@type\":\"ListItem\",\"position\":1,\"name\":\"Home\",\"item\":\"https:\/\/www.urlaubcornwall.de\/blog\/\"},{\"@type\":\"ListItem\",\"position\":2,\"name\":\"Ein Luxus-Landhaus Hotel &#038; Spa in Taunton, Somerset\"}]}]}<\/script>\n<!-- \/ Yoast SEO plugin. -->","yoast_head_json":{"title":"Ein Luxus-Landhaus Hotel & Spa in Taunton, Somerset - Urlaub &amp; Reisen","robots":{"index":"index","follow":"follow","max-snippet":"max-snippet:-1","max-image-preview":"max-image-preview:large","max-video-preview":"max-video-preview:-1"},"canonical":"https:\/\/www.urlaubcornwall.de\/blog\/ein-luxus-landhaus-hotel-spa-taunton-somerset\/","og_locale":"en_US","og_type":"article","og_title":"Ein Luxus-Landhaus Hotel & Spa in Taunton, Somerset - Urlaub &amp; Reisen","og_description":"Mount Somerset Luxus-Hotel &amp; Spa Das Mount Somerset Hotel und Spa in Taunton, Somerset, ist ein herrliches Regency Landhaushotel mit 19 Zimmern, inmitten von vier Ar herrlichen Grundes gelegen. Dieses wundersch\u00f6ne Hotel befindet sich zwischen den Quantock und Blackdown Hills und erm\u00f6glicht seinen G\u00e4sten eine der besten Aussichten in Somerset. Mit seinen hohen Decken, der [&hellip;]","og_url":"https:\/\/www.urlaubcornwall.de\/blog\/ein-luxus-landhaus-hotel-spa-taunton-somerset\/","og_site_name":"Urlaub &amp; Reisen","article_modified_time":"2024-05-29T14:59:12+00:00","og_image":[{"url":"https:\/\/www.urlaubcornwall.de\/blog\/wp-content\/uploads\/2024\/04\/lytes-cary-herrrenhaus-somerset.jpg"}],"twitter_card":"summary","twitter_misc":{"Est. reading time":"2 minutes"},"schema":{"@context":"https:\/\/schema.org","@graph":[{"@type":"WebSite","@id":"https:\/\/www.urlaubcornwall.de\/blog\/#website","url":"https:\/\/www.urlaubcornwall.de\/blog\/","name":"Urlaub &amp; Reisen","description":"Urlaub, Reisen, Cornwall und S\u00fcdengland: eine perfekte Kombination","potentialAction":[{"@type":"SearchAction","target":{"@type":"EntryPoint","urlTemplate":"https:\/\/www.urlaubcornwall.de\/blog\/?s={search_term_string}"},"query-input":"required name=search_term_string"}],"inLanguage":"en-US"},{"@type":"WebPage","@id":"https:\/\/www.urlaubcornwall.de\/blog\/ein-luxus-landhaus-hotel-spa-taunton-somerset\/","url":"https:\/\/www.urlaubcornwall.de\/blog\/ein-luxus-landhaus-hotel-spa-taunton-somerset\/","name":"Ein Luxus-Landhaus Hotel & Spa in Taunton, Somerset - Urlaub &amp; Reisen","isPartOf":{"@id":"https:\/\/www.urlaubcornwall.de\/blog\/#website"},"datePublished":"2017-04-24T14:34:17+00:00","dateModified":"2024-05-29T14:59:12+00:00","breadcrumb":{"@id":"https:\/\/www.urlaubcornwall.de\/blog\/ein-luxus-landhaus-hotel-spa-taunton-somerset\/#breadcrumb"},"inLanguage":"en-US","potentialAction":[{"@type":"ReadAction","target":["https:\/\/www.urlaubcornwall.de\/blog\/ein-luxus-landhaus-hotel-spa-taunton-somerset\/"]}]},{"@type":"BreadcrumbList","@id":"https:\/\/www.urlaubcornwall.de\/blog\/ein-luxus-landhaus-hotel-spa-taunton-somerset\/#breadcrumb","itemListElement":[{"@type":"ListItem","position":1,"name":"Home","item":"https:\/\/www.urlaubcornwall.de\/blog\/"},{"@type":"ListItem","position":2,"name":"Ein Luxus-Landhaus Hotel &#038; Spa in Taunton, Somerset"}]}]}},"_links":{"self":[{"href":"https:\/\/www.urlaubcornwall.de\/blog\/wp-json\/wp\/v2\/pages\/27730"}],"collection":[{"href":"https:\/\/www.urlaubcornwall.de\/blog\/wp-json\/wp\/v2\/pages"}],"about":[{"href":"https:\/\/www.urlaubcornwall.de\/blog\/wp-json\/wp\/v2\/types\/page"}],"author":[{"embeddable":true,"href":"https:\/\/www.urlaubcornwall.de\/blog\/wp-json\/wp\/v2\/users\/1"}],"replies":[{"embeddable":true,"href":"https:\/\/www.urlaubcornwall.de\/blog\/wp-json\/wp\/v2\/comments?post=27730"}],"version-history":[{"count":4,"href":"https:\/\/www.urlaubcornwall.de\/blog\/wp-json\/wp\/v2\/pages\/27730\/revisions"}],"predecessor-version":[{"id":50721,"href":"https:\/\/www.urlaubcornwall.de\/blog\/wp-json\/wp\/v2\/pages\/27730\/revisions\/50721"}],"wp:attachment":[{"href":"https:\/\/www.urlaubcornwall.de\/blog\/wp-json\/wp\/v2\/media?parent=27730"}],"curies":[{"name":"wp","href":"https:\/\/api.w.org\/{rel}","templated":true}]}}